{"id":3172,"date":"2022-08-10T21:51:12","date_gmt":"2022-08-10T21:51:12","guid":{"rendered":"https:\/\/comparemyjet.com\/?page_id=3172"},"modified":"2025-09-04T09:58:21","modified_gmt":"2025-09-04T09:58:21","slug":"hopscotch-air","status":"publish","type":"page","link":"https:\/\/comparemyjet.com\/it\/hopscotch-air\/","title":{"rendered":"Prezzi dei voli Hopscotch Air"},"content":{"rendered":"<p>Hopscotch Air \u00e8 un'apparecchiatura all'avanguardia <a href=\"https:\/\/comparemyjet.com\/it\/how-much-does-air-taxi-cost\/\" data-internallinksmanager029f6b8e52c=\"23\" title=\"Quanto costa un taxi aereo?\">aerotaxi<\/a> che trasporta passeggeri in tutto il Nord-Est, la parte centrale dell'Atlantico e il Canada a bordo di piccoli ma tecnologicamente sofisticati velivoli Cirrus. L'azienda \u00e8 stata certificata nel 2009 e ora vola circa 1400 viaggi all'anno, a una frazione del costo dei normali voli charter, soprattutto grazie all'economicit\u00e0 dell'aereo.<\/p>\r\n\r\n\r\n\r\n<p>Hopscotch Air \u00e8 un pioniere dei servizi di aerotaxi con piccoli aerei nel Nord-Est e sta progettando di offrire nuovi servizi di linea aerea regionale verso localit\u00e0 popolari del Nord-Est entro la fine del 2022.&nbsp;<\/p>\r\n\r\n\r\n\r\n<div id=\"ez-toc-container\" class=\"ez-toc-v2_0_76 counter-hierarchy ez-toc-counter ez-toc-grey ez-toc-container-direction\">\n<p class=\"ez-toc-title\" style=\"cursor:inherit\">Argomenti<\/p>\n<label for=\"ez-toc-cssicon-toggle-item-69f1679c582f3\" class=\"ez-toc-cssicon-toggle-label\"><span class=\"\"><span class=\"eztoc-hide\" style=\"display:none;\">Toggle<\/span><span class=\"ez-toc-icon-toggle-span\"><svg style=\"fill: #999;color:#999\" xmlns=\"http:\/\/www.w3.org\/2000\/svg\" class=\"list-377408\" width=\"20px\" height=\"20px\" viewbox=\"0 0 24 24\" fill=\"none\"><path d=\"M6 6H4v2h2V6zm14 0H8v2h12V6zM4 11h2v2H4v-2zm16 0H8v2h12v-2zM4 16h2v2H4v-2zm16 0H8v2h12v-2z\" fill=\"currentColor\"><\/path><\/svg><svg style=\"fill: #999;color:#999\" class=\"arrow-unsorted-368013\" xmlns=\"http:\/\/www.w3.org\/2000\/svg\" width=\"10px\" height=\"10px\" viewbox=\"0 0 24 24\" version=\"1.2\" baseprofile=\"tiny\"><path d=\"M18.2 9.3l-6.2-6.3-6.2 6.3c-.2.2-.3.4-.3.7s.1.5.3.7c.2.2.4.3.7.3h11c.3 0 .5-.1.7-.3.2-.2.3-.5.3-.7s-.1-.5-.3-.7zM5.8 14.7l6.2 6.3 6.2-6.3c.2-.2.3-.5.3-.7s-.1-.5-.3-.7c-.2-.2-.4-.3-.7-.3h-11c-.3 0-.5.1-.7.3-.2.2-.3.5-.3.7s.1.5.3.7z\"\/><\/svg><\/span><\/span><\/label><input type=\"checkbox\"  id=\"ez-toc-cssicon-toggle-item-69f1679c582f3\" checked aria-label=\"Toggle\" \/><nav><ul class='ez-toc-list ez-toc-list-level-1' ><li class='ez-toc-page-1 ez-toc-heading-level-2'><a class=\"ez-toc-link ez-toc-heading-1\" href=\"https:\/\/comparemyjet.com\/it\/hopscotch-air\/#About_the_Company\" >Informazioni sull'azienda<\/a><\/li><li class='ez-toc-page-1 ez-toc-heading-level-2'><a class=\"ez-toc-link ez-toc-heading-2\" href=\"https:\/\/comparemyjet.com\/it\/hopscotch-air\/#Membership_Programs\" >Programmi per i soci<\/a><ul class='ez-toc-list-level-3' ><li class='ez-toc-heading-level-3'><a class=\"ez-toc-link ez-toc-heading-3\" href=\"https:\/\/comparemyjet.com\/it\/hopscotch-air\/#ClubScotch\" >ClubScotch<\/a><\/li><\/ul><\/li><li class='ez-toc-page-1 ez-toc-heading-level-2'><a class=\"ez-toc-link ez-toc-heading-4\" href=\"https:\/\/comparemyjet.com\/it\/hopscotch-air\/#Destinations_and_Pricing\" >Destinazioni e prezzi<\/a><\/li><li class='ez-toc-page-1 ez-toc-heading-level-2'><a class=\"ez-toc-link ez-toc-heading-5\" href=\"https:\/\/comparemyjet.com\/it\/hopscotch-air\/#The_Fleet\" >La flotta&nbsp;<\/a><ul class='ez-toc-list-level-3' ><li class='ez-toc-heading-level-3'><a class=\"ez-toc-link ez-toc-heading-6\" href=\"https:\/\/comparemyjet.com\/it\/hopscotch-air\/#1_Very_Light_Jets\" >1. Getti molto leggeri<\/a><ul class='ez-toc-list-level-4' ><li class='ez-toc-heading-level-4'><a class=\"ez-toc-link ez-toc-heading-7\" href=\"https:\/\/comparemyjet.com\/it\/hopscotch-air\/#Our_Recommendation_The_Cirrus_SR20\" >Il nostro consiglio: Il Cirrus SR20&nbsp;<\/a><\/li><li class='ez-toc-page-1 ez-toc-heading-level-4'><a class=\"ez-toc-link ez-toc-heading-8\" href=\"https:\/\/comparemyjet.com\/it\/hopscotch-air\/#Our_Recommendation_The_Cirrus_SR22\" >Il nostro consiglio: Il Cirrus SR22<\/a><\/li><\/ul><\/li><\/ul><\/li><li class='ez-toc-page-1 ez-toc-heading-level-2'><a class=\"ez-toc-link ez-toc-heading-9\" href=\"https:\/\/comparemyjet.com\/it\/hopscotch-air\/#Company_Safety_Policy_and_Standards\" >Politica e standard di sicurezza dell'azienda&nbsp;<\/a><\/li><li class='ez-toc-page-1 ez-toc-heading-level-2'><a class=\"ez-toc-link ez-toc-heading-10\" href=\"https:\/\/comparemyjet.com\/it\/hopscotch-air\/#Partnerships\" >Partenariati<\/a><\/li><li class='ez-toc-page-1 ez-toc-heading-level-2'><a class=\"ez-toc-link ez-toc-heading-11\" href=\"https:\/\/comparemyjet.com\/it\/hopscotch-air\/#Conclusion\" >Conclusione<\/a><\/li><\/ul><\/nav><\/div>\n<h2 class=\"wp-block-heading\"><span class=\"ez-toc-section\" id=\"About_the_Company\"><\/span>Informazioni sull'azienda<span class=\"ez-toc-section-end\"><\/span><\/h2>\r\n\r\n\r\n\r\n<p>Hopscotch Air \u00e8 un <a href=\"https:\/\/www.faa.gov\/\" target=\"_blank\" rel=\"noopener\">FAA<\/a>-vettore aereo certificato con sede a <a href=\"https:\/\/comparemyjet.com\/it\/tour-privati\/tour-privati-di-new-york\/\" data-internallinksmanager029f6b8e52c=\"427\" title=\"11 migliori tour privati di New York City da $48.00\">New York<\/a>con hub situati negli aeroporti di Republic Farmingdale, Westchester County e Teterboro.&nbsp;<\/p>\r\n\r\n\r\n\r\n<p>L'azienda dispone di una propria flotta di aeromobili e offre un programma di adesione, con quote di ingresso e di adesione che partono da $3.900. Il programma di base \u00e8 la Jet Card, un servizio a pagamento con tariffe fisse e forfettarie in base alla rotta.&nbsp;<\/p>\r\n\r\n\r\n\r\n<p>Analizziamo questi programmi di affiliazione in modo pi\u00f9 dettagliato.<\/p>\r\n\r\n\r\n\r\n<h2 class=\"wp-block-heading\"><span class=\"ez-toc-section\" id=\"Membership_Programs\"><\/span>Programmi per i soci<span class=\"ez-toc-section-end\"><\/span><\/h2>\r\n\r\n\r\n\r\n<figure class=\"wp-block-image size-full is-style-default\"><img loading=\"lazy\" decoding=\"async\" width=\"1000\" height=\"667\" src=\"https:\/\/comparemyjet.com\/wp-content\/uploads\/2022\/07\/cirrus.sr_.22.jpg\" alt=\"\" class=\"wp-image-3174\" srcset=\"https:\/\/comparemyjet.com\/wp-content\/uploads\/2022\/07\/cirrus.sr_.22-18x12.jpg 18w, https:\/\/comparemyjet.com\/wp-content\/uploads\/2022\/07\/cirrus.sr_.22-300x200.jpg 300w, https:\/\/comparemyjet.com\/wp-content\/uploads\/2022\/07\/cirrus.sr_.22-768x512.jpg 768w, https:\/\/comparemyjet.com\/wp-content\/uploads\/2022\/07\/cirrus.sr_.22.jpg 1000w\" sizes=\"auto, (max-width: 1000px) 100vw, 1000px\" \/><\/figure>\r\n\r\n\r\n\r\n<p>L'azienda ha avviato il programma di adesione nel 2019. I membri pagano $325 al mese e godono di sconti esclusivi e altri vantaggi.&nbsp;<\/p>\r\n\r\n\r\n\r\n<p>\u00c8 possibile diventare membri contattandoli all'indirizzo <a href=\"https:\/\/flyhopscotch.com\/join-clubscotch\/\" target=\"_blank\" rel=\"noopener\">sito web<\/a>.<\/p>\r\n\r\n\r\n\r\n<h3 class=\"wp-block-heading\"><span class=\"ez-toc-section\" id=\"ClubScotch\"><\/span>ClubScotch<span class=\"ez-toc-section-end\"><\/span><\/h3>\r\n\r\n\r\n\r\n<p>In tutto il Nord-Est, il Medio Atlantico e il Canada, Hopscotch vi porter\u00e0 in centinaia di aeroporti, dai pi\u00f9 piccoli ai pi\u00f9 grandi. I loro aerei possono trasportarvi in aeroporti pi\u00f9 piccoli e meno affollati, pi\u00f9 vicini alla vostra destinazione finale. Tutti i voli partono in base al vostro programma.<\/p>\r\n\r\n\r\n\r\n<p>Per diventare soci di ClubScoth \u00e8 necessario un impegno di un anno. \u00c8 possibile scegliere di pagare $325 al mese o $3.250 all'anno.<\/p>\r\n\r\n\r\n\r\n<p>I soci possono usufruire di una programmazione prioritaria e di un accesso rapido al team di assistenza clienti. In qualit\u00e0 di soci di ClubScotch, avete diritto ad appuntamenti dell'ultimo minuto e a tempi di attesa gratuiti per un massimo di 15 ore. \u00c8 possibile utilizzare queste 15 ore di ritardo di propagazione gratuito per tutto l'anno. Si tratta di uno sconto annuale di oltre $1.000.<\/p>\r\n\r\n\r\n\r\n<p>Forse volete passare la notte a destinazione? Una volta all'anno viene offerto un pernottamento gratuito (<a href=\"https:\/\/comparemyjet.com\/it\/hotels\/\" data-internallinksmanager029f6b8e52c=\"470\" title=\"I 100 migliori hotel vicino agli aeroporti di tutto il mondo\">albergo<\/a> e cibo non inclusi). L'aereo vi aspetter\u00e0 il giorno successivo per completare il viaggio di andata e ritorno.&nbsp;<\/p>\r\n\r\n\r\n\r\n<p>La politica di cancellazione della compagnia consente di cambiare data\/itinerario ed \u00e8 abbastanza flessibile per i membri. Le modifiche apportate durante il viaggio non comportano alcun addebito. I non soci hanno 48 ore per cancellare i voli per ottenere un rimborso, mentre i soci hanno 24 ore.<\/p>\r\n\r\n\r\n\r\n<p>I maggiori vantaggi per i soci ClubScotch sono che, in generale, spesso pagano circa 25% in meno rispetto ai non soci al costo di vendita al dettaglio e hanno accesso al sito ClubScotch per controllare la cronologia dei voli e il saldo del conto online.<\/p>\r\n\r\n\r\n\r\n<h2 class=\"wp-block-heading\"><span class=\"ez-toc-section\" id=\"Destinations_and_Pricing\"><\/span>Destinazioni e prezzi<span class=\"ez-toc-section-end\"><\/span><\/h2>\r\n\r\n\r\n\r\n<p>Gli SR22 di solito prelevano i passeggeri negli aeroporti di New York City, e le destinazioni pi\u00f9 lontane sono quelle a ovest di <a href=\"https:\/\/comparemyjet.com\/it\/noleggio-di-jet-privati-a-chicago\/\" data-internallinksmanager029f6b8e52c=\"170\" title=\"Noleggio di jet privati a Chicago\">Chicago<\/a> o a sud, nella Carolina del Sud.&nbsp;<\/p>\r\n\r\n\r\n\r\n<p>La tabella seguente include i prezzi per un viaggio di sola andata in giornata con partenza da White Plains, Farmingdale e Teterboro.&nbsp;<\/p>\r\n\r\n\r\n\r\n<figure class=\"wp-block-table\"><table><tbody><tr><td>Destinazioni<\/td><td>Prezzi a senso unico<\/td><\/tr><tr><td><a href=\"https:\/\/comparemyjet.com\/it\/tour-privati\/philadelphia-private-tours\/\" data-internallinksmanager029f6b8e52c=\"430\" title=\"11 migliori tour privati di Filadelfia da $245.00\">Filadelfia<\/a>&nbsp;<\/td><td>$1,956<\/td><\/tr><tr><td>Citt\u00e0 di Atlantico&nbsp;<\/td><td>$2,019<\/td><\/tr><tr><td>Newport&nbsp;<\/td><td>$2,144<\/td><\/tr><tr><td><a href=\"https:\/\/comparemyjet.com\/it\/noleggio-di-jet-privati-a-boston\/\" data-internallinksmanager029f6b8e52c=\"177\" title=\"Noleggio di jet privati a Boston\">Boston<\/a> - Bedford&nbsp;<\/td><td>$2,426<\/td><\/tr><tr><td>Martha's Vineyard&nbsp;<\/td><td>$2,489<\/td><\/tr><tr><td>Nantucket&nbsp;<\/td><td>$2,802<\/td><\/tr><tr><td>Provincetown&nbsp;<\/td><td>$2,834<\/td><\/tr><tr><td>Boston - Logan&nbsp;<\/td><td>$2,888<\/td><\/tr><tr><td>Burlington&nbsp;<\/td><td>$3,335<\/td><\/tr><\/tbody><\/table><\/figure>\r\n\r\n\r\n\r\n<p>Hopscotch serve gli Stati Uniti nord-orientali, la regione medio-atlantica e alcune zone dell'Ontario e del Quebec. Le mete pi\u00f9 gettonate per le vacanze primaverili ed estive sono:<\/p>\r\n\r\n\r\n\r\n<ul class=\"wp-block-list\"><li>Cape Cod,&nbsp;<\/li><li>Provincetown, Provincetown,&nbsp;<\/li><li>Martha's Vineyard,&nbsp;<\/li><li>East Hampton,&nbsp;<\/li><li>Burlington,&nbsp;<\/li><li><a href=\"https:\/\/comparemyjet.com\/it\/tour-privati\/tour-privati-di-portland\/\" data-internallinksmanager029f6b8e52c=\"432\" title=\"11 migliori tour privati di Portland da $48.00\">Portland<\/a>,&nbsp;<\/li><li>Block Island,&nbsp;<\/li><li>Great Barrington,&nbsp;<\/li><li>e Stowe.&nbsp;<\/li><\/ul>\r\n\r\n\r\n\r\n<p>Tuttavia, volano anche in localit\u00e0 remote a nord di New York, Massachusetts, Pennsylvania e New York. <a href=\"https:\/\/comparemyjet.com\/it\/noleggio-di-jet-privati-in-jersey\/\" data-internallinksmanager029f6b8e52c=\"176\" title=\"Noleggio di jet privati a Jersey\">Maglia<\/a>. Le destinazioni del New England sono tra le rotte pi\u00f9 popolari di Hopscotch Air.<\/p>\r\n\r\n\r\n\r\n<p>Non \u00e8 garantita la disponibilit\u00e0 dell'aeromobile e le tariffe sono fisse in base alla rotta.<\/p>\r\n\r\n\r\n\r\n<h2 class=\"wp-block-heading\"><span class=\"ez-toc-section\" id=\"The_Fleet\"><\/span>La flotta&nbsp;<span class=\"ez-toc-section-end\"><\/span><\/h2>\r\n\r\n\r\n\r\n<figure class=\"wp-block-image size-full is-style-default\"><img loading=\"lazy\" decoding=\"async\" width=\"1000\" height=\"606\" src=\"https:\/\/comparemyjet.com\/wp-content\/uploads\/2022\/07\/cirrus.fleet_.jpg\" alt=\"\" class=\"wp-image-3173\" srcset=\"https:\/\/comparemyjet.com\/wp-content\/uploads\/2022\/07\/cirrus.fleet_-18x12.jpg 18w, https:\/\/comparemyjet.com\/wp-content\/uploads\/2022\/07\/cirrus.fleet_-300x182.jpg 300w, https:\/\/comparemyjet.com\/wp-content\/uploads\/2022\/07\/cirrus.fleet_-768x465.jpg 768w, https:\/\/comparemyjet.com\/wp-content\/uploads\/2022\/07\/cirrus.fleet_.jpg 1000w\" sizes=\"auto, (max-width: 1000px) 100vw, 1000px\" \/><\/figure>\r\n\r\n\r\n\r\n<p>Hopscotch Air \u00e8 una compagnia di aerotaxi che opera con una flotta di aerei Cirrus SR-20\/22. Questi aerei possono volare fino a 800 miglia senza fermarsi. Questi aerei possono volare fino a 800 miglia senza fermarsi per il rifornimento.&nbsp;<\/p>\r\n\r\n\r\n\r\n<p>Anche se i voli con un monomotore a pistoni sono pi\u00f9 lunghi di quelli con un jet di linea, possono atterrare in aeroporti pi\u00f9 piccoli con piste pi\u00f9 corte e sono perfetti per un gruppo di tre persone. Gli aerei Cirrus possono accedere a migliaia di aeroporti pubblici nella regione del Nord-Est.<\/p>\r\n\r\n\r\n\r\n<h3 class=\"wp-block-heading\"><span class=\"ez-toc-section\" id=\"1_Very_Light_Jets\"><\/span>1. Getti molto leggeri<span class=\"ez-toc-section-end\"><\/span><\/h3>\r\n\r\n\r\n\r\n<p>Il jet molto leggero \u00e8 la forma pi\u00f9 piccola ed economica di jet privato. Sono ideali per viaggi brevi su piccole distanze, con un'autonomia di circa 2.000 miglia e una velocit\u00e0 oraria di oltre 600 mph. Questi aerei sono ideali per viaggi regionali e di solito ospitano da 3 a 6 persone.<\/p>\r\n\r\n\r\n\r\n<h4 class=\"wp-block-heading\"><span class=\"ez-toc-section\" id=\"Our_Recommendation_The_Cirrus_SR20\"><\/span>Il nostro consiglio: Il Cirrus SR20&nbsp;<span class=\"ez-toc-section-end\"><\/span><\/h4>\r\n\r\n\r\n\r\n<p>Cirrus Aircraft di Duluth, Minnesota, produce il Cirrus SR20, un monoplano composito a quattro posti alimentato da un motore a pistoni.<\/p>\r\n\r\n\r\n\r\n<p>L'SR20 \u00e8 stato il primo aereo dell'aviazione generale dotato di paracadute per atterrare in sicurezza durante le emergenze. \u00c8 anche il primo aereo leggero costruito interamente in materiali compositi.<\/p>\r\n\r\n\r\n\r\n<p>Specifiche e prestazioni del Cirrus SR20:<\/p>\r\n\r\n\r\n\r\n<ul class=\"wp-block-list\"><li>Passeggeri: 3;<\/li><li>Altezza esterna: 8 ft 11 in;<\/li><li>Lunghezza esterna: 26 piedi;<\/li><li>Larghezza della cabina: 4 ft 1 in;<\/li><li>Altezza della cabina: 4 piedi e 2 pollici;<\/li><li>Lunghezza della cabina: 10 ft 10 in;<\/li><li>Velocit\u00e0 di salita: 920 fpm;<\/li><li>Crociera normale: 155 kts;<\/li><li>Velocit\u00e0 massima: 155 kts;<\/li><li>Gamma massima: 785 nm;<\/li><li>Capacit\u00e0 carburante: 336 lb lb;<\/li><li>Carico utile massimo: 720 lb;<\/li><li>Equipaggio: 1.<\/li><\/ul>\r\n\r\n\r\n\r\n<h4 class=\"wp-block-heading\"><span class=\"ez-toc-section\" id=\"Our_Recommendation_The_Cirrus_SR22\"><\/span>Il nostro consiglio: Il Cirrus SR22<span class=\"ez-toc-section-end\"><\/span><\/h4>\r\n\r\n\r\n\r\n<p>Il Cirrus SR22 \u00e8 stato meticolosamente progettato per offrirvi la migliore esperienza di volo. Offre sofisticate innovazioni tecniche, prestazioni esaltanti e un fascino senza pari. Gli interni spaziosi dell'SR22, che offrono ampio spazio per le gambe dei passeggeri, sono una delle sue caratteristiche principali.<\/p>\r\n\r\n\r\n\r\n<p>Specifiche e prestazioni del Cirrus SR22:<\/p>\r\n\r\n\r\n\r\n<ul class=\"wp-block-list\"><li>Passeggeri: 4;<\/li><li>Altezza esterna: 8 ft 11 in;<\/li><li>Apertura alare: 38 ft 4 in;<\/li><li>Lunghezza esterna: 26 piedi;<\/li><li>Volume della cabina: 137 piedi cubi;<\/li><li>Larghezza della cabina: 4 ft 1 in;<\/li><li>Altezza della cabina: 4 piedi e 2 pollici;<\/li><li>Lunghezza della cabina: 8 piedi;<\/li><li>Bagaglio interno: 32 piedi cubi;<\/li><li>Capacit\u00e0 carburante: 486 lb lb;<\/li><li>Carico utile massimo: 950 lb;<\/li><li>Velocit\u00e0 massima: 186 kts;<\/li><li>Raggio di volo: 659 nm - 1100 nm;<\/li><li>Distanza di atterraggio: 4005 ft;<\/li><li>Velocit\u00e0 di salita: 1400 fpm;<\/li><li>Equipaggio: 1.<\/li><\/ul>\r\n\r\n\r\n\r\n<h2 class=\"wp-block-heading\"><span class=\"ez-toc-section\" id=\"Company_Safety_Policy_and_Standards\"><\/span>Politica e standard di sicurezza dell'azienda&nbsp;<span class=\"ez-toc-section-end\"><\/span><\/h2>\r\n\r\n\r\n\r\n<figure class=\"wp-block-image size-full is-style-default\"><img loading=\"lazy\" decoding=\"async\" width=\"1000\" height=\"662\" src=\"https:\/\/comparemyjet.com\/wp-content\/uploads\/2022\/07\/pilot.greeting.young_.couple-1.jpg\" alt=\"Hopscotch Air\" class=\"wp-image-3176\" srcset=\"https:\/\/comparemyjet.com\/wp-content\/uploads\/2022\/07\/pilot.greeting.young_.couple-1-18x12.jpg 18w, https:\/\/comparemyjet.com\/wp-content\/uploads\/2022\/07\/pilot.greeting.young_.couple-1-300x199.jpg 300w, https:\/\/comparemyjet.com\/wp-content\/uploads\/2022\/07\/pilot.greeting.young_.couple-1-768x508.jpg 768w, https:\/\/comparemyjet.com\/wp-content\/uploads\/2022\/07\/pilot.greeting.young_.couple-1.jpg 1000w\" sizes=\"auto, (max-width: 1000px) 100vw, 1000px\" \/><\/figure>\r\n\r\n\r\n\r\n<p>Il sofisticato ponte di combattimento e l'autopilota dell'SR 22\/20 consentono di volare con un solo pilota, ma i jet sono dotati di un paracadute d'emergenza a tutta pista che, secondo l'azienda, \u00e8 un punto di forza per i consumatori.<\/p>\r\n\r\n\r\n\r\n<p>SR 20\/22 sono anche <a href=\"https:\/\/www.faa.gov\/about\/office_org\/headquarters_offices\/ato\/service_units\/techops\/navservices\/gnss\/waas\" target=\"_blank\" rel=\"noopener\">WAAS (Wide Area Augmentation System)<\/a>) in grado di volare in situazioni difficili di formazione di ghiaccio. Inoltre, i jet sono dotati di WAAS, un sistema combinato terra\/PS che consente agli aerei di effettuare atterraggi precisi negli aeroporti in cui \u00e8 presente un sistema di rilevamento di velocit\u00e0. <a href=\"https:\/\/skybrary.aero\/articles\/instrument-landing-system-ils\" target=\"_blank\" rel=\"noopener\">ILS<\/a> non \u00e8 presente o operativo.<\/p>\r\n\r\n\r\n\r\n<p>Nassau Flyers, una vicina officina di riparazione autorizzata Cirrus, esegue tutte le modifiche e altri interventi di manutenzione strutturale e del motore a terra.<\/p>\r\n\r\n\r\n\r\n<h2 class=\"wp-block-heading\"><span class=\"ez-toc-section\" id=\"Partnerships\"><\/span>Partenariati<span class=\"ez-toc-section-end\"><\/span><\/h2>\r\n\r\n\r\n\r\n<p>Hopscotch e Linear Air hanno collaborato per gestire l'unico servizio di linea non stop che collega White Plains all'area metropolitana di Boston.<\/p>\r\n\r\n\r\n\r\n<p>Analogamente a Hopscotch, Linear Air gestisce anche gli Eclipse VLJ (jet molto leggeri). Insieme, le due societ\u00e0 offrono ai consumatori una variet\u00e0 di scelte di velocit\u00e0 e autonomia per i taxi aerei su richiesta.<\/p>\r\n\r\n\r\n\r\n<h2 class=\"wp-block-heading\"><span class=\"ez-toc-section\" id=\"Conclusion\"><\/span>Conclusione<span class=\"ez-toc-section-end\"><\/span><\/h2>\r\n\r\n\r\n\r\n<p>Con il marchio ClubScotch, Hopscotch Air offre un programma di iscrizione ai Cirrus SR22 e SR20 monomotore a pistoni in tutto il Nord-Est e il Medio Atlantico con tariffe di rotta fissa. Ogni aereo pu\u00f2 ospitare fino a quattro viaggiatori.<\/p>\r\n\r\n\r\n\r\n<p>A causa del crescente numero di clienti, la compagnia prevede di lanciare una nuova flotta di aeromobili a turboelica da otto posti per aumentare la capacit\u00e0, mentre ha gi\u00e0 firmato con Transcend Air Corporation per l'acquisto del pluripremiato Vy 400 a decollo e atterraggio verticale. Questi aerei saranno utilizzati per espandere le rotte non aeroportuali.&nbsp;<\/p>\r\n\r\n\r\n\r\n<p>A differenza di un tipico charter, Hopscotch non applica tariffe orarie n\u00e9 aggiunge spese per il carburante. Al momento della prenotazione, fornisce un prezzo unico e fisso.&nbsp;<\/p>","protected":false},"excerpt":{"rendered":"<p>Hopscotch Air \u00e8 una compagnia di aerotaxi all'avanguardia che trasporta passeggeri in tutto il Nord-Est, la zona medio-atlantica e il Canada a bordo di piccoli ma tecnologicamente sofisticati velivoli Cirrus. La compagnia \u00e8 stata certificata nel 2009 e ora vola circa 1400 viaggi all'anno, a una frazione del costo dei normali voli charter, soprattutto grazie all'economia ...<\/p>","protected":false},"author":2,"featured_media":3175,"parent":0,"menu_order":0,"comment_status":"closed","ping_status":"closed","template":"","meta":{"_acf_changed":false,"_genesis_hide_title":false,"_genesis_hide_breadcrumbs":false,"_genesis_hide_singular_image":false,"_genesis_hide_footer_widgets":false,"_genesis_custom_body_class":"","_genesis_custom_post_class":"","_genesis_layout":"","footnotes":""},"class_list":{"1":"page","2":"type-page","6":"entry"},"acf":[],"_links":{"self":[{"href":"https:\/\/comparemyjet.com\/it\/wp-json\/wp\/v2\/pages\/3172","targetHints":{"allow":["GET"]}}],"collection":[{"href":"https:\/\/comparemyjet.com\/it\/wp-json\/wp\/v2\/pages"}],"about":[{"href":"https:\/\/comparemyjet.com\/it\/wp-json\/wp\/v2\/types\/page"}],"author":[{"embeddable":true,"href":"https:\/\/comparemyjet.com\/it\/wp-json\/wp\/v2\/users\/2"}],"replies":[{"embeddable":true,"href":"https:\/\/comparemyjet.com\/it\/wp-json\/wp\/v2\/comments?post=3172"}],"version-history":[{"count":2,"href":"https:\/\/comparemyjet.com\/it\/wp-json\/wp\/v2\/pages\/3172\/revisions"}],"predecessor-version":[{"id":3451,"href":"https:\/\/comparemyjet.com\/it\/wp-json\/wp\/v2\/pages\/3172\/revisions\/3451"}],"wp:featuredmedia":[{"embeddable":true,"href":"https:\/\/comparemyjet.com\/it\/wp-json\/wp\/v2\/media\/3175"}],"wp:attachment":[{"href":"https:\/\/comparemyjet.com\/it\/wp-json\/wp\/v2\/media?parent=3172"}],"curies":[{"name":"wp","href":"https:\/\/api.w.org\/{rel}","templated":true}]}}