{"id":3182,"date":"2022-08-04T21:07:59","date_gmt":"2022-08-04T21:07:59","guid":{"rendered":"https:\/\/comparemyjet.com\/?page_id=3182"},"modified":"2025-09-04T09:58:20","modified_gmt":"2025-09-04T09:58:20","slug":"fxair","status":"publish","type":"page","link":"https:\/\/comparemyjet.com\/it\/fxair\/","title":{"rendered":"Prezzi dei voli FXAIR"},"content":{"rendered":"<p>FXAIR \u00e8 una compagnia di charter privati relativamente nuova, che ha iniziato a operare nel 2020. Da allora la compagnia \u00e8 cresciuta in modo esponenziale, in parte a causa della crescente popolarit\u00e0 dei viaggi aerei privati con la pandemia COVID-19.<\/p>\r\n\r\n\r\n\r\n<p>FXAIR fa parte della famiglia di aziende Directional Aviation fondata da Ken Ricci, che comprende <a href=\"https:\/\/comparemyjet.com\/it\/flexjet\/\" data-internallinksmanager029f6b8e52c=\"187\" title=\"Propriet\u00e0 frazionata di jet Flexjet\">Flexjet<\/a>, <a href=\"https:\/\/comparemyjet.com\/it\/getto-senziente\/\" data-internallinksmanager029f6b8e52c=\"106\" title=\"Prezzi dei voli Sentient Jet\">Jet senziente<\/a>, <a href=\"https:\/\/comparemyjet.com\/it\/privatefly\/\" data-internallinksmanager029f6b8e52c=\"115\" title=\"Prezzi dei voli PrivateFly\">PrivateFly<\/a>Tivoli e FXAIR, oltre a Nextant Aerospace (produttore di jet) e Sojourn Aviation (societ\u00e0 di vendita di jet). Offre un programma di affiliazione ai charter e il leasing di jet privati su richiesta. Vediamo questi servizi in dettaglio, ma prima di tutto parliamo dell'azienda stessa.<\/p>\r\n\r\n\r\n\r\n<div id=\"ez-toc-container\" class=\"ez-toc-v2_0_76 counter-hierarchy ez-toc-counter ez-toc-grey ez-toc-container-direction\">\n<p class=\"ez-toc-title\" style=\"cursor:inherit\">Argomenti<\/p>\n<label for=\"ez-toc-cssicon-toggle-item-69de7ce674dae\" class=\"ez-toc-cssicon-toggle-label\"><span class=\"\"><span class=\"eztoc-hide\" style=\"display:none;\">Toggle<\/span><span class=\"ez-toc-icon-toggle-span\"><svg style=\"fill: #999;color:#999\" xmlns=\"http:\/\/www.w3.org\/2000\/svg\" class=\"list-377408\" width=\"20px\" height=\"20px\" viewbox=\"0 0 24 24\" fill=\"none\"><path d=\"M6 6H4v2h2V6zm14 0H8v2h12V6zM4 11h2v2H4v-2zm16 0H8v2h12v-2zM4 16h2v2H4v-2zm16 0H8v2h12v-2z\" fill=\"currentColor\"><\/path><\/svg><svg style=\"fill: #999;color:#999\" class=\"arrow-unsorted-368013\" xmlns=\"http:\/\/www.w3.org\/2000\/svg\" width=\"10px\" height=\"10px\" viewbox=\"0 0 24 24\" version=\"1.2\" baseprofile=\"tiny\"><path d=\"M18.2 9.3l-6.2-6.3-6.2 6.3c-.2.2-.3.4-.3.7s.1.5.3.7c.2.2.4.3.7.3h11c.3 0 .5-.1.7-.3.2-.2.3-.5.3-.7s-.1-.5-.3-.7zM5.8 14.7l6.2 6.3 6.2-6.3c.2-.2.3-.5.3-.7s-.1-.5-.3-.7c-.2-.2-.4-.3-.7-.3h-11c-.3 0-.5.1-.7.3-.2.2-.3.5-.3.7s.1.5.3.7z\"\/><\/svg><\/span><\/span><\/label><input type=\"checkbox\"  id=\"ez-toc-cssicon-toggle-item-69de7ce674dae\" checked aria-label=\"Toggle\" \/><nav><ul class='ez-toc-list ez-toc-list-level-1' ><li class='ez-toc-page-1 ez-toc-heading-level-2'><a class=\"ez-toc-link ez-toc-heading-1\" href=\"https:\/\/comparemyjet.com\/it\/fxair\/#About_the_Company\" >Informazioni sull'azienda<\/a><\/li><li class='ez-toc-page-1 ez-toc-heading-level-2'><a class=\"ez-toc-link ez-toc-heading-2\" href=\"https:\/\/comparemyjet.com\/it\/fxair\/#Company_Membership_Program\" >Programma di affiliazione aziendale<\/a><\/li><li class='ez-toc-page-1 ez-toc-heading-level-2'><a class=\"ez-toc-link ez-toc-heading-3\" href=\"https:\/\/comparemyjet.com\/it\/fxair\/#On-Demand_Charter_Flight\" >Volo charter su richiesta<\/a><\/li><li class='ez-toc-page-1 ez-toc-heading-level-2'><a class=\"ez-toc-link ez-toc-heading-4\" href=\"https:\/\/comparemyjet.com\/it\/fxair\/#The_Fleet\" >La flotta&nbsp;<\/a><ul class='ez-toc-list-level-3' ><li class='ez-toc-heading-level-3'><a class=\"ez-toc-link ez-toc-heading-5\" href=\"https:\/\/comparemyjet.com\/it\/fxair\/#1_Light_Private_Jets\" >1. Jet privati leggeri<\/a><ul class='ez-toc-list-level-4' ><li class='ez-toc-heading-level-4'><a class=\"ez-toc-link ez-toc-heading-6\" href=\"https:\/\/comparemyjet.com\/it\/fxair\/#Our_Recommendation_The_Nextant_400XT\" >Il nostro consiglio: Nextant 400XT<\/a><\/li><\/ul><\/li><li class='ez-toc-page-1 ez-toc-heading-level-3'><a class=\"ez-toc-link ez-toc-heading-7\" href=\"https:\/\/comparemyjet.com\/it\/fxair\/#2_Midsize_Private_Jets\" >2. Jet privati di medie dimensioni<\/a><ul class='ez-toc-list-level-4' ><li class='ez-toc-heading-level-4'><a class=\"ez-toc-link ez-toc-heading-8\" href=\"https:\/\/comparemyjet.com\/it\/fxair\/#Our_Recommendation_The_Citation_Excel\" >Il nostro consiglio: Il Citation Excel<\/a><\/li><\/ul><\/li><li class='ez-toc-page-1 ez-toc-heading-level-3'><a class=\"ez-toc-link ez-toc-heading-9\" href=\"https:\/\/comparemyjet.com\/it\/fxair\/#3_Super-Midsize_Private_Jets\" >3. Jet privati di medie dimensioni&nbsp;<\/a><ul class='ez-toc-list-level-4' ><li class='ez-toc-heading-level-4'><a class=\"ez-toc-link ez-toc-heading-10\" href=\"https:\/\/comparemyjet.com\/it\/fxair\/#Our_Recommendation_The_Falcon_50\" >Il nostro consiglio: Il Falcon 50&nbsp;<\/a><\/li><\/ul><\/li><li class='ez-toc-page-1 ez-toc-heading-level-3'><a class=\"ez-toc-link ez-toc-heading-11\" href=\"https:\/\/comparemyjet.com\/it\/fxair\/#4_Large_Private_Jets\" >4. Grandi jet privati<\/a><ul class='ez-toc-list-level-4' ><li class='ez-toc-heading-level-4'><a class=\"ez-toc-link ez-toc-heading-12\" href=\"https:\/\/comparemyjet.com\/it\/fxair\/#Our_Recommendation_The_Gulfstream_GIV\" >Il nostro consiglio: Il Gulfstream GIV<\/a><\/li><\/ul><\/li><li class='ez-toc-page-1 ez-toc-heading-level-3'><a class=\"ez-toc-link ez-toc-heading-13\" href=\"https:\/\/comparemyjet.com\/it\/fxair\/#5_Ultra-Long-Range_Private_Jets\" >5. Jet privati a lunghissimo raggio<\/a><ul class='ez-toc-list-level-4' ><li class='ez-toc-heading-level-4'><a class=\"ez-toc-link ez-toc-heading-14\" href=\"https:\/\/comparemyjet.com\/it\/fxair\/#Our_Recommendation_Gulfstream_GV\" >La nostra raccomandazione: Gulfstream GV<\/a><\/li><\/ul><\/li><\/ul><\/li><li class='ez-toc-page-1 ez-toc-heading-level-2'><a class=\"ez-toc-link ez-toc-heading-15\" href=\"https:\/\/comparemyjet.com\/it\/fxair\/#Company_Safety_Policy_and_Standards\" >Politica e standard di sicurezza dell'azienda<\/a><\/li><li class='ez-toc-page-1 ez-toc-heading-level-2'><a class=\"ez-toc-link ez-toc-heading-16\" href=\"https:\/\/comparemyjet.com\/it\/fxair\/#Conclusion\" >Conclusione<\/a><\/li><\/ul><\/nav><\/div>\n<h2 class=\"wp-block-heading\"><span class=\"ez-toc-section\" id=\"About_the_Company\"><\/span>Informazioni sull'azienda<span class=\"ez-toc-section-end\"><\/span><\/h2>\r\n\r\n\r\n\r\n<p>FXAIR \u00e8 un'azienda di recente fondazione di propriet\u00e0 di Directional Aviation, con Andrew Collins come CEO e Gregg Slow come presidente, con sede a <a href=\"https:\/\/comparemyjet.com\/it\/tour-privati\/tour-privati-di-new-york\/\" data-internallinksmanager029f6b8e52c=\"427\" title=\"11 migliori tour privati di New York City da $48.00\">New York<\/a>.&nbsp;<\/p>\r\n\r\n\r\n\r\n<p>FXAIR non dispone di una propria flotta, ma utilizza quella di Flexjet e di altri operatori terzi. Grazie al suo Aviator Program, FXAIR offre ai suoi clienti l'accesso prioritario agli aerei desiderati, anche nei giorni di maggiore richiesta. Gli aeromobili del sistema FXAIR sono forniti da societ\u00e0 che rispettano i pi\u00f9 elevati requisiti di sicurezza, che spesso vanno al di l\u00e0 di quanto previsto dalla legge. <a href=\"https:\/\/www.faa.gov\/\" target=\"_blank\" rel=\"noopener\">FAA<\/a> linee guida.<\/p>\r\n\r\n\r\n\r\n<h2 class=\"wp-block-heading\"><span class=\"ez-toc-section\" id=\"Company_Membership_Program\"><\/span>Programma di affiliazione aziendale<span class=\"ez-toc-section-end\"><\/span><\/h2>\r\n\r\n\r\n\r\n<p>Il programma di membership entry-level di FXAIR, l'Aviator Account, consente l'accesso prioritario agli aeromobili Flexjet di seconda generazione. \u00c8 inoltre possibile usufruire di alcuni incentivi e offerte speciali sviluppate esclusivamente per i passeggeri abituali, come la prenotazione prioritaria nei giorni di maggior affluenza.&nbsp;<\/p>\r\n\r\n\r\n\r\n<p>Per attivare questo programma di adesione \u00e8 necessario un investimento minimo di $100.000. In qualit\u00e0 di membro, avrete a disposizione catering gratuito e Wi-Fi locale gratuito, oltre a sbrinamento senza costi e upgrade gratuiti quando disponibili. Se prenotate con almeno una settimana di anticipo, potete volare attraverso gli Stati Uniti su un aereo a cabina super media per un costo fisso di $32.000. Il saldo del conto non ha una data di scadenza ed \u00e8 possibile ottenere il rimborso delle quote di iscrizione.<\/p>\r\n\r\n\r\n\r\n<h2 class=\"wp-block-heading\"><span class=\"ez-toc-section\" id=\"On-Demand_Charter_Flight\"><\/span>Volo charter su richiesta<span class=\"ez-toc-section-end\"><\/span><\/h2>\r\n\r\n\r\n\r\n<p>I loro servizi di noleggio su richiesta offrono un'ampia gamma di jet privati, tra cui jet leggeri, medi, super-medi, pesanti e a lunghissimo raggio. FXAIR vi d\u00e0 accesso agli aerei Flexjet di seconda generazione (in pensione), disponibili per il noleggio solo tramite FXAIR, ma serviti e gestiti da Flexjet.&nbsp;<\/p>\r\n\r\n\r\n\r\n<p>FXAIR offre anche l'accesso a oltre 1.200 aeromobili di operatori di volo rispettati e affidabili.&nbsp;<\/p>\r\n\r\n\r\n\r\n<h2 class=\"wp-block-heading\"><span class=\"ez-toc-section\" id=\"The_Fleet\"><\/span>La flotta&nbsp;<span class=\"ez-toc-section-end\"><\/span><\/h2>\r\n\r\n\r\n\r\n<figure class=\"wp-block-image size-full is-style-default\"><img loading=\"lazy\" decoding=\"async\" width=\"1000\" height=\"664\" src=\"https:\/\/comparemyjet.com\/wp-content\/uploads\/2022\/08\/airplane.in_.clouds.jpg\" alt=\"\" class=\"wp-image-3185\" srcset=\"https:\/\/comparemyjet.com\/wp-content\/uploads\/2022\/08\/airplane.in_.clouds-18x12.jpg 18w, https:\/\/comparemyjet.com\/wp-content\/uploads\/2022\/08\/airplane.in_.clouds-300x199.jpg 300w, https:\/\/comparemyjet.com\/wp-content\/uploads\/2022\/08\/airplane.in_.clouds-768x510.jpg 768w, https:\/\/comparemyjet.com\/wp-content\/uploads\/2022\/08\/airplane.in_.clouds.jpg 1000w\" sizes=\"auto, (max-width: 1000px) 100vw, 1000px\" \/><\/figure>\r\n\r\n\r\n\r\n<p>La loro flotta \u00e8 costituita da jet Flexjet in pensione e comprende il Nextant 400XTi, ristrutturato da Nextant Aerospace, un'altra azienda Directional, dodici <a href=\"https:\/\/comparemyjet.com\/it\/bombardiere\/\" data-internallinksmanager029f6b8e52c=\"159\" title=\"Guida definitiva ai jet e agli aerei privati Bombardier\">Bombardiere<\/a> Challenger 300 e cinque Global Express.&nbsp;<\/p>\r\n\r\n\r\n\r\n<h3 class=\"wp-block-heading\"><span class=\"ez-toc-section\" id=\"1_Light_Private_Jets\"><\/span>1. Jet privati leggeri<span class=\"ez-toc-section-end\"><\/span><\/h3>\r\n\r\n\r\n\r\n<p>Questo tipo di aereo \u00e8 ideale per brevi viaggi nazionali con non pi\u00f9 di sette passeggeri. I jet leggeri sono rapidi ed efficaci quando si viaggia in aeroporti locali. Inoltre, possono atterrare facilmente in luoghi difficili da raggiungere, come le cime delle montagne o le piste pi\u00f9 piccole.<\/p>\r\n\r\n\r\n\r\n<h4 class=\"wp-block-heading\"><span class=\"ez-toc-section\" id=\"Our_Recommendation_The_Nextant_400XT\"><\/span>Il nostro consiglio: Nextant 400XT<span class=\"ez-toc-section-end\"><\/span><\/h4>\r\n\r\n\r\n\r\n<p>Il Nextant 400XT \u00e8 uno dei jet pi\u00f9 veloci, pi\u00f9 veloce di qualsiasi altro jet della sua categoria. Il design ergonomico della cabina massimizza lo spazio e le prestazioni per aumentare il comfort dei passeggeri, mentre il jet \u00e8 ben equipaggiato e facile da gestire.<\/p>\r\n\r\n\r\n\r\n<p>Specifiche:<\/p>\r\n\r\n\r\n\r\n<ul class=\"wp-block-list\"><li>Passeggeri: 6-7;<\/li><li>Altezza della cabina: 4 piedi e 9 pollici;<\/li><li>Lunghezza della cabina: 15 ft 6 in;<\/li><li>Larghezza della cabina: 4 ft 11 in;<\/li><li>Portata massima: 2005 nm;<\/li><li>Velocit\u00e0 massima: 471 kts;<\/li><li>Bagaglio interno: 31 piedi cubi;<\/li><li>Bagaglio esterno: 25 cu ft.<\/li><\/ul>\r\n\r\n\r\n\r\n<p>FXAIR offre anche <em>Citation CJ3, Citation V, Hawker 400XP, <a href=\"https:\/\/comparemyjet.com\/it\/learjet\/\" data-internallinksmanager029f6b8e52c=\"149\" title=\"Guida definitiva ai jet e agli aerei privati Learjet\">Learjet<\/a> 45, e Phenom 300 <\/em>nella categoria dei getti leggeri.<\/p>\r\n\r\n\r\n\r\n<h3 class=\"wp-block-heading\"><span class=\"ez-toc-section\" id=\"2_Midsize_Private_Jets\"><\/span>2. Jet privati di medie dimensioni<span class=\"ez-toc-section-end\"><\/span><\/h3>\r\n\r\n\r\n\r\n<p>Gli aerei di medie dimensioni sono ideali per i viaggi personali o di lavoro pi\u00f9 lunghi, poich\u00e9 offrono maggiore autonomia e comfort. Grazie a caratteristiche come l'ampio spazio per i bagagli e la migliore altezza della cabina, questi jet sono ideali per i viaggi che richiedono una maggiore resistenza.&nbsp;<\/p>\r\n\r\n\r\n\r\n<h4 class=\"wp-block-heading\"><span class=\"ez-toc-section\" id=\"Our_Recommendation_The_Citation_Excel\"><\/span>Il nostro consiglio: Il Citation Excel<span class=\"ez-toc-section-end\"><\/span><\/h4>\r\n\r\n\r\n\r\n<p>Il Citation Excel funge da modello standard per tutti gli altri aerei di medie dimensioni. Ha un'ampia cabina con molto spazio per i bagagli. Grazie al suo comfort, alla sua efficienza e alla sua durata, \u00e8 il jet preferito per i viaggi a media distanza. \u00c8 un'ottima scelta per chi viaggia per affari, perch\u00e9 funziona come un'area conferenze in alto.<\/p>\r\n\r\n\r\n\r\n<p>Specifiche:<\/p>\r\n\r\n\r\n\r\n<ul class=\"wp-block-list\"><li>Passeggeri: 8;<\/li><li>Capacit\u00e0 del bagaglio: 90 piedi cubi;<\/li><li>Larghezza della cabina: 5 ft 5 in;<\/li><li>Altezza della cabina: 5 ft 7 in;<\/li><li>Lunghezza della cabina: 18 ft 6 in;<\/li><li>Autonomia di volo: fino a 4,5 ore;<\/li><li>Velocit\u00e0 di crociera: 487 mph.<\/li><\/ul>\r\n\r\n\r\n\r\n<p>Nella flotta FXAIR si possono trovare anche <em>Hawker 800\/850\/900XP e Learjet 55\/60 <\/em>come parte della categoria dei jet di medie dimensioni.<\/p>\r\n\r\n\r\n\r\n<h3 class=\"wp-block-heading\"><span class=\"ez-toc-section\" id=\"3_Super-Midsize_Private_Jets\"><\/span>3. Jet privati di medie dimensioni&nbsp;<span class=\"ez-toc-section-end\"><\/span><\/h3>\r\n\r\n\r\n\r\n<p>I jet di medie dimensioni combinano convenienza ed estetica. Se volate con un gruppo pi\u00f9 numeroso o se viaggiate da un paese all'altro, \u00e8 la classe di aeromobili perfetta.<\/p>\r\n\r\n\r\n\r\n<h4 class=\"wp-block-heading\"><span class=\"ez-toc-section\" id=\"Our_Recommendation_The_Falcon_50\"><\/span>Il nostro consiglio: Il Falcon 50&nbsp;<span class=\"ez-toc-section-end\"><\/span><\/h4>\r\n\r\n\r\n\r\n<p>Con una cabina spaziosa, sofisticati rivestimenti in pelle e una microcucina completa, il Falcon 50 ha la portata e l'eleganza di un jet molto pi\u00f9 grande e offre soddisfazione e lusso in viaggio. Il Falcon50EX \u00e8 un aereo di grandi dimensioni adatto a viaggi di medio raggio quando \u00e8 necessario trasportare pi\u00f9 bagagli.<\/p>\r\n\r\n\r\n\r\n<p>Specifiche:<\/p>\r\n\r\n\r\n\r\n<ul class=\"wp-block-list\"><li>Passeggeri: 9;<\/li><li>Capacit\u00e0 del bagaglio: 115 piedi cubi;<\/li><li>Lunghezza della cabina: 23 ft 5 in;<\/li><li>Larghezza della cabina: 6 ft 1 in;<\/li><li>Altezza della cabina: 5 ft 9 in;<\/li><li>Velocit\u00e0 massima di crociera: 478 mph;<\/li><li>Autonomia di volo: Oltre 5 ore.<\/li><\/ul>\r\n\r\n\r\n\r\n<p>Nella flotta FXAIR di jet di dimensioni medio-grandi, \u00e8 possibile trovare anche <em>Challenger 300\/350, Citation Sovereign, Citation X, e <a href=\"https:\/\/comparemyjet.com\/it\/corrente-del-golfo\/\" data-internallinksmanager029f6b8e52c=\"175\" title=\"Guida definitiva ai jet e agli aerei privati Gulfstream\">Gulfstream<\/a> G200<\/em>.<\/p>\r\n\r\n\r\n\r\n<h3 class=\"wp-block-heading\"><span class=\"ez-toc-section\" id=\"4_Large_Private_Jets\"><\/span>4. Grandi jet privati<span class=\"ez-toc-section-end\"><\/span><\/h3>\r\n\r\n\r\n\r\n<p>I jet di grandi dimensioni offrono la migliore esperienza di volo privato per i voli intercontinentali. Possono trasportare gruppi pi\u00f9 numerosi, poich\u00e9 offrono spazio e comfort sufficienti per un massimo di 15 persone.<\/p>\r\n\r\n\r\n\r\n<h4 class=\"wp-block-heading\"><span class=\"ez-toc-section\" id=\"Our_Recommendation_The_Gulfstream_GIV\"><\/span>Il nostro consiglio: Il Gulfstream GIV<span class=\"ez-toc-section-end\"><\/span><\/h4>\r\n\r\n\r\n\r\n<p>La raffinatezza, il lusso e la sicurezza dei jet Gulfstream sono ben noti, quindi non sorprende che il GIV si sia guadagnato la reputazione di primo jet d'affari nazionale e internazionale. Sono incluse sedie reclinabili individualmente, un tavolo da riunione per quattro persone e un comodo divano. In cabina sono presenti comodi letti per un massimo di sei persone.&nbsp;<\/p>\r\n\r\n\r\n\r\n<p>Specifiche:<\/p>\r\n\r\n\r\n\r\n<ul class=\"wp-block-list\"><li>Passeggeri: 14 posti a sedere\/6 posti letto;<\/li><li>Raggio di volo: 3.880 nm;<\/li><li>Spazio per i bagagli: 169 piedi cubi;<\/li><li>Larghezza della cabina: 7 ft 3 in;<\/li><li>Lunghezza della cabina: 45 ft 1 in;<\/li><li>Altezza della cabina: 6 ft 2 in;<\/li><li>Velocit\u00e0 di crociera: 548 mph.<\/li><\/ul>\r\n\r\n\r\n\r\n<p>Nella flotta di velivoli di grandi dimensioni FXAIR \u00e8 possibile trovare anche <em>Challenger 601\/604, Falcon 900EX, Falcon 2000EX e Gulfstream G450<\/em>.<\/p>\r\n\r\n\r\n\r\n<h3 class=\"wp-block-heading\"><span class=\"ez-toc-section\" id=\"5_Ultra-Long-Range_Private_Jets\"><\/span>5. Jet privati a lunghissimo raggio<span class=\"ez-toc-section-end\"><\/span><\/h3>\r\n\r\n\r\n\r\n<p>Un aereo a lunghissimo raggio \u00e8 l'alternativa migliore quando si vogliono percorrere lunghe distanze nel lusso. Non c'\u00e8 niente di meglio di un aereo a lunghissimo raggio per i voli in tutto il mondo. \u00c8 questo il modo di volare se state pianificando un viaggio all'estero che richiede autonomia, potenza e comfort, soprattutto se si tratta di un gruppo pi\u00f9 numeroso, poich\u00e9 possono ospitare facilmente 13 o pi\u00f9 passeggeri. Questi aerei sono dotati di servizi quali cucina completa, TV, letti kingsize, toilette e posti separati per dormire, cenare, lavorare e intrattenersi.<\/p>\r\n\r\n\r\n\r\n<h4 class=\"wp-block-heading\"><span class=\"ez-toc-section\" id=\"Our_Recommendation_Gulfstream_GV\"><\/span>La nostra raccomandazione: Gulfstream GV<span class=\"ez-toc-section-end\"><\/span><\/h4>\r\n\r\n\r\n\r\n<p>Il Gulfstream GV \u00e8 stato il primo business jet a lunghissimo raggio dell'azienda, prodotto da Gulfstream Aerospace nel 1995 e commercializzato nel 1998. La produzione \u00e8 terminata nel 2002. La caratteristica pi\u00f9 evidente del GV \u00e8 l'ampia autonomia di volo e le prestazioni elevate.&nbsp;<\/p>\r\n\r\n\r\n\r\n<p>Specifiche:<\/p>\r\n\r\n\r\n\r\n<ul class=\"wp-block-list\"><li>Passeggeri: 12-16;<\/li><li>Lunghezza della cabina: 50 ft 1 in;<\/li><li>Larghezza della cabina: 7 ft 3 in;<\/li><li>Altezza della cabina: 6 ft 1 in;<\/li><li>Volume della cabina: 1669 piedi cubi;<\/li><li>Velocit\u00e0 massima: 585 mph;<\/li><li>Raggio di volo: 7389 miglia;<\/li><li>Volume del bagaglio: 226 piedi cubi;<\/li><li>Equipaggio: fino a 5 persone.<\/li><\/ul>\r\n\r\n\r\n\r\n<p>Nella flotta FXAIR di jet a lunghissimo raggio, \u00e8 possibile trovare anche<em> Global Express, Falcon 7X, Global 6000 e Gulfstream G550\/G650<\/em>.<\/p>\r\n\r\n\r\n\r\n<h2 class=\"wp-block-heading\"><span class=\"ez-toc-section\" id=\"Company_Safety_Policy_and_Standards\"><\/span>Politica e standard di sicurezza dell'azienda<span class=\"ez-toc-section-end\"><\/span><\/h2>\r\n\r\n\r\n\r\n<p>Tutti gli operatori che trasportano per FXAIR - compresi tutti i piloti e i jet - sono sottoposti a controlli approfonditi per garantire la vostra sicurezza e la vostra completa soddisfazione. Devono soddisfare i requisiti della societ\u00e0 per essere approvati da FXAIR.<\/p>\r\n\r\n\r\n\r\n<p>Cosa significa essere approvati da FXAIR? Prima del volo, il team di sicurezza specializzato ispeziona accuratamente e autorizza l'operatore, l'equipaggio e l'aereo. <a href=\"https:\/\/www.faa.gov\/\" target=\"_blank\" rel=\"noopener\">FAA<\/a> e <a href=\"https:\/\/www.ntsb.gov\/Pages\/home.aspx\" target=\"_blank\" rel=\"noopener\">NTSB<\/a> Prima di ogni volo vengono controllati i rapporti, i registri e i certificati dei piloti, l'esperienza di volo, la certificazione medica, lo stato delle licenze dell'aeromobile e l'assicurazione dell'aeromobile.<\/p>\r\n\r\n\r\n\r\n<p>Ogni volo viene esaminato almeno 24 ore prima del decollo per verificare la presenza di eventuali problemi di servizio o di sicurezza. Il centro di comando \u00e8 incaricato di supervisionare l'intera attivit\u00e0. Se un criterio non \u00e8 soddisfatto, il volo viene cancellato e viene assegnato a un altro operatore che soddisfa tutti i criteri.<\/p>\r\n\r\n\r\n\r\n<p>Inoltre, per garantire la sicurezza dei passeggeri, tutti gli operatori aerei del network FXAIR sono tenuti a seguire le rigorose linee guida COVID-19.<\/p>\r\n\r\n\r\n\r\n<h2 class=\"wp-block-heading\"><span class=\"ez-toc-section\" id=\"Conclusion\"><\/span>Conclusione<span class=\"ez-toc-section-end\"><\/span><\/h2>\r\n\r\n\r\n\r\n<figure class=\"wp-block-image size-full is-style-default\"><img loading=\"lazy\" decoding=\"async\" width=\"1000\" height=\"667\" src=\"https:\/\/comparemyjet.com\/wp-content\/uploads\/2022\/07\/happy.woman_.listening.to_.music_.on_.a.private.jet_.jpg\" alt=\"FXAIR\" class=\"wp-image-3183\" srcset=\"https:\/\/comparemyjet.com\/wp-content\/uploads\/2022\/07\/happy.woman_.listening.to_.music_.on_.a.private.jet_-18x12.jpg 18w, https:\/\/comparemyjet.com\/wp-content\/uploads\/2022\/07\/happy.woman_.listening.to_.music_.on_.a.private.jet_-300x200.jpg 300w, https:\/\/comparemyjet.com\/wp-content\/uploads\/2022\/07\/happy.woman_.listening.to_.music_.on_.a.private.jet_-768x512.jpg 768w, https:\/\/comparemyjet.com\/wp-content\/uploads\/2022\/07\/happy.woman_.listening.to_.music_.on_.a.private.jet_.jpg 1000w\" sizes=\"auto, (max-width: 1000px) 100vw, 1000px\" \/><\/figure>\r\n\r\n\r\n\r\n<p>Sebbene sia stata fondata di recente, FXAIR proviene dalla famiglia Directional Aviation, che vanta un'esperienza pi\u00f9 che sufficiente nel settore dell'aviazione. Specializzata in voli charter su richiesta, la societ\u00e0 offre aerei Flexjet di seconda generazione approvati da FXAIR. \u00c8 possibile scegliere tra una vasta flotta di jet leggeri, medi e super medi, grandi e a lunghissimo raggio, il che rende FXAIR una valida scelta come compagnia di voli charter su richiesta.<\/p>","protected":false},"excerpt":{"rendered":"<p>FXAIR \u00e8 una compagnia di charter privati relativamente nuova, che ha iniziato a operare nel 2020. La societ\u00e0 \u00e8 cresciuta in modo esponenziale da allora, in parte a causa della crescente popolarit\u00e0 dei viaggi aerei privati con la pandemia COVID-19. FXAIR fa parte della famiglia di societ\u00e0 Directional Aviation fondata da Ken Ricci, che comprende Flexjet, Sentient Jet, PrivateFly, ...<\/p>","protected":false},"author":2,"featured_media":3184,"parent":0,"menu_order":0,"comment_status":"closed","ping_status":"closed","template":"","meta":{"_acf_changed":false,"_genesis_hide_title":false,"_genesis_hide_breadcrumbs":false,"_genesis_hide_singular_image":false,"_genesis_hide_footer_widgets":false,"_genesis_custom_body_class":"","_genesis_custom_post_class":"","_genesis_layout":"","footnotes":""},"class_list":{"1":"page","2":"type-page","6":"entry"},"acf":[],"_links":{"self":[{"href":"https:\/\/comparemyjet.com\/it\/wp-json\/wp\/v2\/pages\/3182","targetHints":{"allow":["GET"]}}],"collection":[{"href":"https:\/\/comparemyjet.com\/it\/wp-json\/wp\/v2\/pages"}],"about":[{"href":"https:\/\/comparemyjet.com\/it\/wp-json\/wp\/v2\/types\/page"}],"author":[{"embeddable":true,"href":"https:\/\/comparemyjet.com\/it\/wp-json\/wp\/v2\/users\/2"}],"replies":[{"embeddable":true,"href":"https:\/\/comparemyjet.com\/it\/wp-json\/wp\/v2\/comments?post=3182"}],"version-history":[{"count":2,"href":"https:\/\/comparemyjet.com\/it\/wp-json\/wp\/v2\/pages\/3182\/revisions"}],"predecessor-version":[{"id":3448,"href":"https:\/\/comparemyjet.com\/it\/wp-json\/wp\/v2\/pages\/3182\/revisions\/3448"}],"wp:featuredmedia":[{"embeddable":true,"href":"https:\/\/comparemyjet.com\/it\/wp-json\/wp\/v2\/media\/3184"}],"wp:attachment":[{"href":"https:\/\/comparemyjet.com\/it\/wp-json\/wp\/v2\/media?parent=3182"}],"curies":[{"name":"wp","href":"https:\/\/api.w.org\/{rel}","templated":true}]}}