{"id":3187,"date":"2022-08-04T21:07:44","date_gmt":"2022-08-04T21:07:44","guid":{"rendered":"https:\/\/comparemyjet.com\/?page_id=3187"},"modified":"2025-09-04T09:59:34","modified_gmt":"2025-09-04T09:59:34","slug":"nordico-jet-management","status":"publish","type":"page","link":"https:\/\/comparemyjet.com\/it\/nordico-jet-management\/","title":{"rendered":"Gestione dei jet del Nord"},"content":{"rendered":"<p>Il fornitore di jet d'\u00e9lite Northern Jet Management offre un servizio completo di <a href=\"https:\/\/comparemyjet.com\/it\/what-are-some-aircraft-management-companies\/\" data-internallinksmanager029f6b8e52c=\"21\" title=\"Servizi e societ\u00e0 di gestione aeronautica\">gestione degli aerei<\/a>L'azienda ha un programma di propriet\u00e0 condivisa, charter su richiesta, acquisto e vendita di aeroplani sia per aziende che per privati. Vola verso oltre 3.400 destinazioni negli Stati Uniti, nei Caraibi, in Messico e in Canada.<\/p>\r\n\r\n\r\n\r\n<p>Analizziamo pi\u00f9 in dettaglio le loro offerte, ma prima di tutto una breve panoramica su come \u00e8 nata l'azienda.<\/p>\r\n\r\n\r\n\r\n<div id=\"ez-toc-container\" class=\"ez-toc-v2_0_76 counter-hierarchy ez-toc-counter ez-toc-grey ez-toc-container-direction\">\n<p class=\"ez-toc-title\" style=\"cursor:inherit\">Argomenti<\/p>\n<label for=\"ez-toc-cssicon-toggle-item-69db9fba0eb0b\" class=\"ez-toc-cssicon-toggle-label\"><span class=\"\"><span class=\"eztoc-hide\" style=\"display:none;\">Toggle<\/span><span class=\"ez-toc-icon-toggle-span\"><svg style=\"fill: #999;color:#999\" xmlns=\"http:\/\/www.w3.org\/2000\/svg\" class=\"list-377408\" width=\"20px\" height=\"20px\" viewbox=\"0 0 24 24\" fill=\"none\"><path d=\"M6 6H4v2h2V6zm14 0H8v2h12V6zM4 11h2v2H4v-2zm16 0H8v2h12v-2zM4 16h2v2H4v-2zm16 0H8v2h12v-2z\" fill=\"currentColor\"><\/path><\/svg><svg style=\"fill: #999;color:#999\" class=\"arrow-unsorted-368013\" xmlns=\"http:\/\/www.w3.org\/2000\/svg\" width=\"10px\" height=\"10px\" viewbox=\"0 0 24 24\" version=\"1.2\" baseprofile=\"tiny\"><path d=\"M18.2 9.3l-6.2-6.3-6.2 6.3c-.2.2-.3.4-.3.7s.1.5.3.7c.2.2.4.3.7.3h11c.3 0 .5-.1.7-.3.2-.2.3-.5.3-.7s-.1-.5-.3-.7zM5.8 14.7l6.2 6.3 6.2-6.3c.2-.2.3-.5.3-.7s-.1-.5-.3-.7c-.2-.2-.4-.3-.7-.3h-11c-.3 0-.5.1-.7.3-.2.2-.3.5-.3.7s.1.5.3.7z\"\/><\/svg><\/span><\/span><\/label><input type=\"checkbox\"  id=\"ez-toc-cssicon-toggle-item-69db9fba0eb0b\" checked aria-label=\"Toggle\" \/><nav><ul class='ez-toc-list ez-toc-list-level-1' ><li class='ez-toc-page-1 ez-toc-heading-level-2'><a class=\"ez-toc-link ez-toc-heading-1\" href=\"https:\/\/comparemyjet.com\/it\/nordico-jet-management\/#About_the_Company\" >Informazioni sull'azienda&nbsp;<\/a><\/li><li class='ez-toc-page-1 ez-toc-heading-level-2'><a class=\"ez-toc-link ez-toc-heading-2\" href=\"https:\/\/comparemyjet.com\/it\/nordico-jet-management\/#Ways_to_Fly\" >Modi di volare<\/a><ul class='ez-toc-list-level-3' ><li class='ez-toc-heading-level-3'><a class=\"ez-toc-link ez-toc-heading-3\" href=\"https:\/\/comparemyjet.com\/it\/nordico-jet-management\/#Jet_Management\" >Gestione dei jet<\/a><\/li><li class='ez-toc-page-1 ez-toc-heading-level-3'><a class=\"ez-toc-link ez-toc-heading-4\" href=\"https:\/\/comparemyjet.com\/it\/nordico-jet-management\/#Company_Card_Program\" >Programma di carte aziendali<\/a><\/li><li class='ez-toc-page-1 ez-toc-heading-level-3'><a class=\"ez-toc-link ez-toc-heading-5\" href=\"https:\/\/comparemyjet.com\/it\/nordico-jet-management\/#Fractional_Jet_Ownership_Program\" >Programma di propriet\u00e0 frazionata di jet<\/a><\/li><li class='ez-toc-page-1 ez-toc-heading-level-3'><a class=\"ez-toc-link ez-toc-heading-6\" href=\"https:\/\/comparemyjet.com\/it\/nordico-jet-management\/#Empty_Leg_Flights\" >Voli a vuoto<\/a><\/li><li class='ez-toc-page-1 ez-toc-heading-level-3'><a class=\"ez-toc-link ez-toc-heading-7\" href=\"https:\/\/comparemyjet.com\/it\/nordico-jet-management\/#Acquiring_or_Selling_an_Aircraft\" >Acquisto o vendita di un aeromobile<\/a><\/li><\/ul><\/li><li class='ez-toc-page-1 ez-toc-heading-level-2'><a class=\"ez-toc-link ez-toc-heading-8\" href=\"https:\/\/comparemyjet.com\/it\/nordico-jet-management\/#Pricing\" >Prezzi<\/a><\/li><li class='ez-toc-page-1 ez-toc-heading-level-2'><a class=\"ez-toc-link ez-toc-heading-9\" href=\"https:\/\/comparemyjet.com\/it\/nordico-jet-management\/#The_Fleet\" >La flotta&nbsp;<\/a><ul class='ez-toc-list-level-3' ><li class='ez-toc-heading-level-3'><a class=\"ez-toc-link ez-toc-heading-10\" href=\"https:\/\/comparemyjet.com\/it\/nordico-jet-management\/#1_Midsize_Private_Jets\" >1. Jet privati di medie dimensioni<\/a><ul class='ez-toc-list-level-4' ><li class='ez-toc-heading-level-4'><a class=\"ez-toc-link ez-toc-heading-11\" href=\"https:\/\/comparemyjet.com\/it\/nordico-jet-management\/#Our_Recommendation_Learjet_40\" >La nostra raccomandazione: Learjet 40<\/a><\/li><\/ul><\/li><li class='ez-toc-page-1 ez-toc-heading-level-3'><a class=\"ez-toc-link ez-toc-heading-12\" href=\"https:\/\/comparemyjet.com\/it\/nordico-jet-management\/#2_Super-Midsize_Private_Jets\" >2. Jet privati di medie dimensioni&nbsp;<\/a><ul class='ez-toc-list-level-4' ><li class='ez-toc-heading-level-4'><a class=\"ez-toc-link ez-toc-heading-13\" href=\"https:\/\/comparemyjet.com\/it\/nordico-jet-management\/#Our_Recommendation_Cessna_Citation_Sovereign\" >Il nostro consiglio: Cessna Citation Sovereign<\/a><\/li><\/ul><\/li><\/ul><\/li><li class='ez-toc-page-1 ez-toc-heading-level-2'><a class=\"ez-toc-link ez-toc-heading-14\" href=\"https:\/\/comparemyjet.com\/it\/nordico-jet-management\/#Company_Safety_Policy_and_Standards\" >Politica e standard di sicurezza dell'azienda<\/a><\/li><li class='ez-toc-page-1 ez-toc-heading-level-2'><a class=\"ez-toc-link ez-toc-heading-15\" href=\"https:\/\/comparemyjet.com\/it\/nordico-jet-management\/#The_Staff\" >Il personale<\/a><\/li><li class='ez-toc-page-1 ez-toc-heading-level-2'><a class=\"ez-toc-link ez-toc-heading-16\" href=\"https:\/\/comparemyjet.com\/it\/nordico-jet-management\/#Conclusion\" >Conclusione<\/a><\/li><\/ul><\/nav><\/div>\n<h2 class=\"wp-block-heading\"><span class=\"ez-toc-section\" id=\"About_the_Company\"><\/span>Informazioni sull'azienda&nbsp;<span class=\"ez-toc-section-end\"><\/span><\/h2>\r\n\r\n\r\n\r\n<p>Northern Jet Management \u00e8 una societ\u00e0 privata fondata nel 1995, con Charles Cox come amministratore delegato.&nbsp;<\/p>\r\n\r\n\r\n\r\n<p>La loro sede principale si trova in Michigan, a Grand Rapids, e hanno una base pienamente operativa a <a href=\"https:\/\/comparemyjet.com\/it\/tour-privati\/naples-private-tours\/\" data-internallinksmanager029f6b8e52c=\"299\" title=\"11 Migliori Tour Privati di Napoli Da $90.53\">Napoli<\/a>, Florida.&nbsp;<\/p>\r\n\r\n\r\n\r\n<h2 class=\"wp-block-heading\"><span class=\"ez-toc-section\" id=\"Ways_to_Fly\"><\/span>Modi di volare<span class=\"ez-toc-section-end\"><\/span><\/h2>\r\n\r\n\r\n\r\n<p>Per soddisfare le vostre esigenze nel campo dell'aviazione, Northern Jet Management offre una gamma di soluzioni specializzate: dal programma di carte per aerei privati tutto compreso, noto come Private Advantage Card, alla gestione e all'acquisto di aerei completi, al leasing e alla consulenza.<\/p>\r\n\r\n\r\n\r\n<h3 class=\"wp-block-heading\"><span class=\"ez-toc-section\" id=\"Jet_Management\"><\/span>Gestione dei jet<span class=\"ez-toc-section-end\"><\/span><\/h3>\r\n\r\n\r\n\r\n<p>Con i Jet del Nord <a href=\"https:\/\/northernjet.net\/programs\/aircraft-management\/\" target=\"_blank\" rel=\"noopener\">soluzioni di gestione<\/a>Il servizio di trasporto a terra, le richieste speciali e il personale addetto alla programmazione sono disponibili 365 giorni all'anno, in base alle vostre esigenze. Il personale addetto alla contabilit\u00e0 controlla attentamente le spese e crea rapporti mensili sull'attivit\u00e0, i costi, la manutenzione e altre spese, in modo che siate sempre al corrente di qualsiasi attivit\u00e0 relativa al vostro aeromobile.<\/p>\r\n\r\n\r\n\r\n<p>Ogni aereo della flotta Northern Jet ha a bordo un equipaggio di volo altamente qualificato e ogni pilota ha un'abilitazione al volo per l'aereo che sta pilotando. Inoltre, tutti i dipendenti si sottopongono a un esame di 10 anni <a href=\"https:\/\/www.fbi.gov\/about\" target=\"_blank\" rel=\"noopener\">FBI<\/a> controlli sul passato come parte del processo di assunzione.<\/p>\r\n\r\n\r\n\r\n<h3 class=\"wp-block-heading\"><span class=\"ez-toc-section\" id=\"Company_Card_Program\"><\/span>Programma di carte aziendali<span class=\"ez-toc-section-end\"><\/span><\/h3>\r\n\r\n\r\n\r\n<p>Il <a href=\"https:\/\/northernjet.net\/programs\/jet-card\/\" target=\"_blank\" rel=\"noopener\"><strong>Carta vantaggi privata<\/strong><\/a> di Northern Jet Management \u00e8 una carta di 25 ore destinata ai viaggiatori di piacere su voli di sola andata tra il Midwest e la Florida. La carta gestita dalla societ\u00e0 <a href=\"https:\/\/comparemyjet.com\/it\/learjet\/\" data-internallinksmanager029f6b8e52c=\"149\" title=\"Guida definitiva ai jet e agli aerei privati Learjet\">Learjet<\/a> I 40XR sono presenti nel programma e i titolari di carta hanno anche la possibilit\u00e0 di scegliere il Learjet 70.&nbsp;<\/p>\r\n\r\n\r\n\r\n<p>Non ci sono costi di riposizionamento entro 180 miglia da&nbsp;<\/p>\r\n\r\n\r\n\r\n<ul class=\"wp-block-list\"><li>Grand Rapids;<\/li><li>Naples, Florida;<\/li><li><a href=\"https:\/\/comparemyjet.com\/it\/noleggio-di-jet-privati-a-chicago\/\" data-internallinksmanager029f6b8e52c=\"170\" title=\"Noleggio di jet privati a Chicago\">Chicago<\/a>, Illinois;<\/li><li>e Michigan.&nbsp;<\/li><\/ul>\r\n\r\n\r\n\r\n<p>Un prezzo orario all-inclusive e un preavviso di almeno 24 ore sono alcuni degli altri vantaggi offerti da questa carta, mentre per i titolari con sede nel Midwest non sono previste date non disponibili e costi di trasferimento.<\/p>\r\n\r\n\r\n\r\n<h3 class=\"wp-block-heading\"><span class=\"ez-toc-section\" id=\"Fractional_Jet_Ownership_Program\"><\/span>Programma di propriet\u00e0 frazionata di jet<span class=\"ez-toc-section-end\"><\/span><\/h3>\r\n\r\n\r\n\r\n<p>Il <a href=\"https:\/\/northernjet.net\/programs\/fractional-jet-ownership\/\" target=\"_blank\" rel=\"noopener\"><strong>Azienda Jet<\/strong><\/a> \u00e8 un <a href=\"https:\/\/comparemyjet.com\/it\/how-does-fractional-jet-ownership-work\/\" data-internallinksmanager029f6b8e52c=\"20\" title=\"Come funziona la propriet\u00e0 di un jet frazionato?\">propriet\u00e0 frazionata di jet<\/a> programma creato appositamente per le esigenze dei viaggiatori d'affari. I viaggiatori d'affari e le aziende sono gli unici destinatari del concetto di propriet\u00e0 condivisa di Company Jet.<\/p>\r\n\r\n\r\n\r\n<p>I membri hanno un assaggio di ci\u00f2 che significa possedere un aereo privato, senza le preoccupazioni legate alla gestione e alle operazioni, oltre al supporto completo di un team di esperti. La sottoscrizione di un contratto comporta un impegno di cinque anni e l'accessibilit\u00e0 garantita con un preavviso minimo di 12 ore. I servizi di concierge sono disponibili 24 ore su 24 e un team di specialisti del settore faciliter\u00e0 e offrir\u00e0 supporto in materia di finanza, contabilit\u00e0 e legislazione aeronautica.<\/p>\r\n\r\n\r\n\r\n<h3 class=\"wp-block-heading\"><span class=\"ez-toc-section\" id=\"Empty_Leg_Flights\"><\/span>Voli a vuoto<span class=\"ez-toc-section-end\"><\/span><\/h3>\r\n\r\n\r\n\r\n<p>L'azienda fa riferimento al proprio <a href=\"https:\/\/comparemyjet.com\/it\/how-to-book-empty-leg-flights\/\" data-internallinksmanager029f6b8e52c=\"24\" title=\"Come prenotare voli a vuoto\">voli a vuoto<\/a> come \"<a href=\"https:\/\/northernjet.net\/flight-opportunities\/\" target=\"_blank\" rel=\"noopener\">opportunit\u00e0 di volo<\/a>\". Un nome abbastanza appropriato, dato che questi voli sono una vera e propria fregatura. Chiunque pu\u00f2 iscriversi per ricevere e monitorare i voli a vuoto disponibili sul proprio account e-mail e cogliere l'opportunit\u00e0 di volare verso una delle proprie destinazioni a una frazione del costo.&nbsp;<\/p>\r\n\r\n\r\n\r\n<h3 class=\"wp-block-heading\"><span class=\"ez-toc-section\" id=\"Acquiring_or_Selling_an_Aircraft\"><\/span>Acquisto o vendita di un aeromobile<span class=\"ez-toc-section-end\"><\/span><\/h3>\r\n\r\n\r\n\r\n<p>Entrare a far parte di Northern Jet significa avere pieno accesso al loro team di professionisti, che hanno decenni di esperienza e contatti per identificare le migliori scelte di aeromobili su misura per le esigenze dei clienti in relazione a <a href=\"https:\/\/northernjet.net\/programs\/aircraft-acquisition-sales-brokerage\/\" target=\"_blank\" rel=\"noopener\">acquisto o vendita di un aeromobile nuovo o usato<\/a>.<\/p>\r\n\r\n\r\n\r\n<h2 class=\"wp-block-heading\"><span class=\"ez-toc-section\" id=\"Pricing\"><\/span>Prezzi<span class=\"ez-toc-section-end\"><\/span><\/h2>\r\n\r\n\r\n\r\n<figure class=\"wp-block-image size-full is-style-default\"><img loading=\"lazy\" decoding=\"async\" width=\"1000\" height=\"667\" src=\"https:\/\/comparemyjet.com\/wp-content\/uploads\/2022\/06\/woman.in_.blue_.dress_.enjoying.view_.from_.private.jet_.jpg\" alt=\"\" class=\"wp-image-2997\" srcset=\"https:\/\/comparemyjet.com\/wp-content\/uploads\/2022\/06\/woman.in_.blue_.dress_.enjoying.view_.from_.private.jet_-18x12.jpg 18w, https:\/\/comparemyjet.com\/wp-content\/uploads\/2022\/06\/woman.in_.blue_.dress_.enjoying.view_.from_.private.jet_-300x200.jpg 300w, https:\/\/comparemyjet.com\/wp-content\/uploads\/2022\/06\/woman.in_.blue_.dress_.enjoying.view_.from_.private.jet_-768x512.jpg 768w, https:\/\/comparemyjet.com\/wp-content\/uploads\/2022\/06\/woman.in_.blue_.dress_.enjoying.view_.from_.private.jet_.jpg 1000w\" sizes=\"auto, (max-width: 1000px) 100vw, 1000px\" \/><\/figure>\r\n\r\n\r\n\r\n<p>Northern Jet Management \u00e8 famosa per i suoi prezzi accessibili, la dedizione ai pi\u00f9 alti standard di sicurezza e l'attenzione alle esigenze dei suoi clienti.<\/p>\r\n\r\n\r\n\r\n<p>Per diventare titolare della Private Advantage Card di Northern Jet Management \u00e8 necessario pagare una commissione di apertura di poco meno di $165.000.&nbsp;<\/p>\r\n\r\n\r\n\r\n<p>I passeggeri che seguono e ottengono il vantaggio dei voli a vuoto elencati sul sito web della compagnia risparmiano $1.000 sulla tariffa standard per ora.<\/p>\r\n\r\n\r\n\r\n<h2 class=\"wp-block-heading\"><span class=\"ez-toc-section\" id=\"The_Fleet\"><\/span>La flotta&nbsp;<span class=\"ez-toc-section-end\"><\/span><\/h2>\r\n\r\n\r\n\r\n<p>Ogni singolo jet della flotta di 20 aerei di Northern Jet Management \u00e8 gestito da professionisti dell'aviazione con esperienza. Tutti i modelli sono nuovi e moderni, con jet di medie e super medie dimensioni come categoria principale e dominante.&nbsp;<\/p>\r\n\r\n\r\n\r\n<h3 class=\"wp-block-heading\"><span class=\"ez-toc-section\" id=\"1_Midsize_Private_Jets\"><\/span>1. Jet privati di medie dimensioni<span class=\"ez-toc-section-end\"><\/span><\/h3>\r\n\r\n\r\n\r\n<p>Per i viaggi personali e aziendali, il noleggio di un aereo di medie dimensioni vi garantir\u00e0 un volo confortevole e a lungo raggio. Gli aerei di medie dimensioni sono popolari tra i passeggeri business e leisure grazie alle cabine spaziose, allo spazio adeguato per i bagagli e ai servizi premium.<\/p>\r\n\r\n\r\n\r\n<h4 class=\"wp-block-heading\"><span class=\"ez-toc-section\" id=\"Our_Recommendation_Learjet_40\"><\/span>La nostra raccomandazione: Learjet 40<span class=\"ez-toc-section-end\"><\/span><\/h4>\r\n\r\n\r\n\r\n<p>Il Learjet 40 \u00e8 un piccolo aereo d'affari prodotto da <a href=\"https:\/\/comparemyjet.com\/it\/bombardiere\/\" data-internallinksmanager029f6b8e52c=\"159\" title=\"Guida definitiva ai jet e agli aerei privati Bombardier\">Bombardiere<\/a> Learjet. \u00c8 alimentato da due motori, gli interni sono pi\u00f9 grandi rispetto ai suoi rivali e il suo design \u00e8 fonte di ispirazione per i modelli futuri. Tuttavia, la carrozzeria \u00e8 pi\u00f9 corta e il serbatoio del carburante \u00e8 pi\u00f9 piccolo rispetto a quello del Learjet 45.&nbsp;<\/p>\r\n\r\n\r\n\r\n<p>Specifiche:<\/p>\r\n\r\n\r\n\r\n<ul class=\"wp-block-list\"><li>Passeggeri: 7;<\/li><li>Altezza esterna: 14 ft 2 in;<\/li><li>Lunghezza totale: 55 ft 5 in;<\/li><li>Apertura alare: 47 ft 9 in;<\/li><li>Larghezza della cabina: 5 ft 1 in;<\/li><li>Altezza della cabina: 4 piedi e 11 pollici;<\/li><li>Lunghezza della cabina: 17 ft 8 in;<\/li><li>Raggio di volo massimo: 1707 nm;<\/li><li>Velocit\u00e0 massima di crociera: 465 kts;<\/li><li>Spazio per il bagaglio esterno: 50 piedi cubi;<\/li><li>Spazio interno per il bagaglio: 15 piedi cubi;<\/li><li>Equipaggio: 2.<\/li><\/ul>\r\n\r\n\r\n\r\n<p>Northern Jet Management offre aeromobili efficienti e convenienti nel suo catalogo di jet privati di medie dimensioni, tra cui il <em>Serie 45 di Bombardier<\/em>, <em><a href=\"https:\/\/comparemyjet.com\/it\/corrente-del-golfo\/\" data-internallinksmanager029f6b8e52c=\"175\" title=\"Guida definitiva ai jet e agli aerei privati Gulfstream\">Gulfstream<\/a> G150<\/em>, <em>Learjet 70\/75<\/em>, <em>Learjet 45XR<\/em>e il nostro modello consigliato, <em>Learjet 40<\/em>.<\/p>\r\n\r\n\r\n\r\n<h3 class=\"wp-block-heading\"><span class=\"ez-toc-section\" id=\"2_Super-Midsize_Private_Jets\"><\/span>2. Jet privati di medie dimensioni&nbsp;<span class=\"ez-toc-section-end\"><\/span><\/h3>\r\n\r\n\r\n\r\n<p>I jet della categoria super-midsize possono volare fino a 6 ore, 2 ore in pi\u00f9 rispetto alla categoria precedente, il che li rende ideali per i voli internazionali. I passeggeri hanno accesso a cabine spaziose e a servizi di prima qualit\u00e0, compreso un maggiore spazio per i bagagli.<\/p>\r\n\r\n\r\n\r\n<h4 class=\"wp-block-heading\"><span class=\"ez-toc-section\" id=\"Our_Recommendation_Cessna_Citation_Sovereign\"><\/span>Il nostro consiglio: Cessna Citation Sovereign<span class=\"ez-toc-section-end\"><\/span><\/h4>\r\n\r\n\r\n\r\n<p>Il Sovereign, prodotto da un costruttore americano - <a href=\"https:\/\/comparemyjet.com\/it\/cessna\/\" data-internallinksmanager029f6b8e52c=\"145\" title=\"Guida definitiva ai jet e agli aerei privati Cessna\">Cessna<\/a>\u00e8 un aereo transcontinentale. Le caratteristiche del design del Citation Sovereign includono un corpo lungo, ali ridisegnate, cabina di pilotaggio in vetro con quattro pannelli LCD e due motori.&nbsp;<\/p>\r\n\r\n\r\n\r\n<p>Specifiche:&nbsp;<\/p>\r\n\r\n\r\n\r\n<ul class=\"wp-block-list\"><li>Passeggeri: 9;<\/li><li>Altezza esterna: 20 ft 4 in;<\/li><li>Lunghezza totale: 63 piedi e 6 pollici;<\/li><li>Apertura alare: 63 ft 4 in;<\/li><li>Larghezza della cabina: 5 ft 6 in;<\/li><li>Altezza della cabina: 5 ft 8 in;<\/li><li>Lunghezza della cabina: 25 ft 3 in;<\/li><li>Raggio di volo massimo: 3010 nm;<\/li><li>Velocit\u00e0 massima di crociera: 459 kts;<\/li><li>Equipaggio: 2;<\/li><li>Spazio interno per i bagagli: 35 piedi cubi;<\/li><li>Spazio per il bagaglio esterno: 100 piedi cubi.<\/li><\/ul>\r\n\r\n\r\n\r\n<p>Northern Jet Management offre due aeromobili sicuri ed efficienti nel suo catalogo di jet privati di medie dimensioni, il <em>Challenger 300<\/em> e il nostro modello consigliato <em>Cessna Citation Sovereign<\/em>.<\/p>\r\n\r\n\r\n\r\n<h2 class=\"wp-block-heading\"><span class=\"ez-toc-section\" id=\"Company_Safety_Policy_and_Standards\"><\/span>Politica e standard di sicurezza dell'azienda<span class=\"ez-toc-section-end\"><\/span><\/h2>\r\n\r\n\r\n\r\n<p>Il team di Northern Jet Management conduce regolarmente audit interni e valutazioni di processi, pratiche, operazioni e servizi in oltre 40 aree operative.<\/p>\r\n\r\n\r\n\r\n<p>Inoltre, Northern Jet Management ha <a href=\"https:\/\/www.argus.aero\/\" target=\"_blank\" rel=\"noopener\">ARGUS<\/a> Platino e <a href=\"https:\/\/www.acsf.aero\/\" target=\"_blank\" rel=\"noopener\">ACSF<\/a> accreditamento e utilizza esclusivamente meccanici con <a href=\"https:\/\/www.faa.gov\/\" target=\"_blank\" rel=\"noopener\">FAA<\/a> licenze. Inoltre, Northern Jet Management ha ottenuto l'approvazione di fase 3 da parte dell'Agenzia per la sicurezza alimentare. <a href=\"https:\/\/ibac.org\/is-bao\" target=\"_blank\" rel=\"noopener\">Standard internazionale per le operazioni degli aeromobili d'affari<\/a> (IS-BAO).<\/p>\r\n\r\n\r\n\r\n<h2 class=\"wp-block-heading\"><span class=\"ez-toc-section\" id=\"The_Staff\"><\/span>Il personale<span class=\"ez-toc-section-end\"><\/span><\/h2>\r\n\r\n\r\n\r\n<figure class=\"wp-block-image size-full is-style-default\"><img loading=\"lazy\" decoding=\"async\" width=\"1000\" height=\"667\" src=\"https:\/\/comparemyjet.com\/wp-content\/uploads\/2022\/07\/private.jet_.pilots.in_.cockpit.jpg\" alt=\"\" class=\"wp-image-3072\" srcset=\"https:\/\/comparemyjet.com\/wp-content\/uploads\/2022\/07\/private.jet_.pilots.in_.cockpit-18x12.jpg 18w, https:\/\/comparemyjet.com\/wp-content\/uploads\/2022\/07\/private.jet_.pilots.in_.cockpit-300x200.jpg 300w, https:\/\/comparemyjet.com\/wp-content\/uploads\/2022\/07\/private.jet_.pilots.in_.cockpit-768x512.jpg 768w, https:\/\/comparemyjet.com\/wp-content\/uploads\/2022\/07\/private.jet_.pilots.in_.cockpit.jpg 1000w\" sizes=\"auto, (max-width: 1000px) 100vw, 1000px\" \/><\/figure>\r\n\r\n\r\n\r\n<p>Northern Jet Management migliora e modifica costantemente le operazioni aziendali per garantire i pi\u00f9 alti standard di sicurezza.<\/p>\r\n\r\n\r\n\r\n<p>Il loro personale viene continuamente addestrato al volo da <a href=\"https:\/\/www.cae.com\/\" target=\"_blank\" rel=\"noopener\">CAE<\/a> o <a href=\"https:\/\/www.flightsafety.com\/\" target=\"_blank\" rel=\"noopener\">FlightSafety International<\/a>. Ogni segmento di volo inizia con un'analisi dei rischi per la sicurezza da parte dell'equipaggio. Inoltre, l'equipaggio riceve una formazione interna attraverso il <a href=\"https:\/\/www.nata.aero\/education-and-training\/safety-1st\" target=\"_blank\" rel=\"noopener\">Programma nazionale di formazione sulla sicurezza del trasporto aereo<\/a>.<\/p>\r\n\r\n\r\n\r\n<p>Per aiutare i piloti nuovi e attuali, i piloti senior certificati agiscono come specialisti interni che offrono la loro esperienza al team di gestione quando si tratta di procedure operative.<\/p>\r\n\r\n\r\n\r\n<h2 class=\"wp-block-heading\"><span class=\"ez-toc-section\" id=\"Conclusion\"><\/span>Conclusione<span class=\"ez-toc-section-end\"><\/span><\/h2>\r\n\r\n\r\n\r\n<p>I passeggeri che desiderano la libert\u00e0 e la comodit\u00e0 garantite dai viaggi in jet privato sono pi\u00f9 che benvenuti a volare con Northern Jet Management. Grazie alla sua dedizione a fornire un servizio di qualit\u00e0, la societ\u00e0 vi far\u00e0 risparmiare il tempo necessario per la prenotazione e la pianificazione. Northern Jet Management \u00e8 la societ\u00e0 di aerei privati leader nel Midwest, grazie alla propriet\u00e0 frazionata e alle soluzioni di gestione degli aerei.<\/p>","protected":false},"excerpt":{"rendered":"<p>Northern Jet Management, fornitore di jet d'\u00e9lite, offre una gestione completa degli aeromobili, un programma di propriet\u00e0 condivisa, charter on-demand, acquisto e vendita di aeromobili a societ\u00e0 e privati. Vola verso pi\u00f9 di 3.400 destinazioni negli Stati Uniti, nei Caraibi, in Messico e in Canada. Vediamo nel dettaglio cosa offrono, ma prima di tutto una breve panoramica ...<\/p>","protected":false},"author":2,"featured_media":3188,"parent":0,"menu_order":0,"comment_status":"closed","ping_status":"closed","template":"","meta":{"_acf_changed":false,"_genesis_hide_title":false,"_genesis_hide_breadcrumbs":false,"_genesis_hide_singular_image":false,"_genesis_hide_footer_widgets":false,"_genesis_custom_body_class":"","_genesis_custom_post_class":"","_genesis_layout":"","footnotes":""},"class_list":{"1":"page","2":"type-page","6":"entry"},"acf":[],"_links":{"self":[{"href":"https:\/\/comparemyjet.com\/it\/wp-json\/wp\/v2\/pages\/3187","targetHints":{"allow":["GET"]}}],"collection":[{"href":"https:\/\/comparemyjet.com\/it\/wp-json\/wp\/v2\/pages"}],"about":[{"href":"https:\/\/comparemyjet.com\/it\/wp-json\/wp\/v2\/types\/page"}],"author":[{"embeddable":true,"href":"https:\/\/comparemyjet.com\/it\/wp-json\/wp\/v2\/users\/2"}],"replies":[{"embeddable":true,"href":"https:\/\/comparemyjet.com\/it\/wp-json\/wp\/v2\/comments?post=3187"}],"version-history":[{"count":1,"href":"https:\/\/comparemyjet.com\/it\/wp-json\/wp\/v2\/pages\/3187\/revisions"}],"predecessor-version":[{"id":3191,"href":"https:\/\/comparemyjet.com\/it\/wp-json\/wp\/v2\/pages\/3187\/revisions\/3191"}],"wp:featuredmedia":[{"embeddable":true,"href":"https:\/\/comparemyjet.com\/it\/wp-json\/wp\/v2\/media\/3188"}],"wp:attachment":[{"href":"https:\/\/comparemyjet.com\/it\/wp-json\/wp\/v2\/media?parent=3187"}],"curies":[{"name":"wp","href":"https:\/\/api.w.org\/{rel}","templated":true}]}}