{"id":3223,"date":"2022-08-23T00:45:05","date_gmt":"2022-08-23T00:45:05","guid":{"rendered":"https:\/\/comparemyjet.com\/?page_id=3223"},"modified":"2025-09-04T09:58:21","modified_gmt":"2025-09-04T09:58:21","slug":"grandview-aviation","status":"publish","type":"page","link":"https:\/\/comparemyjet.com\/it\/grandview-aviation\/","title":{"rendered":"Prezzi dei voli GrandView Aviation"},"content":{"rendered":"<p>GrandView Aviation \u00e8 una societ\u00e0 con sede a Baltimora. <a href=\"https:\/\/comparemyjet.com\/it\/how-do-you-rent-or-charter-a-private-jet\/\" data-internallinksmanager029f6b8e52c=\"15\" title=\"Come si fa a noleggiare un jet privato?\">noleggio di jet privati<\/a> che opera negli Stati Uniti. \u00c8 possibile volare in tutto il Paese con i loro jet Phenom 300 e noleggiare i loro aerei. <a href=\"https:\/\/comparemyjet.com\/it\/sikorsky\/\" data-internallinksmanager029f6b8e52c=\"160\" title=\"Guida definitiva ai jet ed elicotteri privati Sikorsky\">Sikorsky<\/a> Elicotteri S-76D e Bell 407GXI a Baltimora e Washington, D.C.<\/p>\r\n\r\n\r\n\r\n<p>Poich\u00e9 la compagnia \u00e8 certificata Wyvern Wingman, i suoi piloti seguono le pi\u00f9 recenti e migliori pratiche di sicurezza, mentre l'equipaggio si impegna a fornire un servizio senza pari. Il reparto charter \u00e8 pronto per itinerari e voli personalizzati 24 ore su 24, sette giorni su sette.<\/p>\r\n\r\n\r\n\r\n<p>Vediamo di cosa si tratta.<\/p>\r\n\r\n\r\n\r\n<div id=\"ez-toc-container\" class=\"ez-toc-v2_0_76 counter-hierarchy ez-toc-counter ez-toc-grey ez-toc-container-direction\">\n<p class=\"ez-toc-title\" style=\"cursor:inherit\">Argomenti<\/p>\n<label for=\"ez-toc-cssicon-toggle-item-69d789df2ead1\" class=\"ez-toc-cssicon-toggle-label\"><span class=\"\"><span class=\"eztoc-hide\" style=\"display:none;\">Toggle<\/span><span class=\"ez-toc-icon-toggle-span\"><svg style=\"fill: #999;color:#999\" xmlns=\"http:\/\/www.w3.org\/2000\/svg\" class=\"list-377408\" width=\"20px\" height=\"20px\" viewbox=\"0 0 24 24\" fill=\"none\"><path d=\"M6 6H4v2h2V6zm14 0H8v2h12V6zM4 11h2v2H4v-2zm16 0H8v2h12v-2zM4 16h2v2H4v-2zm16 0H8v2h12v-2z\" fill=\"currentColor\"><\/path><\/svg><svg style=\"fill: #999;color:#999\" class=\"arrow-unsorted-368013\" xmlns=\"http:\/\/www.w3.org\/2000\/svg\" width=\"10px\" height=\"10px\" viewbox=\"0 0 24 24\" version=\"1.2\" baseprofile=\"tiny\"><path d=\"M18.2 9.3l-6.2-6.3-6.2 6.3c-.2.2-.3.4-.3.7s.1.5.3.7c.2.2.4.3.7.3h11c.3 0 .5-.1.7-.3.2-.2.3-.5.3-.7s-.1-.5-.3-.7zM5.8 14.7l6.2 6.3 6.2-6.3c.2-.2.3-.5.3-.7s-.1-.5-.3-.7c-.2-.2-.4-.3-.7-.3h-11c-.3 0-.5.1-.7.3-.2.2-.3.5-.3.7s.1.5.3.7z\"\/><\/svg><\/span><\/span><\/label><input type=\"checkbox\"  id=\"ez-toc-cssicon-toggle-item-69d789df2ead1\" checked aria-label=\"Toggle\" \/><nav><ul class='ez-toc-list ez-toc-list-level-1' ><li class='ez-toc-page-1 ez-toc-heading-level-2'><a class=\"ez-toc-link ez-toc-heading-1\" href=\"https:\/\/comparemyjet.com\/it\/grandview-aviation\/#About_the_Company\" >Informazioni sull'azienda<\/a><\/li><li class='ez-toc-page-1 ez-toc-heading-level-2'><a class=\"ez-toc-link ez-toc-heading-2\" href=\"https:\/\/comparemyjet.com\/it\/grandview-aviation\/#Empty_Leg_Flight\" >Volo a vuoto<\/a><\/li><li class='ez-toc-page-1 ez-toc-heading-level-2'><a class=\"ez-toc-link ez-toc-heading-3\" href=\"https:\/\/comparemyjet.com\/it\/grandview-aviation\/#Company_Card_Programs\" >Programmi di carte aziendali<\/a><\/li><li class='ez-toc-page-1 ez-toc-heading-level-2'><a class=\"ez-toc-link ez-toc-heading-4\" href=\"https:\/\/comparemyjet.com\/it\/grandview-aviation\/#Pricing\" >Prezzi<\/a><\/li><li class='ez-toc-page-1 ez-toc-heading-level-2'><a class=\"ez-toc-link ez-toc-heading-5\" href=\"https:\/\/comparemyjet.com\/it\/grandview-aviation\/#The_Fleet\" >La flotta&nbsp;<\/a><ul class='ez-toc-list-level-3' ><li class='ez-toc-heading-level-3'><a class=\"ez-toc-link ez-toc-heading-6\" href=\"https:\/\/comparemyjet.com\/it\/grandview-aviation\/#1_Light_Private_Jets\" >1. Jet privati leggeri<\/a><ul class='ez-toc-list-level-4' ><li class='ez-toc-heading-level-4'><a class=\"ez-toc-link ez-toc-heading-7\" href=\"https:\/\/comparemyjet.com\/it\/grandview-aviation\/#Our_Recommendation_Embraer_Phenom_300\" >La nostra raccomandazione: Embraer Phenom 300<\/a><\/li><\/ul><\/li><li class='ez-toc-page-1 ez-toc-heading-level-3'><a class=\"ez-toc-link ez-toc-heading-8\" href=\"https:\/\/comparemyjet.com\/it\/grandview-aviation\/#2_Helicopters\" >2. Elicotteri<\/a><ul class='ez-toc-list-level-4' ><li class='ez-toc-heading-level-4'><a class=\"ez-toc-link ez-toc-heading-9\" href=\"https:\/\/comparemyjet.com\/it\/grandview-aviation\/#Our_Recommendation_Bell_407GXI\" >La nostra raccomandazione: Bell 407GXI<\/a><\/li><\/ul><\/li><\/ul><\/li><li class='ez-toc-page-1 ez-toc-heading-level-2'><a class=\"ez-toc-link ez-toc-heading-10\" href=\"https:\/\/comparemyjet.com\/it\/grandview-aviation\/#Company_Safety_Policy_and_Standards\" >Politica e standard di sicurezza dell'azienda<\/a><\/li><li class='ez-toc-page-1 ez-toc-heading-level-2'><a class=\"ez-toc-link ez-toc-heading-11\" href=\"https:\/\/comparemyjet.com\/it\/grandview-aviation\/#The_Staff\" >Il personale<\/a><\/li><li class='ez-toc-page-1 ez-toc-heading-level-2'><a class=\"ez-toc-link ez-toc-heading-12\" href=\"https:\/\/comparemyjet.com\/it\/grandview-aviation\/#Conclusion\" >Conclusione<\/a><\/li><\/ul><\/nav><\/div>\n<h2 class=\"wp-block-heading\"><span class=\"ez-toc-section\" id=\"About_the_Company\"><\/span>Informazioni sull'azienda<span class=\"ez-toc-section-end\"><\/span><\/h2>\r\n\r\n\r\n\r\n<p>GrandView Aviation \u00e8 una societ\u00e0 privata fondata nel 2004, con Jerry Edwards come amministratore delegato. L'azienda possiede una flotta di <a href=\"https:\/\/comparemyjet.com\/it\/embraer\/\" data-internallinksmanager029f6b8e52c=\"151\" title=\"Guida definitiva ai jet e agli aerei privati Embraer\">Embraer<\/a> Phenom 300 e ha circa 130 dipendenti.<\/p>\r\n\r\n\r\n\r\n<p>Il programma di base di GrandView Aviation prevede un deposito di $150.000 senza garanzia di disponibilit\u00e0.<\/p>\r\n\r\n\r\n\r\n<p>Oltre a noleggiare aerei privati, l'azienda \u00e8 un pioniere nel trasporto di organi per trapianti, avendo trasportato pi\u00f9 di 250 \u00e9quipe chirurgiche salvavita nel 2021 e pi\u00f9 di 2.200 dall'inizio della sua attivit\u00e0.<\/p>\r\n\r\n\r\n\r\n<p>L'ultima notizia che abbiamo su GrandView Aviation \u00e8 che Global Medical Response (GMR) ha annunciato l'acquisizione della societ\u00e0 nel 2022. Global Medical Response fornisce assistenza medica di alta qualit\u00e0, soprattutto nei servizi di emergenza e di trasferimento dei pazienti negli Stati Uniti e in tutto il mondo, motivo per cui questa mossa ha molto senso.&nbsp;<\/p>\r\n\r\n\r\n\r\n<p>Grazie alla sua recente crescita, l'azienda ha sedi in <a href=\"https:\/\/comparemyjet.com\/it\/tour-privati\/atlanta-private-tours\/\" data-internallinksmanager029f6b8e52c=\"403\" title=\"11 migliori tour privati di Atlanta da $89.99\">Atlanta<\/a>, <a href=\"https:\/\/comparemyjet.com\/it\/tour-privati\/austin-private-tours\/\" data-internallinksmanager029f6b8e52c=\"404\" title=\"11 migliori tour privati di Austin da $25.00\">Austin<\/a>, Baltimora, <a href=\"https:\/\/comparemyjet.com\/it\/noleggio-di-jet-privati-a-boston\/\" data-internallinksmanager029f6b8e52c=\"177\" title=\"Noleggio di jet privati a Boston\">Boston<\/a>, <a href=\"https:\/\/comparemyjet.com\/it\/noleggio-di-jet-privati-a-chicago\/\" data-internallinksmanager029f6b8e52c=\"170\" title=\"Noleggio di jet privati a Chicago\">Chicago<\/a>, <a href=\"https:\/\/comparemyjet.com\/it\/tour-privati\/denver-private-tours\/\" data-internallinksmanager029f6b8e52c=\"410\" title=\"11 migliori tour privati di Denver da $49.00\">Denver<\/a>, <a href=\"https:\/\/comparemyjet.com\/it\/tour-privati\/los-angeles-private-tours\/\" data-internallinksmanager029f6b8e52c=\"421\" title=\"11 migliori tour privati di Los Angeles da $55.00\">Los Angeles<\/a>e Scottsdale.<\/p>\r\n\r\n\r\n\r\n<h2 class=\"wp-block-heading\"><span class=\"ez-toc-section\" id=\"Empty_Leg_Flight\"><\/span>Volo a vuoto<span class=\"ez-toc-section-end\"><\/span><\/h2>\r\n\r\n\r\n\r\n<p>Oltre ai normali charter, GrandView Aviation pu\u00f2 aiutarvi a <a href=\"https:\/\/comparemyjet.com\/it\/how-to-book-empty-leg-flights\/\" data-internallinksmanager029f6b8e52c=\"24\" title=\"Come prenotare voli a vuoto\">prenotare voli a vuoto<\/a>. Una tratta vuota \u00e8 un volo gi\u00e0 programmato per una destinazione specifica senza passeggeri. I voli a vuoto sono generalmente disponibili quando un aereo deve essere spostato o restituito per un'altra rotta.&nbsp;<\/p>\r\n\r\n\r\n\r\n<p>Se per alcuni viaggi \u00e8 possibile organizzarsi all'ultimo momento, un <a href=\"https:\/\/flygv.com\/empty-legs\/\" target=\"_blank\" rel=\"noopener\">volo a vuoto<\/a> \u00e8 sempre un'opzione ideale, poich\u00e9 \u00e8 molto pi\u00f9 economica della tariffa standard.&nbsp;<\/p>\r\n\r\n\r\n\r\n<h2 class=\"wp-block-heading\"><span class=\"ez-toc-section\" id=\"Company_Card_Programs\"><\/span>Programmi di carte aziendali<span class=\"ez-toc-section-end\"><\/span><\/h2>\r\n\r\n\r\n\r\n<p>GrandView Aviation offre due tipi di pacchetti di iscrizione per i frequent flyer: <strong><em>Altitudine Miglia<\/em><\/strong> e <strong><em>Miglia di Altitude Plus<\/em><\/strong>.&nbsp;<\/p>\r\n\r\n\r\n\r\n<p>Per diventare membro del programma di carte jet GrandView Aviations <strong>Altitudine Plus<\/strong>\u00e8 necessario effettuare un deposito di $150.000. Con il deposito si ottiene immediatamente un blocco del tasso per 24 mesi e si pu\u00f2 usufruire di prezzi fissi per oltre 65 destinazioni, compreso uno sconto di 10% su ogni volo. Viaggiando pi\u00f9 spesso, guadagnerete pi\u00f9 vantaggi e privilegi, come ad esempio:<\/p>\r\n\r\n\r\n\r\n<ul class=\"wp-block-list\"><li>Ristorazione a bordo&nbsp;<\/li><li>Crediti di volo&nbsp;<\/li><li>Cancellazioni flessibili - GrandView rimborser\u00e0 il costo del biglietto sul vostro conto.<\/li><li>$200 credito catering per ogni giorno di volo effettuato<\/li><li>Offerte di voli a vuoto<\/li><\/ul>\r\n\r\n\r\n\r\n<p>A differenza di Altitude Plus, \u00e8 gratuito diventare un <strong>Altitudine Miglia <\/strong>ma non otterrete sconti sui voli o prezzi fissi. I viaggiatori frequenti possono guadagnare vantaggi e privilegi, come ad esempio:<\/p>\r\n\r\n\r\n\r\n<ul class=\"wp-block-list\"><li>Ristorazione a bordo&nbsp;<\/li><li>Crediti di volo&nbsp;<\/li><li>Cancellazioni flessibili - GrandView rimborser\u00e0 il costo del biglietto sul vostro conto.<\/li><li>$200 credito catering per ogni giorno di volo<\/li><li>Offerte di voli a vuoto<\/li><\/ul>\r\n\r\n\r\n\r\n<h2 class=\"wp-block-heading\"><span class=\"ez-toc-section\" id=\"Pricing\"><\/span>Prezzi<span class=\"ez-toc-section-end\"><\/span><\/h2>\r\n\r\n\r\n\r\n<p>La tariffa oraria \u00e8 garantita per i membri e i costi sono calcolati in base alle ore di volo totali. Il prezzo include il riposizionamento da Atlanta, Austin, Baltimora, Boston, Chicago, Denver, Los Angeles e Scottsdale. Sono previsti costi di trasporto fissi per oltre 65 destinazioni principali.&nbsp;<\/p>\r\n\r\n\r\n\r\n<p>Il costo orario del volo con la loro flotta di Phenom 300 parte da circa $3.100, inclusa la FET (Federal Excise Tax) ma senza alcuna tassa di riposizionamento.<\/p>\r\n\r\n\r\n\r\n<h2 class=\"wp-block-heading\"><span class=\"ez-toc-section\" id=\"The_Fleet\"><\/span>La flotta&nbsp;<span class=\"ez-toc-section-end\"><\/span><\/h2>\r\n\r\n\r\n\r\n<figure class=\"wp-block-image size-full is-style-default\"><img loading=\"lazy\" decoding=\"async\" width=\"1000\" height=\"667\" src=\"https:\/\/comparemyjet.com\/wp-content\/uploads\/2022\/08\/phenom300.jet_.jpg\" alt=\"\" class=\"wp-image-3224\" srcset=\"https:\/\/comparemyjet.com\/wp-content\/uploads\/2022\/08\/phenom300.jet_-18x12.jpg 18w, https:\/\/comparemyjet.com\/wp-content\/uploads\/2022\/08\/phenom300.jet_-300x200.jpg 300w, https:\/\/comparemyjet.com\/wp-content\/uploads\/2022\/08\/phenom300.jet_-768x512.jpg 768w, https:\/\/comparemyjet.com\/wp-content\/uploads\/2022\/08\/phenom300.jet_.jpg 1000w\" sizes=\"auto, (max-width: 1000px) 100vw, 1000px\" \/><\/figure>\r\n\r\n\r\n\r\n<p>GrandView Aviation gestisce la sua flotta di aerei privati Phenom 300 e alcuni elicotteri nei suoi hub di Boston, Baltimora\/DC, Los Angeles, Chicago, Atlanta e Austin, <a href=\"https:\/\/comparemyjet.com\/it\/noleggio-di-jet-privati-a-fenice\/\" data-internallinksmanager029f6b8e52c=\"199\" title=\"Noleggio di jet privati a Phoenix\">Phoenix<\/a>e Denver.<\/p>\r\n\r\n\r\n\r\n<h3 class=\"wp-block-heading\"><span class=\"ez-toc-section\" id=\"1_Light_Private_Jets\"><\/span>1. Jet privati leggeri<span class=\"ez-toc-section-end\"><\/span><\/h3>\r\n\r\n\r\n\r\n<p>Rispetto agli elicotteri, i jet leggeri sono pi\u00f9 grandi e hanno una maggiore autonomia. Possono trasportare fino a otto passeggeri in tutta comodit\u00e0 grazie alla cabina pi\u00f9 ampia e al deposito bagagli.<\/p>\r\n\r\n\r\n\r\n<p>Gli aerei leggeri possono anche atterrare e decollare da piccole piste e aeroporti locali, consentendo di visitare aree difficili da raggiungere e aeroporti con piste pi\u00f9 corte.<\/p>\r\n\r\n\r\n\r\n<h4 class=\"wp-block-heading\"><span class=\"ez-toc-section\" id=\"Our_Recommendation_Embraer_Phenom_300\"><\/span>La nostra raccomandazione: Embraer Phenom 300<span class=\"ez-toc-section-end\"><\/span><\/h4>\r\n\r\n\r\n\r\n<p>Il Phenom 300 pu\u00f2 ospitare fino a 8 persone e la spaziosa cabina offre molto spazio per i bagagli. C'\u00e8 spazio a sufficienza per l'attrezzatura da golf, le borse e altri oggetti necessari per il viaggio. L'interno offre un comodo spazio per le gambe e dispone di arredi di alto livello, come poltrone reclinabili in pelle, tavoli in legno e moquette, oltre a una toilette. Oltre agli spuntini e al vino in omaggio, su richiesta possono fornire un servizio di catering in volo.&nbsp;<\/p>\r\n\r\n\r\n\r\n<p>Dal 2013 al 2015, il Phenom 300 \u00e8 stato il business jet pi\u00f9 popolare. L'autonomia di questo aereo \u00e8 superiore a quella della maggior parte degli altri jet leggeri, offrendo le prestazioni di un jet di medie dimensioni a costi inferiori.&nbsp;<\/p>\r\n\r\n\r\n\r\n<p>Specifiche e dotazioni del Phenom 300:<\/p>\r\n\r\n\r\n\r\n<ul class=\"wp-block-list\"><li>Passeggeri: 8;<\/li><li>Altezza della cabina: 4 piedi e 11 pollici;<\/li><li>Larghezza della cabina: 5 ft 1 in;<\/li><li>Lunghezza della cabina: 17 ft 2 in;<\/li><li>Altezza esterna: 16 ft 5 in;<\/li><li>Bagaglio esterno: 66 piedi cubi;<\/li><li>Bagaglio interno: 19 piedi cubi;<\/li><li>Velocit\u00e0 massima: 453 kts;<\/li><li>Gamma massima: 2077 nm;<\/li><li>Velocit\u00e0 di salita: 3335 fpm;<\/li><li>Equipaggio: 2;<\/li><li>Internet senza fili;<\/li><li>Lavandino;<\/li><li>Prese di corrente e servizio di telefono satellitare.<\/li><\/ul>\r\n\r\n\r\n\r\n<p><em>Il Phenom 300<\/em> Gli aerei charter sono dislocati a Baltimora\/DC, Chicago, Austin, Atlanta e Scottsdale, permettendovi di volare dal Mid-Atlantic, dal Northeast e dagli Stati Uniti centrali.&nbsp;<\/p>\r\n\r\n\r\n\r\n<h3 class=\"wp-block-heading\"><span class=\"ez-toc-section\" id=\"2_Helicopters\"><\/span>2. Elicotteri<span class=\"ez-toc-section-end\"><\/span><\/h3>\r\n\r\n\r\n\r\n<p>I charter di elicotteri consentono di decollare e atterrare in qualsiasi luogo preciso, compresi eliporti, resort e persino case private. Possono atterrare quasi ovunque in caso di emergenza e presentano meno pericoli per i passeggeri. Tuttavia, sono pi\u00f9 facilmente influenzati dalle condizioni atmosferiche e il volo pu\u00f2 essere cancellato se le circostanze meteorologiche non sono ideali.&nbsp;<\/p>\r\n\r\n\r\n\r\n<p>GrandView Aviation offre elicotteri VIP con sistemi di intrattenimento in volo e spazio per un massimo di 12 passeggeri. Tutti i charter in elicottero sono gestiti da due piloti esperti per garantire ai clienti sicurezza e protezione ottimali.<\/p>\r\n\r\n\r\n\r\n<h4 class=\"wp-block-heading\"><span class=\"ez-toc-section\" id=\"Our_Recommendation_Bell_407GXI\"><\/span>La nostra raccomandazione: Bell 407GXI<span class=\"ez-toc-section-end\"><\/span><\/h4>\r\n\r\n\r\n\r\n<p>Il Bell 407GXI \u00e8 un elicottero monomotore multiuso a quattro pale lanciato per la prima volta nel 1995. Il materiale composito utilizzato per le pale e il mozzo aumenta le prestazioni e garantisce un volo pi\u00f9 confortevole. \u00c8 spesso utilizzato nelle forze dell'ordine, nella raccolta di notizie elettroniche e nella creazione di film, oltre che per il commercio e la navigazione offshore. La cabina pu\u00f2 essere configurata per adattarsi a una variet\u00e0 di compiti e carichi utili, compresi i posti per i passeggeri del club fino a sei persone.&nbsp;<\/p>\r\n\r\n\r\n\r\n<p>Specifiche:<\/p>\r\n\r\n\r\n\r\n<ul class=\"wp-block-list\"><li>Passeggeri: 5;<\/li><li>Altezza esterna: 11 ft 8 in;<\/li><li>Bagaglio esterno: 20 cu ft;<\/li><li>Lunghezza: 41 piedi e 8 pollici;<\/li><li>Bagaglio interno: 3 piedi cubi;<\/li><li>Velocit\u00e0 massima: 140 kts;<\/li><li>I sedili sono morbidi e imbottiti;<\/li><li>Rivestimento in pelle.<\/li><\/ul>\r\n\r\n\r\n\r\n<p>Oltre al nostro elicottero consigliato <em>Campana 407<\/em>GrandView Aviation ne offre un altro nel suo catalogo: il t<em>l Sikorsky S-76D<\/em>.<\/p>\r\n\r\n\r\n\r\n<h2 class=\"wp-block-heading\"><span class=\"ez-toc-section\" id=\"Company_Safety_Policy_and_Standards\"><\/span>Politica e standard di sicurezza dell'azienda<span class=\"ez-toc-section-end\"><\/span><\/h2>\r\n\r\n\r\n\r\n<p><a href=\"https:\/\/nbaa.org\/flight-department-administration\/sms\/is-bao\/\" target=\"_blank\" rel=\"noopener\">Lo standard internazionale per le operazioni degli aeromobili d'affari<\/a> (IS-BAO) \u00e8 stato creato per assistere i reparti di volo di tutto il mondo nel raggiungimento di elevati standard di sicurezza e professionalit\u00e0. In qualit\u00e0 di clienti di GrandView Aviation, potete essere certi che un accettabile <a href=\"https:\/\/www.faa.gov\/about\/initiatives\/sms\" target=\"_blank\" rel=\"noopener\">Sistema di gestione della sicurezza<\/a> (SMS) \u00e8 stato implementato per tutti i voli charter in elicottero, grazie a questo rating di sicurezza.<\/p>\r\n\r\n\r\n\r\n<p>Inoltre, <a href=\"https:\/\/nbaa.org\/\" target=\"_blank\" rel=\"noopener\">L'Associazione nazionale dell'aviazione d'affari<\/a> ha premiato GrandView Aviation con un certificato di sicurezza di 10 anni senza incidenti e inconvenienti, e i piloti della compagnia sono <a href=\"https:\/\/www.wyvernltd.com\/\" target=\"_blank\" rel=\"noopener\">Wyvern Wingman<\/a> di sicurezza e <a href=\"https:\/\/www.argus.aero\/\" target=\"_blank\" rel=\"noopener\">ARGUS<\/a> Operatori con rating oro.<\/p>\r\n\r\n\r\n\r\n<p>GrandView ha una polizza assicurativa di responsabilit\u00e0 civile di $150 milioni e tutti i voli sono gestiti da due piloti.<\/p>\r\n\r\n\r\n\r\n<h2 class=\"wp-block-heading\"><span class=\"ez-toc-section\" id=\"The_Staff\"><\/span>Il personale<span class=\"ez-toc-section-end\"><\/span><\/h2>\r\n\r\n\r\n\r\n<figure class=\"wp-block-image size-full is-style-default\"><img loading=\"lazy\" decoding=\"async\" width=\"1000\" height=\"667\" src=\"https:\/\/comparemyjet.com\/wp-content\/uploads\/2022\/07\/two.private.jet_.pilots.jpg\" alt=\"Aviazione GrandView\" class=\"wp-image-3137\" srcset=\"https:\/\/comparemyjet.com\/wp-content\/uploads\/2022\/07\/two.private.jet_.pilots-18x12.jpg 18w, https:\/\/comparemyjet.com\/wp-content\/uploads\/2022\/07\/two.private.jet_.pilots-300x200.jpg 300w, https:\/\/comparemyjet.com\/wp-content\/uploads\/2022\/07\/two.private.jet_.pilots-768x512.jpg 768w, https:\/\/comparemyjet.com\/wp-content\/uploads\/2022\/07\/two.private.jet_.pilots.jpg 1000w\" sizes=\"auto, (max-width: 1000px) 100vw, 1000px\" \/><\/figure>\r\n\r\n\r\n\r\n<p>GrandView \u00e8 cresciuta da un'azienda di 65 persone a pi\u00f9 di 120, tra cui piloti, spedizionieri di volo e tecnici. Nel 2022, l'azienda ha generato pi\u00f9 di $50 milioni di fatturato ed \u00e8 stata nominata nella <a href=\"https:\/\/thedailyrecord.com\/2022\/01\/21\/grandview-aviation-moves-to-new-hq-in-middle-river\/\" target=\"_blank\" rel=\"noopener\">Elenco Inc 5000 delle aziende americane a pi\u00f9 rapida crescita<\/a>. L'azienda ha il pi\u00f9 alto numero di dipendenti dell'aviazione privata del Maryland.&nbsp;<\/p>\r\n\r\n\r\n\r\n<h2 class=\"wp-block-heading\"><span class=\"ez-toc-section\" id=\"Conclusion\"><\/span>Conclusione<span class=\"ez-toc-section-end\"><\/span><\/h2>\r\n\r\n\r\n\r\n<p>GrandView \u00e8 un'importante compagnia aerea nordamericana di trasporto di organi e charter privati con 130 dipendenti e una flotta di Phenom 300 con sede a Baltimora, nel Maryland.&nbsp;<\/p>\r\n\r\n\r\n\r\n<p>\u00c8 possibile aderire ai programmi di carte jet Altitude Plus e Altitude Miles per diventare soci e ottenere alcuni dei vantaggi offerti. I possessori di una carta jet guadagnano miglia volando e le miglia premio possono essere utilizzate per ottenere crediti aerei, catering e altri servizi. I soci di Altitude Plus ottengono anche uno sconto sui voli. Inoltre, offre una politica di cancellazione flessibile, in modo da poter fare piani flessibili senza preoccupazioni.&nbsp;<\/p>","protected":false},"excerpt":{"rendered":"<p>GrandView Aviation \u00e8 una societ\u00e0 di noleggio di jet privati con sede a Baltimora che opera negli Stati Uniti. \u00c8 possibile volare in tutto il Paese con i loro jet Phenom 300 e noleggiare i loro elicotteri Sikorsky S-76D e Bell 407GXI a Baltimora e Washington, D.C. Poich\u00e9 l'azienda \u00e8 certificata Wyvern Wingman, i suoi piloti seguono le ultime e migliori ...<\/p>","protected":false},"author":2,"featured_media":3225,"parent":0,"menu_order":0,"comment_status":"closed","ping_status":"closed","template":"","meta":{"_acf_changed":false,"_genesis_hide_title":false,"_genesis_hide_breadcrumbs":false,"_genesis_hide_singular_image":false,"_genesis_hide_footer_widgets":false,"_genesis_custom_body_class":"","_genesis_custom_post_class":"","_genesis_layout":"","footnotes":""},"class_list":{"1":"page","2":"type-page","6":"entry"},"acf":[],"_links":{"self":[{"href":"https:\/\/comparemyjet.com\/it\/wp-json\/wp\/v2\/pages\/3223","targetHints":{"allow":["GET"]}}],"collection":[{"href":"https:\/\/comparemyjet.com\/it\/wp-json\/wp\/v2\/pages"}],"about":[{"href":"https:\/\/comparemyjet.com\/it\/wp-json\/wp\/v2\/types\/page"}],"author":[{"embeddable":true,"href":"https:\/\/comparemyjet.com\/it\/wp-json\/wp\/v2\/users\/2"}],"replies":[{"embeddable":true,"href":"https:\/\/comparemyjet.com\/it\/wp-json\/wp\/v2\/comments?post=3223"}],"version-history":[{"count":2,"href":"https:\/\/comparemyjet.com\/it\/wp-json\/wp\/v2\/pages\/3223\/revisions"}],"predecessor-version":[{"id":3460,"href":"https:\/\/comparemyjet.com\/it\/wp-json\/wp\/v2\/pages\/3223\/revisions\/3460"}],"wp:featuredmedia":[{"embeddable":true,"href":"https:\/\/comparemyjet.com\/it\/wp-json\/wp\/v2\/media\/3225"}],"wp:attachment":[{"href":"https:\/\/comparemyjet.com\/it\/wp-json\/wp\/v2\/media?parent=3223"}],"curies":[{"name":"wp","href":"https:\/\/api.w.org\/{rel}","templated":true}]}}