{"id":3228,"date":"2022-09-20T20:27:21","date_gmt":"2022-09-20T20:27:21","guid":{"rendered":"https:\/\/comparemyjet.com\/?page_id=3228"},"modified":"2025-09-04T09:58:24","modified_gmt":"2025-09-04T09:58:24","slug":"jet-algo","status":"publish","type":"page","link":"https:\/\/comparemyjet.com\/it\/jet-algo\/","title":{"rendered":"Prezzi dei voli Jet Algo"},"content":{"rendered":"<p>Jet Algo \u00e8 una societ\u00e0 di noleggio privato con sede a Morristown, New York. <a href=\"https:\/\/comparemyjet.com\/it\/noleggio-di-jet-privati-in-jersey\/\" data-internallinksmanager029f6b8e52c=\"176\" title=\"Noleggio di jet privati a Jersey\">Maglia<\/a>. Un modo in cui si differenziano dalle altre compagnie \u00e8 l'uso di algoritmi brevettati per calcolare stime di prezzo personalizzate in base ai profili e agli itinerari di viaggio dei clienti. Con l'aiuto dei loro algoritmi, creano un sistema di pagamento basato sull'itinerario del cliente.&nbsp;<\/p>\r\n\r\n\r\n\r\n<p>L'azienda offre un programma di carte jet senza spese di gestione e non \u00e8 necessario essere proprietari o avere una quota per poter volare. Vediamo nel dettaglio cosa offre.&nbsp;<\/p>\r\n\r\n\r\n\r\n<div id=\"ez-toc-container\" class=\"ez-toc-v2_0_76 counter-hierarchy ez-toc-counter ez-toc-grey ez-toc-container-direction\">\n<p class=\"ez-toc-title\" style=\"cursor:inherit\">Argomenti<\/p>\n<label for=\"ez-toc-cssicon-toggle-item-69f31f8c847a5\" class=\"ez-toc-cssicon-toggle-label\"><span class=\"\"><span class=\"eztoc-hide\" style=\"display:none;\">Toggle<\/span><span class=\"ez-toc-icon-toggle-span\"><svg style=\"fill: #999;color:#999\" xmlns=\"http:\/\/www.w3.org\/2000\/svg\" class=\"list-377408\" width=\"20px\" height=\"20px\" viewbox=\"0 0 24 24\" fill=\"none\"><path d=\"M6 6H4v2h2V6zm14 0H8v2h12V6zM4 11h2v2H4v-2zm16 0H8v2h12v-2zM4 16h2v2H4v-2zm16 0H8v2h12v-2z\" fill=\"currentColor\"><\/path><\/svg><svg style=\"fill: #999;color:#999\" class=\"arrow-unsorted-368013\" xmlns=\"http:\/\/www.w3.org\/2000\/svg\" width=\"10px\" height=\"10px\" viewbox=\"0 0 24 24\" version=\"1.2\" baseprofile=\"tiny\"><path d=\"M18.2 9.3l-6.2-6.3-6.2 6.3c-.2.2-.3.4-.3.7s.1.5.3.7c.2.2.4.3.7.3h11c.3 0 .5-.1.7-.3.2-.2.3-.5.3-.7s-.1-.5-.3-.7zM5.8 14.7l6.2 6.3 6.2-6.3c.2-.2.3-.5.3-.7s-.1-.5-.3-.7c-.2-.2-.4-.3-.7-.3h-11c-.3 0-.5.1-.7.3-.2.2-.3.5-.3.7s.1.5.3.7z\"\/><\/svg><\/span><\/span><\/label><input type=\"checkbox\"  id=\"ez-toc-cssicon-toggle-item-69f31f8c847a5\" checked aria-label=\"Toggle\" \/><nav><ul class='ez-toc-list ez-toc-list-level-1' ><li class='ez-toc-page-1 ez-toc-heading-level-2'><a class=\"ez-toc-link ez-toc-heading-1\" href=\"https:\/\/comparemyjet.com\/it\/jet-algo\/#Company_History\" >Storia dell'azienda<\/a><\/li><li class='ez-toc-page-1 ez-toc-heading-level-2'><a class=\"ez-toc-link ez-toc-heading-2\" href=\"https:\/\/comparemyjet.com\/it\/jet-algo\/#Pricing\" >Prezzi<\/a><\/li><li class='ez-toc-page-1 ez-toc-heading-level-2'><a class=\"ez-toc-link ez-toc-heading-3\" href=\"https:\/\/comparemyjet.com\/it\/jet-algo\/#Company_Card_Program\" >Programma di carte aziendali<\/a><\/li><li class='ez-toc-page-1 ez-toc-heading-level-2'><a class=\"ez-toc-link ez-toc-heading-4\" href=\"https:\/\/comparemyjet.com\/it\/jet-algo\/#The_Fleet\" >La flotta&nbsp;<\/a><ul class='ez-toc-list-level-3' ><li class='ez-toc-heading-level-3'><a class=\"ez-toc-link ez-toc-heading-5\" href=\"https:\/\/comparemyjet.com\/it\/jet-algo\/#1_Light_Private_Jets\" >1. Jet privati leggeri<\/a><ul class='ez-toc-list-level-4' ><li class='ez-toc-heading-level-4'><a class=\"ez-toc-link ez-toc-heading-6\" href=\"https:\/\/comparemyjet.com\/it\/jet-algo\/#Our_Recommendation_Eclipse_500\" >Il nostro consiglio: Eclipse 500<\/a><\/li><\/ul><\/li><li class='ez-toc-page-1 ez-toc-heading-level-3'><a class=\"ez-toc-link ez-toc-heading-7\" href=\"https:\/\/comparemyjet.com\/it\/jet-algo\/#2_Midsize_Private_Jets\" >2. Jet privati di medie dimensioni<\/a><ul class='ez-toc-list-level-4' ><li class='ez-toc-heading-level-4'><a class=\"ez-toc-link ez-toc-heading-8\" href=\"https:\/\/comparemyjet.com\/it\/jet-algo\/#Our_Recommendation_The_Hawker_800XP\" >Il nostro consiglio: L'Hawker 800XP<\/a><\/li><\/ul><\/li><li class='ez-toc-page-1 ez-toc-heading-level-3'><a class=\"ez-toc-link ez-toc-heading-9\" href=\"https:\/\/comparemyjet.com\/it\/jet-algo\/#3_Super-Midsize_Private_Jets\" >3. Jet privati di medie dimensioni&nbsp;<\/a><ul class='ez-toc-list-level-4' ><li class='ez-toc-heading-level-4'><a class=\"ez-toc-link ez-toc-heading-10\" href=\"https:\/\/comparemyjet.com\/it\/jet-algo\/#Our_Recommendation_Citation_X\" >La nostra raccomandazione: Citazione X<\/a><\/li><\/ul><\/li><li class='ez-toc-page-1 ez-toc-heading-level-3'><a class=\"ez-toc-link ez-toc-heading-11\" href=\"https:\/\/comparemyjet.com\/it\/jet-algo\/#4_Large_Private_Jets\" >4. Grandi jet privati<\/a><ul class='ez-toc-list-level-4' ><li class='ez-toc-heading-level-4'><a class=\"ez-toc-link ez-toc-heading-12\" href=\"https:\/\/comparemyjet.com\/it\/jet-algo\/#Our_Recommendation_Bombardier_Challenger_650\" >La nostra raccomandazione:  Bombardier Challenger 650&nbsp;<\/a><\/li><\/ul><\/li><li class='ez-toc-page-1 ez-toc-heading-level-3'><a class=\"ez-toc-link ez-toc-heading-13\" href=\"https:\/\/comparemyjet.com\/it\/jet-algo\/#5_Long-Range_Private_Jets\" >5. Jet privati a lungo raggio<\/a><ul class='ez-toc-list-level-4' ><li class='ez-toc-heading-level-4'><a class=\"ez-toc-link ez-toc-heading-14\" href=\"https:\/\/comparemyjet.com\/it\/jet-algo\/#Our_Recommendation_The_Gulfstream_G450\" >La nostra raccomandazione: Il Gulfstream G450&nbsp;<\/a><\/li><\/ul><\/li><\/ul><\/li><li class='ez-toc-page-1 ez-toc-heading-level-2'><a class=\"ez-toc-link ez-toc-heading-15\" href=\"https:\/\/comparemyjet.com\/it\/jet-algo\/#Company_Safety_Policy_and_Standards\" >Politica e standard di sicurezza dell'azienda<\/a><\/li><li class='ez-toc-page-1 ez-toc-heading-level-2'><a class=\"ez-toc-link ez-toc-heading-16\" href=\"https:\/\/comparemyjet.com\/it\/jet-algo\/#Conclusion\" >Conclusione<\/a><\/li><\/ul><\/nav><\/div>\n<h2 class=\"wp-block-heading\"><span class=\"ez-toc-section\" id=\"Company_History\"><\/span>Storia dell'azienda<span class=\"ez-toc-section-end\"><\/span><\/h2>\r\n\r\n\r\n\r\n<p>Jet Algo \u00e8 nata nel 1995 come <em>Onde del cielo<\/em>. La strategia commerciale dell'azienda, che prevede l'utilizzo di algoritmi per la stima dei prezzi, \u00e8 stata inventata dall'ex presidente del Consiglio di amministrazione. <a href=\"https:\/\/comparemyjet.com\/it\/delta-private-jets\/\" data-internallinksmanager029f6b8e52c=\"184\" title=\"Prezzi dell&#039;iscrizione a Delta Private Jets\">Jet privati Delta<\/a> Jon Mende, vicepresidente e amministratore delegato di Jet Algo. Mende sostiene che l'azienda offre tariffe fisse di andata e ritorno basate sulla disponibilit\u00e0 assicurata sui tempi di consegna e sul budget stimato. Il suo obiettivo \u00e8 quello di offrire ai clienti tariffe fisse alternative basate su coppie di destinazioni specifiche, con tariffe pi\u00f9 convenienti per chi viaggia tra luoghi densamente popolati senza bisogno di voli in traghetto.&nbsp;<\/p>\r\n\r\n\r\n\r\n<h2 class=\"wp-block-heading\"><span class=\"ez-toc-section\" id=\"Pricing\"><\/span>Prezzi<span class=\"ez-toc-section-end\"><\/span><\/h2>\r\n\r\n\r\n\r\n<p>Le spese di avvio e di adesione a Jet Algo sono di circa $1.000 al mese e il denaro viene utilizzato per coprire le spese di volo. L'importo del deposito \u00e8 determinato dal programma personalizzato e i prezzi sono fissi per i 24 mesi successivi.<\/p>\r\n\r\n\r\n\r\n<p>Una volta diventati membri, potrete usufruire di una garanzia di disponibilit\u00e0, di una tariffa oraria fissa e di prezzi personalizzati determinati dal vostro percorso.<\/p>\r\n\r\n\r\n\r\n<p>Se desiderate operatori IS-BAO Stage 3, Argus Platinum o Wyvern Wingman piuttosto che la flotta standard Part 135 di circa 7.000 aeromobili, dovrete spendere di pi\u00f9. I prezzi variano a seconda delle vostre richieste e preferenze.<\/p>\r\n\r\n\r\n\r\n<h2 class=\"wp-block-heading\"><span class=\"ez-toc-section\" id=\"Company_Card_Program\"><\/span>Programma di carte aziendali<span class=\"ez-toc-section-end\"><\/span><\/h2>\r\n\r\n\r\n\r\n<p>La maggior parte delle compagnie aeree applica la stessa tariffa indipendentemente dalla destinazione, dagli aeroporti utilizzati, dal preavviso fornito per il volo o dalla durata della permanenza a destinazione. Quindi, se pianificate una fuga nel fine settimana e prenotate un biglietto con tre giorni di anticipo, potreste pagare lo stesso prezzo di chi fa una vacanza di 10 giorni in una localit\u00e0 diversa e prenota solo con 10 ore di anticipo. Di conseguenza, le tariffe devono essere compensate per le persone che prenotano voli all'ultimo minuto o che viaggiano in una localit\u00e0 remota. Jet Algo crea un modello di prezzo basato sul vostro profilo utilizzando sofisticati algoritmi.&nbsp;<\/p>\r\n\r\n\r\n\r\n<h2 class=\"wp-block-heading\"><span class=\"ez-toc-section\" id=\"The_Fleet\"><\/span>La flotta&nbsp;<span class=\"ez-toc-section-end\"><\/span><\/h2>\r\n\r\n\r\n\r\n<figure class=\"wp-block-image size-full is-style-default\"><img loading=\"lazy\" decoding=\"async\" width=\"1000\" height=\"565\" src=\"https:\/\/comparemyjet.com\/wp-content\/uploads\/2022\/09\/businessman.infront.of_.a.plane_.jpg\" alt=\"Jet Algo\" class=\"wp-image-3230\" srcset=\"https:\/\/comparemyjet.com\/wp-content\/uploads\/2022\/09\/businessman.infront.of_.a.plane_-18x10.jpg 18w, https:\/\/comparemyjet.com\/wp-content\/uploads\/2022\/09\/businessman.infront.of_.a.plane_-300x170.jpg 300w, https:\/\/comparemyjet.com\/wp-content\/uploads\/2022\/09\/businessman.infront.of_.a.plane_-768x434.jpg 768w, https:\/\/comparemyjet.com\/wp-content\/uploads\/2022\/09\/businessman.infront.of_.a.plane_.jpg 1000w\" sizes=\"auto, (max-width: 1000px) 100vw, 1000px\" \/><\/figure>\r\n\r\n\r\n\r\n<p>In quanto societ\u00e0 di intermediazione, Jet Algo non dispone di una flotta di aeromobili. La societ\u00e0 funge invece da ponte tra il cliente e il vettore, aiutandolo a decidere quale tipo di jet utilizzare per il suo prossimo volo e fornendogli numerose alternative su misura.&nbsp;<\/p>\r\n\r\n\r\n\r\n<h3 class=\"wp-block-heading\"><span class=\"ez-toc-section\" id=\"1_Light_Private_Jets\"><\/span>1. Jet privati leggeri<span class=\"ez-toc-section-end\"><\/span><\/h3>\r\n\r\n\r\n\r\n<p>I jet leggeri sono pi\u00f9 grandi e hanno un raggio d'azione pi\u00f9 ampio rispetto ai turboelica o ai jet molto leggeri. La cabina \u00e8 spaziosa e la capacit\u00e0 del bagaglio \u00e8 sufficiente per trasportare qualcosa di pi\u00f9 dell'essenziale. Possono trasportare comodamente una media di otto persone, volare su piste corte e atterrare in piccoli aeroporti.&nbsp;<\/p>\r\n\r\n\r\n\r\n<p>Il vantaggio pi\u00f9 significativo di un jet leggero \u00e8 l'accesso impareggiabile a isole e regioni montuose difficili da raggiungere.<\/p>\r\n\r\n\r\n\r\n<h4 class=\"wp-block-heading\"><span class=\"ez-toc-section\" id=\"Our_Recommendation_Eclipse_500\"><\/span>Il nostro consiglio: Eclipse 500<span class=\"ez-toc-section-end\"><\/span><\/h4>\r\n\r\n\r\n\r\n<p>L'Eclipse 500 \u00e8 un motore biturbina prodotto da Eclipse Aerospace nel Nuovo Messico. L'Eclipse \u00e8 efficiente ed esteticamente accattivante ed \u00e8 uno dei preferiti del pubblico in questa categoria di velivoli.<\/p>\r\n\r\n\r\n\r\n<p>Specifiche:<\/p>\r\n\r\n\r\n\r\n<ul class=\"wp-block-list\"><li>Passeggeri: da 3 a 4;<\/li><li>Velocit\u00e0 di crociera: 370 nodi;<\/li><li>Raggio di volo: 1.290 miglia;<\/li><li>Altezza della cabina: 4 piedi e 2 pollici;<\/li><li>Larghezza della cabina: 4 piedi e 7 pollici;<\/li><li>Lunghezza della cabina: 7 ft 6 in;<\/li><li>Spazio per i bagagli: 16 cu ft.<\/li><\/ul>\r\n\r\n\r\n\r\n<h3 class=\"wp-block-heading\"><span class=\"ez-toc-section\" id=\"2_Midsize_Private_Jets\"><\/span>2. Jet privati di medie dimensioni<span class=\"ez-toc-section-end\"><\/span><\/h3>\r\n\r\n\r\n\r\n<p>Gli aerei di medie dimensioni hanno da 6 a 8 posti e un'autonomia massima di 4-5 ore. \u00c8 ideale per i viaggi personali e d'affari, poich\u00e9 offre maggiore flessibilit\u00e0 e comfort su distanze pi\u00f9 lunghe.<\/p>\r\n\r\n\r\n\r\n<h4 class=\"wp-block-heading\"><span class=\"ez-toc-section\" id=\"Our_Recommendation_The_Hawker_800XP\"><\/span>Il nostro consiglio: L'Hawker 800XP<span class=\"ez-toc-section-end\"><\/span><\/h4>\r\n\r\n\r\n\r\n<p><a href=\"https:\/\/comparemyjet.com\/it\/hawker-beechcraft\/\" data-internallinksmanager029f6b8e52c=\"153\" title=\"Guida definitiva ai jet e agli aerei privati Hawker Beechcraft\">Hawker Beechcraft<\/a> ha prodotto l'Hawker 800XP dal 1997 al 2005. Anche quando si opera a pieno regime, c'\u00e8 molto spazio per rendere il volo confortevole.<\/p>\r\n\r\n\r\n\r\n<p>Specifiche:<\/p>\r\n\r\n\r\n\r\n<ul class=\"wp-block-list\"><li>Passeggeri: 8;<\/li><li>Volume della cabina: 723 piedi cubi;<\/li><li>Lunghezza della cabina: 21 ft 3 in;&nbsp;<\/li><li>Larghezza della cabina: 6 piedi;<\/li><li>Altezza della cabina: 5 ft 8 in;<\/li><li>Capacit\u00e0 del bagaglio: 48 cu ft;<\/li><li>Raggio d'azione dell'aereo: 3.038 nm;<\/li><li>Velocit\u00e0 di crociera: 488 mph.<\/li><\/ul>\r\n\r\n\r\n\r\n<h3 class=\"wp-block-heading\"><span class=\"ez-toc-section\" id=\"3_Super-Midsize_Private_Jets\"><\/span>3. Jet privati di medie dimensioni&nbsp;<span class=\"ez-toc-section-end\"><\/span><\/h3>\r\n\r\n\r\n\r\n<p>Un aereo di medie dimensioni \u00e8 un'ottima opzione per i gruppi pi\u00f9 numerosi o per il vostro prossimo viaggio internazionale. Questi aerei combinano l'agilit\u00e0 e l'autonomia di un jet di medie dimensioni con i comfort di un aereo di grandi dimensioni, offrendo posti in piedi, cambusa, accesso ai bagagli, sedili in pelle e postazioni di lavoro pieghevoli.<\/p>\r\n\r\n\r\n\r\n<h4 class=\"wp-block-heading\"><span class=\"ez-toc-section\" id=\"Our_Recommendation_Citation_X\"><\/span>La nostra raccomandazione: Citazione X<span class=\"ez-toc-section-end\"><\/span><\/h4>\r\n\r\n\r\n\r\n<p>Il <a href=\"https:\/\/comparemyjet.com\/it\/cessna\/\" data-internallinksmanager029f6b8e52c=\"145\" title=\"Guida definitiva ai jet e agli aerei privati Cessna\">Cessna<\/a> Il Citation X \u00e8 un aereo a lungo raggio progettato principalmente per i voli transcontinentali. \u00c8 stato prodotto da Cessna nel 1996 ed \u00e8 ancora in produzione. \u00c8 il terzo jet passeggeri pi\u00f9 veloce al mondo attualmente in produzione ed \u00e8 l'aereo pi\u00f9 grande della serie Citation.<\/p>\r\n\r\n\r\n\r\n<p>Producendo il Citation X, Cessna \u00e8 riuscita a incorporare un raggio d'azione transatlantico in un aereo di medie dimensioni.&nbsp;<\/p>\r\n\r\n\r\n\r\n<p>Specifiche:<\/p>\r\n\r\n\r\n\r\n<ul class=\"wp-block-list\"><li>Passeggeri: 9;<\/li><li>Gamma massima: 3.300 nm;<\/li><li>Velocit\u00e0 di crociera: 605 mph;<\/li><li>Volume della cabina: 725 piedi cubi;<\/li><li>Lunghezza della cabina: 23 piedi e 7 pollici;&nbsp;<\/li><li>Altezza della cabina: 5 ft 6 in;&nbsp;<\/li><li>Larghezza della cabina: 5 ft 7in;<\/li><li>Capacit\u00e0 del bagaglio: 82 piedi cubi;<\/li><li>Una toilette privata e una cucina completa.<\/li><\/ul>\r\n\r\n\r\n\r\n<h3 class=\"wp-block-heading\"><span class=\"ez-toc-section\" id=\"4_Large_Private_Jets\"><\/span>4. Grandi jet privati<span class=\"ez-toc-section-end\"><\/span><\/h3>\r\n\r\n\r\n\r\n<p>I jet di grandi dimensioni offrono il lusso e lo spazio di cui avete bisogno quando viaggiate a livello internazionale. Sono inoltre dotati di interni spaziosi con posti letto adatti a piccoli gruppi.<\/p>\r\n\r\n\r\n\r\n<p>Di solito dispongono di una cambusa completamente attrezzata con cucina e zona di servizio.<\/p>\r\n\r\n\r\n\r\n<h4 class=\"wp-block-heading\"><span class=\"ez-toc-section\" id=\"Our_Recommendation_Bombardier_Challenger_650\"><\/span>La nostra raccomandazione:  Bombardier Challenger 650&nbsp;<span class=\"ez-toc-section-end\"><\/span><\/h4>\r\n\r\n\r\n\r\n<p>La gamma e le prestazioni del <a href=\"https:\/\/comparemyjet.com\/it\/bombardiere\/\" data-internallinksmanager029f6b8e52c=\"159\" title=\"Guida definitiva ai jet e agli aerei privati Bombardier\">Bombardiere<\/a> Il Challenger 650 \u00e8 eccezionale. La sua spaziosa cabina offre servizi di bordo per il massimo comfort durante i lunghi voli transcontinentali in jet privato. Potrete utilizzare il tavolo da conferenza per lavorare, rilassarvi e godervi le pi\u00f9 moderne selezioni di intrattenimento HD e Wi-Fi.&nbsp;<\/p>\r\n\r\n\r\n\r\n<p>Specifiche:<\/p>\r\n\r\n\r\n\r\n<ul class=\"wp-block-list\"><li>Passeggeri: 11;<\/li><li>Larghezza della cabina: 7 piedi e 92 pollici;<\/li><li>Lunghezza della cabina: 28 ft 4 in;<\/li><li>Durata del volo: 8:45 ore;<\/li><li>Velocit\u00e0 massima di crociera: 540 mph;<\/li><li>Cucina a servizio completo;<\/li><li>Un assistente di volo.<\/li><\/ul>\r\n\r\n\r\n\r\n<h3 class=\"wp-block-heading\"><span class=\"ez-toc-section\" id=\"5_Long-Range_Private_Jets\"><\/span>5. Jet privati a lungo raggio<span class=\"ez-toc-section-end\"><\/span><\/h3>\r\n\r\n\r\n\r\n<p>Grazie alle loro dimensioni, questi aeromobili offrono aree di lavoro, ristorazione e relax separate e servizi di altissimo livello.<\/p>\r\n\r\n\r\n\r\n<p>Gli aerei a lungo raggio sono ideali per i viaggiatori privati che desiderano raggiungere la loro destinazione senza doversi fermare per il rifornimento. Sono progettati per voli intercontinentali senza scalo.<\/p>\r\n\r\n\r\n\r\n<h4 class=\"wp-block-heading\"><span class=\"ez-toc-section\" id=\"Our_Recommendation_The_Gulfstream_G450\"><\/span>La nostra raccomandazione: Il Gulfstream G450&nbsp;<span class=\"ez-toc-section-end\"><\/span><\/h4>\r\n\r\n\r\n\r\n<p>Il <a href=\"https:\/\/comparemyjet.com\/it\/corrente-del-golfo\/\" data-internallinksmanager029f6b8e52c=\"175\" title=\"Guida definitiva ai jet e agli aerei privati Gulfstream\">Gulfstream<\/a> Il G450 \u00e8 stato progettato principalmente per i viaggi a lunga distanza, offrendo comfort e sicurezza garantiti. Pu\u00f2 volare per 5.000 miglia o quasi 10 ore senza doversi fermare per il rifornimento.<\/p>\r\n\r\n\r\n\r\n<p>Questo aereo \u00e8 dotato di una cabina spaziosa con una cucina completa e di un notevole spazio per i bagagli, che consente a tutti i passeggeri di portare con s\u00e9 tutto ci\u00f2 di cui hanno bisogno per il viaggio.<\/p>\r\n\r\n\r\n\r\n<p>Specifiche:<\/p>\r\n\r\n\r\n\r\n<ul class=\"wp-block-list\"><li>Passeggeri: 14;<\/li><li>Larghezza della cabina: 7 piedi;<\/li><li>Lunghezza della cabina: 45 ft 1 in;<\/li><li>Spazio per i bagagli: 169 piedi cubi;<\/li><li>Raggio di volo: 5.000 miglia statuarie;<\/li><li>Durata: fino a 9:45 ore;&nbsp;<\/li><li>Velocit\u00e0 massima di crociera: 547 mph;<\/li><li>Wi-Fi;<\/li><li>Prese di corrente universali;<\/li><li>Lettore DVD e monitor video;<\/li><li>Un assistente di volo.<\/li><\/ul>\r\n\r\n\r\n\r\n<h2 class=\"wp-block-heading\"><span class=\"ez-toc-section\" id=\"Company_Safety_Policy_and_Standards\"><\/span>Politica e standard di sicurezza dell'azienda<span class=\"ez-toc-section-end\"><\/span><\/h2>\r\n\r\n\r\n\r\n<figure class=\"wp-block-image size-full is-style-default\"><img loading=\"lazy\" decoding=\"async\" width=\"1000\" height=\"667\" src=\"https:\/\/comparemyjet.com\/wp-content\/uploads\/2022\/09\/pilot.boarding.on_.a.private.jet_.jpg\" alt=\"\" class=\"wp-image-3231\" srcset=\"https:\/\/comparemyjet.com\/wp-content\/uploads\/2022\/09\/pilot.boarding.on_.a.private.jet_-18x12.jpg 18w, https:\/\/comparemyjet.com\/wp-content\/uploads\/2022\/09\/pilot.boarding.on_.a.private.jet_-300x200.jpg 300w, https:\/\/comparemyjet.com\/wp-content\/uploads\/2022\/09\/pilot.boarding.on_.a.private.jet_-768x512.jpg 768w, https:\/\/comparemyjet.com\/wp-content\/uploads\/2022\/09\/pilot.boarding.on_.a.private.jet_.jpg 1000w\" sizes=\"auto, (max-width: 1000px) 100vw, 1000px\" \/><\/figure>\r\n\r\n\r\n\r\n<p>Jet Algo utilizza ARGUS Gold o Platinum accreditato <a href=\"https:\/\/www.faa.gov\/licenses_certificates\/airline_certification\/135_certification\/general_info\" target=\"_blank\" rel=\"noopener\">Parte 135<\/a> operatori. Con il loro aiuto, Jet Algo offre ci\u00f2 che si immagina come il massimo del viaggio in aereo privato, ma con uno sconto considerevole. <\/p>\r\n\r\n\r\n\r\n<h2 class=\"wp-block-heading\"><span class=\"ez-toc-section\" id=\"Conclusion\"><\/span>Conclusione<span class=\"ez-toc-section-end\"><\/span><\/h2>\r\n\r\n\r\n\r\n<p>Jet Algo offre un servizio charter su misura per i passeggeri, tenendo conto di tutte le circostanze nel calcolo del prezzo finale. Ad esempio, se desiderate viaggiare nei giorni pi\u00f9 affollati dell'anno, come i giorni festivi, dovrete probabilmente pagare di pi\u00f9 rispetto ai prezzi standard.<\/p>\r\n\r\n\r\n\r\n<p>\u00c8 possibile ottenere una tariffa fissa migliore se si \u00e8 flessibili con le date. Basta abilitare Jet Algo a consigliare i giorni sostitutivi per ricevere tariffe migliori.\u00a0<\/p>\r\n\r\n\r\n\r\n<p>La personalizzazione del volo comprende la pianificazione, la programmazione e la ricerca del jet e del cibo giusti, degli assistenti di volo e di altre richieste speciali, come il volo con il vostro animale domestico. Riceverete una tariffa personalizzata all-inclusive, proprio come il vostro volo personalizzato.<\/p>","protected":false},"excerpt":{"rendered":"<p>Jet Algo \u00e8 una societ\u00e0 di noleggio privato con sede a Morristown, nel New Jersey. Un modo in cui si differenzia dalle altre societ\u00e0 \u00e8 l'uso di algoritmi brevettati per calcolare stime di prezzo personalizzate in base ai profili e agli itinerari di viaggio dei clienti. Con l'aiuto dei loro algoritmi, creano un sistema di pagamento basato sull'itinerario del cliente.  L'azienda ...<\/p>","protected":false},"author":2,"featured_media":3229,"parent":0,"menu_order":0,"comment_status":"closed","ping_status":"closed","template":"","meta":{"_acf_changed":false,"_genesis_hide_title":false,"_genesis_hide_breadcrumbs":false,"_genesis_hide_singular_image":false,"_genesis_hide_footer_widgets":false,"_genesis_custom_body_class":"","_genesis_custom_post_class":"","_genesis_layout":"","footnotes":""},"class_list":{"1":"page","2":"type-page","6":"entry"},"acf":[],"_links":{"self":[{"href":"https:\/\/comparemyjet.com\/it\/wp-json\/wp\/v2\/pages\/3228","targetHints":{"allow":["GET"]}}],"collection":[{"href":"https:\/\/comparemyjet.com\/it\/wp-json\/wp\/v2\/pages"}],"about":[{"href":"https:\/\/comparemyjet.com\/it\/wp-json\/wp\/v2\/types\/page"}],"author":[{"embeddable":true,"href":"https:\/\/comparemyjet.com\/it\/wp-json\/wp\/v2\/users\/2"}],"replies":[{"embeddable":true,"href":"https:\/\/comparemyjet.com\/it\/wp-json\/wp\/v2\/comments?post=3228"}],"version-history":[{"count":3,"href":"https:\/\/comparemyjet.com\/it\/wp-json\/wp\/v2\/pages\/3228\/revisions"}],"predecessor-version":[{"id":3466,"href":"https:\/\/comparemyjet.com\/it\/wp-json\/wp\/v2\/pages\/3228\/revisions\/3466"}],"wp:featuredmedia":[{"embeddable":true,"href":"https:\/\/comparemyjet.com\/it\/wp-json\/wp\/v2\/media\/3229"}],"wp:attachment":[{"href":"https:\/\/comparemyjet.com\/it\/wp-json\/wp\/v2\/media?parent=3228"}],"curies":[{"name":"wp","href":"https:\/\/api.w.org\/{rel}","templated":true}]}}