{"id":3482,"date":"2022-10-03T23:23:31","date_gmt":"2022-10-03T23:23:31","guid":{"rendered":"https:\/\/comparemyjet.com\/?page_id=3482"},"modified":"2025-09-04T10:00:52","modified_gmt":"2025-09-04T10:00:52","slug":"starflight-aviation","status":"publish","type":"page","link":"https:\/\/comparemyjet.com\/it\/starflight-aviation\/","title":{"rendered":"Prezzi dei voli Starflight Aviation"},"content":{"rendered":"<p>Starflite Aviation \u00e8 una societ\u00e0 di charter privati veterana che opera da oltre 30 anni. Questa societ\u00e0 con sede negli Stati Uniti ha una clientela globale e fornisce spesso servizi di trasporto per musicisti, artisti, politici e altri clienti VIP.\u00a0<\/p>\r\n\r\n\r\n\r\n<p>Vediamo nel dettaglio di cosa si tratta.\u00a0<\/p>\r\n\r\n\r\n\r\n<div id=\"ez-toc-container\" class=\"ez-toc-v2_0_76 counter-hierarchy ez-toc-counter ez-toc-grey ez-toc-container-direction\">\n<p class=\"ez-toc-title\" style=\"cursor:inherit\">Argomenti<\/p>\n<label for=\"ez-toc-cssicon-toggle-item-69ef7523a8db7\" class=\"ez-toc-cssicon-toggle-label\"><span class=\"\"><span class=\"eztoc-hide\" style=\"display:none;\">Toggle<\/span><span class=\"ez-toc-icon-toggle-span\"><svg style=\"fill: #999;color:#999\" xmlns=\"http:\/\/www.w3.org\/2000\/svg\" class=\"list-377408\" width=\"20px\" height=\"20px\" viewbox=\"0 0 24 24\" fill=\"none\"><path d=\"M6 6H4v2h2V6zm14 0H8v2h12V6zM4 11h2v2H4v-2zm16 0H8v2h12v-2zM4 16h2v2H4v-2zm16 0H8v2h12v-2z\" fill=\"currentColor\"><\/path><\/svg><svg style=\"fill: #999;color:#999\" class=\"arrow-unsorted-368013\" xmlns=\"http:\/\/www.w3.org\/2000\/svg\" width=\"10px\" height=\"10px\" viewbox=\"0 0 24 24\" version=\"1.2\" baseprofile=\"tiny\"><path d=\"M18.2 9.3l-6.2-6.3-6.2 6.3c-.2.2-.3.4-.3.7s.1.5.3.7c.2.2.4.3.7.3h11c.3 0 .5-.1.7-.3.2-.2.3-.5.3-.7s-.1-.5-.3-.7zM5.8 14.7l6.2 6.3 6.2-6.3c.2-.2.3-.5.3-.7s-.1-.5-.3-.7c-.2-.2-.4-.3-.7-.3h-11c-.3 0-.5.1-.7.3-.2.2-.3.5-.3.7s.1.5.3.7z\"\/><\/svg><\/span><\/span><\/label><input type=\"checkbox\"  id=\"ez-toc-cssicon-toggle-item-69ef7523a8db7\" checked aria-label=\"Toggle\" \/><nav><ul class='ez-toc-list ez-toc-list-level-1' ><li class='ez-toc-page-1 ez-toc-heading-level-2'><a class=\"ez-toc-link ez-toc-heading-1\" href=\"https:\/\/comparemyjet.com\/it\/starflight-aviation\/#About_the_Company\" >Informazioni sull'azienda<\/a><\/li><li class='ez-toc-page-1 ez-toc-heading-level-2'><a class=\"ez-toc-link ez-toc-heading-2\" href=\"https:\/\/comparemyjet.com\/it\/starflight-aviation\/#On-Demand_Charter\" >Carta su richiesta<\/a><\/li><li class='ez-toc-page-1 ez-toc-heading-level-2'><a class=\"ez-toc-link ez-toc-heading-3\" href=\"https:\/\/comparemyjet.com\/it\/starflight-aviation\/#Company_Jet_Card_Program\" >Programma Jet Card aziendale<\/a><\/li><li class='ez-toc-page-1 ez-toc-heading-level-2'><a class=\"ez-toc-link ez-toc-heading-4\" href=\"https:\/\/comparemyjet.com\/it\/starflight-aviation\/#The_Fleet\" >La flotta<\/a><\/li><li class='ez-toc-page-1 ez-toc-heading-level-2'><a class=\"ez-toc-link ez-toc-heading-5\" href=\"https:\/\/comparemyjet.com\/it\/starflight-aviation\/#Starflight_Aviation_Carbon_Program\" >Programma Starflight Aviation Carbon\u00a0<\/a><\/li><li class='ez-toc-page-1 ez-toc-heading-level-2'><a class=\"ez-toc-link ez-toc-heading-6\" href=\"https:\/\/comparemyjet.com\/it\/starflight-aviation\/#Conclusion\" >Conclusione<\/a><\/li><\/ul><\/nav><\/div>\n<h2 class=\"wp-block-heading\"><span class=\"ez-toc-section\" id=\"About_the_Company\"><\/span>Informazioni sull'azienda<span class=\"ez-toc-section-end\"><\/span><\/h2>\r\n\r\n\r\n\r\n<p>Starflight Aviation \u00e8 una compagnia aerea privata che fornisce servizi di corriere e trasporto merci oltre a charter privati. La societ\u00e0 \u00e8 stata fondata il 13 giugno 1989 e ha sede a Farnborough, nell'Hampshire.<\/p>\r\n\r\n\r\n\r\n<p>L'azienda organizza voli charter per dirigenti e VIP, contrattando jet, elicotteri e turboeliche di compagnie aeree terze. Starflight Aviation serve clienti in tutto il mondo, compresi Stati Uniti, Regno Unito ed Europa. Fornisce una garanzia di disponibilit\u00e0 100% con un preavviso di 24 ore.<\/p>\r\n\r\n\r\n\r\n<h2 class=\"wp-block-heading\"><span class=\"ez-toc-section\" id=\"On-Demand_Charter\"><\/span>Carta su richiesta<span class=\"ez-toc-section-end\"><\/span><\/h2>\r\n\r\n\r\n\r\n<figure class=\"wp-block-image size-full is-style-default\"><img loading=\"lazy\" decoding=\"async\" width=\"1000\" height=\"667\" class=\"wp-image-3137\" src=\"https:\/\/comparemyjet.com\/wp-content\/uploads\/2022\/07\/two.private.jet_.pilots.jpg\" alt=\"Aviazione Starflight\" srcset=\"https:\/\/comparemyjet.com\/wp-content\/uploads\/2022\/07\/two.private.jet_.pilots-18x12.jpg 18w, https:\/\/comparemyjet.com\/wp-content\/uploads\/2022\/07\/two.private.jet_.pilots-300x200.jpg 300w, https:\/\/comparemyjet.com\/wp-content\/uploads\/2022\/07\/two.private.jet_.pilots-768x512.jpg 768w, https:\/\/comparemyjet.com\/wp-content\/uploads\/2022\/07\/two.private.jet_.pilots.jpg 1000w\" sizes=\"auto, (max-width: 1000px) 100vw, 1000px\" \/><\/figure>\r\n\r\n\r\n\r\n<p>Starflight Aviation \u00e8 uno dei pi\u00f9 rinomati broker di voli charter, attivo da 30 anni. Che si tratti di un rapido giro in elicottero o di un volo a lungo raggio in un aereo di lusso, avrete solo il miglior servizio, gli interni pi\u00f9 eleganti e numerosi comfort.\u00a0<\/p>\r\n\r\n\r\n\r\n<p>L'azienda ha organizzato e realizzato tourn\u00e9e internazionali per alcuni dei pi\u00f9 famosi artisti e gruppi della storia, da band singole a intere orchestre sinfoniche. La loro dedizione nel fornire un servizio eccellente e un'attenzione costante ai dettagli li distingue dalla concorrenza.<\/p>\r\n\r\n\r\n\r\n<p>Prima di organizzare il volo, il personale di Starflight Aviation considera attentamente le vostre esigenze di viaggio, comprese le restrizioni alimentari e le abitudini di lettura dei giornali.\u00a0<\/p>\r\n\r\n\r\n\r\n<h2 class=\"wp-block-heading\"><span class=\"ez-toc-section\" id=\"Company_Jet_Card_Program\"><\/span>Programma Jet Card aziendale<span class=\"ez-toc-section-end\"><\/span><\/h2>\r\n\r\n\r\n\r\n<p>I clienti che desiderano una combinazione di disponibilit\u00e0 assicurata, condizioni completamente personalizzabili e prezzi all-inclusive, troveranno ci\u00f2 che cercano in Starflight Aviations. <a href=\"https:\/\/flystarflight.com\/#jetcard\" target=\"_blank\" rel=\"noopener\">Soluzione Jet Card<\/a>.\u00a0<\/p>\r\n\r\n\r\n\r\n<p>Starflight ha creato una delle Jet Card pi\u00f9 aperte e convenienti disponibili, eliminando i costi post-volo e le limitazioni contrattuali presenti in molte offerte della concorrenza. Il programma \u00e8 una delle migliori opzioni prepagate sul mercato. Non ci sono limiti di tempo per l'utilizzo delle miglia, ci sono risparmi per viaggi di andata e ritorno e una garanzia di rimborso.<\/p>\r\n\r\n\r\n\r\n<p>L'impegno nei confronti del loro scopo \u00e8 dimostrato dalla consueta inclusione del suo <a href=\"https:\/\/flystarflight.com\/#carbon-programme\" target=\"_blank\" rel=\"noopener\">Programma positivo Cool Earth Planet<\/a>.<\/p>\r\n\r\n\r\n\r\n<h2 class=\"wp-block-heading\"><span class=\"ez-toc-section\" id=\"The_Fleet\"><\/span>La flotta<span class=\"ez-toc-section-end\"><\/span><\/h2>\r\n\r\n\r\n\r\n<p>Starflight Aviation Limited \u00e8 un broker di servizi di noleggio aereo, il che significa che non possiede una flotta di jet. La societ\u00e0 collabora con un'ampia rete di vettori aerei diretti di terzi e di vettori aerei internazionali diretti per trovare il jet migliore per il vostro viaggio.<\/p>\r\n\r\n\r\n\r\n<p>Starflight tende sempre a fornire un servizio di prima qualit\u00e0, sia che i suoi passeggeri facciano un rapido giro in elicottero o un volo a lungo raggio in un aereo di lusso, ed \u00e8 per questo che tutte le compagnie aeree terze hanno le licenze appropriate richieste dalla legge.<\/p>\r\n\r\n\r\n\r\n<h2 class=\"wp-block-heading\"><span class=\"ez-toc-section\" id=\"Starflight_Aviation_Carbon_Program\"><\/span>Programma Starflight Aviation Carbon\u00a0<span class=\"ez-toc-section-end\"><\/span><\/h2>\r\n\r\n\r\n\r\n<figure class=\"wp-block-image size-full is-style-default\"><img loading=\"lazy\" decoding=\"async\" width=\"1000\" height=\"644\" class=\"wp-image-2974\" src=\"https:\/\/comparemyjet.com\/wp-content\/uploads\/2022\/06\/plane.in_.the_.sky_.against.polution.jpg\" alt=\"\" srcset=\"https:\/\/comparemyjet.com\/wp-content\/uploads\/2022\/06\/plane.in_.the_.sky_.against.polution-18x12.jpg 18w, https:\/\/comparemyjet.com\/wp-content\/uploads\/2022\/06\/plane.in_.the_.sky_.against.polution-300x193.jpg 300w, https:\/\/comparemyjet.com\/wp-content\/uploads\/2022\/06\/plane.in_.the_.sky_.against.polution-768x495.jpg 768w, https:\/\/comparemyjet.com\/wp-content\/uploads\/2022\/06\/plane.in_.the_.sky_.against.polution.jpg 1000w\" sizes=\"auto, (max-width: 1000px) 100vw, 1000px\" \/><\/figure>\r\n\r\n\r\n\r\n<p>Starlight Aviation ha collaborato con attivisti ambientali e associazioni di beneficenza in tutto il mondo per compensare gli effetti delle emissioni di carbonio.\u00a0<\/p>\r\n\r\n\r\n\r\n<p>Mentre altre compagnie di charter private si concentrano sulla compensazione delle emissioni di anidride carbonica, Starflight Aviation fa un ulteriore passo avanti, ampliando i propri sforzi per prevenire la deforestazione, aiutando le popolazioni locali e offrendo ai clienti ulteriori modi per controllare l'effetto ambientale dei loro viaggi.\u00a0<\/p>\r\n\r\n\r\n\r\n<p>Per contribuire alla lotta contro la deforestazione e assistere le comunit\u00e0 indigene come gli Ash\u00e1ninka dell'Amazzonia peruviana, Starflight Aviation ha collaborato con l'innovativa organizzazione benefica <a href=\"https:\/\/www.coolearth.org\/\" target=\"_blank\" rel=\"noopener\">Terra fredda<\/a> nel 2009. Cool Earth e il <a href=\"https:\/\/www.survivalinternational.org\/galleries\/ashaninka\" target=\"_blank\" rel=\"noopener\">Ash\u00e1ninka<\/a> sono riusciti a collaborare per preservare quasi 10.000 acri di foresta pluviale nell'Amazzonia peruviana, poich\u00e9 le foreste pluviali svolgono un ruolo fondamentale nel mitigare gli effetti della crisi climatica.\u00a0<\/p>\r\n\r\n\r\n\r\n<p>Starflight Aviation ha presentato il suo nuovo programma Planet Positive nel 2021 in collaborazione con Cool Earth. Il programma mira a creare risorse di reddito sostenibili in Africa per migliorare le condizioni di vita delle persone e contribuire a preservare le foreste della regione.\u00a0<\/p>\r\n\r\n\r\n\r\n<p>La compagnia prevede inoltre di implementare il Programma Climate Neutral, con il quale i clienti potranno compensare l'intera emissione di carbonio di ogni volo grazie alla collaborazione con l'organizzazione no-profit MyClimate.<\/p>\r\n\r\n\r\n\r\n<h2 class=\"wp-block-heading\"><span class=\"ez-toc-section\" id=\"Conclusion\"><\/span>Conclusione<span class=\"ez-toc-section-end\"><\/span><\/h2>\r\n\r\n\r\n\r\n<p>Starflight Aviation \u00e8 stata fondata nel 1989 come broker di voli charter per soddisfare le esigenze di celebrit\u00e0, politici, musicisti e altri personaggi pubblici. L'attenzione del personale ai dettagli ne fa uno dei migliori broker di voli charter del mondo.<\/p>\r\n\r\n\r\n\r\n<p>Una parte dei profitti del programma Jet Card dell'azienda \u00e8 destinata al programma Carbon Responsible che sta attuando per preservare le foreste pluviali dell'Amazzonia peruviana. Questo programma \u00e8 in vigore dal 2009 e ha contribuito a mantenere al sicuro 8.500 acri di foresta.<\/p>","protected":false},"excerpt":{"rendered":"<p>Starflite Aviation \u00e8 una societ\u00e0 di charter privati veterana che opera da oltre 30 anni. Questa societ\u00e0 con sede negli Stati Uniti ha una clientela globale e fornisce spesso servizi di trasporto per musicisti, artisti, politici e altri clienti VIP.  Vediamo nel dettaglio di cosa si tratta.  Informazioni sull'azienda Starflight Aviation \u00e8 un'azienda privata ...<\/p>","protected":false},"author":2,"featured_media":3483,"parent":0,"menu_order":0,"comment_status":"closed","ping_status":"closed","template":"","meta":{"_acf_changed":false,"_genesis_hide_title":false,"_genesis_hide_breadcrumbs":false,"_genesis_hide_singular_image":false,"_genesis_hide_footer_widgets":false,"_genesis_custom_body_class":"","_genesis_custom_post_class":"","_genesis_layout":"","footnotes":""},"class_list":{"1":"page","2":"type-page","6":"entry"},"acf":[],"_links":{"self":[{"href":"https:\/\/comparemyjet.com\/it\/wp-json\/wp\/v2\/pages\/3482","targetHints":{"allow":["GET"]}}],"collection":[{"href":"https:\/\/comparemyjet.com\/it\/wp-json\/wp\/v2\/pages"}],"about":[{"href":"https:\/\/comparemyjet.com\/it\/wp-json\/wp\/v2\/types\/page"}],"author":[{"embeddable":true,"href":"https:\/\/comparemyjet.com\/it\/wp-json\/wp\/v2\/users\/2"}],"replies":[{"embeddable":true,"href":"https:\/\/comparemyjet.com\/it\/wp-json\/wp\/v2\/comments?post=3482"}],"version-history":[{"count":6,"href":"https:\/\/comparemyjet.com\/it\/wp-json\/wp\/v2\/pages\/3482\/revisions"}],"predecessor-version":[{"id":3513,"href":"https:\/\/comparemyjet.com\/it\/wp-json\/wp\/v2\/pages\/3482\/revisions\/3513"}],"wp:featuredmedia":[{"embeddable":true,"href":"https:\/\/comparemyjet.com\/it\/wp-json\/wp\/v2\/media\/3483"}],"wp:attachment":[{"href":"https:\/\/comparemyjet.com\/it\/wp-json\/wp\/v2\/media?parent=3482"}],"curies":[{"name":"wp","href":"https:\/\/api.w.org\/{rel}","templated":true}]}}