{"id":3507,"date":"2022-10-07T01:01:16","date_gmt":"2022-10-07T01:01:16","guid":{"rendered":"https:\/\/comparemyjet.com\/?page_id=3507"},"modified":"2025-09-04T10:00:52","modified_gmt":"2025-09-04T10:00:52","slug":"linea-retta-aria-privata","status":"publish","type":"page","link":"https:\/\/comparemyjet.com\/it\/linea-retta-aria-privata\/","title":{"rendered":"Prezzi dei voli privati StraightLine"},"content":{"rendered":"<p>StraightLine Private Air \u00e8 una societ\u00e0 di intermediazione charter che aiuta i clienti a trovare il jet privato pi\u00f9 adatto al loro viaggio. Il servizio di noleggio ha partnership con proprietari di jet privati e operatori terzi in tutti gli Stati Uniti, il che consente di utilizzare una strategia di prezzi dinamici per aiutare i clienti a godere di viaggi di lusso a costi contenuti.&nbsp;<\/p>\r\n\r\n\r\n\r\n<p>Vediamo di cosa si tratta.<\/p>\r\n\r\n\r\n\r\n<div id=\"ez-toc-container\" class=\"ez-toc-v2_0_76 counter-hierarchy ez-toc-counter ez-toc-grey ez-toc-container-direction\">\n<p class=\"ez-toc-title\" style=\"cursor:inherit\">Argomenti<\/p>\n<label for=\"ez-toc-cssicon-toggle-item-69e9d251ae16e\" class=\"ez-toc-cssicon-toggle-label\"><span class=\"\"><span class=\"eztoc-hide\" style=\"display:none;\">Toggle<\/span><span class=\"ez-toc-icon-toggle-span\"><svg style=\"fill: #999;color:#999\" xmlns=\"http:\/\/www.w3.org\/2000\/svg\" class=\"list-377408\" width=\"20px\" height=\"20px\" viewbox=\"0 0 24 24\" fill=\"none\"><path d=\"M6 6H4v2h2V6zm14 0H8v2h12V6zM4 11h2v2H4v-2zm16 0H8v2h12v-2zM4 16h2v2H4v-2zm16 0H8v2h12v-2z\" fill=\"currentColor\"><\/path><\/svg><svg style=\"fill: #999;color:#999\" class=\"arrow-unsorted-368013\" xmlns=\"http:\/\/www.w3.org\/2000\/svg\" width=\"10px\" height=\"10px\" viewbox=\"0 0 24 24\" version=\"1.2\" baseprofile=\"tiny\"><path d=\"M18.2 9.3l-6.2-6.3-6.2 6.3c-.2.2-.3.4-.3.7s.1.5.3.7c.2.2.4.3.7.3h11c.3 0 .5-.1.7-.3.2-.2.3-.5.3-.7s-.1-.5-.3-.7zM5.8 14.7l6.2 6.3 6.2-6.3c.2-.2.3-.5.3-.7s-.1-.5-.3-.7c-.2-.2-.4-.3-.7-.3h-11c-.3 0-.5.1-.7.3-.2.2-.3.5-.3.7s.1.5.3.7z\"\/><\/svg><\/span><\/span><\/label><input type=\"checkbox\"  id=\"ez-toc-cssicon-toggle-item-69e9d251ae16e\" checked aria-label=\"Toggle\" \/><nav><ul class='ez-toc-list ez-toc-list-level-1' ><li class='ez-toc-page-1 ez-toc-heading-level-2'><a class=\"ez-toc-link ez-toc-heading-1\" href=\"https:\/\/comparemyjet.com\/it\/linea-retta-aria-privata\/#About_the_Company\" >Informazioni sull'azienda<\/a><\/li><li class='ez-toc-page-1 ez-toc-heading-level-2'><a class=\"ez-toc-link ez-toc-heading-2\" href=\"https:\/\/comparemyjet.com\/it\/linea-retta-aria-privata\/#Membership_Programs\" >Programmi per i soci<\/a><\/li><li class='ez-toc-page-1 ez-toc-heading-level-2'><a class=\"ez-toc-link ez-toc-heading-3\" href=\"https:\/\/comparemyjet.com\/it\/linea-retta-aria-privata\/#Company_Jet_Card_Programs\" >Programmi di carte jet aziendali<\/a><ul class='ez-toc-list-level-3' ><li class='ez-toc-heading-level-3'><a class=\"ez-toc-link ez-toc-heading-4\" href=\"https:\/\/comparemyjet.com\/it\/linea-retta-aria-privata\/#1_StraightLines_Silver_Jet_Card\" >1. Carta Jet Argento StraightLine<\/a><\/li><li class='ez-toc-page-1 ez-toc-heading-level-3'><a class=\"ez-toc-link ez-toc-heading-5\" href=\"https:\/\/comparemyjet.com\/it\/linea-retta-aria-privata\/#2_StraightLines_Platinum_Card\" >2. Carta Platinum di StraightLine<\/a><\/li><li class='ez-toc-page-1 ez-toc-heading-level-3'><a class=\"ez-toc-link ez-toc-heading-6\" href=\"https:\/\/comparemyjet.com\/it\/linea-retta-aria-privata\/#3_StraightLines_Black_Card\" >3. Carta nera di StraightLine<\/a><\/li><\/ul><\/li><li class='ez-toc-page-1 ez-toc-heading-level-2'><a class=\"ez-toc-link ez-toc-heading-7\" href=\"https:\/\/comparemyjet.com\/it\/linea-retta-aria-privata\/#The_Fleet\" >La flotta&nbsp;<\/a><ul class='ez-toc-list-level-3' ><li class='ez-toc-heading-level-3'><a class=\"ez-toc-link ez-toc-heading-8\" href=\"https:\/\/comparemyjet.com\/it\/linea-retta-aria-privata\/#1_Piston_Propellers\" >1. Eliche a pistone&nbsp;<\/a><ul class='ez-toc-list-level-4' ><li class='ez-toc-heading-level-4'><a class=\"ez-toc-link ez-toc-heading-9\" href=\"https:\/\/comparemyjet.com\/it\/linea-retta-aria-privata\/#Piston_Propellers_Specifications\" >Eliche a pistoni Specifiche<\/a><\/li><\/ul><\/li><li class='ez-toc-page-1 ez-toc-heading-level-3'><a class=\"ez-toc-link ez-toc-heading-10\" href=\"https:\/\/comparemyjet.com\/it\/linea-retta-aria-privata\/#2_Turboprops\" >2. Turbopropulsori<\/a><ul class='ez-toc-list-level-4' ><li class='ez-toc-heading-level-4'><a class=\"ez-toc-link ez-toc-heading-11\" href=\"https:\/\/comparemyjet.com\/it\/linea-retta-aria-privata\/#Turboprops_Specifications\" >Specifiche dei turboelica<\/a><\/li><\/ul><\/li><li class='ez-toc-page-1 ez-toc-heading-level-3'><a class=\"ez-toc-link ez-toc-heading-12\" href=\"https:\/\/comparemyjet.com\/it\/linea-retta-aria-privata\/#3_Very_Light_and_Light_Private_Jets\" >3. Jet privati molto leggeri e leggeri<\/a><ul class='ez-toc-list-level-4' ><li class='ez-toc-heading-level-4'><a class=\"ez-toc-link ez-toc-heading-13\" href=\"https:\/\/comparemyjet.com\/it\/linea-retta-aria-privata\/#Light_and_Very_Light_Jets_Specifications\" >Specifiche dei jet leggeri e molto leggeri<\/a><\/li><\/ul><\/li><li class='ez-toc-page-1 ez-toc-heading-level-3'><a class=\"ez-toc-link ez-toc-heading-14\" href=\"https:\/\/comparemyjet.com\/it\/linea-retta-aria-privata\/#4_Midsize_and_Super-Midsize_Private_Jets\" >4. Jet privati di medie e super medie dimensioni&nbsp;<\/a><ul class='ez-toc-list-level-4' ><li class='ez-toc-heading-level-4'><a class=\"ez-toc-link ez-toc-heading-15\" href=\"https:\/\/comparemyjet.com\/it\/linea-retta-aria-privata\/#Midsize_and_Super-Midsize_Jets_Specifications\" >Specifiche dei jet di medie e super medie dimensioni<\/a><\/li><\/ul><\/li><li class='ez-toc-page-1 ez-toc-heading-level-3'><a class=\"ez-toc-link ez-toc-heading-16\" href=\"https:\/\/comparemyjet.com\/it\/linea-retta-aria-privata\/#5_Large_Private_Jets\" >5. Grandi jet privati<\/a><ul class='ez-toc-list-level-4' ><li class='ez-toc-heading-level-4'><a class=\"ez-toc-link ez-toc-heading-17\" href=\"https:\/\/comparemyjet.com\/it\/linea-retta-aria-privata\/#Large_Jets_Specifications\" >Specifiche dei grandi getti<\/a><\/li><\/ul><\/li><\/ul><\/li><li class='ez-toc-page-1 ez-toc-heading-level-2'><a class=\"ez-toc-link ez-toc-heading-18\" href=\"https:\/\/comparemyjet.com\/it\/linea-retta-aria-privata\/#Company_Safety_Policy_and_Standards\" >Politica e standard di sicurezza dell'azienda<\/a><\/li><li class='ez-toc-page-1 ez-toc-heading-level-2'><a class=\"ez-toc-link ez-toc-heading-19\" href=\"https:\/\/comparemyjet.com\/it\/linea-retta-aria-privata\/#Conclusion\" >Conclusione<\/a><\/li><\/ul><\/nav><\/div>\n<h2 class=\"wp-block-heading\"><span class=\"ez-toc-section\" id=\"About_the_Company\"><\/span>Informazioni sull'azienda<span class=\"ez-toc-section-end\"><\/span><\/h2>\r\n\r\n\r\n\r\n<p>Nuovo attore innovativo nel mercato delle carte jet, StraightLine \u00e8 stato creato nel 2016 da Tom Filippini, cofondatore di Exclusive Resorts.&nbsp;<\/p>\r\n\r\n\r\n\r\n<p>Le aziende che si rivolgono agli ultra-ricchi sono note per i loro approcci ad alto prezzo (come l'invio di cesti di frutta). Creano pagine di destinazione specifiche per le persone che parlano direttamente a questo pubblico mirato, soddisfacendo le loro richieste uniche. StraightLine Private Air si rivolge a queste persone online in base ai loro interessi e le converte in lead a una frazione del costo delle tattiche tradizionali.<\/p>\r\n\r\n\r\n\r\n<p>La sede principale di StraightLine Private Air \u00e8 in <a href=\"https:\/\/comparemyjet.com\/it\/tour-privati\/denver-private-tours\/\" data-internallinksmanager029f6b8e52c=\"410\" title=\"11 migliori tour privati di Denver da $49.00\">Denver<\/a>, Colorado. La compagnia di jet privati fornisce servizi in tutti gli Stati Uniti e impiega una strategia di prezzi dinamica basata su condizioni di mercato in costante evoluzione.<\/p>\r\n\r\n\r\n\r\n<h2 class=\"wp-block-heading\"><span class=\"ez-toc-section\" id=\"Membership_Programs\"><\/span>Programmi per i soci<span class=\"ez-toc-section-end\"><\/span><\/h2>\r\n\r\n\r\n\r\n<p>Per diventare un membro, i clienti devono pagare una quota di $100.000, $200.000 o $300.000. Non ci sono costi nascosti o altre commissioni; l'intero importo investito dai membri viene utilizzato per il biglietto aereo. I soci possono scegliere l'aereo da utilizzare per ogni viaggio e pagare i voli individualmente.&nbsp;<\/p>\r\n\r\n\r\n\r\n<p>StraightLine Private Air si impegna a trovare il prezzo pi\u00f9 basso per ogni volo. Invece di pagare un importo forfettario che pu\u00f2 o meno coprire tutti i costi, i membri pagano solo per i voli che prendono.<\/p>\r\n\r\n\r\n\r\n<p>I prezzi dei viaggi dipendono da vari fattori, tra cui la tariffa oraria dell'aereo, le tasse aeroportuali, le spese di movimentazione merci e gli stipendi dei piloti e degli assistenti di volo. Uno dei fattori essenziali del costo totale \u00e8 il costo operativo dell'aereo per ora di volo. Tutte le tasse e i supplementi sono inclusi nel prezzo dei voli privati StraightLine.<\/p>\r\n\r\n\r\n\r\n<p>StraightLine Private Air addebiter\u00e0 i conti dei soci per ogni viaggio e i soci potranno aggiungere fondi in qualsiasi momento.<\/p>\r\n\r\n\r\n\r\n<h2 class=\"wp-block-heading\"><span class=\"ez-toc-section\" id=\"Company_Jet_Card_Programs\"><\/span>Programmi di carte jet aziendali<span class=\"ez-toc-section-end\"><\/span><\/h2>\r\n\r\n\r\n\r\n<p>StraightLine Private Air mette a disposizione tre tipi di carte jet. Vediamo di cosa si tratta.<\/p>\r\n\r\n\r\n\r\n<h3 class=\"wp-block-heading\"><span class=\"ez-toc-section\" id=\"1_StraightLines_Silver_Jet_Card\"><\/span>1. Carta Jet Argento StraightLine<span class=\"ez-toc-section-end\"><\/span><\/h3>\r\n\r\n\r\n\r\n<p>La quota di iscrizione alla Silver Jet Card \u00e8 la pi\u00f9 bassa delle tre, pari a $100.000. I soci avranno un ambasciatore di volo dedicato e l'accesso completo a tutte le categorie di aeromobili. Non ci sono date di blackout e non ci sono supplementi per i giorni di punta. La carta \u00e8 valida per 18 mesi.<\/p>\r\n\r\n\r\n\r\n<h3 class=\"wp-block-heading\"><span class=\"ez-toc-section\" id=\"2_StraightLines_Platinum_Card\"><\/span>2. Carta Platinum di StraightLine<span class=\"ez-toc-section-end\"><\/span><\/h3>\r\n\r\n\r\n\r\n<p>La Carta Platinum costa $200.000 ed \u00e8 ideale per le famiglie che hanno itinerari pi\u00f9 flessibili. I soci e i loro familiari pi\u00f9 stretti ottengono tutti i vantaggi della Carta Jet Silver, e anche un passeggero principale alternativo pu\u00f2 utilizzare la carta jet. Non \u00e8 prevista una data di scadenza e non sono previsti rimborsi.<\/p>\r\n\r\n\r\n\r\n<h3 class=\"wp-block-heading\"><span class=\"ez-toc-section\" id=\"3_StraightLines_Black_Card\"><\/span>3. Carta nera di StraightLine<span class=\"ez-toc-section-end\"><\/span><\/h3>\r\n\r\n\r\n\r\n<p>La Carta Black costa $300.000 ed \u00e8 la scelta pi\u00f9 popolare tra i clienti. I soci otterranno tutti i vantaggi della Carta Jet Platinum e potranno nominare cinque passeggeri principali alternativi per l'utilizzo della carta jet. Non \u00e8 prevista una data di scadenza.<\/p>\r\n\r\n\r\n\r\n<h2 class=\"wp-block-heading\"><span class=\"ez-toc-section\" id=\"The_Fleet\"><\/span>La flotta&nbsp;<span class=\"ez-toc-section-end\"><\/span><\/h2>\r\n\r\n\r\n\r\n<figure class=\"wp-block-image size-full is-style-default\"><img loading=\"lazy\" decoding=\"async\" width=\"1000\" height=\"667\" src=\"https:\/\/comparemyjet.com\/wp-content\/uploads\/2022\/10\/plane.leaving.a.trace_.in_.the_.clouds-2.jpg\" alt=\"StraightLine Private Air\" class=\"wp-image-3509\" srcset=\"https:\/\/comparemyjet.com\/wp-content\/uploads\/2022\/10\/plane.leaving.a.trace_.in_.the_.clouds-2-18x12.jpg 18w, https:\/\/comparemyjet.com\/wp-content\/uploads\/2022\/10\/plane.leaving.a.trace_.in_.the_.clouds-2-300x200.jpg 300w, https:\/\/comparemyjet.com\/wp-content\/uploads\/2022\/10\/plane.leaving.a.trace_.in_.the_.clouds-2-768x512.jpg 768w, https:\/\/comparemyjet.com\/wp-content\/uploads\/2022\/10\/plane.leaving.a.trace_.in_.the_.clouds-2.jpg 1000w\" sizes=\"auto, (max-width: 1000px) 100vw, 1000px\" \/><\/figure>\r\n\r\n\r\n\r\n<p>StraightLine non possiede una flotta e ottiene gli aeromobili da operatori di jet privati terzi. StraightLine \u00e8 partner di proprietari di jet privati in tutti gli Stati Uniti e noleggia i jet per offrire ai clienti un servizio comodo e conveniente.<\/p>\r\n\r\n\r\n\r\n<h3 class=\"wp-block-heading\"><span class=\"ez-toc-section\" id=\"1_Piston_Propellers\"><\/span>1. Eliche a pistone&nbsp;<span class=\"ez-toc-section-end\"><\/span><\/h3>\r\n\r\n\r\n\r\n<p>I passeggeri possono volare con le moderne eliche a pistoni per risparmiare senza rinunciare al comfort. Un aereo a pistoni \u00e8 una scelta eccellente per i viaggi veloci, sia che si viaggi da soli che con un piccolo gruppo. Gli aerei a pistoni possono decollare e atterrare in quasi tutti gli aeroporti.<\/p>\r\n\r\n\r\n\r\n<h4 class=\"wp-block-heading\"><span class=\"ez-toc-section\" id=\"Piston_Propellers_Specifications\"><\/span>Eliche a pistoni Specifiche<span class=\"ez-toc-section-end\"><\/span><\/h4>\r\n\r\n\r\n\r\n<p>Le eliche a pistoni possono ospitare fino a quattro passeggeri. Hanno un'autonomia massima di volo di 500 miglia e una velocit\u00e0 di crociera di 250 miglia orarie. Il prezzo orario medio per i membri di StraightLine Private Air va da $950 a $1.950.<\/p>\r\n\r\n\r\n\r\n<h3 class=\"wp-block-heading\"><span class=\"ez-toc-section\" id=\"2_Turboprops\"><\/span>2. Turbopropulsori<span class=\"ez-toc-section-end\"><\/span><\/h3>\r\n\r\n\r\n\r\n<p>I passeggeri possono volare su distanze brevi e medie con gli aerei a turboelica. Questi aeromobili economici sono perfetti per vari viaggi, in quanto consentono di accedere agli aeroporti pi\u00f9 piccoli che gli aerei pi\u00f9 grandi non possono utilizzare.<\/p>\r\n\r\n\r\n\r\n<h4 class=\"wp-block-heading\"><span class=\"ez-toc-section\" id=\"Turboprops_Specifications\"><\/span>Specifiche dei turboelica<span class=\"ez-toc-section-end\"><\/span><\/h4>\r\n\r\n\r\n\r\n<p>I turboelica possono ospitare fino a otto passeggeri. Hanno un'autonomia massima di volo di 1.250 miglia e una velocit\u00e0 di crociera di 350 miglia orarie. Il prezzo orario medio per i membri di StraightLine Private Air va da $3.450 a $4.950.<\/p>\r\n\r\n\r\n\r\n<h3 class=\"wp-block-heading\"><span class=\"ez-toc-section\" id=\"3_Very_Light_and_Light_Private_Jets\"><\/span>3. Jet privati molto leggeri e leggeri<span class=\"ez-toc-section-end\"><\/span><\/h3>\r\n\r\n\r\n\r\n<p>I jet molto leggeri sono una scelta popolare per i passeggeri che volano su distanze brevi e intermedie. I jet leggeri sono spesso scelti per viaggi di durata compresa tra le tre e le quattro ore e possono percorrere 1.500 miglia senza fare una sosta ai box.&nbsp;<\/p>\r\n\r\n\r\n\r\n<h4 class=\"wp-block-heading\"><span class=\"ez-toc-section\" id=\"Light_and_Very_Light_Jets_Specifications\"><\/span>Specifiche dei jet leggeri e molto leggeri<span class=\"ez-toc-section-end\"><\/span><\/h4>\r\n\r\n\r\n\r\n<p>I jet molto leggeri possono ospitare da quattro a cinque passeggeri e volano con una velocit\u00e0 massima di crociera di 450 miglia orarie e un'autonomia massima di volo di 750 miglia. Il prezzo orario medio per i membri di StraightLine Private Air varia da $3.950 a $5.250.<\/p>\r\n\r\n\r\n\r\n<p>I jet leggeri possono ospitare fino a otto passeggeri e volano con una velocit\u00e0 massima di crociera di 500 miglia orarie e un'autonomia massima di 1.500 miglia. Il prezzo orario medio per i membri di StraightLine Private Air va da $4.250 a $5.950.<\/p>\r\n\r\n\r\n\r\n<h3 class=\"wp-block-heading\"><span class=\"ez-toc-section\" id=\"4_Midsize_and_Super-Midsize_Private_Jets\"><\/span>4. Jet privati di medie e super medie dimensioni&nbsp;<span class=\"ez-toc-section-end\"><\/span><\/h3>\r\n\r\n\r\n\r\n<p>I jet di medie dimensioni offrono una maggiore autonomia di volo e una cabina pi\u00f9 spaziosa rispetto ai jet leggeri. Questi aerei sono solitamente dotati di divani spaziosi per il comfort dei passeggeri e di una cucina e di servizi igienici pi\u00f9 ampi.<\/p>\r\n\r\n\r\n\r\n<p>I jet super medi hanno un'autonomia maggiore rispetto ai jet medi e cabine pi\u00f9 spaziose. Questi aerei sono un'alternativa economica ed efficiente in termini di carburante ai grandi jet, in quanto possono volare su lunghe distanze.&nbsp;<\/p>\r\n\r\n\r\n\r\n<h4 class=\"wp-block-heading\"><span class=\"ez-toc-section\" id=\"Midsize_and_Super-Midsize_Jets_Specifications\"><\/span>Specifiche dei jet di medie e super medie dimensioni<span class=\"ez-toc-section-end\"><\/span><\/h4>\r\n\r\n\r\n\r\n<p>I jet di medie dimensioni possono ospitare fino a dieci passeggeri e volano con una velocit\u00e0 massima di crociera di 550 miglia orarie e un'autonomia massima di 3.000 miglia. Il prezzo orario medio per i membri di StraightLine Private Air varia da $5.950 a $7.450.<\/p>\r\n\r\n\r\n\r\n<p>I jet di medie dimensioni possono ospitare fino a 12 passeggeri e volare con una velocit\u00e0 massima di crociera di 600 miglia orarie e un'autonomia massima di 4.500 miglia. Il prezzo orario medio per i membri di StraightLine Private Air varia da $6.250 a $8.950.<\/p>\r\n\r\n\r\n\r\n<h3 class=\"wp-block-heading\"><span class=\"ez-toc-section\" id=\"5_Large_Private_Jets\"><\/span>5. Grandi jet privati<span class=\"ez-toc-section-end\"><\/span><\/h3>\r\n\r\n\r\n\r\n<p>Gli aerei privati di grandi dimensioni, noti come jet pesanti, si distinguono per le loro immense dimensioni e l'elevato comfort. I servizi di questa classe sono praticamente illimitati e l'autonomia di volo consente di volare per oltre 12 ore senza scalo.&nbsp;<\/p>\r\n\r\n\r\n\r\n<p>Gli aerei sono dotati di Wi-Fi e sistemi di intrattenimento, e la disposizione degli interni pu\u00f2 essere configurata per riunioni di lavoro o opzioni di intrattenimento.<\/p>\r\n\r\n\r\n\r\n<h4 class=\"wp-block-heading\"><span class=\"ez-toc-section\" id=\"Large_Jets_Specifications\"><\/span>Specifiche dei grandi getti<span class=\"ez-toc-section-end\"><\/span><\/h4>\r\n\r\n\r\n\r\n<p>I jet di grandi dimensioni possono ospitare fino a 16 passeggeri e volare con una velocit\u00e0 massima di crociera di 650 miglia orarie e un'autonomia massima di 6.500 miglia. Il prezzo orario medio per i membri di StraightLine Private Air varia da $7.950 a $12.950.<\/p>\r\n\r\n\r\n\r\n<h2 class=\"wp-block-heading\"><span class=\"ez-toc-section\" id=\"Company_Safety_Policy_and_Standards\"><\/span>Politica e standard di sicurezza dell'azienda<span class=\"ez-toc-section-end\"><\/span><\/h2>\r\n\r\n\r\n\r\n<figure class=\"wp-block-image size-full is-style-default\"><img loading=\"lazy\" decoding=\"async\" width=\"1000\" height=\"442\" src=\"https:\/\/comparemyjet.com\/wp-content\/uploads\/2022\/09\/little.plane_.in_.the_.hand_.of_.a.businessman.jpg\" alt=\"\" class=\"wp-image-3335\" srcset=\"https:\/\/comparemyjet.com\/wp-content\/uploads\/2022\/09\/little.plane_.in_.the_.hand_.of_.a.businessman-18x8.jpg 18w, https:\/\/comparemyjet.com\/wp-content\/uploads\/2022\/09\/little.plane_.in_.the_.hand_.of_.a.businessman-300x133.jpg 300w, https:\/\/comparemyjet.com\/wp-content\/uploads\/2022\/09\/little.plane_.in_.the_.hand_.of_.a.businessman-768x339.jpg 768w, https:\/\/comparemyjet.com\/wp-content\/uploads\/2022\/09\/little.plane_.in_.the_.hand_.of_.a.businessman.jpg 1000w\" sizes=\"auto, (max-width: 1000px) 100vw, 1000px\" \/><\/figure>\r\n\r\n\r\n\r\n<p>StraightLine soddisfa il <a href=\"https:\/\/www.faa.gov\/\" target=\"_blank\" rel=\"noopener\">FAA<\/a>standard per le operazioni di charter. La societ\u00e0 utilizza solo aeromobili approvati dalla FAA, dalla FAR (Federal Aviation Regulations) Part 135 Charter Operators.&nbsp;<\/p>\r\n\r\n\r\n\r\n<p>I voli sono condotti sotto l'autorit\u00e0 operativa degli operatori charter di StraightLine Private Air, che assumono i piloti, si occupano della manutenzione e gestiscono gli aerei.&nbsp;<\/p>\r\n\r\n\r\n\r\n<p>StraightLine lavora a stretto contatto con le migliori compagnie di charter del settore e utilizza solo aeromobili che hanno superato le ispezioni da parte di <a href=\"https:\/\/www.wyvernltd.com\/\" target=\"_blank\" rel=\"noopener\">Wyvern <\/a>o <a href=\"https:\/\/www.argus.aero\/\" target=\"_blank\" rel=\"noopener\">ARGUS<\/a> per garantire la sicurezza dei passeggeri.&nbsp;<\/p>\r\n\r\n\r\n\r\n<h2 class=\"wp-block-heading\"><span class=\"ez-toc-section\" id=\"Conclusion\"><\/span>Conclusione<span class=\"ez-toc-section-end\"><\/span><\/h2>\r\n\r\n\r\n\r\n<p>Fondata nel 2016, StraightLine Private Air organizza voli per i clienti con aerei di operatori charter terzi. I clienti possono noleggiare un'ampia gamma di aeromobili, dalle eliche a pistoni ai jet pesanti, in qualsiasi momento.&nbsp;<\/p>\r\n\r\n\r\n\r\n<p>I membri del programma StraightLine Private Air, basato sul deposito, possono scegliere il tipo di aeromobile che meglio soddisfa le loro esigenze per ogni viaggio. Il programma \u00e8 ideale per i frequent flyer che intendono utilizzare diversi tipi di aeromobile.&nbsp;<\/p>","protected":false},"excerpt":{"rendered":"<p>StraightLine Private Air \u00e8 una societ\u00e0 di intermediazione charter che aiuta i clienti a trovare il jet privato pi\u00f9 adatto al loro viaggio. Il servizio di noleggio ha partnership con proprietari di jet privati e operatori terzi in tutti gli Stati Uniti, il che consente di utilizzare una strategia di prezzi dinamici per aiutare i clienti a godere di viaggi di lusso a costi contenuti.  Vediamo cosa ...<\/p>","protected":false},"author":2,"featured_media":3508,"parent":0,"menu_order":0,"comment_status":"closed","ping_status":"closed","template":"","meta":{"_acf_changed":false,"_genesis_hide_title":false,"_genesis_hide_breadcrumbs":false,"_genesis_hide_singular_image":false,"_genesis_hide_footer_widgets":false,"_genesis_custom_body_class":"","_genesis_custom_post_class":"","_genesis_layout":"","footnotes":""},"class_list":{"1":"page","2":"type-page","6":"entry"},"acf":[],"_links":{"self":[{"href":"https:\/\/comparemyjet.com\/it\/wp-json\/wp\/v2\/pages\/3507","targetHints":{"allow":["GET"]}}],"collection":[{"href":"https:\/\/comparemyjet.com\/it\/wp-json\/wp\/v2\/pages"}],"about":[{"href":"https:\/\/comparemyjet.com\/it\/wp-json\/wp\/v2\/types\/page"}],"author":[{"embeddable":true,"href":"https:\/\/comparemyjet.com\/it\/wp-json\/wp\/v2\/users\/2"}],"replies":[{"embeddable":true,"href":"https:\/\/comparemyjet.com\/it\/wp-json\/wp\/v2\/comments?post=3507"}],"version-history":[{"count":2,"href":"https:\/\/comparemyjet.com\/it\/wp-json\/wp\/v2\/pages\/3507\/revisions"}],"predecessor-version":[{"id":3552,"href":"https:\/\/comparemyjet.com\/it\/wp-json\/wp\/v2\/pages\/3507\/revisions\/3552"}],"wp:featuredmedia":[{"embeddable":true,"href":"https:\/\/comparemyjet.com\/it\/wp-json\/wp\/v2\/media\/3508"}],"wp:attachment":[{"href":"https:\/\/comparemyjet.com\/it\/wp-json\/wp\/v2\/media?parent=3507"}],"curies":[{"name":"wp","href":"https:\/\/api.w.org\/{rel}","templated":true}]}}