{"id":3559,"date":"2022-10-15T01:08:04","date_gmt":"2022-10-15T01:08:04","guid":{"rendered":"https:\/\/comparemyjet.com\/?page_id=3559"},"modified":"2025-09-04T10:03:18","modified_gmt":"2025-09-04T10:03:18","slug":"verijet","status":"publish","type":"page","link":"https:\/\/comparemyjet.com\/it\/verijet\/","title":{"rendered":"Prezzi dei voli VeriJet"},"content":{"rendered":"<p>Verijet \u00e8 una compagnia aerea innovativa che si distingue dalle altre compagnie aeree. <a href=\"https:\/\/comparemyjet.com\/it\/how-do-you-rent-or-charter-a-private-jet\/\" data-internallinksmanager029f6b8e52c=\"15\" title=\"Come si fa a noleggiare un jet privato?\">noleggio di jet privati<\/a> I fornitori di servizi di trasporto aereo si basano su una serie di criteri, la maggior parte dei quali pu\u00f2 essere ricondotta alla flotta di jet Cirrus SF-50 Vision dell'azienda. L'azienda \u00e8 stata fondata nel 2020 e i suoi uffici principali si trovano a Vero Beach, in Florida.<\/p>\r\n\r\n\r\n\r\n<p>Per rendere i voli pi\u00f9 accessibili, Verijet ha sviluppato un motore di ottimizzazione dei voli e ha lanciato la propria flotta di jet G2+ Vision, pi\u00f9 potenti e meglio equipaggiati per affrontare piste impegnative e distanze maggiori. Questi jet hanno valutazioni eccezionali in termini di sicurezza e conducono voli a emissioni zero 100%.&nbsp;<\/p>\r\n\r\n\r\n\r\n<p>Dopo un inizio fruttuoso nella regione sud-orientale degli Stati Uniti, Verijet intende rendere disponibili voli privati rapidi e a basso costo in tutti gli Stati Uniti.<\/p>\r\n\r\n\r\n\r\n<div id=\"ez-toc-container\" class=\"ez-toc-v2_0_76 counter-hierarchy ez-toc-counter ez-toc-grey ez-toc-container-direction\">\n<p class=\"ez-toc-title\" style=\"cursor:inherit\">Argomenti<\/p>\n<label for=\"ez-toc-cssicon-toggle-item-69f4759e752f0\" class=\"ez-toc-cssicon-toggle-label\"><span class=\"\"><span class=\"eztoc-hide\" style=\"display:none;\">Toggle<\/span><span class=\"ez-toc-icon-toggle-span\"><svg style=\"fill: #999;color:#999\" xmlns=\"http:\/\/www.w3.org\/2000\/svg\" class=\"list-377408\" width=\"20px\" height=\"20px\" viewbox=\"0 0 24 24\" fill=\"none\"><path d=\"M6 6H4v2h2V6zm14 0H8v2h12V6zM4 11h2v2H4v-2zm16 0H8v2h12v-2zM4 16h2v2H4v-2zm16 0H8v2h12v-2z\" fill=\"currentColor\"><\/path><\/svg><svg style=\"fill: #999;color:#999\" class=\"arrow-unsorted-368013\" xmlns=\"http:\/\/www.w3.org\/2000\/svg\" width=\"10px\" height=\"10px\" viewbox=\"0 0 24 24\" version=\"1.2\" baseprofile=\"tiny\"><path d=\"M18.2 9.3l-6.2-6.3-6.2 6.3c-.2.2-.3.4-.3.7s.1.5.3.7c.2.2.4.3.7.3h11c.3 0 .5-.1.7-.3.2-.2.3-.5.3-.7s-.1-.5-.3-.7zM5.8 14.7l6.2 6.3 6.2-6.3c.2-.2.3-.5.3-.7s-.1-.5-.3-.7c-.2-.2-.4-.3-.7-.3h-11c-.3 0-.5.1-.7.3-.2.2-.3.5-.3.7s.1.5.3.7z\"\/><\/svg><\/span><\/span><\/label><input type=\"checkbox\"  id=\"ez-toc-cssicon-toggle-item-69f4759e752f0\" checked aria-label=\"Toggle\" \/><nav><ul class='ez-toc-list ez-toc-list-level-1' ><li class='ez-toc-page-1 ez-toc-heading-level-2'><a class=\"ez-toc-link ez-toc-heading-1\" href=\"https:\/\/comparemyjet.com\/it\/verijet\/#About_the_Company\" >Informazioni sull'azienda<\/a><ul class='ez-toc-list-level-3' ><li class='ez-toc-heading-level-3'><a class=\"ez-toc-link ez-toc-heading-2\" href=\"https:\/\/comparemyjet.com\/it\/verijet\/#The_G2_Vision_Jets_Fleet\" >La flotta di jet G2+ Vision<\/a><\/li><\/ul><\/li><li class='ez-toc-page-1 ez-toc-heading-level-2'><a class=\"ez-toc-link ez-toc-heading-3\" href=\"https:\/\/comparemyjet.com\/it\/verijet\/#Pricing\" >Prezzi<\/a><\/li><li class='ez-toc-page-1 ez-toc-heading-level-2'><a class=\"ez-toc-link ez-toc-heading-4\" href=\"https:\/\/comparemyjet.com\/it\/verijet\/#Company_Jet_Card_Programs\" >Programmi di carte jet aziendali<\/a><ul class='ez-toc-list-level-3' ><li class='ez-toc-heading-level-3'><a class=\"ez-toc-link ez-toc-heading-5\" href=\"https:\/\/comparemyjet.com\/it\/verijet\/#25_Hour_JetCard\" >JetCard da 25 ore<\/a><\/li><li class='ez-toc-page-1 ez-toc-heading-level-3'><a class=\"ez-toc-link ez-toc-heading-6\" href=\"https:\/\/comparemyjet.com\/it\/verijet\/#50_Hour_JetCard\" >JetCard da 50 ore<\/a><\/li><li class='ez-toc-page-1 ez-toc-heading-level-3'><a class=\"ez-toc-link ez-toc-heading-7\" href=\"https:\/\/comparemyjet.com\/it\/verijet\/#100_Hour_JetCard\" >JetCard da 100 ore<\/a><\/li><\/ul><\/li><li class='ez-toc-page-1 ez-toc-heading-level-2'><a class=\"ez-toc-link ez-toc-heading-8\" href=\"https:\/\/comparemyjet.com\/it\/verijet\/#The_Fleet\" >La flotta&nbsp;<\/a><ul class='ez-toc-list-level-4' ><li class='ez-toc-heading-level-4'><ul class='ez-toc-list-level-4' ><li class='ez-toc-heading-level-4'><a class=\"ez-toc-link ez-toc-heading-9\" href=\"https:\/\/comparemyjet.com\/it\/verijet\/#Characteristics_of_The_Cirrus_SF-50_Vision_Jet\" >Caratteristiche del Cirrus SF-50 Vision Jet<\/a><\/li><\/ul><\/li><\/ul><\/li><li class='ez-toc-page-1 ez-toc-heading-level-2'><a class=\"ez-toc-link ez-toc-heading-10\" href=\"https:\/\/comparemyjet.com\/it\/verijet\/#Company_Safety_Policy_and_Standards\" >Politica e standard di sicurezza dell'azienda<\/a><\/li><li class='ez-toc-page-1 ez-toc-heading-level-2'><a class=\"ez-toc-link ez-toc-heading-11\" href=\"https:\/\/comparemyjet.com\/it\/verijet\/#Pilots\" >Piloti<\/a><\/li><li class='ez-toc-page-1 ez-toc-heading-level-2'><a class=\"ez-toc-link ez-toc-heading-12\" href=\"https:\/\/comparemyjet.com\/it\/verijet\/#Partnerships\" >Partenariati<\/a><\/li><li class='ez-toc-page-1 ez-toc-heading-level-2'><a class=\"ez-toc-link ez-toc-heading-13\" href=\"https:\/\/comparemyjet.com\/it\/verijet\/#Conclusion\" >Conclusione<\/a><\/li><\/ul><\/nav><\/div>\n<h2 class=\"wp-block-heading\"><span class=\"ez-toc-section\" id=\"About_the_Company\"><\/span>Informazioni sull'azienda<span class=\"ez-toc-section-end\"><\/span><\/h2>\r\n\r\n\r\n\r\n<p>Richard Kane, presidente e amministratore delegato di Verijet, ha lavorato nel settore delle telecomunicazioni e dell'aviazione, cosa che lo ha ispirato a fondare l'azienda. Essendo un pilota di talento con record mondiali di velocit\u00e0 ed essendo esperto nell'instradamento di milioni di chiamate all'ora in tempo reale, Verijet \u00e8 diventata rapidamente la societ\u00e0 di noleggio di jet privati di riferimento.<\/p>\r\n\r\n\r\n\r\n<p>Verijet ha costruito un sistema di ottimizzazione che pu\u00f2 sostituire un team di pianificatori con un solo clic di un pulsante. Come risultato diretto, si rinuncia a ulteriori tasse, con conseguente riduzione delle tariffe aeree. Kane ha provato il suo processo di ottimizzazione su un cluster di macchine virtuali che condividevano lo stesso pool di memoria e spazio su disco. Dopo aver esaminato varie opzioni, ha scelto <a href=\"https:\/\/www.ibm.com\/cloud\/bare-metal-servers\" target=\"_blank\" rel=\"noopener\">Server IBM Cloud Bare Metal<\/a> grazie alla loro stabilit\u00e0 e alla potenza di calcolo rispetto a quella del motore di ottimizzazione, nonch\u00e9 all'accesso alla piattaforma cloud di IBM e al supporto di ingegneri e consulenti tecnici.<\/p>\r\n\r\n\r\n\r\n<h3 class=\"wp-block-heading\"><span class=\"ez-toc-section\" id=\"The_G2_Vision_Jets_Fleet\"><\/span>La flotta di jet G2+ Vision<span class=\"ez-toc-section-end\"><\/span><\/h3>\r\n\r\n\r\n\r\n<figure class=\"wp-block-image size-full is-style-default\"><img loading=\"lazy\" decoding=\"async\" width=\"1000\" height=\"563\" src=\"https:\/\/comparemyjet.com\/wp-content\/uploads\/2022\/10\/G2-Vision-Jet-1.jpg\" alt=\"VeriJet\" class=\"wp-image-3562\" srcset=\"https:\/\/comparemyjet.com\/wp-content\/uploads\/2022\/10\/G2-Vision-Jet-1-18x10.jpg 18w, https:\/\/comparemyjet.com\/wp-content\/uploads\/2022\/10\/G2-Vision-Jet-1-300x169.jpg 300w, https:\/\/comparemyjet.com\/wp-content\/uploads\/2022\/10\/G2-Vision-Jet-1-768x432.jpg 768w, https:\/\/comparemyjet.com\/wp-content\/uploads\/2022\/10\/G2-Vision-Jet-1.jpg 1000w\" sizes=\"auto, (max-width: 1000px) 100vw, 1000px\" \/><\/figure>\r\n\r\n\r\n\r\n<p>Con il supporto di questo nuovo software, Kane \u00e8 riuscito a creare una propria flotta di jet piccoli ed ecologicamente sostenibili. Questi jet silenziosi e a pilotaggio singolo, con il marchio Vision Jets, lo hanno aiutato a costruire il motore di ottimizzazione e a lavorare per la fase successiva del suo piano.<\/p>\r\n\r\n\r\n\r\n<p>Questi jet privati sono dotati di misure di sicurezza all'avanguardia, come il Cirrus Airplane Parachute System (CAPS) e il pulsante \"Safe Return\", che consentono di effettuare un atterraggio di emergenza con il pilota automatico. Il <a href=\"https:\/\/www.faa.gov\/\" target=\"_blank\" rel=\"noopener\">Amministrazione federale dell'aviazione<\/a> ha dovuto fare qualche passo in pi\u00f9, dato che queste capacit\u00e0 sono cos\u00ec all'avanguardia, prima di poter dare la sua approvazione a Vision Jets, cosa che alla fine ha fatto.<\/p>\r\n\r\n\r\n\r\n<p>La richiesta di potenza di calcolo di Kane sta crescendo di pari passo con l'espansione della sua base di clienti e della sua flotta di Vision Jet. Per raggiungere questo obiettivo, sta attualmente conversando con il team di Quantum Computing di IBM per continuare il suo lavoro di ottimizzazione.<\/p>\r\n\r\n\r\n\r\n<p>L'attuale costo fisso di sola andata per il servizio di VeriJets \u00e8 stato reso disponibile all'interno di <a href=\"https:\/\/comparemyjet.com\/it\/tour-privati\/orlando-private-tours\/\" data-internallinksmanager029f6b8e52c=\"429\" title=\"11 migliori tour privati di Orlando da $5.99\">Orlando<\/a>Florida e l'aeroporto di Santa Maria in California dal 2021. Gli Stati Uniti nordorientali, il Canada e l'Europa sono tutti nell'elenco delle potenziali sedi di espansione.<\/p>\r\n\r\n\r\n\r\n<h2 class=\"wp-block-heading\"><span class=\"ez-toc-section\" id=\"Pricing\"><\/span>Prezzi<span class=\"ez-toc-section-end\"><\/span><\/h2>\r\n\r\n\r\n\r\n<p>L'attuale struttura dei prezzi \u00e8 semplice. I clienti pagano un minimo di sessanta minuti di volo oltre a una tassa federale di 7,5%, per un totale di $3.000 all'ora.&nbsp;<\/p>\r\n\r\n\r\n\r\n<h2 class=\"wp-block-heading\"><span class=\"ez-toc-section\" id=\"Company_Jet_Card_Programs\"><\/span>Programmi di carte jet aziendali<span class=\"ez-toc-section-end\"><\/span><\/h2>\r\n\r\n\r\n\r\n<figure class=\"wp-block-image size-full is-style-default\"><img loading=\"lazy\" decoding=\"async\" width=\"1000\" height=\"442\" src=\"https:\/\/comparemyjet.com\/wp-content\/uploads\/2022\/09\/little.plane_.in_.the_.hand_.of_.a.businessman.jpg\" alt=\"\" class=\"wp-image-3335\" srcset=\"https:\/\/comparemyjet.com\/wp-content\/uploads\/2022\/09\/little.plane_.in_.the_.hand_.of_.a.businessman-18x8.jpg 18w, https:\/\/comparemyjet.com\/wp-content\/uploads\/2022\/09\/little.plane_.in_.the_.hand_.of_.a.businessman-300x133.jpg 300w, https:\/\/comparemyjet.com\/wp-content\/uploads\/2022\/09\/little.plane_.in_.the_.hand_.of_.a.businessman-768x339.jpg 768w, https:\/\/comparemyjet.com\/wp-content\/uploads\/2022\/09\/little.plane_.in_.the_.hand_.of_.a.businessman.jpg 1000w\" sizes=\"auto, (max-width: 1000px) 100vw, 1000px\" \/><\/figure>\r\n\r\n\r\n\r\n<p>Quando i clienti acquistano una JetCard Verijet, hanno la priorit\u00e0 di prenotazione e la possibilit\u00e0 di acquistare blocchi di tempo di volo di 25, 50 o 100 ore. Esploriamo queste opzioni.<\/p>\r\n\r\n\r\n\r\n<h3 class=\"wp-block-heading\"><span class=\"ez-toc-section\" id=\"25_Hour_JetCard\"><\/span>JetCard da 25 ore<span class=\"ez-toc-section-end\"><\/span><\/h3>\r\n\r\n\r\n\r\n<p>La Carta Jet 25 ore costa $81.250 per l'acquisto e il prezzo orario per ogni volo \u00e8 di $3.250 fisso. Non \u00e8 prevista una quota associativa, quindi il prezzo di acquisto \u00e8 in realt\u00e0 un deposito dal quale viene detratto il prezzo orario a ogni volo.&nbsp;<\/p>\r\n\r\n\r\n\r\n<ul class=\"wp-block-list\"><li>Potrebbero essere applicati dei sovrapprezzi.&nbsp;<\/li><li>Non c'\u00e8 un minimo giornaliero.&nbsp;<\/li><li>La carta \u00e8 valida per un anno. Gli animali domestici sono i benvenuti a bordo.&nbsp;<\/li><li>\u00c8 richiesta una durata minima di un'ora di volo.&nbsp;<\/li><li>Il termine di cancellazione \u00e8 di 72 ore prima del volo e non ci sono giorni di punta.<\/li><\/ul>\r\n\r\n\r\n\r\n<h3 class=\"wp-block-heading\"><span class=\"ez-toc-section\" id=\"50_Hour_JetCard\"><\/span>JetCard da 50 ore<span class=\"ez-toc-section-end\"><\/span><\/h3>\r\n\r\n\r\n\r\n<p>L'acquisto della Carta Jet da 50 ore costa $152.500, mentre il prezzo orario per ogni volo \u00e8 di $3.050 fisso.&nbsp;<\/p>\r\n\r\n\r\n\r\n<ul class=\"wp-block-list\"><li>Nessuna quota di iscrizione.&nbsp;<\/li><li>Potrebbero essere applicati dei sovrapprezzi.&nbsp;<\/li><li>Non c'\u00e8 un minimo giornaliero.&nbsp;<\/li><li>La carta \u00e8 valida per 15 mesi.<\/li><li>Gli animali domestici sono i benvenuti a bordo.&nbsp;<\/li><li>\u00c8 richiesta una durata minima di un'ora di volo.&nbsp;<\/li><li>Il termine di cancellazione \u00e8 di 48 ore prima del volo e non ci sono giorni di punta.<\/li><\/ul>\r\n\r\n\r\n\r\n<h3 class=\"wp-block-heading\"><span class=\"ez-toc-section\" id=\"100_Hour_JetCard\"><\/span>JetCard da 100 ore<span class=\"ez-toc-section-end\"><\/span><\/h3>\r\n\r\n\r\n\r\n<p>La Carta Jet da 50 ore costa $275.000 e il prezzo orario per ogni volo \u00e8 di $2.750 fisso.&nbsp;<\/p>\r\n\r\n\r\n\r\n<ul class=\"wp-block-list\"><li>Non \u00e8 prevista alcuna quota di iscrizione.&nbsp;<\/li><li>Potrebbero essere applicati dei sovrapprezzi.&nbsp;<\/li><li>C'\u00e8 un minimo giornaliero.&nbsp;<\/li><li>La carta \u00e8 valida per 18 mesi.&nbsp;<\/li><li>Gli animali domestici sono i benvenuti a bordo.&nbsp;<\/li><li>\u00c8 richiesta una durata minima di un'ora di volo.&nbsp;<\/li><li>Il termine di cancellazione \u00e8 di 120 ore prima del volo e non nei giorni di punta.<\/li><\/ul>\r\n\r\n\r\n\r\n<p>Potete vedere il confronto tra le carte jet ed effettuare una prenotazione al seguente link <a href=\"https:\/\/www.verijet.com\/Verijet-JetCard\" target=\"_blank\" rel=\"noopener\">link<\/a>.<\/p>\r\n\r\n\r\n\r\n<h2 class=\"wp-block-heading\"><span class=\"ez-toc-section\" id=\"The_Fleet\"><\/span>La flotta&nbsp;<span class=\"ez-toc-section-end\"><\/span><\/h2>\r\n\r\n\r\n\r\n<figure class=\"wp-block-image is-style-default\"><img decoding=\"async\" src=\"https:\/\/comparemyjet.com\/wp-content\/uploads\/ccVHG_SOHNe_ne2YdOrnGlWyXNclOSUinAFhoJmSXeT1HEmx4_1GOoLo9bqXbbqWticFT5_gfpez-U2nynnVY1wK9aDdTTij7wffVow9ytmtX1sM-S9ozw2of6wQiRhT6xGbMrqx6IOtteUpDLtWJRQd3QDb9JnlE6RZlXwhUIBVNHG1dIz8FBQHUA.jpg\" alt=\"\"\/><\/figure>\r\n\r\n\r\n\r\n<p>Il Cirrus SF-50 Vision Jet \u00e8 alimentato da un singolo motore a missile da crociera. Questo permette ai jet di volare bassi e lenti, lasciando dietro di s\u00e9 solo un nono delle emissioni di carbonio rispetto al tipico aereo privato. Poich\u00e9 i Vision Jet sono in grado di bruciare quattro diversi tipi di biocarburante, sono in grado di effettuare voli completamente privi di emissioni di carbonio.<\/p>\r\n\r\n\r\n\r\n<p>Tuttavia, i vantaggi ambientali di questi elementi non sono l'unica ragione per cui sono desiderabili. Essi consentono anche a Verijet di operare in numerosi aeroporti, accelerando cos\u00ec il processo di trasporto dei clienti verso le loro destinazioni finali.<\/p>\r\n\r\n\r\n\r\n<h4 class=\"wp-block-heading\"><span class=\"ez-toc-section\" id=\"Characteristics_of_The_Cirrus_SF-50_Vision_Jet\"><\/span>Caratteristiche del Cirrus SF-50 Vision Jet<span class=\"ez-toc-section-end\"><\/span><\/h4>\r\n\r\n\r\n\r\n<p>Il Cirrus Aircraft Vision Jet \u00e8 il prodotto di un'incessante attivit\u00e0 di ricerca e sviluppo. Le sue prestazioni sono eccezionali ed \u00e8 facile da pilotare e mantenere. Il Vision Jet ha ricevuto numerosi elogi e riconoscimenti, tra cui il Robert J. Collier Trophy.&nbsp;<\/p>\r\n\r\n\r\n\r\n<p>La struttura in fibra di carbonio offre un senso di spazio all'interno dell'aereo, con uno spazio sorprendentemente ampio per la testa e le spalle e ampie finestre. La cabina \u00e8 stata progettata per essere la pi\u00f9 grande della sua categoria.<\/p>\r\n\r\n\r\n\r\n<p>Il display di intrattenimento pu\u00f2 essere collegato alla maggior parte dei dispositivi e la console centrale pu\u00f2 essere trasformata in una postazione di lavoro moderna per i passeggeri.<\/p>\r\n\r\n\r\n\r\n<p>Il WiFi \u00e8 fornito da Gogo InFlight Wi-Fi e l'aggiunta di porte USB-C consente di continuare a ricaricare i gadget elettronici dei passeggeri mentre sono in volo.<\/p>\r\n\r\n\r\n\r\n<p>Inoltre, i jet sono prodotti in un'ampia gamma di colori per soddisfare qualsiasi desiderio estetico, con interni in pelle di lusso e accessori di rivestimento. I passeggeri hanno una versatilit\u00e0 extra con un totale di 28 diverse disposizioni di posti a sedere grazie al fatto che ogni sedile della cabina \u00e8 completamente modulare e pu\u00f2 essere rimosso senza sforzo se necessario.<\/p>\r\n\r\n\r\n\r\n<p>Specifiche:<\/p>\r\n\r\n\r\n\r\n<ul class=\"wp-block-list\"><li>Passeggeri: 7;<\/li><li>Lunghezza totale: 30 ft 7 in;&nbsp;<\/li><li>Apertura alare: 38 piedi e 7 pollici;&nbsp;<\/li><li>Altezza totale: 10 piedi e 9 pollici;<\/li><li>Altezza della cabina: 4 piedi e 1 pollice;<\/li><li>Larghezza della cabina: 5 ft 1 in;&nbsp;<\/li><li>Velocit\u00e0 di salita: 1.609 ft\/min;<\/li><li>Velocit\u00e0 massima di crociera: 311 ktas;<\/li><li>Raggio di volo massimo: 1.275 nm;<\/li><li>Finestre panoramiche;<\/li><li>Cabina pressurizzata;<\/li><li>Climatizzatore posteriore;<\/li><li>Illuminazione d'accento<\/li><\/ul>\r\n\r\n\r\n\r\n<h2 class=\"wp-block-heading\"><span class=\"ez-toc-section\" id=\"Company_Safety_Policy_and_Standards\"><\/span>Politica e standard di sicurezza dell'azienda<span class=\"ez-toc-section-end\"><\/span><\/h2>\r\n\r\n\r\n\r\n<p>Durante l'epidemia COVID-19, l'aereo \u00e8 stato completamente igienizzato sia prima che dopo il decollo. I passeggeri hanno riferito di essersi sentiti eccezionalmente sicuri per tutto il tempo e l'impronta di carbonio \u00e8 stata pari a un nono di quella di un jet di medie dimensioni.<\/p>\r\n\r\n\r\n\r\n<p>L'aeromobile offerto da VeriJet \u00e8 dotato di un sistema di paracadute Cirrus Airframe e di un atterraggio automatico di emergenza Safe ReturnTM. L'autoland di emergenza Safe ReturnTM fornisce una nuova opzione per salvaguardare i passeggeri, consentendo ai piloti di far atterrare il jet in una circostanza di emergenza con la semplice pressione di un pulsante. Questo rende l'autoland un'eccellente aggiunta al Vision Jet.<\/p>\r\n\r\n\r\n\r\n<h2 class=\"wp-block-heading\"><span class=\"ez-toc-section\" id=\"Pilots\"><\/span>Piloti<span class=\"ez-toc-section-end\"><\/span><\/h2>\r\n\r\n\r\n\r\n<figure class=\"wp-block-image size-full is-style-default\"><img loading=\"lazy\" decoding=\"async\" width=\"1000\" height=\"667\" src=\"https:\/\/comparemyjet.com\/wp-content\/uploads\/2022\/09\/pilot.boarding.on_.a.private.jet_.jpg\" alt=\"\" class=\"wp-image-3231\" srcset=\"https:\/\/comparemyjet.com\/wp-content\/uploads\/2022\/09\/pilot.boarding.on_.a.private.jet_-18x12.jpg 18w, https:\/\/comparemyjet.com\/wp-content\/uploads\/2022\/09\/pilot.boarding.on_.a.private.jet_-300x200.jpg 300w, https:\/\/comparemyjet.com\/wp-content\/uploads\/2022\/09\/pilot.boarding.on_.a.private.jet_-768x512.jpg 768w, https:\/\/comparemyjet.com\/wp-content\/uploads\/2022\/09\/pilot.boarding.on_.a.private.jet_.jpg 1000w\" sizes=\"auto, (max-width: 1000px) 100vw, 1000px\" \/><\/figure>\r\n\r\n\r\n\r\n<p>Ogni Vision Jet \u00e8 dotato di un'esperienza di formazione per piloti di prim'ordine presso il Vision Center Campus.<\/p>\r\n\r\n\r\n\r\n<h2 class=\"wp-block-heading\"><span class=\"ez-toc-section\" id=\"Partnerships\"><\/span>Partenariati<span class=\"ez-toc-section-end\"><\/span><\/h2>\r\n\r\n\r\n\r\n<p>Coflyt \u00e8 un software intelligente per l'aviazione che offre ai proprietari di aeromobili, alle aziende e alle organizzazioni aeronautiche la tranquillit\u00e0 necessaria per gestire i loro velivoli.&nbsp;<\/p>\r\n\r\n\r\n\r\n<p>Coflyt \u00e8 stato sviluppato dai piloti per rendere pi\u00f9 efficiente il possesso di un aereo. Centralizza i registri di volo, mantiene le mappe di volo, analizza le prestazioni, visualizza la disponibilit\u00e0 degli aeromobili, fornisce aggiornamenti sullo stato ai fornitori di aeromobili e di parti e semplifica i pagamenti, tra le altre cose. La flotta Cirrus di VeriJet \u00e8 gestita con <a href=\"https:\/\/coflyt.com\/verijet\/\" target=\"_blank\" rel=\"noopener\">Coflyt<\/a>e si avvale di tecnologie informatiche e di intelligenza artificiale brevettate e all'avanguardia nel settore.<\/p>\r\n\r\n\r\n\r\n<h2 class=\"wp-block-heading\"><span class=\"ez-toc-section\" id=\"Conclusion\"><\/span>Conclusione<span class=\"ez-toc-section-end\"><\/span><\/h2>\r\n\r\n\r\n\r\n<p>Secondo Richard Kane, quando un cliente utilizza Verijet per cercare un viaggio privato, siamo in grado di fornirgli subito un preventivo e di rispondere immediatamente alla sua richiesta. L'intelligenza artificiale ha gi\u00e0 verificato che tutto sia sicuro, legittimo e realizzabile, e il prezzo \u00e8 stato fissato in modo definitivo. Grazie a questa possibilit\u00e0, il volo privato \u00e8 ora disponibile per tutti in un modo che non era possibile in passato.<\/p>","protected":false},"excerpt":{"rendered":"<p>Verijet \u00e8 una compagnia aerea innovativa che si distingue dagli altri fornitori di jet privati a noleggio per una serie di criteri, la maggior parte dei quali pu\u00f2 essere ricondotta alla flotta di jet Cirrus SF-50 Vision della societ\u00e0. L'azienda \u00e8 stata fondata nel 2020 e i suoi uffici principali si trovano a Vero Beach, in Florida. I voli vengono effettuati ...<\/p>","protected":false},"author":1,"featured_media":3564,"parent":0,"menu_order":0,"comment_status":"closed","ping_status":"closed","template":"","meta":{"_acf_changed":false,"_genesis_hide_title":false,"_genesis_hide_breadcrumbs":false,"_genesis_hide_singular_image":false,"_genesis_hide_footer_widgets":false,"_genesis_custom_body_class":"","_genesis_custom_post_class":"","_genesis_layout":"","footnotes":""},"class_list":{"1":"page","2":"type-page","6":"entry"},"acf":[],"_links":{"self":[{"href":"https:\/\/comparemyjet.com\/it\/wp-json\/wp\/v2\/pages\/3559","targetHints":{"allow":["GET"]}}],"collection":[{"href":"https:\/\/comparemyjet.com\/it\/wp-json\/wp\/v2\/pages"}],"about":[{"href":"https:\/\/comparemyjet.com\/it\/wp-json\/wp\/v2\/types\/page"}],"author":[{"embeddable":true,"href":"https:\/\/comparemyjet.com\/it\/wp-json\/wp\/v2\/users\/1"}],"replies":[{"embeddable":true,"href":"https:\/\/comparemyjet.com\/it\/wp-json\/wp\/v2\/comments?post=3559"}],"version-history":[{"count":3,"href":"https:\/\/comparemyjet.com\/it\/wp-json\/wp\/v2\/pages\/3559\/revisions"}],"predecessor-version":[{"id":9415,"href":"https:\/\/comparemyjet.com\/it\/wp-json\/wp\/v2\/pages\/3559\/revisions\/9415"}],"wp:featuredmedia":[{"embeddable":true,"href":"https:\/\/comparemyjet.com\/it\/wp-json\/wp\/v2\/media\/3564"}],"wp:attachment":[{"href":"https:\/\/comparemyjet.com\/it\/wp-json\/wp\/v2\/media?parent=3559"}],"curies":[{"name":"wp","href":"https:\/\/api.w.org\/{rel}","templated":true}]}}