{"id":3596,"date":"2022-10-26T22:09:48","date_gmt":"2022-10-26T22:09:48","guid":{"rendered":"https:\/\/comparemyjet.com\/?page_id=3596"},"modified":"2025-09-04T10:03:18","modified_gmt":"2025-09-04T10:03:18","slug":"getti-di-velocita","status":"publish","type":"page","link":"https:\/\/comparemyjet.com\/it\/getti-di-velocita\/","title":{"rendered":"Prezzi dei voli Velocity Jets"},"content":{"rendered":"<p>L'iscrizione a jet privati, la vendita e la gestione di aeromobili e il noleggio di aeromobili internazionali con particolare attenzione ai viaggi di sola andata sono solo alcuni dei servizi offerti da Velocity Jets. Questa societ\u00e0 di noleggio di aeromobili internazionali garantisce un'assistenza di prim'ordine da parte di professionisti competenti nel settore dell'aviazione, in grado di soddisfare qualsiasi esigenza specifica.<\/p>\r\n\r\n\r\n\r\n<p>Entriamo nel dettaglio di ci\u00f2 che offre l'azienda.&nbsp;<\/p>\r\n\r\n\r\n\r\n<div id=\"ez-toc-container\" class=\"ez-toc-v2_0_76 counter-hierarchy ez-toc-counter ez-toc-grey ez-toc-container-direction\">\n<p class=\"ez-toc-title\" style=\"cursor:inherit\">Argomenti<\/p>\n<label for=\"ez-toc-cssicon-toggle-item-69f597e3dbf75\" class=\"ez-toc-cssicon-toggle-label\"><span class=\"\"><span class=\"eztoc-hide\" style=\"display:none;\">Toggle<\/span><span class=\"ez-toc-icon-toggle-span\"><svg style=\"fill: #999;color:#999\" xmlns=\"http:\/\/www.w3.org\/2000\/svg\" class=\"list-377408\" width=\"20px\" height=\"20px\" viewbox=\"0 0 24 24\" fill=\"none\"><path d=\"M6 6H4v2h2V6zm14 0H8v2h12V6zM4 11h2v2H4v-2zm16 0H8v2h12v-2zM4 16h2v2H4v-2zm16 0H8v2h12v-2z\" fill=\"currentColor\"><\/path><\/svg><svg style=\"fill: #999;color:#999\" class=\"arrow-unsorted-368013\" xmlns=\"http:\/\/www.w3.org\/2000\/svg\" width=\"10px\" height=\"10px\" viewbox=\"0 0 24 24\" version=\"1.2\" baseprofile=\"tiny\"><path d=\"M18.2 9.3l-6.2-6.3-6.2 6.3c-.2.2-.3.4-.3.7s.1.5.3.7c.2.2.4.3.7.3h11c.3 0 .5-.1.7-.3.2-.2.3-.5.3-.7s-.1-.5-.3-.7zM5.8 14.7l6.2 6.3 6.2-6.3c.2-.2.3-.5.3-.7s-.1-.5-.3-.7c-.2-.2-.4-.3-.7-.3h-11c-.3 0-.5.1-.7.3-.2.2-.3.5-.3.7s.1.5.3.7z\"\/><\/svg><\/span><\/span><\/label><input type=\"checkbox\"  id=\"ez-toc-cssicon-toggle-item-69f597e3dbf75\" checked aria-label=\"Toggle\" \/><nav><ul class='ez-toc-list ez-toc-list-level-1' ><li class='ez-toc-page-1 ez-toc-heading-level-2'><a class=\"ez-toc-link ez-toc-heading-1\" href=\"https:\/\/comparemyjet.com\/it\/getti-di-velocita\/#About_the_Company\" >Informazioni sull'azienda<\/a><\/li><li class='ez-toc-page-1 ez-toc-heading-level-2'><a class=\"ez-toc-link ez-toc-heading-2\" href=\"https:\/\/comparemyjet.com\/it\/getti-di-velocita\/#Company_Card_Program\" >Programma di carte aziendali<\/a><\/li><li class='ez-toc-page-1 ez-toc-heading-level-2'><a class=\"ez-toc-link ez-toc-heading-3\" href=\"https:\/\/comparemyjet.com\/it\/getti-di-velocita\/#Pricing\" >Prezzi<\/a><\/li><li class='ez-toc-page-1 ez-toc-heading-level-2'><a class=\"ez-toc-link ez-toc-heading-4\" href=\"https:\/\/comparemyjet.com\/it\/getti-di-velocita\/#On-Demand_Charter\" >Carta su richiesta<\/a><\/li><li class='ez-toc-page-1 ez-toc-heading-level-2'><a class=\"ez-toc-link ez-toc-heading-5\" href=\"https:\/\/comparemyjet.com\/it\/getti-di-velocita\/#Empty_Leg_Flights\" >Voli a vuoto<\/a><\/li><li class='ez-toc-page-1 ez-toc-heading-level-2'><a class=\"ez-toc-link ez-toc-heading-6\" href=\"https:\/\/comparemyjet.com\/it\/getti-di-velocita\/#The_Fleet\" >La flotta&nbsp;<\/a><ul class='ez-toc-list-level-3' ><li class='ez-toc-heading-level-3'><a class=\"ez-toc-link ez-toc-heading-7\" href=\"https:\/\/comparemyjet.com\/it\/getti-di-velocita\/#1_Light_Private_Jets\" >1. Jet privati leggeri<\/a><ul class='ez-toc-list-level-4' ><li class='ez-toc-heading-level-4'><a class=\"ez-toc-link ez-toc-heading-8\" href=\"https:\/\/comparemyjet.com\/it\/getti-di-velocita\/#Our_Recommendation_Learjet_31\" >La nostra raccomandazione: Learjet 31<\/a><\/li><\/ul><\/li><li class='ez-toc-page-1 ez-toc-heading-level-3'><a class=\"ez-toc-link ez-toc-heading-9\" href=\"https:\/\/comparemyjet.com\/it\/getti-di-velocita\/#2_Midsize_Private_Jets\" >2. Jet privati di medie dimensioni&nbsp;<\/a><ul class='ez-toc-list-level-4' ><li class='ez-toc-heading-level-4'><a class=\"ez-toc-link ez-toc-heading-10\" href=\"https:\/\/comparemyjet.com\/it\/getti-di-velocita\/#Our_Recommendation_Cessna_680_Citation_Sovereign\" >Il nostro consiglio: Cessna 680 Citation Sovereign<\/a><\/li><\/ul><\/li><li class='ez-toc-page-1 ez-toc-heading-level-3'><a class=\"ez-toc-link ez-toc-heading-11\" href=\"https:\/\/comparemyjet.com\/it\/getti-di-velocita\/#_3_Super-Midsize\" >&nbsp;3. Super-Midsize<\/a><ul class='ez-toc-list-level-4' ><li class='ez-toc-heading-level-4'><a class=\"ez-toc-link ez-toc-heading-12\" href=\"https:\/\/comparemyjet.com\/it\/getti-di-velocita\/#Our_Recommendation_Gulfstream_G200\" >La nostra raccomandazione: Gulfstream G200<\/a><\/li><\/ul><\/li><li class='ez-toc-page-1 ez-toc-heading-level-3'><a class=\"ez-toc-link ez-toc-heading-13\" href=\"https:\/\/comparemyjet.com\/it\/getti-di-velocita\/#4_Large_Private_Jets\" >4. Grandi jet privati<\/a><ul class='ez-toc-list-level-4' ><li class='ez-toc-heading-level-4'><a class=\"ez-toc-link ez-toc-heading-14\" href=\"https:\/\/comparemyjet.com\/it\/getti-di-velocita\/#Our_Recommendation_Global_Express_5000\" >Il nostro consiglio: Global Express 5000<\/a><\/li><\/ul><\/li><\/ul><\/li><li class='ez-toc-page-1 ez-toc-heading-level-2'><a class=\"ez-toc-link ez-toc-heading-15\" href=\"https:\/\/comparemyjet.com\/it\/getti-di-velocita\/#Conclusion\" >Conclusione<\/a><\/li><\/ul><\/nav><\/div>\n<h2 class=\"wp-block-heading\"><span class=\"ez-toc-section\" id=\"About_the_Company\"><\/span>Informazioni sull'azienda<span class=\"ez-toc-section-end\"><\/span><\/h2>\r\n\r\n\r\n\r\n<p>Patrick Harris e Jessica Osterneck hanno fondato Velocity Jets nel 2006.  Esperti nel settore dell'aviazione sono alla base della promessa di Velocity Jets di offrire un servizio di qualit\u00e0, adattato alle specifiche esigenze di ogni cliente.&nbsp;<\/p>\r\n\r\n\r\n\r\n<p>Ecco un elenco completo dei servizi che Velocity Jets offre ai suoi clienti:<\/p>\r\n\r\n\r\n\r\n<ul class=\"wp-block-list\"><li>Noleggio di aerei privati<\/li><li>Noleggio di aeromobili aziendali<\/li><li>Servizi in tutto il mondo<\/li><li><a href=\"https:\/\/comparemyjet.com\/it\/how-to-book-empty-leg-flights\/\" data-internallinksmanager029f6b8e52c=\"24\" title=\"Come prenotare voli a vuoto\">Voli a vuoto<\/a><\/li><li>Carte per jet privati<\/li><\/ul>\r\n\r\n\r\n\r\n<h2 class=\"wp-block-heading\"><span class=\"ez-toc-section\" id=\"Company_Card_Program\"><\/span>Programma di carte aziendali<span class=\"ez-toc-section-end\"><\/span><\/h2>\r\n\r\n\r\n\r\n<p>Il programma VelocityJets Card \u00e8 sviluppato dal basso su base individuale, poich\u00e9 le esigenze di ognuno sono diverse. Rispetto ad altre aziende di aviazione privata pi\u00f9 grandi, dove gli investimenti dei clienti sono migliaia e non centinaia di dollari, questo \u00e8 un vantaggio significativo.&nbsp;<\/p>\r\n\r\n\r\n\r\n<p>Se \u00e8 vero che Velocity Jets ora richiede solo 25 ore per l'iscrizione alla Jet Card, i titolari della carta non devono sostenere alcuna spesa aggiuntiva per aspetti quali il carburante per il riposizionamento, i costi di gestione, i prezzi di sola andata, gli upgrade degli aeromobili, ecc. Dopo aver acquistato una carta jet da 25 o 50 ore, possono volare immediatamente su qualsiasi aeromobile leggero, medio, supermedio o a cabina grande.&nbsp;<\/p>\r\n\r\n\r\n\r\n<p>Uno dei maggiori vantaggi di essere un titolare di carta \u00e8 la comodit\u00e0 di prenotare un volo in jet privato con una sola telefonata. I soci beneficiano anche di tutti i vantaggi della propriet\u00e0 frazionata senza doversi preoccupare di impegni finanziari, di impegni a lungo termine o di una programmazione rigida. Inoltre, i soci devono pagare solo per il tempo effettivo in cui il jet \u00e8 in volo, anzich\u00e9 per il tempo necessario a posizionarlo prima e dopo il volo.<\/p>\r\n\r\n\r\n\r\n<p>Altri vantaggi sono la disponibilit\u00e0 garantita, il catering in volo, l'assenza di costi di pernottamento o di cancellazione e molto altro ancora.<\/p>\r\n\r\n\r\n\r\n<h2 class=\"wp-block-heading\"><span class=\"ez-toc-section\" id=\"Pricing\"><\/span>Prezzi<span class=\"ez-toc-section-end\"><\/span><\/h2>\r\n\r\n\r\n\r\n<figure class=\"wp-block-image size-full is-style-default\"><img loading=\"lazy\" decoding=\"async\" width=\"1000\" height=\"721\" src=\"https:\/\/comparemyjet.com\/wp-content\/uploads\/2022\/07\/paper.planes.on_.blue_.background.jpg\" alt=\"Getti di velocit\u00e0\" class=\"wp-image-3169\" srcset=\"https:\/\/comparemyjet.com\/wp-content\/uploads\/2022\/07\/paper.planes.on_.blue_.background-18x12.jpg 18w, https:\/\/comparemyjet.com\/wp-content\/uploads\/2022\/07\/paper.planes.on_.blue_.background-300x216.jpg 300w, https:\/\/comparemyjet.com\/wp-content\/uploads\/2022\/07\/paper.planes.on_.blue_.background-768x554.jpg 768w, https:\/\/comparemyjet.com\/wp-content\/uploads\/2022\/07\/paper.planes.on_.blue_.background.jpg 1000w\" sizes=\"auto, (max-width: 1000px) 100vw, 1000px\" \/><\/figure>\r\n\r\n\r\n\r\n<p>La maggior parte dei clienti interessati ad acquistare una carta jet da Velocity Jets lo fa attraverso il loro programma di carte jet su misura, con la carta pi\u00f9 utilizzata che costa $250.000. Il programma Velocity Jets offre carte jet con un minimo di spesa inferiore rispetto ai suoi concorrenti, in quanto la struttura dell'azienda \u00e8 pi\u00f9 intima e simile a una boutique. Secondo Jessica Osterneck, cofondatrice e CEO di Velocity Jets, le carte possono essere emesse a partire da $100.000 e i clienti possono godere dello stesso livello di servizio con un investimento finanziario inferiore.<\/p>\r\n\r\n\r\n\r\n<p>Qualunque sia la carta jet che i soci decidono di acquistare, il prezzo \u00e8 tutto compreso ed \u00e8 determinato dalla dimensione\/categoria del jet e dalle ore di volo. Acquistando la carta jet pi\u00f9 costosa, i soci ottengono la disponibilit\u00e0 garantita su un jet pi\u00f9 grande e\/o pi\u00f9 ore di volo. Un'altra opzione di jet card \u00e8 un jet leggero e un numero inferiore di ore di volo. I soci possono anche ottenere l'iscrizione alla carta jet per un jet pesante con meno ore e un jet leggero con pi\u00f9 ore.&nbsp;<\/p>\r\n\r\n\r\n\r\n<h2 class=\"wp-block-heading\"><span class=\"ez-toc-section\" id=\"On-Demand_Charter\"><\/span>Carta su richiesta<span class=\"ez-toc-section-end\"><\/span><\/h2>\r\n\r\n\r\n\r\n<p>Velocity Jets semplifica i viaggi internazionali aiutando i propri clienti con tutti i preparativi necessari per un volo piacevole e senza stress. I clienti possono volare ovunque nel mondo e ricevere un trattamento personalizzato e di prima classe. Alcuni servizi includono il trasporto da e per l'aeroporto, il catering in volo, l'accesso a oltre 100 aeromobili di tutte le categorie e molto altro ancora.<\/p>\r\n\r\n\r\n\r\n<h2 class=\"wp-block-heading\"><span class=\"ez-toc-section\" id=\"Empty_Leg_Flights\"><\/span>Voli a vuoto<span class=\"ez-toc-section-end\"><\/span><\/h2>\r\n\r\n\r\n\r\n<p><a href=\"https:\/\/velocityjets.com\/velocity-jets-empty-leg-flights\" target=\"_blank\" rel=\"noopener\">Gamba vuota<\/a> I viaggi riducono il costo dei viaggi aerei diretti. Ogni volta che viene programmato un nuovo charter aereo, l'aereo deve tornare alla sua base da dove \u00e8 stato noleggiato. Questo \u00e8 noto come volo a vuoto.&nbsp;<\/p>\r\n\r\n\r\n\r\n<p>Le compagnie aeree vendono questi voli a prezzi ridotti per compensare i costi dei posti liberi. Lo fanno perch\u00e9 sanno che sar\u00e0 difficile riempire l'aereo dopo un viaggio privato a causa della destinazione, del percorso, della quantit\u00e0 di posti e del tempo di riposizionamento stabiliti. Se volete volare in prima classe su un jet privato senza spendere troppo, questa \u00e8 un'alternativa fantastica.<\/p>\r\n\r\n\r\n\r\n<p>Di solito c'\u00e8 una riduzione tra il 50 e il 70% rispetto al normale costo del charter privato, ma la quantit\u00e0 esatta e i prezzi variano in base alla rotta e all'operatore aereo.&nbsp;<\/p>\r\n\r\n\r\n\r\n<p>Sebbene i vantaggi dell'utilizzo di aerei charter con posti liberi siano molti, ci sono anche alcuni fattori da tenere in considerazione. I posti vuoti su un <a href=\"https:\/\/comparemyjet.com\/it\/how-do-you-rent-or-charter-a-private-jet\/\" data-internallinksmanager029f6b8e52c=\"15\" title=\"Come si fa a noleggiare un jet privato?\">noleggio di jet privati<\/a> Il viaggio dipende dagli orari di partenza e di arrivo del volo. Gli orari e i programmi dei voli sono soggetti a variazioni, in quanto possono verificarsi ritardi o modifiche del programma all'ultimo minuto. Inoltre, la destinazione di un volo charter e il tipo di aeromobile utilizzato per il viaggio limitano in genere il numero di rotte che possono essere utilizzate per una tratta a vuoto.<\/p>\r\n\r\n\r\n\r\n<h2 class=\"wp-block-heading\"><span class=\"ez-toc-section\" id=\"The_Fleet\"><\/span>La flotta&nbsp;<span class=\"ez-toc-section-end\"><\/span><\/h2>\r\n\r\n\r\n\r\n<figure class=\"wp-block-image size-full is-style-default\"><img loading=\"lazy\" decoding=\"async\" width=\"1000\" height=\"667\" src=\"https:\/\/comparemyjet.com\/wp-content\/uploads\/2022\/09\/aircraft.take-off.on_.a.runway.jpg\" alt=\"\" class=\"wp-image-3229\" srcset=\"https:\/\/comparemyjet.com\/wp-content\/uploads\/2022\/09\/aircraft.take-off.on_.a.runway-18x12.jpg 18w, https:\/\/comparemyjet.com\/wp-content\/uploads\/2022\/09\/aircraft.take-off.on_.a.runway-300x200.jpg 300w, https:\/\/comparemyjet.com\/wp-content\/uploads\/2022\/09\/aircraft.take-off.on_.a.runway-768x512.jpg 768w, https:\/\/comparemyjet.com\/wp-content\/uploads\/2022\/09\/aircraft.take-off.on_.a.runway.jpg 1000w\" sizes=\"auto, (max-width: 1000px) 100vw, 1000px\" \/><\/figure>\r\n\r\n\r\n\r\n<p>Con Velocity Jets e molte altre compagnie di jet privati, i clienti possono scegliere il jet. I jet privati a loro disposizione comprendono jet di molte dimensioni e modelli, che hanno ottenuto le massime valutazioni possibili da parte di <a href=\"https:\/\/www.argus.aero\/\" target=\"_blank\" rel=\"noopener\">Argus<\/a> e <a href=\"https:\/\/www.wyvernltd.com\/\" target=\"_blank\" rel=\"noopener\">Wyvern<\/a> e di attenersi a rigorosi <a href=\"https:\/\/www.faa.gov\/\" target=\"_blank\" rel=\"noopener\">FAA<\/a> regolamenti. Vediamo quali sono.<\/p>\r\n\r\n\r\n\r\n<h3 class=\"wp-block-heading\"><span class=\"ez-toc-section\" id=\"1_Light_Private_Jets\"><\/span>1. Jet privati leggeri<span class=\"ez-toc-section-end\"><\/span><\/h3>\r\n\r\n\r\n\r\n<p>I jet leggeri si trovano all'estremit\u00e0 pi\u00f9 piccola dello spettro degli aerei privati, ma sono di gran lunga tra i tipi di aeromobile pi\u00f9 comuni che i clienti scelgono di noleggiare. Questi aerei sono ideali per viaggi locali e a breve distanza.<\/p>\r\n\r\n\r\n\r\n<p>La maggior parte di questi aerei pu\u00f2 ospitare da cinque a otto persone. A causa delle loro dimensioni ridotte, di solito non sono presenti tavoli e servizi igienici, ma ci sono modelli che offrono entrambe le opzioni. Inoltre, non c'\u00e8 molto spazio per uno steward per stare in piedi o muoversi.&nbsp;<\/p>\r\n\r\n\r\n\r\n<p>Tuttavia, sono noti per i loro voli tranquilli e per la loro convenienza.<\/p>\r\n\r\n\r\n\r\n<h4 class=\"wp-block-heading\"><span class=\"ez-toc-section\" id=\"Our_Recommendation_Learjet_31\"><\/span>La nostra raccomandazione: Learjet 31<span class=\"ez-toc-section-end\"><\/span><\/h4>\r\n\r\n\r\n\r\n<p>Il <a href=\"https:\/\/comparemyjet.com\/it\/learjet\/\" data-internallinksmanager029f6b8e52c=\"149\" title=\"Guida definitiva ai jet e agli aerei privati Learjet\">Learjet<\/a> Il 31A vanta un'eccezionale manovrabilit\u00e0 e prestazioni in volo. I piloti lo apprezzano per le caratteristiche di accelerazione e risposta rapida che possiede. Questo aereo \u00e8 noto per la sua capacit\u00e0 di volare senza problemi e di ottenere buone prestazioni anche quando opera al di fuori dell'area di volo approvata.<\/p>\r\n\r\n\r\n\r\n<p>In poche parole, il Learjet 31A non fa alcun sacrificio in termini di velocit\u00e0, efficienza del carburante e prestazioni complessive, una combinazione fantastica.<\/p>\r\n\r\n\r\n\r\n<p>Specifiche:<\/p>\r\n\r\n\r\n\r\n<ul class=\"wp-block-list\"><li>Passeggeri: 6;<\/li><li>Larghezza della cabina: 4 piedi e 9 pollici;<\/li><li>Lunghezza della cabina: 12 ft 9 in;<\/li><li>Altezza della cabina: 4 piedi e 3 pollici;<\/li><li>Nessun bagno privato;<\/li><li>Capacit\u00e0 del bagaglio: 30 cu ft;<\/li><li>Velocit\u00e0 di crociera: 508 mph;<\/li><li>Raggio di volo: 1460 nm.<\/li><\/ul>\r\n\r\n\r\n\r\n<p>Velocity Jets offre <em>Citation CJ2\/CJ3\/CJ4, Citation V\/Ultra\/Bravo\/Encore, Hawker 400XP, BeechJet 400, e Learjet 31\/40XR <\/em>come parte del loro <a href=\"https:\/\/velocityjets.com\/aircraft\/light-jets\/available-light-jets\" target=\"_blank\" rel=\"noopener\">catalogo dei jet privati leggeri<\/a>.<\/p>\r\n\r\n\r\n\r\n<h3 class=\"wp-block-heading\"><span class=\"ez-toc-section\" id=\"2_Midsize_Private_Jets\"><\/span>2. Jet privati di medie dimensioni&nbsp;<span class=\"ez-toc-section-end\"><\/span><\/h3>\r\n\r\n\r\n\r\n<p>Per i passeggeri che cercano una cabina pi\u00f9 spaziosa e pi\u00f9 servizi, la scelta di un jet di medie dimensioni \u00e8 un'opzione pi\u00f9 adatta. Alcuni degli aerei di medie dimensioni pi\u00f9 spaziosi offrono un divano come opzione di seduta aggiuntiva, oltre a scrivanie e sedie. Inoltre, la maggior parte dei jet di medie dimensioni dispone di un bagno chiuso e di uno spazio adeguato per i passeggeri in piedi.<\/p>\r\n\r\n\r\n\r\n<h4 class=\"wp-block-heading\"><span class=\"ez-toc-section\" id=\"Our_Recommendation_Cessna_680_Citation_Sovereign\"><\/span>Il nostro consiglio: Cessna 680 Citation Sovereign<span class=\"ez-toc-section-end\"><\/span><\/h4>\r\n\r\n\r\n\r\n<p>L'encomio Sovrano di <a href=\"https:\/\/comparemyjet.com\/it\/cessna\/\" data-internallinksmanager029f6b8e52c=\"145\" title=\"Guida definitiva ai jet e agli aerei privati Cessna\">Cessna<\/a> \u00e8 costruito per offrire prestazioni eccezionali e per avvolgere i passeggeri nel lusso. Questo aereo \u00e8 ideale per i viaggi su lunghe distanze e per quelli da e verso aeroporti con altitudini elevate o piste piccole. La lunghezza della cabina del Sovereign supera i 24 piedi e dispone di un centro di ristoro completamente rifornito, internet e opzioni di intrattenimento.<\/p>\r\n\r\n\r\n\r\n<p>Specifiche:<\/p>\r\n\r\n\r\n\r\n<ul class=\"wp-block-list\"><li>Passeggeri: 9;<\/li><li>Lunghezza della cabina: 24 ft 2 in;<\/li><li>Larghezza della cabina: 5 ft 6 in;<\/li><li>Altezza della cabina: 5 ft 7 in;<\/li><li>Bagno privato;<\/li><li>Capacit\u00e0 bagaglio: 100 cu ft;<\/li><li>Velocit\u00e0 di crociera: 495 mph;<\/li><li>Raggio di volo: 3200 nm.<\/li><\/ul>\r\n\r\n\r\n\r\n<p>Velocity Jets offre <em>Hawker 800XP e 900XP, Learjet 45\/55\/60, Phenom 300, <a href=\"https:\/\/comparemyjet.com\/it\/corrente-del-golfo\/\" data-internallinksmanager029f6b8e52c=\"175\" title=\"Guida definitiva ai jet e agli aerei privati Gulfstream\">Gulfstream<\/a> G-100\/G-150, Citation Excel \/XLS, Citation III\/VI\/VII <\/em>come parte del loro <a href=\"https:\/\/velocityjets.com\/aircraft\/mid-jets\/available-mid-jets\" target=\"_blank\" rel=\"noopener\">catalogo jet privati di medie dimensioni<\/a>.<\/p>\r\n\r\n\r\n\r\n<h3 class=\"wp-block-heading\"><span class=\"ez-toc-section\" id=\"_3_Super-Midsize\"><\/span>&nbsp;3. Super-Midsize<span class=\"ez-toc-section-end\"><\/span><\/h3>\r\n\r\n\r\n\r\n<p>Un super mid \u00e8 dotato di jet bimotore, simili a quelli che si trovano negli aerei di medie dimensioni, ma ha una cabina pi\u00f9 grande e ancora pi\u00f9 servizi. I passeggeri possono rilassarsi sulle poltrone club, sui divani, sulla cucina completa e sulla toilette chiusa. Di solito viene fornito il servizio di bordo, c'\u00e8 una toilette chiusa e molte opzioni di intrattenimento. In questo modo gli aerei di medie dimensioni possono viaggiare da una parte all'altra della costa.&nbsp;<\/p>\r\n\r\n\r\n\r\n<h4 class=\"wp-block-heading\"><span class=\"ez-toc-section\" id=\"Our_Recommendation_Gulfstream_G200\"><\/span>La nostra raccomandazione: Gulfstream G200<span class=\"ez-toc-section-end\"><\/span><\/h4>\r\n\r\n\r\n\r\n<p>Al prezzo di un aereo a cabina media, il Gulfstream G200 ha l'autonomia e il lusso di un jet a cabina grande. Pu\u00f2 viaggiare a una velocit\u00e0 costante di 540 miglia orarie in crociera, il che lo rende un'ottima scelta per viaggi rapidi e senza scalo in tutto il Paese. L'ampio abitacolo del Gulfstream G200 \u00e8 una delle sue caratteristiche pi\u00f9 sorprendenti. I suoi 63 pollici di spazio in piedi sono pi\u00f9 del doppio di quelli di qualsiasi altro aereo della sua classe, e dispone di nove sedili spaziosi. Inoltre, offre la maggiore franchigia bagagli della sua categoria.<\/p>\r\n\r\n\r\n\r\n<p>Specifiche:<\/p>\r\n\r\n\r\n\r\n<ul class=\"wp-block-list\"><li>Passeggeri: 9;<\/li><li>Lunghezza della cabina: 62 piedi;<\/li><li>Altezza della cabina: 21 piedi;<\/li><li>Larghezza della cabina: 62 piedi;<\/li><li>Bagno privato;<\/li><li>Capacit\u00e0 bagaglio: 150 piedi cubi;<\/li><li>Velocit\u00e0 di crociera: 540 mph;<\/li><li>Raggio di volo: 3835 nm.<\/li><\/ul>\r\n\r\n\r\n\r\n<p>Velocity Jets offre <em>Challenger 300\/350, Citation X, Citation Sovereign, Falcon 50, Gulfstream G-200\/G-280, Hawker 1000, Hawker 4000 <\/em>come parte del loro <a href=\"https:\/\/velocityjets.com\/aircraft\/super-mid-jets\/available-super-mid-jets\" target=\"_blank\" rel=\"noopener\">catalogo dei jet privati di medie dimensioni<\/a>.<\/p>\r\n\r\n\r\n\r\n<h3 class=\"wp-block-heading\"><span class=\"ez-toc-section\" id=\"4_Large_Private_Jets\"><\/span>4. Grandi jet privati<span class=\"ez-toc-section-end\"><\/span><\/h3>\r\n\r\n\r\n\r\n<p>C'\u00e8 un motivo preciso per cui gli aerei pesanti sono spesso conosciuti come aerei privati di lusso. Si tratta di aerei con carrozzerie ampie e cabine spaziose che offrono ai passeggeri un'ampia superficie per stare in piedi. In uno di questi sofisticati jet, i passeggeri non proveranno mai sensazioni di isolamento o claustrofobia.&nbsp;<\/p>\r\n\r\n\r\n\r\n<p>La maggior parte dei jet pesanti dispone di letti per dormire, cucine gourmet, servizi igienici privati e sofisticati sistemi di intrattenimento. Inoltre, i passeggeri che desiderano un posto pi\u00f9 snello per gli affari mentre sono in volo possono approfittare della disposizione dei sedili e degli uffici disponibile su molti aerei pesanti.<\/p>\r\n\r\n\r\n\r\n<h4 class=\"wp-block-heading\"><span class=\"ez-toc-section\" id=\"Our_Recommendation_Global_Express_5000\"><\/span>Il nostro consiglio: Global Express 5000<span class=\"ez-toc-section-end\"><\/span><\/h4>\r\n\r\n\r\n\r\n<p><a href=\"https:\/\/comparemyjet.com\/it\/bombardiere\/\" data-internallinksmanager029f6b8e52c=\"159\" title=\"Guida definitiva ai jet e agli aerei privati Bombardier\">Bombardiere<\/a>Il Global 5000 \u00e8 uno dei migliori jet privati della categoria pesante. Questo aereo offre pi\u00f9 spazio, tecnologia avanzata e maggiore capacit\u00e0. Questi vantaggi derivano dal design dell'aereo che privilegia la comodit\u00e0 e la velocit\u00e0 dei passeggeri.&nbsp;<\/p>\r\n\r\n\r\n\r\n<p>Specifiche:<\/p>\r\n\r\n\r\n\r\n<ul class=\"wp-block-list\"><li>Passeggeri: 12;<\/li><li>Velocit\u00e0 massima di crociera: 521 mph;<\/li><li>Raggio di volo: 7349 nm;<\/li><li>Lunghezza totale: 48 ft 4in;<\/li><li>Larghezza totale: 8 ft 2 in;<\/li><li>Altezza totale: 6 ft 3 in;<\/li><li>Bagno privato;<\/li><li>Spazio per il bagaglio: 67 piedi cubi.<\/li><\/ul>\r\n\r\n\r\n\r\n<p>Velocity Jets offre <em>Falcon 7X<\/em>, <em>Falcon 900EX Falcon 2000LX, Challenger 605, Challenger 604, Global Express, Gulfstream 650, Gulfstream 550, Gulfstream V, Gulfstream 450, Gulfstream IVSP, e Gulfstream IV <\/em>come parte del loro <a href=\"https:\/\/velocityjets.com\/aircraft\/heavy-jets\/available-heavy-jets\" target=\"_blank\" rel=\"noopener\">catalogo jet privati di grandi dimensioni<\/a>.<\/p>\r\n\r\n\r\n\r\n<h2 class=\"wp-block-heading\"><span class=\"ez-toc-section\" id=\"Conclusion\"><\/span>Conclusione<span class=\"ez-toc-section-end\"><\/span><\/h2>\r\n\r\n\r\n\r\n<figure class=\"wp-block-image size-full is-style-default\"><img loading=\"lazy\" decoding=\"async\" width=\"1000\" height=\"667\" src=\"https:\/\/comparemyjet.com\/wp-content\/uploads\/2022\/06\/woman.in_.blue_.dress_.enjoying.view_.from_.private.jet_.jpg\" alt=\"\" class=\"wp-image-2997\" srcset=\"https:\/\/comparemyjet.com\/wp-content\/uploads\/2022\/06\/woman.in_.blue_.dress_.enjoying.view_.from_.private.jet_-18x12.jpg 18w, https:\/\/comparemyjet.com\/wp-content\/uploads\/2022\/06\/woman.in_.blue_.dress_.enjoying.view_.from_.private.jet_-300x200.jpg 300w, https:\/\/comparemyjet.com\/wp-content\/uploads\/2022\/06\/woman.in_.blue_.dress_.enjoying.view_.from_.private.jet_-768x512.jpg 768w, https:\/\/comparemyjet.com\/wp-content\/uploads\/2022\/06\/woman.in_.blue_.dress_.enjoying.view_.from_.private.jet_.jpg 1000w\" sizes=\"auto, (max-width: 1000px) 100vw, 1000px\" \/><\/figure>\r\n\r\n\r\n\r\n<p>Poich\u00e9 Velocity Jets non possiede n\u00e9 gestisce alcun aereo, \u00e8 libera di suggerire gli aerei pi\u00f9 adatti per ogni singolo cliente. Tutti gli operatori utilizzati da Velocity Jets sono operatori FAA Part 135, secondo Argus\/US e Wyvern, le due pi\u00f9 importanti organizzazioni terze di controllo della sicurezza aerea della nazione. Velocity Jets \u00e8 leader del settore grazie al suo impegno nel fornire ai clienti aerei ed equipaggi di volo sicuri e qualificati a prezzi competitivi.<\/p>","protected":false},"excerpt":{"rendered":"<p>L'iscrizione a jet privati, la vendita e la gestione di aeromobili e il noleggio di aeromobili internazionali con particolare attenzione ai viaggi di sola andata sono solo alcuni dei servizi offerti da Velocity Jets. Questa societ\u00e0 di noleggio di aeromobili internazionali garantisce un'assistenza di prim'ordine da parte di professionisti competenti nel settore dell'aviazione, in grado di soddisfare qualsiasi esigenza specifica. Entriamo nel dettaglio di ...<\/p>","protected":false},"author":2,"featured_media":3597,"parent":0,"menu_order":0,"comment_status":"closed","ping_status":"closed","template":"","meta":{"_acf_changed":false,"_genesis_hide_title":false,"_genesis_hide_breadcrumbs":false,"_genesis_hide_singular_image":false,"_genesis_hide_footer_widgets":false,"_genesis_custom_body_class":"","_genesis_custom_post_class":"","_genesis_layout":"","footnotes":""},"class_list":{"1":"page","2":"type-page","6":"entry"},"acf":[],"_links":{"self":[{"href":"https:\/\/comparemyjet.com\/it\/wp-json\/wp\/v2\/pages\/3596","targetHints":{"allow":["GET"]}}],"collection":[{"href":"https:\/\/comparemyjet.com\/it\/wp-json\/wp\/v2\/pages"}],"about":[{"href":"https:\/\/comparemyjet.com\/it\/wp-json\/wp\/v2\/types\/page"}],"author":[{"embeddable":true,"href":"https:\/\/comparemyjet.com\/it\/wp-json\/wp\/v2\/users\/2"}],"replies":[{"embeddable":true,"href":"https:\/\/comparemyjet.com\/it\/wp-json\/wp\/v2\/comments?post=3596"}],"version-history":[{"count":2,"href":"https:\/\/comparemyjet.com\/it\/wp-json\/wp\/v2\/pages\/3596\/revisions"}],"predecessor-version":[{"id":3678,"href":"https:\/\/comparemyjet.com\/it\/wp-json\/wp\/v2\/pages\/3596\/revisions\/3678"}],"wp:featuredmedia":[{"embeddable":true,"href":"https:\/\/comparemyjet.com\/it\/wp-json\/wp\/v2\/media\/3597"}],"wp:attachment":[{"href":"https:\/\/comparemyjet.com\/it\/wp-json\/wp\/v2\/media?parent=3596"}],"curies":[{"name":"wp","href":"https:\/\/api.w.org\/{rel}","templated":true}]}}