{"id":3692,"date":"2022-11-19T02:19:47","date_gmt":"2022-11-19T02:19:47","guid":{"rendered":"https:\/\/comparemyjet.com\/?page_id=3692"},"modified":"2025-09-04T10:03:17","modified_gmt":"2025-09-04T10:03:17","slug":"learjet","status":"publish","type":"page","link":"https:\/\/comparemyjet.com\/it\/learjet\/","title":{"rendered":"Guida definitiva ai jet e agli aerei privati Learjet"},"content":{"rendered":"<p>L'azienda canadese produttrice di jet Learjet \u00e8 stata fondata per la prima volta nel 1962. Questo evento \u00e8 considerato da molti una pietra miliare nella storia del volo privato. L'azienda \u00e8 stata una delle prime a creare jet privati eleganti e di lusso e, nonostante abbia attraversato diversi passaggi di propriet\u00e0, \u00e8 cresciuta fino a diventare uno dei nomi pi\u00f9 noti del settore.&nbsp;<\/p>\r\n\r\n\r\n\r\n<p>Dopo quello che sembrava essere un dominio nel settore dell'aviazione executive, la famiglia di aeromobili Learjet \u00e8 terminata nel 2021. La sua societ\u00e0 madre, <a href=\"https:\/\/comparemyjet.com\/it\/bombardiere\/\" data-internallinksmanager029f6b8e52c=\"159\" title=\"Guida definitiva ai jet e agli aerei privati Bombardier\">Bombardiere<\/a>ha deciso di interrompere la produzione dopo sei decenni di attivit\u00e0, durante i quali Learjet ha prodotto pi\u00f9 di 3.000 aeromobili.<\/p>\r\n\r\n\r\n\r\n<div id=\"ez-toc-container\" class=\"ez-toc-v2_0_76 counter-hierarchy ez-toc-counter ez-toc-grey ez-toc-container-direction\">\n<p class=\"ez-toc-title\" style=\"cursor:inherit\">Argomenti<\/p>\n<label for=\"ez-toc-cssicon-toggle-item-69e155a97fe66\" class=\"ez-toc-cssicon-toggle-label\"><span class=\"\"><span class=\"eztoc-hide\" style=\"display:none;\">Toggle<\/span><span class=\"ez-toc-icon-toggle-span\"><svg style=\"fill: #999;color:#999\" xmlns=\"http:\/\/www.w3.org\/2000\/svg\" class=\"list-377408\" width=\"20px\" height=\"20px\" viewbox=\"0 0 24 24\" fill=\"none\"><path d=\"M6 6H4v2h2V6zm14 0H8v2h12V6zM4 11h2v2H4v-2zm16 0H8v2h12v-2zM4 16h2v2H4v-2zm16 0H8v2h12v-2z\" fill=\"currentColor\"><\/path><\/svg><svg style=\"fill: #999;color:#999\" class=\"arrow-unsorted-368013\" xmlns=\"http:\/\/www.w3.org\/2000\/svg\" width=\"10px\" height=\"10px\" viewbox=\"0 0 24 24\" version=\"1.2\" baseprofile=\"tiny\"><path d=\"M18.2 9.3l-6.2-6.3-6.2 6.3c-.2.2-.3.4-.3.7s.1.5.3.7c.2.2.4.3.7.3h11c.3 0 .5-.1.7-.3.2-.2.3-.5.3-.7s-.1-.5-.3-.7zM5.8 14.7l6.2 6.3 6.2-6.3c.2-.2.3-.5.3-.7s-.1-.5-.3-.7c-.2-.2-.4-.3-.7-.3h-11c-.3 0-.5.1-.7.3-.2.2-.3.5-.3.7s.1.5.3.7z\"\/><\/svg><\/span><\/span><\/label><input type=\"checkbox\"  id=\"ez-toc-cssicon-toggle-item-69e155a97fe66\" checked aria-label=\"Toggle\" \/><nav><ul class='ez-toc-list ez-toc-list-level-1' ><li class='ez-toc-page-1 ez-toc-heading-level-2'><a class=\"ez-toc-link ez-toc-heading-1\" href=\"https:\/\/comparemyjet.com\/it\/learjet\/#About_the_Company\" >Informazioni sull'azienda<\/a><\/li><li class='ez-toc-page-1 ez-toc-heading-level-2'><a class=\"ez-toc-link ez-toc-heading-2\" href=\"https:\/\/comparemyjet.com\/it\/learjet\/#Products_and_Services\" >Prodotti e servizi<\/a><\/li><li class='ez-toc-page-1 ez-toc-heading-level-2'><a class=\"ez-toc-link ez-toc-heading-3\" href=\"https:\/\/comparemyjet.com\/it\/learjet\/#Aircraft_Types\" >Tipi di aeromobili<\/a><ul class='ez-toc-list-level-4' ><li class='ez-toc-heading-level-4'><ul class='ez-toc-list-level-4' ><li class='ez-toc-heading-level-4'><a class=\"ez-toc-link ez-toc-heading-4\" href=\"https:\/\/comparemyjet.com\/it\/learjet\/#The_Learjet_23\" >Il Learjet 23<\/a><\/li><li class='ez-toc-page-1 ez-toc-heading-level-4'><a class=\"ez-toc-link ez-toc-heading-5\" href=\"https:\/\/comparemyjet.com\/it\/learjet\/#The_Learjet_24\" >Il Learjet 24<\/a><\/li><li class='ez-toc-page-1 ez-toc-heading-level-4'><a class=\"ez-toc-link ez-toc-heading-6\" href=\"https:\/\/comparemyjet.com\/it\/learjet\/#The_Learjet_25\" >Il Learjet 25<\/a><\/li><li class='ez-toc-page-1 ez-toc-heading-level-4'><a class=\"ez-toc-link ez-toc-heading-7\" href=\"https:\/\/comparemyjet.com\/it\/learjet\/#The_Learjet_60\" >Il Learjet 60<\/a><\/li><li class='ez-toc-page-1 ez-toc-heading-level-4'><a class=\"ez-toc-link ez-toc-heading-8\" href=\"https:\/\/comparemyjet.com\/it\/learjet\/#The_Learjet_40\" >Il Learjet 40<\/a><\/li><li class='ez-toc-page-1 ez-toc-heading-level-4'><a class=\"ez-toc-link ez-toc-heading-9\" href=\"https:\/\/comparemyjet.com\/it\/learjet\/#The_Learjet_70_and_Learjet_75\" >Learjet 70 e Learjet 75<\/a><\/li><\/ul><\/li><li class='ez-toc-page-1 ez-toc-heading-level-3'><a class=\"ez-toc-link ez-toc-heading-10\" href=\"https:\/\/comparemyjet.com\/it\/learjet\/#Most_Famous_Aircraft_by_the_Company\" >Gli aerei pi\u00f9 famosi dell'azienda&nbsp;<\/a><ul class='ez-toc-list-level-4' ><li class='ez-toc-heading-level-4'><a class=\"ez-toc-link ez-toc-heading-11\" href=\"https:\/\/comparemyjet.com\/it\/learjet\/#The_Learjet_75\" >Il Learjet 75<\/a><\/li><\/ul><\/li><li class='ez-toc-page-1 ez-toc-heading-level-3'><a class=\"ez-toc-link ez-toc-heading-12\" href=\"https:\/\/comparemyjet.com\/it\/learjet\/#End_of_an_Era\" >La fine di un'era<\/a><\/li><\/ul><\/li><li class='ez-toc-page-1 ez-toc-heading-level-2'><a class=\"ez-toc-link ez-toc-heading-13\" href=\"https:\/\/comparemyjet.com\/it\/learjet\/#Safety\" >Sicurezza<\/a><\/li><li class='ez-toc-page-1 ez-toc-heading-level-2'><a class=\"ez-toc-link ez-toc-heading-14\" href=\"https:\/\/comparemyjet.com\/it\/learjet\/#Innovations\" >Innovazioni<\/a><\/li><li class='ez-toc-page-1 ez-toc-heading-level-2'><a class=\"ez-toc-link ez-toc-heading-15\" href=\"https:\/\/comparemyjet.com\/it\/learjet\/#Conclusion\" >Conclusione<\/a><\/li><\/ul><\/nav><\/div>\n<h2 class=\"wp-block-heading\"><span class=\"ez-toc-section\" id=\"About_the_Company\"><\/span>Informazioni sull'azienda<span class=\"ez-toc-section-end\"><\/span><\/h2>\r\n\r\n\r\n\r\n<p>Nel 1960, ad Altenrhein, in Svizzera, Bill Lear fond\u00f2 la Swiss American Aircraft Corporation. Il SAAC-23, in seguito noto come Swiss P-16, fu il primo jet privato dell'azienda. Anche se non fu mai messo in servizio, il suo sviluppo port\u00f2 alla costituzione dell'azienda e alla sua focalizzazione sui jet privati.<\/p>\r\n\r\n\r\n\r\n<p>Nel 1962, Learjet trasfer\u00ec i macchinari necessari alla costruzione degli aerei dalla Svizzera a Wichita, in Kansas, dove risiedevano alcuni dei suoi rivali, tra cui <a href=\"https:\/\/comparemyjet.com\/it\/cessna\/\" data-internallinksmanager029f6b8e52c=\"145\" title=\"Guida definitiva ai jet e agli aerei privati Cessna\">Cessna<\/a> e il significativo <a href=\"https:\/\/comparemyjet.com\/it\/boeing\/\" data-internallinksmanager029f6b8e52c=\"146\" title=\"Guida definitiva ai jet e agli aerei privati Boeing\">Boeing<\/a> fabbrica. Nel 1963, Learjet costru\u00ec il suo primo jet di successo e l'anno successivo l'azienda fu rinominata da Swiss American Aircraft Corporation a Lear Jet Corporation.<\/p>\r\n\r\n\r\n\r\n<p>Al 14 ottobre 1964, la Lear aveva ricevuto 72 ordini confermati per il suo Learjet Modello 23. Per questo motivo, molte altre aziende si affrettarono a entrare nel settore. Tuttavia, Cessna impieg\u00f2 cinque anni per sviluppare il suo primo jet, mentre per altri produttori, come ad esempio <a href=\"https:\/\/comparemyjet.com\/it\/dassault\/\" data-internallinksmanager029f6b8e52c=\"174\" title=\"Guida definitiva ai jet e agli aerei privati Dassault\">Dassault<\/a>di avere un impatto significativo sul mercato. Pertanto, Lear ha mantenuto la sua posizione di fornitore esclusivo di jet d'affari.<\/p>\r\n\r\n\r\n\r\n<p>Durante questo periodo, Lear continu\u00f2 a lavorare su una serie di altre iniziative, tra cui il sistema di cassette audio a 8 tracce, che ebbe un breve periodo di popolarit\u00e0. Questo sistema permetteva agli ascoltatori di ascoltare un'intera cassetta musicale senza dover riavvolgere o girare il nastro durante la riproduzione. Nel 1965, sfrutt\u00f2 questa innovazione per fondare una filiale stereo della Learjet, con sede a Detroit. Nell'ultima parte dello stesso anno, form\u00f2 una divisione avionica a Grand Rapids. Lear Jet Industries \u00e8 il nuovo nome dell'azienda quando, nel settembre 1966, cambia nome per riflettere la sua crescente diversit\u00e0.<\/p>\r\n\r\n\r\n\r\n<p>Laurent Beaudoin succedette a Lear come presidente dell'azienda nel 1969 e si dimostr\u00f2 brillante e ambizioso come il suo predecessore. L'azienda inizia una nuova era segnata dalla leadership di Beaudoin. Nel 1966 l'azienda fu quotata in borsa.<\/p>\r\n\r\n\r\n\r\n<p>Dopo l'acquisto della quota di Bill Lear 60% da parte della Gates Rubber Company, nel 1973 Learjet entr\u00f2 a far parte della Gates Aviation Corporation e divenne noto come Gates Learjet. I primi modelli costruiti con questo marchio sono stati il Modello 35 e il Modello 36.<\/p>\r\n\r\n\r\n\r\n<p>Nel 1990, quando Bombardier acquis\u00ec la Learjet Corporation, si verific\u00f2 un altro passaggio di propriet\u00e0. In seguito, la linea di aeroplani privati costruiti da Bombardier divenne nota come serie Learjet.&nbsp;<\/p>\r\n\r\n\r\n\r\n<h2 class=\"wp-block-heading\"><span class=\"ez-toc-section\" id=\"Products_and_Services\"><\/span>Prodotti e servizi<span class=\"ez-toc-section-end\"><\/span><\/h2>\r\n\r\n\r\n\r\n<p>Passeremo in rassegna i modelli di aerei Learjet e alcune delle invenzioni di Learjet, per le quali l'azienda era principalmente conosciuta.&nbsp;<\/p>\r\n\r\n\r\n\r\n<p>Per quanto riguarda i servizi offerti dall'azienda, Boeing continua a fornire assistenza e supporto ai proprietari di Learjet. Dopo la chiusura della linea di produzione dello stabilimento Learjet di Wichita, Bombardier sostiene che continuer\u00e0 a fornire assistenza e manutenzione ai Learjet gi\u00e0 esistenti.<\/p>\r\n\r\n\r\n\r\n<h2 class=\"wp-block-heading\"><span class=\"ez-toc-section\" id=\"Aircraft_Types\"><\/span>Tipi di aeromobili<span class=\"ez-toc-section-end\"><\/span><\/h2>\r\n\r\n\r\n\r\n<figure class=\"wp-block-image size-full is-style-default\"><img loading=\"lazy\" decoding=\"async\" width=\"1000\" height=\"664\" src=\"https:\/\/comparemyjet.com\/wp-content\/uploads\/2022\/11\/learjet.logo_.on_.a.plane_.jpg\" alt=\"Learjet\" class=\"wp-image-3694\" srcset=\"https:\/\/comparemyjet.com\/wp-content\/uploads\/2022\/11\/learjet.logo_.on_.a.plane_-18x12.jpg 18w, https:\/\/comparemyjet.com\/wp-content\/uploads\/2022\/11\/learjet.logo_.on_.a.plane_-300x199.jpg 300w, https:\/\/comparemyjet.com\/wp-content\/uploads\/2022\/11\/learjet.logo_.on_.a.plane_-768x510.jpg 768w, https:\/\/comparemyjet.com\/wp-content\/uploads\/2022\/11\/learjet.logo_.on_.a.plane_.jpg 1000w\" sizes=\"auto, (max-width: 1000px) 100vw, 1000px\" \/><\/figure>\r\n\r\n\r\n\r\n<p>All'inizio della sua fondazione, l'azienda era commercializzata con il nome di Lear Jet anzich\u00e9 con il noto Learjet. In quel periodo, l'azienda era responsabile della produzione di tre velivoli distinti.&nbsp;<\/p>\r\n\r\n\r\n\r\n<p>Essendo una filiale di Bombardier, societ\u00e0 che controlla diversi altri produttori di aeromobili, Learjet \u00e8 stata costretta ad abbandonare le pratiche precedentemente autonome e ad adottare una nuova struttura organizzativa. Nonostante ci\u00f2, Learjet \u00e8 l'attore dominante nel mercato dei business jet di piccole e medie dimensioni, che comprende molte categorie di jet.<\/p>\r\n\r\n\r\n\r\n<p>Vediamo i vari modelli di Learjet che sono stati prodotti nel corso degli anni.<\/p>\r\n\r\n\r\n\r\n<ul class=\"wp-block-list\">\r\n<li>Learjet 23 - 1964 (101 esemplari costruiti)<\/li>\r\n\r\n\r\n\r\n<li>Learjet 24 - 1966 (81 esemplari costruiti)<\/li>\r\n\r\n\r\n\r\n<li>Learjet 24B - 1968 (49 esemplari costruiti)<\/li>\r\n\r\n\r\n\r\n<li>Learjet 24D - 1970 (99 esemplari costruiti)<\/li>\r\n\r\n\r\n\r\n<li>Learjet 24E - 1976 (16 esemplari costruiti)<\/li>\r\n\r\n\r\n\r\n<li>Learjet 24F - 1976 (13 costruiti)<\/li>\r\n\r\n\r\n\r\n<li>Learjet 25 - 1967 (78 esemplari costruiti)<\/li>\r\n\r\n\r\n\r\n<li>Learjet 25B - 1970 (102 esemplari costruiti)<\/li>\r\n\r\n\r\n\r\n<li>Learjet 25C - 1970 (25 esemplari costruiti)<\/li>\r\n\r\n\r\n\r\n<li>Learjet 25D - 1976 (140 esemplari costruiti)<\/li>\r\n\r\n\r\n\r\n<li>Learjet 25G - 1980 (23 esemplari costruiti)<\/li>\r\n\r\n\r\n\r\n<li>Learjet 28 Longhorn - 1979 (9 costruiti)<\/li>\r\n\r\n\r\n\r\n<li>Learjet 31 - 1990 (38 esemplari costruiti)<\/li>\r\n\r\n\r\n\r\n<li>Learjet 31A - 1991 (208 esemplari costruiti)<\/li>\r\n\r\n\r\n\r\n<li>Learjet 35 - 1974 (64 esemplari costruiti)<\/li>\r\n\r\n\r\n\r\n<li>Learjet 35A - 1976 (612 esemplari costruiti)<\/li>\r\n\r\n\r\n\r\n<li>Learjet 36 - 1974 (17 esemplari costruiti)<\/li>\r\n\r\n\r\n\r\n<li>Learjet 36A - 1976 (46 esemplari costruiti)<\/li>\r\n\r\n\r\n\r\n<li>Learjet 40 - 2003 (134 esemplari costruiti)<\/li>\r\n\r\n\r\n\r\n<li>Learjet 45 - 1998 (454 esemplari costruiti)<\/li>\r\n\r\n\r\n\r\n<li>Learjet 55 Longhorn - 1981 (126 costruiti)<\/li>\r\n\r\n\r\n\r\n<li>Learjet 55B Longhorn - 1986 (8 costruiti)<\/li>\r\n\r\n\r\n\r\n<li>Learjet 55C Longhorn - 1987 (14 costruiti)<\/li>\r\n\r\n\r\n\r\n<li>Learjet 60 - 1993 (318 esemplari costruiti)<\/li>\r\n\r\n\r\n\r\n<li>Learjet 60XR - 2007 (112 esemplari costruiti)<\/li>\r\n\r\n\r\n\r\n<li>Learjet 70 - 2013 (13 costruiti)<\/li>\r\n\r\n\r\n\r\n<li>Learjet 75 - 2012 (145 esemplari costruiti)<\/li>\r\n<\/ul>\r\n\r\n\r\n\r\n<p>Il 28 marzo 2022, <a href=\"https:\/\/comparemyjet.com\/it\/nordico-jet-management\/\" data-internallinksmanager029f6b8e52c=\"95\" title=\"Gestione dei jet del Nord\">Gestione dei jet del Nord<\/a> di Grand Rapids, Michigan, ha ricevuto l'ultimo Learjet ordinato. In un comunicato pubblicato sul proprio sito web, Northern Jet Management ha incluso una fotografia del proprio staff riunito intorno al Learjet 75, il 24\u00b0 aereo della flotta di Northern Jet Management.<\/p>\r\n\r\n\r\n\r\n<ul class=\"wp-block-list\">\r\n<li>Learjet 85 - 2014 (ne \u00e8 stato costruito solo uno prima che il progetto venisse cancellato)<\/li>\r\n<\/ul>\r\n\r\n\r\n\r\n<p>Quando l'azienda \u00e8 stata fondata, \u00e8 stata inizialmente commercializzata come Lear Jet, anzich\u00e9 come il noto Learjet. In quel periodo, l'azienda era responsabile della produzione di tre velivoli distinti.&nbsp;<\/p>\r\n\r\n\r\n\r\n<h4 class=\"wp-block-heading\"><span class=\"ez-toc-section\" id=\"The_Learjet_23\"><\/span>Il Learjet 23<span class=\"ez-toc-section-end\"><\/span><\/h4>\r\n\r\n\r\n\r\n<p>Il Learjet 23 \u00e8 stato il primo membro della famiglia di jet d'affari a prendere il volo nel 1963. Era in grado di trasportare da quattro a sei passeggeri, oltre a due piloti. Nacque dall'impegno dell'imprenditore americano Bill Lear e di un gruppo di ingegneri svizzeri, tedeschi e britannici.&nbsp;<\/p>\r\n\r\n\r\n\r\n<h4 class=\"wp-block-heading\"><span class=\"ez-toc-section\" id=\"The_Learjet_24\"><\/span>Il Learjet 24<span class=\"ez-toc-section-end\"><\/span><\/h4>\r\n\r\n\r\n\r\n<p>Nel 1966 venne introdotto un modello migliorato, noto come Learjet 24. Includeva motori migliorati, pressurizzazione della cabina e un finestrino aggiuntivo.&nbsp;<\/p>\r\n\r\n\r\n\r\n<h4 class=\"wp-block-heading\"><span class=\"ez-toc-section\" id=\"The_Learjet_25\"><\/span>Il Learjet 25<span class=\"ez-toc-section-end\"><\/span><\/h4>\r\n\r\n\r\n\r\n<p>Il Learjet 25, un aereo con fusoliera allungata, \u00e8 stato il terzo e ultimo modello prodotto con il nome originale Lear Jet nel 1966. Questo velivolo era molto pi\u00f9 lungo del 23 e del 24, e poteva ospitare otto persone anzich\u00e9 le sei degli ultimi due velivoli.&nbsp;<\/p>\r\n\r\n\r\n\r\n<p>Con la crescita dell'azienda, \u00e8 cresciuto anche il catalogo degli aerei, che comprendeva:<\/p>\r\n\r\n\r\n\r\n<ul class=\"wp-block-list\">\r\n<li>Modello 35 e Modello 36&nbsp;<\/li>\r\n\r\n\r\n\r\n<li>Learjet 28 e Learjet 29<\/li>\r\n\r\n\r\n\r\n<li>Learjet 55&nbsp;<\/li>\r\n\r\n\r\n\r\n<li>e Learjet 31<\/li>\r\n<\/ul>\r\n\r\n\r\n\r\n<h4 class=\"wp-block-heading\"><span class=\"ez-toc-section\" id=\"The_Learjet_60\"><\/span>Il Learjet 60<span class=\"ez-toc-section-end\"><\/span><\/h4>\r\n\r\n\r\n\r\n<p>Otto passeggeri possono volare sul Learjet 60, il primo aereo della serie Learjet ad aver preso il volo nel 1990, dopo l'acquisizione di Learjet da parte di Bombardier. Questo jet \u00e8 stato rapidamente seguito dal <strong>Learjet 45 <\/strong>che aveva nove posti a sedere.<\/p>\r\n\r\n\r\n\r\n<h4 class=\"wp-block-heading\"><span class=\"ez-toc-section\" id=\"The_Learjet_40\"><\/span>Il Learjet 40<span class=\"ez-toc-section-end\"><\/span><\/h4>\r\n\r\n\r\n\r\n<p>Il primo volo del Learjet 40 nel 2001 ha portato il Learjet nel 21\u00b0 secolo.&nbsp;<\/p>\r\n\r\n\r\n\r\n<h4 class=\"wp-block-heading\"><span class=\"ez-toc-section\" id=\"The_Learjet_70_and_Learjet_75\"><\/span>Learjet 70 e Learjet 75<span class=\"ez-toc-section-end\"><\/span><\/h4>\r\n\r\n\r\n\r\n<p>Dopo che il progetto del Learjet 85 \u00e8 stato abbandonato nel 2015 a causa del suo scarso successo, Learjet ha prodotto i Learjet 70 e 75, gli ultimi modelli di aerei prodotti dall'azienda, ponendo fine alla narrazione della serie nel 2022.<\/p>\r\n\r\n\r\n\r\n<h3 class=\"wp-block-heading\"><span class=\"ez-toc-section\" id=\"Most_Famous_Aircraft_by_the_Company\"><\/span>Gli aerei pi\u00f9 famosi dell'azienda&nbsp;<span class=\"ez-toc-section-end\"><\/span><\/h3>\r\n\r\n\r\n\r\n<p>Al suo esordio, l'aereo Learjet rappresent\u00f2 un grande passo avanti nell'innovazione. La sua minuscola cabina offriva ai passeggeri un'esperienza simile a quella di una lussuosa berlina familiare. Tuttavia, chi volava con un jet privato ha scoperto che i jet pi\u00f9 grandi erano superiori nella maggior parte delle occasioni, grazie allo spazio e ai servizi aggiuntivi.<\/p>\r\n\r\n\r\n\r\n<h4 class=\"wp-block-heading\"><span class=\"ez-toc-section\" id=\"The_Learjet_75\"><\/span>Il Learjet 75<span class=\"ez-toc-section-end\"><\/span><\/h4>\r\n\r\n\r\n\r\n<p>Nel 2012, durante la European Business Aviation Convention and Exhibition (<a href=\"https:\/\/ebace.aero\/2022\/\" target=\"_blank\" rel=\"noopener\">EBACE<\/a>) in <a href=\"https:\/\/comparemyjet.com\/it\/noleggio-di-jet-privati-a-ginevra\/\" data-internallinksmanager029f6b8e52c=\"156\" title=\"Noleggio di jet privati a Ginevra\">Ginevra<\/a>, Bombardier ha presentato per la prima volta al pubblico il Learjet 75.<\/p>\r\n\r\n\r\n\r\n<p>Il Learjet 75 \u00e8 il pi\u00f9 recente modello di aereo d'affari creato da Bombardier Aerospace. Vanta elementi di design innovativi, come interni contemporanei, migliori prestazioni al decollo, alta velocit\u00e0 di crociera, migliori prestazioni dei motori e minori spese operative.<\/p>\r\n\r\n\r\n\r\n<p>Il Learjet 75 \u00e8 una versione migliorata del jet Learjet 45XR, gi\u00e0 noto per le sue eccellenti prestazioni. Il design della cellula \u00e8 simile, ma le winglet inclinate sono identiche a quelle degli aerei Global 7000 e 8000, con conseguente aumento della manovrabilit\u00e0. Gli interni dell'aereo sono modellati sulle cabine degli aerei Learjet 85.&nbsp;<\/p>\r\n\r\n\r\n\r\n<p>Specifiche:<\/p>\r\n\r\n\r\n\r\n<ul class=\"wp-block-list\">\r\n<li>Passeggeri: 8;<\/li>\r\n\r\n\r\n\r\n<li>Altezza esterna: 14 piedi;<\/li>\r\n\r\n\r\n\r\n<li>Apertura alare: 50 piedi e 11 pollici;<\/li>\r\n\r\n\r\n\r\n<li>Lunghezza totale: 58 piedi;<\/li>\r\n\r\n\r\n\r\n<li>Bagaglio esterno: 50 piedi cubi;<\/li>\r\n\r\n\r\n\r\n<li>Bagaglio interno: 15 piedi cubi;<\/li>\r\n\r\n\r\n\r\n<li>Larghezza della cabina: 5 ft 1 in;<\/li>\r\n\r\n\r\n\r\n<li>Altezza della cabina: 4 piedi e 11 pollici;<\/li>\r\n\r\n\r\n\r\n<li>Lunghezza della cabina: 19 piedi e 9 pollici;<\/li>\r\n\r\n\r\n\r\n<li>Portata massima: 2040 nm;<\/li>\r\n\r\n\r\n\r\n<li>Velocit\u00e0 massima: 465 kts;<\/li>\r\n\r\n\r\n\r\n<li>Equipaggio: 2;<\/li>\r\n\r\n\r\n\r\n<li>Motori: 2.<\/li>\r\n<\/ul>\r\n\r\n\r\n\r\n<h3 class=\"wp-block-heading\"><span class=\"ez-toc-section\" id=\"End_of_an_Era\"><\/span>La fine di un'era<span class=\"ez-toc-section-end\"><\/span><\/h3>\r\n\r\n\r\n\r\n<figure class=\"wp-block-image size-full is-style-default\"><img loading=\"lazy\" decoding=\"async\" width=\"1000\" height=\"667\" src=\"https:\/\/comparemyjet.com\/wp-content\/uploads\/2022\/11\/learjet.on_.runway.jpg\" alt=\"\" class=\"wp-image-3695\" srcset=\"https:\/\/comparemyjet.com\/wp-content\/uploads\/2022\/11\/learjet.on_.runway-18x12.jpg 18w, https:\/\/comparemyjet.com\/wp-content\/uploads\/2022\/11\/learjet.on_.runway-300x200.jpg 300w, https:\/\/comparemyjet.com\/wp-content\/uploads\/2022\/11\/learjet.on_.runway-768x512.jpg 768w, https:\/\/comparemyjet.com\/wp-content\/uploads\/2022\/11\/learjet.on_.runway.jpg 1000w\" sizes=\"auto, (max-width: 1000px) 100vw, 1000px\" \/><\/figure>\r\n\r\n\r\n\r\n<p>Il Learjet \u00e8 stato criticato per una serie di motivi, tra cui l'altezza e la larghezza della cabina di pilotaggio, che poteva andare bene per gli amministratori delegati e i piloti di jet privati negli anni '60, ma che nel mondo di oggi non va bene. Ciononostante, Bill Lear ebbe una nota risposta alle critiche, che fu la seguente: \"Non si pu\u00f2 stare in piedi nemmeno in una Cadillac\".<\/p>\r\n\r\n\r\n\r\n<p>Rispetto al primo Learjet, che aveva un raggio d'azione inferiore alle 2.000 miglia, l'ultima generazione (come il Global) ha un raggio d'azione di oltre 6.000 miglia e pu\u00f2 volare senza scalo per 12 ore, offrendo un ufficio, uno spazio di lavoro o una camera da letto in volo.<\/p>\r\n\r\n\r\n\r\n<p>Per questo motivo, nel febbraio del 2022, la Bombardier, proprietaria di Lerjet, ha annunciato che avrebbe cessato la produzione diffusa del leggendario velivolo per dedicarsi allo sviluppo dei pi\u00f9 capienti business jet Challenger e Global.<\/p>\r\n\r\n\r\n\r\n<h2 class=\"wp-block-heading\"><span class=\"ez-toc-section\" id=\"Safety\"><\/span>Sicurezza<span class=\"ez-toc-section-end\"><\/span><\/h2>\r\n\r\n\r\n\r\n<p>All'inizio degli anni '80, Learjet ha riscontrato un problema con le alte quote. Questo problema caus\u00f2 l'incidente di quattro Learjet negli Stati Uniti dopo aver avuto problemi meccanici ad alta quota e aver perso il controllo. Da allora l'azienda ha accettato <a href=\"https:\/\/www.faa.gov\/\" target=\"_blank\" rel=\"noopener\">FAA<\/a> e le raccomandazioni del governo statunitense e ha apportato tutte le modifiche e i miglioramenti necessari agli aerei Learjet. Tutti i modelli pi\u00f9 recenti sono costruiti tenendo conto di questi requisiti.&nbsp;<\/p>\r\n\r\n\r\n\r\n<h2 class=\"wp-block-heading\"><span class=\"ez-toc-section\" id=\"Innovations\"><\/span>Innovazioni<span class=\"ez-toc-section-end\"><\/span><\/h2>\r\n\r\n\r\n\r\n<p>Learjet Inc., pioniere della tecnologia aeronautica, \u00e8 una delle numerose eredit\u00e0 che il costruttore e inventore William Powell Lear ha lasciato nel XX secolo. Sebbene Lear sia noto soprattutto per il suo audace tentativo di costruire il primo jet personale al mondo, ha avuto una storia di altre innovazioni.&nbsp;<\/p>\r\n\r\n\r\n\r\n<p>A soli 20 anni, William Powell Lear era gi\u00e0 un esperto radiotecnico autodidatta. Apr\u00ec un modesto negozio in Illinois e si impegn\u00f2 a far progredire la tecnologia delle radio domestiche all'avanguardia. Ottimizz\u00f2 le bobine radio ed elimin\u00f2 la necessit\u00e0 di batterie di accumulo, oltre ad apportare altri miglioramenti. La sua azienda inizi\u00f2 a guadagnare e i suoi sforzi attirarono rapidamente l'attenzione di grandi produttori, come Motorola e Majestic.<\/p>\r\n\r\n\r\n\r\n<p>Lear, ancora innamorato del volo, investe in un piccolo aeroplano, inizia l'addestramento per diventare pilota e lavora allo sviluppo di una radio per la navigazione aerea. 1931 <a href=\"https:\/\/comparemyjet.com\/it\/hotels\/saw-hotels\/\" data-internallinksmanager029f6b8e52c=\"513\" title=\"11 Migliori hotel vicino all&#039;Aeroporto Internazionale Sabiha G\u00f6k\u00e7en\">sega<\/a> all'inizio delle sue vendite, dimostrando il suo Lear Radioaire. Tuttavia, durante i difficili tempi economici della Grande Depressione, solo un piccolo numero di piloti aveva i mezzi finanziari per acquistare una radio di questo tipo. Un numero ancora minore di piloti vedeva la necessit\u00e0 di un simile dispositivo di comunicazione.<\/p>\r\n\r\n\r\n\r\n<p>Nel 1934, Lear torn\u00f2 nel suo laboratorio per lavorare a un'altra invenzione e inizi\u00f2 a disegnare i piani per il \"Magic Brain\". Questo telaio elettronico standardizzato poteva essere integrato in vari tipi di apparecchi radio. In sole due settimane, Lear fu in grado di costruire, mostrare e vendere il concetto, dando vita a <a href=\"https:\/\/www.rca.com\/us_en\/#modal-lang\" target=\"_blank\" rel=\"noopener\">RCA<\/a> aggiudicandogli un contratto.<\/p>\r\n\r\n\r\n\r\n<p>Lear si concentr\u00f2 nuovamente sulla navigazione aerea e invent\u00f2 un dispositivo di triangolazione radio chiamato Learscope Direction Finder. Questi progressi non solo gli valsero il rispetto di famosi pionieri dell'aviazione come Amelia Earhart, ma gli valsero anche un posto nella storia dell'evoluzione dell'aviazione.&nbsp;<\/p>\r\n\r\n\r\n\r\n<p>Durante la Seconda Guerra Mondiale, Lear concentr\u00f2 gli sforzi della sua azienda sullo sviluppo di dispositivi elettromeccanici per i jet da combattimento. Queste tecnologie comprendevano, tra l'altro, i controllori della cappottatura e i sistemi di autopilotaggio.&nbsp;<\/p>\r\n\r\n\r\n\r\n<p>Dopo la guerra, la Lear Incorporated divenne leader nello sviluppo di strumenti di volo per tutte le stagioni.<\/p>\r\n\r\n\r\n\r\n<h2 class=\"wp-block-heading\"><span class=\"ez-toc-section\" id=\"Conclusion\"><\/span>Conclusione<span class=\"ez-toc-section-end\"><\/span><\/h2>\r\n\r\n\r\n\r\n<p>Non esiste un'altra azienda aeronautica come Learjet. Ogni singolo aereo d'affari era elegante e potente, una rappresentazione di velocit\u00e0 e stile. Nonostante la produzione giunga presto al termine, il marchio Learjet non scomparir\u00e0. Questi aerei continueranno a essere utilizzati e a ricevere assistenza da Bombardier per molti anni ancora.<\/p>","protected":false},"excerpt":{"rendered":"<p>L'azienda canadese produttrice di jet Learjet \u00e8 stata fondata per la prima volta nel 1962. Questo evento \u00e8 considerato da molti una pietra miliare nella storia del volo privato. L'azienda \u00e8 stata una delle prime a creare jet privati eleganti e di lusso e, nonostante abbia attraversato diversi passaggi di propriet\u00e0, \u00e8 cresciuta ...<\/p>","protected":false},"author":2,"featured_media":3693,"parent":0,"menu_order":0,"comment_status":"closed","ping_status":"closed","template":"","meta":{"_acf_changed":false,"_genesis_hide_title":false,"_genesis_hide_breadcrumbs":false,"_genesis_hide_singular_image":false,"_genesis_hide_footer_widgets":false,"_genesis_custom_body_class":"","_genesis_custom_post_class":"","_genesis_layout":"","footnotes":""},"class_list":{"1":"page","2":"type-page","6":"entry"},"acf":[],"_links":{"self":[{"href":"https:\/\/comparemyjet.com\/it\/wp-json\/wp\/v2\/pages\/3692","targetHints":{"allow":["GET"]}}],"collection":[{"href":"https:\/\/comparemyjet.com\/it\/wp-json\/wp\/v2\/pages"}],"about":[{"href":"https:\/\/comparemyjet.com\/it\/wp-json\/wp\/v2\/types\/page"}],"author":[{"embeddable":true,"href":"https:\/\/comparemyjet.com\/it\/wp-json\/wp\/v2\/users\/2"}],"replies":[{"embeddable":true,"href":"https:\/\/comparemyjet.com\/it\/wp-json\/wp\/v2\/comments?post=3692"}],"version-history":[{"count":4,"href":"https:\/\/comparemyjet.com\/it\/wp-json\/wp\/v2\/pages\/3692\/revisions"}],"predecessor-version":[{"id":3770,"href":"https:\/\/comparemyjet.com\/it\/wp-json\/wp\/v2\/pages\/3692\/revisions\/3770"}],"wp:featuredmedia":[{"embeddable":true,"href":"https:\/\/comparemyjet.com\/it\/wp-json\/wp\/v2\/media\/3693"}],"wp:attachment":[{"href":"https:\/\/comparemyjet.com\/it\/wp-json\/wp\/v2\/media?parent=3692"}],"curies":[{"name":"wp","href":"https:\/\/api.w.org\/{rel}","templated":true}]}}