{"id":3697,"date":"2022-11-19T02:19:51","date_gmt":"2022-11-19T02:19:51","guid":{"rendered":"https:\/\/comparemyjet.com\/?page_id=3697"},"modified":"2025-09-04T10:03:16","modified_gmt":"2025-09-04T10:03:16","slug":"honda","status":"publish","type":"page","link":"https:\/\/comparemyjet.com\/it\/honda\/","title":{"rendered":"Guida definitiva ai jet e agli aerei privati Honda"},"content":{"rendered":"<p>Honda Aircraft Company \u00e8 un produttore di aeromobili che utilizza le pi\u00f9 recenti tecnologie e innovazioni nel campo dell'aviazione per produrre i suoi famosi HondaJet. Quello che era iniziato come un progetto di ricerca nel 1997 \u00e8 ora un affermato produttore di jet e una filiale completamente controllata da Honda Motor.&nbsp;<\/p>\r\n\r\n\r\n\r\n<p>La sede dell'azienda si trova presso l'aeroporto internazionale Piedmont Triad di Greensboro, nella Carolina del Nord. \u00c8 in questo aeroporto che \u00e8 stato assemblato il primo prototipo di HondaJet e dove sono stati effettuati i test di volo.<\/p>\r\n\r\n\r\n\r\n<p>Vediamo come \u00e8 nata l'azienda.<\/p>\r\n\r\n\r\n\r\n<div id=\"ez-toc-container\" class=\"ez-toc-v2_0_76 counter-hierarchy ez-toc-counter ez-toc-grey ez-toc-container-direction\">\n<p class=\"ez-toc-title\" style=\"cursor:inherit\">Argomenti<\/p>\n<label for=\"ez-toc-cssicon-toggle-item-69d6f2f0c6e55\" class=\"ez-toc-cssicon-toggle-label\"><span class=\"\"><span class=\"eztoc-hide\" style=\"display:none;\">Toggle<\/span><span class=\"ez-toc-icon-toggle-span\"><svg style=\"fill: #999;color:#999\" xmlns=\"http:\/\/www.w3.org\/2000\/svg\" class=\"list-377408\" width=\"20px\" height=\"20px\" viewbox=\"0 0 24 24\" fill=\"none\"><path d=\"M6 6H4v2h2V6zm14 0H8v2h12V6zM4 11h2v2H4v-2zm16 0H8v2h12v-2zM4 16h2v2H4v-2zm16 0H8v2h12v-2z\" fill=\"currentColor\"><\/path><\/svg><svg style=\"fill: #999;color:#999\" class=\"arrow-unsorted-368013\" xmlns=\"http:\/\/www.w3.org\/2000\/svg\" width=\"10px\" height=\"10px\" viewbox=\"0 0 24 24\" version=\"1.2\" baseprofile=\"tiny\"><path d=\"M18.2 9.3l-6.2-6.3-6.2 6.3c-.2.2-.3.4-.3.7s.1.5.3.7c.2.2.4.3.7.3h11c.3 0 .5-.1.7-.3.2-.2.3-.5.3-.7s-.1-.5-.3-.7zM5.8 14.7l6.2 6.3 6.2-6.3c.2-.2.3-.5.3-.7s-.1-.5-.3-.7c-.2-.2-.4-.3-.7-.3h-11c-.3 0-.5.1-.7.3-.2.2-.3.5-.3.7s.1.5.3.7z\"\/><\/svg><\/span><\/span><\/label><input type=\"checkbox\"  id=\"ez-toc-cssicon-toggle-item-69d6f2f0c6e55\" checked aria-label=\"Toggle\" \/><nav><ul class='ez-toc-list ez-toc-list-level-1' ><li class='ez-toc-page-1 ez-toc-heading-level-2'><a class=\"ez-toc-link ez-toc-heading-1\" href=\"https:\/\/comparemyjet.com\/it\/honda\/#About_the_Company\" >Informazioni sull'azienda<\/a><\/li><li class='ez-toc-page-1 ez-toc-heading-level-2'><a class=\"ez-toc-link ez-toc-heading-2\" href=\"https:\/\/comparemyjet.com\/it\/honda\/#Products_and_Services\" >Prodotti e servizi&nbsp;<\/a><\/li><li class='ez-toc-page-1 ez-toc-heading-level-2'><a class=\"ez-toc-link ez-toc-heading-3\" href=\"https:\/\/comparemyjet.com\/it\/honda\/#Aircraft_Types\" >Tipi di aeromobili<\/a><ul class='ez-toc-list-level-3' ><li class='ez-toc-heading-level-3'><a class=\"ez-toc-link ez-toc-heading-4\" href=\"https:\/\/comparemyjet.com\/it\/honda\/#Business_Aircraft\" >Velivoli d'affari<\/a><ul class='ez-toc-list-level-4' ><li class='ez-toc-heading-level-4'><a class=\"ez-toc-link ez-toc-heading-5\" href=\"https:\/\/comparemyjet.com\/it\/honda\/#HondaJet_Classic\" >HondaJet Classic<\/a><\/li><li class='ez-toc-page-1 ez-toc-heading-level-4'><a class=\"ez-toc-link ez-toc-heading-6\" href=\"https:\/\/comparemyjet.com\/it\/honda\/#HondaJet_APMG\" >HondaJet APMG<\/a><\/li><li class='ez-toc-page-1 ez-toc-heading-level-4'><a class=\"ez-toc-link ez-toc-heading-7\" href=\"https:\/\/comparemyjet.com\/it\/honda\/#HondaJet_Elite_S\" >HondaJet Elite S<\/a><\/li><li class='ez-toc-page-1 ez-toc-heading-level-4'><a class=\"ez-toc-link ez-toc-heading-8\" href=\"https:\/\/comparemyjet.com\/it\/honda\/#Hondajet_2600_Concept\" >Concetto Hondajet 2600<\/a><\/li><\/ul><\/li><li class='ez-toc-page-1 ez-toc-heading-level-3'><a class=\"ez-toc-link ez-toc-heading-9\" href=\"https:\/\/comparemyjet.com\/it\/honda\/#Most_Famous_Aircraft_by_the_Company\" >Gli aerei pi\u00f9 famosi dell'azienda<\/a><\/li><\/ul><\/li><li class='ez-toc-page-1 ez-toc-heading-level-2'><a class=\"ez-toc-link ez-toc-heading-10\" href=\"https:\/\/comparemyjet.com\/it\/honda\/#Safety\" >Sicurezza&nbsp;<\/a><\/li><li class='ez-toc-page-1 ez-toc-heading-level-2'><a class=\"ez-toc-link ez-toc-heading-11\" href=\"https:\/\/comparemyjet.com\/it\/honda\/#Sustainability\" >Sostenibilit\u00e0&nbsp;<\/a><\/li><li class='ez-toc-page-1 ez-toc-heading-level-2'><a class=\"ez-toc-link ez-toc-heading-12\" href=\"https:\/\/comparemyjet.com\/it\/honda\/#Innovations\" >Innovazioni<\/a><\/li><li class='ez-toc-page-1 ez-toc-heading-level-2'><a class=\"ez-toc-link ez-toc-heading-13\" href=\"https:\/\/comparemyjet.com\/it\/honda\/#Conclusion\" >Conclusione<\/a><\/li><\/ul><\/nav><\/div>\n<h2 class=\"wp-block-heading\"><span class=\"ez-toc-section\" id=\"About_the_Company\"><\/span>Informazioni sull'azienda<span class=\"ez-toc-section-end\"><\/span><\/h2>\r\n\r\n\r\n\r\n<figure class=\"wp-block-image size-full is-style-default\"><img loading=\"lazy\" decoding=\"async\" width=\"1000\" height=\"667\" src=\"https:\/\/comparemyjet.com\/wp-content\/uploads\/2022\/11\/honda.logo_.jpg\" alt=\"Honda\" class=\"wp-image-3700\" srcset=\"https:\/\/comparemyjet.com\/wp-content\/uploads\/2022\/11\/honda.logo_-18x12.jpg 18w, https:\/\/comparemyjet.com\/wp-content\/uploads\/2022\/11\/honda.logo_-300x200.jpg 300w, https:\/\/comparemyjet.com\/wp-content\/uploads\/2022\/11\/honda.logo_-768x512.jpg 768w, https:\/\/comparemyjet.com\/wp-content\/uploads\/2022\/11\/honda.logo_.jpg 1000w\" sizes=\"auto, (max-width: 1000px) 100vw, 1000px\" \/><\/figure>\r\n\r\n\r\n\r\n<p>Hideto Yamasaki, il nuovo presidente e CEO di Honda Aircraft, ha assunto l'incarico il 1\u00b0 aprile 2022, dopo che Michimasa Fujino, il precedente presidente e presidente di Honda Aircraft, \u00e8 andato in pensione il 31 marzo.&nbsp;<\/p>\r\n\r\n\r\n\r\n<p>All'inizio di quella che sarebbe poi diventata Honda Aircraft, il talentuoso ingegnere aerospaziale Michimasa Fujino era a capo del progetto di ricerca iniziato nel 1986 negli Stati Uniti e incentrato su velivoli leggeri e motori a reazione, proseguito nel 1988 con la progettazione della costruzione. Nel 1993 sono iniziati i test di volo dell'MH-02, il progetto di Michimasa Fujino, un primo jet executive interamente in composito. Honda ha infine interrotto gli sforzi nel 1996 a causa di una crisi monetaria in Giappone.<\/p>\r\n\r\n\r\n\r\n<p>Il 1997 ha segnato l'inizio dello sviluppo dell'HondaJet. Il 3 dicembre 2003, il prototipo dell'HondaJet ha solcato i cieli per la prima volta, spinto da due motori turbofan progettati e prodotti da Honda. Il 9 dicembre 2015, la FAA ha concesso la certificazione all'HondaJet dopo averne curato lo sviluppo per molti anni e aver collaborato con GE Aviation per creare il motore HF120.<\/p>\r\n\r\n\r\n\r\n<p>L'HondaJet ha fatto la sua prima apparizione pubblica all'EAA AirVenture Oshkosh nel 2005. L'anno successivo \u00e8 stata formalmente creata la Honda Aircraft, con Fujino in qualit\u00e0 di CEO dell'azienda. Nel 2006, durante la conferenza della National Business Aviation Association, l'azienda ha iniziato ad accettare ordini e in breve tempo ha registrato pi\u00f9 di cento consegne. Questo \u00e8 stato l'anno in cui l'azienda \u00e8 stata costituita come filiale interamente controllata da Honda Motor.<\/p>\r\n\r\n\r\n\r\n<p>La produzione dell'HA-420 HondaJets \u00e8 iniziata nel 2012, presso lo stabilimento appositamente costruito a Greensboro, in North Carolina. Successivamente, nel 2013, il propulsore turboventola HF120 ha ricevuto la certificazione dalla FAA e nel 2014 ha avuto luogo il volo inaugurale di una versione di produzione. 2018 <a href=\"https:\/\/comparemyjet.com\/it\/hotels\/saw-hotels\/\" data-internallinksmanager029f6b8e52c=\"513\" title=\"11 Migliori hotel vicino all&#039;Aeroporto Internazionale Sabiha G\u00f6k\u00e7en\">sega<\/a> il lancio dell'HondaJet Elite, una versione migliorata dell'HA-420.<\/p>\r\n\r\n\r\n\r\n<p>Nel 2017 e nel 2018, l'Elite \u00e8 stato il jet leggero che Honda ha fornito di pi\u00f9 in tutto il mondo.<\/p>\r\n\r\n\r\n\r\n<p>Da allora, il jet \u00e8 stato costantemente migliorato, aumentando l'autonomia e apportando altri miglioramenti. Inoltre, Honda Aircraft ha aumentato la capacit\u00e0 produttiva nel suo stabilimento di Greensboro, in North Carolina, e attualmente produce la maggior parte della fusoliera e delle ali. L'HondaJet Elite S \u00e8 il modello pi\u00f9 recente disponibile.<\/p>\r\n\r\n\r\n\r\n<h2 class=\"wp-block-heading\"><span class=\"ez-toc-section\" id=\"Products_and_Services\"><\/span>Prodotti e servizi&nbsp;<span class=\"ez-toc-section-end\"><\/span><\/h2>\r\n\r\n\r\n\r\n<p>Honda Aircraft ha recentemente confermato l'espansione del sistema di assistenza clienti HondaJet con quattro nuove sedi situate in:&nbsp;<\/p>\r\n\r\n\r\n\r\n<ul class=\"wp-block-list\">\r\n<li>Selangor, Malesia&nbsp;<\/li>\r\n\r\n\r\n\r\n<li>Bournemouth, Regno Unito&nbsp;<\/li>\r\n\r\n\r\n\r\n<li><a href=\"https:\/\/comparemyjet.com\/it\/tour-privati\/tour-privati-di-portland\/\" data-internallinksmanager029f6b8e52c=\"432\" title=\"11 migliori tour privati di Portland da $48.00\">Portland<\/a>, Oregon&nbsp;<\/li>\r\n\r\n\r\n\r\n<li>e <a href=\"https:\/\/comparemyjet.com\/it\/tour-privati\/sacramento-private-tours\/\" data-internallinksmanager029f6b8e52c=\"434\" title=\"11 migliori tour privati di Sacramento da $7.99\">Sacramento<\/a>, California&nbsp;<\/li>\r\n<\/ul>\r\n\r\n\r\n\r\n<p>Questo porta il numero totale di sedi della rete di assistenza clienti HondaJet a 21 in tutto il mondo e 12 in Nord America. Il primo ufficio dell'azienda nel sud-est asiatico si trova attualmente in Malesia.&nbsp;<\/p>\r\n\r\n\r\n\r\n<h2 class=\"wp-block-heading\"><span class=\"ez-toc-section\" id=\"Aircraft_Types\"><\/span>Tipi di aeromobili<span class=\"ez-toc-section-end\"><\/span><\/h2>\r\n\r\n\r\n\r\n<figure class=\"wp-block-image size-full is-style-default\"><img loading=\"lazy\" decoding=\"async\" width=\"1000\" height=\"714\" src=\"https:\/\/comparemyjet.com\/wp-content\/uploads\/2022\/11\/honda.jet_.jpg\" alt=\"\" class=\"wp-image-3699\" srcset=\"https:\/\/comparemyjet.com\/wp-content\/uploads\/2022\/11\/honda.jet_-18x12.jpg 18w, https:\/\/comparemyjet.com\/wp-content\/uploads\/2022\/11\/honda.jet_-300x214.jpg 300w, https:\/\/comparemyjet.com\/wp-content\/uploads\/2022\/11\/honda.jet_-768x548.jpg 768w, https:\/\/comparemyjet.com\/wp-content\/uploads\/2022\/11\/honda.jet_.jpg 1000w\" sizes=\"auto, (max-width: 1000px) 100vw, 1000px\" \/><\/figure>\r\n\r\n\r\n\r\n<h3 class=\"wp-block-heading\"><span class=\"ez-toc-section\" id=\"Business_Aircraft\"><\/span>Velivoli d'affari<span class=\"ez-toc-section-end\"><\/span><\/h3>\r\n\r\n\r\n\r\n<h4 class=\"wp-block-heading\"><span class=\"ez-toc-section\" id=\"HondaJet_Classic\"><\/span>HondaJet Classic<span class=\"ez-toc-section-end\"><\/span><\/h4>\r\n\r\n\r\n\r\n<p>Il primo HondaJet \u00e8 un jet molto leggero, responsabile di diversi primati nel settore dell'aviazione.<\/p>\r\n\r\n\r\n\r\n<p>Il supporto motore sopra l'ala \u00e8 il risultato di una rigorosa ricerca e sviluppo da parte di Honda, che ha portato alla sua progettazione e validazione. Questa tecnologia all'avanguardia consente di ottenere progressi leader nella categoria, come un abitacolo pi\u00f9 silenzioso e spazioso e un maggiore risparmio di carburante.<\/p>\r\n\r\n\r\n\r\n<p>Questa soluzione tecnica innovativa consente una velocit\u00e0 di crociera elevata e una maggiore efficienza nell'uso della benzina. La fusoliera dell'HondaJet \u00e8 realizzata in materiale composito leggero, in contrasto con l'alluminio utilizzato nella costruzione della maggior parte dei jet.&nbsp;<\/p>\r\n\r\n\r\n\r\n<p>Specifiche:<\/p>\r\n\r\n\r\n\r\n<ul class=\"wp-block-list\">\r\n<li>Lunghezza totale: 42 piedi e 6 pollici;<\/li>\r\n\r\n\r\n\r\n<li>Altezza esterna: 14 ft 9 in;<\/li>\r\n\r\n\r\n\r\n<li>Apertura alare: 39 piedi e 8 pollici;<\/li>\r\n\r\n\r\n\r\n<li>Altezza della cabina: 4 piedi e 8 pollici;<\/li>\r\n\r\n\r\n\r\n<li>Lunghezza della cabina: 12 ft 1 in;<\/li>\r\n\r\n\r\n\r\n<li>Larghezza della cabina: 5 piedi<\/li>\r\n\r\n\r\n\r\n<li>Raggio di volo: 1.223 nm;<\/li>\r\n\r\n\r\n\r\n<li>Spazio per il bagaglio: 66 piedi cubi;<\/li>\r\n\r\n\r\n\r\n<li>Velocit\u00e0 massima di crociera: 422 ktas.<\/li>\r\n<\/ul>\r\n\r\n\r\n\r\n<h4 class=\"wp-block-heading\"><span class=\"ez-toc-section\" id=\"HondaJet_APMG\"><\/span>HondaJet APMG<span class=\"ez-toc-section-end\"><\/span><\/h4>\r\n\r\n\r\n\r\n<p>Honda si concentra senza compromessi sull'efficacia e si sforza costantemente di trovare innovazioni nella struttura, nella produzione e nell'innovazione. Questo \u00e8 uno dei motivi del suo successo. Il risultato pi\u00f9 recente di questo impegno \u00e8 l'HondaJet APMG. Grazie alla lunghezza ridotta del campo di decollo, l'HondaJet APMG offre ai passeggeri un migliore accesso all'aeroporto in diverse situazioni.<\/p>\r\n\r\n\r\n\r\n<p>Specifiche:<\/p>\r\n\r\n\r\n\r\n<ul class=\"wp-block-list\">\r\n<li>Passeggeri: 6;<\/li>\r\n\r\n\r\n\r\n<li>Lunghezza totale: 41 piedi;<\/li>\r\n\r\n\r\n\r\n<li>Apertura alare: 40 ft 1 in;<\/li>\r\n\r\n\r\n\r\n<li>Altezza esterna: 13 ft 1 in;<\/li>\r\n\r\n\r\n\r\n<li>Lunghezza della cabina: 15 ft 1 in;<\/li>\r\n\r\n\r\n\r\n<li>Larghezza della cabina: 4 ft 11 in;<\/li>\r\n\r\n\r\n\r\n<li>Altezza della cabina: 4 piedi e 11 pollici;<\/li>\r\n\r\n\r\n\r\n<li>Velocit\u00e0 massima di crociera: 485 miglia;<\/li>\r\n\r\n\r\n\r\n<li>Raggio di volo: 1404 miglia;<\/li>\r\n\r\n\r\n\r\n<li>Equipaggio: 1-2.<\/li>\r\n<\/ul>\r\n\r\n\r\n\r\n<h4 class=\"wp-block-heading\"><span class=\"ez-toc-section\" id=\"HondaJet_Elite_S\"><\/span>HondaJet Elite S<span class=\"ez-toc-section-end\"><\/span><\/h4>\r\n\r\n\r\n\r\n<p>L'Elite S fa parte della categoria dei jet leggeri ed \u00e8 dotato di un raggio di carico ampliato e di una tecnologia migliorata, che ne rafforzano la capacit\u00e0 operativa.&nbsp;<\/p>\r\n\r\n\r\n\r\n<p>L'HondaJet Elite S stabilisce il punto di riferimento per il jet leggero tecnologicamente pi\u00f9 sofisticato al mondo. Supera ogni altro velivolo della sua categoria in termini di prestazioni grazie alle innovazioni aeronautiche rivoluzionarie sviluppate e presentate da Honda Aircraft.<\/p>\r\n\r\n\r\n\r\n<p>I miglioramenti apportati da Honda Aircraft consentono all'HondaJet Elite S di avere la cabina pi\u00f9 ampia della sua categoria, una toilette privata e un ambiente che i passeggeri possono controllare attraverso uno smartphone.&nbsp;<\/p>\r\n\r\n\r\n\r\n<p>Specifiche:<\/p>\r\n\r\n\r\n\r\n<ul class=\"wp-block-list\">\r\n<li>Passeggeri: da 8 a 10;<\/li>\r\n\r\n\r\n\r\n<li>Altezza esterna: 14 piedi e 11 pollici;<\/li>\r\n\r\n\r\n\r\n<li>Lunghezza totale: 42 piedi e 7 pollici;<\/li>\r\n\r\n\r\n\r\n<li>Apertura alare: 39 piedi e 9 pollici;<\/li>\r\n\r\n\r\n\r\n<li>Larghezza della cabina: 5 ft 1 in;<\/li>\r\n\r\n\r\n\r\n<li>Altezza della cabina: 4 piedi e 11 pollici;<\/li>\r\n\r\n\r\n\r\n<li>Lunghezza della cabina: 17 ft 10 in;<\/li>\r\n\r\n\r\n\r\n<li>Spazio per il bagaglio esterno: 60 piedi cubi;<\/li>\r\n\r\n\r\n\r\n<li>Spazio interno per i bagagli: 10 piedi cubi;<\/li>\r\n\r\n\r\n\r\n<li>Raggio di volo massimo: 1437 nm;<\/li>\r\n\r\n\r\n\r\n<li>Velocit\u00e0 massima di crociera: 422 kts;<\/li>\r\n\r\n\r\n\r\n<li>Equipaggio: 1.<\/li>\r\n<\/ul>\r\n\r\n\r\n\r\n<h4 class=\"wp-block-heading\"><span class=\"ez-toc-section\" id=\"Hondajet_2600_Concept\"><\/span>Concetto Hondajet 2600<span class=\"ez-toc-section-end\"><\/span><\/h4>\r\n\r\n\r\n\r\n<p>La Honda Aircraft Company ha ideato il <a href=\"https:\/\/www.hondajet.com\/en\/Products\/HondaJet-2600-Concept\" target=\"_blank\" rel=\"noopener\">Concetto HondaJet 2600<\/a> per affrontare le sfide che attendono l'industria aeronautica. L'HondaJet 2600 \u00e8 in grado di effettuare viaggi transcontinentali senza scalo attraverso gli Stati Uniti, grazie allo sviluppo di una tecnologia aeronautica innovativa. Oltre a offrire sistemazioni confortevoli e un'ampia disponibilit\u00e0 di spazio per l'attrezzatura da viaggio, la cabina raggiunge anche un livello di risparmio di carburante senza pari.<\/p>\r\n\r\n\r\n\r\n<p>L'interno della cabina \u00e8 modulare e altamente adattabile, costruito per soddisfare le esigenze dei vari clienti.&nbsp;<\/p>\r\n\r\n\r\n\r\n<p>Honda continua a innovare l'HondaJet 2600, presentato per la prima volta al Salone del 2021. <a href=\"https:\/\/ebace.aero\/2022\/\" target=\"_blank\" rel=\"noopener\">Convenzione ed Expo dell'aviazione d'affari<\/a> ospitato dal <a href=\"https:\/\/nbaa.org\/\" target=\"_blank\" rel=\"noopener\">Associazione nazionale dell'aviazione d'affari<\/a>. I miglioramenti apportati alla progettazione hanno contribuito a semplificare i sistemi, riducendo il peso dell'aereo, migliorandone l'affidabilit\u00e0 e facilitandone la manutenzione per tutta la sua durata.<\/p>\r\n\r\n\r\n\r\n<p>Specifiche:<\/p>\r\n\r\n\r\n\r\n<ul class=\"wp-block-list\">\r\n<li>Passeggeri: da 9 a 10;<\/li>\r\n\r\n\r\n\r\n<li>Lunghezza totale 57 piedi e 8 pollici;<\/li>\r\n\r\n\r\n\r\n<li>Apertura alare 56 ft 7 in;<\/li>\r\n\r\n\r\n\r\n<li>Altezza esterna 15 ft 9 in;<\/li>\r\n\r\n\r\n\r\n<li>Lunghezza della cabina 25 ft 4 in;<\/li>\r\n\r\n\r\n\r\n<li>Larghezza della cabina 5 piedi;<\/li>\r\n\r\n\r\n\r\n<li>Altezza della cabina 5 ft 2 in;<\/li>\r\n\r\n\r\n\r\n<li>Velocit\u00e0 massima di crociera: 450 kts;<\/li>\r\n\r\n\r\n\r\n<li>Portata massima di volo: 2625 nm;<\/li>\r\n\r\n\r\n\r\n<li>Spazio per il bagaglio: 120 piedi cubi;<\/li>\r\n\r\n\r\n\r\n<li>Equipaggio: 1.<\/li>\r\n<\/ul>\r\n\r\n\r\n\r\n<h3 class=\"wp-block-heading\"><span class=\"ez-toc-section\" id=\"Most_Famous_Aircraft_by_the_Company\"><\/span>Gli aerei pi\u00f9 famosi dell'azienda<span class=\"ez-toc-section-end\"><\/span><\/h3>\r\n\r\n\r\n\r\n<p>L'HondaJet Elite S \u00e8 il business jet leggero pi\u00f9 sofisticato al mondo grazie alle sue innovazioni all'avanguardia, che gli consentono di superare tutti gli altri aerei della sua categoria. Sale e mantiene la velocit\u00e0 pi\u00f9 rapidamente, vola pi\u00f9 in alto, ha pi\u00f9 spazio, produce meno rumore e consuma complessivamente meno carburante.<\/p>\r\n\r\n\r\n\r\n<h2 class=\"wp-block-heading\"><span class=\"ez-toc-section\" id=\"Safety\"><\/span>Sicurezza&nbsp;<span class=\"ez-toc-section-end\"><\/span><\/h2>\r\n\r\n\r\n\r\n<p>Nel giugno del 2022, Honda Aircraft Company e <a href=\"https:\/\/www.flightsafety.com\/\" target=\"_blank\" rel=\"noopener\">FlightSafety International<\/a> hanno annunciato un rinnovo di 25 anni del loro attuale accordo di 15 anni. Questa estensione garantir\u00e0 che le due aziende riprendano i loro sforzi collaborativi e creativi fino al 2047. L'accordo amplia lo sforzo congiunto di entrambe le aziende per offrire formazione agli operatori e ai proprietari di HondaJet con i pi\u00f9 alti standard di sicurezza possibili, stabilendo al contempo un impegno solido e a lungo termine.<\/p>\r\n\r\n\r\n\r\n<h2 class=\"wp-block-heading\"><span class=\"ez-toc-section\" id=\"Sustainability\"><\/span>Sostenibilit\u00e0&nbsp;<span class=\"ez-toc-section-end\"><\/span><\/h2>\r\n\r\n\r\n\r\n<p>La prevenzione dell'inquinamento e l'equit\u00e0 collettiva sono due aree in cui Honda Aircraft Company stabilisce un nuovo punto di riferimento nel settore dell'aviazione d'affari. L'azienda utilizza le tecnologie create dalla casa madre per migliorare le caratteristiche dell'aereo e quindi aumentare l'efficienza del carburante. Ogni jet di Honda produce meno emissioni di anidride carbonica senza compromettere la funzionalit\u00e0. Honda avrebbe ottenuto questi progressi solo grazie al suo team globale di collaboratori provenienti da oltre venti nazioni.<\/p>\r\n\r\n\r\n\r\n<p>Honda non produce solo aerei a basso consumo di carburante. Sia il <a href=\"https:\/\/global.honda\/sustainability\/environment\/blue-skies-for-our-children.html\" target=\"_blank\" rel=\"noopener\">Cieli blu per i nostri bambini<\/a> progetto e il loro <a href=\"https:\/\/hondanews.com\/en-US\/releases\/honda-leads-all-automakers-with-eleven-leed-certified-green-buildings-in-north-america\" target=\"_blank\" rel=\"noopener\">Sede aziendale certificata LEED Gold<\/a> sono esempi di come lavorano attivamente per ridurre l'impatto ambientale dell'azienda.<\/p>\r\n\r\n\r\n\r\n<h2 class=\"wp-block-heading\"><span class=\"ez-toc-section\" id=\"Innovations\"><\/span>Innovazioni<span class=\"ez-toc-section-end\"><\/span><\/h2>\r\n\r\n\r\n\r\n<figure class=\"wp-block-image size-full is-style-default\"><img loading=\"lazy\" decoding=\"async\" width=\"1000\" height=\"667\" src=\"https:\/\/comparemyjet.com\/wp-content\/uploads\/2022\/11\/pilot.and_.honda_.jet_.jpg\" alt=\"\" class=\"wp-image-3701\" srcset=\"https:\/\/comparemyjet.com\/wp-content\/uploads\/2022\/11\/pilot.and_.honda_.jet_-18x12.jpg 18w, https:\/\/comparemyjet.com\/wp-content\/uploads\/2022\/11\/pilot.and_.honda_.jet_-300x200.jpg 300w, https:\/\/comparemyjet.com\/wp-content\/uploads\/2022\/11\/pilot.and_.honda_.jet_-768x512.jpg 768w, https:\/\/comparemyjet.com\/wp-content\/uploads\/2022\/11\/pilot.and_.honda_.jet_.jpg 1000w\" sizes=\"auto, (max-width: 1000px) 100vw, 1000px\" \/><\/figure>\r\n\r\n\r\n\r\n<p>Il 20 ottobre 2022, l'azienda ha presentato l'\"HondaJet Elite II\". Si tratta di un velivolo recentemente migliorato che vanta una serie di miglioramenti essenziali sia in termini di comodit\u00e0 che di prestazioni. Inoltre, l'azienda ha annunciato il lancio di una nuova tecnologia di automazione.<\/p>\r\n\r\n\r\n\r\n<p>L'HondaJet Elite II \u00e8 destinato a volare pi\u00f9 veloce e pi\u00f9 lontano nella sua categoria di jet leggeri, raggiungendo un livello di resistenza completamente nuovo. Questo risultato \u00e8 stato reso possibile dalla ricerca di innovazione di Honda. Grazie alla maggiore autonomia di volo dell'Elite II, pari a 1.547 miglia nautiche, l'HondaJet \u00e8 ora in grado di coprire un numero maggiore di localit\u00e0. Il miglioramento delle prestazioni \u00e8 completato dall'installazione di stabilizzatori al suolo, che ottimizzano le prestazioni dell'area di atterraggio e decollo.<\/p>\r\n\r\n\r\n\r\n<p>L'HondaJet \u00e8 dotato di una serie di progressi tecnologici che gli consentono di raggiungere una velocit\u00e0 di crociera significativamente maggiore, pi\u00f9 spazio per la cabina e per i bagagli e un'efficienza del carburante significativamente migliore rispetto agli aerei convenzionali della sua categoria.&nbsp;<\/p>\r\n\r\n\r\n\r\n<p>Le principali tecnologie HondaJet includono:<\/p>\r\n\r\n\r\n\r\n<ul class=\"wp-block-list\">\r\n<li>posizione proprietaria di montaggio del motore sopra l'ala,&nbsp;<\/li>\r\n\r\n\r\n\r\n<li>un'ala e un muso della fusoliera a flusso laminare naturale (NLF),&nbsp;<\/li>\r\n\r\n\r\n\r\n<li>e una fusoliera interamente in composito.&nbsp;<\/li>\r\n<\/ul>\r\n\r\n\r\n\r\n<p>Queste scoperte sono il culmine di 20 anni di ricerca nel settore dell'aviazione.<\/p>\r\n\r\n\r\n\r\n<p>Oltre a dichiarare di voler intraprendere la strada dell'automazione, Honda Aircraft Company prevede anche di lanciare l'Autothrottle e l'Emergency Autoland prima del 2023. Questa direzione riassume l'impegno in corso per migliorare l'HondaJet attraverso l'automazione, l'aggiornamento e i progressi in materia di sicurezza.&nbsp;<\/p>\r\n\r\n\r\n\r\n<h2 class=\"wp-block-heading\"><span class=\"ez-toc-section\" id=\"Conclusion\"><\/span>Conclusione<span class=\"ez-toc-section-end\"><\/span><\/h2>\r\n\r\n\r\n\r\n<p>L'azienda Honda crea aeromobili che utilizzano la tecnologia aeronautica pi\u00f9 all'avanguardia con l'obiettivo di rivoluzionare i viaggi. Ogni HondaJet utilizza la tecnologia pi\u00f9 moderna per soddisfare le diverse esigenze di proprietari e aziende, per l'evacuazione medica e per altre operazioni critiche. Honda sta rendendo i vantaggi del volo privato pi\u00f9 accessibili a un pubblico pi\u00f9 vasto, sviluppando aerei veloci, sicuri ed economici.<\/p>","protected":false},"excerpt":{"rendered":"<p>Honda Aircraft Company \u00e8 un produttore di aeromobili che utilizza le pi\u00f9 recenti tecnologie e innovazioni nel campo dell'aviazione per produrre i suoi famosi HondaJet. Quello che era iniziato come un progetto di ricerca nel 1997 \u00e8 ora un affermato produttore di jet e una filiale completamente controllata da Honda Motor.  La sede centrale dell'azienda \u00e8 presso l'aeroporto internazionale Piedmont Triad di Greensboro, nel Nord ...<\/p>","protected":false},"author":2,"featured_media":3698,"parent":0,"menu_order":0,"comment_status":"closed","ping_status":"closed","template":"","meta":{"_acf_changed":false,"_genesis_hide_title":false,"_genesis_hide_breadcrumbs":false,"_genesis_hide_singular_image":false,"_genesis_hide_footer_widgets":false,"_genesis_custom_body_class":"","_genesis_custom_post_class":"","_genesis_layout":"","footnotes":""},"class_list":{"1":"page","2":"type-page","6":"entry"},"acf":[],"_links":{"self":[{"href":"https:\/\/comparemyjet.com\/it\/wp-json\/wp\/v2\/pages\/3697","targetHints":{"allow":["GET"]}}],"collection":[{"href":"https:\/\/comparemyjet.com\/it\/wp-json\/wp\/v2\/pages"}],"about":[{"href":"https:\/\/comparemyjet.com\/it\/wp-json\/wp\/v2\/types\/page"}],"author":[{"embeddable":true,"href":"https:\/\/comparemyjet.com\/it\/wp-json\/wp\/v2\/users\/2"}],"replies":[{"embeddable":true,"href":"https:\/\/comparemyjet.com\/it\/wp-json\/wp\/v2\/comments?post=3697"}],"version-history":[{"count":3,"href":"https:\/\/comparemyjet.com\/it\/wp-json\/wp\/v2\/pages\/3697\/revisions"}],"predecessor-version":[{"id":3772,"href":"https:\/\/comparemyjet.com\/it\/wp-json\/wp\/v2\/pages\/3697\/revisions\/3772"}],"wp:featuredmedia":[{"embeddable":true,"href":"https:\/\/comparemyjet.com\/it\/wp-json\/wp\/v2\/media\/3698"}],"wp:attachment":[{"href":"https:\/\/comparemyjet.com\/it\/wp-json\/wp\/v2\/media?parent=3697"}],"curies":[{"name":"wp","href":"https:\/\/api.w.org\/{rel}","templated":true}]}}