{"id":4399,"date":"2023-02-13T21:10:28","date_gmt":"2023-02-13T21:10:28","guid":{"rendered":"https:\/\/comparemyjet.com\/?page_id=4399"},"modified":"2025-09-04T09:58:16","modified_gmt":"2025-09-04T09:58:16","slug":"delta-private-jets","status":"publish","type":"page","link":"https:\/\/comparemyjet.com\/it\/delta-private-jets\/","title":{"rendered":"Prezzi dell'iscrizione a Delta Private Jets"},"content":{"rendered":"<p>Delta Air Lines \u00e8 la compagnia aerea leader nel mondo in termini di prodotti, servizi, innovazione, affidabilit\u00e0 ed esperienza del cliente negli Stati Uniti. L'azienda offre un'esperienza di viaggio di livello mondiale e al tempo stesso ottiene rendimenti leader nel settore per gli azionisti.&nbsp;<\/p>\r\n\r\n\r\n\r\n<p>Delta Private Jets, il servizio charter della compagnia aerea, ha stretto una partnership con il principale marchio di aviazione privata. <a href=\"https:\/\/comparemyjet.com\/it\/ruote-su\/\" data-internallinksmanager029f6b8e52c=\"73\" title=\"Prezzi per l&#039;iscrizione a Wheels Up\">Ruote in alto<\/a> per offrire ai viaggiatori privati esperienze uniche e viaggi di qualit\u00e0.&nbsp;&nbsp;<\/p>\r\n\r\n\r\n\r\n<p>Vediamo cosa offre ai passeggeri questa partnership tra due aziende aeronautiche di primo piano.<\/p>\r\n\r\n\r\n\r\n<div id=\"ez-toc-container\" class=\"ez-toc-v2_0_76 counter-hierarchy ez-toc-counter ez-toc-grey ez-toc-container-direction\">\n<p class=\"ez-toc-title\" style=\"cursor:inherit\">Argomenti<\/p>\n<label for=\"ez-toc-cssicon-toggle-item-69f345db6e1ce\" class=\"ez-toc-cssicon-toggle-label\"><span class=\"\"><span class=\"eztoc-hide\" style=\"display:none;\">Toggle<\/span><span class=\"ez-toc-icon-toggle-span\"><svg style=\"fill: #999;color:#999\" xmlns=\"http:\/\/www.w3.org\/2000\/svg\" class=\"list-377408\" width=\"20px\" height=\"20px\" viewbox=\"0 0 24 24\" fill=\"none\"><path d=\"M6 6H4v2h2V6zm14 0H8v2h12V6zM4 11h2v2H4v-2zm16 0H8v2h12v-2zM4 16h2v2H4v-2zm16 0H8v2h12v-2z\" fill=\"currentColor\"><\/path><\/svg><svg style=\"fill: #999;color:#999\" class=\"arrow-unsorted-368013\" xmlns=\"http:\/\/www.w3.org\/2000\/svg\" width=\"10px\" height=\"10px\" viewbox=\"0 0 24 24\" version=\"1.2\" baseprofile=\"tiny\"><path d=\"M18.2 9.3l-6.2-6.3-6.2 6.3c-.2.2-.3.4-.3.7s.1.5.3.7c.2.2.4.3.7.3h11c.3 0 .5-.1.7-.3.2-.2.3-.5.3-.7s-.1-.5-.3-.7zM5.8 14.7l6.2 6.3 6.2-6.3c.2-.2.3-.5.3-.7s-.1-.5-.3-.7c-.2-.2-.4-.3-.7-.3h-11c-.3 0-.5.1-.7.3-.2.2-.3.5-.3.7s.1.5.3.7z\"\/><\/svg><\/span><\/span><\/label><input type=\"checkbox\"  id=\"ez-toc-cssicon-toggle-item-69f345db6e1ce\" checked aria-label=\"Toggle\" \/><nav><ul class='ez-toc-list ez-toc-list-level-1' ><li class='ez-toc-page-1 ez-toc-heading-level-2'><a class=\"ez-toc-link ez-toc-heading-1\" href=\"https:\/\/comparemyjet.com\/it\/delta-private-jets\/#Company_History\" >Storia dell'azienda<\/a><\/li><li class='ez-toc-page-1 ez-toc-heading-level-2'><a class=\"ez-toc-link ez-toc-heading-2\" href=\"https:\/\/comparemyjet.com\/it\/delta-private-jets\/#Delta_Private_Jets_Wheels_Up\" >Delta Private Jets + Wheels Up<\/a><\/li><li class='ez-toc-page-1 ez-toc-heading-level-2'><a class=\"ez-toc-link ez-toc-heading-3\" href=\"https:\/\/comparemyjet.com\/it\/delta-private-jets\/#The_Fleet\" >La flotta<\/a><ul class='ez-toc-list-level-3' ><li class='ez-toc-heading-level-3'><a class=\"ez-toc-link ez-toc-heading-4\" href=\"https:\/\/comparemyjet.com\/it\/delta-private-jets\/#1_Turboprop\" >1. Turboprop<\/a><ul class='ez-toc-list-level-4' ><li class='ez-toc-heading-level-4'><a class=\"ez-toc-link ez-toc-heading-5\" href=\"https:\/\/comparemyjet.com\/it\/delta-private-jets\/#Our_recommendation_The_King_Air_350\" >La nostra raccomandazione: Il King Air 350<\/a><\/li><\/ul><\/li><li class='ez-toc-page-1 ez-toc-heading-level-3'><a class=\"ez-toc-link ez-toc-heading-6\" href=\"https:\/\/comparemyjet.com\/it\/delta-private-jets\/#2_Light_Private_Jets\" >2. Jet privati leggeri<\/a><ul class='ez-toc-list-level-4' ><li class='ez-toc-heading-level-4'><a class=\"ez-toc-link ez-toc-heading-7\" href=\"https:\/\/comparemyjet.com\/it\/delta-private-jets\/#Our_Recommendation_The_Hawker_400XP\" >La nostra raccomandazione: L'Hawker 400XP<\/a><\/li><\/ul><\/li><li class='ez-toc-page-1 ez-toc-heading-level-3'><a class=\"ez-toc-link ez-toc-heading-8\" href=\"https:\/\/comparemyjet.com\/it\/delta-private-jets\/#3_Midsize_Private_Jets\" >3. Jet privati di medie dimensioni<\/a><ul class='ez-toc-list-level-4' ><li class='ez-toc-heading-level-4'><a class=\"ez-toc-link ez-toc-heading-9\" href=\"https:\/\/comparemyjet.com\/it\/delta-private-jets\/#Our_Recommendation_The_Citation_ExcelXLS\" >La nostra raccomandazione: Il Citation Excel\/XLS<\/a><\/li><\/ul><\/li><li class='ez-toc-page-1 ez-toc-heading-level-3'><a class=\"ez-toc-link ez-toc-heading-10\" href=\"https:\/\/comparemyjet.com\/it\/delta-private-jets\/#4_Super-Midsize_Private_Jets\" >4. Jet privati di medie dimensioni&nbsp;<\/a><ul class='ez-toc-list-level-4' ><li class='ez-toc-heading-level-4'><a class=\"ez-toc-link ez-toc-heading-11\" href=\"https:\/\/comparemyjet.com\/it\/delta-private-jets\/#Our_Recommendation_The_Citation_X\" >La nostra raccomandazione: La Citation X<\/a><\/li><\/ul><\/li><li class='ez-toc-page-1 ez-toc-heading-level-3'><a class=\"ez-toc-link ez-toc-heading-12\" href=\"https:\/\/comparemyjet.com\/it\/delta-private-jets\/#5_Large_Private_Jets\" >5. Grandi jet privati<\/a><ul class='ez-toc-list-level-4' ><li class='ez-toc-heading-level-4'><a class=\"ez-toc-link ez-toc-heading-13\" href=\"https:\/\/comparemyjet.com\/it\/delta-private-jets\/#Our_Recommendation_The_Gulfstream_G450\" >La nostra raccomandazione: Il Gulfstream G450<\/a><\/li><\/ul><\/li><\/ul><\/li><li class='ez-toc-page-1 ez-toc-heading-level-2'><a class=\"ez-toc-link ez-toc-heading-14\" href=\"https:\/\/comparemyjet.com\/it\/delta-private-jets\/#Conclusion\" >Conclusione<\/a><\/li><\/ul><\/nav><\/div>\n<h2 class=\"wp-block-heading\"><span class=\"ez-toc-section\" id=\"Company_History\"><\/span>Storia dell'azienda<span class=\"ez-toc-section-end\"><\/span><\/h2>\r\n\r\n\r\n\r\n<p>Delta Private Jets \u00e8 stata fondata nel 2001. Le attivit\u00e0 della societ\u00e0 sono cessate il 31 gennaio 2020, dopo la fusione con Wheels Up.<\/p>\r\n\r\n\r\n\r\n<h2 class=\"wp-block-heading\"><span class=\"ez-toc-section\" id=\"Delta_Private_Jets_Wheels_Up\"><\/span>Delta Private Jets + Wheels Up<span class=\"ez-toc-section-end\"><\/span><\/h2>\r\n\r\n\r\n\r\n<figure class=\"wp-block-image size-full is-style-default\"><img loading=\"lazy\" decoding=\"async\" width=\"1000\" height=\"667\" src=\"https:\/\/comparemyjet.com\/wp-content\/uploads\/Executives-from-Wheels-Up-congregate-outside-the-New-York-Stock-Exchange.jpg\" alt=\"I dirigenti di Wheels Up si riuniscono fuori dalla Borsa di New York \" class=\"wp-image-4401\" srcset=\"https:\/\/comparemyjet.com\/wp-content\/uploads\/Executives-from-Wheels-Up-congregate-outside-the-New-York-Stock-Exchange-18x12.jpg 18w, https:\/\/comparemyjet.com\/wp-content\/uploads\/Executives-from-Wheels-Up-congregate-outside-the-New-York-Stock-Exchange-300x200.jpg 300w, https:\/\/comparemyjet.com\/wp-content\/uploads\/Executives-from-Wheels-Up-congregate-outside-the-New-York-Stock-Exchange-768x512.jpg 768w, https:\/\/comparemyjet.com\/wp-content\/uploads\/Executives-from-Wheels-Up-congregate-outside-the-New-York-Stock-Exchange.jpg 1000w\" sizes=\"auto, (max-width: 1000px) 100vw, 1000px\" \/><\/figure>\r\n\r\n\r\n\r\n<p>Wheels Up e Delta hanno completato una transazione rivoluzionaria, unendo Delta Private Jets e Wheels Up per offrire ai clienti vantaggi multipiattaforma. Le societ\u00e0 unite offrono vantaggi multipiattaforma per i clienti attuali e futuri di Wheels Up e Delta che sono unici nel settore delle compagnie aeree private.<\/p>\r\n\r\n\r\n\r\n<p>Questa fusione combina i programmi di adesione, l'esclusiva piattaforma digitale e le esperienze internazionali di Wheels Up con la riconosciuta affidabilit\u00e0, sicurezza, qualit\u00e0 e portata di Delta Private Jets. Con circa 200 aerei, dai King Air 350i ai jet pesanti, la combinazione forma una delle flotte di aerei privati di propriet\u00e0 e gestiti pi\u00f9 grandi al mondo. Wheels Up \u00e8 ben posizionata per soddisfare le esigenze di viaggio dei suoi oltre 8.000 soci e clienti, grazie alla sua flotta privata in espansione e all'accesso alla rete mondiale di Delta.<\/p>\r\n\r\n\r\n\r\n<p>I soci Wheels Up possono raggiungere lo status di Medallion Delta, raccogliere punti fedelt\u00e0 SkyMiles\u00ae e utilizzare i loro conti del programma Wheels Up Fund per spendere per i voli privati Wheels Up e per i voli passeggeri Delta. I clienti di Delta Private Jets possono inoltre usufruire di vantaggi esclusivi per i soci Wheels Up, di vantaggi e dell'accessibilit\u00e0 agli aeromobili Wheels Up.<\/p>\r\n\r\n\r\n\r\n<p>Inoltre, come parte di questo accordo, Gil West, Chief Operating Officer di Delta, ha deciso di entrare a far parte del Consiglio di Amministrazione di Wheels Up. I team di Wheels Up e Delta Private Jets collaborano efficacemente per garantire a tutti i lavoratori e ai clienti di DPJ una transizione senza problemi. I dipendenti di DPJ continueranno a lavorare dalla sede attuale di Cincinnati, Ohio.<\/p>\r\n\r\n\r\n\r\n<h2 class=\"wp-block-heading\"><span class=\"ez-toc-section\" id=\"The_Fleet\"><\/span>La flotta<span class=\"ez-toc-section-end\"><\/span><\/h2>\r\n\r\n\r\n\r\n<figure class=\"wp-block-image size-full is-style-default\"><img loading=\"lazy\" decoding=\"async\" width=\"1000\" height=\"442\" src=\"https:\/\/comparemyjet.com\/wp-content\/uploads\/2022\/09\/little.plane_.in_.the_.hand_.of_.a.businessman.jpg\" alt=\"Uomo d&#039;affari con in mano un aereo\" class=\"wp-image-3335\" srcset=\"https:\/\/comparemyjet.com\/wp-content\/uploads\/2022\/09\/little.plane_.in_.the_.hand_.of_.a.businessman-18x8.jpg 18w, https:\/\/comparemyjet.com\/wp-content\/uploads\/2022\/09\/little.plane_.in_.the_.hand_.of_.a.businessman-300x133.jpg 300w, https:\/\/comparemyjet.com\/wp-content\/uploads\/2022\/09\/little.plane_.in_.the_.hand_.of_.a.businessman-768x339.jpg 768w, https:\/\/comparemyjet.com\/wp-content\/uploads\/2022\/09\/little.plane_.in_.the_.hand_.of_.a.businessman.jpg 1000w\" sizes=\"auto, (max-width: 1000px) 100vw, 1000px\" \/><\/figure>\r\n\r\n\r\n\r\n<p>Poich\u00e9 Delta si \u00e8 fusa con Wheels Up, i precedenti utenti di Delta hanno ora a disposizione ancora pi\u00f9 vantaggi. Se state cercando di noleggiare aerei privati, Wheels Up offre sia aerei propri che jet privati di rinomate compagnie di charter. Ci sono pi\u00f9 di 1.200 aerei in gestione e 350 aerei di propriet\u00e0 e controllati.<\/p>\r\n\r\n\r\n\r\n<p>Con alcune esclusioni in base al programma, l'azienda mantiene una politica di disponibilit\u00e0 garantita. Diamo un'occhiata alle categorie di jet.<\/p>\r\n\r\n\r\n\r\n<h3 class=\"wp-block-heading\"><span class=\"ez-toc-section\" id=\"1_Turboprop\"><\/span>1. Turboprop<span class=\"ez-toc-section-end\"><\/span><\/h3>\r\n\r\n\r\n\r\n<p>I turboelica sono una combinazione di motori a reazione e di eliche utilizzate dai motori a pistoni negli aerei pi\u00f9 piccoli. Sebbene i turboelica siano pi\u00f9 rumorosi, sono pi\u00f9 sicuri dei jet per gli atterraggi su piste corte. I motori a turboelica sono pi\u00f9 piccoli e leggeri dei motori a reazione e consentono un decollo e un atterraggio pi\u00f9 efficienti, in particolare su piste pi\u00f9 corte.&nbsp;<\/p>\r\n\r\n\r\n\r\n<h4 class=\"wp-block-heading\"><span class=\"ez-toc-section\" id=\"Our_recommendation_The_King_Air_350\"><\/span>La nostra raccomandazione: Il King Air 350<span class=\"ez-toc-section-end\"><\/span><\/h4>\r\n\r\n\r\n\r\n<p>Il King Air \u00e8 tornato in auge negli ultimi anni come nucleo della flotta Wheels Up. Questo turboelica ha ricevuto un marketing intelligente e creativo e ha recuperato la sua fama.<\/p>\r\n\r\n\r\n\r\n<p>Specifiche:<\/p>\r\n\r\n\r\n\r\n<ul class=\"wp-block-list\">\r\n<li>Passeggeri: 11;<\/li>\r\n\r\n\r\n\r\n<li>Altezza: 57 pollici;<\/li>\r\n\r\n\r\n\r\n<li>Lunghezza: 19 piedi e 6 pollici;<\/li>\r\n\r\n\r\n\r\n<li>Larghezza: 54 pollici;<\/li>\r\n\r\n\r\n\r\n<li>Portata massima: 1.806 miglia nautiche;<\/li>\r\n\r\n\r\n\r\n<li>Velocit\u00e0 massima di crociera: 359 mph;<\/li>\r\n\r\n\r\n\r\n<li>Bagagli (interni): 55 cu ft;<\/li>\r\n\r\n\r\n\r\n<li>Bagagli (esterni): 16 cu ft.<\/li>\r\n<\/ul>\r\n\r\n\r\n\r\n<h3 class=\"wp-block-heading\"><span class=\"ez-toc-section\" id=\"2_Light_Private_Jets\"><\/span>2. Jet privati leggeri<span class=\"ez-toc-section-end\"><\/span><\/h3>\r\n\r\n\r\n\r\n<p>Se viaggiate con otto o meno persone e non avete molti bagagli, un jet privato leggero \u00e8 una buona opzione. Avete bisogno di un trasporto rapido e semplice verso la vostra destinazione? Per viaggi di meno di quattro ore, noleggiare un jet leggero potrebbe essere la scelta migliore. Questi jet hanno la capacit\u00e0 di volare per quasi 1.500 chilometri senza fermarsi per il carburante. Gli aerei leggeri possono ospitare facilmente sei passeggeri, con una capacit\u00e0 massima di nove.<\/p>\r\n\r\n\r\n\r\n<h4 class=\"wp-block-heading\"><span class=\"ez-toc-section\" id=\"Our_Recommendation_The_Hawker_400XP\"><\/span>La nostra raccomandazione: L'Hawker 400XP<span class=\"ez-toc-section-end\"><\/span><\/h4>\r\n\r\n\r\n\r\n<p>L'Hawker 400 \u00e8 un jet leggero bimotore. Dopo essere stato costruito e prodotto dalla Mitsubishi, \u00e8 stato aggiornato dalla Beech Aircraft Company. \u00c8 un piccolo aereo con otto posti in una cabina pressurizzata pilotata da un equipaggio di due persone.<\/p>\r\n\r\n\r\n\r\n<p>Le specifiche dell'Hawker 400XP sono:<\/p>\r\n\r\n\r\n\r\n<ul class=\"wp-block-list\">\r\n<li>Passeggeri: 8;<\/li>\r\n\r\n\r\n\r\n<li>Altezza cabina: 4 ft 10 in;<\/li>\r\n\r\n\r\n\r\n<li>Lunghezza della cabina: 15 ft 7 in;<\/li>\r\n\r\n\r\n\r\n<li>Larghezza cabina: 4 ft 11 in;<\/li>\r\n\r\n\r\n\r\n<li>Velocit\u00e0 di crociera: 450 nodi;&nbsp;<\/li>\r\n\r\n\r\n\r\n<li>Raggio di volo: 1.180 miglia nautiche.<\/li>\r\n<\/ul>\r\n\r\n\r\n\r\n<h3 class=\"wp-block-heading\"><span class=\"ez-toc-section\" id=\"3_Midsize_Private_Jets\"><\/span>3. Jet privati di medie dimensioni<span class=\"ez-toc-section-end\"><\/span><\/h3>\r\n\r\n\r\n\r\n<p>Se avete bisogno di pi\u00f9 posti a sedere, spazio per la testa e spazio rispetto a quello che pu\u00f2 offrire un piccolo aereo, i jet privati di medie dimensioni sono il modo migliore per volare. Sono perfetti per voli di circa 4-5 ore e sono un po' pi\u00f9 veloci delle loro controparti leggere.<\/p>\r\n\r\n\r\n\r\n<h4 class=\"wp-block-heading\"><span class=\"ez-toc-section\" id=\"Our_Recommendation_The_Citation_ExcelXLS\"><\/span>La nostra raccomandazione: Il Citation Excel\/XLS<span class=\"ez-toc-section-end\"><\/span><\/h4>\r\n\r\n\r\n\r\n<p><a href=\"https:\/\/comparemyjet.com\/it\/cessna\/\" data-internallinksmanager029f6b8e52c=\"145\" title=\"Guida definitiva ai jet e agli aerei privati Cessna\">Velivoli Cessna<\/a> L'azienda ha prodotto il Cessna Citation XLS come prima generazione del Citation Excel, che ha spiccato il volo nel 2003. Fa parte della famiglia di business jet Citation, che comprende diversi modelli.<\/p>\r\n\r\n\r\n\r\n<p>Specifiche:<\/p>\r\n\r\n\r\n\r\n<ul class=\"wp-block-list\">\r\n<li>Passeggeri: 8;<\/li>\r\n\r\n\r\n\r\n<li>Gamma massima: 1989 nm;<\/li>\r\n\r\n\r\n\r\n<li>Velocit\u00e0 massima: 433 kts;<\/li>\r\n\r\n\r\n\r\n<li>Velocit\u00e0 di salita: 3500 fpm;<\/li>\r\n\r\n\r\n\r\n<li>Altezza della cabina: 5 ft 7 in;<\/li>\r\n\r\n\r\n\r\n<li>Lunghezza della cabina: 18 ft 7 in;<\/li>\r\n\r\n\r\n\r\n<li>Larghezza della cabina: 5 ft 5 in.&nbsp;<\/li>\r\n<\/ul>\r\n\r\n\r\n\r\n<h3 class=\"wp-block-heading\"><span class=\"ez-toc-section\" id=\"4_Super-Midsize_Private_Jets\"><\/span>4. Jet privati di medie dimensioni&nbsp;<span class=\"ez-toc-section-end\"><\/span><\/h3>\r\n\r\n\r\n\r\n<p>I jet super medi sono pi\u00f9 piccoli e pi\u00f9 efficienti in termini di carburante rispetto ai jet pesanti, con un'autonomia maggiore a un costo inferiore. Se avete bisogno di un aereo privato con un lungo raggio e una buona capacit\u00e0 di pista, potete scegliere un jet della categoria super-midsize.<\/p>\r\n\r\n\r\n\r\n<h4 class=\"wp-block-heading\"><span class=\"ez-toc-section\" id=\"Our_Recommendation_The_Citation_X\"><\/span>La nostra raccomandazione: La Citation X<span class=\"ez-toc-section-end\"><\/span><\/h4>\r\n\r\n\r\n\r\n<p>Il Cessna Citation X \u00e8 una nuova generazione di aerei d'affari di medie dimensioni con una maggiore velocit\u00e0 e un vano bagagli sigillato. Questo aereo \u00e8 il pi\u00f9 veloce business jet attualmente in produzione e vanta numerosi record di velocit\u00e0.<\/p>\r\n\r\n\r\n\r\n<p>Specifiche:<\/p>\r\n\r\n\r\n\r\n<ul class=\"wp-block-list\">\r\n<li>Passeggeri: 8;<\/li>\r\n\r\n\r\n\r\n<li>Velocit\u00e0 massima: 525 nodi;<\/li>\r\n\r\n\r\n\r\n<li>Gamma massima: 3125 nm;<\/li>\r\n\r\n\r\n\r\n<li>Altezza della cabina: 5 ft 7 in;<\/li>\r\n\r\n\r\n\r\n<li>Lunghezza della cabina: 23 ft 9 in<\/li>\r\n\r\n\r\n\r\n<li>Larghezza della cabina: 5 ft 5 in;<\/li>\r\n\r\n\r\n\r\n<li>Raggio di volo: 3.111 miglia nautiche.<\/li>\r\n<\/ul>\r\n\r\n\r\n\r\n<h3 class=\"wp-block-heading\"><span class=\"ez-toc-section\" id=\"5_Large_Private_Jets\"><\/span>5. Grandi jet privati<span class=\"ez-toc-section-end\"><\/span><\/h3>\r\n\r\n\r\n\r\n<p>Tutto \u00e8 possibile quando si ha accesso a questi giganteschi aerei privati estremamente adattabili e all'avanguardia. I jet pesanti possono ospitare circa 10-15 passeggeri o pi\u00f9 e offrono ulteriore spazio per le gambe e comfort.&nbsp;<\/p>\r\n\r\n\r\n\r\n<h4 class=\"wp-block-heading\"><span class=\"ez-toc-section\" id=\"Our_Recommendation_The_Gulfstream_G450\"><\/span>La nostra raccomandazione: Il Gulfstream G450<span class=\"ez-toc-section-end\"><\/span><\/h4>\r\n\r\n\r\n\r\n<p>Il <a href=\"https:\/\/comparemyjet.com\/it\/corrente-del-golfo\/\" data-internallinksmanager029f6b8e52c=\"175\" title=\"Guida definitiva ai jet e agli aerei privati Gulfstream\">Gulfstream<\/a> Il G450 \u00e8 il pi\u00f9 favoloso jet a grande cabina della sua categoria.&nbsp;&nbsp;<\/p>\r\n\r\n\r\n\r\n<p>Specifiche:<\/p>\r\n\r\n\r\n\r\n<ul class=\"wp-block-list\">\r\n<li>Passeggeri: 8-14;&nbsp;<\/li>\r\n\r\n\r\n\r\n<li>Gamma massima: 4350 nm;<\/li>\r\n\r\n\r\n\r\n<li>Velocit\u00e0 massima: 586 nodi;<\/li>\r\n\r\n\r\n\r\n<li>Altezza della cabina: 6 ft 2 in;<\/li>\r\n\r\n\r\n\r\n<li>Lunghezza della cabina: 40 ft 4 in;<\/li>\r\n\r\n\r\n\r\n<li>Larghezza della cabina: 7 ft 4 in;<\/li>\r\n\r\n\r\n\r\n<li>Velocit\u00e0 di crociera: 533 nodi.<\/li>\r\n<\/ul>\r\n\r\n\r\n\r\n<h2 class=\"wp-block-heading\"><span class=\"ez-toc-section\" id=\"Conclusion\"><\/span>Conclusione<span class=\"ez-toc-section-end\"><\/span><\/h2>\r\n\r\n\r\n\r\n<figure class=\"wp-block-image size-full is-style-default\"><img loading=\"lazy\" decoding=\"async\" width=\"1000\" height=\"391\" src=\"https:\/\/comparemyjet.com\/wp-content\/uploads\/A-Delta-Airlines-jet.jpg\" alt=\"Un jet della Delta Airlines\" class=\"wp-image-4402\" srcset=\"https:\/\/comparemyjet.com\/wp-content\/uploads\/A-Delta-Airlines-jet-18x7.jpg 18w, https:\/\/comparemyjet.com\/wp-content\/uploads\/A-Delta-Airlines-jet-300x117.jpg 300w, https:\/\/comparemyjet.com\/wp-content\/uploads\/A-Delta-Airlines-jet-768x300.jpg 768w, https:\/\/comparemyjet.com\/wp-content\/uploads\/A-Delta-Airlines-jet.jpg 1000w\" sizes=\"auto, (max-width: 1000px) 100vw, 1000px\" \/><\/figure>\r\n\r\n\r\n\r\n<p>Sebbene Delta Private Jets funzionasse bene e avesse molti clienti soddisfatti, con la fusione con Wheels Up \u00e8 andata ancora meglio. Consultate il nostro articolo su Wheels Up al seguente indirizzo <a href=\"https:\/\/comparemyjet.com\/it\/ruote-su\/\">link<\/a> per aiutarvi a valutare e scegliere la vostra compagnia di jet privati.&nbsp;<\/p>","protected":false},"excerpt":{"rendered":"<p>Delta Air Lines \u00e8 la compagnia aerea leader nel mondo in termini di prodotti, servizi, innovazione, affidabilit\u00e0 ed esperienza del cliente negli Stati Uniti. L'azienda offre un'esperienza di viaggio di livello mondiale e al tempo stesso guadagna rendimenti leader del settore per gli azionisti.  Delta Private Jets, il servizio di noleggio della compagnia aerea, ha stretto una partnership con il principale marchio di aviazione privata Wheels Up per ...<\/p>","protected":false},"author":1,"featured_media":4400,"parent":0,"menu_order":0,"comment_status":"closed","ping_status":"closed","template":"","meta":{"_acf_changed":false,"_genesis_hide_title":false,"_genesis_hide_breadcrumbs":false,"_genesis_hide_singular_image":false,"_genesis_hide_footer_widgets":false,"_genesis_custom_body_class":"","_genesis_custom_post_class":"","_genesis_layout":"","footnotes":""},"class_list":{"1":"page","2":"type-page","6":"entry"},"acf":[],"_links":{"self":[{"href":"https:\/\/comparemyjet.com\/it\/wp-json\/wp\/v2\/pages\/4399","targetHints":{"allow":["GET"]}}],"collection":[{"href":"https:\/\/comparemyjet.com\/it\/wp-json\/wp\/v2\/pages"}],"about":[{"href":"https:\/\/comparemyjet.com\/it\/wp-json\/wp\/v2\/types\/page"}],"author":[{"embeddable":true,"href":"https:\/\/comparemyjet.com\/it\/wp-json\/wp\/v2\/users\/1"}],"replies":[{"embeddable":true,"href":"https:\/\/comparemyjet.com\/it\/wp-json\/wp\/v2\/comments?post=4399"}],"version-history":[{"count":2,"href":"https:\/\/comparemyjet.com\/it\/wp-json\/wp\/v2\/pages\/4399\/revisions"}],"predecessor-version":[{"id":4434,"href":"https:\/\/comparemyjet.com\/it\/wp-json\/wp\/v2\/pages\/4399\/revisions\/4434"}],"wp:featuredmedia":[{"embeddable":true,"href":"https:\/\/comparemyjet.com\/it\/wp-json\/wp\/v2\/media\/4400"}],"wp:attachment":[{"href":"https:\/\/comparemyjet.com\/it\/wp-json\/wp\/v2\/media?parent=4399"}],"curies":[{"name":"wp","href":"https:\/\/api.w.org\/{rel}","templated":true}]}}