{"id":2034,"date":"2021-08-25T22:04:02","date_gmt":"2021-08-25T22:04:02","guid":{"rendered":"https:\/\/comparemyjet.com\/?page_id=2034"},"modified":"2025-09-04T09:58:23","modified_gmt":"2025-09-04T09:58:23","slug":"how-to-buy-a-private-jet","status":"publish","type":"page","link":"https:\/\/comparemyjet.com\/nb\/how-to-buy-a-private-jet\/","title":{"rendered":"Hvordan kj\u00f8pe et privatfly"},"content":{"rendered":"<p>S\u00e5 du har flydd rundt privat en stund n\u00e5. \u00c5 leie eller chartre privatfly for deg selv og reisef\u00f8lget ditt og \u00e5 bestille seter i siste liten p\u00e5 delte flyvninger for 30 personer er alle gode alternativer, men n\u00e5r du begynner \u00e5 regne p\u00e5 det, lurer du p\u00e5 hvorfor ikke eie privatflyet mitt?<\/p>\r\n\r\n\r\n\r\n<p>N\u00e5r du begynner \u00e5 tilbringe mer enn 200 timer i luften i \u00e5ret, b\u00f8r du if\u00f8lge ekspertene vurdere \u00e5 skaffe deg et eget jetfly.<\/p>\r\n\r\n\r\n\r\n<p>Og selv om det er en enorm engangsinvestering, er det faktisk ganske realistisk at det vil l\u00f8nne seg til slutt.<\/p>\r\n\r\n\r\n\r\n<p>Hvis du ikke er fremmed for \u00e5 bruke titusenvis av kroner p\u00e5 en enkelt flytur, b\u00f8r du kj\u00f8pe et jetfly til flere millioner dollar bare for din egen flykomfort.<\/p>\r\n\r\n\r\n\r\n<p>Siden <a href=\"https:\/\/www.barrons.com\/articles\/SB123992033953526967\" target=\"_blank\" rel=\"noreferrer noopener nofollow\">2008 lavkonjunktur<\/a>, og et prisfall i 2009, har det aldri v\u00e6rt et bedre tidspunkt \u00e5 kj\u00f8pe et privatfly p\u00e5. Pandemien har gjort privatfly mer attraktive og lettere tilgjengelige enn noensinne, b\u00e5de n\u00e5r det gjelder \u00e5 leie dem for flyvninger i ny og ne eller \u00e5 kj\u00f8pe et helt privatfly.<\/p>\r\n\r\n\r\n\r\n<p>If\u00f8lge flyselskaper som selger fly, som f.eks. <a href=\"https:\/\/www.jetcraft.com\/\" target=\"_blank\" rel=\"noreferrer noopener nofollow\">Jetcraft<\/a>de nye og unge million\u00e6rene som er interessert i \u00e5 kj\u00f8pe privatfly, vender seg i \u00f8kende grad til \"brukte\" eller brukte fly. De er raskere \u00e5 kj\u00f8pe og levere, og ofte i utmerket stand.<\/p>\r\n\r\n\r\n\r\n<p>Det eldre og mer erfarne jetset-mannskapet ser imidlertid ut til \u00e5 foretrekke nye, nyproduserte flyvarer.<\/p>\r\n\r\n\r\n\r\n<p>Hvilket lag er du p\u00e5?<\/p>\r\n\r\n\r\n\r\n<div class=\"wp-block-image\"><figure class=\"aligncenter size-full\"><img loading=\"lazy\" decoding=\"async\" width=\"910\" height=\"607\" src=\"https:\/\/comparemyjet.com\/wp-content\/uploads\/2021\/08\/How-To-Buy-a-Private-Jet-2.jpg\" alt=\"mann p\u00e5 vei ut av privatfly\" class=\"wp-image-2036\" srcset=\"https:\/\/comparemyjet.com\/wp-content\/uploads\/2021\/08\/How-To-Buy-a-Private-Jet-2-300x200.jpg 300w, https:\/\/comparemyjet.com\/wp-content\/uploads\/2021\/08\/How-To-Buy-a-Private-Jet-2-768x512.jpg 768w, https:\/\/comparemyjet.com\/wp-content\/uploads\/2021\/08\/How-To-Buy-a-Private-Jet-2.jpg 910w\" sizes=\"auto, (max-width: 910px) 100vw, 910px\" \/><\/figure><\/div>\r\n\r\n\r\n\r\n<h2 class=\"wp-block-heading\">En liten advarsel...<\/h2>\r\n\r\n\r\n\r\n<p>Uansett hvor erfaren du er som forretningsmann, <strong>ikke g\u00e5 inn i dette p\u00e5 egen h\u00e5nd<\/strong>. Det er ikke uten grunn at det finnes spesialselskaper som har spesialisert seg p\u00e5 \u00e5 forenkle prosessen med \u00e5 kj\u00f8pe og regulere privatflyet ditt som en eiendel. Med mindre du selv er ekspert p\u00e5 omr\u00e5det, anbefaler vi p\u00e5 det sterkeste at du lar ekspertene s\u00f8rge for at alt g\u00e5r riktig for seg. Det er s\u00e5 mye som kan g\u00e5 galt.<\/p>\r\n\r\n\r\n\r\n<p>Disse selskapene kan ogs\u00e5 gi deg gode r\u00e5d om hvilken flytype som passer best til dine flybehov og din kj\u00f8pekraft.&nbsp;<\/p>\r\n\r\n\r\n\r\n<p>Husk ogs\u00e5 at du ikke trenger \u00e5 eie jetflyet helt og holdent. Det finnes andre alternativer som kommer ganske n\u00e6r, for eksempel <a href=\"https:\/\/www.investopedia.com\/terms\/f\/fractionalownership.asp\" target=\"_blank\" rel=\"noreferrer noopener nofollow\">fraksjonert eierskap<\/a>eller <a href=\"https:\/\/www.sherpareport.com\/aircraft\/aircraft-overview\/charter-cards.html\" target=\"_blank\" rel=\"noreferrer noopener nofollow\">Jet Club-medlemskort<\/a> som gir deg mange valgmuligheter n\u00e5r det gjelder flyreiser.<\/p>\r\n\r\n\r\n\r\n<p>Medlemskort til jetklubber selges av en rekke selskaper, og hvert av dem tilbyr ulike betingelser. <a href=\"https:\/\/www.vistajet.com\/en-gb\/stories\/private-jet-card\/\" target=\"_blank\" rel=\"noreferrer noopener nofollow\">Vista Jet,<\/a> <a href=\"https:\/\/www.jetlinx.com\/jet-card\/\" target=\"_blank\" rel=\"noreferrer noopener nofollow\">Jet Linx<\/a>, <a href=\"https:\/\/jettly.com\/become_a_member\" target=\"_blank\" rel=\"noreferrer noopener nofollow\">Jettly<\/a>, <a href=\"https:\/\/www.wholesalejetclub.com\/\" target=\"_blank\" rel=\"noreferrer noopener nofollow\">Jet Club for hele salget<\/a>, <a href=\"https:\/\/www.airpartner.com\/en\/private-jets\/jetcard\/\" target=\"_blank\" rel=\"noreferrer noopener nofollow\">AirPArtner<\/a> er bare et par av de mest popul\u00e6re navnene.<\/p>\r\n\r\n\r\n\r\n<p>Med mindre du er profesjonell pilot, m\u00e5 du dessuten huske p\u00e5 at kj\u00f8p av et jetfly bare er den f\u00f8rste av <strong>mange utgifter som venter<\/strong>. Men hva pokker - hva er $50.000 - $60.000 for en pilotl\u00f8nn per \u00e5r, etter at du har punget ut flere millioner dollar for selve flyet? I tillegg til piloten kommer resten av kabinpersonalet, vedlikeholds- og driftskostnader, hangarkostnader, skatter, flyplassavgifter, drivstoff osv.<\/p>\r\n\r\n\r\n\r\n<div class=\"wp-block-image\"><figure class=\"aligncenter size-large\"><img loading=\"lazy\" decoding=\"async\" width=\"1024\" height=\"683\" src=\"https:\/\/comparemyjet.com\/wp-content\/uploads\/2021\/08\/How-To-Buy-a-Private-Jet-3-1-1024x683.jpg\" alt=\"h\u00e5ndtrykk\" class=\"wp-image-2043\" srcset=\"https:\/\/comparemyjet.com\/wp-content\/uploads\/2021\/08\/How-To-Buy-a-Private-Jet-3-1-300x200.jpg 300w, https:\/\/comparemyjet.com\/wp-content\/uploads\/2021\/08\/How-To-Buy-a-Private-Jet-3-1-768x512.jpg 768w, https:\/\/comparemyjet.com\/wp-content\/uploads\/2021\/08\/How-To-Buy-a-Private-Jet-3-1-1024x683.jpg 1024w, https:\/\/comparemyjet.com\/wp-content\/uploads\/2021\/08\/How-To-Buy-a-Private-Jet-3-1-1536x1024.jpg 1536w, https:\/\/comparemyjet.com\/wp-content\/uploads\/2021\/08\/How-To-Buy-a-Private-Jet-3-1.jpg 1920w\" sizes=\"auto, (max-width: 1024px) 100vw, 1024px\" \/><\/figure><\/div>\r\n\r\n\r\n\r\n<h2 class=\"wp-block-heading\">Hvordan kj\u00f8pe en privatjet: En trinn-for-trinn-guide<\/h2>\r\n\r\n\r\n\r\n<p>Her er en trinnvis guide til hvordan du kj\u00f8per et privatfly. S\u00f8rg for \u00e5 g\u00e5 gjennom alle trinnene, for uansett hvor mye penger du har, er det en smertefull nybegynnertabbe \u00e5 kaste bort millioner p\u00e5 noe som ikke engang er verdt halvparten av pengene.<\/p>\r\n\r\n\r\n\r\n<ol class=\"wp-block-list\"><li>En betrodd r\u00e5dgiver og st\u00f8tte fra en tredjepart er et must.<\/li><\/ol>\r\n\r\n\r\n\r\n<p>Som vi allerede har v\u00e6rt inne p\u00e5, er det ingen liten investering \u00e5 kj\u00f8pe et privatfly. Hvis det g\u00e5r galt, kan du tape mye penger. Selvsagt finnes det en rekke grenser for hvor mye det vil koste deg. \u00c5 kj\u00f8pe et brukt jetfly til $2 millioner kan v\u00e6re en kostbar tabbe, men hva skjer hvis du kj\u00f8per feil fly til $15 millioner - $100 millioner?<\/p>\r\n\r\n\r\n\r\n<p>Derfor er det viktig \u00e5 samarbeide med p\u00e5litelige meglere eller r\u00e5dgivere (med mindre du selv er flyekspert).<\/p>\r\n\r\n\r\n\r\n<p>Selskaper som f.eks. <a href=\"https:\/\/www.jetcraft.com\/\" target=\"_blank\" rel=\"noreferrer noopener nofollow\">Jetcraft<\/a>, <a href=\"https:\/\/www.jamesedition.com\/jets\" target=\"_blank\" rel=\"noreferrer noopener nofollow\">Jamesedition<\/a>, <a href=\"https:\/\/www.avbuyer.com\/aircraft\/private-jets\" target=\"_blank\" rel=\"noreferrer noopener nofollow\">Avbuyer<\/a>, <a href=\"https:\/\/www.globalair.com\/aircraft-for-sale\/Private-Jet\" target=\"_blank\" rel=\"noreferrer noopener nofollow\">Globalair<\/a>, <a href=\"https:\/\/www.worth.com\/how-to-buy-a-private-jet\/\" target=\"_blank\" rel=\"noreferrer noopener nofollow\">Verdt<\/a>, <a href=\"https:\/\/www.jetlinx.com\/acquisitions-sales\/\" target=\"_blank\" rel=\"noreferrer noopener nofollow\">Jetlinx<\/a>eller <a href=\"https:\/\/www.privatefly.com\/privatejet-services\/private-jet-buy-or-hire.html\" target=\"_blank\" rel=\"noreferrer noopener nofollow\">Privatefly<\/a> er noen av de beste markedsplassene for kj\u00f8p av privatfly. De ansetter ogs\u00e5 meglere, som har interesse av at du ender opp som en forn\u00f8yd kunde.<\/p>\r\n\r\n\r\n\r\n<div class=\"wp-block-image\"><figure class=\"aligncenter size-large\"><img loading=\"lazy\" decoding=\"async\" width=\"1024\" height=\"429\" src=\"https:\/\/comparemyjet.com\/wp-content\/uploads\/2021\/08\/How-To-Buy-a-Private-Jet-5-1024x429.jpg\" alt=\"selskapets hjemmeside\" class=\"wp-image-2039\" srcset=\"https:\/\/comparemyjet.com\/wp-content\/uploads\/2021\/08\/How-To-Buy-a-Private-Jet-5-300x126.jpg 300w, https:\/\/comparemyjet.com\/wp-content\/uploads\/2021\/08\/How-To-Buy-a-Private-Jet-5-768x322.jpg 768w, https:\/\/comparemyjet.com\/wp-content\/uploads\/2021\/08\/How-To-Buy-a-Private-Jet-5-1024x429.jpg 1024w, https:\/\/comparemyjet.com\/wp-content\/uploads\/2021\/08\/How-To-Buy-a-Private-Jet-5-1536x643.jpg 1536w, https:\/\/comparemyjet.com\/wp-content\/uploads\/2021\/08\/How-To-Buy-a-Private-Jet-5.jpg 1891w\" sizes=\"auto, (max-width: 1024px) 100vw, 1024px\" \/><\/figure><\/div>\r\n\r\n\r\n\r\n<p>Tredjepartsst\u00f8tten slutter imidlertid ikke der. Du trenger ogs\u00e5 en advokat som er spesialisert p\u00e5 luftfart, et inspeksjonsbyr\u00e5, et rekrutteringsbyr\u00e5 for kabinpersonale, en finans-\/skatter\u00e5dgiver og en regnskapsf\u00f8rer.<\/p>\r\n\r\n\r\n\r\n<ol class=\"wp-block-list\" start=\"2\"><li>Finn ut av detaljene<\/li><\/ol>\r\n\r\n\r\n\r\n<p>Hvor vil du reise med flyet ditt? Hvor ofte planlegger du \u00e5 fly? Hvor mange personer skal reise sammen med deg? Hva er budsjettet ditt?<\/p>\r\n\r\n\r\n\r\n<p>Alle disse detaljene vil avgj\u00f8re hvilken type fly du kj\u00f8per: mellomstort, turboprop, sm\u00e5fly, brukt eller helt nytt.<\/p>\r\n\r\n\r\n\r\n<p>Nye jetfly er vanligvis dyrere, men de leveres med fem \u00e5rs garanti, mens denne sikkerheten ikke er en del av avtalen n\u00e5r det gjelder brukte jetfly.<\/p>\r\n\r\n\r\n\r\n<p>Det er ogs\u00e5 viktig at du er kjent med konteksten. Hvis du flyr lokalt, kan det hende at landet eller regionen din har spesifikke regler og krav n\u00e5r det gjelder kommersielle flyvninger.<\/p>\r\n\r\n\r\n\r\n<p>S\u00f8rg for at du oppfyller kravene n\u00e5r det gjelder utstyr, sikkerhet, personale, skatter, avgifter osv.<\/p>\r\n\r\n\r\n\r\n<div class=\"wp-block-image\"><figure class=\"aligncenter size-large\"><img loading=\"lazy\" decoding=\"async\" width=\"1024\" height=\"437\" src=\"https:\/\/comparemyjet.com\/wp-content\/uploads\/2021\/08\/How-To-Buy-a-Private-Jet-1-1024x437.jpg\" alt=\"Hvordan-kj\u00f8pe-et-privatfly-1\" class=\"wp-image-2035\" srcset=\"https:\/\/comparemyjet.com\/wp-content\/uploads\/2021\/08\/How-To-Buy-a-Private-Jet-1-300x128.jpg 300w, https:\/\/comparemyjet.com\/wp-content\/uploads\/2021\/08\/How-To-Buy-a-Private-Jet-1-768x328.jpg 768w, https:\/\/comparemyjet.com\/wp-content\/uploads\/2021\/08\/How-To-Buy-a-Private-Jet-1-1024x437.jpg 1024w, https:\/\/comparemyjet.com\/wp-content\/uploads\/2021\/08\/How-To-Buy-a-Private-Jet-1-1536x656.jpg 1536w, https:\/\/comparemyjet.com\/wp-content\/uploads\/2021\/08\/How-To-Buy-a-Private-Jet-1.jpg 1751w\" sizes=\"auto, (max-width: 1024px) 100vw, 1024px\" \/><\/figure><\/div>\r\n\r\n\r\n\r\n<ol class=\"wp-block-list\" start=\"3\"><li>Demonstrasjonstur<\/li><\/ol>\r\n\r\n\r\n\r\n<p>Det er helt normalt \u00e5 sette pris p\u00e5 et flys estetikk, men komfort, \u00f8konomi og funksjonalitet er faktisk langt viktigere.<\/p>\r\n\r\n\r\n\r\n<p>Derfor oppfordrer vi deg til \u00e5 ta med deg det potensielle flyet p\u00e5 en demotur. Hvis du ikke har fl\u00f8yet med den aktuelle flymodellen f\u00f8r, kan du kanskje finne et charterselskap som har denne flytypen i sine fly, og teste komfort, ytelse, st\u00f8y og funksjonalitet.<\/p>\r\n\r\n\r\n\r\n<p>Det er ogs\u00e5 mulig at selgeren lar deg ta en demoflyvning, men da m\u00e5 du i s\u00e5 fall forplikte deg til \u00e5 betale et depositum f\u00f8r flyvningen.<\/p>\r\n\r\n\r\n\r\n<ol class=\"wp-block-list\" start=\"4\"><li>Innkj\u00f8p og administrasjon<\/li><\/ol>\r\n\r\n\r\n\r\n<p>Husker du all tredjepartsassistansen fra trinn 1?<\/p>\r\n\r\n\r\n\r\n<p>N\u00e5r du er ferdig med pr\u00f8veturen, og n\u00e5r du er sikker p\u00e5 hvilket fly du vil kj\u00f8pe, finner du her en liste over trinnene du, eller rettere sagt tredjepartsbyr\u00e5ene dine, m\u00e5 gjennomf\u00f8re for \u00e5 fullf\u00f8re kj\u00f8pet og gj\u00f8re deg til eier av et privat jetfly.<\/p>\r\n\r\n\r\n\r\n<ul class=\"wp-block-list\"><li>Inspeksjon f\u00f8r kj\u00f8p<\/li><\/ul>\r\n\r\n\r\n\r\n<p>Selskaper som f.eks. <a href=\"https:\/\/jetadvisors.com\/\" target=\"_blank\" rel=\"noreferrer noopener nofollow\">Jetadvisors<\/a>, <a href=\"https:\/\/www.vanguardairservices.com\/\" target=\"_blank\" rel=\"noreferrer noopener nofollow\">VanguardAirServices<\/a>, <a href=\"https:\/\/www.globalaviationtechnicalservices.com\/\" target=\"_blank\" rel=\"noreferrer noopener nofollow\">Global Aviation Technical Services<\/a>eller <a href=\"https:\/\/cla.aero\/\" target=\"_blank\" rel=\"noreferrer noopener nofollow\">Cla.aero<\/a> er bare noen av ekspertene som kan hjelpe deg med \u00e5 finne ut om det finnes skader, mangler eller skadehistorikk som kan redusere verdien p\u00e5 flyet.<\/p>\r\n\r\n\r\n\r\n<ul class=\"wp-block-list\"><li>Gjennomgang av finans- og salgsdokumenter<\/li><\/ul>\r\n\r\n\r\n\r\n<p>Siden det er snakk om millioner, er det viktig at alle dokumenter er i orden og at alt er innenfor lovens rammer.<\/p>\r\n\r\n\r\n\r\n<p>Hvis du ikke allerede har en personlig r\u00e5dgiver som er ekspert p\u00e5 omr\u00e5det, kan du leie inn et eget byr\u00e5 til \u00e5 ta seg av dette. Siden luftfart er en s\u00e5 spesifikk nisje, finnes det selskaper som har spesialisert seg utelukkende p\u00e5 de \u00f8konomiske eller juridiske aspektene ved flysalg.<\/p>\r\n\r\n\r\n\r\n<p>Noen av dem er <a href=\"https:\/\/www.globaljetcapital.com\/financial-services\" target=\"_blank\" rel=\"noreferrer noopener nofollow\">GlobalJetCapital<\/a>, <a href=\"https:\/\/finance.aopa.org\/aviation-finance\/first-time-buyers\" target=\"_blank\" rel=\"noreferrer noopener nofollow\">AOPA Finans<\/a>, og <a href=\"https:\/\/theprivatejetcompany.com\/\" target=\"_blank\" rel=\"noreferrer noopener nofollow\">ThePrivateJetCompany<\/a>. Disse kan hjelpe deg med \u00e5 ta hensyn til din unike \u00f8konomiske situasjon, tilby deg salgs- eller tilbakeleieprogrammer, gi deg r\u00e5d om hvordan du kan forhandle om prisen avhengig av din \u00f8konomiske styrke og inspeksjonsresultatene, og til slutt avslutte kj\u00f8psavtalen.<\/p>\r\n\r\n\r\n\r\n<ul class=\"wp-block-list\"><li>Registrering og eierskap av fly<\/li><\/ul>\r\n\r\n\r\n\r\n<p>Hvert land har sine egne regler for registrering av fly. Innen ett land kan disse variere ytterligere avhengig av om du er en individuell eier, en LLC eller en trust som registrerer et jetfly. I tillegg kommer faktorer som om det er et lett sportsfly eller et amat\u00f8rbygd fly osv.<\/p>\r\n\r\n\r\n\r\n<p>Det finnes ogs\u00e5 regler for hvem som er og hvem som ikke er berettiget til \u00e5 registrere et fly i et bestemt land.<\/p>\r\n\r\n\r\n\r\n<p>Heldigvis for deg er all denne informasjonen <a href=\"https:\/\/www.faa.gov\/licenses_certificates\/aircraft_certification\/aircraft_registry\/register_aircraft\/\" target=\"_blank\" rel=\"noreferrer noopener nofollow\">lett tilgjengelig p\u00e5 offentlige nettsteder<\/a>, og de tilbyr grundige og detaljerte forklaringer p\u00e5 hvilke forpliktelser du har overfor staten n\u00e5r det gjelder \u00e5 eie og registrere et privatfly.<\/p>\r\n\r\n\r\n\r\n<p>I tillegg kan eierskapsregistreringen ogs\u00e5 bli litt rotete hvis du bestemmer deg for fraksjonert eierskap. P\u00e5 den annen side, hvis du kj\u00f8per hele flyet, driver du praktisk talt en (annen) virksomhet: ansetter folk, planlegger vedlikehold, betaler skatter og avgifter og h\u00e5ndterer juridisk ansvar.<\/p>\r\n\r\n\r\n\r\n<p>Derfor trenger du en tredjepartsr\u00e5dgiver ogs\u00e5 i dette trinnet.<\/p>\r\n\r\n\r\n\r\n<ul class=\"wp-block-list\"><li>Luftdyktighetsbevis for eksport<\/li><\/ul>\r\n\r\n\r\n\r\n<p>Hvis du kj\u00f8per et fly til USA, er det langt viktigere \u00e5 vurdere hvor flyet er basert, brukt og vedlikeholdt enn hvor det er offisielt registrert. Selv om opprinnelseslandet er kjent som et mistenkelig sted, vil de administrative problemene l\u00f8se seg p\u00e5 kort tid hvis flyet ble operert fra et lovlig sted, alle dokumenter er skrevet p\u00e5 engelsk og oppfyller alle n\u00f8dvendige kriterier.<\/p>\r\n\r\n\r\n\r\n<p>N\u00e5r du kj\u00f8per et utenlandsk fly, er det imidlertid n\u00f8dvendig med et ganske h\u00f8yt niv\u00e5 av due diligence. Hvert land har sine egne regler som b\u00e5de du og selgeren m\u00e5 overholde.<\/p>\r\n\r\n\r\n\r\n<p>I tillegg b\u00f8r flyets tidligere reiseruter kartlegges, slik at du kan identifisere eventuelle uoppgjorte panterettigheter, slik at du unng\u00e5r denne typen overraskelser ved neste reise til de samme landene (hvis det finnes slike).<\/p>\r\n\r\n\r\n\r\n<p>Det viktigste dokumentet du trenger \u00e5 f\u00e5 tak i p\u00e5 dette tidspunktet, er sannsynligvis <strong>luftdyktighetsbevis<\/strong>. Dette utstedes av DAR (Designated Airworthiness Representative), som er en vedlikeholdstekniker autorisert av staten. Det er selvf\u00f8lgelig mange trinn i denne prosessen som du ikke b\u00f8r g\u00e5 gjennom alene. Selskaper som f.eks. <a href=\"https:\/\/www.bjtonline.com\/\" target=\"_blank\" rel=\"noreferrer noopener nofollow\">BTJOnline<\/a>eller <a href=\"https:\/\/www.duncanaviation.aero\/\" target=\"_blank\" rel=\"noreferrer noopener nofollow\">DuncanAviationAero<\/a> kan veilede deg gjennom hele prosessen og tilby alle n\u00f8dvendige tjenester.<\/p>\r\n\r\n\r\n\r\n<ul class=\"wp-block-list\"><li>Forsikringspoliser<\/li><\/ul>\r\n\r\n\r\n\r\n<p>En forsikring for privatfly er en ganske stor sak. Vi betaler for forsikringer for langt mindre investeringer, for eksempel n\u00e5r vi kj\u00f8per en bil, s\u00e5 det sier seg selv at du ogs\u00e5 trenger en forsikring n\u00e5r du kj\u00f8per et privatfly.<\/p>\r\n\r\n\r\n\r\n<p>Det finnes mange byr\u00e5er som tilbyr denne typen tjenester, for eksempel <a href=\"https:\/\/bwifly.com\/aviation-insurance\/\" target=\"_blank\" rel=\"noreferrer noopener nofollow\">BWI Fly<\/a>, <a href=\"https:\/\/www.usaa.com\/inet\/wc\/insurance_aviation\" target=\"_blank\" rel=\"noreferrer noopener nofollow\">USAA<\/a>, <a href=\"https:\/\/www.wingsinsurance.com\/\" target=\"_blank\" rel=\"noreferrer noopener nofollow\">Vinger<\/a>, <a href=\"https:\/\/www.ap-aerospace.com\/aircraft-renters-insurance\" target=\"_blank\" rel=\"noreferrer noopener nofollow\">AssuredPartners Aerospace<\/a>, <a href=\"https:\/\/www.eaa.org\/eaa\/eaa-membership\/eaa-member-benefits\/insurance\/EAA-warbird-aircraft-insurance-plan\" target=\"_blank\" rel=\"noreferrer noopener nofollow\">EAA<\/a>, <a href=\"https:\/\/www.avemco.com\/\" target=\"_blank\" rel=\"noreferrer noopener nofollow\">Avemco<\/a>, <a href=\"https:\/\/www.saxoninsurancebrokers.com\/\" target=\"_blank\" rel=\"noreferrer noopener nofollow\">Saxon Insurance Brokers<\/a>, <a href=\"https:\/\/www.traversaviation.com\/\" target=\"_blank\" rel=\"noreferrer noopener nofollow\">TraverseAviation<\/a>, <a href=\"https:\/\/www.ajg.com\/\" target=\"_blank\" rel=\"noreferrer noopener nofollow\">AJG<\/a>osv.<\/p>\r\n\r\n\r\n\r\n<ul class=\"wp-block-list\"><li>Avslutning og signering<\/li><\/ul>\r\n\r\n\r\n\r\n<div class=\"wp-block-image\"><figure class=\"aligncenter size-large is-resized\"><img loading=\"lazy\" decoding=\"async\" src=\"https:\/\/comparemyjet.com\/wp-content\/uploads\/2021\/08\/How-To-Buy-a-Private-Jet-4-1024x683.jpg\" alt=\"Signering av dokumenter\" class=\"wp-image-2038\" width=\"1000\" height=\"666\" srcset=\"https:\/\/comparemyjet.com\/wp-content\/uploads\/2021\/08\/How-To-Buy-a-Private-Jet-4-300x200.jpg 300w, https:\/\/comparemyjet.com\/wp-content\/uploads\/2021\/08\/How-To-Buy-a-Private-Jet-4-768x512.jpg 768w, https:\/\/comparemyjet.com\/wp-content\/uploads\/2021\/08\/How-To-Buy-a-Private-Jet-4-1024x683.jpg 1024w, https:\/\/comparemyjet.com\/wp-content\/uploads\/2021\/08\/How-To-Buy-a-Private-Jet-4.jpg 1200w\" sizes=\"auto, (max-width: 1000px) 100vw, 1000px\" \/><\/figure><\/div>\r\n\r\n\r\n\r\n<p>Det sier seg selv at det siste trinnet i prosessen er \u00e5 avslutte avtalen og signere salgskontrakten. N\u00e5r du har n\u00e5dd dette trinnet, er den stressende administrasjonen over, og du er klar til \u00e5 bli eier av et privat jetfly!<\/p>\r\n\r\n\r\n\r\n<h2 class=\"wp-block-heading\">Sammendrag<\/h2>\r\n\r\n\r\n\r\n<p>\u00c5 kj\u00f8pe et privatfly, eller til og med \u00e5 bli deleier, er et stort skritt i livet. Men etter at du har tilbrakt litt tid i luften p\u00e5 private flyvninger, kan du aldri g\u00e5 tilbake til kommersielle flyvninger. Og n\u00e5r du har passert 200 timer i luften i \u00e5ret, er det klart at det l\u00f8nner seg \u00e5 ha sitt eget fly.<\/p>\r\n\r\n\r\n\r\n<p>\u00c5 eie et fly er som \u00e5 drive en bedrift. Hvis du er klar til \u00e5 kj\u00f8pe et fly, antar vi at du allerede har erfaring med ledelse - eller har de n\u00f8dvendige midlene til \u00e5 delegere jobben til noen du kan stole p\u00e5.<\/p>\r\n\r\n\r\n\r\n<p>Men uansett hvor erfaren du er, b\u00f8r du, med mindre du er flyekspert, gj\u00f8re f\u00f8lgende <strong>s\u00f8ke st\u00f8tte<\/strong> for alle niv\u00e5er og trinn i flykj\u00f8pet: fra \u00e5 velge det perfekte flyet til \u00e5 fullf\u00f8re komplekse administrasjonsprosesser.<\/p>\r\n\r\n\r\n\r\n<p>Diskuter ogs\u00e5 med r\u00e5dgiveren din hva du vil bruke flyet ditt til. Hva vil v\u00e6re de vanligste destinasjonene? Hvor mange passasjerer planlegger du \u00e5 ta med deg? Du m\u00e5 finne ut <strong>hvilken type fly<\/strong> vil tilfredsstille dine behov p\u00e5 best mulig m\u00e5te.<\/p>\r\n\r\n\r\n\r\n<p>N\u00e5r du er helt sikker p\u00e5 flyets spesifikasjoner, er det p\u00e5 tide \u00e5 ta det med p\u00e5 en <strong>Demotur<\/strong>. Enten kan du chartre et fly av den typen, eller be selgeren om \u00e5 gi deg skyss mot et visst depositum.<\/p>\r\n\r\n\r\n\r\n<p>Til slutt, hvis du er helt sikker p\u00e5 flytypen, er det p\u00e5 tide \u00e5 l\u00f8se administrasjonen. Dette er en kompleks prosess som krever:<\/p>\r\n\r\n\r\n\r\n<ul class=\"wp-block-list\"><li>En megler;<\/li><li>En advokat;<\/li><li>En regnskapsf\u00f8rer\/ekspert p\u00e5 \u00f8konomi;<\/li><li>Et inspeksjonsorgan;<\/li><li>Hjelp til \u00e5 skaffe et eksportsertifikat.<\/li><\/ul>\r\n\r\n\r\n\r\n<p>Deretter er det bare \u00e5 avslutte avtalen og signere kontrakten.<\/p>\r\n\r\n\r\n\r\n<p>Hva blir det neste? Flytur i det nye leket\u00f8yet ditt!<\/p>","protected":false},"excerpt":{"rendered":"<p>S\u00e5 du har flydd rundt privat en stund n\u00e5. \u00c5 leie eller chartre et privatfly for deg selv og reisef\u00f8lget ditt og \u00e5 bestille seter i siste liten p\u00e5 delte flyvninger for 30 personer er alle gode alternativer, men n\u00e5r du regner p\u00e5 det, lurer du p\u00e5 hvorfor du ikke skulle eie et privatfly? If\u00f8lge eksperter er det slik at n\u00e5r du ...<\/p>","protected":false},"author":1,"featured_media":2035,"parent":0,"menu_order":0,"comment_status":"closed","ping_status":"closed","template":"","meta":{"_acf_changed":false,"_genesis_hide_title":false,"_genesis_hide_breadcrumbs":false,"_genesis_hide_singular_image":false,"_genesis_hide_footer_widgets":false,"_genesis_custom_body_class":"","_genesis_custom_post_class":"","_genesis_layout":"","footnotes":""},"class_list":{"1":"page","2":"type-page","6":"entry"},"acf":[],"_links":{"self":[{"href":"https:\/\/comparemyjet.com\/nb\/wp-json\/wp\/v2\/pages\/2034","targetHints":{"allow":["GET"]}}],"collection":[{"href":"https:\/\/comparemyjet.com\/nb\/wp-json\/wp\/v2\/pages"}],"about":[{"href":"https:\/\/comparemyjet.com\/nb\/wp-json\/wp\/v2\/types\/page"}],"author":[{"embeddable":true,"href":"https:\/\/comparemyjet.com\/nb\/wp-json\/wp\/v2\/users\/1"}],"replies":[{"embeddable":true,"href":"https:\/\/comparemyjet.com\/nb\/wp-json\/wp\/v2\/comments?post=2034"}],"version-history":[{"count":2,"href":"https:\/\/comparemyjet.com\/nb\/wp-json\/wp\/v2\/pages\/2034\/revisions"}],"predecessor-version":[{"id":2044,"href":"https:\/\/comparemyjet.com\/nb\/wp-json\/wp\/v2\/pages\/2034\/revisions\/2044"}],"wp:featuredmedia":[{"embeddable":true,"href":"https:\/\/comparemyjet.com\/nb\/wp-json\/wp\/v2\/media\/2035"}],"wp:attachment":[{"href":"https:\/\/comparemyjet.com\/nb\/wp-json\/wp\/v2\/media?parent=2034"}],"curies":[{"name":"wp","href":"https:\/\/api.w.org\/{rel}","templated":true}]}}