{"id":2060,"date":"2021-08-25T22:05:07","date_gmt":"2021-08-25T22:05:07","guid":{"rendered":"https:\/\/comparemyjet.com\/?page_id=2060"},"modified":"2025-09-04T10:03:21","modified_gmt":"2025-09-04T10:03:21","slug":"what-is-a-private-jet-fixed-base-operator-fbo","status":"publish","type":"page","link":"https:\/\/comparemyjet.com\/nb\/what-is-a-private-jet-fixed-base-operator-fbo\/","title":{"rendered":"Hva er en fastbaseoperat\u00f8r (FBO) for privatfly?"},"content":{"rendered":"<p>Hvis du har kj\u00f8pt flybilletter p\u00e5 nettet, er det stor sannsynlighet for at du har st\u00f8tt p\u00e5 forkortelsen FBO. Du har sikkert stilt deg mange sp\u00f8rsm\u00e5l, for betydningen av forkortelsen er ikke noe du kan finne ut av intuitivt.<\/p>\n\n\n\n<p>En fixed base operator (FBO) er et anlegg som er velkjent for de som flyr med privatfly i stedet for \u00e5 bruke det kommersielle flysystemet. Enkelt sagt er det en terminal, men tilpasset stilen til passasjerer som reiser med privatfly.<\/p>\n\n\n\n<div id=\"ez-toc-container\" class=\"ez-toc-v2_0_76 counter-hierarchy ez-toc-counter ez-toc-grey ez-toc-container-direction\">\n<p class=\"ez-toc-title\" style=\"cursor:inherit\">Temaer<\/p>\n<label for=\"ez-toc-cssicon-toggle-item-69d517fd8016e\" class=\"ez-toc-cssicon-toggle-label\"><span class=\"\"><span class=\"eztoc-hide\" style=\"display:none;\">Toggle<\/span><span class=\"ez-toc-icon-toggle-span\"><svg style=\"fill: #999;color:#999\" xmlns=\"http:\/\/www.w3.org\/2000\/svg\" class=\"list-377408\" width=\"20px\" height=\"20px\" viewbox=\"0 0 24 24\" fill=\"none\"><path d=\"M6 6H4v2h2V6zm14 0H8v2h12V6zM4 11h2v2H4v-2zm16 0H8v2h12v-2zM4 16h2v2H4v-2zm16 0H8v2h12v-2z\" fill=\"currentColor\"><\/path><\/svg><svg style=\"fill: #999;color:#999\" class=\"arrow-unsorted-368013\" xmlns=\"http:\/\/www.w3.org\/2000\/svg\" width=\"10px\" height=\"10px\" viewbox=\"0 0 24 24\" version=\"1.2\" baseprofile=\"tiny\"><path d=\"M18.2 9.3l-6.2-6.3-6.2 6.3c-.2.2-.3.4-.3.7s.1.5.3.7c.2.2.4.3.7.3h11c.3 0 .5-.1.7-.3.2-.2.3-.5.3-.7s-.1-.5-.3-.7zM5.8 14.7l6.2 6.3 6.2-6.3c.2-.2.3-.5.3-.7s-.1-.5-.3-.7c-.2-.2-.4-.3-.7-.3h-11c-.3 0-.5.1-.7.3-.2.2-.3.5-.3.7s.1.5.3.7z\"\/><\/svg><\/span><\/span><\/label><input type=\"checkbox\"  id=\"ez-toc-cssicon-toggle-item-69d517fd8016e\" checked aria-label=\"Toggle\" \/><nav><ul class='ez-toc-list ez-toc-list-level-1' ><li class='ez-toc-page-1 ez-toc-heading-level-2'><a class=\"ez-toc-link ez-toc-heading-1\" href=\"https:\/\/comparemyjet.com\/nb\/what-is-a-private-jet-fixed-base-operator-fbo\/#What_Kind_of_a_Terminal_Is_an_FBO\" >Hva slags terminal er en FBO?<\/a><ul class='ez-toc-list-level-3' ><li class='ez-toc-heading-level-3'><a class=\"ez-toc-link ez-toc-heading-2\" href=\"https:\/\/comparemyjet.com\/nb\/what-is-a-private-jet-fixed-base-operator-fbo\/#What_Does_an_FBO_Look_Like\" >Hvordan ser en FBO ut?<\/a><\/li><li class='ez-toc-page-1 ez-toc-heading-level-3'><a class=\"ez-toc-link ez-toc-heading-3\" href=\"https:\/\/comparemyjet.com\/nb\/what-is-a-private-jet-fixed-base-operator-fbo\/#What_to_Expect_There\" >Hva kan du forvente deg der?<\/a><\/li><\/ul><\/li><li class='ez-toc-page-1 ez-toc-heading-level-2'><a class=\"ez-toc-link ez-toc-heading-4\" href=\"https:\/\/comparemyjet.com\/nb\/what-is-a-private-jet-fixed-base-operator-fbo\/#How_It_All_Started\" >Hvordan det hele startet<\/a><\/li><li class='ez-toc-page-1 ez-toc-heading-level-2'><a class=\"ez-toc-link ez-toc-heading-5\" href=\"https:\/\/comparemyjet.com\/nb\/what-is-a-private-jet-fixed-base-operator-fbo\/#The_Best_FBO_Companies\" >De beste FBO-selskapene<\/a><ul class='ez-toc-list-level-3' ><li class='ez-toc-heading-level-3'><a class=\"ez-toc-link ez-toc-heading-6\" href=\"https:\/\/comparemyjet.com\/nb\/what-is-a-private-jet-fixed-base-operator-fbo\/#Signature\" >Signatur<\/a><\/li><li class='ez-toc-page-1 ez-toc-heading-level-3'><a class=\"ez-toc-link ez-toc-heading-7\" href=\"https:\/\/comparemyjet.com\/nb\/what-is-a-private-jet-fixed-base-operator-fbo\/#Universal_Weather_and_Aviation\" >Universal Weather and Aviation<\/a><\/li><li class='ez-toc-page-1 ez-toc-heading-level-3'><a class=\"ez-toc-link ez-toc-heading-8\" href=\"https:\/\/comparemyjet.com\/nb\/what-is-a-private-jet-fixed-base-operator-fbo\/#StanCraft_Jet\" >StanCraft Jet<\/a><\/li><\/ul><\/li><li class='ez-toc-page-1 ez-toc-heading-level-2'><a class=\"ez-toc-link ez-toc-heading-9\" href=\"https:\/\/comparemyjet.com\/nb\/what-is-a-private-jet-fixed-base-operator-fbo\/#Summary\" >Sammendrag<\/a><ul class='ez-toc-list-level-3' ><li class='ez-toc-heading-level-3'><a class=\"ez-toc-link ez-toc-heading-10\" href=\"https:\/\/comparemyjet.com\/nb\/what-is-a-private-jet-fixed-base-operator-fbo\/#History\" >Historie<\/a><\/li><\/ul><\/li><\/ul><\/nav><\/div>\n<h2 class=\"wp-block-heading\"><span class=\"ez-toc-section\" id=\"What_Kind_of_a_Terminal_Is_an_FBO\"><\/span>Hva slags terminal er en FBO?<span class=\"ez-toc-section-end\"><\/span><\/h2>\n\n\n\n<p>Jeg er enig i at det ikke er nok \u00e5 si at det er som en terminal. Du ser ikke disse sm\u00e5 bygningene hvis du bruker den vanlige inngangen til flyplassen. De er en del av flyplassbygningen, men ligger vanligvis som et anneks til hovedbygningen eller som en separat del av anlegget.<\/p>\n\n\n\n<p>St\u00f8rrelsen p\u00e5 og utseendet til FBO-ene varierer fra flyplass til flyplass, avhengig av st\u00f8rrelsen p\u00e5 bygningen generelt eller antallet FBO-er som finnes der. Ja, noen flyplasser har to store FBO-er, en liten, eller to sm\u00e5 og en stor. Det kommer helt an p\u00e5.<\/p>\n\n\n\n<p>Det er ogs\u00e5 helt normalt \u00e5 ha en FBO utenfor den kommersielle flyplassen, som en egen bygning. Men i de fleste tilfeller leies FBO-er av flyplassen og drives av et privat eller offentlig selskap.<\/p>\n\n\n\n<p>For eksempel, <a href=\"https:\/\/www.universalweather.com\/\" target=\"_blank\" rel=\"noreferrer noopener nofollow\">Universal Weather and Aviation<\/a> har over 1700 ansatte fordelt p\u00e5 mer enn 50 FBO-er i rundt 20 land. Selskapet har ikke <em>egen <\/em>anleggene der de utf\u00f8rer bakketjenestene, men leier dem i stedet.<\/p>\n\n\n\n<p>Det kanskje st\u00f8rste bakkest\u00f8tteselskapet med mer enn 200 lokasjoner i verden er imidlertid <a href=\"https:\/\/www.signatureflight.com\/about\/about\" target=\"_blank\" rel=\"noreferrer noopener nofollow\">Signatur<\/a>. De er kjent for \u00e5 tilby f\u00f8rsteklasses tjenester i eksklusive fasiliteter.<\/p>\n\n\n\n<div class=\"wp-block-image\"><figure class=\"aligncenter size-large\"><img loading=\"lazy\" decoding=\"async\" width=\"1024\" height=\"683\" src=\"https:\/\/comparemyjet.com\/wp-content\/uploads\/2021\/08\/What-Is-a-Private-Jet-Fixed-base-Operator-FBO-3-1024x683.jpg\" alt=\"folk p\u00e5 fbo\" class=\"wp-image-2063\" srcset=\"https:\/\/comparemyjet.com\/wp-content\/uploads\/2021\/08\/What-Is-a-Private-Jet-Fixed-base-Operator-FBO-3-300x200.jpg 300w, https:\/\/comparemyjet.com\/wp-content\/uploads\/2021\/08\/What-Is-a-Private-Jet-Fixed-base-Operator-FBO-3-768x512.jpg 768w, https:\/\/comparemyjet.com\/wp-content\/uploads\/2021\/08\/What-Is-a-Private-Jet-Fixed-base-Operator-FBO-3-1024x683.jpg 1024w, https:\/\/comparemyjet.com\/wp-content\/uploads\/2021\/08\/What-Is-a-Private-Jet-Fixed-base-Operator-FBO-3-1536x1024.jpg 1536w, https:\/\/comparemyjet.com\/wp-content\/uploads\/2021\/08\/What-Is-a-Private-Jet-Fixed-base-Operator-FBO-3.jpg 1920w\" sizes=\"auto, (max-width: 1024px) 100vw, 1024px\" \/><\/figure><\/div>\n\n\n\n<h3 class=\"wp-block-heading\"><span class=\"ez-toc-section\" id=\"What_Does_an_FBO_Look_Like\"><\/span>Hvordan ser en FBO ut?<span class=\"ez-toc-section-end\"><\/span><\/h3>\n\n\n\n<p>Som jeg nevnte tidligere i teksten, er ikke alle FBO-er like, og det varierer fra selskap til selskap, og st\u00f8rrelsen og betydningen av byen eller flyplassen der den ligger. Men jeg kan fortelle deg hva som kjennetegner en luksus-FBO by Signature in <a href=\"https:\/\/comparemyjet.com\/nb\/private-tours\/miami-private-tours\/\" data-internallinksmanager029f6b8e52c=\"422\" title=\"11 beste private turer i Miami fra $99.00\">Miami<\/a> ser ut som, for eksempel.&nbsp;<\/p>\n\n\n\n<p>Det f\u00f8rste du tenker p\u00e5 n\u00e5r du ser en avansert FBO, er at den ser ut som en <a href=\"https:\/\/comparemyjet.com\/nb\/hotels\/\" data-internallinksmanager029f6b8e52c=\"470\" title=\"De 100 beste hotellene i n\u00e6rheten av flyplasser fra hele verden\">Hotell<\/a> salong. Det finnes en <a href=\"https:\/\/comparemyjet.com\/nb\/private-tours\/nice-private-tours\/\" data-internallinksmanager029f6b8e52c=\"249\" title=\"11 beste private turer i Nice fra $37.66\">hyggelig<\/a> hall med noen fancy m\u00f8bler, vanligvis en LED-TV og et par b\u00f8ker eller, oftere, magasiner.<\/p>\n\n\n\n<p>Det er imidlertid bare det f\u00f8rste du ser. Siden FOB er en \"base\" for b\u00e5de ansatte og passasjerer, er det lett \u00e5 st\u00f8te p\u00e5 flyvertinnene og pilotene. De befinner seg vanligvis p\u00e5 sine egne plasser.<\/p>\n\n\n\n<p>Hvis du \u00f8nsker \u00e5 friske deg litt opp, er det kj\u00f8leskap med kalde drikker, men du kan ogs\u00e5 f\u00e5 alt annet du \u00f8nsker. Du er i utgangspunktet fri til \u00e5 betjene deg selv, og hvis personalet er klar for flyturen, kan det hende de setter seg ned sammen med deg og sm\u00e5prater litt.<\/p>\n\n\n\n<p>Hvis du vil ha litt fred og ro, har du selvsagt et eget rom for dette. Det kalles til og med <em>stille rom <\/em>der du kan slappe av, lytte til musikk, lese en bok eller til og med ta en lur hvis dagen har v\u00e6rt for lang.<\/p>\n\n\n\n<p>Ikke alle FBO-er fra Signature har dusj, men den i Miami har det. Dette er ogs\u00e5 tilfellet med andre anlegg i de st\u00f8rre byene i verden.&nbsp;<\/p>\n\n\n\n<p>Noen, ikke alle, har ogs\u00e5 konferanserom. S\u00e5 hvis du ikke har s\u00e5 mye tid \u00e5 miste i de overfylte byene, kan du gjennomf\u00f8re m\u00f8tet p\u00e5 stedet og forlate reisem\u00e5let umiddelbart n\u00e5r du er ferdig med samtalene.<\/p>\n\n\n\n<p>Rett ved siden av rullebanen ligger det en restaurant der du kan sitte og se flyene ta av og lande. Dette er en morsom opplevelse, spesielt for flyn\u00f8rder.<\/p>\n\n\n\n<h3 class=\"wp-block-heading\"><span class=\"ez-toc-section\" id=\"What_to_Expect_There\"><\/span>Hva kan du forvente deg der?<span class=\"ez-toc-section-end\"><\/span><\/h3>\n\n\n\n<p>Passasjerer tilbringer vanligvis opptil 10 minutter i en FBO, s\u00e5 de legger ikke merke til hva anlegget tilbyr i det hele tatt. Som en del av FBO-en er det en immigrasjonsskranke og passkontroll. Disse kontrollene foreg\u00e5r imidlertid i sv\u00e6rt avslappede omgivelser og ganske raskt, i motsetning til p\u00e5 kommersielle flyplasser.<\/p>\n\n\n\n<p>N\u00e5r folk har g\u00e5tt gjennom kontrollen, kan de umiddelbart g\u00e5 til rullebanen og sette seg inn i flyet sitt. Men hvis du er her for \u00e5 tilbringe mer tid, kan du m\u00f8te kapteinen og mannskapet og bli tilbudt forfriskninger og andre tjenester.<\/p>\n\n\n\n<p>Hvis du trenger \u00e5 tilbringe en dag eller to, kan du bestille et av de finere rommene, med mulighet for romservice mens du bor der. Dette avhenger selvf\u00f8lgelig av hvilken flyplass du befinner deg p\u00e5 og hvilket selskap som driver FBO-en.<\/p>\n\n\n\n<p>Noen ganger, men ikke alltid, finnes det butikker der du kan kj\u00f8pe et nytt klesplagg. Dette brukes for det meste av forretningsfolk som har hatt vanskelig for \u00e5 rekke bussen og skal ha et sv\u00e6rt viktig m\u00f8te p\u00e5 destinasjonen.<\/p>\n\n\n\n<h2 class=\"wp-block-heading\"><span class=\"ez-toc-section\" id=\"How_It_All_Started\"><\/span>Hvordan det hele startet<span class=\"ez-toc-section-end\"><\/span><\/h2>\n\n\n\n<p>Historien bak begrepet FBO er veldig interessant og vil gj\u00f8re ting mer oversiktlig. Vi sp\u00f8r oss selv hva en privatflyoperat\u00f8r med fast base (FBO) er fordi navnet i seg selv antyder veldig lite. Jeg personlig ville aldri mistenkt at det er et anlegg.<\/p>\n\n\n\n<p>For \u00e5 forst\u00e5 hvordan disse anleggene fungerte, m\u00e5 man imidlertid vite at flyindustrien i USA etter 1. verdenskrig var ganske uregulert. Det fantes piloter som fl\u00f8y gamle kampfly som fl\u00f8y fra by til by p\u00e5 jobb.<\/p>\n\n\n\n<p>Disse pilotene, som ogs\u00e5 er kjent som <a href=\"http:\/\/www.shoppbs.pbs.org\/wgbh\/amex\/kids\/flight\/feature_barn.html\" target=\"_blank\" rel=\"noreferrer noopener nofollow\"><em>barnestormere<\/em><\/a>bes\u00f8kte ulike byer og landomr\u00e5der der de f\u00f8lte seg trygge. Sv\u00e6rt ofte var det jordbruksland utenfor byene, siden de offisielle flyplassene var for dyre for disse menneskene.<\/p>\n\n\n\n<p>Barnstormers fungerte ikke som flyselskaper, men snarere som underholdere som tilb\u00f8d flyvninger til ulike destinasjoner, men som ogs\u00e5 opptr\u00e5dte med flyshow.<\/p>\n\n\n\n<p>I 1926 innf\u00f8rte imidlertid den amerikanske regjeringen en luftfartslov (Air Commerce Act) som krevde at piloter skulle ha lisens, og at flyene skulle gjennomg\u00e5 n\u00f8dvendig vedlikehold av hensyn til flyets sikkerhet og tilstand.<\/p>\n\n\n\n<p>Piloter som ville f\u00f8lge loven, ville etablere faste forretningssteder eller <em>operat\u00f8rer med fast base<\/em>. Dagens FBO-er er ganske forskjellige fra hva de var p\u00e5 begynnelsen av 1900-tallet, men det er der de har sitt utspring. Alt dette ble gjort for \u00e5 skille mellom profesjonelle piloter og barnstormere.<\/p>\n\n\n\n<div class=\"wp-block-image\"><figure class=\"aligncenter size-large\"><img loading=\"lazy\" decoding=\"async\" width=\"1024\" height=\"733\" src=\"https:\/\/comparemyjet.com\/wp-content\/uploads\/2021\/08\/What-Is-a-Private-Jet-Fixed-base-Operator-FBO-2-1024x733.jpg\" alt=\"mann med koffert\" class=\"wp-image-2062\" srcset=\"https:\/\/comparemyjet.com\/wp-content\/uploads\/2021\/08\/What-Is-a-Private-Jet-Fixed-base-Operator-FBO-2-300x215.jpg 300w, https:\/\/comparemyjet.com\/wp-content\/uploads\/2021\/08\/What-Is-a-Private-Jet-Fixed-base-Operator-FBO-2-768x550.jpg 768w, https:\/\/comparemyjet.com\/wp-content\/uploads\/2021\/08\/What-Is-a-Private-Jet-Fixed-base-Operator-FBO-2-1024x733.jpg 1024w, https:\/\/comparemyjet.com\/wp-content\/uploads\/2021\/08\/What-Is-a-Private-Jet-Fixed-base-Operator-FBO-2-1536x1099.jpg 1536w, https:\/\/comparemyjet.com\/wp-content\/uploads\/2021\/08\/What-Is-a-Private-Jet-Fixed-base-Operator-FBO-2-2048x1465.jpg 2048w\" sizes=\"auto, (max-width: 1024px) 100vw, 1024px\" \/><\/figure><\/div>\n\n\n\n<h2 class=\"wp-block-heading\"><span class=\"ez-toc-section\" id=\"The_Best_FBO_Companies\"><\/span>De beste FBO-selskapene<span class=\"ez-toc-section-end\"><\/span><\/h2>\n\n\n\n<p>Bare for \u00e5 oppklare ting i tilfelle du har g\u00e5tt glipp av noe i artikkelen s\u00e5 langt. Hver FBO drives av et privat selskap som vanligvis har et nettverk av slike fasiliteter over hele verden. FBO-ene eies vanligvis av flyplassoperat\u00f8ren og leies ut til disse selskapene.<\/p>\n\n\n\n<p>La oss ta en titt p\u00e5 et av de mer kjente selskapene som folk stoler p\u00e5, og hvis tjenester de gjerne bruker.<\/p>\n\n\n\n<h3 class=\"wp-block-heading\"><span class=\"ez-toc-section\" id=\"Signature\"><\/span>Signatur<span class=\"ez-toc-section-end\"><\/span><\/h3>\n\n\n\n<div class=\"wp-block-image\"><figure class=\"aligncenter size-large\"><img loading=\"lazy\" decoding=\"async\" width=\"1024\" height=\"373\" src=\"https:\/\/comparemyjet.com\/wp-content\/uploads\/2021\/08\/What-Is-a-Private-Jet-Fixed-base-Operator-FBO-4-1024x373.jpg\" alt=\"signaturflyvning\" class=\"wp-image-2064\" srcset=\"https:\/\/comparemyjet.com\/wp-content\/uploads\/2021\/08\/What-Is-a-Private-Jet-Fixed-base-Operator-FBO-4-300x109.jpg 300w, https:\/\/comparemyjet.com\/wp-content\/uploads\/2021\/08\/What-Is-a-Private-Jet-Fixed-base-Operator-FBO-4-768x279.jpg 768w, https:\/\/comparemyjet.com\/wp-content\/uploads\/2021\/08\/What-Is-a-Private-Jet-Fixed-base-Operator-FBO-4-1024x373.jpg 1024w, https:\/\/comparemyjet.com\/wp-content\/uploads\/2021\/08\/What-Is-a-Private-Jet-Fixed-base-Operator-FBO-4-1536x559.jpg 1536w, https:\/\/comparemyjet.com\/wp-content\/uploads\/2021\/08\/What-Is-a-Private-Jet-Fixed-base-Operator-FBO-4.jpg 1806w\" sizes=\"auto, (max-width: 1024px) 100vw, 1024px\" \/><\/figure><\/div>\n\n\n\n<p><a href=\"https:\/\/www.signatureflight.com\/\" target=\"_blank\" rel=\"noreferrer noopener nofollow\">Signatur<\/a> er den desidert mest kompetente akt\u00f8ren p\u00e5 markedet n\u00e5r det gjelder fastbaseoperat\u00f8rer. De har vunnet passasjerenes tillit <a href=\"https:\/\/www.signatureflight.com\/about\/about\" target=\"_blank\" rel=\"noreferrer noopener nofollow\">siden 1992<\/a>da de to selskapene Page AvJet og Butler Aviation slo seg sammen og dannet det nye selskapet Signature.<\/p>\n\n\n\n<p>Signature har et latterlig bredt nettverk av FBO-er i verden, med over 200 anlegg. De har terminaler p\u00e5 nesten alle kontinenter, inkludert Europa, Asia, Afrika, begge de amerikanske kontinentene og til og med p\u00e5 Karibien. De har imidlertid ingen FBO i Australia.<\/p>\n\n\n\n<p>Det er sv\u00e6rt enkelt \u00e5 foreta en reservasjon hos Signature, og det krever sv\u00e6rt lite innsats fra din side. F\u00f8rst m\u00e5 du <a href=\"https:\/\/loyalty.signatureflight.com\/\" target=\"_blank\" rel=\"noreferrer noopener nofollow\">opprette en konto<\/a>, noe som ikke tar mer enn 5 minutter. Deretter trenger du bare \u00e5 velge destinasjon og angi avgangstidspunkt.<\/p>\n\n\n\n<p>Signature tilbyr andre attraktive tjenester, som for eksempel en <a href=\"https:\/\/www.signatureflight.com\/programs\/credit-card\" target=\"_blank\" rel=\"noreferrer noopener nofollow\"><em>medlemskort<\/em><\/a><em>, <\/em>som gir deg en rekke fordeler ved \u00e5 utelukke \u00e5rsavgifter og beskytte deg mot svindel.<\/p>\n\n\n\n<h3 class=\"wp-block-heading\"><span class=\"ez-toc-section\" id=\"Universal_Weather_and_Aviation\"><\/span>Universal Weather and Aviation<span class=\"ez-toc-section-end\"><\/span><\/h3>\n\n\n\n<div class=\"wp-block-image\"><figure class=\"aligncenter size-large\"><img loading=\"lazy\" decoding=\"async\" width=\"1024\" height=\"377\" src=\"https:\/\/comparemyjet.com\/wp-content\/uploads\/2021\/08\/What-Is-a-Private-Jet-Fixed-base-Operator-FBO-5-1024x377.jpg\" alt=\"universelt v\u00e6r og luftfart\" class=\"wp-image-2065\" srcset=\"https:\/\/comparemyjet.com\/wp-content\/uploads\/2021\/08\/What-Is-a-Private-Jet-Fixed-base-Operator-FBO-5-300x110.jpg 300w, https:\/\/comparemyjet.com\/wp-content\/uploads\/2021\/08\/What-Is-a-Private-Jet-Fixed-base-Operator-FBO-5-768x283.jpg 768w, https:\/\/comparemyjet.com\/wp-content\/uploads\/2021\/08\/What-Is-a-Private-Jet-Fixed-base-Operator-FBO-5-1024x377.jpg 1024w, https:\/\/comparemyjet.com\/wp-content\/uploads\/2021\/08\/What-Is-a-Private-Jet-Fixed-base-Operator-FBO-5-1536x565.jpg 1536w, https:\/\/comparemyjet.com\/wp-content\/uploads\/2021\/08\/What-Is-a-Private-Jet-Fixed-base-Operator-FBO-5.jpg 1864w\" sizes=\"auto, (max-width: 1024px) 100vw, 1024px\" \/><\/figure><\/div>\n\n\n\n<p><a href=\"https:\/\/www.universalweather.com\/\" target=\"_blank\" rel=\"noreferrer noopener nofollow\">Universal Weather and Aviation<\/a> er et velkjent og anerkjent selskap innen reisest\u00f8tte. Det er et velrenommert firma som ble grunnlagt tidlig p\u00e5 70-tallet. Det startet i det sm\u00e5, men ekspanderte raskt og ble en av de st\u00f8rste konkurrentene p\u00e5 markedet.<\/p>\n\n\n\n<p>I dag, <em>Universal <\/em>driver over 50 FBO-er fordelt p\u00e5 rundt 20 land. De har filialer p\u00e5 alle kontinenter og gj\u00f8r det sv\u00e6rt enkelt \u00e5 bestille flybilletter. Akkurat som med Signature m\u00e5 du <a href=\"https:\/\/uvgo.universalweather.com\/auth\/login\" target=\"_blank\" rel=\"noreferrer noopener nofollow\">register<\/a> f\u00f8rst, og s\u00e5 er det bare \u00e5 sette i gang.<\/p>\n\n\n\n<p>Universal har mange varemerker under moderselskapet, men det jeg mener er et viktig varemerke, er <a href=\"https:\/\/www.airculinaireworldwide.com\/\" target=\"_blank\" rel=\"noreferrer noopener nofollow\">Air Culinaire over hele verden<\/a> fast. Som vi alle vet, er servering en av de viktigste delene av reisen, s\u00e5 Universal dekker ogs\u00e5 dette.<\/p>\n\n\n\n<p>Selskapet startet for \u00f8vrig som et v\u00e6rvarslingsselskap p\u00e5 50-tallet, derav navnet. Selskapet tilbyr ogs\u00e5 andre tjenester som transport og korttidsopphold i noen av anleggene sine.<\/p>\n\n\n\n<h3 class=\"wp-block-heading\"><span class=\"ez-toc-section\" id=\"StanCraft_Jet\"><\/span>StanCraft Jet<span class=\"ez-toc-section-end\"><\/span><\/h3>\n\n\n\n<div class=\"wp-block-image\"><figure class=\"aligncenter size-large\"><img loading=\"lazy\" decoding=\"async\" width=\"1024\" height=\"425\" src=\"https:\/\/comparemyjet.com\/wp-content\/uploads\/2021\/08\/What-Is-a-Private-Jet-Fixed-base-Operator-FBO-6-1024x425.jpg\" alt=\"stancraft jet\" class=\"wp-image-2066\" srcset=\"https:\/\/comparemyjet.com\/wp-content\/uploads\/2021\/08\/What-Is-a-Private-Jet-Fixed-base-Operator-FBO-6-300x125.jpg 300w, https:\/\/comparemyjet.com\/wp-content\/uploads\/2021\/08\/What-Is-a-Private-Jet-Fixed-base-Operator-FBO-6-768x319.jpg 768w, https:\/\/comparemyjet.com\/wp-content\/uploads\/2021\/08\/What-Is-a-Private-Jet-Fixed-base-Operator-FBO-6-1024x425.jpg 1024w, https:\/\/comparemyjet.com\/wp-content\/uploads\/2021\/08\/What-Is-a-Private-Jet-Fixed-base-Operator-FBO-6-1536x638.jpg 1536w, https:\/\/comparemyjet.com\/wp-content\/uploads\/2021\/08\/What-Is-a-Private-Jet-Fixed-base-Operator-FBO-6.jpg 1893w\" sizes=\"auto, (max-width: 1024px) 100vw, 1024px\" \/><\/figure><\/div>\n\n\n\n<p><a href=\"https:\/\/www.stancraftjet.com\/\" target=\"_blank\" rel=\"noreferrer noopener nofollow\">StanCraft Jet<\/a> er et eksepsjonelt selskap som tilbyr unike og komplette tjenester. Med et bredt nettverk av FBO-er p\u00e5 flere kontinenter tilbyr selskapet tjenester som ikke er direkte knyttet til flyging.<\/p>\n\n\n\n<p>Selskapet har et d\u00f8gn\u00e5pent kundesenter som st\u00e5r til din disposisjon. P\u00e5 anlegget kan du selvf\u00f8lgelig f\u00e5 alle slags drikkevarer og mat, men du kan ogs\u00e5 leie bil eller ta en helikoptertur, blant annet.<\/p>\n\n\n\n<p>Dette selskapet er unikt p\u00e5 grunn av alle rommene og salongene det tilbyr. Det er vanlig \u00e5 ha kapteinens og passasjerenes salonger, men hos StanCraft Jet finnes det et rom der man kan ta en lur, slappe av eller lese.<\/p>\n\n\n\n<p>For \u00e5 gj\u00f8re en reservasjon m\u00e5 du gj\u00f8re f\u00f8lgende <a href=\"https:\/\/flightbridge.com\/go\/StanCraft\" target=\"_blank\" rel=\"noreferrer noopener nofollow\">opprette en konto<\/a> f\u00f8rst. Deretter kan du reservere en tjeneste med bare noen f\u00e5 enkle trinn p\u00e5 selskapets intuitive nettside. Bes\u00f8k selskapet p\u00e5 nettet og sjekk ut alle tjenestene de tilbyr.<\/p>\n\n\n\n<h2 class=\"wp-block-heading\"><span class=\"ez-toc-section\" id=\"Summary\"><\/span>Sammendrag<span class=\"ez-toc-section-end\"><\/span><\/h2>\n\n\n\n<p>Jeg h\u00e5per at denne artikkelen har gjort ting mye klarere for deg, og at du endelig forst\u00e5r hva en fastbaseoperat\u00f8r (FBO) for privatfly er. I tilfelle dette ble for mye informasjon for deg, la oss ta en rask oppsummering.<\/p>\n\n\n\n<p>Hva er en fastbaseoperat\u00f8r (FBO) for privatfly?<\/p>\n\n\n\n<p>En FBO (Fixed Base Operator) er et anlegg som vanligvis er en del av en flyplass, men som ogs\u00e5 kan v\u00e6re en separat bygning. Form\u00e5let er \u00e5 administrere private flyvninger og jetfly. Dette er i motsetning til de kommersielle flyvningene vi alle er vant til.<\/p>\n\n\n\n<p>I tillegg til \u00e5 administrere flyvningen din kan en FBO tilby tjenester som catering, overnatting og i noen tilfeller til og med underholdning. Disse fasilitetene drives av et privat eller offentlig selskap som leier lokalene av en flyplassoperat\u00f8r.<\/p>\n\n\n\n<p>Ikke alltid, men i 99% av tilfellene er disse fasilitetene bygget i en eksklusiv stil og gjenspeiler vanligvis luksus. Dette gir mening n\u00e5r man vet at privatfly for det meste brukes av folk som tjener ganske mye over gjennomsnittsl\u00f8nnen.<\/p>\n\n\n\n<p>Passasjerene tilbringer vanligvis ikke mye tid her. Selv om det er mange fasiliteter de kan benytte seg av, er det ikke nok tid mellom innsjekking og avgang. Ja, en FBO er som en liten terminal der du ogs\u00e5 g\u00e5r gjennom innsjekking og passkontroll. Den eneste forskjellen er at du ikke venter i timevis i k\u00f8, slik du ville gjort p\u00e5 et kommersielt fly.<\/p>\n\n\n\n<h3 class=\"wp-block-heading\"><span class=\"ez-toc-section\" id=\"History\"><\/span>Historie<span class=\"ez-toc-section-end\"><\/span><\/h3>\n\n\n\n<p>Historien om fix-base-operat\u00f8rer er ganske interessant, ettersom denne typen fasiliteter ble popul\u00e6re ganske tidlig i USA. P\u00e5 20-tallet, rett etter at 1. verdenskrig var over, fl\u00f8y piloter som eide gamle fly, fra by til by, og dannet i praksis et <em>flygende sirkus<\/em>.<\/p>\n\n\n\n<p>De fungerte ikke som et flyselskap, men snarere som artister som kom til byen for \u00e5 tilby folk en tur eller utf\u00f8re lufttriks. Siden de faktiske flyplassene var for f\u00e5 og l\u00e5 for langt fra hverandre til at de alltid kunne lande p\u00e5 dem, brukte de vidstrakte g\u00e5rder utenfor byen.<\/p>\n\n\n\n<p>Den amerikanske regjeringen vedtok imidlertid en lov som sier at alle piloter m\u00e5 ha lisens hvis de \u00f8nsker \u00e5 fly over landets territorium. Samtidig ble det vedtatt et enda viktigere p\u00e5bud om at alle piloter som eier jetfly, m\u00e5 ha et fast sted \u00e5 operere fra. Derav oppstod FBO (Fixed Base Operator).<\/p>\n\n\n\n<p>S\u00e5 hvis du noen gang f\u00e5r sjansen til \u00e5 fly med et privatfly, er det dette du kan forvente n\u00e5r du ankommer terminalen.<\/p>","protected":false},"excerpt":{"rendered":"<p>Hvis du har kj\u00f8pt flybilletter p\u00e5 nettet, er det stor sannsynlighet for at du har st\u00f8tt p\u00e5 forkortelsen FBO. Du har sikkert stilt deg en del sp\u00f8rsm\u00e5l, for betydningen av forkortelsen er ikke noe du intuitivt finner ut av. En fixed-base operator (FBO) er et anlegg som er velkjent for de som flyr med private flyselskaper og ...<\/p>","protected":false},"author":1,"featured_media":2061,"parent":0,"menu_order":0,"comment_status":"closed","ping_status":"closed","template":"","meta":{"_acf_changed":false,"_genesis_hide_title":false,"_genesis_hide_breadcrumbs":false,"_genesis_hide_singular_image":false,"_genesis_hide_footer_widgets":false,"_genesis_custom_body_class":"","_genesis_custom_post_class":"","_genesis_layout":"","footnotes":""},"class_list":{"1":"page","2":"type-page","6":"entry"},"acf":[],"_links":{"self":[{"href":"https:\/\/comparemyjet.com\/nb\/wp-json\/wp\/v2\/pages\/2060","targetHints":{"allow":["GET"]}}],"collection":[{"href":"https:\/\/comparemyjet.com\/nb\/wp-json\/wp\/v2\/pages"}],"about":[{"href":"https:\/\/comparemyjet.com\/nb\/wp-json\/wp\/v2\/types\/page"}],"author":[{"embeddable":true,"href":"https:\/\/comparemyjet.com\/nb\/wp-json\/wp\/v2\/users\/1"}],"replies":[{"embeddable":true,"href":"https:\/\/comparemyjet.com\/nb\/wp-json\/wp\/v2\/comments?post=2060"}],"version-history":[{"count":1,"href":"https:\/\/comparemyjet.com\/nb\/wp-json\/wp\/v2\/pages\/2060\/revisions"}],"predecessor-version":[{"id":2067,"href":"https:\/\/comparemyjet.com\/nb\/wp-json\/wp\/v2\/pages\/2060\/revisions\/2067"}],"wp:featuredmedia":[{"embeddable":true,"href":"https:\/\/comparemyjet.com\/nb\/wp-json\/wp\/v2\/media\/2061"}],"wp:attachment":[{"href":"https:\/\/comparemyjet.com\/nb\/wp-json\/wp\/v2\/media?parent=2060"}],"curies":[{"name":"wp","href":"https:\/\/api.w.org\/{rel}","templated":true}]}}