{"id":2071,"date":"2021-09-06T19:59:12","date_gmt":"2021-09-06T19:59:12","guid":{"rendered":"https:\/\/comparemyjet.com\/?page_id=2071"},"modified":"2025-09-04T09:58:23","modified_gmt":"2025-09-04T09:58:23","slug":"how-to-book-empty-leg-flights","status":"publish","type":"page","link":"https:\/\/comparemyjet.com\/nb\/how-to-book-empty-leg-flights\/","title":{"rendered":"Hvordan bestille tomflyvninger"},"content":{"rendered":"<p>Hvis du er privatflypassasjer eller har v\u00e6rt det minst \u00e9n gang i livet, har du sikkert h\u00f8rt om uttrykket \"tomme ben\". Mange kjenner til dette begrepet, men er usikre p\u00e5 hva det egentlig betyr og hvorfor det er viktig for dem.<\/p>\r\n\r\n\r\n\r\n<p>I denne artikkelen vil jeg forklare hva <em>flyvninger med tomme strekninger<\/em> er n\u00e5r det gjelder privatfly, hvor praktiske de er, og hvordan du finner og bestiller et, s\u00e5 la oss komme i gang.<\/p>\r\n\r\n\r\n\r\n<div id=\"ez-toc-container\" class=\"ez-toc-v2_0_76 counter-hierarchy ez-toc-counter ez-toc-grey ez-toc-container-direction\">\n<p class=\"ez-toc-title\" style=\"cursor:inherit\">Temaer<\/p>\n<label for=\"ez-toc-cssicon-toggle-item-69de1f53b144a\" class=\"ez-toc-cssicon-toggle-label\"><span class=\"\"><span class=\"eztoc-hide\" style=\"display:none;\">Toggle<\/span><span class=\"ez-toc-icon-toggle-span\"><svg style=\"fill: #999;color:#999\" xmlns=\"http:\/\/www.w3.org\/2000\/svg\" class=\"list-377408\" width=\"20px\" height=\"20px\" viewbox=\"0 0 24 24\" fill=\"none\"><path d=\"M6 6H4v2h2V6zm14 0H8v2h12V6zM4 11h2v2H4v-2zm16 0H8v2h12v-2zM4 16h2v2H4v-2zm16 0H8v2h12v-2z\" fill=\"currentColor\"><\/path><\/svg><svg style=\"fill: #999;color:#999\" class=\"arrow-unsorted-368013\" xmlns=\"http:\/\/www.w3.org\/2000\/svg\" width=\"10px\" height=\"10px\" viewbox=\"0 0 24 24\" version=\"1.2\" baseprofile=\"tiny\"><path d=\"M18.2 9.3l-6.2-6.3-6.2 6.3c-.2.2-.3.4-.3.7s.1.5.3.7c.2.2.4.3.7.3h11c.3 0 .5-.1.7-.3.2-.2.3-.5.3-.7s-.1-.5-.3-.7zM5.8 14.7l6.2 6.3 6.2-6.3c.2-.2.3-.5.3-.7s-.1-.5-.3-.7c-.2-.2-.4-.3-.7-.3h-11c-.3 0-.5.1-.7.3-.2.2-.3.5-.3.7s.1.5.3.7z\"\/><\/svg><\/span><\/span><\/label><input type=\"checkbox\"  id=\"ez-toc-cssicon-toggle-item-69de1f53b144a\" checked aria-label=\"Toggle\" \/><nav><ul class='ez-toc-list ez-toc-list-level-1' ><li class='ez-toc-page-1 ez-toc-heading-level-2'><a class=\"ez-toc-link ez-toc-heading-1\" href=\"https:\/\/comparemyjet.com\/nb\/how-to-book-empty-leg-flights\/#What_Are_Empty_Leg_Flights\" >Hva er tomflyvninger?<\/a><ul class='ez-toc-list-level-3' ><li class='ez-toc-heading-level-3'><a class=\"ez-toc-link ez-toc-heading-2\" href=\"https:\/\/comparemyjet.com\/nb\/how-to-book-empty-leg-flights\/#When_Do_Empty_Legs_Occur\" >N\u00e5r oppst\u00e5r tomme ben?<\/a><\/li><li class='ez-toc-page-1 ez-toc-heading-level-3'><a class=\"ez-toc-link ez-toc-heading-3\" href=\"https:\/\/comparemyjet.com\/nb\/how-to-book-empty-leg-flights\/#Is_Empty_Leg_Flying_Bad_For_The_Company\" >Er det d\u00e5rlig for selskapet \u00e5 fly med tomme ben?<\/a><\/li><\/ul><\/li><li class='ez-toc-page-1 ez-toc-heading-level-2'><a class=\"ez-toc-link ez-toc-heading-4\" href=\"https:\/\/comparemyjet.com\/nb\/how-to-book-empty-leg-flights\/#How_To_Book_Empty_Legs\" >Hvordan bestille Empty Legs?<\/a><ul class='ez-toc-list-level-3' ><li class='ez-toc-heading-level-3'><a class=\"ez-toc-link ez-toc-heading-5\" href=\"https:\/\/comparemyjet.com\/nb\/how-to-book-empty-leg-flights\/#The_Old_School_Way\" >Den gamle skoleveien<\/a><\/li><li class='ez-toc-page-1 ez-toc-heading-level-3'><a class=\"ez-toc-link ez-toc-heading-6\" href=\"https:\/\/comparemyjet.com\/nb\/how-to-book-empty-leg-flights\/#Contact_a_Charter_Broker\" >Kontakt en chartermegler<\/a><\/li><li class='ez-toc-page-1 ez-toc-heading-level-3'><a class=\"ez-toc-link ez-toc-heading-7\" href=\"https:\/\/comparemyjet.com\/nb\/how-to-book-empty-leg-flights\/#Book_Online\" >Bestill online<\/a><\/li><li class='ez-toc-page-1 ez-toc-heading-level-3'><a class=\"ez-toc-link ez-toc-heading-8\" href=\"https:\/\/comparemyjet.com\/nb\/how-to-book-empty-leg-flights\/#Become_a_Member\" >Bli medlem<\/a><\/li><\/ul><\/li><li class='ez-toc-page-1 ez-toc-heading-level-2'><a class=\"ez-toc-link ez-toc-heading-9\" href=\"https:\/\/comparemyjet.com\/nb\/how-to-book-empty-leg-flights\/#What_To_Expect\" >Hva du kan forvente<\/a><\/li><li class='ez-toc-page-1 ez-toc-heading-level-2'><a class=\"ez-toc-link ez-toc-heading-10\" href=\"https:\/\/comparemyjet.com\/nb\/how-to-book-empty-leg-flights\/#Empty_Legs_Downsides\" >Ulemper med tomme ben<\/a><ul class='ez-toc-list-level-3' ><li class='ez-toc-heading-level-3'><a class=\"ez-toc-link ez-toc-heading-11\" href=\"https:\/\/comparemyjet.com\/nb\/how-to-book-empty-leg-flights\/#One-Way_Only\" >Kun enveis<\/a><\/li><li class='ez-toc-page-1 ez-toc-heading-level-3'><a class=\"ez-toc-link ez-toc-heading-12\" href=\"https:\/\/comparemyjet.com\/nb\/how-to-book-empty-leg-flights\/#Short-Notice_Reservation\" >Reservasjon med kort varsel<\/a><\/li><li class='ez-toc-page-1 ez-toc-heading-level-3'><a class=\"ez-toc-link ez-toc-heading-13\" href=\"https:\/\/comparemyjet.com\/nb\/how-to-book-empty-leg-flights\/#Last-Minute_Changes\" >Endringer i siste liten<\/a><\/li><li class='ez-toc-page-1 ez-toc-heading-level-3'><a class=\"ez-toc-link ez-toc-heading-14\" href=\"https:\/\/comparemyjet.com\/nb\/how-to-book-empty-leg-flights\/#Empty_Legs_Pros_and_Cons\" >Fordeler og ulemper med tomme ben<\/a><\/li><\/ul><\/li><li class='ez-toc-page-1 ez-toc-heading-level-2'><a class=\"ez-toc-link ez-toc-heading-15\" href=\"https:\/\/comparemyjet.com\/nb\/how-to-book-empty-leg-flights\/#Summary\" >Sammendrag<\/a><\/li><\/ul><\/nav><\/div>\n<h2 class=\"wp-block-heading\"><span class=\"ez-toc-section\" id=\"What_Are_Empty_Leg_Flights\"><\/span>Hva er tomflyvninger?<span class=\"ez-toc-section-end\"><\/span><\/h2>\r\n\r\n\r\n\r\n<p>Som navnet <em>vennligsinnet <\/em>foresl\u00e5r, tomflyvninger, eller rett og slett <em>tomme ben<\/em>er private charterfly som etter planen skal fly uten passasjerer. S\u00e5 n\u00e5r det ikke er noen passasjerer p\u00e5 flyet, har du en tomflyvning.<\/p>\r\n\r\n\r\n\r\n<p>Hvis du lurer p\u00e5 hvordan det er mulig at et privatfly er planlagt \u00e5 fly mens det er tomt, m\u00e5 du huske p\u00e5 at passasjerkapasiteten uansett er begrenset, og enda viktigere: Disse flyvningene bookes p\u00e5 en litt annen m\u00e5te enn andre flyvninger.<\/p>\r\n\r\n\r\n\r\n<h3 class=\"wp-block-heading\"><span class=\"ez-toc-section\" id=\"When_Do_Empty_Legs_Occur\"><\/span>N\u00e5r oppst\u00e5r tomme ben?<span class=\"ez-toc-section-end\"><\/span><\/h3>\r\n\r\n\r\n\r\n<p>Tomme etapper oppst\u00e5r vanligvis n\u00e5r et fly av ulike \u00e5rsaker m\u00e5 flytte seg fra en base til en annen. Det kan v\u00e6re p\u00e5 grunn av et annet fly som venter, la oss si i <a href=\"https:\/\/comparemyjet.com\/nb\/private-tours\/new-york-city-private-tours\/\" data-internallinksmanager029f6b8e52c=\"427\" title=\"11 beste private turer i New York City fra $48.00\">New York<\/a>mens str\u00e5len befinner seg i <a href=\"https:\/\/comparemyjet.com\/nb\/private-tours\/miami-private-tours\/\" data-internallinksmanager029f6b8e52c=\"422\" title=\"11 beste private turer i Miami fra $99.00\">Miami<\/a>. Eller hvis det er juridiske grunner til at flyet m\u00e5 flyttes.<\/p>\r\n\r\n\r\n\r\n<p>I dette tilfellet ville kapteinen fly et tomt jetfly, og flyvningen ville bli betegnet som en <em>flytur med tomme ben.<\/em> En annen grunn til at et fly kan bli \"tvunget\" til \u00e5 fly tomt, er at det ikke trenger \u00e5 vente p\u00e5 passasjerene n\u00e5r det setter dem av p\u00e5 en bestemt destinasjon.&nbsp;<\/p>\r\n\r\n\r\n\r\n<p>Tenk deg for eksempel at du er newyorker (eller kanskje du er det), og at du flyr med privatfly til <a href=\"https:\/\/comparemyjet.com\/nb\/private-tours\/paris-private-tours\/\" data-internallinksmanager029f6b8e52c=\"252\" title=\"11 beste private turer til Paris fra $68.94\">Paris<\/a>. Det er bare deg og ektefellen din, og dere skal tilbringe en hel uke i Frankrike.<\/p>\r\n\r\n\r\n\r\n<p>Du har bare bestilt en enveisflyging, s\u00e5 kapteinen kommer ikke til \u00e5 vente til ferien din er over. Selv om du hadde planlagt en toveis tur, er det ingen grunn til at piloten skal tilbringe en uke i Paris, og derfor kommer det til \u00e5 fly tomme ben tilbake til New York.<\/p>\r\n\r\n\r\n<div class=\"wp-block-image\">\r\n<figure class=\"aligncenter size-large\"><img loading=\"lazy\" decoding=\"async\" width=\"683\" height=\"1024\" src=\"https:\/\/comparemyjet.com\/wp-content\/uploads\/2021\/08\/How-To-Book-Empty-Leg-Flights-1-683x1024.jpg\" alt=\"vindu for privatfly\" class=\"wp-image-2077\" srcset=\"https:\/\/comparemyjet.com\/wp-content\/uploads\/2021\/08\/How-To-Book-Empty-Leg-Flights-1-200x300.jpg 200w, https:\/\/comparemyjet.com\/wp-content\/uploads\/2021\/08\/How-To-Book-Empty-Leg-Flights-1-683x1024.jpg 683w, https:\/\/comparemyjet.com\/wp-content\/uploads\/2021\/08\/How-To-Book-Empty-Leg-Flights-1-768x1152.jpg 768w, https:\/\/comparemyjet.com\/wp-content\/uploads\/2021\/08\/How-To-Book-Empty-Leg-Flights-1-1024x1536.jpg 1024w, https:\/\/comparemyjet.com\/wp-content\/uploads\/2021\/08\/How-To-Book-Empty-Leg-Flights-1-1365x2048.jpg 1365w, https:\/\/comparemyjet.com\/wp-content\/uploads\/2021\/08\/How-To-Book-Empty-Leg-Flights-1-scaled.jpg 1707w\" sizes=\"auto, (max-width: 683px) 100vw, 683px\" \/><\/figure><\/div>\r\n\r\n\r\n<h3 class=\"wp-block-heading\"><span class=\"ez-toc-section\" id=\"Is_Empty_Leg_Flying_Bad_For_The_Company\"><\/span>Er det d\u00e5rlig for selskapet \u00e5 fly med tomme ben?<span class=\"ez-toc-section-end\"><\/span><\/h3>\r\n\r\n\r\n\r\n<p>Flyselskapet eller den som eier flyet, taper mye penger p\u00e5 \u00e5 fly tomt. Du og ektefellen din betalte sikkert godt for \u00e5 komme dere fra New York til Paris, noe som sannsynligvis dekket drivstoffkostnadene, men \u00e5 fly tom tilbake er \u00e5 kaste penger i sluket.<\/p>\r\n\r\n\r\n\r\n<p>Det er derfor eieren av flyet ser etter m\u00e5ter \u00e5 fylle ut disse strekningene p\u00e5 ved \u00e5 tilby gode tilbud til folk for \u00e5 f\u00e5 dem om bord.<\/p>\r\n\r\n\r\n\r\n<h2 class=\"wp-block-heading\"><span class=\"ez-toc-section\" id=\"How_To_Book_Empty_Legs\"><\/span>Hvordan bestille Empty Legs?<span class=\"ez-toc-section-end\"><\/span><\/h2>\r\n\r\n\r\n\r\n<p>N\u00e5 som du vet hva tomflyvninger er, kan vi g\u00e5 videre til den mer kompliserte delen, nemlig bestillingsprosessen. Dessverre er ikke denne prosessen s\u00e5 enkel, for det finnes ikke noe eget sted p\u00e5 selskapets nettside som er dedikert til bestilling av tomflyvninger, s\u00e5 du vet faktisk ikke hvilke fly som flyr tomt og n\u00e5r.<\/p>\r\n\r\n\r\n\r\n<p>Heldigvis finnes det andre m\u00e5ter \u00e5 f\u00e5 tak i informasjon om tomme ben p\u00e5.<\/p>\r\n\r\n\r\n\r\n<h3 class=\"wp-block-heading\"><span class=\"ez-toc-section\" id=\"The_Old_School_Way\"><\/span>Den gamle skoleveien<span class=\"ez-toc-section-end\"><\/span><\/h3>\r\n\r\n\r\n\r\n<p>En m\u00e5te, som ogs\u00e5 er den <em>billigst <\/em>m\u00e5ten \u00e5 f\u00e5 informasjon om tomflyvninger p\u00e5, er \u00e5 g\u00e5 den gamle skolen og sp\u00f8rre flyeierne direkte.&nbsp;<\/p>\r\n\r\n\r\n\r\n<p>Hvis du for eksempel ofte flyr en bestemt rute, for eksempel, <a href=\"https:\/\/comparemyjet.com\/nb\/ibiza-to-london-private-flight-jet\/\" data-internallinksmanager029f6b8e52c=\"12\" title=\"Ibiza til London med privatfly\">Fra London til Ibiza<\/a>Hvis du er stamkunde, kan du be kapteinen om \u00e5 varsle deg n\u00e5r de har ledige strekninger.<\/p>\r\n\r\n\r\n\r\n<p><a href=\"https:\/\/www.exclusive-air.com\/contact.html\" target=\"_blank\" rel=\"noreferrer noopener nofollow\">Noen operat\u00f8rer<\/a> har ogs\u00e5 e-postsystemer for dette form\u00e5let. Alt du trenger \u00e5 gj\u00f8re, er \u00e5 g\u00e5 inn p\u00e5 nettsidene deres, fylle ut skjemaet og melde deg p\u00e5 nyhetsbrevet for \u00e5 f\u00e5 beskjed n\u00e5r det dukker opp en ledig flyvning. Du kan ogs\u00e5 ringe dem og chatte direkte med en av deres representanter.<\/p>\r\n\r\n\r\n\r\n<h3 class=\"wp-block-heading\"><span class=\"ez-toc-section\" id=\"Contact_a_Charter_Broker\"><\/span>Kontakt en chartermegler<span class=\"ez-toc-section-end\"><\/span><\/h3>\r\n\r\n\r\n\r\n<p>Hvis du ikke liker tanken p\u00e5 \u00e5 be jeteiere om \u00e5 varsle deg, er et annet alternativ \u00e5 sp\u00f8rre chartermeglere som har nettopp dette som oppgave.<\/p>\r\n\r\n\r\n\r\n<p>Disse fagfolkene overv\u00e5ker hele tiden himmelen for private jetfly og vet som regel n\u00e5r som helst om et fly med tomme ben. Dette er selvsagt et dyrere alternativ enn \u00e5 g\u00e5 til den gamle skolen og ta en \u00e6rlig prat med kapteinen eller flyets eier.<\/p>\r\n\r\n\r\n\r\n<p>Det er imidlertid mye mer tidseffektivt og presist \u00e5 kontakte en megler. V\u00e6r oppmerksom p\u00e5 at megleren tar et gebyr i forhold til prisen du betaler for flyreisen. S\u00f8rg derfor for \u00e5 sp\u00f8rre om alle detaljer rundt betalingen f\u00f8r du ber en megler om \u00e5 hjelpe deg.<\/p>\r\n\r\n\r\n\r\n<h3 class=\"wp-block-heading\"><span class=\"ez-toc-section\" id=\"Book_Online\"><\/span>Bestill online<span class=\"ez-toc-section-end\"><\/span><\/h3>\r\n\r\n\r\n<div class=\"wp-block-image\">\r\n<figure class=\"aligncenter size-large\"><img loading=\"lazy\" decoding=\"async\" width=\"1024\" height=\"425\" src=\"https:\/\/comparemyjet.com\/wp-content\/uploads\/2021\/08\/How-To-Book-Empty-Leg-Flights-4-1024x425.jpg\" alt=\"flysans\" class=\"wp-image-2075\" srcset=\"https:\/\/comparemyjet.com\/wp-content\/uploads\/2021\/08\/How-To-Book-Empty-Leg-Flights-4-300x125.jpg 300w, https:\/\/comparemyjet.com\/wp-content\/uploads\/2021\/08\/How-To-Book-Empty-Leg-Flights-4-768x319.jpg 768w, https:\/\/comparemyjet.com\/wp-content\/uploads\/2021\/08\/How-To-Book-Empty-Leg-Flights-4-1024x425.jpg 1024w, https:\/\/comparemyjet.com\/wp-content\/uploads\/2021\/08\/How-To-Book-Empty-Leg-Flights-4-1536x638.jpg 1536w, https:\/\/comparemyjet.com\/wp-content\/uploads\/2021\/08\/How-To-Book-Empty-Leg-Flights-4.jpg 1846w\" sizes=\"auto, (max-width: 1024px) 100vw, 1024px\" \/><\/figure><\/div>\r\n\r\n\r\n<p>Det finnes noen nettsteder som <a href=\"https:\/\/www.planesense.com\/\" target=\"_blank\" rel=\"noreferrer noopener nofollow\">PlaneSense<\/a> eller <a href=\"https:\/\/www.libertyjet.com\/\" target=\"_blank\" rel=\"noreferrer noopener nofollow\">LibertyJet<\/a> som pr\u00f8ver \u00e5 samle informasjon om tomme ben, slik at du enkelt kan bestille dem p\u00e5 nettet. Noen lykkes bedre med det de gj\u00f8r, mens andre ikke lykkes like godt.<\/p>\r\n\r\n\r\n\r\n<p>Det er imidlertid ingen enkel oppgave, siden det ikke finnes noe m\u00f8nster \u00e5 f\u00f8lge n\u00e5r man samler disse dataene. I motsetning til kommersielle flyselskaper som har rutetabellen klar flere m\u00e5neder eller til og med et \u00e5r i forveien, er private jetfly litt uforutsigbare, og derfor er det litt vanskelig \u00e5 finne og bestille en privatflyvning.<\/p>\r\n\r\n\r\n\r\n<h3 class=\"wp-block-heading\"><span class=\"ez-toc-section\" id=\"Become_a_Member\"><\/span>Bli medlem<span class=\"ez-toc-section-end\"><\/span><\/h3>\r\n\r\n\r\n\r\n<p>De fleste nettsteder der du kan bestille <a href=\"https:\/\/comparemyjet.com\/nb\/how-much-does-a-private-jet-cost-to-hire\/\" target=\"_blank\" rel=\"noreferrer noopener\">privat<\/a><a href=\"https:\/\/comparemyjet.com\/nb\/how-much-does-a-private-jet-cost-to-hire\/\" target=\"_blank\" rel=\"noreferrer noopener nofollow\">e<\/a><a href=\"https:\/\/comparemyjet.com\/nb\/how-much-does-a-private-jet-cost-to-hire\/\" target=\"_blank\" rel=\"noreferrer noopener\"> jetfly<\/a>, for eksempel <a href=\"https:\/\/www.exclusive-air.com\/contact.html\" target=\"_blank\" rel=\"noreferrer noopener nofollow\">Eksklusiv luft<\/a>, <a href=\"https:\/\/charterjetone.com\/\" target=\"_blank\" rel=\"noreferrer noopener nofollow\">Charterfly<\/a>eller <a href=\"https:\/\/www.vistajet.com\/en\/empty-legs\/\" target=\"_blank\" rel=\"noreferrer noopener nofollow\">VistaJet<\/a>tilbyr ulike medlemspakker. Hvis du blir medlem, vil du, basert p\u00e5 statusen din, ha visse fordeler, og en av disse kan v\u00e6re tilbud om rabatter eller varsler for <em>tomme ben<\/em>.<\/p>\r\n\r\n\r\n\r\n<h2 class=\"wp-block-heading\"><span class=\"ez-toc-section\" id=\"What_To_Expect\"><\/span>Hva du kan forvente<span class=\"ez-toc-section-end\"><\/span><\/h2>\r\n\r\n\r\n\r\n<p>Du kan f\u00e5 vanvittige tilbud p\u00e5 tomflyvninger, noen ganger helt opp til 80% rabatt p\u00e5 den reelle prisen. Men i noen tilfeller m\u00e5 du gj\u00f8re en ekstra innsats for \u00e5 f\u00e5 dette tilbudet.<\/p>\r\n\r\n\r\n\r\n<p>Du m\u00e5 for eksempel v\u00e6re veldig fleksibel fordi det er du som hopper p\u00e5 et \"nesten gratis\" fly, mens andre kunder faktisk venter p\u00e5 at flyet skal hente dem p\u00e5 destinasjonen. De andre passasjerene har betalt full pris, og det er de som er de <em>de jure<\/em> og <em>de facto <\/em>kunder. Det betyr at de har rett til \u00e5 utsette flyvningen, enten det dreier seg om et par timer eller noen dager, avhengig av selskapet og dets regler.<\/p>\r\n\r\n\r\n\r\n<p>Dette er ikke overraskende, for du er sikkert klar over at en passasjer i et privatfly blir behandlet som <em>veldig pent<\/em>. S\u00e5 hvis du \u00f8nsker \u00e5 hoppe p\u00e5 et fly med en tombenspris, m\u00e5 du v\u00e6re forberedt p\u00e5 at planene dine kan bli endret, i det minste litt.&nbsp;<\/p>\r\n\r\n\r\n\r\n<figure class=\"wp-block-image size-large\"><img loading=\"lazy\" decoding=\"async\" width=\"1024\" height=\"421\" src=\"https:\/\/comparemyjet.com\/wp-content\/uploads\/2021\/08\/How-To-Book-Empty-Leg-Flights-3-1024x421.jpg\" alt=\"Liberty Jet\" class=\"wp-image-2074\" srcset=\"https:\/\/comparemyjet.com\/wp-content\/uploads\/2021\/08\/How-To-Book-Empty-Leg-Flights-3-300x123.jpg 300w, https:\/\/comparemyjet.com\/wp-content\/uploads\/2021\/08\/How-To-Book-Empty-Leg-Flights-3-768x316.jpg 768w, https:\/\/comparemyjet.com\/wp-content\/uploads\/2021\/08\/How-To-Book-Empty-Leg-Flights-3-1024x421.jpg 1024w, https:\/\/comparemyjet.com\/wp-content\/uploads\/2021\/08\/How-To-Book-Empty-Leg-Flights-3-1536x631.jpg 1536w, https:\/\/comparemyjet.com\/wp-content\/uploads\/2021\/08\/How-To-Book-Empty-Leg-Flights-3.jpg 1881w\" sizes=\"auto, (max-width: 1024px) 100vw, 1024px\" \/><\/figure>\r\n\r\n\r\n\r\n<h2 class=\"wp-block-heading\"><span class=\"ez-toc-section\" id=\"Empty_Legs_Downsides\"><\/span>Ulemper med tomme ben<span class=\"ez-toc-section-end\"><\/span><\/h2>\r\n\r\n\r\n\r\n<p>Det er egentlig ikke noe i veien med en \"empty legs\"-avtale, men det er visse aspekter som kan komme i veien. Slike flyreiser krever at du hele tiden er fleksibel og t\u00e5lmodig, og det er begrensede valgmuligheter n\u00e5r det gjelder ruter.<\/p>\r\n\r\n\r\n\r\n<p>Selv om jeg er tilhenger av tomme ben og stadig venter p\u00e5 \u00e5 f\u00e5 beskjed om at de er tilgjengelige, m\u00e5 jeg p\u00e5peke noen ting som kan v\u00e6re ganske irriterende.<\/p>\r\n\r\n\r\n\r\n<h3 class=\"wp-block-heading\"><span class=\"ez-toc-section\" id=\"One-Way_Only\"><\/span>Kun enveis<span class=\"ez-toc-section-end\"><\/span><\/h3>\r\n\r\n\r\n\r\n<p>N\u00e5 er du sikkert klar over at du bare kan bestille en empty leg-flyvning i \u00e9n retning. Du kan med andre ord ikke bestille en flyreise hjem, eller hvor som helst ellers, med \u00e9n enkelt betaling.<\/p>\r\n\r\n\r\n\r\n<p>Selv om tomflyvninger kan spare deg for mye penger, ettersom rabattene ligger et sted mellom 50 og 70%, kan du ogs\u00e5 tape litt hvis du for eksempel ikke finner en passende returflyvning.<\/p>\r\n\r\n\r\n\r\n<h3 class=\"wp-block-heading\"><span class=\"ez-toc-section\" id=\"Short-Notice_Reservation\"><\/span>Reservasjon med kort varsel<span class=\"ez-toc-section-end\"><\/span><\/h3>\r\n\r\n\r\n\r\n<p>En annen ting med tomflyvninger er at du ikke kan bestille dem. <em>virkelig <\/em>p\u00e5 forh\u00e5nd, slik du ville gjort hvis du fulgte den vanlige prosedyren. Denne typen flyreiser er bare kjent noen f\u00e5 dager f\u00f8r avgang, og det er opp til deg \u00e5 ta en rask beslutning.<\/p>\r\n\r\n\r\n\r\n<p>Det er grunnen til at folk som liker \u00e5 planlegge tiden sin p\u00e5 forh\u00e5nd og ikke er tilb\u00f8yelige til \u00e5 ta spontane avgj\u00f8relser, har en tendens til \u00e5 unng\u00e5 disse siste-\u00f8yeblikk-bestillingene. Men med denne prisreduksjonen er det kanskje verdt stresset likevel.&nbsp;<\/p>\r\n\r\n\r\n\r\n<h3 class=\"wp-block-heading\"><span class=\"ez-toc-section\" id=\"Last-Minute_Changes\"><\/span>Endringer i siste liten<span class=\"ez-toc-section-end\"><\/span><\/h3>\r\n\r\n\r\n\r\n<p>Dette henger sammen med forrige overskrift, der vi konkluderte med at tomflyvninger ikke er noe for de som planlegger i god tid. Med en tom etappe er du aldri sikker p\u00e5 om og n\u00e5r du tar av.<\/p>\r\n\r\n\r\n\r\n<p>Husk at en tomflyvning bare er en sidekomponent til en flyreise som er <em>offisielt <\/em>finner sted.&nbsp;<\/p>\r\n\r\n\r\n\r\n<p>La oss si at et jetfly st\u00e5r parkert i London, men har en flyvning fra <a href=\"https:\/\/comparemyjet.com\/nb\/private-jet-charters-to-edinburgh\/\" data-internallinksmanager029f6b8e52c=\"143\" title=\"Privatflycharter til Edinburgh\">Edinburgh<\/a> til <a href=\"https:\/\/comparemyjet.com\/nb\/private-tours\/madrid-private-tours\/\" data-internallinksmanager029f6b8e52c=\"362\" title=\"11 beste private turer i Madrid fra $32.60\">Madrid<\/a> dagen etter. Den m\u00e5 til Skottland, s\u00e5 det vil sannsynligvis v\u00e6re en mulighet for en tom etappe fra <a href=\"https:\/\/comparemyjet.com\/nb\/london-to-edinburgh-private-jet-flight\/\" data-internallinksmanager029f6b8e52c=\"56\" title=\"London til Edinburgh med privatfly\">London til Edinburgh<\/a>. Men hvis passasjerene som venter i Skottland \u00f8nsker \u00e5 utsette avgangen, eller enda verre, kansellere den, vil ogs\u00e5 tomflyvningen din bli kansellert.<\/p>\r\n\r\n\r\n\r\n<h3 class=\"wp-block-heading\"><span class=\"ez-toc-section\" id=\"Empty_Legs_Pros_and_Cons\"><\/span>Fordeler og ulemper med tomme ben<span class=\"ez-toc-section-end\"><\/span><\/h3>\r\n\r\n\r\n\r\n<p>Akkurat som med alt annet i livet er det b\u00e5de gode og d\u00e5rlige sider ved \u00e5 fly med tomme ben, s\u00e5 la oss ta en n\u00e6rmere titt p\u00e5 fordeler og ulemper ved \u00e5 bestille en slik flyreise.<\/p>\r\n\r\n\r\n\r\n<figure class=\"wp-block-table\"><table><tbody><tr><td><strong>Fordeler<\/strong><\/td><td><strong>Ulemper<\/strong><\/td><\/tr><tr><td>F\u00e5 en enorm rabatt (50 - 70% rabatt)<\/td><td>Du m\u00e5 v\u00e6re fleksibel og klar til \u00e5 sette i gang n\u00e5r som helst.<\/td><\/tr><tr><td>Ha hele flyet for deg selv<\/td><td>Den kan enkelt utsettes eller avlyses.<\/td><\/tr><tr><td><\/td><td>Det er ikke mulig \u00e5 reise tur-retur<\/td><\/tr><tr><td><\/td><td>Vanskelig \u00e5 finne<\/td><\/tr><\/tbody><\/table><\/figure>\r\n\r\n\r\n\r\n<h2 class=\"wp-block-heading\"><span class=\"ez-toc-section\" id=\"Summary\"><\/span>Sammendrag<span class=\"ez-toc-section-end\"><\/span><\/h2>\r\n\r\n\r\n\r\n<p>Jeg har fors\u00f8kt \u00e5 bringe dette emnet n\u00e6rmere deg med det m\u00e5l \u00e5 gj\u00f8re det mer forst\u00e5elig. Som leser er jeg sikker p\u00e5 at du vil sette pris p\u00e5 at jeg oppsummerer alt p\u00e5 ett sted, slik at det blir enkelt \u00e5 lese.<\/p>\r\n\r\n\r\n\r\n<p>Du kan bestille en tomflyvning p\u00e5 f\u00f8lgende m\u00e5ter:<\/p>\r\n\r\n\r\n\r\n<ul class=\"wp-block-list\"><li>Gj\u00f8r som i gamle dager og be kapteinen eller flyselskapet du flyr med om \u00e5 ringe eller sende deg en e-post n\u00e5r en slik mulighet dukker opp.<\/li><li>Engasjer en megler som holder deg oppdatert p\u00e5 tomme ben mot et visst gebyr.<\/li><li>Bestill dem online ved \u00e5 f\u00f8lge opp p\u00e5 <a href=\"https:\/\/comparemyjet.com\/nb\/what-are-the-best-websites-to-find-private-jets-for-sale\/\" data-internallinksmanager029f6b8e52c=\"18\" title=\"Hva er de beste nettstedene for \u00e5 finne private jetfly til salgs?\">nettsteder for privatfly<\/a>.<\/li><li>Bli medlem av et flyselskap eller en privatflyklubb, og velg et program som inkluderer varsling om tomflyvninger.<br><\/li><\/ul>\r\n\r\n\r\n\r\n<p>Jeg kjenner ingen som ikke dr\u00f8mmer om \u00e5 fly privat. Det st\u00f8tter jeg p\u00e5 det sterkeste, og jeg vil r\u00e5de deg til \u00e5 f\u00e5 mest mulig ut av det. Forh\u00e5pentligvis vil denne artikkelen hjelpe deg med \u00e5 gj\u00f8re din private flyopplevelse unik, og bestille et privatfly. <a href=\"https:\/\/comparemyjet.com\/nb\/private-tours\/nice-private-tours\/\" data-internallinksmanager029f6b8e52c=\"249\" title=\"11 beste private turer i Nice fra $37.66\">hyggelig<\/a> liten flytur med tomme ben!<\/p>","protected":false},"excerpt":{"rendered":"<p>Hvis du er privatflypassasjer eller har v\u00e6rt det minst \u00e9n gang i livet, har du sikkert h\u00f8rt om uttrykket \"tomme ben\". Mange kjenner til dette begrepet, men er usikre p\u00e5 hva det egentlig betyr og hvorfor det er viktig for dem. I denne artikkelen vil jeg forklare hva tomme ben ...<\/p>","protected":false},"author":1,"featured_media":2079,"parent":0,"menu_order":0,"comment_status":"closed","ping_status":"closed","template":"","meta":{"_acf_changed":false,"_genesis_hide_title":false,"_genesis_hide_breadcrumbs":false,"_genesis_hide_singular_image":false,"_genesis_hide_footer_widgets":false,"_genesis_custom_body_class":"","_genesis_custom_post_class":"","_genesis_layout":"","footnotes":""},"class_list":{"1":"page","2":"type-page","6":"entry"},"acf":[],"_links":{"self":[{"href":"https:\/\/comparemyjet.com\/nb\/wp-json\/wp\/v2\/pages\/2071","targetHints":{"allow":["GET"]}}],"collection":[{"href":"https:\/\/comparemyjet.com\/nb\/wp-json\/wp\/v2\/pages"}],"about":[{"href":"https:\/\/comparemyjet.com\/nb\/wp-json\/wp\/v2\/types\/page"}],"author":[{"embeddable":true,"href":"https:\/\/comparemyjet.com\/nb\/wp-json\/wp\/v2\/users\/1"}],"replies":[{"embeddable":true,"href":"https:\/\/comparemyjet.com\/nb\/wp-json\/wp\/v2\/comments?post=2071"}],"version-history":[{"count":4,"href":"https:\/\/comparemyjet.com\/nb\/wp-json\/wp\/v2\/pages\/2071\/revisions"}],"predecessor-version":[{"id":3273,"href":"https:\/\/comparemyjet.com\/nb\/wp-json\/wp\/v2\/pages\/2071\/revisions\/3273"}],"wp:featuredmedia":[{"embeddable":true,"href":"https:\/\/comparemyjet.com\/nb\/wp-json\/wp\/v2\/media\/2079"}],"wp:attachment":[{"href":"https:\/\/comparemyjet.com\/nb\/wp-json\/wp\/v2\/media?parent=2071"}],"curies":[{"name":"wp","href":"https:\/\/api.w.org\/{rel}","templated":true}]}}