{"id":2092,"date":"2021-09-06T19:52:07","date_gmt":"2021-09-06T19:52:07","guid":{"rendered":"https:\/\/comparemyjet.com\/?page_id=2092"},"modified":"2025-09-04T09:58:23","modified_gmt":"2025-09-04T09:58:23","slug":"how-much-cost-hire-private-helicopter","status":"publish","type":"page","link":"https:\/\/comparemyjet.com\/nb\/how-much-cost-hire-private-helicopter\/","title":{"rendered":"Hvor mye koster det \u00e5 leie et privat helikopter?"},"content":{"rendered":"<p>\u00c5 leie et privat helikopter er ikke lenger noe bare de superrike har r\u00e5d til, og det kan v\u00e6re mange ulike grunner til \u00e5 gj\u00f8re det. Luksusreiser og en personlig reiseopplevelse er grunn nok til \u00e5 leie et helikopter, eller kanskje du er flink til \u00e5 gi bort gaver og vil overraske dine n\u00e6rmeste med en privat flytur til favorittdestinasjonen.<\/p>\r\n\r\n\r\n\r\n<p>Privatfly- og helikopterverdenen er selvsagt fortsatt et mysterium for mange. Derfor skal jeg pr\u00f8ve \u00e5 gi deg de viktigste opplysningene om leie av privat helikopter. N\u00e5r du har lest dette, b\u00f8r du vite hvordan og hvor du kan leie et privat helikopter, og viktigst av alt, om du har r\u00e5d til det.<\/p>\r\n\r\n\r\n\r\n<div id=\"ez-toc-container\" class=\"ez-toc-v2_0_76 counter-hierarchy ez-toc-counter ez-toc-grey ez-toc-container-direction\">\n<p class=\"ez-toc-title\" style=\"cursor:inherit\">Temaer<\/p>\n<label for=\"ez-toc-cssicon-toggle-item-69e12720f12ae\" class=\"ez-toc-cssicon-toggle-label\"><span class=\"\"><span class=\"eztoc-hide\" style=\"display:none;\">Toggle<\/span><span class=\"ez-toc-icon-toggle-span\"><svg style=\"fill: #999;color:#999\" xmlns=\"http:\/\/www.w3.org\/2000\/svg\" class=\"list-377408\" width=\"20px\" height=\"20px\" viewbox=\"0 0 24 24\" fill=\"none\"><path d=\"M6 6H4v2h2V6zm14 0H8v2h12V6zM4 11h2v2H4v-2zm16 0H8v2h12v-2zM4 16h2v2H4v-2zm16 0H8v2h12v-2z\" fill=\"currentColor\"><\/path><\/svg><svg style=\"fill: #999;color:#999\" class=\"arrow-unsorted-368013\" xmlns=\"http:\/\/www.w3.org\/2000\/svg\" width=\"10px\" height=\"10px\" viewbox=\"0 0 24 24\" version=\"1.2\" baseprofile=\"tiny\"><path d=\"M18.2 9.3l-6.2-6.3-6.2 6.3c-.2.2-.3.4-.3.7s.1.5.3.7c.2.2.4.3.7.3h11c.3 0 .5-.1.7-.3.2-.2.3-.5.3-.7s-.1-.5-.3-.7zM5.8 14.7l6.2 6.3 6.2-6.3c.2-.2.3-.5.3-.7s-.1-.5-.3-.7c-.2-.2-.4-.3-.7-.3h-11c-.3 0-.5.1-.7.3-.2.2-.3.5-.3.7s.1.5.3.7z\"\/><\/svg><\/span><\/span><\/label><input type=\"checkbox\"  id=\"ez-toc-cssicon-toggle-item-69e12720f12ae\" checked aria-label=\"Toggle\" \/><nav><ul class='ez-toc-list ez-toc-list-level-1' ><li class='ez-toc-page-1 ez-toc-heading-level-2'><a class=\"ez-toc-link ez-toc-heading-1\" href=\"https:\/\/comparemyjet.com\/nb\/how-much-cost-hire-private-helicopter\/#Why_Hire_a_Private_Helicopter\" >Hvorfor leie et privat helikopter<\/a><\/li><li class='ez-toc-page-1 ez-toc-heading-level-2'><a class=\"ez-toc-link ez-toc-heading-2\" href=\"https:\/\/comparemyjet.com\/nb\/how-much-cost-hire-private-helicopter\/#Costs_To_Hire_a_Private_Helicopter\" >Kostnader for \u00e5 leie et privat helikopter<\/a><ul class='ez-toc-list-level-3' ><li class='ez-toc-heading-level-3'><a class=\"ez-toc-link ez-toc-heading-3\" href=\"https:\/\/comparemyjet.com\/nb\/how-much-cost-hire-private-helicopter\/#Pricing_Per_Hour\" >Pris per time<\/a><\/li><li class='ez-toc-page-1 ez-toc-heading-level-3'><a class=\"ez-toc-link ez-toc-heading-4\" href=\"https:\/\/comparemyjet.com\/nb\/how-much-cost-hire-private-helicopter\/#Pricing_Per_Hour_Including_Destinations\" >Priser per time (inkludert destinasjoner)<\/a><\/li><\/ul><\/li><li class='ez-toc-page-1 ez-toc-heading-level-2'><a class=\"ez-toc-link ez-toc-heading-5\" href=\"https:\/\/comparemyjet.com\/nb\/how-much-cost-hire-private-helicopter\/#Conclusion\" >Konklusjon<\/a><\/li><\/ul><\/nav><\/div>\n<h2 class=\"wp-block-heading\"><span class=\"ez-toc-section\" id=\"Why_Hire_a_Private_Helicopter\"><\/span>Hvorfor leie et privat helikopter<span class=\"ez-toc-section-end\"><\/span><\/h2>\r\n\r\n\r\n\r\n<p>Fordelene ved \u00e5 leie et privat helikopter er mange. I tillegg til \u00e5 slippe k\u00f8en og \u00e5 m\u00f8te opp bare 20 minutter f\u00f8r flyvningen, er det flere andre grunner til at det er en god id\u00e9 \u00e5 leie sitt eget helikopter.<\/p>\r\n\r\n\r\n\r\n<ul class=\"wp-block-list\"><li>Spar tid ved \u00e5 g\u00e5 raskt gjennom innsjekking og passkontroll;<\/li><li>Imponer forretningspartnerne eller familien din;<\/li><li>Opplev en intim atmosf\u00e6re mens du flyr over de vakreste byene;<\/li><li>Nyt utsikten over vakre landskap fra luften;<\/li><li>Lettere \u00e5 lande sammenlignet med et jetfly;<\/li><li>N\u00e5 utilgjengelige steder takket v\u00e6re vertikal l\u00f8fting og landing;<\/li><li>Billigere enn et privatfly.<\/li><\/ul>\r\n\r\n\r\n\r\n<p>Som du ser, har private helikoptre et utall bruksomr\u00e5der, noe som er grunnen til at det \u00e5 leie et privat helikopter er blitt tilgjengelig for mange. La oss n\u00e5 ta en titt p\u00e5 kostnadene og g\u00e5 gjennom alle faktorene som p\u00e5virker prisen.<\/p>\r\n\r\n\r\n\r\n<div class=\"wp-block-image\"><figure class=\"aligncenter size-large\"><img loading=\"lazy\" decoding=\"async\" width=\"1024\" height=\"576\" src=\"https:\/\/comparemyjet.com\/wp-content\/uploads\/2021\/08\/How-Much-Does-It-Cost-to-Hire-a-Private-Helicopter-3-1024x576.jpg\" alt=\"penger i en krukke\" class=\"wp-image-2095\" srcset=\"https:\/\/comparemyjet.com\/wp-content\/uploads\/2021\/08\/How-Much-Does-It-Cost-to-Hire-a-Private-Helicopter-3-300x169.jpg 300w, https:\/\/comparemyjet.com\/wp-content\/uploads\/2021\/08\/How-Much-Does-It-Cost-to-Hire-a-Private-Helicopter-3-768x432.jpg 768w, https:\/\/comparemyjet.com\/wp-content\/uploads\/2021\/08\/How-Much-Does-It-Cost-to-Hire-a-Private-Helicopter-3-1024x576.jpg 1024w, https:\/\/comparemyjet.com\/wp-content\/uploads\/2021\/08\/How-Much-Does-It-Cost-to-Hire-a-Private-Helicopter-3.jpg 1152w\" sizes=\"auto, (max-width: 1024px) 100vw, 1024px\" \/><\/figure><\/div>\r\n\r\n\r\n\r\n<h2 class=\"wp-block-heading\"><span class=\"ez-toc-section\" id=\"Costs_To_Hire_a_Private_Helicopter\"><\/span>Kostnader for \u00e5 leie et privat helikopter<span class=\"ez-toc-section-end\"><\/span><\/h2>\r\n\r\n\r\n\r\n<p>P\u00e5 samme m\u00e5te som med jetfly avhenger prisen for \u00e5 leie et privat helikopter av mange variabler. En annen ting du b\u00f8r v\u00e6re oppmerksom p\u00e5, er at selskapene som regel kun tar betalt for selve <em>Sendetid<\/em>, som er forskjellig fra <em>Flytid<\/em>.&nbsp;<\/p>\r\n\r\n\r\n\r\n<p>Flytid betyr at \"taksameteret\" begynner \u00e5 tikke n\u00e5r helikopteret tar av, og stopper n\u00e5r det lander, slik at du kun betaler for den tiden du tilbringer i luften. P\u00e5 den annen side inkluderer flytiden hele tjenesten, fra ankomsttidspunktet, inkludert ventetid, til du lander.<\/p>\r\n\r\n\r\n\r\n<p>F\u00f8lgende punkter er avgj\u00f8rende n\u00e5r du skal fastsette prisen for \u00e5 leie et privat helikopter.<\/p>\r\n\r\n\r\n\r\n<ul class=\"wp-block-list\"><li><strong>Avreise og destinasjon<\/strong><\/li><\/ul>\r\n\r\n\r\n\r\n<p>Ikke bare er prisen forskjellig for ulike avgangs- og destinasjonssteder, som for eksempel fra <a href=\"https:\/\/comparemyjet.com\/nb\/london-to-moscow-private-flight-jet\/\" data-internallinksmanager029f6b8e52c=\"46\" title=\"London til Moskva med privatfly\">London til Moskva<\/a>eller fra <a href=\"https:\/\/comparemyjet.com\/nb\/private-tours\/paris-private-tours\/\" data-internallinksmanager029f6b8e52c=\"252\" title=\"11 beste private turer til Paris fra $68.94\">Paris<\/a> til <a href=\"https:\/\/comparemyjet.com\/nb\/private-tours\/nice-private-tours\/\" data-internallinksmanager029f6b8e52c=\"249\" title=\"11 beste private turer i Nice fra $37.66\">Hyggelig<\/a>, men noen ganger avhenger prisen ogs\u00e5 av flyplassen du tar av fra (det vil si hvis du ikke har en stor plass i et ubebodd omr\u00e5de der helikopteret kan lande og ta av), samt den du lander p\u00e5.<\/p>\r\n\r\n\r\n\r\n<ul class=\"wp-block-list\"><li><strong>Antall passasjerer<\/strong><\/li><\/ul>\r\n\r\n\r\n\r\n<p>N\u00e5r du leier et helikopter, har du vanligvis hele flyet for deg selv. Det er vanligvis \u00e9n pris for helikopteret, som passasjerene deretter deler p\u00e5. Hvis det bare er deg og en annen passasjer, blir det derfor dyrere enn hvis du for eksempel deler turen med et annet par.<\/p>\r\n\r\n\r\n\r\n<ul class=\"wp-block-list\"><li><strong>Type helikopter<\/strong><\/li><\/ul>\r\n\r\n\r\n\r\n<p>Akkurat som med leiebil vil en nyere og raskere modell v\u00e6re dyrere enn en brukt Toyota fra 1996. Slik er det ogs\u00e5 med helikoptre, der en ny og raskere <em>enmotors stempelmotor<\/em> flyet er din venn, og en <em>gassturbin med to motorer<\/em> helikopter vil skade lommeboken din ganske mye.<\/p>\r\n\r\n\r\n\r\n<p>La oss liste opp helikoptrene etter motortype, med utgangspunkt i den rimeligste.<\/p>\r\n\r\n\r\n\r\n<ol class=\"wp-block-list\"><li>\u00c9n motor med stempel<\/li><li>Gassturbin med \u00e9n motor<\/li><li>Gassturbin med to motorer<\/li><\/ol>\r\n\r\n\r\n\r\n<p>Dette er de tre kategoriene du m\u00e5 huske p\u00e5 for \u00e5 kunne avgj\u00f8re om et helikopter er dyrt eller rimelig \u00e5 leie.<\/p>\r\n\r\n\r\n\r\n<ul class=\"wp-block-list\"><li><strong>Varighet av flyvningen\/reisen<\/strong><\/li><\/ul>\r\n\r\n\r\n\r\n<p>Igjen er det en selvf\u00f8lge, men det er ting som er lette \u00e5 overse. Som oftest leier du et helikopter per time, men det finnes ogs\u00e5 dagspriser, spesielt hvis du planlegger \u00e5 overnatte i destinasjonsbyen.<\/p>\r\n\r\n\r\n\r\n<p>I slike tilfeller vil prisen g\u00e5 opp, ettersom du m\u00e5 betale for pilotens overnatting og m\u00e5ltider. S\u00e5 husk dette f\u00f8r du bestiller en tredagers tur.<\/p>\r\n\r\n\r\n\r\n<p>Noen ganger kan det v\u00e6re to piloter og en cateringtjeneste, og det m\u00e5 du ogs\u00e5 betale for. S\u00e5 n\u00e5r du bestiller et helikopter, m\u00e5 du forsikre deg om at bare de tjenestene du har bedt om, er inkludert.<\/p>\r\n\r\n\r\n\r\n<div class=\"wp-block-image\"><figure class=\"aligncenter size-large\"><img loading=\"lazy\" decoding=\"async\" width=\"1024\" height=\"594\" src=\"https:\/\/comparemyjet.com\/wp-content\/uploads\/2021\/08\/How-Much-Does-It-Cost-to-Hire-a-Private-Helicopter-5-1024x594.jpg\" alt=\"helikopter i luften\" class=\"wp-image-2097\" srcset=\"https:\/\/comparemyjet.com\/wp-content\/uploads\/2021\/08\/How-Much-Does-It-Cost-to-Hire-a-Private-Helicopter-5-300x174.jpg 300w, https:\/\/comparemyjet.com\/wp-content\/uploads\/2021\/08\/How-Much-Does-It-Cost-to-Hire-a-Private-Helicopter-5-768x445.jpg 768w, https:\/\/comparemyjet.com\/wp-content\/uploads\/2021\/08\/How-Much-Does-It-Cost-to-Hire-a-Private-Helicopter-5-1024x594.jpg 1024w, https:\/\/comparemyjet.com\/wp-content\/uploads\/2021\/08\/How-Much-Does-It-Cost-to-Hire-a-Private-Helicopter-5-1536x891.jpg 1536w, https:\/\/comparemyjet.com\/wp-content\/uploads\/2021\/08\/How-Much-Does-It-Cost-to-Hire-a-Private-Helicopter-5-2048x1188.jpg 2048w\" sizes=\"auto, (max-width: 1024px) 100vw, 1024px\" \/><\/figure><\/div>\r\n\r\n\r\n\r\n<h3 class=\"wp-block-heading\"><span class=\"ez-toc-section\" id=\"Pricing_Per_Hour\"><\/span>Pris per time<span class=\"ez-toc-section-end\"><\/span><\/h3>\r\n\r\n\r\n\r\n<p>Uavhengig av om helikopteret har \u00e9n eller to motorer, \u00e9n eller to piloter eller en cateringtjeneste, er det mest praktisk og vanlig \u00e5 leie per time. Jeg nevnte ogs\u00e5 at tjenesten ogs\u00e5 kan leies per dag, men det er sv\u00e6rt sjelden.<\/p>\r\n\r\n\r\n\r\n<p>La oss likevel gj\u00f8re ting mer oversiktlig med en generell prisliste. I tabellen nedenfor ser du prisene basert p\u00e5 antall passasjerer og helikopterets motor. Disse prisene er sv\u00e6rt generelle, men i den andre tabellen kan du ogs\u00e5 se prisene basert p\u00e5 destinasjon og antall timer.<\/p>\r\n\r\n\r\n\r\n<p>Hvert tall inkluderer kostnadene for <em>a<\/em> pilot ogs\u00e5.<\/p>\r\n\r\n\r\n\r\n<figure class=\"wp-block-table\"><table><tbody><tr><td>Antall passasjerer<\/td><td>Type helikopter\/antall motorer<\/td><td><a href=\"https:\/\/comparemyjet.com\/nb\/what-are-typical-jet-costs-per-hour\/\" data-internallinksmanager029f6b8e52c=\"29\" title=\"Hva koster et privatfly vanligvis per time?\">Pris per time<\/a> i USD ($)<\/td><\/tr><tr><td>1<\/td><td>\u00c9n motor med stempel<\/td><td>250 &#8211; 300<\/td><\/tr><tr><td>3<\/td><td>\u00c9n motor med stempel<\/td><td>450 &#8211; 550<\/td><\/tr><tr><td>4<\/td><td>\u00c9n motor med stempel<\/td><td>950 &#8211; 1,200<\/td><\/tr><tr><td>4<\/td><td>Gassturbin med \u00e9n motor<\/td><td>1,200 &#8211; 1,500<\/td><\/tr><tr><td>6<\/td><td>Gassturbin med \u00e9n motor<\/td><td>1,800 &#8211; 2,200<\/td><\/tr><tr><td>6<\/td><td>Gassturbin med to motorer<\/td><td>2,000 &#8211; 3,000<\/td><\/tr><tr><td>12<\/td><td>Gassturbin med to motorer<\/td><td>5,000 &#8211; 6,000<\/td><\/tr><\/tbody><\/table><\/figure>\r\n\r\n\r\n\r\n<p>Noen ganger hender det at et helikopter med en tomotors gassturbin er billigere enn et med en enmotors gassturbin. Det betyr som regel at helikoptermodellen er bedre, nyere eller rett og slett mer komfortabel.<\/p>\r\n\r\n\r\n\r\n<p>For eksempel kan en <a href=\"https:\/\/www.airbus.com\/helicopters\/civil-helicopters\/intermediate-single\/h130.html\" target=\"_blank\" rel=\"noreferrer noopener nofollow\">Airbus EC130\/H130<\/a> helikopter, som g\u00e5r p\u00e5 \u00e9n motor, kan koste mer enn et <a href=\"https:\/\/www.leonardocompany.com\/en\/products\/aw109-trekker\" target=\"_blank\" rel=\"noreferrer noopener nofollow\">Leonardo AW109<\/a>som har to motorer \"under panseret\". S\u00e5 l\u00e6r deg om helikoptre f\u00f8r du bestiller en flytur.<\/p>\r\n\r\n\r\n\r\n<h3 class=\"wp-block-heading\"><span class=\"ez-toc-section\" id=\"Pricing_Per_Hour_Including_Destinations\"><\/span>Priser per time (inkludert destinasjoner)<span class=\"ez-toc-section-end\"><\/span><\/h3>\r\n\r\n\r\n\r\n<div class=\"wp-block-image\"><figure class=\"aligncenter size-full\"><img loading=\"lazy\" decoding=\"async\" width=\"1024\" height=\"698\" src=\"https:\/\/comparemyjet.com\/wp-content\/uploads\/2021\/08\/How-Much-Does-It-Cost-to-Hire-a-Private-Helicopter-2.jpg\" alt=\"punkt a til punkt b\" class=\"wp-image-2094\" srcset=\"https:\/\/comparemyjet.com\/wp-content\/uploads\/2021\/08\/How-Much-Does-It-Cost-to-Hire-a-Private-Helicopter-2-300x204.jpg 300w, https:\/\/comparemyjet.com\/wp-content\/uploads\/2021\/08\/How-Much-Does-It-Cost-to-Hire-a-Private-Helicopter-2-768x524.jpg 768w, https:\/\/comparemyjet.com\/wp-content\/uploads\/2021\/08\/How-Much-Does-It-Cost-to-Hire-a-Private-Helicopter-2.jpg 1024w\" sizes=\"auto, (max-width: 1024px) 100vw, 1024px\" \/><\/figure><\/div>\r\n\r\n\r\n\r\n<p>Jeg vil bruke denne tabellen til \u00e5 vise hvordan prisene endres n\u00e5r du legger til eller utelukker en passasjer, og n\u00e5r du g\u00e5r fra en kort til en lengre reise. Eksemplene inkluderer noen av de mest popul\u00e6re destinasjonene, s\u00e5 kanskje du finner din egen.<\/p>\r\n\r\n\r\n\r\n<p>Vanligvis er prisen den samme for \u00e9n til fire passasjerer. Det skyldes, som vi allerede har nevnt, at du leier hele helikopteret som har plass til fire personer. Du m\u00e5 alts\u00e5 betale for hele flyet selv om du er den eneste passasjeren.<\/p>\r\n\r\n\r\n\r\n<p>Hvis du planlegger \u00e5 ta med en st\u00f8rre gruppe, eller flere enn fire personer, b\u00f8r du ringe til <a href=\"https:\/\/www.fairlifts.com\/\" target=\"_blank\" rel=\"noreferrer noopener nofollow\">et selskap<\/a> som tilbyr disse tjenestene, fordi ulike regler gjelder for ulike selskaper.<\/p>\r\n\r\n\r\n\r\n<p><strong>Rute: London, Storbritannia til Paris, Frankrike<\/strong><\/p>\r\n\r\n\r\n\r\n<figure class=\"wp-block-table\"><table><tbody><tr><td><strong>Antall passasjerer<\/strong><\/td><td><strong>Enveis<\/strong><\/td><td><strong>Toveis<\/strong><\/td><\/tr><tr><td>1-4<\/td><td>$8,000<\/td><td>$11,500<\/td><\/tr><\/tbody><\/table><\/figure>\r\n\r\n\r\n\r\n<p><strong>Rute: London, Storbritannia til <a href=\"https:\/\/comparemyjet.com\/nb\/private-tours\/rome-private-tours\/\" data-internallinksmanager029f6b8e52c=\"304\" title=\"11 beste private turer til Roma fra $23.77\">Roma<\/a>, Italia<\/strong><\/p>\r\n\r\n\r\n\r\n<figure class=\"wp-block-table\"><table><tbody><tr><td><strong>Antall passasjerer<\/strong><\/td><td><strong>Enveis<\/strong><\/td><td><strong>Toveis<\/strong><\/td><\/tr><tr><td>1-4<\/td><td>$7,900<\/td><td>$11,400<\/td><\/tr><\/tbody><\/table><\/figure>\r\n\r\n\r\n\r\n<p><strong>Rute: London, Storbritannia til <a href=\"https:\/\/comparemyjet.com\/nb\/private-jet-charters-to-geneva\/\" data-internallinksmanager029f6b8e52c=\"156\" title=\"Privatflycharter til Gen\u00e8ve\">Gen\u00e8ve<\/a>, Sveits<\/strong><\/p>\r\n\r\n\r\n\r\n<figure class=\"wp-block-table\"><table><tbody><tr><td><strong>Antall passasjerer<\/strong><\/td><td><strong>Enveis<\/strong><\/td><td><strong>Toveis<\/strong><\/td><\/tr><tr><td>1-4<\/td><td>$14,000<\/td><td>$20,500<\/td><\/tr><\/tbody><\/table><\/figure>\r\n\r\n\r\n\r\n<p><strong>Rute: <a href=\"https:\/\/comparemyjet.com\/nb\/private-tours\/new-york-city-private-tours\/\" data-internallinksmanager029f6b8e52c=\"427\" title=\"11 beste private turer i New York City fra $48.00\">New York<\/a>, USA til <a href=\"https:\/\/comparemyjet.com\/nb\/private-tours\/los-angeles-private-tours\/\" data-internallinksmanager029f6b8e52c=\"421\" title=\"11 beste private turer i Los Angeles fra $55.00\">Los Angeles<\/a>, USA<\/strong><\/p>\r\n\r\n\r\n\r\n<figure class=\"wp-block-table\"><table><tbody><tr><td><strong>Antall passasjerer<\/strong><\/td><td><strong>Enveis<\/strong><\/td><td><strong>Toveis<\/strong><\/td><\/tr><tr><td>1-4<\/td><td>$43,700<\/td><td>$45,000<\/td><\/tr><\/tbody><\/table><\/figure>\r\n\r\n\r\n\r\n<p><strong>Rute: <a href=\"https:\/\/comparemyjet.com\/nb\/private-tours\/singapore-private-tours\/\" data-internallinksmanager029f6b8e52c=\"348\" title=\"11 beste private turer i Singapore fra $75.55\">Singapore<\/a>, <a href=\"https:\/\/comparemyjet.com\/nb\/singapore-to-bangkok-private-flight-jet\/\" data-internallinksmanager029f6b8e52c=\"52\" title=\"Singapore til Bangkok med privatfly\">Singapore til Bangkok<\/a>Thailand<\/strong><\/p>\r\n\r\n\r\n\r\n<figure class=\"wp-block-table\"><table><tbody><tr><td><strong>Antall passasjerer<\/strong><\/td><td><strong>Enveis<\/strong><\/td><td><strong>Toveis<\/strong><\/td><\/tr><tr><td>1-4<\/td><td>$28,800<\/td><td>$45,000<\/td><\/tr><\/tbody><\/table><\/figure>\r\n\r\n\r\n\r\n<p><strong>Rute: Los Angeles, USA til <a href=\"https:\/\/comparemyjet.com\/nb\/private-tours\/las-vegas-private-tours\/\" data-internallinksmanager029f6b8e52c=\"419\" title=\"11 beste private turer i Las Vegas fra $90.00\">Las Vegas<\/a>, USA<\/strong><\/p>\r\n\r\n\r\n\r\n<figure class=\"wp-block-table\"><table><tbody><tr><td><strong>Antall passasjerer<\/strong><\/td><td><strong>Enveis<\/strong><\/td><td><strong>Toveis<\/strong><\/td><\/tr><tr><td>1-4<\/td><td>$7,300<\/td><td>$9,500<\/td><\/tr><\/tbody><\/table><\/figure>\r\n\r\n\r\n\r\n<p><strong>Rute: <a href=\"https:\/\/comparemyjet.com\/nb\/private-tours\/johannesburg-private-tours\/\" data-internallinksmanager029f6b8e52c=\"351\" title=\"11 beste private turer til Johannesburg fra $36.48\">Johannesburg<\/a>, S\u00f8r-Afrika til <a href=\"https:\/\/comparemyjet.com\/nb\/private-tours\/cape-town-private-tours\/\" data-internallinksmanager029f6b8e52c=\"349\" title=\"11 beste private turer til Cape Town fra $41.03\">Cape Town<\/a>, S\u00f8r-Afrika<\/strong><\/p>\r\n\r\n\r\n\r\n<figure class=\"wp-block-table\"><table><tbody><tr><td><strong>Antall passasjerer<\/strong><\/td><td><strong>Enveis<\/strong><\/td><td><strong>Toveis<\/strong><\/td><\/tr><tr><td>1-4<\/td><td>$18,700<\/td><td>$21,500<\/td><\/tr><\/tbody><\/table><\/figure>\r\n\r\n\r\n\r\n<p><strong>Rute: <a href=\"https:\/\/comparemyjet.com\/nb\/private-jet-charters-to-milan\/\" data-internallinksmanager029f6b8e52c=\"122\" title=\"Privatflycharter til Milano\">Milano<\/a>, Italia til <a href=\"https:\/\/comparemyjet.com\/nb\/private-jet-charters-to-ibiza\/\" data-internallinksmanager029f6b8e52c=\"133\" title=\"Privatflycharter til Ibiza\">Ibiza<\/a>, Spania<\/strong><\/p>\r\n\r\n\r\n\r\n<figure class=\"wp-block-table\"><table><tbody><tr><td><strong>Antall passasjerer<\/strong><\/td><td><strong>Enveis<\/strong><\/td><td><strong>Toveis<\/strong><\/td><\/tr><tr><td>1-4<\/td><td>$14,600<\/td><td>$17,000<\/td><\/tr><\/tbody><\/table><\/figure>\r\n\r\n\r\n\r\n<p><strong>Rute: Birmingham, Storbritannia til Paris, Frankrike<\/strong><\/p>\r\n\r\n\r\n\r\n<figure class=\"wp-block-table\"><table><tbody><tr><td><strong>Antall passasjerer<\/strong><\/td><td><strong>Enveis<\/strong><\/td><td><strong>Toveis<\/strong><\/td><\/tr><tr><td>1-4<\/td><td>$8,200<\/td><td>$10,100<\/td><\/tr><\/tbody><\/table><\/figure>\r\n\r\n\r\n\r\n<p><strong>Rute: London, Storbritannia til Amsterdan, Nederland<\/strong><\/p>\r\n\r\n\r\n\r\n<figure class=\"wp-block-table\"><table><tbody><tr><td><strong>Antall passasjerer<\/strong><\/td><td><strong>Enveis<\/strong><\/td><td><strong>Toveis<\/strong><\/td><\/tr><tr><td>1-4<\/td><td>$5,900<\/td><td>$7,100<\/td><\/tr><\/tbody><\/table><\/figure>\r\n\r\n\r\n\r\n<p><strong>Rute: <a href=\"https:\/\/comparemyjet.com\/nb\/private-tours\/toronto-private-tours\/\" data-internallinksmanager029f6b8e52c=\"218\" title=\"11 beste private turer i Toronto fra $35.81\">Toronto<\/a>, Canada til New York, USA<\/strong><\/p>\r\n\r\n\r\n\r\n<figure class=\"wp-block-table\"><table><tbody><tr><td><strong>Antall passasjerer<\/strong><\/td><td><strong>Enveis<\/strong><\/td><td><strong>Toveis<\/strong><\/td><\/tr><tr><td>1-4<\/td><td>$7,800<\/td><td>$9,000<\/td><\/tr><\/tbody><\/table><\/figure>\r\n\r\n\r\n\r\n<p><strong>Rute: <a href=\"https:\/\/comparemyjet.com\/nb\/private-tours\/atlanta-private-tours\/\" data-internallinksmanager029f6b8e52c=\"403\" title=\"11 beste private turer i Atlanta fra $89.99\">Atlanta<\/a>, USA til <a href=\"https:\/\/comparemyjet.com\/nb\/private-tours\/miami-private-tours\/\" data-internallinksmanager029f6b8e52c=\"422\" title=\"11 beste private turer i Miami fra $99.00\">Miami<\/a>, USA<\/strong><\/p>\r\n\r\n\r\n\r\n<figure class=\"wp-block-table\"><table><tbody><tr><td><strong>Antall passasjerer<\/strong><\/td><td><strong>Enveis<\/strong><\/td><td><strong>Toveis<\/strong><\/td><\/tr><tr><td>1-4<\/td><td>$10,400<\/td><td>$13,700<\/td><\/tr><\/tbody><\/table><\/figure>\r\n\r\n\r\n\r\n<p><strong>Rute: London, Storbritannia til Moskva, Russland<\/strong><\/p>\r\n\r\n\r\n\r\n<figure class=\"wp-block-table\"><table><tbody><tr><td><strong>Antall passasjerer<\/strong><\/td><td><strong>Enveis<\/strong><\/td><td><strong>Toveis<\/strong><\/td><\/tr><tr><td>1-4<\/td><td>$28,300<\/td><td>$31,200<\/td><\/tr><\/tbody><\/table><\/figure>\r\n\r\n\r\n\r\n<h2 class=\"wp-block-heading\"><span class=\"ez-toc-section\" id=\"Conclusion\"><\/span>Konklusjon<span class=\"ez-toc-section-end\"><\/span><\/h2>\r\n\r\n\r\n\r\n<div class=\"wp-block-image\"><figure class=\"aligncenter size-full\"><img loading=\"lazy\" decoding=\"async\" width=\"1024\" height=\"768\" src=\"https:\/\/comparemyjet.com\/wp-content\/uploads\/2021\/08\/How-Much-Does-It-Cost-to-Hire-a-Private-Helicopter-1.jpg\" alt=\"\" class=\"wp-image-2093\" srcset=\"https:\/\/comparemyjet.com\/wp-content\/uploads\/2021\/08\/How-Much-Does-It-Cost-to-Hire-a-Private-Helicopter-1-300x225.jpg 300w, https:\/\/comparemyjet.com\/wp-content\/uploads\/2021\/08\/How-Much-Does-It-Cost-to-Hire-a-Private-Helicopter-1-400x300.jpg 400w, https:\/\/comparemyjet.com\/wp-content\/uploads\/2021\/08\/How-Much-Does-It-Cost-to-Hire-a-Private-Helicopter-1-768x576.jpg 768w, https:\/\/comparemyjet.com\/wp-content\/uploads\/2021\/08\/How-Much-Does-It-Cost-to-Hire-a-Private-Helicopter-1-800x600.jpg 800w, https:\/\/comparemyjet.com\/wp-content\/uploads\/2021\/08\/How-Much-Does-It-Cost-to-Hire-a-Private-Helicopter-1.jpg 1024w\" sizes=\"auto, (max-width: 1024px) 100vw, 1024px\" \/><\/figure><\/div>\r\n\r\n\r\n\r\n<p>Det kan som sagt v\u00e6re ganske dyrt \u00e5 leie et privat helikopter, men det kan ogs\u00e5 v\u00e6re sv\u00e6rt rimelig hvis du f\u00f8lger tipsene v\u00e5re.<\/p>\r\n\r\n\r\n\r\n<p>For \u00e5 unng\u00e5 \u00e5 betale latterlig h\u00f8ye bel\u00f8p, b\u00f8r du s\u00f8rge for \u00e5 ta med s\u00e5 mange personer om bord som mulig, selvf\u00f8lgelig basert p\u00e5 helikopterets kapasitet. Du betaler for hele flyet, s\u00e5 jo flere passasjerer det er, desto mindre blir din andel.<\/p>\r\n\r\n\r\n\r\n<p>Antall passasjerer er ikke den eneste parameteren du m\u00e5 ta hensyn til. For eksempel spiller helikoptertypen ogs\u00e5 en stor rolle. Et enmotors stempelhelikopter er rimeligst \u00e5 leie, mens et enmotors gassturbinhelikopter koster noen kroner ekstra. Det dyreste alternativet er imidlertid \u00e5 leie et helikopter med en tomotors gassturbin.<\/p>\r\n\r\n\r\n\r\n<p>Andre parametere som kan \u00f8ke prisen, er en ekstra pilot eller en overnatting f\u00f8r hjemreise. Husk at du ogs\u00e5 er forpliktet til \u00e5 betale for mannskapets opphold og m\u00e5ltider under turen.<\/p>\r\n\r\n\r\n\r\n<p>I tr\u00e5d med denne logikken kan det \u00e5 leie et privat helikopter koste s\u00e5 lite som $300 for korte turer i et mindre kraftig helikopter, men kan komme opp i sv\u00e6rt h\u00f8ye bel\u00f8p, opptil flere tusen dollar, hvis destinasjonen og flytypen krever det.<\/p>","protected":false},"excerpt":{"rendered":"<p>\u00c5 leie et privat helikopter er ikke lenger noe bare de superrike har r\u00e5d til, og det kan gj\u00f8res av mange forskjellige grunner. Luksusreiser og en personlig reiseopplevelse er grunn nok til \u00e5 leie et helikopter, eller kanskje du er flink til \u00e5 gi gaver og vil overraske dine n\u00e6rmeste med en privat flytur til ...<\/p>","protected":false},"author":1,"featured_media":2096,"parent":0,"menu_order":0,"comment_status":"closed","ping_status":"closed","template":"","meta":{"_acf_changed":false,"_genesis_hide_title":false,"_genesis_hide_breadcrumbs":false,"_genesis_hide_singular_image":false,"_genesis_hide_footer_widgets":false,"_genesis_custom_body_class":"","_genesis_custom_post_class":"","_genesis_layout":"","footnotes":""},"class_list":{"1":"page","2":"type-page","6":"entry"},"acf":[],"_links":{"self":[{"href":"https:\/\/comparemyjet.com\/nb\/wp-json\/wp\/v2\/pages\/2092","targetHints":{"allow":["GET"]}}],"collection":[{"href":"https:\/\/comparemyjet.com\/nb\/wp-json\/wp\/v2\/pages"}],"about":[{"href":"https:\/\/comparemyjet.com\/nb\/wp-json\/wp\/v2\/types\/page"}],"author":[{"embeddable":true,"href":"https:\/\/comparemyjet.com\/nb\/wp-json\/wp\/v2\/users\/1"}],"replies":[{"embeddable":true,"href":"https:\/\/comparemyjet.com\/nb\/wp-json\/wp\/v2\/comments?post=2092"}],"version-history":[{"count":5,"href":"https:\/\/comparemyjet.com\/nb\/wp-json\/wp\/v2\/pages\/2092\/revisions"}],"predecessor-version":[{"id":3274,"href":"https:\/\/comparemyjet.com\/nb\/wp-json\/wp\/v2\/pages\/2092\/revisions\/3274"}],"wp:featuredmedia":[{"embeddable":true,"href":"https:\/\/comparemyjet.com\/nb\/wp-json\/wp\/v2\/media\/2096"}],"wp:attachment":[{"href":"https:\/\/comparemyjet.com\/nb\/wp-json\/wp\/v2\/media?parent=2092"}],"curies":[{"name":"wp","href":"https:\/\/api.w.org\/{rel}","templated":true}]}}