{"id":2132,"date":"2021-09-10T21:15:43","date_gmt":"2021-09-10T21:15:43","guid":{"rendered":"https:\/\/comparemyjet.com\/?page_id=2132"},"modified":"2025-09-04T09:58:22","modified_gmt":"2025-09-04T09:58:22","slug":"how-much-medical-flights-medevac-air-ambulance-cost","status":"publish","type":"page","link":"https:\/\/comparemyjet.com\/nb\/how-much-medical-flights-medevac-air-ambulance-cost\/","title":{"rendered":"Hvor mye koster medisinske flyreiser, Medevac og luftambulansetjenester?"},"content":{"rendered":"<p>Flytransport til medisinske form\u00e5l har bidratt til \u00e5 redde mange liv de siste ti\u00e5rene. Disse transportformene er spesielt effektive under dramatiske omstendigheter og i landlige og ville omr\u00e5der, siden de kan bringe den skadde til n\u00e6rmeste sykehus p\u00e5 under en time.<\/p>\n\n\n\n<p>P\u00e5 den annen side kan disse tjenestene f\u00f8re til store medisinske regninger som pasientene ikke er forberedt p\u00e5, siden de fleste sykeforsikringer ikke dekker dem.<\/p>\n\n\n\n<p>N\u00e5r behandlingen er over, sitter pasientene igjen og lurer p\u00e5 hvordan og hvorfor (mindre enn) en times flytur koster s\u00e5 mye.<\/p>\n\n\n\n<p>I denne artikkelen gir vi deg en oversikt over prisene p\u00e5 medisinske flyreiser, medisinsk evakuering og luftambulansetjenester, og pr\u00f8ver \u00e5 forklare variablene som p\u00e5virker den endelige prisen.<\/p>\n\n\n\n<p>Jeg vil ikke at du skal bli forvirret fra starten av, s\u00e5 husk at en medisinsk flyvning er enhver flyvning som har noe med medisinsk behandling \u00e5 gj\u00f8re. Medevac er et begrep som brukes for \"\u00e5 redde noen med et fly\", og en luftambulanse er et faktisk fly som flyr til stedet.<\/p>\n\n\n\n<div id=\"ez-toc-container\" class=\"ez-toc-v2_0_76 counter-hierarchy ez-toc-counter ez-toc-grey ez-toc-container-direction\">\n<p class=\"ez-toc-title\" style=\"cursor:inherit\">Temaer<\/p>\n<label for=\"ez-toc-cssicon-toggle-item-69e3eb568da0f\" class=\"ez-toc-cssicon-toggle-label\"><span class=\"\"><span class=\"eztoc-hide\" style=\"display:none;\">Toggle<\/span><span class=\"ez-toc-icon-toggle-span\"><svg style=\"fill: #999;color:#999\" xmlns=\"http:\/\/www.w3.org\/2000\/svg\" class=\"list-377408\" width=\"20px\" height=\"20px\" viewbox=\"0 0 24 24\" fill=\"none\"><path d=\"M6 6H4v2h2V6zm14 0H8v2h12V6zM4 11h2v2H4v-2zm16 0H8v2h12v-2zM4 16h2v2H4v-2zm16 0H8v2h12v-2z\" fill=\"currentColor\"><\/path><\/svg><svg style=\"fill: #999;color:#999\" class=\"arrow-unsorted-368013\" xmlns=\"http:\/\/www.w3.org\/2000\/svg\" width=\"10px\" height=\"10px\" viewbox=\"0 0 24 24\" version=\"1.2\" baseprofile=\"tiny\"><path d=\"M18.2 9.3l-6.2-6.3-6.2 6.3c-.2.2-.3.4-.3.7s.1.5.3.7c.2.2.4.3.7.3h11c.3 0 .5-.1.7-.3.2-.2.3-.5.3-.7s-.1-.5-.3-.7zM5.8 14.7l6.2 6.3 6.2-6.3c.2-.2.3-.5.3-.7s-.1-.5-.3-.7c-.2-.2-.4-.3-.7-.3h-11c-.3 0-.5.1-.7.3-.2.2-.3.5-.3.7s.1.5.3.7z\"\/><\/svg><\/span><\/span><\/label><input type=\"checkbox\"  id=\"ez-toc-cssicon-toggle-item-69e3eb568da0f\" checked aria-label=\"Toggle\" \/><nav><ul class='ez-toc-list ez-toc-list-level-1' ><li class='ez-toc-page-1 ez-toc-heading-level-2'><a class=\"ez-toc-link ez-toc-heading-1\" href=\"https:\/\/comparemyjet.com\/nb\/how-much-medical-flights-medevac-air-ambulance-cost\/#What_Are_Medical_Flights\" >Hva er medisinske flyreiser?<\/a><ul class='ez-toc-list-level-3' ><li class='ez-toc-heading-level-3'><a class=\"ez-toc-link ez-toc-heading-2\" href=\"https:\/\/comparemyjet.com\/nb\/how-much-medical-flights-medevac-air-ambulance-cost\/#Medical_Flights_Costs\" >Kostnader for medisinske flyreiser<\/a><ul class='ez-toc-list-level-4' ><li class='ez-toc-heading-level-4'><a class=\"ez-toc-link ez-toc-heading-3\" href=\"https:\/\/comparemyjet.com\/nb\/how-much-medical-flights-medevac-air-ambulance-cost\/#Medical_Flights_Membership_Programs\" >Medlemskapsprogrammer for Medical Flights<\/a><\/li><\/ul><\/li><\/ul><\/li><li class='ez-toc-page-1 ez-toc-heading-level-2'><a class=\"ez-toc-link ez-toc-heading-4\" href=\"https:\/\/comparemyjet.com\/nb\/how-much-medical-flights-medevac-air-ambulance-cost\/#What_Is_Medevac\" >Hva er Medevac?<\/a><ul class='ez-toc-list-level-3' ><li class='ez-toc-heading-level-3'><a class=\"ez-toc-link ez-toc-heading-5\" href=\"https:\/\/comparemyjet.com\/nb\/how-much-medical-flights-medevac-air-ambulance-cost\/#Air_Ambulance\" >Luftambulanse<\/a><\/li><li class='ez-toc-page-1 ez-toc-heading-level-3'><a class=\"ez-toc-link ez-toc-heading-6\" href=\"https:\/\/comparemyjet.com\/nb\/how-much-medical-flights-medevac-air-ambulance-cost\/#Medevac_Costs_Air_Ambulance\" >Medevac-kostnader (luftambulanse)<\/a><ul class='ez-toc-list-level-4' ><li class='ez-toc-heading-level-4'><a class=\"ez-toc-link ez-toc-heading-7\" href=\"https:\/\/comparemyjet.com\/nb\/how-much-medical-flights-medevac-air-ambulance-cost\/#Medevac_Insurance\" >Medevac-forsikring<\/a><\/li><\/ul><\/li><\/ul><\/li><li class='ez-toc-page-1 ez-toc-heading-level-2'><a class=\"ez-toc-link ez-toc-heading-8\" href=\"https:\/\/comparemyjet.com\/nb\/how-much-medical-flights-medevac-air-ambulance-cost\/#Types_Of_Air_Ambulances\" >Typer av luftambulanser<\/a><ul class='ez-toc-list-level-3' ><li class='ez-toc-heading-level-3'><a class=\"ez-toc-link ez-toc-heading-9\" href=\"https:\/\/comparemyjet.com\/nb\/how-much-medical-flights-medevac-air-ambulance-cost\/#Turboprop_Air_Ambulances\" >Turboprop-luftambulanser<\/a><\/li><li class='ez-toc-page-1 ez-toc-heading-level-3'><a class=\"ez-toc-link ez-toc-heading-10\" href=\"https:\/\/comparemyjet.com\/nb\/how-much-medical-flights-medevac-air-ambulance-cost\/#Jet_Plane_Ambulances\" >Ambulanser med jetfly<\/a><\/li><\/ul><\/li><li class='ez-toc-page-1 ez-toc-heading-level-2'><a class=\"ez-toc-link ez-toc-heading-11\" href=\"https:\/\/comparemyjet.com\/nb\/how-much-medical-flights-medevac-air-ambulance-cost\/#Summary\" >Sammendrag<\/a><\/li><\/ul><\/nav><\/div>\n<h2 class=\"wp-block-heading\"><span class=\"ez-toc-section\" id=\"What_Are_Medical_Flights\"><\/span>Hva er medisinske flyreiser?<span class=\"ez-toc-section-end\"><\/span><\/h2>\n\n\n\n<p>En medisinsk flyvning er flytransport av syke eller skadde personer som trenger umiddelbar medisinsk behandling under flyvningen. Disse flyvningene er sv\u00e6rt medisinsk utstyrt med n\u00f8dvendige maskiner og medisiner, og flyet er konstruert for \u00e5 sikre tryggest mulig pasienttransport.<\/p>\n\n\n\n<p>Denne transporten er vanligvis n\u00f8dvendig i ekstreme tilfeller, for eksempel ved skader p\u00e5 landsbygda eller i naturen, sjeldne sykdommer, sykdommer eller skader som er oppst\u00e5tt i utlandet og som m\u00e5 behandles umiddelbart i pasientens hjemland.<\/p>\n\n\n\n<h3 class=\"wp-block-heading\"><span class=\"ez-toc-section\" id=\"Medical_Flights_Costs\"><\/span>Kostnader for medisinske flyreiser<span class=\"ez-toc-section-end\"><\/span><\/h3>\n\n\n\n<p>I likhet med vanlige bestillinger kan medisinske flyreiser variere avhengig av en rekke variabler.<\/p>\n\n\n\n<p>I henhold til <a href=\"https:\/\/content.naic.org\/cipr_topics\/topic_air_ambulances.htm\" target=\"_blank\" rel=\"noreferrer noopener nofollow\">National Association of Insurance Commissioners fra USA<\/a>Gjennomsnittsprisen for en luftambulanseflyging regnes i titusenvis av kroner, men den kan ogs\u00e5 komme opp i ekstreme bel\u00f8p, avhengig av omstendighetene.<\/p>\n\n\n\n<p>Det er flere grunner til at denne typen transport er s\u00e5 dyr. For det f\u00f8rste er det selve flyet, som kan koste millioner av kroner. <a href=\"https:\/\/www.doi.sc.gov\/DocumentCenter\/View\/7877\/Consumer-Alert-Understanding-Air-Ambulance-Insurance\" target=\"_blank\" rel=\"noreferrer noopener nofollow\">dollar<\/a>Deretter kommer kostnader til vedlikehold og medisinsk utstyr for \u00e5 sikre sikkerhet og drift gjennom hele \u00e5ret. I tillegg kommer kostnader til medisinsk personale, hvis l\u00f8nn vanligvis er h\u00f8yere enn l\u00f8nnen til vanlig medisinsk personale, og avhengig av omstendighetene kan antallet besetningsmedlemmer om bord variere, slik at denne variabelen ogs\u00e5 p\u00e5virker den endelige prisen p\u00e5 tjenesten.<\/p>\n\n\n\n<p>Alvorlighetsgraden av skaden eller tilstanden er en annen viktig faktor som p\u00e5virker prisen p\u00e5 tjenesten, fordi den medf\u00f8rer en rekke andre kostnader, for eksempel type behandling som brukes p\u00e5 flyvningen, utstyr og medisiner som brukes osv.<\/p>\n\n\n\n<p>Hvis flyreisen foreg\u00e5r lokalt, for eksempel i USA, vil prisen v\u00e6re mye lavere enn hvis pasienten skal fraktes hjem fra utlandet.<\/p>\n\n\n\n<p>If\u00f8lge <a href=\"https:\/\/leg.mt.gov\/content\/Committees\/Interim\/2015-2016\/Economic-Affairs\/Meetings\/Dec-2015\/hjr29-survey-responses.pdf\" target=\"_blank\" rel=\"noreferrer noopener nofollow\">Montanas lovgivende forsamling<\/a> studie er kostnadene for en medisinsk flyvning delt inn i startavgifter, som varierer mellom $8,500 og $15,200, og avgifter per mil, som varierer mellom $26 og $133 per mil.<\/p>\n\n\n\n<h4 class=\"wp-block-heading\"><span class=\"ez-toc-section\" id=\"Medical_Flights_Membership_Programs\"><\/span>Medlemskapsprogrammer for Medical Flights<span class=\"ez-toc-section-end\"><\/span><\/h4>\n\n\n\n<p>For de som av en eller annen grunn mistenker at de kan ha behov for denne tjenesten, kan de melde seg p\u00e5 medlemsprogrammer som ulike flymedisinske selskaper tilbyr. Slike programmer er utformet slik at de ikke overstiger kostnadene som dekkes av brukerens helseforsikringsselskap.&nbsp;<\/p>\n\n\n\n<p>For eksempel kan <a href=\"https:\/\/www.airmedcarenetwork.com\/\" target=\"_blank\" rel=\"noreferrer noopener nofollow\">AirMed-nettverket<\/a> medlemskap koster bare $85 per \u00e5r, per husstand, mens <a href=\"https:\/\/airmed.com\/Membership\/All-Plans\" target=\"_blank\" rel=\"noreferrer noopener nofollow\">AirMed<\/a> tilbyr individuelle medlemskap og familiemedlemskap p\u00e5 ett, tre og fem \u00e5r.<\/p>\n\n\n\n<p>N\u00e5 som vi har forklart hva medisinske flyvninger er, skal vi se p\u00e5 hva medivac er.<\/p>\n\n\n\n<h2 class=\"wp-block-heading\"><span class=\"ez-toc-section\" id=\"What_Is_Medevac\"><\/span>Hva er Medevac?<span class=\"ez-toc-section-end\"><\/span><\/h2>\n\n\n\n<p>Medevac er en forkortelse som st\u00e5r for Medical Evacuation Coverage, og refererer til fly- eller helikoptertransport av milit\u00e6re eller andre skadde personer til n\u00e6rmeste sykehus eller legesenter.<\/p>\n\n\n\n<div class=\"wp-block-image\"><figure class=\"aligncenter size-large\"><img loading=\"lazy\" decoding=\"async\" width=\"1024\" height=\"690\" src=\"https:\/\/comparemyjet.com\/wp-content\/uploads\/2021\/09\/How-Much-Do-medical-Flights-Medevac-and-Air-Ambulance-Services-Cost-4-1024x690.jpg\" alt=\"H\u00e6rens helikopter\" class=\"wp-image-2137\" srcset=\"https:\/\/comparemyjet.com\/wp-content\/uploads\/2021\/09\/How-Much-Do-medical-Flights-Medevac-and-Air-Ambulance-Services-Cost-4-300x202.jpg 300w, https:\/\/comparemyjet.com\/wp-content\/uploads\/2021\/09\/How-Much-Do-medical-Flights-Medevac-and-Air-Ambulance-Services-Cost-4-768x517.jpg 768w, https:\/\/comparemyjet.com\/wp-content\/uploads\/2021\/09\/How-Much-Do-medical-Flights-Medevac-and-Air-Ambulance-Services-Cost-4-1024x690.jpg 1024w, https:\/\/comparemyjet.com\/wp-content\/uploads\/2021\/09\/How-Much-Do-medical-Flights-Medevac-and-Air-Ambulance-Services-Cost-4-1536x1035.jpg 1536w, https:\/\/comparemyjet.com\/wp-content\/uploads\/2021\/09\/How-Much-Do-medical-Flights-Medevac-and-Air-Ambulance-Services-Cost-4.jpg 1600w\" sizes=\"auto, (max-width: 1024px) 100vw, 1024px\" \/><\/figure><\/div>\n\n\n\n<p>Det er en effektiv transportform med profesjonell medisinsk behandling p\u00e5 flyet for personer som har blitt skadet og har behov for umiddelbar og rask medisinsk hjelp. Det brukes oftest p\u00e5 slagmarker for \u00e5 transportere skadde sivile eller milit\u00e6rpersoner, men det brukes ogs\u00e5 p\u00e5 landsbygda n\u00e5r pasienter trenger akutt sykehusbehandling.<\/p>\n\n\n\n<p>Eksempler p\u00e5 medevac er ambulansebiler, milit\u00e6re luftambulanser eller flymedisinske tjenester for sivile, samt fly som transporterer skadde fra slagmarken til sykehus eller traumesenter.<\/p>\n\n\n\n<h3 class=\"wp-block-heading\"><span class=\"ez-toc-section\" id=\"Air_Ambulance\"><\/span>Luftambulanse<span class=\"ez-toc-section-end\"><\/span><\/h3>\n\n\n\n<p>I virkeligheten kalles alle helikoptre og fly som tilbyr umiddelbar eller regelmessig transport til et sykehus eller traumesenter for luftambulanser. Det viktigste du trenger for \u00e5 utf\u00f8re en medisinsk evakueringsdekning (Medevac) er en luftambulanse.<\/p>\n\n\n\n<p>Pasienter som bruker luftambulansene, trenger ikke n\u00f8dvendigvis \u00e5 v\u00e6re \"et hastetilfelle\" - de kan rett og slett v\u00e6re for svake til \u00e5 reise med et kommersielt fly.&nbsp;<\/p>\n\n\n\n<p>En luftambulanse er et velutstyrt forretningsfly som gir ekstrem komfort og omsorg. Det er selvsagt ingens dr\u00f8m \u00e5 fly med en luftambulanse. <em>Ambulanse<\/em>.<\/p>\n\n\n\n<p>Noen ganger h\u00f8rer du folk bruke begrepet <em>redningsfly<\/em> n\u00e5r de egentlig mener luftambulanse.<\/p>\n\n\n\n<div class=\"wp-block-image\"><figure class=\"aligncenter size-full\"><img loading=\"lazy\" decoding=\"async\" width=\"1024\" height=\"682\" src=\"https:\/\/comparemyjet.com\/wp-content\/uploads\/2021\/09\/How-Much-Do-medical-Flights-Medevac-and-Air-Ambulance-Services-Cost-2.jpg\" alt=\"gult legehelikopter\" class=\"wp-image-2135\" srcset=\"https:\/\/comparemyjet.com\/wp-content\/uploads\/2021\/09\/How-Much-Do-medical-Flights-Medevac-and-Air-Ambulance-Services-Cost-2-300x200.jpg 300w, https:\/\/comparemyjet.com\/wp-content\/uploads\/2021\/09\/How-Much-Do-medical-Flights-Medevac-and-Air-Ambulance-Services-Cost-2-768x512.jpg 768w, https:\/\/comparemyjet.com\/wp-content\/uploads\/2021\/09\/How-Much-Do-medical-Flights-Medevac-and-Air-Ambulance-Services-Cost-2.jpg 1024w\" sizes=\"auto, (max-width: 1024px) 100vw, 1024px\" \/><\/figure><\/div>\n\n\n\n<p>Det er ikke en regel, men hvis saken ikke haster, og det bare er behov for \u00e5 transportere en person fra punkt A til punkt B, der <em>B <\/em>er en medisinsk institusjon, vil et fly bli brukt. Et jetfly vil imidlertid ogs\u00e5 bli brukt hvis det haster, men behandlingsstedet ligger langt unna, for eksempel over 300 mil.<\/p>\n\n\n\n<p>P\u00e5 den annen side brukes helikopter i mer akutte tilfeller, der det er et umiddelbart behov for \u00e5 transportere personen til et sykehus eller traumesenter. Helikoptre brukes ogs\u00e5 til kortere avstander som ikke haster, der det ikke l\u00f8nner seg \u00e5 ta et fly.<\/p>\n\n\n\n<h3 class=\"wp-block-heading\"><span class=\"ez-toc-section\" id=\"Medevac_Costs_Air_Ambulance\"><\/span>Medevac-kostnader (luftambulanse)<span class=\"ez-toc-section-end\"><\/span><\/h3>\n\n\n\n<p>Akkurat som medisinske flyvninger er ogs\u00e5 medisinsk evakuering ganske dyrt, og den medisinske regningen kan etterlate mottakeren i sjokk.<\/p>\n\n\n\n<p>N\u00e5r det gjelder prisdannelsen, gjelder de samme variablene som i forrige eksempel: avstand, lokal eller internasjonal flyvning, skadens alvorlighetsgrad, antall ansatte, flytype, type behandling osv. Gjennomsnittsprisen og den laveste prisen er likevel lavere enn for medisinske flyreiser.<\/p>\n\n\n\n<p>I Nord-Amerika koster Medevac i gjennomsnitt rundt $25 000, mens evakuering fra Europa til Nord-Amerika i gjennomsnitt kan koste rundt $100 000. Gjennomsnittsprisen for evakuering fra andre steder er ca. $250 000.<\/p>\n\n\n\n<p>Et tillegg p\u00e5 $11,000 for lokale flyvninger og opptil $25,000 kan v\u00e6re n\u00f8dvendig hvis det er behov for sykepleiereskorte.<\/p>\n\n\n\n<p>Kostnadene ved hjemtransport kan totalt sett komme opp i $1 million hvis pasienten er alvorlig skadet, befinner seg p\u00e5 et vanskelig tilgjengelig sted eller er sv\u00e6rt langt unna.<\/p>\n\n\n\n<h4 class=\"wp-block-heading\"><span class=\"ez-toc-section\" id=\"Medevac_Insurance\"><\/span>Medevac-forsikring<span class=\"ez-toc-section-end\"><\/span><\/h4>\n\n\n\n<p>Men ogs\u00e5 dette kan l\u00f8ses med en forsikring for medisinsk evakuering som tilbys av de fleste reiseforsikringsselskaper og enkelte kredittkort. Det er ogs\u00e5 mulig \u00e5 kj\u00f8pe en ren medevac-forsikring, som dekker flere kostnader enn den vanlige reiseforsikringen. Eksempler p\u00e5 selskaper som tilbyr medisinsk evakuering er <a href=\"https:\/\/www.travelguard.com\/travel-insurance\/benefits\/medevac\" target=\"_blank\" rel=\"noreferrer noopener nofollow\">Reisevakt<\/a>, <a href=\"https:\/\/medjetassist.com\/\" target=\"_blank\" rel=\"noreferrer noopener nofollow\">MedJet<\/a>, <a href=\"https:\/\/www.allianzcare.com\/en\/about-us\/blog\/2015\/09\/medical-evacuation-and-repatriation-insurance-cover.html\" target=\"_blank\" rel=\"noreferrer noopener nofollow\">Allianzcare<\/a>, <a href=\"https:\/\/www.travelmedevac.com\/\" target=\"_blank\" rel=\"noreferrer noopener nofollow\">Medisinsk evakuering p\u00e5 reise<\/a>eller <a href=\"https:\/\/medjetassist.com\/resources\/medical-evacuation-insurance\" target=\"_blank\" rel=\"noreferrer noopener nofollow\">Med Jet Assist<\/a>.<\/p>\n\n\n\n<p>Medevac-forsikring anbefales p\u00e5 det sterkeste hvis du skal p\u00e5 cruisereise, eller hvis du skal bes\u00f8ke et utviklingsland langt unna der du vet at du ikke vil kunne f\u00e5 skikkelig medisinsk behandling.<\/p>\n\n\n\n<p>Hvis du bestemmer deg for \u00e5 tegne en evakueringsforsikring, m\u00e5 du ta en beslutning om hvilken dekning som passer for dine behov. Dette b\u00f8r avgj\u00f8res ved \u00e5 ta hensyn til f\u00f8lgende faktorer:<br><\/p>\n\n\n\n<ul class=\"wp-block-list\"><li>Flyr du lokalt eller internasjonalt?<\/li><li>Skal du p\u00e5 en kort eller lang reise?<\/li><li>Hva er stedet for reisen din?<\/li><li>Hva g\u00e5r reisen din ut p\u00e5?<\/li><\/ul>\n\n\n\n<p>Disse sp\u00f8rsm\u00e5lene skal hjelpe deg med \u00e5 foreta en presis risikovurdering og analysere n\u00f8dvendigheten av \u00e5 betale for en evakueringsforsikring.<\/p>\n\n\n\n<h2 class=\"wp-block-heading\"><span class=\"ez-toc-section\" id=\"Types_Of_Air_Ambulances\"><\/span>Typer av luftambulanser<span class=\"ez-toc-section-end\"><\/span><\/h2>\n\n\n\n<p>Som avgeek var det f\u00f8rste jeg tenkte p\u00e5 da jeg h\u00f8rte om medisinske flyvninger, hvilke flytyper de bruker. Er dette de samme flyene som brukes til private flyvninger eller som du kan finne p\u00e5 flydelingsapper?<\/p>\n\n\n\n<div class=\"wp-block-image\"><figure class=\"aligncenter size-full\"><img loading=\"lazy\" decoding=\"async\" width=\"1024\" height=\"684\" src=\"https:\/\/comparemyjet.com\/wp-content\/uploads\/2021\/09\/How-Much-Do-medical-Flights-Medevac-and-Air-Ambulance-Services-Cost-3.jpg\" alt=\"lett medisinsk jetfly\" class=\"wp-image-2136\" srcset=\"https:\/\/comparemyjet.com\/wp-content\/uploads\/2021\/09\/How-Much-Do-medical-Flights-Medevac-and-Air-Ambulance-Services-Cost-3-300x200.jpg 300w, https:\/\/comparemyjet.com\/wp-content\/uploads\/2021\/09\/How-Much-Do-medical-Flights-Medevac-and-Air-Ambulance-Services-Cost-3-768x513.jpg 768w, https:\/\/comparemyjet.com\/wp-content\/uploads\/2021\/09\/How-Much-Do-medical-Flights-Medevac-and-Air-Ambulance-Services-Cost-3.jpg 1024w\" sizes=\"auto, (max-width: 1024px) 100vw, 1024px\" \/><\/figure><\/div>\n\n\n\n<p>Det viser seg at det finnes spesielle modeller som er <em>for det meste <\/em>brukes som luftambulanser, dvs. til evakueringsform\u00e5l. To hovedtyper av fly er turboprop- og jetfly. Begge typer har sitt form\u00e5l, sin tid og sitt sted n\u00e5r de brukes.<\/p>\n\n\n\n<p>For ordens skyld: Det finnes mange <a href=\"https:\/\/greatflight.com\/blog\/turboprop-vs-jet\/\" target=\"_blank\" rel=\"noreferrer noopener nofollow\">forskjeller<\/a> mellom et turboprop- og et jetfly. Den st\u00f8rste er at et turbopropfly har en hybridmotor som kombinerer en jetmotor som driver propellen p\u00e5 flyet, som i gamle dager, mens et jetfly selvsagt bare har en jetmotor.&nbsp;&nbsp;<\/p>\n\n\n\n<h3 class=\"wp-block-heading\"><span class=\"ez-toc-section\" id=\"Turboprop_Air_Ambulances\"><\/span>Turboprop-luftambulanser<span class=\"ez-toc-section-end\"><\/span><\/h3>\n\n\n\n<p>N\u00e5r sant skal sies, er turbopropfly litt tregere enn jetfly, men har sine egne fordeler. Et turbopropfly kan lande p\u00e5 mindre regionale flyplasser, ta av fra kortere rullebaner og er mye billigere \u00e5 vedlikeholde og drifte.<\/p>\n\n\n\n<p>Turbopropfly kan lande mye n\u00e6rmere m\u00e5let, noe som betyr at personen i n\u00f8d kommer raskere inn i flyet. Noen typiske turboprop-luftambulanser er <a href=\"https:\/\/www.aopa.org\/go-fly\/aircraft-and-ownership\/aircraft-fact-sheets\/beechcraft-king-air-90\" target=\"_blank\" rel=\"noreferrer noopener nofollow\">Beechcraft King Air 90<\/a>, <a href=\"https:\/\/www.medical-air-service.com\/aircrafts\/beechcraft-king-air-200_79.html\" target=\"_blank\" rel=\"noreferrer noopener nofollow\">Beechcraft King Air 200<\/a>eller <a href=\"https:\/\/www.medical-air-service.com\/aircrafts\/piper-pa-42-720-cheyenne-iiia_260.html\" target=\"_blank\" rel=\"noreferrer noopener nofollow\">Piper PA-42-720 Cheyenne<\/a>.<\/p>\n\n\n\n<h3 class=\"wp-block-heading\"><span class=\"ez-toc-section\" id=\"Jet_Plane_Ambulances\"><\/span>Ambulanser med jetfly<span class=\"ez-toc-section-end\"><\/span><\/h3>\n\n\n\n<p>I motsetning til turbopropfly er jetambulanser mye raskere. Disse brukes hvis pasienten befinner seg i en alvorlig og akutt situasjon. En jetambulanse kan raskt transportere en pasient fra ett kontinent til et annet.<\/p>\n\n\n\n<p>Selvf\u00f8lgelig er det andre komplikasjoner knyttet til jetflyambulanser, og det er terrenget som ikke alltid er egnet, samt h\u00f8ye vedlikeholdskostnader. Noen typiske jetambulanser vil v\u00e6re <a href=\"https:\/\/cessna.txtav.com\/en\/citation\/m2\" target=\"_blank\" rel=\"noreferrer noopener nofollow\">Sitat Mustang<\/a>, den <a href=\"https:\/\/www.aso.com\/listings\/spec\/ViewAd.aspx?id=187127&amp;listingType=true&amp;\" target=\"_blank\" rel=\"noreferrer noopener nofollow\">Hawker<\/a>, <a href=\"https:\/\/www.boeing.com\/commercial\/bbj\/\" target=\"_blank\" rel=\"noreferrer noopener nofollow\">Boeing Business<\/a>eller <a href=\"https:\/\/businessaircraft.bombardier.com\/en\/challenger-family\" target=\"_blank\" rel=\"noreferrer noopener nofollow\">Bombardier Challenger<\/a>.<\/p>\n\n\n\n<h2 class=\"wp-block-heading\"><span class=\"ez-toc-section\" id=\"Summary\"><\/span>Sammendrag<span class=\"ez-toc-section-end\"><\/span><\/h2>\n\n\n\n<p>Medisinske flyreiser er et alvorlig tema som krever en forsiktig tiln\u00e6rming. I denne teksten har du lagt merke til at begrepene <em>medisinske flyreiser<\/em>,<em> medisinsk evakuering<\/em>, og <em>luftambulansetjenester<\/em> nevnes ofte. Disse begrepene er ikke helt utskiftbare, men er avhengige av hverandre.<\/p>\n\n\n\n<p>Den f\u00f8rste, medisinske flyvninger, er en samlebetegnelse for b\u00e5de medevac og luftambulanser. For \u00e5 v\u00e6re mer presis er alle flygninger som har noe med medisinsk behandling \u00e5 gj\u00f8re, medisinske flygninger. Samtidig har medevac og luftambulanser alt \u00e5 gj\u00f8re med medisinsk behandling.<\/p>\n\n\n\n<p>Medevac er derimot et begrep som beskriver medisinsk evakuering. Med andre ord handler det om \u00e5 \"redde\" mennesker i n\u00f8d som befinner seg langt unna et byomr\u00e5de og trenger utsatt eller umiddelbar behandling p\u00e5 et sykehus eller traumesenter.<\/p>\n\n\n\n<p>For \u00e5 evakuere noen fra et u\u00f8nsket scenario trenger du en luftambulanse. Det er her det tredje begrepet kommer inn i bildet. En luftambulanse kan v\u00e6re et helikopter eller et fly.<\/p>\n\n\n\n<p>Helikopter brukes for det meste til kortere transporter, eller n\u00e5r det haster veldig. Fordelen med helikopteret er at det kan lande nesten hvor som helst, og at det kan bruke mer praktiske flyruter for \u00e5 n\u00e5 frem til sykehuset.<\/p>\n\n\n\n<p>Samtidig er det ogs\u00e5 en oppdeling med flyene, der det brukes turbopropfly og jetambulanser. Turbopropflyene er litt tregere, men kan lande n\u00e6rmere pasienten og er billigere i drift. Jetambulanser, derimot, gj\u00f8r jobben raskere og kan tilbakelegge flere kilometer.<\/p>\n\n\n\n<p>Forh\u00e5pentligvis er ting litt klarere for deg n\u00e5. Jeg \u00f8nsker ikke at du har behov for en medisinsk flytur, men det er en fordel \u00e5 vite disse tingene, for man vet aldri. S\u00f8rg for \u00e5 lese teksten en gang til om n\u00f8dvendig, for det er et veldig viktig tema som er verdt v\u00e5r oppmerksomhet.<\/p>","protected":false},"excerpt":{"rendered":"<p>Flytransport til medisinske form\u00e5l har bidratt til \u00e5 redde mange liv de siste ti\u00e5rene. Disse transportformene er spesielt effektive under dramatiske omstendigheter og i landlige og ville omr\u00e5der, siden de kan bringe den skadde til n\u00e6rmeste sykehus p\u00e5 under en time. P\u00e5 den annen side kan disse tjenestene ...<\/p>","protected":false},"author":1,"featured_media":2134,"parent":0,"menu_order":0,"comment_status":"closed","ping_status":"closed","template":"","meta":{"_acf_changed":false,"_genesis_hide_title":false,"_genesis_hide_breadcrumbs":false,"_genesis_hide_singular_image":false,"_genesis_hide_footer_widgets":false,"_genesis_custom_body_class":"","_genesis_custom_post_class":"","_genesis_layout":"","footnotes":""},"class_list":{"1":"page","2":"type-page","6":"entry"},"acf":[],"_links":{"self":[{"href":"https:\/\/comparemyjet.com\/nb\/wp-json\/wp\/v2\/pages\/2132","targetHints":{"allow":["GET"]}}],"collection":[{"href":"https:\/\/comparemyjet.com\/nb\/wp-json\/wp\/v2\/pages"}],"about":[{"href":"https:\/\/comparemyjet.com\/nb\/wp-json\/wp\/v2\/types\/page"}],"author":[{"embeddable":true,"href":"https:\/\/comparemyjet.com\/nb\/wp-json\/wp\/v2\/users\/1"}],"replies":[{"embeddable":true,"href":"https:\/\/comparemyjet.com\/nb\/wp-json\/wp\/v2\/comments?post=2132"}],"version-history":[{"count":2,"href":"https:\/\/comparemyjet.com\/nb\/wp-json\/wp\/v2\/pages\/2132\/revisions"}],"predecessor-version":[{"id":2186,"href":"https:\/\/comparemyjet.com\/nb\/wp-json\/wp\/v2\/pages\/2132\/revisions\/2186"}],"wp:featuredmedia":[{"embeddable":true,"href":"https:\/\/comparemyjet.com\/nb\/wp-json\/wp\/v2\/media\/2134"}],"wp:attachment":[{"href":"https:\/\/comparemyjet.com\/nb\/wp-json\/wp\/v2\/media?parent=2132"}],"curies":[{"name":"wp","href":"https:\/\/api.w.org\/{rel}","templated":true}]}}