{"id":2163,"date":"2021-09-14T21:46:17","date_gmt":"2021-09-14T21:46:17","guid":{"rendered":"https:\/\/comparemyjet.com\/?page_id=2163"},"modified":"2025-09-04T09:59:26","modified_gmt":"2025-09-04T09:59:26","slug":"london-to-milan-private-flight-jet","status":"publish","type":"page","link":"https:\/\/comparemyjet.com\/nb\/london-to-milan-private-flight-jet\/","title":{"rendered":"London til Milano med privatfly"},"content":{"rendered":"<p>Italias nest mest folkerike by, etter <a href=\"https:\/\/comparemyjet.com\/nb\/private-tours\/rome-private-tours\/\" data-internallinksmanager029f6b8e52c=\"304\" title=\"11 beste private turer til Roma fra $23.77\">Roma<\/a> er et reisem\u00e5l som er verdt et bes\u00f8k, noe som bevises av de millioner av \u00e5rlige turister og andre bes\u00f8kende. Du kan virkelig spillet ditt hvis du planlegger \u00e5 bes\u00f8ke <a href=\"https:\/\/comparemyjet.com\/nb\/private-jet-charters-to-milan\/\" data-internallinksmanager029f6b8e52c=\"122\" title=\"Privatflycharter til Milano\">Milano<\/a>, byen full av fantastisk utsikt og kafeer fylt med vakre og glade ansikter.&nbsp;<\/p>\r\n\r\n\r\n\r\n<p>Milano er ogs\u00e5 hovedstaden i provinsen Lombardia og regnes som en av verdens mest fasjonable byer. Og hva er vel bedre enn \u00e5 reise til denne praktfulle byen med privatfly?<\/p>\r\n\r\n\r\n\r\n<p>Den gode nyheten er at <a href=\"https:\/\/comparemyjet.com\/nb\/private-tours\/london-private-tours\/\" data-internallinksmanager029f6b8e52c=\"396\" title=\"De 11 beste private turene i London fra $104.69\">London<\/a> og Milano er ikke s\u00e5 langt unna. De to byene ligger rundt 300 mil fra hverandre, og flytiden er beregnet til ca. 2 timer.&nbsp;<\/p>\r\n\r\n\r\n\r\n<p>Hvis du ikke vet hvor du skal begynne med \u00e5 leie et jetfly til Milano og \u00f8nsker \u00e5 bli mer informert om forskjellige jetflyst\u00f8rrelser, priser, flyplasser og deres FBO-er med mer, forklarer vi alt i avsnittene nedenfor.<\/p>\r\n\r\n\r\n\r\n<div id=\"ez-toc-container\" class=\"ez-toc-v2_0_76 counter-hierarchy ez-toc-counter ez-toc-grey ez-toc-container-direction\">\n<p class=\"ez-toc-title\" style=\"cursor:inherit\">Temaer<\/p>\n<label for=\"ez-toc-cssicon-toggle-item-69e0d6e17015f\" class=\"ez-toc-cssicon-toggle-label\"><span class=\"\"><span class=\"eztoc-hide\" style=\"display:none;\">Toggle<\/span><span class=\"ez-toc-icon-toggle-span\"><svg style=\"fill: #999;color:#999\" xmlns=\"http:\/\/www.w3.org\/2000\/svg\" class=\"list-377408\" width=\"20px\" height=\"20px\" viewbox=\"0 0 24 24\" fill=\"none\"><path d=\"M6 6H4v2h2V6zm14 0H8v2h12V6zM4 11h2v2H4v-2zm16 0H8v2h12v-2zM4 16h2v2H4v-2zm16 0H8v2h12v-2z\" fill=\"currentColor\"><\/path><\/svg><svg style=\"fill: #999;color:#999\" class=\"arrow-unsorted-368013\" xmlns=\"http:\/\/www.w3.org\/2000\/svg\" width=\"10px\" height=\"10px\" viewbox=\"0 0 24 24\" version=\"1.2\" baseprofile=\"tiny\"><path d=\"M18.2 9.3l-6.2-6.3-6.2 6.3c-.2.2-.3.4-.3.7s.1.5.3.7c.2.2.4.3.7.3h11c.3 0 .5-.1.7-.3.2-.2.3-.5.3-.7s-.1-.5-.3-.7zM5.8 14.7l6.2 6.3 6.2-6.3c.2-.2.3-.5.3-.7s-.1-.5-.3-.7c-.2-.2-.4-.3-.7-.3h-11c-.3 0-.5.1-.7.3-.2.2-.3.5-.3.7s.1.5.3.7z\"\/><\/svg><\/span><\/span><\/label><input type=\"checkbox\"  id=\"ez-toc-cssicon-toggle-item-69e0d6e17015f\" checked aria-label=\"Toggle\" \/><nav><ul class='ez-toc-list ez-toc-list-level-1' ><li class='ez-toc-page-1 ez-toc-heading-level-2'><a class=\"ez-toc-link ez-toc-heading-1\" href=\"https:\/\/comparemyjet.com\/nb\/london-to-milan-private-flight-jet\/#London_to_Milan_Airports\" >Flyplasser fra London til Milano<\/a><ul class='ez-toc-list-level-3' ><li class='ez-toc-heading-level-3'><a class=\"ez-toc-link ez-toc-heading-2\" href=\"https:\/\/comparemyjet.com\/nb\/london-to-milan-private-flight-jet\/#From_London_Luton_to_Milan_Linate\" >Fra London Luton til Milano Linate<\/a><ul class='ez-toc-list-level-4' ><li class='ez-toc-heading-level-4'><a class=\"ez-toc-link ez-toc-heading-3\" href=\"https:\/\/comparemyjet.com\/nb\/london-to-milan-private-flight-jet\/#About_The_Airports\" >Om flyplassene<\/a><\/li><\/ul><\/li><li class='ez-toc-page-1 ez-toc-heading-level-3'><a class=\"ez-toc-link ez-toc-heading-4\" href=\"https:\/\/comparemyjet.com\/nb\/london-to-milan-private-flight-jet\/#From_London_Stansted_to_Milan_Malpensa\" >Fra London Stansted til Milano Malpensa<\/a><ul class='ez-toc-list-level-4' ><li class='ez-toc-heading-level-4'><a class=\"ez-toc-link ez-toc-heading-5\" href=\"https:\/\/comparemyjet.com\/nb\/london-to-milan-private-flight-jet\/#About_The_Airports-2\" >Om flyplassene<\/a><\/li><\/ul><\/li><\/ul><\/li><li class='ez-toc-page-1 ez-toc-heading-level-2'><a class=\"ez-toc-link ez-toc-heading-6\" href=\"https:\/\/comparemyjet.com\/nb\/london-to-milan-private-flight-jet\/#Kinds_of_Jets_to_Take_From_London_To_Milan\" >Hvilke typer fly kan du ta fra London til Milano?<\/a><ul class='ez-toc-list-level-3' ><li class='ez-toc-heading-level-3'><a class=\"ez-toc-link ez-toc-heading-7\" href=\"https:\/\/comparemyjet.com\/nb\/london-to-milan-private-flight-jet\/#Piper_M_600\" >Piper M 600<\/a><\/li><li class='ez-toc-page-1 ez-toc-heading-level-3'><a class=\"ez-toc-link ez-toc-heading-8\" href=\"https:\/\/comparemyjet.com\/nb\/london-to-milan-private-flight-jet\/#Eclipse_500\" >Eclipse 500<\/a><\/li><li class='ez-toc-page-1 ez-toc-heading-level-3'><a class=\"ez-toc-link ez-toc-heading-9\" href=\"https:\/\/comparemyjet.com\/nb\/london-to-milan-private-flight-jet\/#King_Air_200\" >King Air 200<\/a><\/li><\/ul><\/li><li class='ez-toc-page-1 ez-toc-heading-level-2'><a class=\"ez-toc-link ez-toc-heading-10\" href=\"https:\/\/comparemyjet.com\/nb\/london-to-milan-private-flight-jet\/#Conclusion\" >Konklusjon<\/a><\/li><\/ul><\/nav><\/div>\n<h2 class=\"wp-block-heading\"><span class=\"ez-toc-section\" id=\"London_to_Milan_Airports\"><\/span>Flyplasser fra London til Milano<span class=\"ez-toc-section-end\"><\/span><\/h2>\r\n\r\n\r\n\r\n<p>I gjennomsnitt m\u00e5 du regne med \u00e5 betale ca. \u00a36 500 (7 500 EUR) for \u00e5 fly til Milano fra London + tilleggsavgifter. V\u00e6r oppmerksom p\u00e5 at den endelige prisen avhenger av flyets st\u00f8rrelse og modell, antall passasjerer, hvilke flyplasser du skal bruke for avgang og landing, og hvilket flyselskap du flyr til. V\u00e6r oppmerksom p\u00e5 at du i denne artikkelen vil se gjennomsnittsprisene fra ulike kilder, for eksempel <a href=\"https:\/\/www.privatefly.com\/private-jet-hire\/private-jet-shuttle-between-london-and-milan.html\" target=\"_blank\" rel=\"noreferrer noopener nofollow\">Privatefly.com<\/a>, <a href=\"https:\/\/www.evojets.com\/private-jet-london-milan\/\" target=\"_blank\" rel=\"noreferrer noopener nofollow\">Evojets.com<\/a>eller <a href=\"https:\/\/www.lunajets.com\/en\/private-jet-charter\/fly-to-milan\" target=\"_blank\" rel=\"noreferrer noopener nofollow\">Lunajets.com<\/a>.&nbsp;<\/p>\r\n\r\n\r\n\r\n<p>Du kan velge mellom turboprop-, lette, mellomstore eller tunge jetfly. Og med det unnagjort, la oss begynne med Londons og Milanos mest ber\u00f8mte flyplasser.<\/p>\r\n\r\n\r\n\r\n<div class=\"wp-block-image\"><figure class=\"aligncenter size-large\"><img loading=\"lazy\" decoding=\"async\" width=\"683\" height=\"1024\" src=\"https:\/\/comparemyjet.com\/wp-content\/uploads\/2021\/09\/London-to-Milan-3-683x1024.jpg\" alt=\"kvinne som shopper i Milano\" class=\"wp-image-2166\" srcset=\"https:\/\/comparemyjet.com\/wp-content\/uploads\/2021\/09\/London-to-Milan-3-200x300.jpg 200w, https:\/\/comparemyjet.com\/wp-content\/uploads\/2021\/09\/London-to-Milan-3-683x1024.jpg 683w, https:\/\/comparemyjet.com\/wp-content\/uploads\/2021\/09\/London-to-Milan-3-768x1152.jpg 768w, https:\/\/comparemyjet.com\/wp-content\/uploads\/2021\/09\/London-to-Milan-3-1024x1536.jpg 1024w, https:\/\/comparemyjet.com\/wp-content\/uploads\/2021\/09\/London-to-Milan-3-1366x2048.jpg 1366w, https:\/\/comparemyjet.com\/wp-content\/uploads\/2021\/09\/London-to-Milan-3-scaled.jpg 1707w\" sizes=\"auto, (max-width: 683px) 100vw, 683px\" \/><\/figure><\/div>\r\n\r\n\r\n\r\n<h3 class=\"wp-block-heading\"><span class=\"ez-toc-section\" id=\"From_London_Luton_to_Milan_Linate\"><\/span>Fra London Luton til Milano Linate<span class=\"ez-toc-section-end\"><\/span><\/h3>\r\n\r\n\r\n\r\n<p>Hvis du reiser alene eller med en liten gruppe, er det enkleste alternativet \u00e5 leie et turbopropfly som tar deg fra Luton til Linate p\u00e5 to timer og tjue minutter. Prisen du m\u00e5 betale er \u00a36 500, og du kan ta med opptil 19 personer.<\/p>\r\n\r\n\r\n\r\n<p>Det neste er et lett jetfly, som tar prisen et hakk opp, men som til gjengjeld byr p\u00e5 komfort og stil. Med dette flyet f\u00e5r du plass til opptil ni passasjerer for 5 200 pund. Den beregnede flytiden er noe kortere enn turbopropflyet, og du er fremme om 1 time og 50 minutter.<\/p>\r\n\r\n\r\n\r\n<p>Et mellomstort jetfly vil i dette tilfellet ikke utgj\u00f8re noen stor forskjell n\u00e5r det gjelder setekapasitet, men det vil ta deg raskt til Milano Linate. Dette flyet har plass til opptil 10 personer, og vil ankomme destinasjonen p\u00e5 1 time og 40 minutter. Denne typen jetfly vil imidlertid koste deg ganske over gjennomsnittet - \u00a3 10,600.<\/p>\r\n\r\n\r\n\r\n<p>Til slutt har du ogs\u00e5 muligheten til \u00e5 leie et tungt jetfly. Dette er et godt alternativ hvis du har en <em>virkelig<\/em> et stort selskap som blir med p\u00e5 turen. Dette er et vanlig alternativ for bryllupsgjester eller en bedrifts ansatte som skal til et fancy reisem\u00e5l for teambuilding. Jetflyet har plass til opptil 96 personer og koster 15 100 pund for \u00e5 n\u00e5 Milano p\u00e5 1 time og 40 minutter, akkurat som et mellomstort jetfly.<\/p>\r\n\r\n\r\n\r\n<figure class=\"wp-block-table\"><table><tbody><tr><td>Type jetfly<\/td><td>Beregnet tid<\/td><td>Antall passasjerer<\/td><td>Pris (\u00e9n vei)<\/td><\/tr><tr><td>Turboprop-jetfly<\/td><td>2 timer og 20 minutter<\/td><td>4 &#8211; 19<\/td><td>6 500 \u00a3\/7 500 EUR<\/td><\/tr><tr><td>Lett jetfly<\/td><td>1 time og 50 minutter<\/td><td>2 &#8211; 9<\/td><td>5 200 PUND\/6 000 EURO<\/td><\/tr><tr><td>Mellomstort jetfly<\/td><td>1 time og 40 minutter<\/td><td>7 &#8211; 10<\/td><td>10 600 \u00a3\/12 300 EUR<\/td><\/tr><tr><td>Tung str\u00e5le<\/td><td>1 time og 40 minutter<\/td><td>4 &#8211; 96<\/td><td>15 100 PUND\/17 550 EURO<\/td><\/tr><\/tbody><\/table><\/figure>\r\n\r\n\r\n\r\n<h4 class=\"wp-block-heading\"><span class=\"ez-toc-section\" id=\"About_The_Airports\"><\/span>Om flyplassene<span class=\"ez-toc-section-end\"><\/span><\/h4>\r\n\r\n\r\n\r\n<p>N\u00e5r du flyr privat fra en bestemt flyplass, befinner ikke privatflyet ditt seg p\u00e5 samme terminal som de kommersielle flyene. I stedet tar du av fra en av de faste baseoperat\u00f8rene (FBO) rundt flyplassen som er vertskap for flyvningen din.<\/p>\r\n\r\n\r\n\r\n<p>London Luton er en av Storbritannias <a href=\"https:\/\/comparemyjet.com\/nb\/worlds-biggest-airports\/\" data-internallinksmanager029f6b8e52c=\"173\" title=\"Verdens 10 st\u00f8rste og travleste flyplasser [med bilder].\">travleste flyplassene<\/a> og ligger ca. 50 km utenfor London. Det tar omtrent en time \u00e5 kj\u00f8re til flyplassen med bil, mens det tar en halvtime lenger med offentlig transport som tog eller buss.<\/p>\r\n\r\n\r\n\r\n<p>Det finnes flere kjente FBO-er rundt London Luton. En av dem, som drives av <a href=\"https:\/\/www.signatureflight.com\/\" target=\"_blank\" rel=\"noreferrer noopener nofollow\">Signatur flyst\u00f8tte<\/a>er sv\u00e6rt anerkjent blant reisende, hovedsakelig p\u00e5 grunn av den gode servicen og den flotte innredningen som f\u00e5r deg til \u00e5 f\u00f8le deg varm og velkommen.&nbsp;<\/p>\r\n\r\n\r\n\r\n<p>I tillegg kan du velge \u00e5 bruke <a href=\"https:\/\/comparemyjet.com\/nb\/what-is-a-private-jet-fixed-base-operator-fbo\/\" data-internallinksmanager029f6b8e52c=\"19\" title=\"Hva er en fastbaseoperat\u00f8r (FBO) for privatfly?\">FBO<\/a> drives av Harrods Aviation, som ogs\u00e5 er kjent for \u00e5 tilby fantastisk service og luksuri\u00f8st interi\u00f8r som f\u00e5r passasjerene til \u00e5 f\u00f8le seg som kongelige. Be gjerne om en drink, en matbit eller lignende f\u00f8r flyreisen, hvis det kan gj\u00f8re turen morsommere.<\/p>\r\n\r\n\r\n\r\n<p>Milano Linate har ogs\u00e5 en god del FBO-er i n\u00e6rheten. Akkurat som i Luton er det lett \u00e5 f\u00e5 \u00f8ye p\u00e5 terminalen som drives av <a href=\"https:\/\/www.signatureflight.com\/locations\/lin\" target=\"_blank\" rel=\"noreferrer noopener nofollow\">Signatur flyst\u00f8tte<\/a>. Anlegget ligger helt uavhengig av Linate-flyplassen, og det tar bare 15 minutter \u00e5 komme dit fra sentrum av Milano.<\/p>\r\n\r\n\r\n\r\n<p>En annen ber\u00f8mt FBO, som er en av de eldste private terminalene i Milano, drives av <a href=\"https:\/\/www.universalaviation.aero\/locations\/italy\/milan-liml\/\" target=\"_blank\" rel=\"noreferrer noopener nofollow\">Universal Aviation<\/a>. Akkurat som du forventer, tilbyr fastbaseoperat\u00f8ren kun de beste tjenestene, og de vet hvordan de skal gj\u00f8re flyturen din s\u00e5 behagelig som mulig.<\/p>\r\n\r\n\r\n\r\n<p>Et annet alternativ kan alltid v\u00e6re <a href=\"https:\/\/www.fboexperience.com\/milano-linate-prime\" target=\"_blank\" rel=\"noreferrer noopener nofollow\">Milano Linate Prime<\/a>som har en over 50 \u00e5r lang tradisjon og sannsynligvis er den eldste i omr\u00e5det. Et smart valg for en privat terminal, ettersom den ligger mindre enn 10 km fra Milanos sentrum.&nbsp;<\/p>\r\n\r\n\r\n\r\n<div class=\"wp-block-image\"><figure class=\"aligncenter size-large\"><img loading=\"lazy\" decoding=\"async\" width=\"683\" height=\"1024\" src=\"https:\/\/comparemyjet.com\/wp-content\/uploads\/2021\/09\/London-to-Milan-4-683x1024.jpg\" alt=\"Big Ben i London\" class=\"wp-image-2167\" srcset=\"https:\/\/comparemyjet.com\/wp-content\/uploads\/2021\/09\/London-to-Milan-4-200x300.jpg 200w, https:\/\/comparemyjet.com\/wp-content\/uploads\/2021\/09\/London-to-Milan-4-683x1024.jpg 683w, https:\/\/comparemyjet.com\/wp-content\/uploads\/2021\/09\/London-to-Milan-4-768x1152.jpg 768w, https:\/\/comparemyjet.com\/wp-content\/uploads\/2021\/09\/London-to-Milan-4-1024x1536.jpg 1024w, https:\/\/comparemyjet.com\/wp-content\/uploads\/2021\/09\/London-to-Milan-4-1365x2048.jpg 1365w, https:\/\/comparemyjet.com\/wp-content\/uploads\/2021\/09\/London-to-Milan-4-scaled.jpg 1707w\" sizes=\"auto, (max-width: 683px) 100vw, 683px\" \/><\/figure><\/div>\r\n\r\n\r\n\r\n<h3 class=\"wp-block-heading\"><span class=\"ez-toc-section\" id=\"From_London_Stansted_to_Milan_Malpensa\"><\/span>Fra London Stansted til Milano Malpensa<span class=\"ez-toc-section-end\"><\/span><\/h3>\r\n\r\n\r\n\r\n<p>Det er litt billigere \u00e5 fly fra London Stansted til Milano Malpensa, den st\u00f8rste flyplassen i Milano-omr\u00e5det, enn fra Luton til Linate. Dette skyldes de lave avgiftene som flyplassen krever av flyselskapene for \u00e5 v\u00e6re vertskap for flyvninger p\u00e5 deres omr\u00e5de.<\/p>\r\n\r\n\r\n\r\n<p>Uansett, akkurat som med alle andre flyplasser, vil prisen bli bestemt etter at du har lagt til variabler som flytype, antall passasjerer og selvf\u00f8lgelig dato og klokkeslett for reisen.&nbsp;<\/p>\r\n\r\n\r\n\r\n<p>I dette tilfellet vil et turbopropfly fra London til Milano koste deg 6 350 pund. Dette flyet har plass til 19 personer, noe som g\u00e5r litt p\u00e5 bekostning av komforten, og tar deg til Malpensa p\u00e5 2 timer og 10 minutter. Den eneste ulempen er at du ikke f\u00e5r den samme benplassen og komforten som du ville hatt med et lett jetfly.<\/p>\r\n\r\n\r\n\r\n<p>Apropos light jet, en tur til Milano vil koste deg enda mindre for selve flyet, men det blir dyrere hvis du tar i betraktning at det er f\u00e6rre personer som reiser, noe som gj\u00f8r enkeltbilletten dyrere. \u00c5 leie et lett jetfly fra Stansted til Malpensa koster \u00a3 5 800, og flytiden er beregnet til 1 time og 45 minutter. Det er plass til opptil ni personer om bord.<\/p>\r\n\r\n\r\n\r\n<p>Deretter f\u00f8lger mellomstore jetfly. Denne flytypen er vanligvis raskere enn de tidligere nevnte, og tar deg fra Stansted til Malpensa p\u00e5 halvannen time. P\u00e5 grunn av st\u00f8rrelsen har den private toaletter og egner seg godt til forretningsreiser. For \u00e5 leie et slikt jetfly m\u00e5 du betale 10 200 pund for \u00e5 reise med maksimalt ti personer.<\/p>\r\n\r\n\r\n\r\n<p>Hvis du planlegger \u00e5 ta <em>mye <\/em>mange mennesker om bord, for eksempel til en stor familiesammenkomst eller en forretningskonferanse, b\u00f8r du vurdere \u00e5 leie et tungt jetfly. Tunge jetfly er vanligvis designet for VIP-form\u00e5l. De kan ta opptil 96 passasjerer, hvorav halvparten sitter i et VIP-omr\u00e5de.<\/p>\r\n\r\n\r\n\r\n<p>Prisen for et slikt fly er 14 200 pund, og det tar 1 time og 35 minutter \u00e5 n\u00e5 Milano Malpensa fra London Stansted.<\/p>\r\n\r\n\r\n\r\n<figure class=\"wp-block-table\"><table><tbody><tr><td>Type jetfly<\/td><td>Beregnet tid<\/td><td>Antall passasjerer<\/td><td>Pris (\u00e9n vei)<\/td><\/tr><tr><td>Turboprop-jetfly<\/td><td>2 timer og 10 minutter<\/td><td>4 &#8211; 19<\/td><td>6 350 PUND\/7 350 EURO<\/td><\/tr><tr><td>Lett jetfly<\/td><td>1 time og 45 minutter<\/td><td>2 &#8211; 9<\/td><td>5 800 \u00a3\/6 750 EUR<\/td><\/tr><tr><td>Mellomstort jetfly<\/td><td>1 time og 30 minutter<\/td><td>7 &#8211; 10<\/td><td>10 200 \u00a3\/11 850 EUR<\/td><\/tr><tr><td>Tung str\u00e5le<\/td><td>1 time og 35 minutter<\/td><td>8 &#8211; 96<\/td><td>14 200\/16 500 EURO<\/td><\/tr><\/tbody><\/table><\/figure>\r\n\r\n\r\n\r\n<h4 class=\"wp-block-heading\"><span class=\"ez-toc-section\" id=\"About_The_Airports-2\"><\/span>Om flyplassene<span class=\"ez-toc-section-end\"><\/span><\/h4>\r\n\r\n\r\n\r\n<p><a href=\"https:\/\/comparemyjet.com\/nb\/hotels\/stn-hotels\/\" data-internallinksmanager029f6b8e52c=\"529\" title=\"De 11 beste hotellene i n\u00e6rheten av London Stansted lufthavn\">London Stansted lufthavn<\/a> er en av Storbritannias travleste flyplasser og ligger ca. 50 km nordvest for London sentrum. I likhet med Luton tar det maksimalt en time \u00e5 kj\u00f8re til flyplassen med bil, og kanskje en halvtime til hvis du tar offentlige transportmidler.<\/p>\r\n\r\n\r\n\r\n<p>I Stansteds omgivelser finner du mange private terminaler eller FBO-er som kan v\u00e6re vertskap for avgang til \u00f8nsket destinasjon. En av dem som dukker opp i alles \u00f8yne, er terminalen som drives av <a href=\"https:\/\/www.universalaviation.aero\/\" target=\"_blank\" rel=\"noreferrer noopener nofollow\">Universal Aviation<\/a>, en verdenskjent fastbaseoperat\u00f8r.<\/p>\r\n\r\n\r\n\r\n<p>I tillegg til dette er flyplassen vertskap for FBO-er som drives av <a href=\"http:\/\/www.inflitejetcentre.co.uk\/\" target=\"_blank\" rel=\"noreferrer noopener nofollow\">Infinite Jet Centre<\/a> og <a href=\"https:\/\/northair.co.uk\/\" target=\"_blank\" rel=\"noreferrer noopener nofollow\">North Air Limited<\/a>. Jeg er sikker p\u00e5 at du allerede kjenner igjen navnene, for disse to er blant de best utstyrte fasilitetene, med luksuri\u00f8st interi\u00f8r og skinnende rene salonger for passasjerer og personale.<\/p>\r\n\r\n\r\n\r\n<p>Malpensa-flyplassen i Milano er derimot den st\u00f8rste flyplassen i hovedstadsomr\u00e5det og betjener rundt 17 millioner mennesker fra omr\u00e5det rundt. Den er lett tilgjengelig fra sentrum av Milano, og det tar rundt 50 minutter \u00e5 komme dit med offentlig transport, som T-bane eller tog.<\/p>\r\n\r\n\r\n\r\n<p>Som forretnings- og motehovedstad i denne delen av Europa er Milano rik p\u00e5 FBO-er. Rundt Malpensa-flyplassen finner du noen flotte fasiliteter som drives av <a href=\"https:\/\/www.universalaviation.aero\/locations\/italy\/milan-liml\/\" target=\"_blank\" rel=\"noreferrer noopener nofollow\">Universal Aviation<\/a>, men ogs\u00e5 fra andre tjenesteleverand\u00f8rer som <a href=\"http:\/\/www.skyservices.it\/\" target=\"_blank\" rel=\"noreferrer noopener nofollow\">Sky Services<\/a>, <a href=\"https:\/\/www.signatureflight.com\/locations\/MXP\" target=\"_blank\" rel=\"noreferrer noopener nofollow\">Signatur flyst\u00f8tte<\/a>eller <a href=\"https:\/\/www.wfs.aero\/\" target=\"_blank\" rel=\"noreferrer noopener nofollow\">Flytjenester over hele verden<\/a>.<\/p>\r\n\r\n\r\n\r\n<div class=\"wp-block-image\"><figure class=\"aligncenter size-large\"><img loading=\"lazy\" decoding=\"async\" width=\"683\" height=\"1024\" src=\"https:\/\/comparemyjet.com\/wp-content\/uploads\/2021\/09\/London-to-Milan-2-683x1024.jpg\" alt=\"flypropell og vinge sett gjennom et vindu\" class=\"wp-image-2165\" srcset=\"https:\/\/comparemyjet.com\/wp-content\/uploads\/2021\/09\/London-to-Milan-2-200x300.jpg 200w, https:\/\/comparemyjet.com\/wp-content\/uploads\/2021\/09\/London-to-Milan-2-683x1024.jpg 683w, https:\/\/comparemyjet.com\/wp-content\/uploads\/2021\/09\/London-to-Milan-2-768x1152.jpg 768w, https:\/\/comparemyjet.com\/wp-content\/uploads\/2021\/09\/London-to-Milan-2-1024x1536.jpg 1024w, https:\/\/comparemyjet.com\/wp-content\/uploads\/2021\/09\/London-to-Milan-2-1365x2048.jpg 1365w, https:\/\/comparemyjet.com\/wp-content\/uploads\/2021\/09\/London-to-Milan-2-scaled.jpg 1707w\" sizes=\"auto, (max-width: 683px) 100vw, 683px\" \/><\/figure><\/div>\r\n\r\n\r\n\r\n<h2 class=\"wp-block-heading\"><span class=\"ez-toc-section\" id=\"Kinds_of_Jets_to_Take_From_London_To_Milan\"><\/span>Hvilke typer fly kan du ta fra London til Milano?<span class=\"ez-toc-section-end\"><\/span><\/h2>\r\n\r\n\r\n\r\n<p>Jeg har allerede nevnt at du kan velge \u00e5 reise med et lett, mellomstort eller tungt jetfly, samt et turbopropfly. De ulike modellene skiller seg imidlertid fra hverandre, s\u00e5 la oss kort g\u00e5 gjennom de faktiske jetflyene for \u00e5 vise deg dem.<\/p>\r\n\r\n\r\n\r\n<p>Ulike selskaper tilbyr forskjellige jetfly, s\u00e5 jeg har tatt de som overlapper hverandre, og vil gi deg en gjennomsnittlig kostnad for den aktuelle modellen.<\/p>\r\n\r\n\r\n\r\n<h3 class=\"wp-block-heading\"><span class=\"ez-toc-section\" id=\"Piper_M_600\"><\/span>Piper M 600<span class=\"ez-toc-section-end\"><\/span><\/h3>\r\n\r\n\r\n\r\n<p>Piper M600 jetfly er en <a href=\"https:\/\/comparemyjet.com\/nb\/private-tours\/nice-private-tours\/\" data-internallinksmanager029f6b8e52c=\"249\" title=\"11 beste private turer i Nice fra $37.66\">hyggelig<\/a>-utseende, elegant turbopropfly med gode ytelser. Det er helt sikkert og ser ganske luksuri\u00f8st ut. Det byr p\u00e5 overlegen komfort med store skinnseter og rikelig med benplass.&nbsp;<\/p>\r\n\r\n\r\n\r\n<p>Det er ganske raskt, ettersom det kan utvikle en maksimal hastighet p\u00e5 274 ktas (knots true airspeed) \/ 315 miles i timen, i en h\u00f8yde p\u00e5 30 000 fot. Det er plass til opptil fem personer om bord, og flyet bruker omtrent to timer p\u00e5 \u00e5 ta deg fra London til Milano. Bel\u00f8pet du m\u00e5 betale for dette flyet er 7 450 pund.<\/p>\r\n\r\n\r\n\r\n<h3 class=\"wp-block-heading\"><span class=\"ez-toc-section\" id=\"Eclipse_500\"><\/span>Eclipse 500<span class=\"ez-toc-section-end\"><\/span><\/h3>\r\n\r\n\r\n\r\n<p>Eclipse 500 er et perfekt jetfly for deg som \u00f8nsker litt intimitet. Det er perfekt for en kjapp tur til Milano med den du er glad i, siden det bare er plass til to personer og det tar mindre enn to timer \u00e5 komme seg til Milano fra London. Prisen man m\u00e5 betale for denne turen er 6 550 pund.<\/p>\r\n\r\n\r\n\r\n<p>Maksimumshastigheten dette flyet kan utvikle er 425 mph, noe som plasserer det i <em>rask kategori<\/em>.<\/p>\r\n\r\n\r\n\r\n<h3 class=\"wp-block-heading\"><span class=\"ez-toc-section\" id=\"King_Air_200\"><\/span>King Air 200<span class=\"ez-toc-section-end\"><\/span><\/h3>\r\n\r\n\r\n\r\n<p>King Air 200 er noe st\u00f8rre og har plass til opptil 12 personer. Interi\u00f8ret er veldig fint med skinnseter som vender mot hverandre. Turen blir utvilsomt tilfredsstillende, men du m\u00e5 betale litt mer for den - 7 650 pund.<\/p>\r\n\r\n\r\n\r\n<h2 class=\"wp-block-heading\"><span class=\"ez-toc-section\" id=\"Conclusion\"><\/span>Konklusjon<span class=\"ez-toc-section-end\"><\/span><\/h2>\r\n\r\n\r\n\r\n<p>La oss kort oppsummere alt som er sagt. En gjennomsnittlig privatflyvning fra London til Milano tar ca. to timer og koster i gjennomsnitt 6 500 pund (7 500 euro).<\/p>\r\n\r\n\r\n\r\n<p>Prisen kan variere en del, spesielt hvis du \u00f8nsker et mer moderne eller tyngre jetfly for \u00e5 fly deg dit. Valg av tjenesteleverand\u00f8r vil selvsagt ogs\u00e5 p\u00e5virke prisen. Heldigvis finnes det et stort utvalg n\u00e5r det gjelder disse to byene, og det er mange private terminaler \u00e5 ta av og lande p\u00e5. God tur med flyet!<\/p>","protected":false},"excerpt":{"rendered":"<p>Italias nest mest folkerike by etter Roma er et reisem\u00e5l som er verdt et bes\u00f8k, noe de millioner av \u00e5rlige turister og andre bes\u00f8kende er et bevis p\u00e5. Du vet absolutt hva du vil hvis du planlegger \u00e5 bes\u00f8ke Milano, byen full av fantastisk utsikt og kafeer fylt med vakre og glade ansikter.  Milano er ogs\u00e5 hovedstaden i ...<\/p>","protected":false},"author":1,"featured_media":2164,"parent":0,"menu_order":0,"comment_status":"closed","ping_status":"closed","template":"","meta":{"_acf_changed":false,"_genesis_hide_title":false,"_genesis_hide_breadcrumbs":false,"_genesis_hide_singular_image":false,"_genesis_hide_footer_widgets":false,"_genesis_custom_body_class":"","_genesis_custom_post_class":"","_genesis_layout":"","footnotes":""},"class_list":{"1":"page","2":"type-page","6":"entry"},"acf":[],"_links":{"self":[{"href":"https:\/\/comparemyjet.com\/nb\/wp-json\/wp\/v2\/pages\/2163","targetHints":{"allow":["GET"]}}],"collection":[{"href":"https:\/\/comparemyjet.com\/nb\/wp-json\/wp\/v2\/pages"}],"about":[{"href":"https:\/\/comparemyjet.com\/nb\/wp-json\/wp\/v2\/types\/page"}],"author":[{"embeddable":true,"href":"https:\/\/comparemyjet.com\/nb\/wp-json\/wp\/v2\/users\/1"}],"replies":[{"embeddable":true,"href":"https:\/\/comparemyjet.com\/nb\/wp-json\/wp\/v2\/comments?post=2163"}],"version-history":[{"count":4,"href":"https:\/\/comparemyjet.com\/nb\/wp-json\/wp\/v2\/pages\/2163\/revisions"}],"predecessor-version":[{"id":2789,"href":"https:\/\/comparemyjet.com\/nb\/wp-json\/wp\/v2\/pages\/2163\/revisions\/2789"}],"wp:featuredmedia":[{"embeddable":true,"href":"https:\/\/comparemyjet.com\/nb\/wp-json\/wp\/v2\/media\/2164"}],"wp:attachment":[{"href":"https:\/\/comparemyjet.com\/nb\/wp-json\/wp\/v2\/media?parent=2163"}],"curies":[{"name":"wp","href":"https:\/\/api.w.org\/{rel}","templated":true}]}}