{"id":2382,"date":"2021-11-09T18:36:01","date_gmt":"2021-11-09T18:36:01","guid":{"rendered":"https:\/\/comparemyjet.com\/?page_id=2382"},"modified":"2025-09-04T10:00:51","modified_gmt":"2025-09-04T10:00:51","slug":"singapore-to-bangkok-private-flight-jet","status":"publish","type":"page","link":"https:\/\/comparemyjet.com\/nb\/singapore-to-bangkok-private-flight-jet\/","title":{"rendered":"Singapore til Bangkok med privatfly"},"content":{"rendered":"<p>Enten du er p\u00e5 forretnings- eller fritidsreise, er en tur til <a href=\"https:\/\/comparemyjet.com\/nb\/private-tours\/bangkok-private-tours\/\" data-internallinksmanager029f6b8e52c=\"376\" title=\"De 11 beste private turene i Bangkok fra $56.30\">Bangkok<\/a> betyr at du begir deg ut p\u00e5 et uforglemmelig eventyr. Denne kulturrike byen i S\u00f8r\u00f8st-Asia, der det moderne og det tradisjonelle m\u00f8tes, byr p\u00e5 noen av verdens vakreste severdigheter, deilig mat, eldgamle templer, et pulserende natteliv og mye mer. <a href=\"https:\/\/comparemyjet.com\/nb\/private-tours\/singapore-private-tours\/\" data-internallinksmanager029f6b8e52c=\"348\" title=\"11 beste private turer i Singapore fra $75.55\">Singapore<\/a> til Bangkok, har du kommet til rett sted.<\/p>\r\n\r\n\r\n\r\n<p>I denne artikkelen skal vi snakke om \u00e5 fly fra Singapore til Bangkok med privatfly, s\u00e5 la oss komme i gang.&nbsp;<\/p>\r\n\r\n\r\n\r\n<div id=\"ez-toc-container\" class=\"ez-toc-v2_0_76 counter-hierarchy ez-toc-counter ez-toc-grey ez-toc-container-direction\">\n<p class=\"ez-toc-title\" style=\"cursor:inherit\">Temaer<\/p>\n<label for=\"ez-toc-cssicon-toggle-item-69f05e81906a0\" class=\"ez-toc-cssicon-toggle-label\"><span class=\"\"><span class=\"eztoc-hide\" style=\"display:none;\">Toggle<\/span><span class=\"ez-toc-icon-toggle-span\"><svg style=\"fill: #999;color:#999\" xmlns=\"http:\/\/www.w3.org\/2000\/svg\" class=\"list-377408\" width=\"20px\" height=\"20px\" viewbox=\"0 0 24 24\" fill=\"none\"><path d=\"M6 6H4v2h2V6zm14 0H8v2h12V6zM4 11h2v2H4v-2zm16 0H8v2h12v-2zM4 16h2v2H4v-2zm16 0H8v2h12v-2z\" fill=\"currentColor\"><\/path><\/svg><svg style=\"fill: #999;color:#999\" class=\"arrow-unsorted-368013\" xmlns=\"http:\/\/www.w3.org\/2000\/svg\" width=\"10px\" height=\"10px\" viewbox=\"0 0 24 24\" version=\"1.2\" baseprofile=\"tiny\"><path d=\"M18.2 9.3l-6.2-6.3-6.2 6.3c-.2.2-.3.4-.3.7s.1.5.3.7c.2.2.4.3.7.3h11c.3 0 .5-.1.7-.3.2-.2.3-.5.3-.7s-.1-.5-.3-.7zM5.8 14.7l6.2 6.3 6.2-6.3c.2-.2.3-.5.3-.7s-.1-.5-.3-.7c-.2-.2-.4-.3-.7-.3h-11c-.3 0-.5.1-.7.3-.2.2-.3.5-.3.7s.1.5.3.7z\"\/><\/svg><\/span><\/span><\/label><input type=\"checkbox\"  id=\"ez-toc-cssicon-toggle-item-69f05e81906a0\" checked aria-label=\"Toggle\" \/><nav><ul class='ez-toc-list ez-toc-list-level-1' ><li class='ez-toc-page-1 ez-toc-heading-level-2'><a class=\"ez-toc-link ez-toc-heading-1\" href=\"https:\/\/comparemyjet.com\/nb\/singapore-to-bangkok-private-flight-jet\/#Singapore_to_Bangkok_Overview\" >Singapore til Bangkok: Oversikt<\/a><\/li><li class='ez-toc-page-1 ez-toc-heading-level-2'><a class=\"ez-toc-link ez-toc-heading-2\" href=\"https:\/\/comparemyjet.com\/nb\/singapore-to-bangkok-private-flight-jet\/#Pricing_Options\" >Prisalternativer<\/a><ul class='ez-toc-list-level-3' ><li class='ez-toc-heading-level-3'><a class=\"ez-toc-link ez-toc-heading-3\" href=\"https:\/\/comparemyjet.com\/nb\/singapore-to-bangkok-private-flight-jet\/#Singapore_to_Bangkok_Average_Flight_Prices\" >Gjennomsnittlige flypriser fra Singapore til Bangkok<\/a><\/li><\/ul><\/li><li class='ez-toc-page-1 ez-toc-heading-level-2'><a class=\"ez-toc-link ez-toc-heading-4\" href=\"https:\/\/comparemyjet.com\/nb\/singapore-to-bangkok-private-flight-jet\/#Singapore_to_Bangkok_Airports\" >Flyplasser fra Singapore til Bangkok<\/a><ul class='ez-toc-list-level-3' ><li class='ez-toc-heading-level-3'><a class=\"ez-toc-link ez-toc-heading-5\" href=\"https:\/\/comparemyjet.com\/nb\/singapore-to-bangkok-private-flight-jet\/#From_Singapore_Seletar_Airport_to_Bangkok\" >Fra Singapore Seletar lufthavn til Bangkok<\/a><\/li><li class='ez-toc-page-1 ez-toc-heading-level-3'><a class=\"ez-toc-link ez-toc-heading-6\" href=\"https:\/\/comparemyjet.com\/nb\/singapore-to-bangkok-private-flight-jet\/#From_Singapore_Changi_to_Bangkok\" >Fra Singapore Changi til Bangkok<\/a><\/li><\/ul><\/li><li class='ez-toc-page-1 ez-toc-heading-level-2'><a class=\"ez-toc-link ez-toc-heading-7\" href=\"https:\/\/comparemyjet.com\/nb\/singapore-to-bangkok-private-flight-jet\/#Bangkok_Airports\" >Bangkoks flyplasser<\/a><\/li><li class='ez-toc-page-1 ez-toc-heading-level-2'><a class=\"ez-toc-link ez-toc-heading-8\" href=\"https:\/\/comparemyjet.com\/nb\/singapore-to-bangkok-private-flight-jet\/#Which_Planes_Can_You_Fly_to_Bangkok_from_Each_Category\" >Hvilke fly kan du fly til Bangkok fra hver kategori?<\/a><ul class='ez-toc-list-level-3' ><li class='ez-toc-heading-level-3'><a class=\"ez-toc-link ez-toc-heading-9\" href=\"https:\/\/comparemyjet.com\/nb\/singapore-to-bangkok-private-flight-jet\/#Small_and_Midsize_Jets_Turboprops_Light_Jets_and_Midsize_Jets\" >Sm\u00e5 og mellomstore jetfly (turbopropfly, lette jetfly og mellomstore jetfly)<\/a><\/li><li class='ez-toc-page-1 ez-toc-heading-level-3'><a class=\"ez-toc-link ez-toc-heading-10\" href=\"https:\/\/comparemyjet.com\/nb\/singapore-to-bangkok-private-flight-jet\/#Heavy_Jets\" >Tunge jetfly<\/a><\/li><li class='ez-toc-page-1 ez-toc-heading-level-3'><a class=\"ez-toc-link ez-toc-heading-11\" href=\"https:\/\/comparemyjet.com\/nb\/singapore-to-bangkok-private-flight-jet\/#Prices_Per_Plane_Type_Overview\" >Priser per flytype: Oversikt<\/a><\/li><\/ul><\/li><li class='ez-toc-page-1 ez-toc-heading-level-2'><a class=\"ez-toc-link ez-toc-heading-12\" href=\"https:\/\/comparemyjet.com\/nb\/singapore-to-bangkok-private-flight-jet\/#Conclusion\" >Konklusjon<\/a><\/li><\/ul><\/nav><\/div>\n<h2 class=\"wp-block-heading\"><span class=\"ez-toc-section\" id=\"Singapore_to_Bangkok_Overview\"><\/span>Singapore til Bangkok: Oversikt<span class=\"ez-toc-section-end\"><\/span><\/h2>\r\n\r\n\r\n\r\n<p>Singapore og Bangkok ligger ganske n\u00e6r hverandre, men det er likevel mer enn et d\u00f8gns kj\u00f8retur med bil, forutsatt at du stopper for \u00e5 hvile innimellom. Avstanden i luftlinje mellom de to byene er ca. 888 miles, og litt over 1 100 miles p\u00e5 landeveien, s\u00e5 du m\u00e5 regne med \u00e5 tilbringe ca. 2 timer i luften n\u00e5r du reiser fra Singapore til Bangkok. Et turbopropfly er kanskje tregere, men det er ogs\u00e5 et mer lukrativt alternativ hvis du ikke har noe imot den ekstra flytimen.<\/p>\r\n\r\n\r\n\r\n<p>Prisen for \u00e5 reise mellom de to storbyene avhenger hovedsakelig av hvilken type og modell av jetfly du velger. Men generelt sett vil det koste deg minst $20 000 for et turboprop- eller lett jetfly, mens den \u00f8vre grensen for et tungt jetfly og en ny modell lett kan komme opp i $50 000.<\/p>\r\n\r\n\r\n\r\n<p>V\u00e6r ogs\u00e5 oppmerksom p\u00e5 at du flyr fra og lander p\u00e5 en <a href=\"https:\/\/comparemyjet.com\/nb\/what-is-a-private-jet-fixed-base-operator-fbo\/\" target=\"_blank\" rel=\"noreferrer noopener nofollow\">FBO (fastbaseoperat\u00f8r)<\/a>som er en privat terminal eller lounge der privatflygere kan slappe av f\u00f8r flyet tar av eller etter at det har landet, uten \u00e5 m\u00e5tte st\u00e5 i lange k\u00f8er slik man vanligvis gj\u00f8r p\u00e5 kommersielle flyvninger.<\/p>\r\n\r\n\r\n\r\n<h2 class=\"wp-block-heading\"><span class=\"ez-toc-section\" id=\"Pricing_Options\"><\/span>Prisalternativer<span class=\"ez-toc-section-end\"><\/span><\/h2>\r\n\r\n\r\n\r\n<p>Som jeg nevnte tidligere, avhenger prisene av mange variabler, og de er ikke alltid like lette \u00e5 spore. Dessuten er noen ruter mer popul\u00e6re enn andre, s\u00e5 selskapene har ikke alltid hele fl\u00e5ten til r\u00e5dighet.<\/p>\r\n\r\n\r\n\r\n<p>I denne artikkelen har jeg benyttet data fra <a href=\"https:\/\/www.the-aviation-factory.com\/\" target=\"_blank\" rel=\"noreferrer noopener nofollow\">Luftfartsfabrikken<\/a>siden de fleste andre selskaper, som f.eks. <a href=\"https:\/\/www.lunajets.com\/\" target=\"_blank\" rel=\"noreferrer noopener nofollow\">Luna Jets<\/a> og <a href=\"https:\/\/wheelsup.com\/\" target=\"_blank\" rel=\"noreferrer noopener nofollow\">WheelsUp<\/a>vil ikke gi deg et prisoverslag, med mindre du spesifikt ber om et tilbud.&nbsp;<\/p>\r\n\r\n\r\n\r\n<p>Jeg vurderer ogs\u00e5 <a href=\"https:\/\/www.privatefly.com\/\" target=\"_blank\" rel=\"noreferrer noopener nofollow\">Privat fly<\/a>, men mest for betongjetmodeller. Slik ser det alts\u00e5 ut akkurat n\u00e5 n\u00e5r det gjelder priser, basert p\u00e5 jettypen, i f\u00f8lge <em>Luftfartsfabrikken<\/em>.<\/p>\r\n\r\n\r\n\r\n<figure class=\"wp-block-image size-large\"><img loading=\"lazy\" decoding=\"async\" width=\"1024\" height=\"540\" src=\"https:\/\/comparemyjet.com\/wp-content\/uploads\/2021\/11\/Singapore-to-Bangkok-3-1024x540.jpg\" alt=\"Bygninger i Singapore om natten\" class=\"wp-image-2385\" srcset=\"https:\/\/comparemyjet.com\/wp-content\/uploads\/2021\/11\/Singapore-to-Bangkok-3-300x158.jpg 300w, https:\/\/comparemyjet.com\/wp-content\/uploads\/2021\/11\/Singapore-to-Bangkok-3-768x405.jpg 768w, https:\/\/comparemyjet.com\/wp-content\/uploads\/2021\/11\/Singapore-to-Bangkok-3-1024x540.jpg 1024w, https:\/\/comparemyjet.com\/wp-content\/uploads\/2021\/11\/Singapore-to-Bangkok-3-1536x810.jpg 1536w, https:\/\/comparemyjet.com\/wp-content\/uploads\/2021\/11\/Singapore-to-Bangkok-3.jpg 1920w\" sizes=\"auto, (max-width: 1024px) 100vw, 1024px\" \/><\/figure>\r\n\r\n\r\n\r\n<h3 class=\"wp-block-heading\"><span class=\"ez-toc-section\" id=\"Singapore_to_Bangkok_Average_Flight_Prices\"><\/span>Gjennomsnittlige flypriser fra Singapore til Bangkok<span class=\"ez-toc-section-end\"><\/span><\/h3>\r\n\r\n\r\n\r\n<figure class=\"wp-block-table\"><table><tbody><tr><td><strong>Flytype<\/strong><\/td><td><strong>Antall passasjerer<\/strong><\/td><td><strong>Rutepris fra Singapore til Bangkok<\/strong><\/td><td><strong>Beregnet flytid<\/strong><\/td><\/tr><tr><td>Turboprop<\/td><td>8<\/td><td>$19,500<\/td><td>3 timer og 20 minutter<\/td><\/tr><tr><td>Lett jetfly<\/td><td>7<\/td><td>$63,000<\/td><td>2 timer og 20 minutter<\/td><\/tr><tr><td>Mellomstort jetfly<\/td><td>8 &#8211; 10<\/td><td>$24,000<\/td><td>2 timer og 5 minutter<\/td><\/tr><tr><td>Tung str\u00e5le<\/td><td>8 &#8211; 15<\/td><td>$30,000<\/td><td>2 timer og 10 minutter<\/td><\/tr><\/tbody><\/table><\/figure>\r\n\r\n\r\n\r\n<p>Det er et par ting du b\u00f8r huske p\u00e5 n\u00e5r det gjelder disse prisene. For det f\u00f8rste har du sikkert lagt merke til at det er langt dyrere \u00e5 leie et lett jetfly enn et tungt jetfly, og det er det mange som ikke synes er fornuftig.<\/p>\r\n\r\n\r\n\r\n<p>Du skal imidlertid vite at n\u00e5r du havner i en slik situasjon, er det mindre, men dyrere flyet sannsynligvis en nyere og mer komfortabel modell, noe som betyr at det har en bredere kabin, komfortable seter og s\u00e5 videre. Dessverre, <em>Luftfartsfabrikken<\/em> gir oss ikke data om jetmodellene, s\u00e5 du m\u00e5 selv finne ut av det. <a href=\"https:\/\/www.the-aviation-factory.com\/en\/contact\/\" target=\"_blank\" rel=\"noreferrer noopener nofollow\">ta kontakt med selskapet<\/a> for \u00e5 finne ut mer.<\/p>\r\n\r\n\r\n\r\n<h2 class=\"wp-block-heading\"><span class=\"ez-toc-section\" id=\"Singapore_to_Bangkok_Airports\"><\/span>Flyplasser fra Singapore til Bangkok<span class=\"ez-toc-section-end\"><\/span><\/h2>\r\n\r\n\r\n\r\n<p>Som privatflyger er du ikke interessert i kommersielle flyplasser, men i private terminaler og FBO-er. Alle knutepunktene for privatflyging ligger imidlertid enten i bygningen til de kommersielle flyplassene eller i n\u00e6rheten av dem.<\/p>\r\n\r\n\r\n\r\n<p>Bystaten Singapore, som er et av verdens tettest befolkede omr\u00e5der, betjenes av tre flyplasser. To av dem har et ganske godt utvalg av private terminaler, mens den tredje, kalt <em>Paya Lebar<\/em>fungerer som delstatens milit\u00e6rbase og er ikke egnet for sivile flyvninger.<\/p>\r\n\r\n\r\n\r\n<div class=\"wp-block-image\"><figure class=\"aligncenter size-large\"><img loading=\"lazy\" decoding=\"async\" width=\"683\" height=\"1024\" src=\"https:\/\/comparemyjet.com\/wp-content\/uploads\/2021\/11\/Singapore-to-Bangkok-4-683x1024.jpg\" alt=\"drosjebilmodell\" class=\"wp-image-2386\" srcset=\"https:\/\/comparemyjet.com\/wp-content\/uploads\/2021\/11\/Singapore-to-Bangkok-4-200x300.jpg 200w, https:\/\/comparemyjet.com\/wp-content\/uploads\/2021\/11\/Singapore-to-Bangkok-4-683x1024.jpg 683w, https:\/\/comparemyjet.com\/wp-content\/uploads\/2021\/11\/Singapore-to-Bangkok-4-768x1152.jpg 768w, https:\/\/comparemyjet.com\/wp-content\/uploads\/2021\/11\/Singapore-to-Bangkok-4-1024x1536.jpg 1024w, https:\/\/comparemyjet.com\/wp-content\/uploads\/2021\/11\/Singapore-to-Bangkok-4-1365x2048.jpg 1365w, https:\/\/comparemyjet.com\/wp-content\/uploads\/2021\/11\/Singapore-to-Bangkok-4-scaled.jpg 1707w\" sizes=\"auto, (max-width: 683px) 100vw, 683px\" \/><\/figure><\/div>\r\n\r\n\r\n\r\n<h3 class=\"wp-block-heading\"><span class=\"ez-toc-section\" id=\"From_Singapore_Seletar_Airport_to_Bangkok\"><\/span>Fra Singapore Seletar lufthavn til Bangkok<span class=\"ez-toc-section-end\"><\/span><\/h3>\r\n\r\n\r\n\r\n<p>Seletar lufthavn ligger i den nordlige delen av byen og er den ledende flyplassen n\u00e5r det gjelder FBO-er og private terminaler i omr\u00e5det. I likhet med alt annet i Singapore er det sv\u00e6rt enkelt \u00e5 komme seg dit, takket v\u00e6re byens kompakte st\u00f8rrelse og perfekte offentlige transportmidler.<\/p>\r\n\r\n\r\n\r\n<p>Til \u00e5 begynne med, <em>Seletar lufthavn <\/em>er godt tilrettelagt for VIP-gjester og er ogs\u00e5 et knutepunkt for privatfly. Den <a href=\"https:\/\/www.seletarairport.com\/seletar-business-aviation-centre.html\" target=\"_blank\" rel=\"noreferrer noopener nofollow\">Senter for forretningsflyging<\/a> vil gi deg den beste servicen og bakkeh\u00e5ndteringen du m\u00e5tte trenge.<\/p>\r\n\r\n\r\n\r\n<p>I tillegg til selve flyplassen er det mange FBO-er i n\u00e6rheten. Du kan for eksempel velge \u00e5 fly med <a href=\"https:\/\/www.signatureflight.com\/locations\/XSP\" target=\"_blank\" rel=\"noreferrer noopener nofollow\">Signatur flyst\u00f8tte<\/a>, <a href=\"https:\/\/www.jetex.com\/network\/seletar-singapore\/\" target=\"_blank\" rel=\"noreferrer noopener nofollow\">Jetex<\/a>, <a href=\"https:\/\/www.universalaviation.aero\/locations\/singapore\/wssl\/\" target=\"_blank\" rel=\"noreferrer noopener nofollow\">Universal Aviation<\/a>eller <a href=\"https:\/\/www.jetaviation.com\/locations\/singapore\" target=\"_blank\" rel=\"noreferrer noopener nofollow\">Jet Aviation<\/a>. Alle de oppf\u00f8rte FBO-ene er bemerkelsesverdige og tilbyr f\u00f8rsteklasses tjenester for sine viktigste kunder. Du kan forvente deg koselige salonger og velutstyrte konferanserom p\u00e5 alle de private terminalene.<\/p>\r\n\r\n\r\n\r\n<h3 class=\"wp-block-heading\"><span class=\"ez-toc-section\" id=\"From_Singapore_Changi_to_Bangkok\"><\/span>Fra Singapore Changi til Bangkok<span class=\"ez-toc-section-end\"><\/span><\/h3>\r\n\r\n\r\n\r\n<p><a href=\"https:\/\/comparemyjet.com\/nb\/hotels\/sin-hotels\/\" data-internallinksmanager029f6b8e52c=\"467\" title=\"De 11 beste hotellene i n\u00e6rheten av Singapore Changi lufthavn\">Singapore Changi lufthavn<\/a> er ikke like rik p\u00e5 private terminaler som Seletar. Denne flyplassen ligger lengst \u00f8st p\u00e5 hoved\u00f8ya, men den er ogs\u00e5 ganske lett \u00e5 komme til. Hvis du reiser med bil, trenger du ca. 20 minutter fra Singapores sentrum.<\/p>\r\n\r\n\r\n\r\n<p>Selv om det ikke er s\u00e5 mange private terminaler i n\u00e6rheten av Changi, har du den p\u00e5litelige <a href=\"https:\/\/www.signatureflight.com\/locations\/SIN\" target=\"_blank\" rel=\"noreferrer noopener nofollow\">Signatur flyst\u00f8tte<\/a> som kj\u00f8rer en <a href=\"https:\/\/comparemyjet.com\/nb\/what-is-a-private-jet-fixed-base-operator-fbo\/\" data-internallinksmanager029f6b8e52c=\"19\" title=\"Hva er en fastbaseoperat\u00f8r (FBO) for privatfly?\">FBO<\/a> i n\u00e6rheten. Denne private terminalen er like bra som den som ligger i n\u00e6rheten av Seletar lufthavn, s\u00e5 uansett hvilken du velger, f\u00e5r du VIP-service og f\u00f8rsteklasses fasiliteter.<\/p>\r\n\r\n\r\n\r\n<h2 class=\"wp-block-heading\"><span class=\"ez-toc-section\" id=\"Bangkok_Airports\"><\/span>Bangkoks flyplasser<span class=\"ez-toc-section-end\"><\/span><\/h2>\r\n\r\n\r\n\r\n<p>Bangkok, Thailands hovedstad, har to internasjonale hovedflyplasser. <a href=\"https:\/\/comparemyjet.com\/nb\/hotels\/bkk-hotels\/\" data-internallinksmanager029f6b8e52c=\"471\" title=\"De 11 beste hotellene i n\u00e6rheten av Suvarnabhumi lufthavn\">Suvarnabhumi lufthavn<\/a> og Don Mueang lufthavn, og mer enn nok FBO-er i n\u00e6rheten.<\/p>\r\n\r\n\r\n\r\n<p>De fleste av de private terminalene du kan bruke, ligger i n\u00e6rheten av Don Mueang. Noen av charterselskapene, flyselskapene eller FBO-ene som betjener privatpassasjerer i omr\u00e5det, er f\u00f8lgende <a href=\"https:\/\/asa-aircharter.com\/\" target=\"_blank\" rel=\"noreferrer noopener nofollow\">ASA-konsernet<\/a> og <a href=\"https:\/\/www.mjets.com\/\" target=\"_blank\" rel=\"noreferrer noopener nofollow\">M Jets<\/a>.<\/p>\r\n\r\n\r\n\r\n<h2 class=\"wp-block-heading\"><span class=\"ez-toc-section\" id=\"Which_Planes_Can_You_Fly_to_Bangkok_from_Each_Category\"><\/span>Hvilke fly kan du fly til Bangkok fra hver kategori?<span class=\"ez-toc-section-end\"><\/span><\/h2>\r\n\r\n\r\n\r\n<p>Vi har tidligere v\u00e6rt inne p\u00e5 at det er stor prisforskjell p\u00e5 ulike st\u00f8rrelser jetfly n\u00e5r det gjelder leie. Dette kapittelet kommer til \u00e5 bli litt annerledes, ettersom vi skal ta en titt p\u00e5 jetmodellene i hver kategori og anbefale noen gode alternativer.<\/p>\r\n\r\n\r\n\r\n<p>I kapittelet ovenfor brukte jeg data fra <em>Luftfartsfabrikken<\/em>. I denne artikkelen skal vi se hvordan det ser ut med <em>Privat fly<\/em>.<\/p>\r\n\r\n\r\n\r\n<div class=\"wp-block-image\"><figure class=\"aligncenter size-large\"><img loading=\"lazy\" decoding=\"async\" width=\"1024\" height=\"683\" src=\"https:\/\/comparemyjet.com\/wp-content\/uploads\/2021\/11\/Singapore-to-Bangkok-2-1024x683.jpg\" alt=\"flyhjul\" class=\"wp-image-2384\" srcset=\"https:\/\/comparemyjet.com\/wp-content\/uploads\/2021\/11\/Singapore-to-Bangkok-2-300x200.jpg 300w, https:\/\/comparemyjet.com\/wp-content\/uploads\/2021\/11\/Singapore-to-Bangkok-2-768x512.jpg 768w, https:\/\/comparemyjet.com\/wp-content\/uploads\/2021\/11\/Singapore-to-Bangkok-2-1024x683.jpg 1024w, https:\/\/comparemyjet.com\/wp-content\/uploads\/2021\/11\/Singapore-to-Bangkok-2-1536x1024.jpg 1536w, https:\/\/comparemyjet.com\/wp-content\/uploads\/2021\/11\/Singapore-to-Bangkok-2.jpg 1920w\" sizes=\"auto, (max-width: 1024px) 100vw, 1024px\" \/><\/figure><\/div>\r\n\r\n\r\n\r\n<h3 class=\"wp-block-heading\"><span class=\"ez-toc-section\" id=\"Small_and_Midsize_Jets_Turboprops_Light_Jets_and_Midsize_Jets\"><\/span>Sm\u00e5 og mellomstore jetfly (turbopropfly, lette jetfly og mellomstore jetfly)<span class=\"ez-toc-section-end\"><\/span><\/h3>\r\n\r\n\r\n\r\n<p>Et turbopropellerfly eller et lett jetfly er det mest budsjettvennlige alternativet, i hvert fall de fleste modellene. Til dette form\u00e5let, <em>Privat fly<\/em> tilbyr <em>Beech BE350 KingAir <\/em>som kan ta opptil \u00e5tte personer, og som bruker ca. 3 timer p\u00e5 \u00e5 fly fra Singapore til Bangkok. Prisen for dette jetflyet er ca. $33 000.<\/p>\r\n\r\n\r\n\r\n<p>P\u00e5 den annen side kan du vurdere et litt raskere alternativ, som er den <em><a href=\"https:\/\/comparemyjet.com\/nb\/pilatus\/\" data-internallinksmanager029f6b8e52c=\"152\" title=\"Den ultimate guiden til Pilatus privatfly og -jetfly\">Pilatus<\/a> PC-12<\/em> som har plass til seks personer, men lander i Bangkok noen minutter tidligere enn flyet. <em>BE350<\/em>. Leieprisen for dette jetflyet ligger p\u00e5 rundt $60 000.<\/p>\r\n\r\n\r\n\r\n<p>Det finnes selvf\u00f8lgelig ogs\u00e5 mellomstore jetfly til din disposisjon. Den jeg oppriktig vil anbefale, er den <em>Hawker 800 <\/em>som du kan leie for bare rundt $22 000. Dette jetflyet har plass til \u00e5tte personer og bruker bare to timer p\u00e5 \u00e5 n\u00e5 Bangkok.<\/p>\r\n\r\n\r\n\r\n<p>Et annet alternativ, som er litt mer avansert, er <em>Sitat Breddegrad<\/em>. Du kan leie dette ultramoderne jetflyet for rundt $67 000, og det kan ta imot en gruppe p\u00e5 \u00e5tte personer. Det tar n\u00f8yaktig to timer \u00e5 fly denne ruten.<\/p>\r\n\r\n\r\n\r\n<p>Men hvis du \u00f8nsker \u00e5 ta spillet et niv\u00e5 h\u00f8yere, kan du vurdere et mellomstort jetfly. Et slikt eksempel kan v\u00e6re det fantastiske <em><a href=\"https:\/\/comparemyjet.com\/nb\/gulfstream\/\" data-internallinksmanager029f6b8e52c=\"175\" title=\"Den ultimate guiden til Gulfstream private jetfly og fly\">Gulfstream<\/a> G200. <\/em>Jetflyet koster rundt $45 000 \u00e5 leie og bruker 1 time og 52 minutter p\u00e5 \u00e5 komme til Bangkok. Den maksimale setekapasiteten er \u00e5tte personer.<\/p>\r\n\r\n\r\n\r\n<h3 class=\"wp-block-heading\"><span class=\"ez-toc-section\" id=\"Heavy_Jets\"><\/span>Tunge jetfly<span class=\"ez-toc-section-end\"><\/span><\/h3>\r\n\r\n\r\n\r\n<p>N\u00e5r du flyr med tung jet, f\u00e5r du mer komfort, mer bagasje og benplass, og til syvende og sist er du mer stabil i luften.<\/p>\r\n\r\n\r\n\r\n<p>Ta for eksempel en titt p\u00e5 <em><a href=\"https:\/\/comparemyjet.com\/nb\/bombardier\/\" data-internallinksmanager029f6b8e52c=\"159\" title=\"Den ultimate guiden til Bombardiers private jetfly og fly\">Bombardier<\/a> Global 5000. <\/em>Det geniale ingeni\u00f8rkunstverket som du kan leie for rundt $44 000 kan ta 12 personer til om bord. Tunge jetfly er ikke n\u00f8dvendigvis raskere, men dette flyet flyr fra Singapore til Bangkok p\u00e5 1 time og 47 minutter.<\/p>\r\n\r\n\r\n\r\n<p>Et annet alternativ kan v\u00e6re <em>Gulfstream G550. <\/em>Med en pris p\u00e5 rundt $77 000 er dette ikke noe billig alternativ, men til gjengjeld er det et av de beste jetflyene noensinne. Det flotte jetflyet har plass til maksimalt 15 personer om bord og tar deg til Bangkok p\u00e5 1 time og 49 minutter.&nbsp;<\/p>\r\n\r\n\r\n\r\n<p>Den siste anbefalingen jeg vil gi, er for dem som er villige til \u00e5 gripe dypere i lommene. Det aktuelle flyet er <em>Bombardier Global Express XRS <\/em>som kan bli din for en dag for rundt $90 500. Den har plass til maksimalt 14 personer, og du kan forvente \u00e5 n\u00e5 Bangkok p\u00e5 1 time og 47 minutter.<\/p>\r\n\r\n\r\n\r\n<div class=\"wp-block-image\"><figure class=\"aligncenter size-large\"><img loading=\"lazy\" decoding=\"async\" width=\"1024\" height=\"681\" src=\"https:\/\/comparemyjet.com\/wp-content\/uploads\/2021\/11\/Singapore-to-Bangkok-5-1024x681.jpg\" alt=\"kwaeng wat arun bangkok thailand\" class=\"wp-image-2387\" srcset=\"https:\/\/comparemyjet.com\/wp-content\/uploads\/2021\/11\/Singapore-to-Bangkok-5-300x200.jpg 300w, https:\/\/comparemyjet.com\/wp-content\/uploads\/2021\/11\/Singapore-to-Bangkok-5-768x511.jpg 768w, https:\/\/comparemyjet.com\/wp-content\/uploads\/2021\/11\/Singapore-to-Bangkok-5-1024x681.jpg 1024w, https:\/\/comparemyjet.com\/wp-content\/uploads\/2021\/11\/Singapore-to-Bangkok-5-1536x1022.jpg 1536w, https:\/\/comparemyjet.com\/wp-content\/uploads\/2021\/11\/Singapore-to-Bangkok-5.jpg 1920w\" sizes=\"auto, (max-width: 1024px) 100vw, 1024px\" \/><\/figure><\/div>\r\n\r\n\r\n\r\n<h3 class=\"wp-block-heading\"><span class=\"ez-toc-section\" id=\"Prices_Per_Plane_Type_Overview\"><\/span>Priser per flytype: Oversikt<span class=\"ez-toc-section-end\"><\/span><\/h3>\r\n\r\n\r\n\r\n<p>Nedenfor finner du en tabell som viser prisene per flytype.<\/p>\r\n\r\n\r\n\r\n<figure class=\"wp-block-table\"><table><tbody><tr><td><strong>Type fly<\/strong><\/td><td><\/td><td><\/td><td><\/td><\/tr><tr><td><strong>Lette og mellomstore jetfly<\/strong><\/td><td><strong>Antall passasjerer<\/strong><\/td><td><strong>Flytid<\/strong><\/td><td><strong>Pris<\/strong><\/td><\/tr><tr><td><em>Beech BE350 KingAir<\/em><\/td><td>8<\/td><td>3 timer 1 minutt<\/td><td>$33,000<\/td><\/tr><tr><td><em>Pilatus PC-12<\/em><\/td><td>6<\/td><td>2 timer og 59 minutter<\/td><td>$60,000<\/td><\/tr><tr><td><em>Hawker 800<\/em><\/td><td>8<\/td><td>2 timer<\/td><td>$22,000<\/td><\/tr><tr><td><em>Sitat Breddegrad<\/em><\/td><td>8<\/td><td>2 timer 1 minutt<\/td><td>$67,000<\/td><\/tr><tr><td><em>Gulfstream G200<\/em><\/td><td>8<\/td><td>1 time og 52 minutter<\/td><td>$45,000<\/td><\/tr><tr><td><strong>Tunge jetfly<\/strong><\/td><td><\/td><td><\/td><td><\/td><\/tr><tr><td><em>Bombardier Global 5000<\/em><\/td><td>13<\/td><td>1 time og 47 minutter<\/td><td>$44,000<\/td><\/tr><tr><td><em>Gulfstream G550<\/em><\/td><td>15<\/td><td>1 time og 49 minutter<\/td><td>$77,000<\/td><\/tr><tr><td><em>Bombardier Global Express XRS<\/em><\/td><td>14<\/td><td>1 time og 47 minutter<\/td><td>$90,500<\/td><\/tr><\/tbody><\/table><\/figure>\r\n\r\n\r\n\r\n<h2 class=\"wp-block-heading\"><span class=\"ez-toc-section\" id=\"Conclusion\"><\/span>Konklusjon<span class=\"ez-toc-section-end\"><\/span><\/h2>\r\n\r\n\r\n\r\n<p>N\u00e5 som vi har g\u00e5tt gjennom alle detaljene, kan vi oppsummere.<\/p>\r\n\r\n\r\n\r\n<p>Kostnaden for \u00e5 leie et privatfly varierer og avhenger av mange variabler, for eksempel tidspunkt og dato for flyvningen, flytype, flymodell og hvilket selskap du velger til \u00e5 tilby denne tjenesten.<\/p>\r\n\r\n\r\n\r\n<p>Den gjennomsnittlige flytiden for denne ruten er to timer, og kan vare lenger hvis du velger et langsommere fly, for eksempel et turbopropfly. Samtidig kan gjennomsnittsprisen starte et sted rundt $20 000, mens den \u00f8vre enden kan n\u00e5 $100 000 hvis kravene dine tilsvarer dette tallet.<\/p>\r\n\r\n\r\n\r\n<p>God reise!<\/p>","protected":false},"excerpt":{"rendered":"<p>Enten du reiser p\u00e5 forretningsreise eller ferie, er en tur til Bangkok et uforglemmelig eventyr. Denne kulturrike byen i S\u00f8r\u00f8st-Asia, der det moderne og det tradisjonelle m\u00f8tes, byr p\u00e5 noen av verdens vakreste severdigheter, deilig mat, gamle templer, et pulserende natteliv og mye mer, s\u00e5 hvis du planlegger en tur fra Singapore til Bangkok, ...<\/p>","protected":false},"author":1,"featured_media":2383,"parent":0,"menu_order":0,"comment_status":"closed","ping_status":"closed","template":"","meta":{"_acf_changed":false,"_genesis_hide_title":false,"_genesis_hide_breadcrumbs":false,"_genesis_hide_singular_image":false,"_genesis_hide_footer_widgets":false,"_genesis_custom_body_class":"","_genesis_custom_post_class":"","_genesis_layout":"","footnotes":""},"class_list":{"1":"page","2":"type-page","6":"entry"},"acf":[],"_links":{"self":[{"href":"https:\/\/comparemyjet.com\/nb\/wp-json\/wp\/v2\/pages\/2382","targetHints":{"allow":["GET"]}}],"collection":[{"href":"https:\/\/comparemyjet.com\/nb\/wp-json\/wp\/v2\/pages"}],"about":[{"href":"https:\/\/comparemyjet.com\/nb\/wp-json\/wp\/v2\/types\/page"}],"author":[{"embeddable":true,"href":"https:\/\/comparemyjet.com\/nb\/wp-json\/wp\/v2\/users\/1"}],"replies":[{"embeddable":true,"href":"https:\/\/comparemyjet.com\/nb\/wp-json\/wp\/v2\/comments?post=2382"}],"version-history":[{"count":3,"href":"https:\/\/comparemyjet.com\/nb\/wp-json\/wp\/v2\/pages\/2382\/revisions"}],"predecessor-version":[{"id":2763,"href":"https:\/\/comparemyjet.com\/nb\/wp-json\/wp\/v2\/pages\/2382\/revisions\/2763"}],"wp:featuredmedia":[{"embeddable":true,"href":"https:\/\/comparemyjet.com\/nb\/wp-json\/wp\/v2\/media\/2383"}],"wp:attachment":[{"href":"https:\/\/comparemyjet.com\/nb\/wp-json\/wp\/v2\/media?parent=2382"}],"curies":[{"name":"wp","href":"https:\/\/api.w.org\/{rel}","templated":true}]}}