{"id":2553,"date":"2021-12-30T21:43:20","date_gmt":"2021-12-30T21:43:20","guid":{"rendered":"https:\/\/comparemyjet.com\/?page_id=2553"},"modified":"2025-09-04T09:58:14","modified_gmt":"2025-09-04T09:58:14","slug":"barcelona-to-ibiza","status":"publish","type":"page","link":"https:\/\/comparemyjet.com\/nb\/barcelona-to-ibiza\/","title":{"rendered":"Barcelona til Ibiza med privatfly"},"content":{"rendered":"<p>Spania har mange fantastiske steder som er verdt et bes\u00f8k, <a href=\"https:\/\/comparemyjet.com\/nb\/private-jet-charters-to-barcelona\/\" data-internallinksmanager029f6b8e52c=\"141\" title=\"Privatflycharter til Barcelona\">Barcelona<\/a> og <a href=\"https:\/\/comparemyjet.com\/nb\/private-jet-charters-to-ibiza\/\" data-internallinksmanager029f6b8e52c=\"133\" title=\"Privatflycharter til Ibiza\">Ibiza<\/a> er definitivt \u00f8verst p\u00e5 listen. En kombinasjon av de to vil gi reisen din et helt spesielt preg, og det finnes ikke noe enklere enn \u00e5 reise fra kystbyen Barcelona til Ibiza, ettersom det er gode forbindelser mellom disse to stedene.<\/p>\r\n\r\n\r\n\r\n<p>De to byene ligger sv\u00e6rt n\u00e6r hverandre, og selv en biltur er verdt \u00e5 ta. \u00c5 leie et privatfly er imidlertid den raskeste og mest komfortable m\u00e5ten \u00e5 komme seg dit p\u00e5. I denne artikkelen skal jeg ta for meg de viktigste aspektene ved \u00e5 leie et jetfly, som priser, estimert flytid, flytyper og s\u00e5 videre.<\/p>\r\n\r\n\r\n\r\n<div id=\"ez-toc-container\" class=\"ez-toc-v2_0_76 counter-hierarchy ez-toc-counter ez-toc-grey ez-toc-container-direction\">\n<p class=\"ez-toc-title\" style=\"cursor:inherit\">Temaer<\/p>\n<label for=\"ez-toc-cssicon-toggle-item-69e5043da52ac\" class=\"ez-toc-cssicon-toggle-label\"><span class=\"\"><span class=\"eztoc-hide\" style=\"display:none;\">Toggle<\/span><span class=\"ez-toc-icon-toggle-span\"><svg style=\"fill: #999;color:#999\" xmlns=\"http:\/\/www.w3.org\/2000\/svg\" class=\"list-377408\" width=\"20px\" height=\"20px\" viewbox=\"0 0 24 24\" fill=\"none\"><path d=\"M6 6H4v2h2V6zm14 0H8v2h12V6zM4 11h2v2H4v-2zm16 0H8v2h12v-2zM4 16h2v2H4v-2zm16 0H8v2h12v-2z\" fill=\"currentColor\"><\/path><\/svg><svg style=\"fill: #999;color:#999\" class=\"arrow-unsorted-368013\" xmlns=\"http:\/\/www.w3.org\/2000\/svg\" width=\"10px\" height=\"10px\" viewbox=\"0 0 24 24\" version=\"1.2\" baseprofile=\"tiny\"><path d=\"M18.2 9.3l-6.2-6.3-6.2 6.3c-.2.2-.3.4-.3.7s.1.5.3.7c.2.2.4.3.7.3h11c.3 0 .5-.1.7-.3.2-.2.3-.5.3-.7s-.1-.5-.3-.7zM5.8 14.7l6.2 6.3 6.2-6.3c.2-.2.3-.5.3-.7s-.1-.5-.3-.7c-.2-.2-.4-.3-.7-.3h-11c-.3 0-.5.1-.7.3-.2.2-.3.5-.3.7s.1.5.3.7z\"\/><\/svg><\/span><\/span><\/label><input type=\"checkbox\"  id=\"ez-toc-cssicon-toggle-item-69e5043da52ac\" checked aria-label=\"Toggle\" \/><nav><ul class='ez-toc-list ez-toc-list-level-1' ><li class='ez-toc-page-1 ez-toc-heading-level-2'><a class=\"ez-toc-link ez-toc-heading-1\" href=\"https:\/\/comparemyjet.com\/nb\/barcelona-to-ibiza\/#Barcelona_to_Ibiza_Overview\" >Barcelona til Ibiza: Oversikt<\/a><\/li><li class='ez-toc-page-1 ez-toc-heading-level-2'><a class=\"ez-toc-link ez-toc-heading-2\" href=\"https:\/\/comparemyjet.com\/nb\/barcelona-to-ibiza\/#Pricing_Options\" >Prisalternativer<\/a><ul class='ez-toc-list-level-3' ><li class='ez-toc-heading-level-3'><a class=\"ez-toc-link ez-toc-heading-3\" href=\"https:\/\/comparemyjet.com\/nb\/barcelona-to-ibiza\/#Average_Prices_From_Barcelona_to_Ibiza\" >Gjennomsnittspriser fra Barcelona til Ibiza<\/a><\/li><\/ul><\/li><li class='ez-toc-page-1 ez-toc-heading-level-2'><a class=\"ez-toc-link ez-toc-heading-4\" href=\"https:\/\/comparemyjet.com\/nb\/barcelona-to-ibiza\/#Barcelona_to_Ibiza_Airports\" >Barcelona til Ibiza flyplasser<\/a><ul class='ez-toc-list-level-3' ><li class='ez-toc-heading-level-3'><a class=\"ez-toc-link ez-toc-heading-5\" href=\"https:\/\/comparemyjet.com\/nb\/barcelona-to-ibiza\/#Barcelona_Airport_El_Prat\" >Barcelona lufthavn (El Prat)<\/a><\/li><\/ul><\/li><li class='ez-toc-page-1 ez-toc-heading-level-2'><a class=\"ez-toc-link ez-toc-heading-6\" href=\"https:\/\/comparemyjet.com\/nb\/barcelona-to-ibiza\/#Ibiza_Airports\" >Ibiza flyplasser<\/a><\/li><li class='ez-toc-page-1 ez-toc-heading-level-2'><a class=\"ez-toc-link ez-toc-heading-7\" href=\"https:\/\/comparemyjet.com\/nb\/barcelona-to-ibiza\/#Which_Jet_Models_Can_Fly_You_to_Ibiza_From_Barcelona\" >Hvilke jetmodeller kan fly deg til Ibiza fra Barcelona?<\/a><ul class='ez-toc-list-level-3' ><li class='ez-toc-heading-level-3'><a class=\"ez-toc-link ez-toc-heading-8\" href=\"https:\/\/comparemyjet.com\/nb\/barcelona-to-ibiza\/#Small_Turboprops_Light_Jets_and_Midsize_Jets\" >Sm\u00e5 (turbopropfly, lette jetfly) og mellomstore jetfly<\/a><\/li><li class='ez-toc-page-1 ez-toc-heading-level-3'><a class=\"ez-toc-link ez-toc-heading-9\" href=\"https:\/\/comparemyjet.com\/nb\/barcelona-to-ibiza\/#Heavy_Jets\" >Tunge jetfly<\/a><\/li><li class='ez-toc-page-1 ez-toc-heading-level-3'><a class=\"ez-toc-link ez-toc-heading-10\" href=\"https:\/\/comparemyjet.com\/nb\/barcelona-to-ibiza\/#Prices_Per_Plane_Type_Overview\" >Priser per flytype: Oversikt<\/a><\/li><\/ul><\/li><li class='ez-toc-page-1 ez-toc-heading-level-2'><a class=\"ez-toc-link ez-toc-heading-11\" href=\"https:\/\/comparemyjet.com\/nb\/barcelona-to-ibiza\/#Conclusion\" >Konklusjon<\/a><\/li><\/ul><\/nav><\/div>\n<h2 class=\"wp-block-heading\"><span class=\"ez-toc-section\" id=\"Barcelona_to_Ibiza_Overview\"><\/span>Barcelona til Ibiza: Oversikt<span class=\"ez-toc-section-end\"><\/span><\/h2>\r\n\r\n\r\n\r\n<figure class=\"wp-block-image size-large\"><img loading=\"lazy\" decoding=\"async\" width=\"1024\" height=\"683\" src=\"https:\/\/comparemyjet.com\/wp-content\/uploads\/2021\/12\/ibiza-1-1024x683.jpg\" alt=\"Ibiza\" class=\"wp-image-2562\" srcset=\"https:\/\/comparemyjet.com\/wp-content\/uploads\/2021\/12\/ibiza-1-300x200.jpg 300w, https:\/\/comparemyjet.com\/wp-content\/uploads\/2021\/12\/ibiza-1-768x512.jpg 768w, https:\/\/comparemyjet.com\/wp-content\/uploads\/2021\/12\/ibiza-1-1024x683.jpg 1024w, https:\/\/comparemyjet.com\/wp-content\/uploads\/2021\/12\/ibiza-1-1536x1024.jpg 1536w, https:\/\/comparemyjet.com\/wp-content\/uploads\/2021\/12\/ibiza-1.jpg 1920w\" sizes=\"auto, (max-width: 1024px) 100vw, 1024px\" \/><\/figure>\r\n\r\n\r\n\r\n<p>Det er rundt 50 mil mellom de to stedene, noe som betyr at du m\u00e5 kj\u00f8re bil i 7 timer for \u00e5 komme frem.  Men hvis du \u00f8nsker \u00e5 komme deg dit p\u00e5 rundt 40 minutter, mer eller mindre, og samtidig v\u00e6re ganske komfortabel, er et privatfly veien \u00e5 g\u00e5.&nbsp;<\/p>\r\n\r\n\r\n\r\n<p>Det som er bra her, er at de to byene ligger s\u00e5 n\u00e6r hverandre at hastigheten ikke spiller noen stor rolle for hvilket fly du skal leie. Turboprops er vanligvis mye langsommere enn andre jetfly, men i dette tilfellet vil det kanskje ta 20 minutter mer \u00e5 n\u00e5 Ibiza med et slikt fly.<\/p>\r\n\r\n\r\n\r\n<p>Prisene for \u00e5 leie et privatfly p\u00e5 ruten Barcelona - Ibiza varierer fra 3 000 EUR til 18 000 EUR, eller mer hvis du \u00f8nsker ekstra tjenester eller ekstra plass i kabinen. Prisene er vanskelige \u00e5 fastsette n\u00e5r du flyr privat p\u00e5 grunn av det uendelige antallet faktorer som p\u00e5virker det endelige tallet, for eksempel dato og klokkeslett for flyvningen, flyets st\u00f8rrelse og modell, planlagte overnattinger osv.<\/p>\r\n\r\n\r\n\r\n<p>En positiv ting med de to byene er at de begge er vant til \u00e5 ta imot VIP-er, s\u00e5 det finnes infrastruktur som egner seg for privatflyging. Du finner fantastiske FBO-er (Fixed Base Operators) eller private terminaler begge steder.<\/p>\r\n\r\n\r\n\r\n<h2 class=\"wp-block-heading\"><span class=\"ez-toc-section\" id=\"Pricing_Options\"><\/span>Prisalternativer<span class=\"ez-toc-section-end\"><\/span><\/h2>\r\n\r\n\r\n\r\n<p>Som kort nevnt ovenfor er det vanskelig \u00e5 fastsette priser, siden de avhenger av mange faktorer, som for eksempel hvilket selskap du bestiller hos, og de fleste vil bare gi deg et prisoverslag etter at du har kontaktet dem og bedt om et tilbud.<\/p>\r\n\r\n\r\n\r\n<p>Prisene som er gjengitt nedenfor, er skrevet ut fra f\u00f8lgende perspektiv <a href=\"https:\/\/www.the-aviation-factory.com\/en\/\" target=\"_blank\" rel=\"noopener\">Luftfartsfabrikken<\/a>.<\/p>\r\n\r\n\r\n\r\n<h3 class=\"wp-block-heading\"><span class=\"ez-toc-section\" id=\"Average_Prices_From_Barcelona_to_Ibiza\"><\/span>Gjennomsnittspriser fra Barcelona til Ibiza<span class=\"ez-toc-section-end\"><\/span><\/h3>\r\n\r\n\r\n\r\n<figure class=\"wp-block-table\"><table><tbody><tr><td><strong>Flytype<\/strong><\/td><td><strong>Antall passasjerer<\/strong><\/td><td><strong>Pris for ruten Barcelona-Ibiza<\/strong><\/td><td><strong>Beregnet flytid<\/strong><\/td><\/tr><tr><td>Turboprop&nbsp;<\/td><td>4 &#8211; 19<\/td><td>7 000 EUR<\/td><td>55 minutter<\/td><\/tr><tr><td>Lett jetfly<\/td><td>4 &#8211; 11<\/td><td>3 500 EUR<\/td><td>45 minutter<\/td><\/tr><tr><td>Mellomstort jetfly<\/td><td>6 &#8211; 10<\/td><td>7 000 EUR<\/td><td>40 minutter<\/td><\/tr><tr><td>Tung str\u00e5le<\/td><td>4 &#8211; 72<\/td><td>8 500 EUR<\/td><td>40 minutter<\/td><\/tr><\/tbody><\/table><\/figure>\r\n\r\n\r\n\r\n<p>Som du sikkert har lagt merke til i tabellen, er et lett jetfly et ganske godt alternativ for denne ruten hvis du flyr med dette selskapet, men alt avhenger av hvilken modell du velger. Jeg skal snakke mer om spesifikke merker i avsnittene nedenfor, men la oss f\u00f8rst se hva FBO-ene tilbyr.<\/p>\r\n\r\n\r\n\r\n<h2 class=\"wp-block-heading\"><span class=\"ez-toc-section\" id=\"Barcelona_to_Ibiza_Airports\"><\/span>Barcelona til Ibiza flyplasser<span class=\"ez-toc-section-end\"><\/span><\/h2>\r\n\r\n\r\n\r\n<figure class=\"wp-block-image size-large\"><img loading=\"lazy\" decoding=\"async\" width=\"1024\" height=\"683\" src=\"https:\/\/comparemyjet.com\/wp-content\/uploads\/2021\/12\/london-to-ibiza-airports-2-1024x683.jpg\" alt=\"Flyplasser fra London til Ibiza\" class=\"wp-image-2571\" srcset=\"https:\/\/comparemyjet.com\/wp-content\/uploads\/2021\/12\/london-to-ibiza-airports-2-300x200.jpg 300w, https:\/\/comparemyjet.com\/wp-content\/uploads\/2021\/12\/london-to-ibiza-airports-2-768x512.jpg 768w, https:\/\/comparemyjet.com\/wp-content\/uploads\/2021\/12\/london-to-ibiza-airports-2-1024x683.jpg 1024w, https:\/\/comparemyjet.com\/wp-content\/uploads\/2021\/12\/london-to-ibiza-airports-2-1536x1024.jpg 1536w, https:\/\/comparemyjet.com\/wp-content\/uploads\/2021\/12\/london-to-ibiza-airports-2.jpg 1920w\" sizes=\"auto, (max-width: 1024px) 100vw, 1024px\" \/><\/figure>\r\n\r\n\r\n\r\n<p>Barcelona er et verdenskjent turistm\u00e5l med millioner av bes\u00f8kende hvert \u00e5r. Det finnes imidlertid bare \u00e9n flyplass i Barcelona, nemlig den <em>El Prat de Llobregat lufthavn<\/em>eller bare kalt Barcelona lufthavn.<\/p>\r\n\r\n\r\n\r\n<h3 class=\"wp-block-heading\"><span class=\"ez-toc-section\" id=\"Barcelona_Airport_El_Prat\"><\/span>Barcelona lufthavn (El Prat)<span class=\"ez-toc-section-end\"><\/span><\/h3>\r\n\r\n\r\n\r\n<p>El Prat har en ganske flott beliggenhet, bare 8 km fra sentrum. Det tar ca. 25 minutter \u00e5 kj\u00f8re dit med bil, men nesten dobbelt s\u00e5 lang tid hvis du velger privat transport.<\/p>\r\n\r\n\r\n\r\n<p>Privatflyging er imidlertid godt utviklet p\u00e5 denne flyplassen, med mange FBO-er i drift. <a href=\"https:\/\/www.jetex.com\/network\/barcelona-spain\/\" target=\"_blank\" rel=\"noopener\">Jetex<\/a> er en av dem, med en <a href=\"https:\/\/comparemyjet.com\/nb\/what-is-a-private-jet-fixed-base-operator-fbo\/\" data-internallinksmanager029f6b8e52c=\"19\" title=\"Hva er en fastbaseoperat\u00f8r (FBO) for privatfly?\">FBO<\/a> som innfrir alle dine forventninger. Her finner du flotte salonger og dusjer, men ogs\u00e5 tjenester under vingen som drivstoff, vedlikehold og lagring.<\/p>\r\n\r\n\r\n\r\n<p>Du kan ogs\u00e5 vurdere FBO som drives av <a href=\"https:\/\/www.execujet.com\/en\/service\/fbo\/locations\/locations-worldwide\/barcelona\/\" target=\"_blank\" rel=\"noopener\">ExecuJet<\/a>. Akkurat som du sikkert forventer, vil du bli tatt godt h\u00e5nd om p\u00e5 denne terminalen. Spesielt denne terminalen har s\u00e5kalt \"VIP-catering on-demand\", noe som betyr at alt du trenger \u00e5 gj\u00f8re, er \u00e5 informere personalet i tide om hva du \u00f8nsker, s\u00e5 vil du garantert f\u00e5 det du \u00f8nsker.<\/p>\r\n\r\n\r\n\r\n<p><a href=\"https:\/\/generalaviation.es\/\" target=\"_blank\" rel=\"noopener\">Generelle luftfartstjenester<\/a> er et velutviklet FBO-nettverk, og du finner dem ogs\u00e5 i hele Spania. De tilbyr 5-stjerners tjenester og har ogs\u00e5 en privat terminal p\u00e5 Ibiza, noe som gj\u00f8r denne FBO-en til et annet godt valg.<\/p>\r\n\r\n\r\n\r\n<p>En annen fantastisk FBO er den som drives av <a href=\"https:\/\/www.universalaviation.aero\/locations\/spain\/barcelona-lebl\/\" target=\"_blank\" rel=\"noopener\">Universal Aviation<\/a>. Denne fastbaseoperat\u00f8ren har store VIP-lounger, atskilt for mannskap og passasjerer, slik at du kan v\u00e6re i fred. Du kan bestille catering eller transporttjenester hvis du \u00f8nsker det, og besetningen er der for \u00e5 hjelpe deg med alt du trenger.<\/p>\r\n\r\n\r\n\r\n<p>V\u00e5r siste anbefaling er FBO som drives av <a href=\"https:\/\/www.skyvalet.com\/\" target=\"_blank\" rel=\"noopener\">Skyvalet<\/a>. De som reiser privat med jevne mellomrom, vet at denne private terminalen kun tilbyr de beste og mest eksklusive tjenestene for VIP-kunder. Selskapet er ogs\u00e5 til stede p\u00e5 Ibiza lufthavn.<\/p>\r\n\r\n\r\n\r\n<h2 class=\"wp-block-heading\"><span class=\"ez-toc-section\" id=\"Ibiza_Airports\"><\/span>Ibiza flyplasser<span class=\"ez-toc-section-end\"><\/span><\/h2>\r\n\r\n\r\n\r\n<p>I begynnelsen av denne artikkelen nevnte jeg at Ibiza, i likhet med Barcelona, har \u00e9n flyplass som dekker behovene til de som flyr inn og ut av \u00f8ya. Den heter <em>Aeropuerto de Ibiza<\/em>, kjent som Ibiza lufthavn (IBZ).<\/p>\r\n\r\n\r\n\r\n<p>Flyplassen ligger bare 10 km fra Ibiza sentrum, noe som gj\u00f8r den enda n\u00e6rmere sentrum enn Barcelona flyplass. Det tar ca. 20 minutter \u00e5 komme til flyplassen med bil, og det er akkurat nok FBO-er p\u00e5 flyplassen til at du kan fly privat.<\/p>\r\n\r\n\r\n\r\n<p><a href=\"https:\/\/www.skyvalet.com\/\" target=\"_blank\" rel=\"noopener\">Sky Valet<\/a> er et av dem, og det har sannsynligvis de beste concierge-tjenestene siden de har en skreddersydd VIP-velkomst. Du kan fortelle dem p\u00e5 forh\u00e5nd hva du \u00f8nsker, hva du liker best av mat, drikke og aktiviteter, og basert p\u00e5 disse opplysningene vil personalet skreddersy oppholdet ditt.&nbsp;<\/p>\r\n\r\n\r\n\r\n<p>Du kan ogs\u00e5 be personalet om \u00e5 hjelpe deg med hva som helst, for eksempel \u00e5 leie skyss, helikopter eller limousin, eller bestille bord p\u00e5 restauranten.<\/p>\r\n\r\n\r\n\r\n<p><a href=\"https:\/\/www.aviapartnerexecutive.com\/ibiza\" target=\"_blank\" rel=\"noopener\">Avia Partner<\/a> kan ogs\u00e5 v\u00e6re den FBO-en du velger n\u00e5r du bes\u00f8ker \u00f8ya. Personalet her vil hjelpe deg med alt, inkludert assistanse med jetflyet ditt. Dette kan omfatte tanking, vedlikehold eller reparasjon av jetflyet ditt, samt lagring i noen av hangarene.&nbsp;<\/p>\r\n\r\n\r\n\r\n<p>Selve anlegget har overraskende store salonger, et skinnende blankt kj\u00f8kken, dusjer, konferanserom og mye mer.<\/p>\r\n\r\n\r\n\r\n<h2 class=\"wp-block-heading\"><span class=\"ez-toc-section\" id=\"Which_Jet_Models_Can_Fly_You_to_Ibiza_From_Barcelona\"><\/span>Hvilke jetmodeller kan fly deg til Ibiza fra Barcelona?<span class=\"ez-toc-section-end\"><\/span><\/h2>\r\n\r\n\r\n\r\n<p>Jetst\u00f8rrelser og jetmodeller er ikke det samme. En bestemt modell i kategorien lette jetfly kan v\u00e6re et bedre, raskere eller til og med dyrere valg enn en bestemt modell i kategorien mellomstore jetfly.<\/p>\r\n\r\n\r\n\r\n<p>For denne ruten er alle jetflyst\u00f8rrelser og -modeller egnet. Men akkurat som med alt annet i livet, er det noen ting som er bedre og mer tiltalende enn andre. La oss se hvilke alternativer du har n\u00e5r det gjelder jetmodeller for ruten Barcelona - Ibiza.<\/p>\r\n\r\n\r\n\r\n<h3 class=\"wp-block-heading\"><span class=\"ez-toc-section\" id=\"Small_Turboprops_Light_Jets_and_Midsize_Jets\"><\/span>Sm\u00e5 (turbopropfly, lette jetfly) og mellomstore jetfly<span class=\"ez-toc-section-end\"><\/span><\/h3>\r\n\r\n\r\n\r\n<p>Blant sm\u00e5flyene finner vi turbopropfly og lette jetfly. Turboprops kan v\u00e6re et godt kj\u00f8p i mange tilfeller fordi de vanligvis er rimeligere, selv om de er litt langsommere enn andre fly. I dette tilfellet spiller ikke hastigheten noen rolle, siden ruten er for kort til \u00e5 merke den lille forskjellen i flytid. Jeg har sett p\u00e5 prisene p\u00e5 <a href=\"https:\/\/www.aircharterservice.com\/\" target=\"_blank\" rel=\"noopener\">Air Charter Service<\/a>, og her er hva vi har.<\/p>\r\n\r\n\r\n\r\n<p>Den <em>Piaggio Avanti II <\/em>er et turbopropfly som har gode egenskaper og er ganske raskt til turbopropfly \u00e5 v\u00e6re. Flyet har en kabin med plass til 7 personer, det har ventilasjon som gj\u00f8r det mulig for r\u00f8ykere \u00e5 nyte flyturen p\u00e5 sin egen m\u00e5te, og det er kj\u00e6ledyrvennlig. Flyet n\u00e5r Ibiza p\u00e5 45 minutter og koster rundt 8 000 EUR \u00e5 leie.<\/p>\r\n\r\n\r\n\r\n<p>Et annet turboprop-alternativ er <em>King Air 250GT <\/em>som har mer eller mindre de samme egenskapene som den <em>Avanti<\/em>. Dette flyet bruker ti minutter mer p\u00e5 \u00e5 n\u00e5 destinasjonen og koster 1000 EUR mer \u00e5 leie. Kabinen er omtrent like stor, slik at 7 personer kan reise komfortabelt.<\/p>\r\n\r\n\r\n\r\n<p><em>Flycharter <\/em>har faktisk noen gode tilbud p\u00e5 lette jetfly, som f.eks. <em>Sitat Mustang<\/em>er et ekstremt elegant jetfly for fire personer. Det er ogs\u00e5 r\u00f8yker- og kj\u00e6ledyrvennlig. Det tar deg fra Barcelona til Ibiza p\u00e5 45 minutter, og det koster rundt 4 000 euro \u00e5 leie det.<\/p>\r\n\r\n\r\n\r\n<p>Mitt andrevalg for en lett jetfly ville v\u00e6re <em>Sitat CJ1+. <\/em>Dette jetflyet har en sv\u00e6rt komfortabel kabin med plass til totalt seks personer. Det er litt raskere enn Mustang, s\u00e5 du er p\u00e5 Ibiza lufthavn p\u00e5 40 minutter. Det er ogs\u00e5 litt billigere, ettersom du m\u00e5 ut med ca. 3 500 EUR for \u00e5 leie dette jetflyet.<\/p>\r\n\r\n\r\n\r\n<p>Men hvis du velger et mellomstort jetfly, betyr det enten at dere er et st\u00f8rre selskap, eller at dere rett og slett \u00f8nsker mer komfort. Det <em><a href=\"https:\/\/comparemyjet.com\/nb\/gulfstream\/\" data-internallinksmanager029f6b8e52c=\"175\" title=\"Den ultimate guiden til Gulfstream private jetfly og fly\">Gulfstream<\/a> G-200, <\/em>i seg selv, har en veldig <a href=\"https:\/\/comparemyjet.com\/nb\/private-tours\/nice-private-tours\/\" data-internallinksmanager029f6b8e52c=\"249\" title=\"11 beste private turer i Nice fra $37.66\">hyggelig<\/a> en kabin for 10 personer med komfortable seter og et bord som du kan bruke til middag oppe i luften. Det tar 40 minutter \u00e5 fly til Ibiza fra Barcelona, og det koster ca. 8 000 EUR \u00e5 leie den.<\/p>\r\n\r\n\r\n\r\n<p>Den <em>Sitat Breddegrad <\/em>vil ogs\u00e5 v\u00e6re et godt valg for et mellomstort jetfly siden det har en bred kabin med fasiliteter som gj\u00f8r at du kan slappe av, spise lunsj eller bare prate med dine medreisende. Kabinen er stor nok til \u00e5 romme ni personer, og det er internettilgang. Det tar 40 minutter \u00e5 fly fra Barcelona til Ibiza, og det koster rundt 10 000 EUR \u00e5 leie flyet for denne turen.<\/p>\r\n\r\n\r\n\r\n<h3 class=\"wp-block-heading\"><span class=\"ez-toc-section\" id=\"Heavy_Jets\"><\/span>Tunge jetfly<span class=\"ez-toc-section-end\"><\/span><\/h3>\r\n\r\n\r\n\r\n<figure class=\"wp-block-image size-large\"><img loading=\"lazy\" decoding=\"async\" width=\"1024\" height=\"683\" src=\"https:\/\/comparemyjet.com\/wp-content\/uploads\/2021\/12\/london-to-ibiza-airports-1024x683.jpg\" alt=\"Jet-modeller\" class=\"wp-image-2572\" srcset=\"https:\/\/comparemyjet.com\/wp-content\/uploads\/2021\/12\/london-to-ibiza-airports-300x200.jpg 300w, https:\/\/comparemyjet.com\/wp-content\/uploads\/2021\/12\/london-to-ibiza-airports-768x512.jpg 768w, https:\/\/comparemyjet.com\/wp-content\/uploads\/2021\/12\/london-to-ibiza-airports-1024x683.jpg 1024w, https:\/\/comparemyjet.com\/wp-content\/uploads\/2021\/12\/london-to-ibiza-airports-1536x1025.jpg 1536w, https:\/\/comparemyjet.com\/wp-content\/uploads\/2021\/12\/london-to-ibiza-airports.jpg 1920w\" sizes=\"auto, (max-width: 1024px) 100vw, 1024px\" \/><\/figure>\r\n\r\n\r\n\r\n<p>Du h\u00f8rer kanskje folk si at det er \"for mye\" \u00e5 ta et tungt jetfly for en tur p\u00e5 under en time, men hvem kan si det? \u00c5 leie et tungt jetfly betyr bare at komforten \u00f8ker og at du kommer raskere frem.&nbsp;<\/p>\r\n\r\n\r\n\r\n<p>Den <em>Falcon 2000 <\/em>er et ganske bra og tungt jetfly som er beregnet p\u00e5 akkurat s\u00e5 mange personer at de vil nyte turen i fulle drag. Kabinen er designet for \u00e5 ta 10 personer, selv om det i teorien er plass til flere. Det er veldig moderne og koselig og trenger 45 minutter for \u00e5 n\u00e5 Ibiza. Prisen for \u00e5 leie dette jetflyet ligger p\u00e5 rundt 16 000 EUR.<\/p>\r\n\r\n\r\n\r\n<p>Et annet tungt jetfly som kan v\u00e6re et godt valg for en st\u00f8rre gruppe, er <em>Gulfstream G-V<\/em>. Dette jetflyet har en kabin med plass til opptil 16 personer, sv\u00e6rt komfortable seter og WiFi. Det tar 40 minutter \u00e5 fly ruten, og leieprisen ligger p\u00e5 rundt 17 000 EUR.<\/p>\r\n\r\n\r\n\r\n<p>Du kan ogs\u00e5 vurdere <em>Challenger 605 <\/em>hvis du er villig til \u00e5 betale rundt 18 000 EUR. Det er et kjent jetfly med en walk-around-kabin med plass til 12 personer. Den beregnede flytiden er 40 minutter, akkurat som p\u00e5 <em>G-V<\/em>.<\/p>\r\n\r\n\r\n\r\n<h3 class=\"wp-block-heading\"><span class=\"ez-toc-section\" id=\"Prices_Per_Plane_Type_Overview\"><\/span>Priser per flytype: Oversikt<span class=\"ez-toc-section-end\"><\/span><\/h3>\r\n\r\n\r\n\r\n<p>Nedenfor finner du prisene per flytype og modell.<\/p>\r\n\r\n\r\n\r\n<figure class=\"wp-block-table\"><table><tbody><tr><td><strong>Type fly<\/strong><\/td><td><\/td><td><\/td><td><\/td><\/tr><tr><td><strong>Lette og mellomstore jetfly<\/strong><\/td><td><strong>Antall passasjerer<\/strong><\/td><td><strong>Flytid<\/strong><\/td><td><strong>Pris<\/strong><\/td><\/tr><tr><td><em>Piaggio Avanti II<\/em><\/td><td>7<\/td><td>45 minutter<\/td><td>8 000 EUR<\/td><\/tr><tr><td><em>King Air 250GT<\/em><\/td><td>7<\/td><td>55 minutter&nbsp;<\/td><td>9 000 EUR<\/td><\/tr><tr><td><em>Sitat Mustang<\/em><\/td><td>4<\/td><td>45 minutter<\/td><td>4 000 EUR<\/td><\/tr><tr><td><em>Kildehenvisning CJ1+<\/em><\/td><td>6<\/td><td>40 minutter<\/td><td>3 500 EUR<\/td><\/tr><tr><td><em>Gulfstream G-200<\/em><\/td><td>10<\/td><td>40 minutter<\/td><td>8 000 EUR<\/td><\/tr><tr><td><em>Sitat Breddegrad&nbsp;<\/em><\/td><td>9<\/td><td>40 minutter<\/td><td>10 000 EUR<\/td><\/tr><tr><td><strong>Tunge jetfly<\/strong><\/td><td><\/td><td><\/td><td><\/td><\/tr><tr><td><em>Falcon 2000<\/em><\/td><td>10<\/td><td>45 minutter<\/td><td>16 000 EUR<\/td><\/tr><tr><td><em>Gulfstream G-V<\/em><\/td><td>16<\/td><td>40 minutter<\/td><td>17 000 EUR<\/td><\/tr><tr><td><em>Challenger 605<\/em><\/td><td>12<\/td><td>40 minutter<\/td><td>18 000 EUR<\/td><\/tr><\/tbody><\/table><\/figure>\r\n\r\n\r\n\r\n<h2 class=\"wp-block-heading\"><span class=\"ez-toc-section\" id=\"Conclusion\"><\/span>Konklusjon<span class=\"ez-toc-section-end\"><\/span><\/h2>\r\n\r\n\r\n\r\n<p>Det er f\u00e5 ting i verden som gir s\u00e5 mye tilfredsstillelse som \u00e5 bes\u00f8ke Ibiza etter Barcelona. Siden du skal nyte denne ruten, er det et par ting du b\u00f8r huske p\u00e5 for at turen skal bli best mulig.<\/p>\r\n\r\n\r\n\r\n<p>\u00c5 leie riktig jetfly betyr at du m\u00e5 finne et jetfly som passer til st\u00f8rrelsen p\u00e5 selskapet ditt og som oppfyller budsjettforventningene dine. I dette tilfellet trenger du ikke \u00e5 bekymre deg hvis du er klar til \u00e5 bruke opptil 18 000 EUR. Flyturen tar ca. 40 minutter, eller ca. 10 minutter mer med de fleste turbopropfly. Barcelona og Ibiza er byer som ofte bes\u00f8kes av kjendiser og andre VIP-er, s\u00e5 det b\u00f8r ikke v\u00e6re noe problem \u00e5 finne en FBO du liker.&nbsp;<\/p>\r\n\r\n\r\n\r\n<p>N\u00e5 som du har f\u00e5tt all n\u00f8dvendig informasjon, er det bare \u00e5 \u00f8nske deg en god reise!<\/p>","protected":false},"excerpt":{"rendered":"<p>Spania har mange fantastiske steder som er verdt et bes\u00f8k, og Barcelona og Ibiza st\u00e5r definitivt \u00f8verst p\u00e5 listen. Kombinasjonen av de to vil gi turen din et spesielt preg, og det finnes ikke noe enklere enn \u00e5 reise fra kystbyen Barcelona til Ibiza, ettersom disse to stedene har gode forbindelser. De to byene er veldig ...<\/p>","protected":false},"author":2,"featured_media":2561,"parent":0,"menu_order":0,"comment_status":"closed","ping_status":"closed","template":"","meta":{"_acf_changed":false,"_genesis_hide_title":false,"_genesis_hide_breadcrumbs":false,"_genesis_hide_singular_image":false,"_genesis_hide_footer_widgets":false,"_genesis_custom_body_class":"","_genesis_custom_post_class":"","_genesis_layout":"","footnotes":""},"class_list":{"1":"page","2":"type-page","6":"entry"},"acf":[],"_links":{"self":[{"href":"https:\/\/comparemyjet.com\/nb\/wp-json\/wp\/v2\/pages\/2553","targetHints":{"allow":["GET"]}}],"collection":[{"href":"https:\/\/comparemyjet.com\/nb\/wp-json\/wp\/v2\/pages"}],"about":[{"href":"https:\/\/comparemyjet.com\/nb\/wp-json\/wp\/v2\/types\/page"}],"author":[{"embeddable":true,"href":"https:\/\/comparemyjet.com\/nb\/wp-json\/wp\/v2\/users\/2"}],"replies":[{"embeddable":true,"href":"https:\/\/comparemyjet.com\/nb\/wp-json\/wp\/v2\/comments?post=2553"}],"version-history":[{"count":3,"href":"https:\/\/comparemyjet.com\/nb\/wp-json\/wp\/v2\/pages\/2553\/revisions"}],"predecessor-version":[{"id":2761,"href":"https:\/\/comparemyjet.com\/nb\/wp-json\/wp\/v2\/pages\/2553\/revisions\/2761"}],"wp:featuredmedia":[{"embeddable":true,"href":"https:\/\/comparemyjet.com\/nb\/wp-json\/wp\/v2\/media\/2561"}],"wp:attachment":[{"href":"https:\/\/comparemyjet.com\/nb\/wp-json\/wp\/v2\/media?parent=2553"}],"curies":[{"name":"wp","href":"https:\/\/api.w.org\/{rel}","templated":true}]}}