{"id":2555,"date":"2021-12-30T21:47:19","date_gmt":"2021-12-30T21:47:19","guid":{"rendered":"https:\/\/comparemyjet.com\/?page_id=2555"},"modified":"2025-09-04T09:58:14","modified_gmt":"2025-09-04T09:58:14","slug":"birmingham-to-paris","status":"publish","type":"page","link":"https:\/\/comparemyjet.com\/nb\/birmingham-to-paris\/","title":{"rendered":"Birmingham til Paris med privatfly"},"content":{"rendered":"<p>Birmingham var tidligere Storbritannias st\u00f8rste industriby med en blomstrende \u00f8konomi, og utgj\u00f8r fortsatt en viktig del av landets \u00f8konomi, bare overg\u00e5tt av <a href=\"https:\/\/comparemyjet.com\/nb\/private-tours\/london-private-tours\/\" data-internallinksmanager029f6b8e52c=\"396\" title=\"De 11 beste private turene i London fra $104.69\">London<\/a>. Selv om detaljhandelen sysselsetter de fleste av Birminghams ansatte, f\u00f8lger turismen tett etter.&nbsp;<\/p>\r\n\r\n\r\n\r\n<p>Det er ikke rart at du befinner deg i denne fantastiske byen, full av kulturelt mangfold og et spennende sentrum. I denne artikkelen skal jeg presentere deg for alt du trenger \u00e5 vite for \u00e5 bestille et privatfly fra Birmingham til <a href=\"https:\/\/comparemyjet.com\/nb\/private-tours\/paris-private-tours\/\" data-internallinksmanager029f6b8e52c=\"252\" title=\"11 beste private turer til Paris fra $68.94\">Paris<\/a>s\u00e5 la oss sette i gang.<\/p>\r\n\r\n\r\n\r\n<div id=\"ez-toc-container\" class=\"ez-toc-v2_0_76 counter-hierarchy ez-toc-counter ez-toc-grey ez-toc-container-direction\">\n<p class=\"ez-toc-title\" style=\"cursor:inherit\">Temaer<\/p>\n<label for=\"ez-toc-cssicon-toggle-item-69f367c100047\" class=\"ez-toc-cssicon-toggle-label\"><span class=\"\"><span class=\"eztoc-hide\" style=\"display:none;\">Toggle<\/span><span class=\"ez-toc-icon-toggle-span\"><svg style=\"fill: #999;color:#999\" xmlns=\"http:\/\/www.w3.org\/2000\/svg\" class=\"list-377408\" width=\"20px\" height=\"20px\" viewbox=\"0 0 24 24\" fill=\"none\"><path d=\"M6 6H4v2h2V6zm14 0H8v2h12V6zM4 11h2v2H4v-2zm16 0H8v2h12v-2zM4 16h2v2H4v-2zm16 0H8v2h12v-2z\" fill=\"currentColor\"><\/path><\/svg><svg style=\"fill: #999;color:#999\" class=\"arrow-unsorted-368013\" xmlns=\"http:\/\/www.w3.org\/2000\/svg\" width=\"10px\" height=\"10px\" viewbox=\"0 0 24 24\" version=\"1.2\" baseprofile=\"tiny\"><path d=\"M18.2 9.3l-6.2-6.3-6.2 6.3c-.2.2-.3.4-.3.7s.1.5.3.7c.2.2.4.3.7.3h11c.3 0 .5-.1.7-.3.2-.2.3-.5.3-.7s-.1-.5-.3-.7zM5.8 14.7l6.2 6.3 6.2-6.3c.2-.2.3-.5.3-.7s-.1-.5-.3-.7c-.2-.2-.4-.3-.7-.3h-11c-.3 0-.5.1-.7.3-.2.2-.3.5-.3.7s.1.5.3.7z\"\/><\/svg><\/span><\/span><\/label><input type=\"checkbox\"  id=\"ez-toc-cssicon-toggle-item-69f367c100047\" checked aria-label=\"Toggle\" \/><nav><ul class='ez-toc-list ez-toc-list-level-1' ><li class='ez-toc-page-1 ez-toc-heading-level-2'><a class=\"ez-toc-link ez-toc-heading-1\" href=\"https:\/\/comparemyjet.com\/nb\/birmingham-to-paris\/#Birmingham_to_Paris_Overview\" >Birmingham til Paris: Oversikt<\/a><\/li><li class='ez-toc-page-1 ez-toc-heading-level-2'><a class=\"ez-toc-link ez-toc-heading-2\" href=\"https:\/\/comparemyjet.com\/nb\/birmingham-to-paris\/#Pricing_Options\" >Prisalternativer<\/a><ul class='ez-toc-list-level-3' ><li class='ez-toc-heading-level-3'><a class=\"ez-toc-link ez-toc-heading-3\" href=\"https:\/\/comparemyjet.com\/nb\/birmingham-to-paris\/#Average_Prices_From_Birmingham_to_Paris\" >Gjennomsnittlige priser fra Birmingham til Paris<\/a><\/li><\/ul><\/li><li class='ez-toc-page-1 ez-toc-heading-level-2'><a class=\"ez-toc-link ez-toc-heading-4\" href=\"https:\/\/comparemyjet.com\/nb\/birmingham-to-paris\/#Birmingham_to_Paris_Airports\" >Birmingham til Paris flyplasser<\/a><ul class='ez-toc-list-level-3' ><li class='ez-toc-heading-level-3'><a class=\"ez-toc-link ez-toc-heading-5\" href=\"https:\/\/comparemyjet.com\/nb\/birmingham-to-paris\/#From_Birmingham_Airport_to_Paris\" >Fra Birmingham lufthavn til Paris<\/a><\/li><\/ul><\/li><li class='ez-toc-page-1 ez-toc-heading-level-2'><a class=\"ez-toc-link ez-toc-heading-6\" href=\"https:\/\/comparemyjet.com\/nb\/birmingham-to-paris\/#Paris_Airports\" >Paris flyplasser<\/a><ul class='ez-toc-list-level-3' ><li class='ez-toc-heading-level-3'><a class=\"ez-toc-link ez-toc-heading-7\" href=\"https:\/\/comparemyjet.com\/nb\/birmingham-to-paris\/#Paris_Charles_de_Gaulle_CDG\" >Paris Charles de Gaulle (CDG)<\/a><\/li><li class='ez-toc-page-1 ez-toc-heading-level-3'><a class=\"ez-toc-link ez-toc-heading-8\" href=\"https:\/\/comparemyjet.com\/nb\/birmingham-to-paris\/#Orly_Airport_ORY\" >Orly lufthavn (ORY)<\/a><\/li><li class='ez-toc-page-1 ez-toc-heading-level-3'><a class=\"ez-toc-link ez-toc-heading-9\" href=\"https:\/\/comparemyjet.com\/nb\/birmingham-to-paris\/#Paris_Beauvais_Airport_BVA\" >Paris Beauvais lufthavn (BVA)<\/a><\/li><\/ul><\/li><li class='ez-toc-page-1 ez-toc-heading-level-2'><a class=\"ez-toc-link ez-toc-heading-10\" href=\"https:\/\/comparemyjet.com\/nb\/birmingham-to-paris\/#Which_Jet_Models_Can_Fly_You_to_Paris_From_Birmingham\" >Hvilke jetmodeller kan fly deg til Paris fra Birmingham?<\/a><ul class='ez-toc-list-level-3' ><li class='ez-toc-heading-level-3'><a class=\"ez-toc-link ez-toc-heading-11\" href=\"https:\/\/comparemyjet.com\/nb\/birmingham-to-paris\/#Small_Turboprops_Light_Jets_and_Midsize_Jets\" >Sm\u00e5 (turbopropfly, lette jetfly) og mellomstore jetfly<\/a><\/li><li class='ez-toc-page-1 ez-toc-heading-level-3'><a class=\"ez-toc-link ez-toc-heading-12\" href=\"https:\/\/comparemyjet.com\/nb\/birmingham-to-paris\/#Heavy_Jets\" >Tunge jetfly<\/a><\/li><li class='ez-toc-page-1 ez-toc-heading-level-3'><a class=\"ez-toc-link ez-toc-heading-13\" href=\"https:\/\/comparemyjet.com\/nb\/birmingham-to-paris\/#Prices_Per_Plane_Type_Overview\" >Priser per flytype: Oversikt<\/a><\/li><\/ul><\/li><li class='ez-toc-page-1 ez-toc-heading-level-2'><a class=\"ez-toc-link ez-toc-heading-14\" href=\"https:\/\/comparemyjet.com\/nb\/birmingham-to-paris\/#Conclusion\" >Konklusjon<\/a><\/li><\/ul><\/nav><\/div>\n<h2 class=\"wp-block-heading\"><span class=\"ez-toc-section\" id=\"Birmingham_to_Paris_Overview\"><\/span>Birmingham til Paris: Oversikt<span class=\"ez-toc-section-end\"><\/span><\/h2>\r\n\r\n\r\n\r\n<p>Selv om Birmingham og Paris ligger i to forskjellige land, er det ikke langt mellom dem. Faktisk er det rundt 450 miles mellom dem, noe som betyr at du m\u00e5 kj\u00f8re rundt 7,5 timer i strekk for \u00e5 komme til Paris.<\/p>\r\n\r\n\r\n\r\n<p>Det h\u00f8res ikke s\u00e5 ille ut, men et fly tar deg betraktelig raskere frem, og enda raskere hvis du velger et privatfly, siden du slipper \u00e5 st\u00e5 i k\u00f8. Med privatfly er du i Paris p\u00e5 omtrent en time.<\/p>\r\n\r\n\r\n\r\n<p>Det vanskeligste med privatflyging er \u00e5 fastsette gjennomsnittsprisen. Det er mange faktorer som p\u00e5virker det endelige tallet, for eksempel hvilken type jetfly du leier, planlagte overnattinger eller dato og klokkeslett for flyvningen. Et grovt estimat vil imidlertid si at for \u00e5 <a href=\"https:\/\/comparemyjet.com\/nb\/how-do-you-rent-or-charter-a-private-jet\/\" data-internallinksmanager029f6b8e52c=\"15\" title=\"Hvordan leier eller chartrer du et privatfly?\">leie et privatfly<\/a> For denne ruten varierer prisen fra \u00a3 4 000 (4 500 EUR) til \u00a3 16 000 (19 000 EUR).<\/p>\r\n\r\n\r\n\r\n<p>Siden du skal fly privat, m\u00e5 du ogs\u00e5 finne et flyselskap som kan tilby <a href=\"https:\/\/comparemyjet.com\/nb\/what-is-a-private-jet-fixed-base-operator-fbo\/\" data-internallinksmanager029f6b8e52c=\"19\" title=\"Hva er en fastbaseoperat\u00f8r (FBO) for privatfly?\">Operat\u00f8r med fast base<\/a> (FBO), eller en privat flyplass som tar seg av flyvningen. Birmingham har bare \u00e9n flyplass, men det er ikke noe problem \u00e5 finne en FBO. I Paris er det derimot mange private terminaler, s\u00e5 her kan du velge og vrake.<\/p>\r\n\r\n\r\n\r\n<p>La oss n\u00e5 g\u00e5 n\u00e6rmere inn p\u00e5 kostnadene.<\/p>\r\n\r\n\r\n\r\n<h2 class=\"wp-block-heading\"><span class=\"ez-toc-section\" id=\"Pricing_Options\"><\/span>Prisalternativer<span class=\"ez-toc-section-end\"><\/span><\/h2>\r\n\r\n\r\n\r\n<figure class=\"wp-block-image size-large\"><img loading=\"lazy\" decoding=\"async\" width=\"1024\" height=\"683\" src=\"https:\/\/comparemyjet.com\/wp-content\/uploads\/2021\/12\/London-to-Athens-4-1024x683.jpg\" alt=\"Prisalternativer\" class=\"wp-image-2474\" srcset=\"https:\/\/comparemyjet.com\/wp-content\/uploads\/2021\/12\/London-to-Athens-4-300x200.jpg 300w, https:\/\/comparemyjet.com\/wp-content\/uploads\/2021\/12\/London-to-Athens-4-768x512.jpg 768w, https:\/\/comparemyjet.com\/wp-content\/uploads\/2021\/12\/London-to-Athens-4-1024x683.jpg 1024w, https:\/\/comparemyjet.com\/wp-content\/uploads\/2021\/12\/London-to-Athens-4-1536x1024.jpg 1536w, https:\/\/comparemyjet.com\/wp-content\/uploads\/2021\/12\/London-to-Athens-4.jpg 1920w\" sizes=\"auto, (max-width: 1024px) 100vw, 1024px\" \/><\/figure>\r\n\r\n\r\n\r\n<p>Som sagt er det vanskelig \u00e5 fastsette prisen p\u00e5 grunn av de mange faktorene, men ogs\u00e5 fordi de fleste selskaper ikke gir et prisoverslag uten \u00e5 ha mottatt en foresp\u00f8rsel p\u00e5 forh\u00e5nd.<\/p>\r\n\r\n\r\n\r\n<p>Nedenfor finner du noen estimerte priser, som sett fra <a href=\"https:\/\/www.the-aviation-factory.com\/en\/\" target=\"_blank\" rel=\"noopener\">Luftfartsfabrikken<\/a>.<\/p>\r\n\r\n\r\n\r\n<h3 class=\"wp-block-heading\"><span class=\"ez-toc-section\" id=\"Average_Prices_From_Birmingham_to_Paris\"><\/span>Gjennomsnittlige priser fra Birmingham til Paris<span class=\"ez-toc-section-end\"><\/span><\/h3>\r\n\r\n\r\n\r\n<figure class=\"wp-block-table\"><table><tbody><tr><td><strong>Flytype<\/strong><\/td><td><strong>Antall passasjerer<\/strong><\/td><td><strong>Pris for ruten Birmingham-Paris<\/strong><\/td><td><strong>Beregnet flytid<\/strong><\/td><\/tr><tr><td>Turboprop&nbsp;<\/td><td>4 &#8211; 19<\/td><td>5 000 PUND \/ 6 000 EURO<\/td><td>1 time og 15 minutter<\/td><\/tr><tr><td>Lett jetfly<\/td><td>4 &#8211; 11<\/td><td>4 000 PUND \/ 4 500 EURO<\/td><td>1 time<\/td><\/tr><tr><td>Mellomstort jetfly<\/td><td>6 &#8211; 10<\/td><td>7 000 PUND \/ 8 500 EURO<\/td><td>1 time<\/td><\/tr><tr><td>Tung str\u00e5le<\/td><td>4 &#8211; 96<\/td><td>9 000 PUND\/10 500 EURO<\/td><td>1 time<\/td><\/tr><\/tbody><\/table><\/figure>\r\n\r\n\r\n\r\n<p>Husk at n\u00e5r du bestiller et privatfly, leier du hele flyet. Hvis du for eksempel bestiller et turbopropfly til 5 000 pund som har plass til 19 personer, sier regnestykket at hver person betaler rundt 260 pund. Selvsagt m\u00e5 dere bli enige om hvordan dere skal betale, men poenget er at prisen er den samme uansett om dere er fem eller nitten personer.<\/p>\r\n\r\n\r\n\r\n<p>Et turbopropfly er dessuten et langsommere fly, men p\u00e5 en rute som denne vil det bare ta 15 minutter mer \u00e5 n\u00e5 destinasjonen. Turbopropfly anbefales for korte ruter som denne.<\/p>\r\n\r\n\r\n\r\n<p>N\u00e5 g\u00e5r vi videre til flyplassene.<\/p>\r\n\r\n\r\n\r\n<h2 class=\"wp-block-heading\"><span class=\"ez-toc-section\" id=\"Birmingham_to_Paris_Airports\"><\/span>Birmingham til Paris flyplasser<span class=\"ez-toc-section-end\"><\/span><\/h2>\r\n\r\n\r\n\r\n<p>Birmingham er en av Englands st\u00f8rste byer, men betjenes bare av \u00e9n flyplass - Birmingham Airport. <em>Birmingham lufthavn<\/em>.&nbsp;<\/p>\r\n\r\n\r\n\r\n<h3 class=\"wp-block-heading\"><span class=\"ez-toc-section\" id=\"From_Birmingham_Airport_to_Paris\"><\/span>Fra Birmingham lufthavn til Paris<span class=\"ez-toc-section-end\"><\/span><\/h3>\r\n\r\n\r\n\r\n<p>Det er ganske enkelt \u00e5 komme seg til Birmingham lufthavn fra sentrum, som bare ligger 15 miles unna, noe som betyr at du er fremme p\u00e5 maksimalt 30 minutter med bil. Med offentlig transport kan du komme dit 5-10 minutter tidligere, s\u00e5 det kan v\u00e6re lurt \u00e5 vurdere det ogs\u00e5.<\/p>\r\n\r\n\r\n\r\n<p>Selve flyplassen egner seg godt for privatflyging, ettersom du finner mange fasiliteter og tjenester som passer for VIP-kunder. Det betyr at <a href=\"https:\/\/www.birminghamairport.co.uk\/at-the-airport\/terminal-facilities\/\" target=\"_blank\" rel=\"noopener\">flyplassen<\/a> har f\u00f8rsteklasses fast tracks, m\u00f8te- og konferanserom samt mange flotte lounger.<\/p>\r\n\r\n\r\n\r\n<p>I n\u00e6rheten av flyplassen finner du et ypperlig FBO-anlegg som heter <a href=\"https:\/\/xlrjetcentres.com\/\" target=\"_blank\" rel=\"noopener\"><em>Executive Jet-sentre (XLR)<\/em><\/a><em> <\/em>hvor du finner alt du trenger. Anlegget har flotte VIP-lounger, tilbyr concierge-tjenester og hjelper deg med alt du trenger. FBO er medlem av <a href=\"https:\/\/xlrjetcentres.com\/the-xlr-experience\/eu-pet-travel-scheme\" target=\"_blank\" rel=\"noopener\">EUs reiseordning for kj\u00e6ledyr<\/a> s\u00e5 det er et godt valg hvis du reiser med din pelskledde venn.&nbsp;<\/p>\r\n\r\n\r\n\r\n<p>Det finnes ogs\u00e5 et annet FBO-nettverk, det st\u00f8rste i verden, hvis fasiliteter er anerkjent over hele verden, og det er <a href=\"https:\/\/www.signatureflight.com\/locations\/BHX\" target=\"_blank\" rel=\"noopener\">Signatur flyst\u00f8tte<\/a>. Filialen i Birmingham er intet unntak, med flotte og koselige salonger, bilutleie og spesielle tjenester som lesestoff eller golf p\u00e5 banene i n\u00e6rheten.<\/p>\r\n\r\n\r\n\r\n<h2 class=\"wp-block-heading\"><span class=\"ez-toc-section\" id=\"Paris_Airports\"><\/span>Paris flyplasser<span class=\"ez-toc-section-end\"><\/span><\/h2>\r\n\r\n\r\n\r\n<p>I motsetning til Birmingham har Paris mer enn \u00e9n flyplass. Faktisk har byen tre hovedflyplasser, nemlig <em>Paris Charles de Gaulle (<a href=\"https:\/\/comparemyjet.com\/nb\/hotels\/cdg-hotels\/\" data-internallinksmanager029f6b8e52c=\"459\" title=\"De 11 beste hotellene i n\u00e6rheten av Charles de Gaulle internasjonale lufthavn\">CDG<\/a>), Orly lufthavn (ORY), <\/em>og<em> Paris Beauvais lufthavn (BVA).<\/em> De to f\u00f8rste er de mest popul\u00e6re, mens den siste ligger litt langt unna, men er et ekte privatflyknutepunkt.<\/p>\r\n\r\n\r\n\r\n<h3 class=\"wp-block-heading\"><span class=\"ez-toc-section\" id=\"Paris_Charles_de_Gaulle_CDG\"><\/span>Paris Charles de Gaulle (CDG)<span class=\"ez-toc-section-end\"><\/span><\/h3>\r\n\r\n\r\n\r\n<p>Den f\u00f8rste flyplassen man tenker p\u00e5 n\u00e5r Paris nevnes, er selvsagt Charles de Gaulle, som er den mest bes\u00f8kte i landet. Du trenger omtrent en time eller litt mer for \u00e5 komme deg dit fra sentrum, ettersom den ligger rundt 30 kilometer nordover. Du kan faktisk spare litt tid med offentlig transport, s\u00e5 hvis du har det travelt, b\u00f8r du vurdere det.<\/p>\r\n\r\n\r\n\r\n<p>CDG er imidlertid ikke f\u00f8rstevalget for privatflygere, siden den vanligvis er full av kommersielle passasjerer. I n\u00e6rheten ligger imidlertid Le Bourget-flyplassen, som er ganske kjent blant dette klientellet, og her finner du f\u00f8lgende FBO-er og bakketjenester:<br><\/p>\r\n\r\n\r\n\r\n<ul class=\"wp-block-list\"><li><a href=\"https:\/\/www.signatureflight.com\/locations\/LBG\" target=\"_blank\" rel=\"noopener\">Signatur flyst\u00f8tte<\/a>;<\/li><li><a href=\"https:\/\/www.jetex.com\" target=\"_blank\" rel=\"noopener\">Jetex Paris<\/a>;<\/li><li><a href=\"https:\/\/france.universalaviation.aero\/\" target=\"_blank\" rel=\"noopener\">Universal Aviation<\/a>;<\/li><li><a href=\"https:\/\/www.astonsky.com\/\" target=\"_blank\" rel=\"noopener\">AstonSky<\/a>;<\/li><li><a href=\"https:\/\/www.execujet.com\/en\/service\/fbo\/locations\/locations-worldwide\/paris\/\" target=\"_blank\" rel=\"noopener\">Execujet<\/a>.<\/li><\/ul>\r\n\r\n\r\n\r\n<h3 class=\"wp-block-heading\"><span class=\"ez-toc-section\" id=\"Orly_Airport_ORY\"><\/span>Orly lufthavn (ORY)<span class=\"ez-toc-section-end\"><\/span><\/h3>\r\n\r\n\r\n\r\n<p>Orly lufthavn ligger mye n\u00e6rmere enn CDG, noe som betyr at det tar ca. 50 minutter \u00e5 komme dit med bil, og som vanlig i Paris kommer du raskere frem med offentlig transport. Det er med andre ord rundt 16 km fra Paris sentrum til Orly.<\/p>\r\n\r\n\r\n\r\n<p>Det er ikke mange FBO-er p\u00e5 Orly lufthavn eller i omr\u00e5det rundt, men de som finnes, er et godt valg. Flyplassledelsen har dessuten s\u00f8rget for \u00e5 ta godt imot VIP-reisende ved \u00e5 organisere concierge-tjenester, hjelpe til med <a href=\"https:\/\/comparemyjet.com\/nb\/hotels\/\" data-internallinksmanager029f6b8e52c=\"470\" title=\"De 100 beste hotellene i n\u00e6rheten av flyplasser fra hele verden\">Hotell<\/a> bestillinger, skyss eller hjelp til \u00e5 finne et hotellrom.&nbsp;<\/p>\r\n\r\n\r\n\r\n<h3 class=\"wp-block-heading\"><span class=\"ez-toc-section\" id=\"Paris_Beauvais_Airport_BVA\"><\/span>Paris Beauvais lufthavn (BVA)<span class=\"ez-toc-section-end\"><\/span><\/h3>\r\n\r\n\r\n\r\n<p>Baris Beauvais er en flyplass som er helt dedikert til privatflyging. Den ligger ganske langt unna Paris' sentrum, utenfor bygrensen. Du trenger omtrent to timer for \u00e5 komme dit med bil, mens det tar 1 time og 40 minutter med offentlig transport.<\/p>\r\n\r\n\r\n\r\n<p>Flyplassen har en egen VIP-terminal, sv\u00e6rt koselige passasjerlounger, toll p\u00e5 stedet og direkte tilgang til rampen. Den eneste ulempen er at den ligger ganske langt unna Paris.<\/p>\r\n\r\n\r\n\r\n<h2 class=\"wp-block-heading\"><span class=\"ez-toc-section\" id=\"Which_Jet_Models_Can_Fly_You_to_Paris_From_Birmingham\"><\/span>Hvilke jetmodeller kan fly deg til Paris fra Birmingham?<span class=\"ez-toc-section-end\"><\/span><\/h2>\r\n\r\n\r\n\r\n<figure class=\"wp-block-image size-large\"><img loading=\"lazy\" decoding=\"async\" width=\"1024\" height=\"768\" src=\"https:\/\/comparemyjet.com\/wp-content\/uploads\/2021\/12\/Birmingham-to-Paris-jet-models-1024x768.jpg\" alt=\"Jet-modeller\" class=\"wp-image-2574\" srcset=\"https:\/\/comparemyjet.com\/wp-content\/uploads\/2021\/12\/Birmingham-to-Paris-jet-models-300x225.jpg 300w, https:\/\/comparemyjet.com\/wp-content\/uploads\/2021\/12\/Birmingham-to-Paris-jet-models-400x300.jpg 400w, https:\/\/comparemyjet.com\/wp-content\/uploads\/2021\/12\/Birmingham-to-Paris-jet-models-768x576.jpg 768w, https:\/\/comparemyjet.com\/wp-content\/uploads\/2021\/12\/Birmingham-to-Paris-jet-models-800x600.jpg 800w, https:\/\/comparemyjet.com\/wp-content\/uploads\/2021\/12\/Birmingham-to-Paris-jet-models-1024x768.jpg 1024w, https:\/\/comparemyjet.com\/wp-content\/uploads\/2021\/12\/Birmingham-to-Paris-jet-models-1200x900.jpg 1200w, https:\/\/comparemyjet.com\/wp-content\/uploads\/2021\/12\/Birmingham-to-Paris-jet-models-1536x1152.jpg 1536w, https:\/\/comparemyjet.com\/wp-content\/uploads\/2021\/12\/Birmingham-to-Paris-jet-models.jpg 1920w\" sizes=\"auto, (max-width: 1024px) 100vw, 1024px\" \/><\/figure>\r\n\r\n\r\n\r\n<p>Alle jetflykategorier kan ta deg til Paris n\u00e5r det gjelder st\u00f8rrelse. Men hver st\u00f8rrelseskategori har mange modeller du kan velge mellom, s\u00e5 her er noen gode anbefalinger.&nbsp;<\/p>\r\n\r\n\r\n\r\n<h3 class=\"wp-block-heading\"><span class=\"ez-toc-section\" id=\"Small_Turboprops_Light_Jets_and_Midsize_Jets\"><\/span>Sm\u00e5 (turbopropfly, lette jetfly) og mellomstore jetfly<span class=\"ez-toc-section-end\"><\/span><\/h3>\r\n\r\n\r\n\r\n<p>Turboprops er et godt valg for denne ruten siden de er rimelige og har plass til mange mennesker. Dette er en kort rute, s\u00e5 det faktum at de er tregere enn de andre jetflyene, vil ikke utgj\u00f8re noen stor forskjell.<\/p>\r\n\r\n\r\n\r\n<p>Den <em>King Air 200 <\/em>er ikke noe d\u00e5rlig valg for et turbopropfly, siden det har en ganske stor kabin som kan ta opptil 12 personer om bord. Den estimerte reisetiden med dette flyet er 1 time og 15 minutter, noe som er helt greit for en turboprop, og det vil koste deg rundt \u00a35 500 \/ 6 500 EUR \u00e5 leie det.<\/p>\r\n\r\n\r\n\r\n<p>En annen turboprop som du kan vurdere, er den nyere modellen av den ovennevnte, nemlig<em> King Air 250. <\/em>Dette flyet tar deg fra Birmingham til Paris p\u00e5 samme tid som forgjengeren, men har plass til maks 7 personer. Det er ogs\u00e5 plass til \u00e5 ta med kj\u00e6ledyret ditt om bord, og prisen du m\u00e5 betale ligger ogs\u00e5 her p\u00e5 rundt \u00a35 500 \/ 6 500 EUR.<\/p>\r\n\r\n\r\n\r\n<p>Med et lett jetfly kommer du raskere frem, men det vil ikke merkes s\u00e5 godt. Den <em>Phenom 100 <\/em>er sv\u00e6rt moderne og har en varm kabin med plass til seks personer. Prisen er mer eller mindre den samme som for de andre jetflyene, mens den beregnede flytiden er 1 time og 5 minutter, alts\u00e5 ca. 10 minutter raskere.<\/p>\r\n\r\n\r\n\r\n<p>Hvis du foretrekker en annen lysstr\u00e5le, kan du ta en titt p\u00e5 <em>Sitat Mustang<\/em>. Dette jetflyet bruker 1 time og 10 minutter p\u00e5 \u00e5 n\u00e5 Paris og har plass til 4 personer i den ekstremt komfortable kabinen. I likhet med de andre jetflyene ligger leieprisen p\u00e5 rundt \u00a35 500\/6 500 EUR.<\/p>\r\n\r\n\r\n\r\n<p>Et mellomstort jetfly er noe helt annet n\u00e5r det gjelder hastighet og komfort. Den <em>Sitat XLS+ <\/em>er et ber\u00f8mt jetfly som har en stor nok kabin med plass til 9 personer. Flyet flyr ruten p\u00e5 55 minutter, og prisen for \u00e5 leie ligger p\u00e5 ca. \u00a38 500\/10 000 EUR.<\/p>\r\n\r\n\r\n\r\n<p>Et annet valg for et slikt jetfly kan v\u00e6re <em><a href=\"https:\/\/comparemyjet.com\/nb\/learjet\/\" data-internallinksmanager029f6b8e52c=\"149\" title=\"Den ultimate guiden til Learjet privatfly og -jetfly\">Learjet<\/a> 45. <\/em>Dette jetflyet bruker n\u00f8yaktig 1 time p\u00e5 \u00e5 n\u00e5 Paris og er egnet for ni personer pluss et kj\u00e6ledyr. Prisen er, akkurat som for XLS+, rimelig og ligger p\u00e5 rundt \u00a38 500\/10 000 EUR.<\/p>\r\n\r\n\r\n\r\n<h3 class=\"wp-block-heading\"><span class=\"ez-toc-section\" id=\"Heavy_Jets\"><\/span>Tunge jetfly<span class=\"ez-toc-section-end\"><\/span><\/h3>\r\n\r\n\r\n\r\n<p>Folk leier vanligvis ikke tunge jetfly for korte avstander som denne. Men hvorfor skulle det hindre deg i \u00e5 gj\u00f8re det? \u00c5 leie et tungt jetfly betyr at du f\u00e5r mest mulig komfort, og det vil v\u00e6re til stor hjelp hvis festen er st\u00f8rre.<\/p>\r\n\r\n\r\n\r\n<p>Den <em>Falcon 2000EX EASy <\/em>har en nydelig kabin med 10 seter, alle vendt mot hverandre for en morsommere tur. Prisen er selvf\u00f8lgelig litt h\u00f8yere, og ligger p\u00e5 rundt 13 500 \u00a3\/16 000 EUR for \u00e5 leie den. Den er fremme ved destinasjonen p\u00e5 knappe 55 minutter.<\/p>\r\n\r\n\r\n\r\n<p>Et annet fantastisk tungt jetfly er <em>Sitat Sovereign <\/em>som har n\u00f8yaktig samme estimerte reisetid og setekapasitet som den <em>Falk<\/em>. Den har imidlertid en h\u00f8yere leiepris, som bel\u00f8per seg til rundt \u00a314 500 \/ 17 000 EUR.<\/p>\r\n\r\n\r\n\r\n<p>Til slutt <em>Legacy 600 <\/em>er et perfekt jetfly for et st\u00f8rre selskap (over 10 personer), og passer for dem som \u00f8nsker \u00e5 tenne en sigarett eller sigar under flyturen. Den maksimale setekapasiteten er 13 seter, og prisen ligger p\u00e5 ca. \u00a314 500\/17 000 EUR. Den <em>600 <\/em>vil fly fra Birmingham til Paris p\u00e5 55 minutter, if\u00f8lge <a href=\"https:\/\/www.aircharterservice.com\/\" target=\"_blank\" rel=\"noopener\">Air Charter Service<\/a>.<\/p>\r\n\r\n\r\n\r\n<h3 class=\"wp-block-heading\"><span class=\"ez-toc-section\" id=\"Prices_Per_Plane_Type_Overview\"><\/span>Priser per flytype: Oversikt<span class=\"ez-toc-section-end\"><\/span><\/h3>\r\n\r\n\r\n\r\n<p>Nedenfor finner du leieprisene for jetfly fra hver kategori.<\/p>\r\n\r\n\r\n\r\n<figure class=\"wp-block-table\"><table><tbody><tr><td><strong>Type fly<\/strong><\/td><td><\/td><td><\/td><td><\/td><\/tr><tr><td><strong>Lette og mellomstore jetfly<\/strong><\/td><td><strong>Antall passasjerer<\/strong><\/td><td><strong>Flytid<\/strong><\/td><td><strong>Pris<\/strong><\/td><\/tr><tr><td><em>King Air 200<\/em><\/td><td>12<\/td><td>1 time og 15 minutter<\/td><td>\u00a35 500 \/ 6 500 EURO<\/td><\/tr><tr><td><em>King Air 250<\/em><\/td><td>7<\/td><td>1 time og 15 minutter<\/td><td>\u00a35 500 \/ 6 500 EURO<\/td><\/tr><tr><td><em>Phenom 100<\/em><\/td><td>6<\/td><td>1 time og 5 minutter<\/td><td>\u00a35 500 \/ 6 500 EURO<\/td><\/tr><tr><td><em>Sitat Mustang<\/em><\/td><td>4<\/td><td>1 time og 10 minutter<\/td><td>\u00a35 500 \/ 6 500 EURO<\/td><\/tr><tr><td><em>Sitat XLS+<\/em><\/td><td>9<\/td><td>55 minutter<\/td><td>8 500 PUND\/10 000 EURO<\/td><\/tr><tr><td><em>Learjet 45<\/em><\/td><td>9<\/td><td>1 time<\/td><td>8 500 PUND\/10 000 EURO<\/td><\/tr><tr><td><strong>Tunge jetfly<\/strong><\/td><td><\/td><td><\/td><td><\/td><\/tr><tr><td><em>Falcon 2000EX EASy<\/em><\/td><td>10<\/td><td>55 minutter<\/td><td>13 500 PUND\/16 000 EURO<\/td><\/tr><tr><td><em>Sitat Sovereign<\/em><\/td><td>10<\/td><td>55 minutter<\/td><td>14 500 PUND\/17 000 EURO<\/td><\/tr><tr><td><em>Legacy 600<\/em><\/td><td>13<\/td><td>55 minutter<\/td><td>14 500 PUND\/17 000 EURO<\/td><\/tr><\/tbody><\/table><\/figure>\r\n\r\n\r\n\r\n<h2 class=\"wp-block-heading\"><span class=\"ez-toc-section\" id=\"Conclusion\"><\/span>Konklusjon<span class=\"ez-toc-section-end\"><\/span><\/h2>\r\n\r\n\r\n\r\n<p>Det er en sann velsignelse \u00e5 fly privat fra Birmingham til Paris, siden begge byene har s\u00e5 mye \u00e5 by p\u00e5. La oss oppsummere alt du b\u00f8r tenke p\u00e5 f\u00f8r du bestiller en flyreise.<\/p>\r\n\r\n\r\n\r\n<p>Du m\u00e5 regne med \u00e5 fly til Paris i omtrent en time. Et turbopropfly kan bruke mer tid, men p\u00e5 en rute som denne er det ubetydelig. Hva er vel 5 eller 10 minutter mer? Det ansl\u00e5tte prisintervallet for \u00e5 bestille et privatfly p\u00e5 denne ruten g\u00e5r fra \u00a3 4 000 (4 500 EUR) til \u00a3 16 000 (19 000 EUR).<\/p>\r\n\r\n\r\n\r\n<p>Til slutt, ikke bekymre deg for \u00e5 finne en god fastbaseoperat\u00f8r. Begge byene har tatt imot VIP-er s\u00e5 lenge at infrastrukturen for privatflyging er godt utviklet. God reise!<\/p>","protected":false},"excerpt":{"rendered":"<p>Birmingham var tidligere Storbritannias st\u00f8rste industriby med en blomstrende \u00f8konomi, og er fortsatt en viktig del av landets \u00f8konomi, bare sl\u00e5tt av London. Selv om detaljhandelen sysselsetter st\u00f8rstedelen av Birminghams arbeidsstyrke, f\u00f8lger turismen tett etter.  Det er derfor ikke s\u00e5 rart at du befinner deg i denne praktfulle byen, full av kulturelt mangfold og ...<\/p>","protected":false},"author":1,"featured_media":2575,"parent":0,"menu_order":0,"comment_status":"closed","ping_status":"closed","template":"","meta":{"_acf_changed":false,"_genesis_hide_title":false,"_genesis_hide_breadcrumbs":false,"_genesis_hide_singular_image":false,"_genesis_hide_footer_widgets":false,"_genesis_custom_body_class":"","_genesis_custom_post_class":"","_genesis_layout":"","footnotes":""},"class_list":{"1":"page","2":"type-page","6":"entry"},"acf":[],"_links":{"self":[{"href":"https:\/\/comparemyjet.com\/nb\/wp-json\/wp\/v2\/pages\/2555","targetHints":{"allow":["GET"]}}],"collection":[{"href":"https:\/\/comparemyjet.com\/nb\/wp-json\/wp\/v2\/pages"}],"about":[{"href":"https:\/\/comparemyjet.com\/nb\/wp-json\/wp\/v2\/types\/page"}],"author":[{"embeddable":true,"href":"https:\/\/comparemyjet.com\/nb\/wp-json\/wp\/v2\/users\/1"}],"replies":[{"embeddable":true,"href":"https:\/\/comparemyjet.com\/nb\/wp-json\/wp\/v2\/comments?post=2555"}],"version-history":[{"count":3,"href":"https:\/\/comparemyjet.com\/nb\/wp-json\/wp\/v2\/pages\/2555\/revisions"}],"predecessor-version":[{"id":2760,"href":"https:\/\/comparemyjet.com\/nb\/wp-json\/wp\/v2\/pages\/2555\/revisions\/2760"}],"wp:featuredmedia":[{"embeddable":true,"href":"https:\/\/comparemyjet.com\/nb\/wp-json\/wp\/v2\/media\/2575"}],"wp:attachment":[{"href":"https:\/\/comparemyjet.com\/nb\/wp-json\/wp\/v2\/media?parent=2555"}],"curies":[{"name":"wp","href":"https:\/\/api.w.org\/{rel}","templated":true}]}}