{"id":2682,"date":"2022-03-17T15:52:07","date_gmt":"2022-03-17T15:52:07","guid":{"rendered":"https:\/\/comparemyjet.com\/?page_id=2682"},"modified":"2025-09-04T09:58:11","modified_gmt":"2025-09-04T09:58:11","slug":"about","status":"publish","type":"page","link":"https:\/\/comparemyjet.com\/nb\/about\/","title":{"rendered":"Om"},"content":{"rendered":"<p>Compare My Jet ble etablert av seriegr\u00fcnder Ian Wright som en m\u00e5te \u00e5 finne rettferdig, upartisk informasjon om <a href=\"https:\/\/comparemyjet.com\/nb\/how-do-you-rent-or-charter-a-private-jet\/\" data-internallinksmanager029f6b8e52c=\"15\" title=\"Hvordan leier eller chartrer du et privatfly?\">charter av privatfly<\/a> og leiemuligheter. <\/p>\n<p>Vi elsker eksklusive luksusreiser. Derfor \u00f8nsket vi \u00e5 skape den beste ressursen p\u00e5 internett for \u00e5 vise frem alternativene dine. <\/p>\n<p>Vi gj\u00f8r v\u00e5rt beste for \u00e5 publisere grundig researchede guider om en rekke emner knyttet til privatflyging. Alt fra <a href=\"https:\/\/comparemyjet.com\/nb\/how-do-you-rent-or-charter-a-private-jet\/\">Hvordan leier eller chartrer du et privatfly?<\/a> til <a href=\"https:\/\/comparemyjet.com\/nb\/how-much-medical-flights-medevac-air-ambulance-cost\/\">Kostnader for medisinske flyreiser<\/a> til <a href=\"https:\/\/comparemyjet.com\/nb\/what-are-the-best-websites-to-find-private-jets-for-sale\/\">De beste nettstedene for \u00e5 finne private jetfly til salgs<\/a>.<\/p>\n<p>Private Jet-reiser er ingen billig luksus. Derfor m\u00e5 vi ogs\u00e5 tjene penger. For \u00f8yeblikket gj\u00f8r vi dette via tilknyttede avtaler. I utgangspunktet fungerer disse ved \u00e5 betale oss en provisjon hvis du chartrer et privatfly via en av v\u00e5re partnere. Det koster deg ingenting, men bidrar til \u00e5 holde dette nettstedet gratis. <\/p>\n<p>Hvis du vil at vi skal dekke noe annet, eller hvis du mener vi har gjort en feil, er du velkommen til \u00e5 ta kontakt med oss her. <\/p>","protected":false},"excerpt":{"rendered":"<p>Compare My Jet ble startet av seriegr\u00fcnderen Ian Wright for \u00e5 gi objektiv og upartisk informasjon om privatflycharter og -leie. Vi elsker luksusreiser i luksusklassen. S\u00e5 vi \u00f8nsket \u00e5 skape den beste ressursen p\u00e5 internett for \u00e5 vise frem alternativene dine. Vi gj\u00f8r v\u00e5rt beste for \u00e5 publisere godt unders\u00f8kt ...<\/p>","protected":false},"author":1,"featured_media":0,"parent":0,"menu_order":0,"comment_status":"closed","ping_status":"closed","template":"","meta":{"_acf_changed":false,"_genesis_hide_title":false,"_genesis_hide_breadcrumbs":false,"_genesis_hide_singular_image":false,"_genesis_hide_footer_widgets":false,"_genesis_custom_body_class":"","_genesis_custom_post_class":"","_genesis_layout":"","footnotes":""},"class_list":{"1":"page","2":"type-page","5":"entry"},"acf":[],"_links":{"self":[{"href":"https:\/\/comparemyjet.com\/nb\/wp-json\/wp\/v2\/pages\/2682","targetHints":{"allow":["GET"]}}],"collection":[{"href":"https:\/\/comparemyjet.com\/nb\/wp-json\/wp\/v2\/pages"}],"about":[{"href":"https:\/\/comparemyjet.com\/nb\/wp-json\/wp\/v2\/types\/page"}],"author":[{"embeddable":true,"href":"https:\/\/comparemyjet.com\/nb\/wp-json\/wp\/v2\/users\/1"}],"replies":[{"embeddable":true,"href":"https:\/\/comparemyjet.com\/nb\/wp-json\/wp\/v2\/comments?post=2682"}],"version-history":[{"count":3,"href":"https:\/\/comparemyjet.com\/nb\/wp-json\/wp\/v2\/pages\/2682\/revisions"}],"predecessor-version":[{"id":2685,"href":"https:\/\/comparemyjet.com\/nb\/wp-json\/wp\/v2\/pages\/2682\/revisions\/2685"}],"wp:attachment":[{"href":"https:\/\/comparemyjet.com\/nb\/wp-json\/wp\/v2\/media?parent=2682"}],"curies":[{"name":"wp","href":"https:\/\/api.w.org\/{rel}","templated":true}]}}