{"id":2825,"date":"2022-04-06T14:20:11","date_gmt":"2022-04-06T14:20:11","guid":{"rendered":"https:\/\/comparemyjet.com\/?page_id=2825"},"modified":"2025-09-04T09:59:35","modified_gmt":"2025-09-04T09:59:35","slug":"privacy-policy","status":"publish","type":"page","link":"https:\/\/comparemyjet.com\/nb\/privacy-policy\/","title":{"rendered":"Retningslinjer for personvern"},"content":{"rendered":"<p>Denne personvernerkl\u00e6ringen gjelder for dette nettstedet [<a href=\"https:\/\/comparemyjet.com\/nb\/\">CompareMyJet.com\/no<\/a>]. (Eies av Brilliant British Ltd, selskapsnummer 10490224 (registrert i England og Wales), ICO-registreringsreferanse: ZA286128, registrert kontoradresse: 3. etasje Great Titchfield House, 14-18 Great Titchfield Street, <a href=\"https:\/\/comparemyjet.com\/nb\/private-tours\/london-private-tours\/\" data-internallinksmanager029f6b8e52c=\"396\" title=\"De 11 beste private turene i London fra $104.69\">London<\/a>, Storbritannia, W1W 8BD). Den beskriver hvordan CompareMyJet.com bruker og beskytter all informasjon du gir CompareMyJet.com n\u00e5r du bruker dette nettstedet.<\/p>\n<p>CompareMyJet.com er forpliktet til \u00e5 sikre at personvernet ditt er beskyttet. Hvis vi ber deg om \u00e5 oppgi informasjon som kan identifisere deg n\u00e5r du bruker dette nettstedet, kan du v\u00e6re trygg p\u00e5 at den kun vil bli brukt i samsvar med denne personvernerkl\u00e6ringen.<\/p>\n<p>CompareMyJet.com kan endre denne policyen fra tid til annen ved \u00e5 oppdatere denne siden. Du b\u00f8r sjekke denne siden fra tid til annen for \u00e5 sikre at du er forn\u00f8yd med eventuelle endringer. Disse retningslinjene gjelder fra <em>09\/03\/2022<\/em>.<\/p>\n<p><strong>V\u00e6r oppmerksom p\u00e5 dette:<\/strong> I henhold til personvernforordningen (GDPR) fungerer CompareMyJet.com b\u00e5de som behandlingsansvarlig og databehandler for alle tilbud.<\/p>\n<p><strong>Sikkerhet<\/strong><\/p>\n<p>Vi er forpliktet til \u00e5 s\u00f8rge for at opplysningene dine er sikre. For \u00e5 forhindre uautorisert tilgang eller avsl\u00f8ring har vi innf\u00f8rt egnede fysiske, elektroniske og administrative prosedyrer for \u00e5 beskytte og sikre informasjonen vi samler inn p\u00e5 nettet. Alle nettstedsdata overf\u00f8res ved hjelp av sikker SSL-teknologi.<\/p>\n<p>Brukere som kontakter og\/eller sender inn informasjon til dette nettstedet og\/eller dets eiere, gj\u00f8r dette etter eget skj\u00f8nn og oppgir alle slike personopplysninger p\u00e5 egen risiko. Personopplysningene dine holdes private og lagres p\u00e5 en sikker m\u00e5te inntil de ikke lenger er n\u00f8dvendige eller ikke lenger skal brukes, i henhold til personvernforordningen 2018. Vi har gjort v\u00e5rt ytterste for \u00e5 sikre en trygg og sikker prosess for innsending av tilbudsskjemaer, men anbefaler brukere som bruker slike tilbudsskjemaer at de gj\u00f8r det p\u00e5 egen risiko.<\/p>\n<p><strong>Hvordan vi bruker informasjonskapsler<\/strong><\/p>\n<p>En informasjonskapsel er en liten fil som ber om tillatelse til \u00e5 bli plassert p\u00e5 datamaskinens harddisk. N\u00e5r du samtykker, blir filen lagt til, og informasjonskapselen hjelper deg med \u00e5 analysere nettrafikken eller forteller deg n\u00e5r du bes\u00f8ker et bestemt nettsted. Informasjonskapsler gj\u00f8r det mulig for nettapplikasjoner \u00e5 svare deg som person. Ved \u00e5 samle inn og huske informasjon om dine preferanser kan webapplikasjonen skreddersy sine funksjoner etter dine behov og preferanser.<\/p>\n<p>Vi bruker trafikklogg-informasjonskapsler for \u00e5 identifisere hvilke sider som brukes. Dette hjelper oss med \u00e5 analysere data om trafikken p\u00e5 nettsidene og forbedre nettstedet v\u00e5rt for \u00e5 tilpasse det til kundenes behov. Vi bruker kun denne informasjonen til statistiske analyseform\u00e5l, og deretter fjernes dataene fra systemet. Vi bruker dem ikke til \u00e5 spore individuelle brukere, bare til \u00e5 samle inn informasjon om bruken av nettstedet.<\/p>\n<p>Generelt sett hjelper informasjonskapsler oss med \u00e5 gi deg et bedre nettsted ved \u00e5 gj\u00f8re det mulig for oss \u00e5 overv\u00e5ke hvilke sider du synes er nyttige og hvilke du ikke synes er nyttige. En informasjonskapsel gir oss p\u00e5 ingen m\u00e5te tilgang til datamaskinen din eller informasjon om deg, bortsett fra de opplysningene du velger \u00e5 dele med oss.<\/p>\n<p>Du kan velge \u00e5 godta eller avvise informasjonskapsler. De fleste nettlesere aksepterer automatisk informasjonskapsler, men du kan vanligvis endre innstillingene i nettleseren din slik at du avviser informasjonskapsler hvis du foretrekker det. Dette kan hindre deg i \u00e5 dra full nytte av nettstedet.<\/p>\n<p>Brukerne gj\u00f8res oppmerksom p\u00e5 at hvis de \u00f8nsker \u00e5 nekte bruk og lagring av informasjonskapsler fra dette nettstedet p\u00e5 datamaskinens harddisk, b\u00f8r de ta n\u00f8dvendige skritt i nettleserens sikkerhetsinnstillinger for \u00e5 blokkere alle informasjonskapsler fra dette nettstedet og dets eksterne leverand\u00f8rer.<\/p>\n<p>Dette nettstedet bruker sporingsprogramvare for \u00e5 overv\u00e5ke bes\u00f8kende for \u00e5 bedre forst\u00e5 hvordan de bruker det. Denne programvaren leveres av Google Analytics, som bruker informasjonskapsler for \u00e5 spore bes\u00f8kendes bruk. Programvaren lagrer en informasjonskapsel p\u00e5 datamaskinens harddisk for \u00e5 spore og overv\u00e5ke ditt engasjement og din bruk av nettstedet, men lagrer eller samler ikke inn personopplysninger. Du kan lese Googles personvernerkl\u00e6ring her for mer informasjon [ http:\/\/www.google.com\/privacy.html ].<\/p>\n<p><strong>Lenker til andre nettsteder<\/strong><\/p>\n<p>Nettstedet v\u00e5rt kan inneholde lenker til andre nettsteder av interesse. N\u00e5r du har brukt disse lenkene til \u00e5 forlate nettstedet v\u00e5rt, b\u00f8r du imidlertid v\u00e6re oppmerksom p\u00e5 at vi ikke har noen kontroll over det andre nettstedet. <\/p>\n<p>Vi kan derfor ikke v\u00e6re ansvarlige for beskyttelsen og personvernet til informasjonen du oppgir n\u00e5r du bes\u00f8ker slike nettsteder, og slike nettsteder er ikke underlagt denne personvernerkl\u00e6ringen. Du b\u00f8r utvise forsiktighet og lese personvernerkl\u00e6ringen som gjelder for det aktuelle nettstedet.<\/p>\n<p><strong>Tilknyttede lenker<\/strong><\/p>\n<p>Dette nettstedet bruker ogs\u00e5 tilknyttede lenker. Dette er lenker til andre nettsteder som kan spore atferden din n\u00e5r du er p\u00e5 det aktuelle nettstedet. De kan f\u00f8re til at vi f\u00e5r provisjon hvis du utf\u00f8rer en bestemt handling og\/eller foretar et kj\u00f8p. Disse lenkene finansierer forskningen og nettstedet v\u00e5rt og gj\u00f8r det mulig for oss \u00e5 tilby alt innholdet v\u00e5rt gratis. <\/p>\n<p>Hvis du er bekymret for dette, kan du sjekke personvernerkl\u00e6ringen p\u00e5 alle andre nettsteder du bes\u00f8ker via en lenke fra dette nettstedet.   <\/p>\n<p><strong>Sosiale medier<\/strong><\/p>\n<p>Dette nettstedet kan bruke sosiale delingsknapper som gj\u00f8r det mulig \u00e5 dele nettinnhold direkte fra nettsidene til den aktuelle sosiale medieplattformen. Brukere anbefales \u00e5 bruke slike sosiale delingsknapper etter eget skj\u00f8nn og v\u00e6re oppmerksom p\u00e5 at den sosiale medieplattformen kan spore og lagre din foresp\u00f8rsel om \u00e5 dele en nettside via din konto p\u00e5 den sosiale medieplattformen.<\/p>\n<p>Brukere anbefales \u00e5 utvise forsiktighet og god d\u00f8mmekraft f\u00f8r de klikker p\u00e5 forkortede nettadresser som publiseres p\u00e5 sosiale medieplattformer av dette nettstedet og dets eiere. Til tross for at vi gj\u00f8r v\u00e5rt beste for \u00e5 sikre at kun ekte nettadresser publiseres, er mange sosiale medieplattformer utsatt for spam og hacking, og dette nettstedet og dets eiere kan derfor ikke holdes ansvarlig for eventuelle skader eller konsekvenser for\u00e5rsaket av \u00e5 bes\u00f8ke forkortede lenker.<\/p>\n<p><strong>Kontroll over personopplysningene dine<\/strong><\/p>\n<p>Hvis du mener at informasjonen vi har om deg er feilaktig eller ufullstendig, ber vi deg om f\u00f8lgende <a href=\"https:\/\/CompareMyJet.com\/contact-us\/\" data-lasso-id=\"8809\" target=\"_blank\" rel=\"noopener\">Kontakt oss<\/a> s\u00e5 snart som mulig p\u00e5 adressen ovenfor. Vi vil umiddelbart korrigere all informasjon som viser seg \u00e5 v\u00e6re feil.<\/p>\n<p><em>v.1.0 - 9 mars, 2022 Redigert og tilpasset av: CompareMyJet.com<\/em><\/p>","protected":false},"excerpt":{"rendered":"<p>Denne personvernerkl\u00e6ringen gjelder for dette nettstedet [CompareMyJet.com\/no]. (Eies av Brilliant British Ltd, selskapsnummer 10490224 (registrert i England og Wales), ICO-registreringsreferanse: ZA286128, registrert kontoradresse: 3rd Floor Great Titchfield House, 14-18 Great Titchfield Street, London, Storbritannia, W1W 8BD). Den beskriver hvordan CompareMyJet.com bruker og beskytter all informasjon som du gir ...<\/p>","protected":false},"author":1,"featured_media":0,"parent":0,"menu_order":0,"comment_status":"closed","ping_status":"closed","template":"","meta":{"_acf_changed":false,"_genesis_hide_title":false,"_genesis_hide_breadcrumbs":false,"_genesis_hide_singular_image":false,"_genesis_hide_footer_widgets":false,"_genesis_custom_body_class":"","_genesis_custom_post_class":"","_genesis_layout":"","footnotes":""},"class_list":{"1":"page","2":"type-page","5":"entry"},"acf":[],"_links":{"self":[{"href":"https:\/\/comparemyjet.com\/nb\/wp-json\/wp\/v2\/pages\/2825","targetHints":{"allow":["GET"]}}],"collection":[{"href":"https:\/\/comparemyjet.com\/nb\/wp-json\/wp\/v2\/pages"}],"about":[{"href":"https:\/\/comparemyjet.com\/nb\/wp-json\/wp\/v2\/types\/page"}],"author":[{"embeddable":true,"href":"https:\/\/comparemyjet.com\/nb\/wp-json\/wp\/v2\/users\/1"}],"replies":[{"embeddable":true,"href":"https:\/\/comparemyjet.com\/nb\/wp-json\/wp\/v2\/comments?post=2825"}],"version-history":[{"count":2,"href":"https:\/\/comparemyjet.com\/nb\/wp-json\/wp\/v2\/pages\/2825\/revisions"}],"predecessor-version":[{"id":2827,"href":"https:\/\/comparemyjet.com\/nb\/wp-json\/wp\/v2\/pages\/2825\/revisions\/2827"}],"wp:attachment":[{"href":"https:\/\/comparemyjet.com\/nb\/wp-json\/wp\/v2\/media?parent=2825"}],"curies":[{"name":"wp","href":"https:\/\/api.w.org\/{rel}","templated":true}]}}