{"id":2829,"date":"2022-04-06T14:23:50","date_gmt":"2022-04-06T14:23:50","guid":{"rendered":"https:\/\/comparemyjet.com\/?page_id=2829"},"modified":"2025-09-04T10:00:53","modified_gmt":"2025-09-04T10:00:53","slug":"terms-of-use","status":"publish","type":"page","link":"https:\/\/comparemyjet.com\/nb\/terms-of-use\/","title":{"rendered":"Vilk\u00e5r for bruk"},"content":{"rendered":"<p><strong>VENNLIGST LES DISSE N\u00d8YE F\u00d8R DU BRUKER DETTE NETTSTEDET.<\/strong><\/p>\n<p>Velkommen til CompareMyJet.com. Hvis du fortsetter \u00e5 surfe p\u00e5 og bruke dette nettstedet, samtykker du i \u00e5 overholde og v\u00e6re bundet av f\u00f8lgende vilk\u00e5r og betingelser for bruk, som sammen med v\u00e5r <a href=\"https:\/\/CompareMyJet.com\/privacy-policy\/\" target=\"_blank\" rel=\"noopener\">personvernerkl\u00e6ring<\/a> regulerer CompareMyJet.coms forhold til deg i forbindelse med dette nettstedet. Hvis du er uenig i noen del av disse vilk\u00e5rene og betingelsene, vennligst ikke bruk nettstedet v\u00e5rt.<\/p>\n<p>Disse bruksvilk\u00e5rene, sammen med de andre dokumentene det henvises til nedenfor, fastsetter vilk\u00e5rene og betingelsene for din bruk av https:\/\/CompareMyJet.com\/ (\"nettstedet v\u00e5rt\"). <\/p>\n<p>Andre viktige dokumenter <\/p>\n<p>Bruksvilk\u00e5rene henviser til v\u00e5re <a href=\"https:\/\/CompareMyJet.com\/privacy-policy\/\" data-lasso-id=\"8845\" target=\"_blank\" rel=\"noopener\">Retningslinjer for personvern<\/a> som fastsetter vilk\u00e5rene for v\u00e5r behandling av personopplysninger som du gir oss, eller som vi samler inn fra deg. Ved \u00e5 bruke nettstedet v\u00e5rt samtykker du til slik behandling.<\/p>\n<p>Bruken av dette nettstedet er underlagt f\u00f8lgende vilk\u00e5r for bruk:<\/p>\n<ul>\n<li> Innholdet p\u00e5 sidene p\u00e5 dette nettstedet er kun til generell informasjon og bruk. Det kan endres uten varsel.<\/li>\n<li> Dette nettstedet bruker informasjonskapsler for \u00e5 overv\u00e5ke surfepreferanser. Hvis du tillater bruk av informasjonskapsler, kan personopplysninger lagres av oss for bruk av tredjeparter.<\/li>\n<li> Verken vi eller noen tredjepart gir noen garanti for n\u00f8yaktigheten, aktualiteten, ytelsen, fullstendigheten eller egnetheten til informasjonen og materialet som finnes eller tilbys p\u00e5 dette nettstedet for et bestemt form\u00e5l. Du erkjenner at slik informasjon og slikt materiale kan inneholde un\u00f8yaktigheter eller feil, og vi fraskriver oss uttrykkelig ansvar for slike un\u00f8yaktigheter eller feil i den grad loven tillater det.<\/li>\n<li> Din bruk av informasjon eller materiale p\u00e5 dette nettstedet skjer helt p\u00e5 egen risiko, og vi kan ikke holdes ansvarlige for dette. Det er ditt eget ansvar \u00e5 sikre at produkter, tjenester eller informasjon som er tilgjengelig via dette nettstedet, oppfyller dine spesifikke krav.<\/li>\n<li> Dette nettstedet inneholder materiale som eies av eller er lisensiert til oss. Dette materialet omfatter, men er ikke begrenset til, design, layout, utseende og grafikk. Reproduksjon er forbudt annet enn i samsvar med opphavsrettserkl\u00e6ringen, som er en del av disse vilk\u00e5rene og betingelsene.<\/li>\n<li> Uautorisert bruk av dette nettstedet kan medf\u00f8re erstatningskrav og\/eller v\u00e6re straffbart.<\/li>\n<li> Fra tid til annen kan dette nettstedet ogs\u00e5 inneholde lenker til andre nettsteder. Disse lenkene er ment \u00e5 gi deg ytterligere informasjon. De betyr ikke at vi st\u00f8tter nettstedet\/nettstedene. Vi har ikke noe ansvar for innholdet p\u00e5 de(t) lenkede nettstedet(ene).<\/li>\n<li> Din bruk av dette nettstedet og enhver tvist som oppst\u00e5r som f\u00f8lge av slik bruk av nettstedet er underlagt lovene i England, Nord-Irland, Skottland og Wales.<\/li>\n<\/ul>","protected":false},"excerpt":{"rendered":"<p>VENNLIGST LES DISSE N\u00d8YE F\u00d8R DU BRUKER DETTE NETTSTEDET. Velkommen til CompareMyJet.com. Hvis du fortsetter \u00e5 surfe og bruke dette nettstedet, samtykker du i \u00e5 overholde og v\u00e6re bundet av f\u00f8lgende vilk\u00e5r og betingelser for bruk, som sammen med v\u00e5r personvernerkl\u00e6ring regulerer CompareMyJet.coms forhold til deg i forbindelse med dette nettstedet. Hvis du ...<\/p>","protected":false},"author":1,"featured_media":0,"parent":0,"menu_order":0,"comment_status":"closed","ping_status":"closed","template":"","meta":{"_acf_changed":false,"_genesis_hide_title":false,"_genesis_hide_breadcrumbs":false,"_genesis_hide_singular_image":false,"_genesis_hide_footer_widgets":false,"_genesis_custom_body_class":"","_genesis_custom_post_class":"","_genesis_layout":"","footnotes":""},"class_list":{"1":"page","2":"type-page","5":"entry"},"acf":[],"_links":{"self":[{"href":"https:\/\/comparemyjet.com\/nb\/wp-json\/wp\/v2\/pages\/2829","targetHints":{"allow":["GET"]}}],"collection":[{"href":"https:\/\/comparemyjet.com\/nb\/wp-json\/wp\/v2\/pages"}],"about":[{"href":"https:\/\/comparemyjet.com\/nb\/wp-json\/wp\/v2\/types\/page"}],"author":[{"embeddable":true,"href":"https:\/\/comparemyjet.com\/nb\/wp-json\/wp\/v2\/users\/1"}],"replies":[{"embeddable":true,"href":"https:\/\/comparemyjet.com\/nb\/wp-json\/wp\/v2\/comments?post=2829"}],"version-history":[{"count":2,"href":"https:\/\/comparemyjet.com\/nb\/wp-json\/wp\/v2\/pages\/2829\/revisions"}],"predecessor-version":[{"id":2831,"href":"https:\/\/comparemyjet.com\/nb\/wp-json\/wp\/v2\/pages\/2829\/revisions\/2831"}],"wp:attachment":[{"href":"https:\/\/comparemyjet.com\/nb\/wp-json\/wp\/v2\/media?parent=2829"}],"curies":[{"name":"wp","href":"https:\/\/api.w.org\/{rel}","templated":true}]}}