{"id":3011,"date":"2022-06-27T19:07:09","date_gmt":"2022-06-27T19:07:09","guid":{"rendered":"https:\/\/comparemyjet.com\/?page_id=3011"},"modified":"2025-09-04T09:58:16","modified_gmt":"2025-09-04T09:58:16","slug":"dominion-charter","status":"publish","type":"page","link":"https:\/\/comparemyjet.com\/nb\/dominion-charter\/","title":{"rendered":"Priser for Dominion charterfly"},"content":{"rendered":"<p>Dominion Charter er et Texas-basert luksuscharter- og concierge-selskap. Selskapet har drevet virksomhet p\u00e5 det amerikanske kontinentet siden 2010 og har hjulpet kunder med \u00e5 chartre, lease og kj\u00f8pe fly raskt og enkelt siden 2010. De tilbyr f\u00f8rsteklasses flyreiser, et bredt spekter av concierge-tjenester og landtransport. Dominion Charter er et datterselskap av Calm Holdings og ledes av administrerende direkt\u00f8r Edward C. Moten.<\/p>\r\n\r\n\r\n\r\n<p>La oss se n\u00e6rmere p\u00e5 tjenestene Dominion Charter tilbyr, slik at du kan avgj\u00f8re om de passer for dine reisebehov.<\/p>\r\n\r\n\r\n\r\n<div id=\"ez-toc-container\" class=\"ez-toc-v2_0_76 counter-hierarchy ez-toc-counter ez-toc-grey ez-toc-container-direction\">\n<p class=\"ez-toc-title\" style=\"cursor:inherit\">Temaer<\/p>\n<label for=\"ez-toc-cssicon-toggle-item-69f269bd5eb31\" class=\"ez-toc-cssicon-toggle-label\"><span class=\"\"><span class=\"eztoc-hide\" style=\"display:none;\">Toggle<\/span><span class=\"ez-toc-icon-toggle-span\"><svg style=\"fill: #999;color:#999\" xmlns=\"http:\/\/www.w3.org\/2000\/svg\" class=\"list-377408\" width=\"20px\" height=\"20px\" viewbox=\"0 0 24 24\" fill=\"none\"><path d=\"M6 6H4v2h2V6zm14 0H8v2h12V6zM4 11h2v2H4v-2zm16 0H8v2h12v-2zM4 16h2v2H4v-2zm16 0H8v2h12v-2z\" fill=\"currentColor\"><\/path><\/svg><svg style=\"fill: #999;color:#999\" class=\"arrow-unsorted-368013\" xmlns=\"http:\/\/www.w3.org\/2000\/svg\" width=\"10px\" height=\"10px\" viewbox=\"0 0 24 24\" version=\"1.2\" baseprofile=\"tiny\"><path d=\"M18.2 9.3l-6.2-6.3-6.2 6.3c-.2.2-.3.4-.3.7s.1.5.3.7c.2.2.4.3.7.3h11c.3 0 .5-.1.7-.3.2-.2.3-.5.3-.7s-.1-.5-.3-.7zM5.8 14.7l6.2 6.3 6.2-6.3c.2-.2.3-.5.3-.7s-.1-.5-.3-.7c-.2-.2-.4-.3-.7-.3h-11c-.3 0-.5.1-.7.3-.2.2-.3.5-.3.7s.1.5.3.7z\"\/><\/svg><\/span><\/span><\/label><input type=\"checkbox\"  id=\"ez-toc-cssicon-toggle-item-69f269bd5eb31\" checked aria-label=\"Toggle\" \/><nav><ul class='ez-toc-list ez-toc-list-level-1' ><li class='ez-toc-page-1 ez-toc-heading-level-2'><a class=\"ez-toc-link ez-toc-heading-1\" href=\"https:\/\/comparemyjet.com\/nb\/dominion-charter\/#Pricing\" >Priser<\/a><\/li><li class='ez-toc-page-1 ez-toc-heading-level-2'><a class=\"ez-toc-link ez-toc-heading-2\" href=\"https:\/\/comparemyjet.com\/nb\/dominion-charter\/#Aircraft_Purchase_Assistance\" >St\u00f8tte til kj\u00f8p av fly<\/a><\/li><li class='ez-toc-page-1 ez-toc-heading-level-2'><a class=\"ez-toc-link ez-toc-heading-3\" href=\"https:\/\/comparemyjet.com\/nb\/dominion-charter\/#Charter_and_Lease\" >Charter og leieavtale&nbsp;<\/a><\/li><li class='ez-toc-page-1 ez-toc-heading-level-2'><a class=\"ez-toc-link ez-toc-heading-4\" href=\"https:\/\/comparemyjet.com\/nb\/dominion-charter\/#Empty_Leg_Charter\" >Charter for tomme ben<\/a><\/li><li class='ez-toc-page-1 ez-toc-heading-level-2'><a class=\"ez-toc-link ez-toc-heading-5\" href=\"https:\/\/comparemyjet.com\/nb\/dominion-charter\/#Company_Card_Programs\" >Programmer for firmakort<\/a><\/li><li class='ez-toc-page-1 ez-toc-heading-level-2'><a class=\"ez-toc-link ez-toc-heading-6\" href=\"https:\/\/comparemyjet.com\/nb\/dominion-charter\/#The_Fleet\" >Fl\u00e5ten&nbsp;<\/a><ul class='ez-toc-list-level-3' ><li class='ez-toc-heading-level-3'><a class=\"ez-toc-link ez-toc-heading-7\" href=\"https:\/\/comparemyjet.com\/nb\/dominion-charter\/#1_Turboprop\" >1. Turboprop<\/a><ul class='ez-toc-list-level-4' ><li class='ez-toc-heading-level-4'><a class=\"ez-toc-link ez-toc-heading-8\" href=\"https:\/\/comparemyjet.com\/nb\/dominion-charter\/#Our_Recommendation_Beechcraft_King_Air_360\" >V\u00e5r anbefaling: Beechcraft King Air 360<\/a><\/li><\/ul><\/li><li class='ez-toc-page-1 ez-toc-heading-level-3'><a class=\"ez-toc-link ez-toc-heading-9\" href=\"https:\/\/comparemyjet.com\/nb\/dominion-charter\/#2_Light_Private_Jets\" >2. Lette private jetfly<\/a><ul class='ez-toc-list-level-4' ><li class='ez-toc-heading-level-4'><a class=\"ez-toc-link ez-toc-heading-10\" href=\"https:\/\/comparemyjet.com\/nb\/dominion-charter\/#Our_Recommendation_Citation_CJ3\" >V\u00e5r anbefaling: Citation CJ3+<\/a><\/li><\/ul><\/li><li class='ez-toc-page-1 ez-toc-heading-level-3'><a class=\"ez-toc-link ez-toc-heading-11\" href=\"https:\/\/comparemyjet.com\/nb\/dominion-charter\/#3_Midsize_Private_Jets\" >3. Mellomstore privatfly<\/a><ul class='ez-toc-list-level-4' ><li class='ez-toc-heading-level-4'><a class=\"ez-toc-link ez-toc-heading-12\" href=\"https:\/\/comparemyjet.com\/nb\/dominion-charter\/#Our_Recommendation_Hawker_800_XP\" >V\u00e5r anbefaling: Hawker 800 XP<\/a><\/li><\/ul><\/li><li class='ez-toc-page-1 ez-toc-heading-level-3'><a class=\"ez-toc-link ez-toc-heading-13\" href=\"https:\/\/comparemyjet.com\/nb\/dominion-charter\/#4_Super-Midsize_Private_Jets\" >4. Super-mellomstore privatfly&nbsp;<\/a><ul class='ez-toc-list-level-4' ><li class='ez-toc-heading-level-4'><a class=\"ez-toc-link ez-toc-heading-14\" href=\"https:\/\/comparemyjet.com\/nb\/dominion-charter\/#Our_Recommendation_Falcon_50\" >V\u00e5r anbefaling: Falcon 50<\/a><\/li><\/ul><\/li><li class='ez-toc-page-1 ez-toc-heading-level-3'><a class=\"ez-toc-link ez-toc-heading-15\" href=\"https:\/\/comparemyjet.com\/nb\/dominion-charter\/#5_Large_Private_Jets\" >5. Store privatfly<\/a><ul class='ez-toc-list-level-4' ><li class='ez-toc-heading-level-4'><a class=\"ez-toc-link ez-toc-heading-16\" href=\"https:\/\/comparemyjet.com\/nb\/dominion-charter\/#Our_Recommendation_Gulfstream_GIV-SP\" >V\u00e5r anbefaling: Gulfstream GIV-SP<\/a><\/li><\/ul><\/li><li class='ez-toc-page-1 ez-toc-heading-level-3'><a class=\"ez-toc-link ez-toc-heading-17\" href=\"https:\/\/comparemyjet.com\/nb\/dominion-charter\/#6_Ultra-Long-Range_Private_Jets\" >6. Privatfly med ultralang rekkevidde<\/a><ul class='ez-toc-list-level-4' ><li class='ez-toc-heading-level-4'><a class=\"ez-toc-link ez-toc-heading-18\" href=\"https:\/\/comparemyjet.com\/nb\/dominion-charter\/#Our_Recommendation_Gulfstream_G550\" >V\u00e5r anbefaling: Gulfstream G550<\/a><\/li><\/ul><\/li><\/ul><\/li><li class='ez-toc-page-1 ez-toc-heading-level-2'><a class=\"ez-toc-link ez-toc-heading-19\" href=\"https:\/\/comparemyjet.com\/nb\/dominion-charter\/#Company_Safety_Policy_and_Standards\" >Selskapets sikkerhetspolicy og -standarder<\/a><\/li><li class='ez-toc-page-1 ez-toc-heading-level-2'><a class=\"ez-toc-link ez-toc-heading-20\" href=\"https:\/\/comparemyjet.com\/nb\/dominion-charter\/#Conclusion\" >Konklusjon<\/a><\/li><\/ul><\/nav><\/div>\n<h2 class=\"wp-block-heading\"><span class=\"ez-toc-section\" id=\"Pricing\"><\/span>Priser<span class=\"ez-toc-section-end\"><\/span><\/h2>\r\n\r\n\r\n\r\n<p>Dominion garanterer transparente priser for flyreisene dine. Du vil motta en regning og faktura for hver reiserute, og det vil ikke forekomme uventede kostnader eller skjulte avgifter.<\/p>\r\n\r\n\r\n\r\n<p>Du kan bruke deres <a href=\"https:\/\/www.dominioncharterltd.com\/quick-quote\" target=\"_blank\" rel=\"noopener\">priskalkulator<\/a> for \u00e5 motta et prisoverslag for enveis-, tur-retur- eller flerstrekningsflyvninger direkte i innboksen din.<\/p>\r\n\r\n\r\n\r\n<h2 class=\"wp-block-heading\"><span class=\"ez-toc-section\" id=\"Aircraft_Purchase_Assistance\"><\/span>St\u00f8tte til kj\u00f8p av fly<span class=\"ez-toc-section-end\"><\/span><\/h2>\r\n\r\n\r\n\r\n<figure class=\"wp-block-image size-full is-style-default\"><img loading=\"lazy\" decoding=\"async\" width=\"1000\" height=\"662\" src=\"https:\/\/comparemyjet.com\/wp-content\/uploads\/2022\/06\/pressing.red_.travel.button.on_.a.keybord.jpg\" alt=\"\" class=\"wp-image-3013\" srcset=\"https:\/\/comparemyjet.com\/wp-content\/uploads\/2022\/06\/pressing.red_.travel.button.on_.a.keybord-18x12.jpg 18w, https:\/\/comparemyjet.com\/wp-content\/uploads\/2022\/06\/pressing.red_.travel.button.on_.a.keybord-300x199.jpg 300w, https:\/\/comparemyjet.com\/wp-content\/uploads\/2022\/06\/pressing.red_.travel.button.on_.a.keybord-768x508.jpg 768w, https:\/\/comparemyjet.com\/wp-content\/uploads\/2022\/06\/pressing.red_.travel.button.on_.a.keybord.jpg 1000w\" sizes=\"auto, (max-width: 1000px) 100vw, 1000px\" \/><\/figure>\r\n\r\n\r\n\r\n<p>\u00d8nsker du \u00e5 kj\u00f8pe et privatfly? Fagfolkene i Dominion Charter hjelper deg med \u00e5 finne og kj\u00f8pe et fly og h\u00e5ndtere de n\u00f8dvendige prosedyrene og kontraktene f\u00f8r kj\u00f8pet. Dominion Charter kan ogs\u00e5 hjelpe deg med \u00e5 vedlikeholde privatflyet ditt med deres Plus CardTM-medlemskapsprogram.<\/p>\r\n\r\n\r\n\r\n<h2 class=\"wp-block-heading\"><span class=\"ez-toc-section\" id=\"Charter_and_Lease\"><\/span>Charter og leieavtale&nbsp;<span class=\"ez-toc-section-end\"><\/span><\/h2>\r\n\r\n\r\n\r\n<p>Dominion Charter tilbyr charterflyvninger p\u00e5 foresp\u00f8rsel for $1,800 per time. Med deres pay-as-you-fly-l\u00f8sning kan du chartre et jetfly uten \u00e5 binde deg til et jetkortprogram.&nbsp;<\/p>\r\n\r\n\r\n\r\n<p>Hvis du \u00f8nsker kortsiktig tilgang til et privatfly, er leasing det ideelle alternativet. Dominion Charter utpeker en kundeansvarlig som hjelper deg med \u00e5 finne riktig fly i henhold til dine krav, budsjett og tidsfrister.<\/p>\r\n\r\n\r\n\r\n<h2 class=\"wp-block-heading\"><span class=\"ez-toc-section\" id=\"Empty_Leg_Charter\"><\/span>Charter for tomme ben<span class=\"ez-toc-section-end\"><\/span><\/h2>\r\n\r\n\r\n\r\n<p>Empty leg-charter er forh\u00e5ndsbestemte flyvninger som g\u00e5r til et spesifikt sted uten passasjerer, og Dominion tilbyr <a href=\"https:\/\/comparemyjet.com\/nb\/how-to-book-empty-leg-flights\/\" data-internallinksmanager029f6b8e52c=\"24\" title=\"Hvordan bestille tomflyvninger\">flyvninger med tomme strekninger<\/a> til sv\u00e6rt lave priser. Du kan f\u00e5 varsler om tomflyvninger ved \u00e5 abonnere p\u00e5 Dominion Charters nyhetsbrev. G\u00e5 til nettstedet deres, velg alternativet <em>Fly n\u00e5<\/em>, og klikk deretter p\u00e5 <a href=\"https:\/\/www.dominioncharterltd.com\/quick-quote\" target=\"_blank\" rel=\"noopener\"><em>Raskt tilbud<\/em><\/a> og velg det f\u00f8rste alternativet <em>Tomt ben. <\/em>Skriv inn ruten og e-postadressen din, og abonner for \u00e5 f\u00e5 varsler om flyreiser med tomme strekninger som passer reiseplanene dine.&nbsp;<\/p>\r\n\r\n\r\n\r\n<h2 class=\"wp-block-heading\"><span class=\"ez-toc-section\" id=\"Company_Card_Programs\"><\/span>Programmer for firmakort<span class=\"ez-toc-section-end\"><\/span><\/h2>\r\n\r\n\r\n\r\n<p>Premiere Connection-jetkortet er ideelt for deg som reiser ofte. Det gir daglig tilgang til fl\u00e5ten, utl\u00f8per ikke og lar deg leie flere jetfly samtidig. De fleksible kortplanene dekker ogs\u00e5 catering og bakketransport.<\/p>\r\n\r\n\r\n\r\n<h2 class=\"wp-block-heading\"><span class=\"ez-toc-section\" id=\"The_Fleet\"><\/span>Fl\u00e5ten&nbsp;<span class=\"ez-toc-section-end\"><\/span><\/h2>\r\n\r\n\r\n\r\n<figure class=\"wp-block-image size-full is-style-default\"><img loading=\"lazy\" decoding=\"async\" width=\"1000\" height=\"772\" src=\"https:\/\/comparemyjet.com\/wp-content\/uploads\/2022\/06\/private.jet_.upfront.jpg\" alt=\"\" class=\"wp-image-2978\" srcset=\"https:\/\/comparemyjet.com\/wp-content\/uploads\/2022\/06\/private.jet_.upfront-16x12.jpg 16w, https:\/\/comparemyjet.com\/wp-content\/uploads\/2022\/06\/private.jet_.upfront-300x232.jpg 300w, https:\/\/comparemyjet.com\/wp-content\/uploads\/2022\/06\/private.jet_.upfront-768x593.jpg 768w, https:\/\/comparemyjet.com\/wp-content\/uploads\/2022\/06\/private.jet_.upfront.jpg 1000w\" sizes=\"auto, (max-width: 1000px) 100vw, 1000px\" \/><\/figure>\r\n\r\n\r\n\r\n<p>P\u00e5litelighet og integritet er ikke bare honn\u00f8rord i markedsf\u00f8ringen til Dominion Charter; de setter sikkerheten f\u00f8rst og benytter seg kun av <a href=\"https:\/\/www.argus.aero\/\" target=\"_blank\" rel=\"noopener\">ARGUS<\/a> kvalifisert og <a href=\"https:\/\/www.wyvernltd.com\/\" target=\"_blank\" rel=\"noopener\">Wyvern<\/a> sertifiserte fly. La oss se hva de tilbyr.<\/p>\r\n\r\n\r\n\r\n<h3 class=\"wp-block-heading\"><span class=\"ez-toc-section\" id=\"1_Turboprop\"><\/span>1. Turboprop<span class=\"ez-toc-section-end\"><\/span><\/h3>\r\n\r\n\r\n\r\n<p>Turbopropfly kombinerer hastighet med rimelig pris. De flyr i lav h\u00f8yde med en hastighet p\u00e5 under 500 mph, noe som gj\u00f8r dem til et rimelig alternativ for innenriksflyvninger og landing p\u00e5 korte rullebaner.<\/p>\r\n\r\n\r\n\r\n<h4 class=\"wp-block-heading\"><span class=\"ez-toc-section\" id=\"Our_Recommendation_Beechcraft_King_Air_360\"><\/span>V\u00e5r anbefaling: Beechcraft King Air 360<span class=\"ez-toc-section-end\"><\/span><\/h4>\r\n\r\n\r\n\r\n<p>Textron Aviation presenterte King Air 360, en ny versjon av King Air 350\/350ER i august 2020.&nbsp;<\/p>\r\n\r\n\r\n\r\n<p>Selv om de fleste parametrene er identiske med modell 350, har King Air 360 forbedringer i innredning og cockpit. Passasjerene f\u00e5r en stiligere flytur med forbedret treverk, belysning og sitteplasser.<\/p>\r\n\r\n\r\n\r\n<p>Spesifikasjoner:<\/p>\r\n\r\n\r\n\r\n<ul class=\"wp-block-list\"><li>Passasjerer: 11;<\/li><li>Mannskap: 2;<\/li><li>Kabinelengde: 19 fot 6 tommer;<\/li><li>Kabinh\u00f8yde: 57 fot;<\/li><li>Kabinbredde: 54 fot;<\/li><li>Maks. rekkevidde: 1806 nm;<\/li><li>Maks hastighet: 312 kts;<\/li><li>Vingespenn: 57 fot 11 tommer;<\/li><li>Ekstern bagasje: 71,3 kubikkfot.<\/li><\/ul>\r\n\r\n\r\n\r\n<p><em>Dominion Charter<\/em> tilbyr ogs\u00e5 <em>Hawker 400XP <\/em>som en del av deres flyfl\u00e5te. Du kan se mer informasjon om turboprop-kategorien p\u00e5 deres <a href=\"https:\/\/www.dominioncharterltd.com\/about-us\" target=\"_blank\" rel=\"noopener\">nettsted<\/a>.<\/p>\r\n\r\n\r\n\r\n<h3 class=\"wp-block-heading\"><span class=\"ez-toc-section\" id=\"2_Light_Private_Jets\"><\/span>2. Lette private jetfly<span class=\"ez-toc-section-end\"><\/span><\/h3>\r\n\r\n\r\n\r\n<p>Jetflyene i denne flykategorien har plass til maksimalt seks personer og er komfortable for to til fire personer. De er et popul\u00e6rt valg for mange reisende, takket v\u00e6re at de er rimelige og effektive. Et lettfly kan fly to til tre og en halv time uten drivstoffpauser, noe som gj\u00f8r dem perfekte for kortere turer.&nbsp;<\/p>\r\n\r\n\r\n\r\n<h4 class=\"wp-block-heading\"><span class=\"ez-toc-section\" id=\"Our_Recommendation_Citation_CJ3\"><\/span>V\u00e5r anbefaling: Citation CJ3+<span class=\"ez-toc-section-end\"><\/span><\/h4>\r\n\r\n\r\n\r\n<p>Citation CJ3 gir utholdenhet, ytelse og komfort. Den er produsert av <a href=\"https:\/\/comparemyjet.com\/nb\/cessna\/\" data-internallinksmanager029f6b8e52c=\"145\" title=\"Den ultimate guiden til Cessna privatfly og -jetfly\">Cessna<\/a> siden 2004. CJ3 har plass til syv passasjerer og overg\u00e5r andre lette jetfly n\u00e5r det gjelder ytelse p\u00e5 kortbane.&nbsp;<\/p>\r\n\r\n\r\n\r\n<p>Spesifikasjoner for Citation CJ3:<\/p>\r\n\r\n\r\n\r\n<ul class=\"wp-block-list\"><li>Maksimal rekkevidde: 3 timer;<\/li><li>Flyets rekkevidde: 2 156 nautiske mil;<\/li><li>Cruisehastighet: 478 mph;<\/li><li>Bagasjeplass: 65 kubikkmeter;<\/li><li>Kabinelengde: 15 fot 8 tommer;<\/li><li>Kabinh\u00f8yde: 4 ft 9 in;<\/li><li>Kabinbredde: 4 ft 9 int;<\/li><li>Tilgjengelig Wifi om bord.<\/li><\/ul>\r\n\r\n\r\n\r\n<p><em>Dominion Charter<\/em> tilbyr ogs\u00e5 <em>Hawker 400XP <\/em>som en del av deres flyfl\u00e5te. Du kan se mer informasjon om light jet-kategorien p\u00e5 deres <a href=\"https:\/\/www.dominioncharterltd.com\/about-us\" target=\"_blank\" rel=\"noopener\">nettsted<\/a>.<\/p>\r\n\r\n\r\n\r\n<h3 class=\"wp-block-heading\"><span class=\"ez-toc-section\" id=\"3_Midsize_Private_Jets\"><\/span>3. Mellomstore privatfly<span class=\"ez-toc-section-end\"><\/span><\/h3>\r\n\r\n\r\n\r\n<p>Rekkevidden til et mellomstort jetfly varierer avhengig av antall passasjerer, v\u00e6r og andre forhold. Under ideelle forhold kan de fly i seks timer uten drivstoffpauser, noe som er perfekt for reiser fra kyst til kyst og til og med interkontinentale reiser. Det er gratis Wi-Fi om bord, toalett og toaletter og noen underholdningsmuligheter. Husk \u00e5 snakke med en av selskapets reisekonsulenter om bagasjebehovet ditt, siden hvert fly har forskjellig lagringskapasitet.<\/p>\r\n\r\n\r\n\r\n<h4 class=\"wp-block-heading\"><span class=\"ez-toc-section\" id=\"Our_Recommendation_Hawker_800_XP\"><\/span>V\u00e5r anbefaling: Hawker 800 XP<span class=\"ez-toc-section-end\"><\/span><\/h4>\r\n\r\n\r\n\r\n<p>Dominion Charter tilbyr Hawker 800XP, produsert av <a href=\"https:\/\/comparemyjet.com\/nb\/hawker-beechcraft\/\" data-internallinksmanager029f6b8e52c=\"153\" title=\"Den ultimate guiden til Hawker Beechcraft privatfly og -jetfly\">Hawker Beechcraft<\/a> fra 1997 til 2005. Kabinkonfigurasjonen p\u00e5 Hawker 800XP er identisk med den p\u00e5 800. Setearrangementet kan endres for \u00e5 gi plass til opptil 14 passasjerer. Den nye modellen har belysning p\u00e5 sideveggene, nydesignede passasjerstoler og sammenleggbare executive-bord for bedre tilgang.&nbsp;<\/p>\r\n\r\n\r\n\r\n<p>800XP er ganske romslig og har god plass til ni passasjerer. Hawker 800XPi, Hawker 850XP og Hawker 900XP er ytterligere tre varianter av 800XP.<\/p>\r\n\r\n\r\n\r\n<p>Spesifikasjoner:<\/p>\r\n\r\n\r\n\r\n<ul class=\"wp-block-list\"><li>Passasjerer: 6 til 8;<\/li><li>Kup\u00e9volum: 723 kubikkmeter;<\/li><li>Kabinelengde: 21 fot 3 tommer;<\/li><li>Kabinbredde: 1,8 m;&nbsp;<\/li><li>Kabinh\u00f8yde: 1,8 meter;<\/li><li>Bagasjekapasitet: 48 cu ft;<\/li><li>Flyets rekkevidde: 3 038 nautiske mil;<\/li><li>Cruisehastighet: 488 mph;<\/li><li>Kabinstyringssystem med LCD-ber\u00f8ringsskjermer.<\/li><\/ul>\r\n\r\n\r\n\r\n<p><em>Dominion Charter<\/em> tilbyr ogs\u00e5 <em>Hawker 400XP <\/em>som en del av deres flyfl\u00e5te. Du kan se mer informasjon om kategorien mellomstore jetfly p\u00e5 deres <a href=\"https:\/\/www.dominioncharterltd.com\/about-us\" target=\"_blank\" rel=\"noopener\">nettsted<\/a>.<\/p>\r\n\r\n\r\n\r\n<h3 class=\"wp-block-heading\"><span class=\"ez-toc-section\" id=\"4_Super-Midsize_Private_Jets\"><\/span>4. Super-mellomstore privatfly&nbsp;<span class=\"ez-toc-section-end\"><\/span><\/h3>\r\n\r\n\r\n\r\n<p>N\u00e5r det gjelder jetflyklasser, er det mest popul\u00e6re valget for privatflygere den supermellomstore flyklassen. Disse flyene har romslige kabiner med st\u00e5plasser, vanligvis plass til ni passasjerer (noen opptil 11) og kan fly mellom kontinenter med en rekkevidde p\u00e5 opptil 5 timer uten drivstoffpauser.<\/p>\r\n\r\n\r\n\r\n<h4 class=\"wp-block-heading\"><span class=\"ez-toc-section\" id=\"Our_Recommendation_Falcon_50\"><\/span>V\u00e5r anbefaling: Falcon 50<span class=\"ez-toc-section-end\"><\/span><\/h4>\r\n\r\n\r\n\r\n<p>Falcon 50 EX har rekkevidden og luksusen til et mye st\u00f8rre fly. Utstyrt med en romslig kabin, stilig skinninteri\u00f8r og et komplett mikrokj\u00f8kken, er det ganske komfortabelt og stilig. Setearrangementet og en divan utgj\u00f8r sitteoppsettet for 9 passasjerer. Falcon50EX er ideell for reiser i mellomklassen som krever ekstra bagasjekapasitet.<\/p>\r\n\r\n\r\n\r\n<p>Spesifikasjoner:<\/p>\r\n\r\n\r\n\r\n<ul class=\"wp-block-list\"><li>Passasjerer: 9;<\/li><li>Bagasjekapasitet: 115 cu ft;<\/li><li>Kabinbredde: 6 fot 1 tommer;<\/li><li>Kabinh\u00f8yde: 1,5 meter;<\/li><li>Kabinelengde: 23 fot 5 tommer;<\/li><li>Rekkevidde: 5+ timer;<\/li><li>Maks cruisehastighet: 478 mph.<\/li><\/ul>\r\n\r\n\r\n\r\n<p><em>Dominion Charter<\/em> tilbyr ogs\u00e5 <em>Hawker 400XP <\/em>som en del av deres flyfl\u00e5te. Du kan se mer informasjon om kategorien super-midsize jetfly p\u00e5 deres <a href=\"https:\/\/www.dominioncharterltd.com\/about-us\" target=\"_blank\" rel=\"noopener\">nettsted<\/a>.<\/p>\r\n\r\n\r\n\r\n<h3 class=\"wp-block-heading\"><span class=\"ez-toc-section\" id=\"5_Large_Private_Jets\"><\/span>5. Store privatfly<span class=\"ez-toc-section-end\"><\/span><\/h3>\r\n\r\n\r\n\r\n<p>De fleste store fly har gratis Wi-Fi, flyvertinne, st\u00f8rre kabinplass og utholdenhet og flere presonaliserte tjenester. De fleste heavy jets har plass til 10-14 passasjerer og kan fly opptil 7 timer uten drivstoffpauser. Hvis du er ute etter en best mulig flyopplevelse med ekstra luksus, er et stort jetfly et ideelt alternativ.<\/p>\r\n\r\n\r\n\r\n<h4 class=\"wp-block-heading\"><span class=\"ez-toc-section\" id=\"Our_Recommendation_Gulfstream_GIV-SP\"><\/span>V\u00e5r anbefaling: Gulfstream GIV-SP<span class=\"ez-toc-section-end\"><\/span><\/h4>\r\n\r\n\r\n\r\n<p>Dette private jetflyet har plass til tretten passasjerer. Det har en maksimal rekkevidde p\u00e5 4300 nm og kan fly uten stopp i \u00e5tte timer.<\/p>\r\n\r\n\r\n\r\n<p><a href=\"https:\/\/comparemyjet.com\/nb\/gulfstream\/\" data-internallinksmanager029f6b8e52c=\"175\" title=\"Den ultimate guiden til Gulfstream private jetfly og fly\">Gulfstream<\/a> GIV SP\/G-450 er utstyrt med USB- og USB-C-ladeporter, og 4G WiFi er tilgjengelig om bord. Det er ogs\u00e5 en komplett bysse med mikrob\u00f8lgeovn og stekeovn, og en gratis bar.&nbsp;<\/p>\r\n\r\n\r\n\r\n<p>Spesifikasjoner:<\/p>\r\n\r\n\r\n\r\n<ul class=\"wp-block-list\"><li>Passasjerer: 14;<\/li><li>Kabinbredde: 7 fot 3 tommer;<\/li><li>Kabinh\u00f8yde: 6 fot 1 tommer;<\/li><li>Kabinelengde: 45 ft 1 in;<\/li><li>Maks hastighet: 500 km\/t;<\/li><li>Maks. rekkevidde: 4166 nm;<\/li><li>Innvendig bagasje: 169 kubikkfot;<\/li><li>Mannskap: 2.<\/li><\/ul>\r\n\r\n\r\n\r\n<p><em>Dominion Charter<\/em> tilbyr ogs\u00e5 <em>Hawker 400XP <\/em>som en del av deres flyfl\u00e5te. Du kan se mer informasjon om heavy jet-kategorien p\u00e5 deres <a href=\"https:\/\/www.dominioncharterltd.com\/about-us\" target=\"_blank\" rel=\"noopener\">nettsted<\/a>.<\/p>\r\n\r\n\r\n\r\n<h3 class=\"wp-block-heading\"><span class=\"ez-toc-section\" id=\"6_Ultra-Long-Range_Private_Jets\"><\/span>6. Privatfly med ultralang rekkevidde<span class=\"ez-toc-section-end\"><\/span><\/h3>\r\n\r\n\r\n\r\n<p>Ultralangdistansefly kan fly i mer enn 13 timer, s\u00e5 hvis du planlegger en veldig lang reise, er disse jetflyene det beste valget. Ultralangdistansefly har full kabinfasiliteter og flyvertinneservice. Du finner private rom med sove- og fritidsfasiliteter, samt mange underholdningsmuligheter og luksus p\u00e5 et annet niv\u00e5.<\/p>\r\n\r\n\r\n\r\n<h4 class=\"wp-block-heading\"><span class=\"ez-toc-section\" id=\"Our_Recommendation_Gulfstream_G550\"><\/span>V\u00e5r anbefaling: Gulfstream G550<span class=\"ez-toc-section-end\"><\/span><\/h4>\r\n\r\n\r\n\r\n<p>Gulfstream G550 har en luksuri\u00f8s kabin med plass til 14 passasjerer. Kabinen har et konferanseomr\u00e5de for fire personer, et forheng som skiller kapteinsstolene fra kabinen, og en sofa.<\/p>\r\n\r\n\r\n\r\n<p>Disse jetflyene ble produsert i 2014 og fikk en unik innvendig oppgradering i 2015. Med to private toaletter og et underholdningssystem er det duket for en utmerket flytur. WiFi er gratis p\u00e5 innenlandsflyvninger, mens internasjonale data koster.<\/p>\r\n\r\n\r\n\r\n<p>Spesifikasjoner:<\/p>\r\n\r\n\r\n\r\n<ul class=\"wp-block-list\"><li>Passasjerer: 19;<\/li><li>Kabinh\u00f8yde: 6 fot 2 tommer;<\/li><li>Kabinelengde: 43 fot 11 tommer;<\/li><li>Kabinbredde: 7 fot 4 tommer;<\/li><li>Innvendig bagasje: 170 kubikkfot;<\/li><li>Maks. rekkevidde: 6750 nm;<\/li><li>Maks hastighet: 590 km\/t;<\/li><li>Mannskap: 2.<\/li><\/ul>\r\n\r\n\r\n\r\n<p><em>Dominion Charter<\/em> tilbyr ogs\u00e5 <em>Hawker 400XP <\/em>som en del av deres flyfl\u00e5te. Du kan se mer informasjon om kategorien ultralangdistansefly i deres <a href=\"https:\/\/www.dominioncharterltd.com\/about-us\" target=\"_blank\" rel=\"noopener\">nettsted<\/a>.<\/p>\r\n\r\n\r\n\r\n<h2 class=\"wp-block-heading\"><span class=\"ez-toc-section\" id=\"Company_Safety_Policy_and_Standards\"><\/span>Selskapets sikkerhetspolicy og -standarder<span class=\"ez-toc-section-end\"><\/span><\/h2>\r\n\r\n\r\n\r\n<figure class=\"wp-block-image size-full is-style-default\"><img loading=\"lazy\" decoding=\"async\" width=\"1000\" height=\"563\" src=\"https:\/\/comparemyjet.com\/wp-content\/uploads\/2022\/06\/safety.check_.for_.a.plane_.jpg\" alt=\"\" class=\"wp-image-3014\" srcset=\"https:\/\/comparemyjet.com\/wp-content\/uploads\/2022\/06\/safety.check_.for_.a.plane_-18x10.jpg 18w, https:\/\/comparemyjet.com\/wp-content\/uploads\/2022\/06\/safety.check_.for_.a.plane_-300x169.jpg 300w, https:\/\/comparemyjet.com\/wp-content\/uploads\/2022\/06\/safety.check_.for_.a.plane_-768x432.jpg 768w, https:\/\/comparemyjet.com\/wp-content\/uploads\/2022\/06\/safety.check_.for_.a.plane_.jpg 1000w\" sizes=\"auto, (max-width: 1000px) 100vw, 1000px\" \/><\/figure>\r\n\r\n\r\n\r\n<p>Dominion booker utelukkende fly som tilfredsstiller bransjens mest sofistikerte og anerkjente spesialist ARGUS International Inc.s sikkerhetsstandarder Gold eller Platinum.&nbsp;<\/p>\r\n\r\n\r\n\r\n<h2 class=\"wp-block-heading\"><span class=\"ez-toc-section\" id=\"Conclusion\"><\/span>Konklusjon<span class=\"ez-toc-section-end\"><\/span><\/h2>\r\n\r\n\r\n\r\n<p>Dominion Charter tilbyr en skreddersydd reiseopplevelse med concierge- og landtransporttjenester i forbindelse med charterflyvningene. Det interne flyoperasjonsteamet har booket over 3000 charterflyvninger takket v\u00e6re det globale nettverket av fly, som spenner fra lette fly og turbopropeller til store jetfly. Hvis du er ute etter langsiktige reisel\u00f8sninger, kan de ogs\u00e5 hjelpe deg med \u00e5 kj\u00f8pe eller lease et fly.&nbsp;&nbsp;<\/p>","protected":false},"excerpt":{"rendered":"<p>Dominion Charter er et Texas-basert luksuscharter- og concierge-selskap. Selskapet har drevet virksomhet p\u00e5 det amerikanske kontinentet siden 2010 og har hjulpet kunder med \u00e5 chartre, lease og kj\u00f8pe fly raskt og enkelt siden 2010. De tilbyr f\u00f8rsteklasses flyreiser, et bredt spekter av concierge-tjenester og landtransport. Dominion Charter er et datterselskap av Calm Holdings, ...<\/p>","protected":false},"author":2,"featured_media":3012,"parent":0,"menu_order":0,"comment_status":"closed","ping_status":"closed","template":"","meta":{"_acf_changed":false,"_genesis_hide_title":false,"_genesis_hide_breadcrumbs":false,"_genesis_hide_singular_image":false,"_genesis_hide_footer_widgets":false,"_genesis_custom_body_class":"","_genesis_custom_post_class":"","_genesis_layout":"","footnotes":""},"class_list":{"1":"page","2":"type-page","6":"entry"},"acf":[],"_links":{"self":[{"href":"https:\/\/comparemyjet.com\/nb\/wp-json\/wp\/v2\/pages\/3011","targetHints":{"allow":["GET"]}}],"collection":[{"href":"https:\/\/comparemyjet.com\/nb\/wp-json\/wp\/v2\/pages"}],"about":[{"href":"https:\/\/comparemyjet.com\/nb\/wp-json\/wp\/v2\/types\/page"}],"author":[{"embeddable":true,"href":"https:\/\/comparemyjet.com\/nb\/wp-json\/wp\/v2\/users\/2"}],"replies":[{"embeddable":true,"href":"https:\/\/comparemyjet.com\/nb\/wp-json\/wp\/v2\/comments?post=3011"}],"version-history":[{"count":2,"href":"https:\/\/comparemyjet.com\/nb\/wp-json\/wp\/v2\/pages\/3011\/revisions"}],"predecessor-version":[{"id":3433,"href":"https:\/\/comparemyjet.com\/nb\/wp-json\/wp\/v2\/pages\/3011\/revisions\/3433"}],"wp:featuredmedia":[{"embeddable":true,"href":"https:\/\/comparemyjet.com\/nb\/wp-json\/wp\/v2\/media\/3012"}],"wp:attachment":[{"href":"https:\/\/comparemyjet.com\/nb\/wp-json\/wp\/v2\/media?parent=3011"}],"curies":[{"name":"wp","href":"https:\/\/api.w.org\/{rel}","templated":true}]}}