{"id":3061,"date":"2022-07-11T23:51:35","date_gmt":"2022-07-11T23:51:35","guid":{"rendered":"https:\/\/comparemyjet.com\/?page_id=3061"},"modified":"2025-09-04T09:58:14","modified_gmt":"2025-09-04T09:58:14","slug":"amalfi-jets","status":"publish","type":"page","link":"https:\/\/comparemyjet.com\/nb\/amalfi-jets\/","title":{"rendered":"Priser p\u00e5 Amalfi Jets-flyvninger"},"content":{"rendered":"<p>Ingenting sl\u00e5r det \u00e5 reise verden rundt i et privatfly. For \u00e5 gj\u00f8re opplevelsen av \u00e5 fly privat enda bedre, sender Amalfi Jets en av sine representanter til flyplassen for \u00e5 hilse p\u00e5 hver enkelt kunde f\u00f8r avgang og s\u00f8rge for at alle detaljer er ivaretatt slik at flyreisen blir s\u00e5 behagelig som mulig.&nbsp;<\/p>\r\n\r\n\r\n\r\n<p>Selskapet tilbyr tjenester som on-demand-charter og jetkort-medlemskapsprogrammer. De lover ogs\u00e5 garantert tilgjengelighet med bare 18 timers varsel, og du kan dra nytte av gratis flyoppgraderinger og mange andre fordeler. La oss se n\u00e6rmere p\u00e5 fordelene ved \u00e5 fly med Amalfi jets.<\/p>\r\n\r\n\r\n\r\n<div id=\"ez-toc-container\" class=\"ez-toc-v2_0_76 counter-hierarchy ez-toc-counter ez-toc-grey ez-toc-container-direction\">\n<p class=\"ez-toc-title\" style=\"cursor:inherit\">Temaer<\/p>\n<label for=\"ez-toc-cssicon-toggle-item-69f038e960705\" class=\"ez-toc-cssicon-toggle-label\"><span class=\"\"><span class=\"eztoc-hide\" style=\"display:none;\">Toggle<\/span><span class=\"ez-toc-icon-toggle-span\"><svg style=\"fill: #999;color:#999\" xmlns=\"http:\/\/www.w3.org\/2000\/svg\" class=\"list-377408\" width=\"20px\" height=\"20px\" viewbox=\"0 0 24 24\" fill=\"none\"><path d=\"M6 6H4v2h2V6zm14 0H8v2h12V6zM4 11h2v2H4v-2zm16 0H8v2h12v-2zM4 16h2v2H4v-2zm16 0H8v2h12v-2z\" fill=\"currentColor\"><\/path><\/svg><svg style=\"fill: #999;color:#999\" class=\"arrow-unsorted-368013\" xmlns=\"http:\/\/www.w3.org\/2000\/svg\" width=\"10px\" height=\"10px\" viewbox=\"0 0 24 24\" version=\"1.2\" baseprofile=\"tiny\"><path d=\"M18.2 9.3l-6.2-6.3-6.2 6.3c-.2.2-.3.4-.3.7s.1.5.3.7c.2.2.4.3.7.3h11c.3 0 .5-.1.7-.3.2-.2.3-.5.3-.7s-.1-.5-.3-.7zM5.8 14.7l6.2 6.3 6.2-6.3c.2-.2.3-.5.3-.7s-.1-.5-.3-.7c-.2-.2-.4-.3-.7-.3h-11c-.3 0-.5.1-.7.3-.2.2-.3.5-.3.7s.1.5.3.7z\"\/><\/svg><\/span><\/span><\/label><input type=\"checkbox\"  id=\"ez-toc-cssicon-toggle-item-69f038e960705\" checked aria-label=\"Toggle\" \/><nav><ul class='ez-toc-list ez-toc-list-level-1' ><li class='ez-toc-page-1 ez-toc-heading-level-2'><a class=\"ez-toc-link ez-toc-heading-1\" href=\"https:\/\/comparemyjet.com\/nb\/amalfi-jets\/#Company_History\" >Selskapets historie<\/a><ul class='ez-toc-list-level-3' ><li class='ez-toc-heading-level-3'><a class=\"ez-toc-link ez-toc-heading-2\" href=\"https:\/\/comparemyjet.com\/nb\/amalfi-jets\/#Why_Choose_Amalfi_Jets\" >Hvorfor velge Amalfi Jets?<\/a><\/li><\/ul><\/li><li class='ez-toc-page-1 ez-toc-heading-level-2'><a class=\"ez-toc-link ez-toc-heading-3\" href=\"https:\/\/comparemyjet.com\/nb\/amalfi-jets\/#Ways_to_Fly\" >M\u00e5ter \u00e5 fly p\u00e5<\/a><\/li><li class='ez-toc-page-1 ez-toc-heading-level-2'><a class=\"ez-toc-link ez-toc-heading-4\" href=\"https:\/\/comparemyjet.com\/nb\/amalfi-jets\/#The_Company_Card_Program\" >Bedriftskortprogrammet<\/a><\/li><li class='ez-toc-page-1 ez-toc-heading-level-2'><a class=\"ez-toc-link ez-toc-heading-5\" href=\"https:\/\/comparemyjet.com\/nb\/amalfi-jets\/#Pricing\" >Priser<\/a><\/li><li class='ez-toc-page-1 ez-toc-heading-level-2'><a class=\"ez-toc-link ez-toc-heading-6\" href=\"https:\/\/comparemyjet.com\/nb\/amalfi-jets\/#The_Fleet\" >Fl\u00e5ten&nbsp;<\/a><ul class='ez-toc-list-level-3' ><li class='ez-toc-heading-level-3'><a class=\"ez-toc-link ez-toc-heading-7\" href=\"https:\/\/comparemyjet.com\/nb\/amalfi-jets\/#1_Light_Private_Jets\" >1. Lette private jetfly<\/a><\/li><li class='ez-toc-page-1 ez-toc-heading-level-3'><a class=\"ez-toc-link ez-toc-heading-8\" href=\"https:\/\/comparemyjet.com\/nb\/amalfi-jets\/#2_Midsize_and_Super-Midsize_Private_Jets\" >2. Mellomstore og supermellomstore private jetfly&nbsp;<\/a><\/li><li class='ez-toc-page-1 ez-toc-heading-level-3'><a class=\"ez-toc-link ez-toc-heading-9\" href=\"https:\/\/comparemyjet.com\/nb\/amalfi-jets\/#3_Large_Private_Jets\" >3. Store privatfly<\/a><\/li><li class='ez-toc-page-1 ez-toc-heading-level-3'><a class=\"ez-toc-link ez-toc-heading-10\" href=\"https:\/\/comparemyjet.com\/nb\/amalfi-jets\/#4_Ultra-Long-Range_Private_Jets\" >4. Privatfly med ultralang rekkevidde<\/a><\/li><\/ul><\/li><li class='ez-toc-page-1 ez-toc-heading-level-2'><a class=\"ez-toc-link ez-toc-heading-11\" href=\"https:\/\/comparemyjet.com\/nb\/amalfi-jets\/#Company_Safety_Policy_and_Standards\" >Selskapets sikkerhetspolicy og -standarder<\/a><\/li><li class='ez-toc-page-1 ez-toc-heading-level-2'><a class=\"ez-toc-link ez-toc-heading-12\" href=\"https:\/\/comparemyjet.com\/nb\/amalfi-jets\/#Partnerships\" >Partnerskap<\/a><\/li><li class='ez-toc-page-1 ez-toc-heading-level-2'><a class=\"ez-toc-link ez-toc-heading-13\" href=\"https:\/\/comparemyjet.com\/nb\/amalfi-jets\/#Conclusion\" >Konklusjon<\/a><\/li><\/ul><\/nav><\/div>\n<h2 class=\"wp-block-heading\"><span class=\"ez-toc-section\" id=\"Company_History\"><\/span>Selskapets historie<span class=\"ez-toc-section-end\"><\/span><\/h2>\r\n\r\n\r\n\r\n<p>Amalfi Jets er en <a href=\"https:\/\/comparemyjet.com\/nb\/how-do-you-rent-or-charter-a-private-jet\/\" data-internallinksmanager029f6b8e52c=\"15\" title=\"Hvordan leier eller chartrer du et privatfly?\">charter av privatfly<\/a> byr\u00e5 som ble grunnlagt av Kolin Jones i 2020. Med base i <a href=\"https:\/\/comparemyjet.com\/nb\/private-tours\/los-angeles-private-tours\/\" data-internallinksmanager029f6b8e52c=\"421\" title=\"11 beste private turer i Los Angeles fra $55.00\">Los Angeles<\/a>Amalfi tilbyr b\u00e5de on-demand-leasing og medlemskap for de som flyr ofte. B\u00e5de privatpersoner, bedrifter og familier har dratt nytte av selskapets spesialiserte flytjenester, som for eksempel personlig catering og en gratis black car-tjeneste.&nbsp;<\/p>\r\n\r\n\r\n\r\n<p>Amalfi Jets, LLC er et av de raskest voksende selskapene i luftfartssektoren under Kolins ledelse. Amalfi Jets tar alle forholdsregler for \u00e5 s\u00f8rge for at reisen din g\u00e5r knirkefritt, fra pilotenes og personalets hurtighet til kundenes sikkerhet, slik at du ikke trenger \u00e5 bekymre deg for noe annet enn \u00e5 ha det hyggelig i et privatfly.<\/p>\r\n\r\n\r\n\r\n<p>Amalfi Jets har et omfattende nettverk med rundt 2000 fly over hele verden. Alle flyvninger utf\u00f8res av <a href=\"https:\/\/www.faa.gov\/\" target=\"_blank\" rel=\"noopener\">FAA<\/a>-sertifiserte Part 135-luftfart\u00f8yoperat\u00f8rer eller tilsvarende i andre land.&nbsp;<\/p>\r\n\r\n\r\n\r\n<h3 class=\"wp-block-heading\"><span class=\"ez-toc-section\" id=\"Why_Choose_Amalfi_Jets\"><\/span>Hvorfor velge Amalfi Jets?<span class=\"ez-toc-section-end\"><\/span><\/h3>\r\n\r\n\r\n\r\n<p>Amalfi Jets bestreber seg p\u00e5 \u00e5 tilby kundeservice av ypperste kvalitet. En ting som gj\u00f8r at de skiller seg ut fra andre private charterselskaper, er deres globale team av Amalfi-representanter som flyr ut for \u00e5 ta imot passasjerene ved hver eneste avgang.&nbsp;<\/p>\r\n\r\n\r\n\r\n<p>Selskapet tilbyr ogs\u00e5 gratis henting hjemmefra eller fra startpunktet for reisen, og tilbyr svart bilservice i SUV-er for alle reisende. Du f\u00e5r taxiservice fra avreisestedet til ankomstflyplassen p\u00e5 alle reiser du planlegger og gjennomf\u00f8rer med Amalfi Jets. De vil f\u00f8lge deg gjennom hele reisen.<\/p>\r\n\r\n\r\n\r\n<p>N\u00e5r det gjelder catering om bord, samarbeider Amalfi Jets gjerne med noen av verdens mest anerkjente kokker. F\u00f8r hver reise setter kundeservicemedarbeiderne sammen menyer som du kan velge fra, avhengig av preferanser og kosthold.<\/p>\r\n\r\n\r\n\r\n<p>I tillegg vil flykonsulentene deres hjelpe deg med \u00e5 velge det riktige og rimeligste flyet for din spesifikke reise blant over 2000 fly. Hver eneste reise overv\u00e5kes av flyspesialister for \u00e5 sikre kvalitet og kundetilfredshet.<\/p>\r\n\r\n\r\n\r\n<h2 class=\"wp-block-heading\"><span class=\"ez-toc-section\" id=\"Ways_to_Fly\"><\/span>M\u00e5ter \u00e5 fly p\u00e5<span class=\"ez-toc-section-end\"><\/span><\/h2>\r\n\r\n\r\n\r\n<p>Det er to m\u00e5ter \u00e5 fly med Amalfi Jets p\u00e5:<\/p>\r\n\r\n\r\n\r\n<ol class=\"wp-block-list\"><li>Be om tilgjengelige flyalternativer for hver enkelt reise gjennom <a href=\"https:\/\/amalfijets.com\/on-demand-charter\/\" target=\"_blank\" rel=\"noopener\">on-demand<\/a> charter-aspektet.&nbsp;<\/li><li>Bli en <a href=\"https:\/\/amalfijets.com\/the-amalfi-one-jet-card-program\/\" target=\"_blank\" rel=\"noopener\">Ett Jet-kort<\/a> medlem hvis du flyr ofte og \u00f8nsker \u00e5 eie et fly uten \u00e5 betale avgiftene som f\u00f8lger med.<\/li><\/ol>\r\n\r\n\r\n\r\n<p>La oss se n\u00e6rmere p\u00e5 medlemsprogrammet.<\/p>\r\n\r\n\r\n\r\n<h2 class=\"wp-block-heading\"><span class=\"ez-toc-section\" id=\"The_Company_Card_Program\"><\/span>Bedriftskortprogrammet<span class=\"ez-toc-section-end\"><\/span><\/h2>\r\n\r\n\r\n\r\n<p>M\u00e5let med Amalfi One Jet Card-programmet er \u00e5 tilby deg et servicenettverk der du kan nyte det beste bransjen har \u00e5 tilby - reiser over hele verden.<\/p>\r\n\r\n\r\n\r\n<p>Amalfi One Jet Card er det eneste jetkortet i bransjen som kan brukes i mer enn 30 forskjellige land. Som kortinnehaver kan du fly og betale per time s\u00e5 lenge du reiser innenfor eller mellom landene i selskapets prim\u00e6re tjenesteomr\u00e5de. Uansett hvor reisen g\u00e5r, kan du v\u00e6re trygg p\u00e5 at en fl\u00e5te med fly st\u00e5r klar til \u00e5 frakte deg til destinasjonen.<\/p>\r\n\r\n\r\n\r\n<p>En annen fordel med \u00e5 v\u00e6re kortinnehaver er at du kan chartre et jetfly bare med 18 timers varsel i USA, eller 72 timer for resten av stedene innenfor Amalfis' prim\u00e6re tjenesteomr\u00e5de.<\/p>\r\n\r\n\r\n\r\n<p>Sist, men ikke minst, f\u00e5r du som kortinnehaver gratis svart bilservice, personlig catering p\u00e5 hver flyvning og den alkoholen og de drikkene du foretrekker. En Amalfi Jets-representant vil ta imot deg p\u00e5 hver eneste flyplass for \u00e5 sikre at du f\u00e5r den beste servicen.<\/p>\r\n\r\n\r\n\r\n<h2 class=\"wp-block-heading\"><span class=\"ez-toc-section\" id=\"Pricing\"><\/span>Priser<span class=\"ez-toc-section-end\"><\/span><\/h2>\r\n\r\n\r\n\r\n<p>One-programmet krever et minimumsinnskudd p\u00e5 $50 000 USD, og hele bel\u00f8pet p\u00e5 $50 000 USD settes umiddelbart inn p\u00e5 flykontoen din for reiseform\u00e5l, og det er ingen medlemsavgifter, \u00e5rsavgifter, kontingenter eller oppstartskostnader.<\/p>\r\n\r\n\r\n\r\n<p>Som medlem av One Jet Card-programmet betaler du f\u00f8lgende timepriser:<\/p>\r\n\r\n\r\n\r\n<ul class=\"wp-block-list\"><li>$5 800 for lette jetfly;&nbsp;<\/li><li>$7 800 for mellomstore jetfly;&nbsp;<\/li><li>$9 800 for super-mellomstore jetfly;&nbsp;<\/li><li>$10 800 for store kabinfly;&nbsp;<\/li><li>$13 500 for jetfly med ultralang rekkevidde.<\/li><\/ul>\r\n\r\n\r\n\r\n<h2 class=\"wp-block-heading\"><span class=\"ez-toc-section\" id=\"The_Fleet\"><\/span>Fl\u00e5ten&nbsp;<span class=\"ez-toc-section-end\"><\/span><\/h2>\r\n\r\n\r\n\r\n<figure class=\"wp-block-image size-full is-style-default\"><img loading=\"lazy\" decoding=\"async\" width=\"1000\" height=\"667\" src=\"https:\/\/comparemyjet.com\/wp-content\/uploads\/2022\/07\/amalfi.jets_.white_.private.jet_.on_.the_.runway.jpg\" alt=\"amalfi.jets.hvitt.privatfly.p\u00e5.rullebanen\" class=\"wp-image-3067\" srcset=\"https:\/\/comparemyjet.com\/wp-content\/uploads\/2022\/07\/amalfi.jets_.white_.private.jet_.on_.the_.runway-18x12.jpg 18w, https:\/\/comparemyjet.com\/wp-content\/uploads\/2022\/07\/amalfi.jets_.white_.private.jet_.on_.the_.runway-300x200.jpg 300w, https:\/\/comparemyjet.com\/wp-content\/uploads\/2022\/07\/amalfi.jets_.white_.private.jet_.on_.the_.runway-768x512.jpg 768w, https:\/\/comparemyjet.com\/wp-content\/uploads\/2022\/07\/amalfi.jets_.white_.private.jet_.on_.the_.runway.jpg 1000w\" sizes=\"auto, (max-width: 1000px) 100vw, 1000px\" \/><\/figure>\r\n\r\n\r\n\r\n<p>Ta en titt p\u00e5 f\u00f8lgende jetflykategorier, og bruk forklaringene v\u00e5re til \u00e5 velge det ideelle flyet for din kommende reise.<\/p>\r\n\r\n\r\n\r\n<h3 class=\"wp-block-heading\"><span class=\"ez-toc-section\" id=\"1_Light_Private_Jets\"><\/span>1. Lette private jetfly<span class=\"ez-toc-section-end\"><\/span><\/h3>\r\n\r\n\r\n\r\n<p>Hvis turen din er opptil tre timer lang, med et lite selskap p\u00e5 4-6 passasjerer, er jetfly i kategorien lette fly et praktisk valg.&nbsp;<\/p>\r\n\r\n\r\n\r\n<p>Lette jetfly er et vanlig valg p\u00e5 grunn av lave driftskostnader og h\u00f8y effektivitet. Noen lette jetfly kan v\u00e6re relativt sm\u00e5, mens andre er st\u00f8rre enn du forventer, s\u00e5 alt avhenger av flymodellen. Det kan v\u00e6re at det ikke finnes bord eller toaletter, og det er vanligvis ikke plass til \u00e5 st\u00e5, noe som er grunnen til at flyvertinner vanligvis ikke f\u00f8lger med passasjerene i disse flyene. De gir imidlertid roligere flyvninger enn turboprops til en lav pris, og er perfekte for mindre rullebaner.&nbsp;<\/p>\r\n\r\n\r\n\r\n<h3 class=\"wp-block-heading\"><span class=\"ez-toc-section\" id=\"2_Midsize_and_Super-Midsize_Private_Jets\"><\/span>2. Mellomstore og supermellomstore private jetfly&nbsp;<span class=\"ez-toc-section-end\"><\/span><\/h3>\r\n\r\n\r\n\r\n<p>Midsize-kategorien, som har plass til opptil 9 passasjerer, er popul\u00e6r for reiser p\u00e5 opptil 4 timer og for passasjerer som \u00f8nsker ekstra bagasjekapasitet, en romslig kabin og sofistikert innredning. I motsetning til de mindre jetflyene har mellomstore fly st\u00f8rre forfriskningsrom, slik at det er mulig \u00e5 ta med ekstra mat og snacks samt drikke om bord. Kategorien super midsize-fly er ogs\u00e5 en storfavoritt blant kundene. Disse private jetflyene har st\u00e5ende kabiner, plass til opptil 9 passasjerer og mulighet til \u00e5 reise p\u00e5 tvers av kontinenter.<\/p>\r\n\r\n\r\n\r\n<h3 class=\"wp-block-heading\"><span class=\"ez-toc-section\" id=\"3_Large_Private_Jets\"><\/span>3. Store privatfly<span class=\"ez-toc-section-end\"><\/span><\/h3>\r\n\r\n\r\n\r\n<p>Den store privatflyklassen egner seg best for interkontinentale flyvninger eller store selskaper, takket v\u00e6re de romslige kabinene - uansett hvor langt du skal fly. Denne private jetfly-klassen har ogs\u00e5 utmerkede rullebaneegenskaper, stigningshastighet, st\u00f8rre passasjer- og bagasjekapasitet og lengre rekkevidde.&nbsp;<\/p>\r\n\r\n\r\n\r\n<p>Tunge fly kan frakte rundt femten passasjerer, med soveplass til seks. Nesten alle heavy jet-fly har sovesenger, oppbevaringsrom for mat, bad og moderne underholdningssystemer, og det er minst \u00e9n flyvertinne til stede under flyvningen.&nbsp;<\/p>\r\n\r\n\r\n\r\n<p>Med en hastighet p\u00e5 rundt 500 miles i timen har tunge jetfly en rekkevidde p\u00e5 rundt 6000 miles. De er mindre enn rutefly og har flere landingsmuligheter.&nbsp;<\/p>\r\n\r\n\r\n\r\n<h3 class=\"wp-block-heading\"><span class=\"ez-toc-section\" id=\"4_Ultra-Long-Range_Private_Jets\"><\/span>4. Privatfly med ultralang rekkevidde<span class=\"ez-toc-section-end\"><\/span><\/h3>\r\n\r\n\r\n\r\n<p>Hvis du har behov for \u00e5 v\u00e6re p\u00e5 den andre siden av jordkloden p\u00e5 sv\u00e6rt kort tid, finnes det jetfly med ultralang rekkevidde. Denne kategorien omfatter jetfly som kan fly mellom 8500 og 12 900 kilometer uten \u00e5 stoppe for \u00e5 fylle drivstoff. Disse privatflyene er romslige og behagelige, med tre soner for arbeid, sitteplasser og hvile. Kabinh\u00f8yden varierer fra 1,85 til 1,95 meter.&nbsp;<\/p>\r\n\r\n\r\n\r\n<h2 class=\"wp-block-heading\"><span class=\"ez-toc-section\" id=\"Company_Safety_Policy_and_Standards\"><\/span>Selskapets sikkerhetspolicy og -standarder<span class=\"ez-toc-section-end\"><\/span><\/h2>\r\n\r\n\r\n\r\n<p>Alle flyvninger utf\u00f8res av FAA Part 135 Air Carriers som er sertifisert for sikkerhet. Alle flyene er utstyrt med topp moderne utstyr og piloter med omfattende ekspertise. To piloter styrer hver Jet Card-flyvning, og det brukes kun fly og besetning som har gjennomg\u00e5tt en omfattende tredjeparts sikkerhetsrevisjon fra ARG\/US, Wyvern eller IS-BAO.<\/p>\r\n\r\n\r\n\r\n<h2 class=\"wp-block-heading\"><span class=\"ez-toc-section\" id=\"Partnerships\"><\/span>Partnerskap<span class=\"ez-toc-section-end\"><\/span><\/h2>\r\n\r\n\r\n\r\n<figure class=\"wp-block-image size-full is-style-default\"><img loading=\"lazy\" decoding=\"async\" width=\"1000\" height=\"667\" src=\"https:\/\/comparemyjet.com\/wp-content\/uploads\/2022\/07\/white.plane_.flying.over_.buildings.jpg\" alt=\"\" class=\"wp-image-3064\" srcset=\"https:\/\/comparemyjet.com\/wp-content\/uploads\/2022\/07\/white.plane_.flying.over_.buildings-18x12.jpg 18w, https:\/\/comparemyjet.com\/wp-content\/uploads\/2022\/07\/white.plane_.flying.over_.buildings-300x200.jpg 300w, https:\/\/comparemyjet.com\/wp-content\/uploads\/2022\/07\/white.plane_.flying.over_.buildings-768x512.jpg 768w, https:\/\/comparemyjet.com\/wp-content\/uploads\/2022\/07\/white.plane_.flying.over_.buildings.jpg 1000w\" sizes=\"auto, (max-width: 1000px) 100vw, 1000px\" \/><\/figure>\r\n\r\n\r\n\r\n<p>I tillegg til \u00e5 tilby sine kunder chartertjenester og Jet Card-medlemskap har Amalfi Jet ogs\u00e5 et globalt nettverk av partnere spredt over fem kontinenter. Selskapets kortinnehavere f\u00e5r tilgang til unike steder og fordeler takket v\u00e6re partnerne, for eksempel privilegier p\u00e5 noen av de fineste flyselskapene i verden. <a href=\"https:\/\/comparemyjet.com\/nb\/hotels\/\" data-internallinksmanager029f6b8e52c=\"470\" title=\"De 100 beste hotellene i n\u00e6rheten av flyplasser fra hele verden\">hoteller<\/a>, gastronomiklubber og andre kultur- og underholdningssteder.&nbsp;<\/p>\r\n\r\n\r\n\r\n<p>Amalfi One Jet Card aksepteres i 32 land, s\u00e5 du kan reise i de fleste deler av verden.&nbsp;<\/p>\r\n\r\n\r\n\r\n<p>Amalfi Jets er be\u00e6ret over \u00e5 samarbeide med og f\u00e5 st\u00f8tte fra noen av verdens mest prestisjetunge virksomheter, som The Ritz - Carlton Residences, The Langham <a href=\"https:\/\/comparemyjet.com\/nb\/private-tours\/sydney-private-tours\/\" data-internallinksmanager029f6b8e52c=\"208\" title=\"11 beste private turer til Sydney fra $31.99\">Sydney<\/a>, Palace Hotel <a href=\"https:\/\/comparemyjet.com\/nb\/private-jet-charters-to-tokyo\/\" data-internallinksmanager029f6b8e52c=\"121\" title=\"Privatflycharter til Tokyo\">Tokyo<\/a>, Castello di Amorosa - <a href=\"https:\/\/comparemyjet.com\/nb\/private-tours\/napa-private-tours\/\" data-internallinksmanager029f6b8e52c=\"424\" title=\"De 11 beste private Napa-turene fra $99.00\">Napa<\/a> Valley, Stein Eriksen Lodge og mange andre.<\/p>\r\n\r\n\r\n\r\n<h2 class=\"wp-block-heading\"><span class=\"ez-toc-section\" id=\"Conclusion\"><\/span>Konklusjon<span class=\"ez-toc-section-end\"><\/span><\/h2>\r\n\r\n\r\n\r\n<p>Det er viktig \u00e5 stole p\u00e5 et p\u00e5litelig charterselskap for din og familiens sikkerhet. Hvis du lurer p\u00e5 hvor du skal henvende deg n\u00e5r kostnadene for flycharter og flydrivstoff \u00f8ker for hvert sekund, kan du henvende deg til Amalfi Jets. Deres fokus p\u00e5 detaljer og kundeservice garanterer en trygg og tilfredsstillende reise. One Jet Card-programmet gir deg lave timepriser, tilgang til ditt foretrukne jetfly innen 18 timer, uten ekstra kostnader eller utilgjengelige datoer.&nbsp;<\/p>","protected":false},"excerpt":{"rendered":"<p>Ingenting sl\u00e5r det \u00e5 reise verden rundt i et privatfly. For \u00e5 gj\u00f8re opplevelsen av \u00e5 fly privat enda morsommere, sender Amalfi Jets en av sine representanter til flyplassen for \u00e5 hilse p\u00e5 hver enkelt kunde f\u00f8r avgang og s\u00f8rge for at alle detaljer er ivaretatt slik at flyreisen blir s\u00e5 behagelig som mulig.  Selskapet tilbyr tjenester som ...<\/p>","protected":false},"author":2,"featured_media":3063,"parent":0,"menu_order":0,"comment_status":"closed","ping_status":"closed","template":"","meta":{"_acf_changed":false,"_genesis_hide_title":false,"_genesis_hide_breadcrumbs":false,"_genesis_hide_singular_image":false,"_genesis_hide_footer_widgets":false,"_genesis_custom_body_class":"","_genesis_custom_post_class":"","_genesis_layout":"","footnotes":""},"class_list":{"1":"page","2":"type-page","6":"entry"},"acf":[],"_links":{"self":[{"href":"https:\/\/comparemyjet.com\/nb\/wp-json\/wp\/v2\/pages\/3061","targetHints":{"allow":["GET"]}}],"collection":[{"href":"https:\/\/comparemyjet.com\/nb\/wp-json\/wp\/v2\/pages"}],"about":[{"href":"https:\/\/comparemyjet.com\/nb\/wp-json\/wp\/v2\/types\/page"}],"author":[{"embeddable":true,"href":"https:\/\/comparemyjet.com\/nb\/wp-json\/wp\/v2\/users\/2"}],"replies":[{"embeddable":true,"href":"https:\/\/comparemyjet.com\/nb\/wp-json\/wp\/v2\/comments?post=3061"}],"version-history":[{"count":3,"href":"https:\/\/comparemyjet.com\/nb\/wp-json\/wp\/v2\/pages\/3061\/revisions"}],"predecessor-version":[{"id":3437,"href":"https:\/\/comparemyjet.com\/nb\/wp-json\/wp\/v2\/pages\/3061\/revisions\/3437"}],"wp:featuredmedia":[{"embeddable":true,"href":"https:\/\/comparemyjet.com\/nb\/wp-json\/wp\/v2\/media\/3063"}],"wp:attachment":[{"href":"https:\/\/comparemyjet.com\/nb\/wp-json\/wp\/v2\/media?parent=3061"}],"curies":[{"name":"wp","href":"https:\/\/api.w.org\/{rel}","templated":true}]}}