{"id":3070,"date":"2022-07-11T23:51:45","date_gmt":"2022-07-11T23:51:45","guid":{"rendered":"https:\/\/comparemyjet.com\/?page_id=3070"},"modified":"2025-09-04T09:58:16","modified_gmt":"2025-09-04T09:58:16","slug":"concord-private-jet","status":"publish","type":"page","link":"https:\/\/comparemyjet.com\/nb\/concord-private-jet\/","title":{"rendered":"Priser p\u00e5 private jetflyvninger i Concord"},"content":{"rendered":"<p>Concord Private Jet ble grunnlagt p\u00e5 prinsippet om \u00e5 tilby de beste flyene til lavest mulig pris. Selskapet opererer som chartermegler og leaser ut private charterfly til sine kunder.<\/p>\r\n\r\n\r\n\r\n<p>Eieren, Neal Impellizzeri, overv\u00e5ker alle Fleet Access Cards og s\u00f8rger for at alt fra planlegging til catering og transport er perfekt for deg. Impellizzeri vet hvor viktig det er \u00e5 holde tidsplanen, og han og teamet hans er tilgjengelige 24 timer i d\u00f8gnet, 7 dager i uken, for \u00e5 sikre at alle tidsplaner f\u00f8lges til punkt og prikke. La oss se n\u00e6rmere p\u00e5 hva Concord Private ellers har \u00e5 tilby.<\/p>\r\n\r\n\r\n\r\n<div id=\"ez-toc-container\" class=\"ez-toc-v2_0_76 counter-hierarchy ez-toc-counter ez-toc-grey ez-toc-container-direction\">\n<p class=\"ez-toc-title\" style=\"cursor:inherit\">Temaer<\/p>\n<label for=\"ez-toc-cssicon-toggle-item-69f1971a7ee8c\" class=\"ez-toc-cssicon-toggle-label\"><span class=\"\"><span class=\"eztoc-hide\" style=\"display:none;\">Toggle<\/span><span class=\"ez-toc-icon-toggle-span\"><svg style=\"fill: #999;color:#999\" xmlns=\"http:\/\/www.w3.org\/2000\/svg\" class=\"list-377408\" width=\"20px\" height=\"20px\" viewbox=\"0 0 24 24\" fill=\"none\"><path d=\"M6 6H4v2h2V6zm14 0H8v2h12V6zM4 11h2v2H4v-2zm16 0H8v2h12v-2zM4 16h2v2H4v-2zm16 0H8v2h12v-2z\" fill=\"currentColor\"><\/path><\/svg><svg style=\"fill: #999;color:#999\" class=\"arrow-unsorted-368013\" xmlns=\"http:\/\/www.w3.org\/2000\/svg\" width=\"10px\" height=\"10px\" viewbox=\"0 0 24 24\" version=\"1.2\" baseprofile=\"tiny\"><path d=\"M18.2 9.3l-6.2-6.3-6.2 6.3c-.2.2-.3.4-.3.7s.1.5.3.7c.2.2.4.3.7.3h11c.3 0 .5-.1.7-.3.2-.2.3-.5.3-.7s-.1-.5-.3-.7zM5.8 14.7l6.2 6.3 6.2-6.3c.2-.2.3-.5.3-.7s-.1-.5-.3-.7c-.2-.2-.4-.3-.7-.3h-11c-.3 0-.5.1-.7.3-.2.2-.3.5-.3.7s.1.5.3.7z\"\/><\/svg><\/span><\/span><\/label><input type=\"checkbox\"  id=\"ez-toc-cssicon-toggle-item-69f1971a7ee8c\" checked aria-label=\"Toggle\" \/><nav><ul class='ez-toc-list ez-toc-list-level-1' ><li class='ez-toc-page-1 ez-toc-heading-level-2'><a class=\"ez-toc-link ez-toc-heading-1\" href=\"https:\/\/comparemyjet.com\/nb\/concord-private-jet\/#Company_History\" >Selskapets historie<\/a><\/li><li class='ez-toc-page-1 ez-toc-heading-level-2'><a class=\"ez-toc-link ez-toc-heading-2\" href=\"https:\/\/comparemyjet.com\/nb\/concord-private-jet\/#Company_Jet_Card_Program\" >Selskapets Jet Card-program<\/a><\/li><li class='ez-toc-page-1 ez-toc-heading-level-2'><a class=\"ez-toc-link ez-toc-heading-3\" href=\"https:\/\/comparemyjet.com\/nb\/concord-private-jet\/#The_Fleet\" >Fl\u00e5ten&nbsp;<\/a><ul class='ez-toc-list-level-3' ><li class='ez-toc-heading-level-3'><a class=\"ez-toc-link ez-toc-heading-4\" href=\"https:\/\/comparemyjet.com\/nb\/concord-private-jet\/#1_Light_Private_Jets\" >1. Lette private jetfly<\/a><ul class='ez-toc-list-level-4' ><li class='ez-toc-heading-level-4'><a class=\"ez-toc-link ez-toc-heading-5\" href=\"https:\/\/comparemyjet.com\/nb\/concord-private-jet\/#Our_Recommendation_Premier_I\" >V\u00e5r anbefaling: Premier I<\/a><\/li><\/ul><\/li><li class='ez-toc-page-1 ez-toc-heading-level-3'><a class=\"ez-toc-link ez-toc-heading-6\" href=\"https:\/\/comparemyjet.com\/nb\/concord-private-jet\/#2_Midsize_Private_Jets\" >2. Mellomstore privatfly<\/a><ul class='ez-toc-list-level-4' ><li class='ez-toc-heading-level-4'><a class=\"ez-toc-link ez-toc-heading-7\" href=\"https:\/\/comparemyjet.com\/nb\/concord-private-jet\/#Our_Recommendation_Astra_SPX\" >V\u00e5r anbefaling: Astra SPX<\/a><\/li><\/ul><\/li><li class='ez-toc-page-1 ez-toc-heading-level-3'><a class=\"ez-toc-link ez-toc-heading-8\" href=\"https:\/\/comparemyjet.com\/nb\/concord-private-jet\/#3_Super-Midsize_Private_Jets\" >3. Super-mellomstore privatfly&nbsp;<\/a><ul class='ez-toc-list-level-4' ><li class='ez-toc-heading-level-4'><a class=\"ez-toc-link ez-toc-heading-9\" href=\"https:\/\/comparemyjet.com\/nb\/concord-private-jet\/#Our_Recommendation_The_Citation_Sovereign\" >V\u00e5r anbefaling: Citation Sovereign<\/a><\/li><\/ul><\/li><li class='ez-toc-page-1 ez-toc-heading-level-3'><a class=\"ez-toc-link ez-toc-heading-10\" href=\"https:\/\/comparemyjet.com\/nb\/concord-private-jet\/#4_Large_Private_Jets\" >4. Store privatfly<\/a><ul class='ez-toc-list-level-4' ><li class='ez-toc-heading-level-4'><a class=\"ez-toc-link ez-toc-heading-11\" href=\"https:\/\/comparemyjet.com\/nb\/concord-private-jet\/#Our_Recommendation_The_Falcon_900EX\" >V\u00e5r anbefaling: Falcon 900EX<\/a><\/li><\/ul><\/li><\/ul><\/li><li class='ez-toc-page-1 ez-toc-heading-level-2'><a class=\"ez-toc-link ez-toc-heading-12\" href=\"https:\/\/comparemyjet.com\/nb\/concord-private-jet\/#Company_Safety_Policy_and_Standards\" >Selskapets sikkerhetspolicy og -standarder<\/a><\/li><li class='ez-toc-page-1 ez-toc-heading-level-2'><a class=\"ez-toc-link ez-toc-heading-13\" href=\"https:\/\/comparemyjet.com\/nb\/concord-private-jet\/#Conclusion\" >Konklusjon<\/a><\/li><\/ul><\/nav><\/div>\n<h2 class=\"wp-block-heading\"><span class=\"ez-toc-section\" id=\"Company_History\"><\/span>Selskapets historie<span class=\"ez-toc-section-end\"><\/span><\/h2>\r\n\r\n\r\n\r\n<p>Concord Private Jet ble grunnlagt i 2008 som et familieforetak av Neal Impellizzeri, hans kone Michelle Impellizzeri og s\u00f8nnen AJ i New York, <a href=\"https:\/\/comparemyjet.com\/nb\/private-tours\/new-york-city-private-tours\/\" data-internallinksmanager029f6b8e52c=\"427\" title=\"11 beste private turer i New York City fra $48.00\">New York<\/a>.&nbsp;<\/p>\r\n\r\n\r\n\r\n<p>Concord er et lite, familiedrevet selskap som ikke har den robuste organisasjonen som f\u00f8lger med st\u00f8rre selskaper. Og grunnen til at de kan tilby rimelige og lave priser er nettopp fordi de ikke bruker titusenvis av kroner p\u00e5 markedsf\u00f8ring og salg.<\/p>\r\n\r\n\r\n\r\n<p>Concord Private Jet driver charterflyging for tredjeparter. Det er ingen start- eller medlemsavgift, og innstegsprogrammet inkluderer 25 timer p\u00e5 et lett jetfly eller turbopropfly. Timeprisen er fast og garantert, og kortinnehaverne kan bruke flere fly samtidig.&nbsp;<\/p>\r\n\r\n\r\n\r\n<p>Impellizzeri har laget en unik ordning som gj\u00f8r at du kan fly fra punkt A til punkt B for %0 til 40% mindre enn hva andre private charterselskaper tar. De leaser kun Platinum Argus-sertifiserte fly for \u00e5 oppfylle de h\u00f8yeste kriteriene. For \u00e5 sette dette i perspektiv finnes det bare 31 Platinum Argus-sertifiserte flyselskaper av ca. 3500 kommersielle operat\u00f8rer p\u00e5 landsbasis.<\/p>\r\n\r\n\r\n\r\n<h2 class=\"wp-block-heading\"><span class=\"ez-toc-section\" id=\"Company_Jet_Card_Program\"><\/span>Selskapets Jet Card-program<span class=\"ez-toc-section-end\"><\/span><\/h2>\r\n\r\n\r\n\r\n<figure class=\"wp-block-image size-full is-style-default\"><img loading=\"lazy\" decoding=\"async\" width=\"1000\" height=\"667\" src=\"https:\/\/comparemyjet.com\/wp-content\/uploads\/2022\/07\/private.jet_.pilots.in_.cockpit.jpg\" alt=\"Concord,Private,Jet,piloter,i,cockpit,klar,til,flyging\" class=\"wp-image-3072\" srcset=\"https:\/\/comparemyjet.com\/wp-content\/uploads\/2022\/07\/private.jet_.pilots.in_.cockpit-18x12.jpg 18w, https:\/\/comparemyjet.com\/wp-content\/uploads\/2022\/07\/private.jet_.pilots.in_.cockpit-300x200.jpg 300w, https:\/\/comparemyjet.com\/wp-content\/uploads\/2022\/07\/private.jet_.pilots.in_.cockpit-768x512.jpg 768w, https:\/\/comparemyjet.com\/wp-content\/uploads\/2022\/07\/private.jet_.pilots.in_.cockpit.jpg 1000w\" sizes=\"auto, (max-width: 1000px) 100vw, 1000px\" \/><\/figure>\r\n\r\n\r\n\r\n<p>Med Concord Private 25-timers Jet Card kan du velge den jetmodellen og kategorien som passer best til dine spesifikke reisebehov. Concord tilbyr det h\u00f8yeste sikkerhetsniv\u00e5et til den rimeligste timebetalingen, som er garantert i 24 m\u00e5neder. Hvert kort kan deles opp i opptil fire betalinger i l\u00f8pet av fire m\u00e5neder.<\/p>\r\n\r\n\r\n\r\n<p>Hvis du bestemmer deg for \u00e5 bli kortinnehaver i Concord Private Jets medlemsprogram, f\u00e5r du fordeler som ingen overnattingsgebyr, ingen landings-, omplasserings- eller drivstofftillegg og ingen administrasjonsgebyr. Det er gratis \u00e5 oppgradere (eller nedgradere) jetklassen din, og du f\u00e5r garantert tilgjengelighet 365 dager i \u00e5ret.<\/p>\r\n\r\n\r\n\r\n<p>Medlemmer f\u00e5r ogs\u00e5 tilgang til en personlig reiseconcierge som er kvalifisert til \u00e5 svare p\u00e5 henvendelser og gi informasjon d\u00f8gnet rundt.<\/p>\r\n\r\n\r\n\r\n<p>25 Hour Jet Card-programmet er timeprisbasert, med alle avgifter inkludert. Hvis du for eksempel flyr med et mellomstort jetfly, betaler du $5 750 per time, mens det koster $4 750 per time \u00e5 fly med et jetfly i den lette kategorien.<\/p>\r\n\r\n\r\n\r\n<p>Selskapet krever ikke drivstoffavgift for Jet Card-eierne, og tilbyr kundene menyvalg p\u00e5 hver reise. Som kunde blir du bare belastet for de timene du faktisk flyr.<\/p>\r\n\r\n\r\n\r\n<h2 class=\"wp-block-heading\"><span class=\"ez-toc-section\" id=\"The_Fleet\"><\/span>Fl\u00e5ten&nbsp;<span class=\"ez-toc-section-end\"><\/span><\/h2>\r\n\r\n\r\n\r\n<p>Concord har et privatfly for alle, enten du er p\u00e5 jakt etter et lite eller stort jetfly. Som chartermegler har de tilgang til mange flyselskaper, noe som er gode nyheter for deg - du f\u00e5r garantert den jetmodellen du \u00f8nsker med sv\u00e6rt kort varsel.<\/p>\r\n\r\n\r\n\r\n<p>La oss ta en titt p\u00e5 jetflykategoriene og modellene som Concord Private Jet har \u00e5 tilby.<\/p>\r\n\r\n\r\n\r\n<h3 class=\"wp-block-heading\"><span class=\"ez-toc-section\" id=\"1_Light_Private_Jets\"><\/span>1. Lette private jetfly<span class=\"ez-toc-section-end\"><\/span><\/h3>\r\n\r\n\r\n\r\n<p>Lette jetfly er et popul\u00e6rt valg takket v\u00e6re lave priser og h\u00f8y effektivitet. De gir tilgang til destinasjoner som er vanskelige \u00e5 n\u00e5, og der bare sm\u00e5 jetfly kan lande p\u00e5 grunn av de korte rullebanene. Rekkevidden til et sm\u00e5fly er mindre enn fire timer, noe som gj\u00f8r dem perfekte for korte innenlandsreiser. Disse flyene er ganske raske og tar deg til destinasjonen p\u00e5 kort tid.<\/p>\r\n\r\n\r\n\r\n<h4 class=\"wp-block-heading\"><span class=\"ez-toc-section\" id=\"Our_Recommendation_Premier_I\"><\/span>V\u00e5r anbefaling: Premier I<span class=\"ez-toc-section-end\"><\/span><\/h4>\r\n\r\n\r\n\r\n<p>Beechcraft Premier I tilh\u00f8rer kategorien lette jetfly, og produseres av <a href=\"https:\/\/comparemyjet.com\/nb\/hawker-beechcraft\/\" data-internallinksmanager029f6b8e52c=\"153\" title=\"Den ultimate guiden til Hawker Beechcraft privatfly og -jetfly\">Hawker Beechcraft<\/a>. Flyet ble opprettet i 1996, for \u00e5 konkurrere med <a href=\"https:\/\/comparemyjet.com\/nb\/cessna\/\" data-internallinksmanager029f6b8e52c=\"145\" title=\"Den ultimate guiden til Cessna privatfly og -jetfly\">Cessna<\/a> Sitatfamilie.<\/p>\r\n\r\n\r\n\r\n<p>Spesifikasjoner:<\/p>\r\n\r\n\r\n\r\n<ul class=\"wp-block-list\"><li>Kup\u00e9volumet er 285 kubikkfot;<\/li><li>Innvendig bagasjeplass p\u00e5 23 kubikkfot;<\/li><li>Utvendig bagasjeplass p\u00e5 55 kubikkfot;<\/li><li>En maksimal marsjfart p\u00e5 461 knop;<\/li><li>En normal marsjfart p\u00e5 426 knop;<\/li><li>Kan betjenes av \u00e9n eller to piloter;<\/li><li>Har plass til seks passasjerer;<\/li><li>En normal flyrekkevidde p\u00e5 850 nm;<\/li><li>En maksimal rekkevidde p\u00e5 1430 nm.<\/li><\/ul>\r\n\r\n\r\n\r\n<p>Concord Private Jet tilbyr en rekke modeller av lette jetfly, som for eksempel <em>Citation Jet \/CJ1\/CJ2\/CJ3, Nextant 400XT, Citation II\/V\/Bravo\/Encore\/Ultra, Beechjet 400\/400A, <a href=\"https:\/\/comparemyjet.com\/nb\/learjet\/\" data-internallinksmanager029f6b8e52c=\"149\" title=\"Den ultimate guiden til Learjet privatfly og -jetfly\">Learjet<\/a> 40, Hawker 400XP, <\/em>og v\u00e5r anbefalte <em>Premier<\/em>.<\/p>\r\n\r\n\r\n\r\n<h3 class=\"wp-block-heading\"><span class=\"ez-toc-section\" id=\"2_Midsize_Private_Jets\"><\/span>2. Mellomstore privatfly<span class=\"ez-toc-section-end\"><\/span><\/h3>\r\n\r\n\r\n\r\n<p>Rekkevidden til et mellomstort jetfly varierer, men overstiger ikke seks timer. Disse flyene er mer romslige enn lette fly og gir mer komfort. De kan ta deg med p\u00e5 korte og lengre turer, noe som gj\u00f8r dem ganske allsidige og alltid et godt valg n\u00e5r du er i tvil om hvilken jetklasse du skal leie. De har som regel eget bad, kj\u00f8kkenkrok og mer bagasjeplass.<\/p>\r\n\r\n\r\n\r\n<h4 class=\"wp-block-heading\"><span class=\"ez-toc-section\" id=\"Our_Recommendation_Astra_SPX\"><\/span>V\u00e5r anbefaling: Astra SPX<span class=\"ez-toc-section-end\"><\/span><\/h4>\r\n\r\n\r\n\r\n<p>Israel Aircraft Industries utviklet Astra SPX p\u00e5 90-tallet. P\u00e5 begynnelsen av 2000-tallet, <a href=\"https:\/\/comparemyjet.com\/nb\/gulfstream\/\" data-internallinksmanager029f6b8e52c=\"175\" title=\"Den ultimate guiden til Gulfstream private jetfly og fly\">Gulfstream<\/a> kj\u00f8pte designet og kalte det G-100.&nbsp;<\/p>\r\n\r\n\r\n\r\n<p>Astra SPX har plass til syv reisende. Kabinen har en trepersoners divan som gj\u00f8r det mulig \u00e5 strekke seg ut og hvile, og et toalettstol med belte.&nbsp;<\/p>\r\n\r\n\r\n\r\n<p>Spesifikasjoner og fasiliteter:<\/p>\r\n\r\n\r\n\r\n<ul class=\"wp-block-list\"><li>Har plass til syv passasjerer;<\/li><li>Maksimal rekkevidde er 2790 nm;<\/li><li>En maksimal hastighet p\u00e5 470 knop;<\/li><li>Et lukket toalett i full st\u00f8rrelse;&nbsp;<\/li><li>En stor bysse foran;<\/li><li>GoGo 5G h\u00f8yhastighetsinternett;&nbsp;<\/li><li>LCD-lys og satellittelefon;&nbsp;<\/li><li>Et underholdningssystem om bord;<\/li><li>Kabinh\u00f8yden er 1,80 meter;<\/li><li>Kabinelengden er 17' 1\";<\/li><li>Innvendig bagasjeplass er 9 kubikkfot;<\/li><li>Utvendig bagasjeplass er 42 kubikkfot;<\/li><li>Kan betjenes av to piloter.<\/li><\/ul>\r\n\r\n\r\n\r\n<p>Concord Private Jet tilbyr en rekke jetflymodeller i denne mellomstore privatflyklassen, som for eksempel <em>Falcon 20\/200, Citation III\/VI\/VII, G150, Citation Excel\/XLS, Hawker 800\/800XP\/900, Learjet 45\/55\/60, <\/em>og v\u00e5r anbefalte <em>Astra SPX<\/em>.<\/p>\r\n\r\n\r\n\r\n<h3 class=\"wp-block-heading\"><span class=\"ez-toc-section\" id=\"3_Super-Midsize_Private_Jets\"><\/span>3. Super-mellomstore privatfly&nbsp;<span class=\"ez-toc-section-end\"><\/span><\/h3>\r\n\r\n\r\n\r\n<p>Med brede kabiner der du kan st\u00e5 komfortabelt oppreist og kapasitet til \u00e5 fly mellom kontinenter, vil du oppdage hvorfor det \u00e5 fly med privatfly er den beste m\u00e5ten \u00e5 reise p\u00e5. Super-midsize jetfly har st\u00f8rre utholdenhet enn mellomstore jetfly og kan fly mer enn 7 timer uten \u00e5 stoppe for \u00e5 fylle drivstoff.&nbsp;<\/p>\r\n\r\n\r\n\r\n<h4 class=\"wp-block-heading\"><span class=\"ez-toc-section\" id=\"Our_Recommendation_The_Citation_Sovereign\"><\/span>V\u00e5r anbefaling: Citation Sovereign<span class=\"ez-toc-section-end\"><\/span><\/h4>\r\n\r\n\r\n\r\n<p>Cessna Citation Sovereign kombinerer eksepsjonell ytelse med luksus. Det har stor utholdenhet p\u00e5 kortbane og en lang rekkevidde, noe som gj\u00f8r det til et allsidig alternativ.&nbsp;<\/p>\r\n\r\n\r\n\r\n<p>Den romslige kabinen i Citation Sovereign har et komplett drikkeomr\u00e5de og dobbeltklubbseter. Reis med stil i et av de mest luksuri\u00f8se mellomstore privatflyene i bransjen.<\/p>\r\n\r\n\r\n\r\n<p>Spesifikasjoner:<\/p>\r\n\r\n\r\n\r\n<ul class=\"wp-block-list\"><li>Har plass til ni passasjerer;<\/li><li>Kan fly 7:15 timer uten mellomlanding;<\/li><li>En maksimal rekkevidde p\u00e5 3010 nm;<\/li><li>Kabinh\u00f8yden er 1,80 meter;<\/li><li>Bredden p\u00e5 kabinen er 1,60 meter;<\/li><li>Kabinelengden er 25' 3\";<\/li><li>Et innvendig bagasjerom p\u00e5 35 kubikkfot;<\/li><li>En maksimal marsjfart p\u00e5 459 km\/t.<\/li><\/ul>\r\n\r\n\r\n\r\n<p>Concord Private Jet tilbyr en rekke super-mellomstore privatfly, som for eksempel <em>Citation X, Gulfstream G200\/G280, Falcon 50\/50EX, Challenger 300, <\/em>og v\u00e5r anbefalte <em>Citation Sovereign.<\/em><\/p>\r\n\r\n\r\n\r\n<h3 class=\"wp-block-heading\"><span class=\"ez-toc-section\" id=\"4_Large_Private_Jets\"><\/span>4. Store privatfly<span class=\"ez-toc-section-end\"><\/span><\/h3>\r\n\r\n\r\n\r\n<p>Hvis din neste reise inneb\u00e6rer en langdistanse- eller interkontinentaltur, er et jetfly fra denne flyklassen det riktige valget. Du f\u00e5r en <a href=\"https:\/\/comparemyjet.com\/nb\/fastest-private-jets\/\" data-internallinksmanager029f6b8e52c=\"183\" title=\"De 11 raskeste privatflyene i verden [med bilder].\">hurtigfly<\/a> som i de fleste tilfeller ikke trenger \u00e5 stoppe for \u00e5 fylle drivstoff. Med et tungt jetfly f\u00e5r du den ultimate privatflyopplevelsen og et nytt niv\u00e5 av luksus.<\/p>\r\n\r\n\r\n\r\n<h4 class=\"wp-block-heading\"><span class=\"ez-toc-section\" id=\"Our_Recommendation_The_Falcon_900EX\"><\/span>V\u00e5r anbefaling: Falcon 900EX<span class=\"ez-toc-section-end\"><\/span><\/h4>\r\n\r\n\r\n\r\n<p>Med en rekkevidde p\u00e5 5000 miles, en usedvanlig behagelig kabin og en revolusjonerende design med tre motorer er Falcon 900EX perfekt for transoceaniske flyvninger og tilbyr enorm fleksibilitet.&nbsp;<\/p>\r\n\r\n\r\n\r\n<p>Spesifikasjoner og fasiliteter:<\/p>\r\n\r\n\r\n\r\n<ul class=\"wp-block-list\"><li>Opereres av to piloter;<\/li><li>Har plass til tolv passasjerer;<\/li><li>En maksimal marsjfart p\u00e5 870 km\/t (470 kt);<\/li><li>En maksimal rekkevidde p\u00e5 5 180 miles;<\/li><li>Kabinh\u00f8yden er 6 fot 2 tommer;<\/li><li>Kabinen har en innvendig lengde p\u00e5 33 fot og 2 tommer;<\/li><li>Bagasjerommet har et volum p\u00e5 127 kubikkfot;<\/li><li>En bysse;<\/li><li>Satellittelefon, faks og underholdningssystem;<\/li><li>To toaletter og et sminkerom.<\/li><\/ul>\r\n\r\n\r\n\r\n<p>Concord Private Jet tilbyr en rekke tunge privatfly, som for eksempel<em> Falcon 2000-serien, Challenger 600\/601\/604, Global Express, Gulfstream-serien, <\/em>og v\u00e5r anbefalte <em>Falcon 900EX.<\/em><\/p>\r\n\r\n\r\n\r\n<h2 class=\"wp-block-heading\"><span class=\"ez-toc-section\" id=\"Company_Safety_Policy_and_Standards\"><\/span>Selskapets sikkerhetspolicy og -standarder<span class=\"ez-toc-section-end\"><\/span><\/h2>\r\n\r\n\r\n\r\n<figure class=\"wp-block-image size-full is-style-default\"><img loading=\"lazy\" decoding=\"async\" width=\"1000\" height=\"707\" src=\"https:\/\/comparemyjet.com\/wp-content\/uploads\/2022\/07\/safejourney.jpg\" alt=\"\" class=\"wp-image-3073\" srcset=\"https:\/\/comparemyjet.com\/wp-content\/uploads\/2022\/07\/safejourney-18x12.jpg 18w, https:\/\/comparemyjet.com\/wp-content\/uploads\/2022\/07\/safejourney-300x212.jpg 300w, https:\/\/comparemyjet.com\/wp-content\/uploads\/2022\/07\/safejourney-768x543.jpg 768w, https:\/\/comparemyjet.com\/wp-content\/uploads\/2022\/07\/safejourney.jpg 1000w\" sizes=\"auto, (max-width: 1000px) 100vw, 1000px\" \/><\/figure>\r\n\r\n\r\n\r\n<p>Concord Private Jet setter kundenes sikkerhet i h\u00f8ysetet og bruker kun Platinum <a href=\"https:\/\/www.argus.aero\/\" target=\"_blank\" rel=\"noopener\">Argus<\/a> Sikkerhetssertifiserte operat\u00f8rer. Platinaklasse krever at man best\u00e5r en streng evaluering p\u00e5 stedet utf\u00f8rt av kvalifiserte inspekt\u00f8rer, s\u00e5 det er mye tryggere \u00e5 fly med sertifiserte operat\u00f8rer enn \u00e5 fly med et kommersielt fly.<\/p>\r\n\r\n\r\n\r\n<p>Hvis et fly ikke oppfyller sikkerhetskriteriene, tildeler selskapet deg umiddelbart et nytt fly for reisen.<\/p>\r\n\r\n\r\n\r\n<h2 class=\"wp-block-heading\"><span class=\"ez-toc-section\" id=\"Conclusion\"><\/span>Konklusjon<span class=\"ez-toc-section-end\"><\/span><\/h2>\r\n\r\n\r\n\r\n<p>Den personlige servicen skiller Concord Private Jet fra konkurrentene. Selskapet arbeider for \u00e5 sikre at alle sp\u00f8rsm\u00e5l, bekymringer og behov blir ivaretatt. Eieren f\u00f8lger personlig opp hver tur og s\u00f8rger for at den f\u00f8lger tidsplanen, at catering er p\u00e5 plass og at bakketransport er tilgjengelig p\u00e5 destinasjonen. Mens andre selskaper tar betalt for denne typen tjenester, er Concord stolte av sitt all-inclusive Jet Card.&nbsp;<\/p>\r\n\r\n\r\n\r\n<p>Du kan bli kunde hos dem og pr\u00f8ve tjenestene deres med liten eller ingen forpliktelse.&nbsp;<\/p>","protected":false},"excerpt":{"rendered":"<p>Concord Private Jet ble grunnlagt p\u00e5 prinsippet om \u00e5 tilby de beste flyene til lavest mulig pris. Selskapet opererer som chartermegler og leaser ut private charterfly til sine kunder. Eieren, Neal Impellizzeri, overv\u00e5ker hvert enkelt Fleet Access Card og s\u00f8rger for at alt fra planlegging til catering og transfer er perfekt ...<\/p>","protected":false},"author":2,"featured_media":3071,"parent":0,"menu_order":0,"comment_status":"closed","ping_status":"closed","template":"","meta":{"_acf_changed":false,"_genesis_hide_title":false,"_genesis_hide_breadcrumbs":false,"_genesis_hide_singular_image":false,"_genesis_hide_footer_widgets":false,"_genesis_custom_body_class":"","_genesis_custom_post_class":"","_genesis_layout":"","footnotes":""},"class_list":{"1":"page","2":"type-page","6":"entry"},"acf":[],"_links":{"self":[{"href":"https:\/\/comparemyjet.com\/nb\/wp-json\/wp\/v2\/pages\/3070","targetHints":{"allow":["GET"]}}],"collection":[{"href":"https:\/\/comparemyjet.com\/nb\/wp-json\/wp\/v2\/pages"}],"about":[{"href":"https:\/\/comparemyjet.com\/nb\/wp-json\/wp\/v2\/types\/page"}],"author":[{"embeddable":true,"href":"https:\/\/comparemyjet.com\/nb\/wp-json\/wp\/v2\/users\/2"}],"replies":[{"embeddable":true,"href":"https:\/\/comparemyjet.com\/nb\/wp-json\/wp\/v2\/comments?post=3070"}],"version-history":[{"count":2,"href":"https:\/\/comparemyjet.com\/nb\/wp-json\/wp\/v2\/pages\/3070\/revisions"}],"predecessor-version":[{"id":3438,"href":"https:\/\/comparemyjet.com\/nb\/wp-json\/wp\/v2\/pages\/3070\/revisions\/3438"}],"wp:featuredmedia":[{"embeddable":true,"href":"https:\/\/comparemyjet.com\/nb\/wp-json\/wp\/v2\/media\/3071"}],"wp:attachment":[{"href":"https:\/\/comparemyjet.com\/nb\/wp-json\/wp\/v2\/media?parent=3070"}],"curies":[{"name":"wp","href":"https:\/\/api.w.org\/{rel}","templated":true}]}}