{"id":3108,"date":"2022-08-13T21:19:31","date_gmt":"2022-08-13T21:19:31","guid":{"rendered":"https:\/\/comparemyjet.com\/?page_id=3108"},"modified":"2025-09-04T09:58:17","modified_gmt":"2025-09-04T09:58:17","slug":"dumont-aviation-group","status":"publish","type":"page","link":"https:\/\/comparemyjet.com\/nb\/dumont-aviation-group\/","title":{"rendered":"Dumont Aviation Group Flypriser"},"content":{"rendered":"<p>Dumont Aviation Group er en etablert leder innen forretningsfly og jetfly. De har lang erfaring med flykj\u00f8p, flyleasing, jetflyadministrasjon, flyvedlikehold og salg av flyutstyr. La oss utforske tjenestene deres og se hva Dumont Aviation Group st\u00e5r for.<\/p>\r\n\r\n\r\n\r\n<div id=\"ez-toc-container\" class=\"ez-toc-v2_0_76 counter-hierarchy ez-toc-counter ez-toc-grey ez-toc-container-direction\">\n<p class=\"ez-toc-title\" style=\"cursor:inherit\">Temaer<\/p>\n<label for=\"ez-toc-cssicon-toggle-item-69d761dcda40b\" class=\"ez-toc-cssicon-toggle-label\"><span class=\"\"><span class=\"eztoc-hide\" style=\"display:none;\">Toggle<\/span><span class=\"ez-toc-icon-toggle-span\"><svg style=\"fill: #999;color:#999\" xmlns=\"http:\/\/www.w3.org\/2000\/svg\" class=\"list-377408\" width=\"20px\" height=\"20px\" viewbox=\"0 0 24 24\" fill=\"none\"><path d=\"M6 6H4v2h2V6zm14 0H8v2h12V6zM4 11h2v2H4v-2zm16 0H8v2h12v-2zM4 16h2v2H4v-2zm16 0H8v2h12v-2z\" fill=\"currentColor\"><\/path><\/svg><svg style=\"fill: #999;color:#999\" class=\"arrow-unsorted-368013\" xmlns=\"http:\/\/www.w3.org\/2000\/svg\" width=\"10px\" height=\"10px\" viewbox=\"0 0 24 24\" version=\"1.2\" baseprofile=\"tiny\"><path d=\"M18.2 9.3l-6.2-6.3-6.2 6.3c-.2.2-.3.4-.3.7s.1.5.3.7c.2.2.4.3.7.3h11c.3 0 .5-.1.7-.3.2-.2.3-.5.3-.7s-.1-.5-.3-.7zM5.8 14.7l6.2 6.3 6.2-6.3c.2-.2.3-.5.3-.7s-.1-.5-.3-.7c-.2-.2-.4-.3-.7-.3h-11c-.3 0-.5.1-.7.3-.2.2-.3.5-.3.7s.1.5.3.7z\"\/><\/svg><\/span><\/span><\/label><input type=\"checkbox\"  id=\"ez-toc-cssicon-toggle-item-69d761dcda40b\" checked aria-label=\"Toggle\" \/><nav><ul class='ez-toc-list ez-toc-list-level-1' ><li class='ez-toc-page-1 ez-toc-heading-level-2'><a class=\"ez-toc-link ez-toc-heading-1\" href=\"https:\/\/comparemyjet.com\/nb\/dumont-aviation-group\/#Company_History\" >Selskapets historie<\/a><\/li><li class='ez-toc-page-1 ez-toc-heading-level-2'><a class=\"ez-toc-link ez-toc-heading-2\" href=\"https:\/\/comparemyjet.com\/nb\/dumont-aviation-group\/#Dumont_Jet_Charter\" >Dumont Jet Charter<\/a><ul class='ez-toc-list-level-3' ><li class='ez-toc-heading-level-3'><a class=\"ez-toc-link ez-toc-heading-3\" href=\"https:\/\/comparemyjet.com\/nb\/dumont-aviation-group\/#The_Fractional_Ownership_Experience\" >Opplevelsen av fraksjonert eierskap<\/a><\/li><li class='ez-toc-page-1 ez-toc-heading-level-3'><a class=\"ez-toc-link ez-toc-heading-4\" href=\"https:\/\/comparemyjet.com\/nb\/dumont-aviation-group\/#Jet_Sales\" >Jet Sales<\/a><\/li><\/ul><\/li><li class='ez-toc-page-1 ez-toc-heading-level-2'><a class=\"ez-toc-link ez-toc-heading-5\" href=\"https:\/\/comparemyjet.com\/nb\/dumont-aviation-group\/#Maintenance\" >Vedlikehold&nbsp;<\/a><\/li><li class='ez-toc-page-1 ez-toc-heading-level-2'><a class=\"ez-toc-link ez-toc-heading-6\" href=\"https:\/\/comparemyjet.com\/nb\/dumont-aviation-group\/#Dumont_PARTS\" >Dumont PARTS<\/a><\/li><li class='ez-toc-page-1 ez-toc-heading-level-2'><a class=\"ez-toc-link ez-toc-heading-7\" href=\"https:\/\/comparemyjet.com\/nb\/dumont-aviation-group\/#Membership_Programs\" >Medlemskapsprogrammer<\/a><ul class='ez-toc-list-level-3' ><li class='ez-toc-heading-level-3'><a class=\"ez-toc-link ez-toc-heading-8\" href=\"https:\/\/comparemyjet.com\/nb\/dumont-aviation-group\/#Santos_Jet_Card_Program\" >Santos Jet Card-programmet<\/a><ul class='ez-toc-list-level-4' ><li class='ez-toc-heading-level-4'><a class=\"ez-toc-link ez-toc-heading-9\" href=\"https:\/\/comparemyjet.com\/nb\/dumont-aviation-group\/#1_Light_Jet_Category\" >1. Kategori lett jetfly<\/a><\/li><li class='ez-toc-page-1 ez-toc-heading-level-4'><a class=\"ez-toc-link ez-toc-heading-10\" href=\"https:\/\/comparemyjet.com\/nb\/dumont-aviation-group\/#2_Mid_Jet_Category\" >2. Mid Jet-kategori<\/a><\/li><li class='ez-toc-page-1 ez-toc-heading-level-4'><a class=\"ez-toc-link ez-toc-heading-11\" href=\"https:\/\/comparemyjet.com\/nb\/dumont-aviation-group\/#3_Super-mid_Jet_Category\" >3. Super-mid Jet-kategori<\/a><\/li><li class='ez-toc-page-1 ez-toc-heading-level-4'><a class=\"ez-toc-link ez-toc-heading-12\" href=\"https:\/\/comparemyjet.com\/nb\/dumont-aviation-group\/#4_Heavy_Jet_Category\" >4. Kategori for tunge jetfly<\/a><\/li><\/ul><\/li><\/ul><\/li><li class='ez-toc-page-1 ez-toc-heading-level-2'><a class=\"ez-toc-link ez-toc-heading-13\" href=\"https:\/\/comparemyjet.com\/nb\/dumont-aviation-group\/#The_Fleet\" >Fl\u00e5ten&nbsp;<\/a><ul class='ez-toc-list-level-3' ><li class='ez-toc-heading-level-3'><a class=\"ez-toc-link ez-toc-heading-14\" href=\"https:\/\/comparemyjet.com\/nb\/dumont-aviation-group\/#1_Super-Midsize_Private_Jets\" >1. Super-mellomstore privatfly&nbsp;<\/a><ul class='ez-toc-list-level-4' ><li class='ez-toc-heading-level-4'><a class=\"ez-toc-link ez-toc-heading-15\" href=\"https:\/\/comparemyjet.com\/nb\/dumont-aviation-group\/#Our_Recommendation_Falcon_50\" >V\u00e5r anbefaling: Falcon 50<\/a><\/li><\/ul><\/li><li class='ez-toc-page-1 ez-toc-heading-level-3'><a class=\"ez-toc-link ez-toc-heading-16\" href=\"https:\/\/comparemyjet.com\/nb\/dumont-aviation-group\/#2_Heavy_Private_Jets\" >2. Tunge private jetfly<\/a><ul class='ez-toc-list-level-4' ><li class='ez-toc-heading-level-4'><a class=\"ez-toc-link ez-toc-heading-17\" href=\"https:\/\/comparemyjet.com\/nb\/dumont-aviation-group\/#Our_Recommendation_The_Gulfstream_V\" >V\u00e5r anbefaling: Gulfstream V&nbsp;<\/a><\/li><\/ul><\/li><\/ul><\/li><li class='ez-toc-page-1 ez-toc-heading-level-2'><a class=\"ez-toc-link ez-toc-heading-18\" href=\"https:\/\/comparemyjet.com\/nb\/dumont-aviation-group\/#Company_Safety_Policy_and_Standards\" >Selskapets sikkerhetspolicy og -standarder<\/a><\/li><li class='ez-toc-page-1 ez-toc-heading-level-2'><a class=\"ez-toc-link ez-toc-heading-19\" href=\"https:\/\/comparemyjet.com\/nb\/dumont-aviation-group\/#Conclusion\" >Konklusjon<\/a><\/li><\/ul><\/nav><\/div>\n<h2 class=\"wp-block-heading\"><span class=\"ez-toc-section\" id=\"Company_History\"><\/span>Selskapets historie<span class=\"ez-toc-section-end\"><\/span><\/h2>\r\n\r\n\r\n\r\n<p>Dumont Group er et privateid flyselskap som ble etablert i 2013. Inspirasjonen til selskapets navn og logo er hentet fra Alberto Santos-Dumont, en brasiliansk flypioner (1873-1932) som fl\u00f8y det f\u00f8rste tyngre enn luft-flyet i Europa i oktober 1906.<\/p>\r\n\r\n\r\n\r\n<p>Dan Piraino, selskapets CEO, er ansvarlig for tre underavdelinger i selskapet, blant annet:<\/p>\r\n\r\n\r\n\r\n<ul class=\"wp-block-list\"><li>Dumont JETS (med fokus p\u00e5 charter, salg av fly, og <a href=\"https:\/\/comparemyjet.com\/nb\/what-are-some-aircraft-management-companies\/\" data-internallinksmanager029f6b8e52c=\"21\" title=\"Flyadministrasjonstjenester og -selskaper\">flyadministrasjon<\/a>)<\/li><li>Dumont PARTS (fokusert p\u00e5 vedlikehold og salg av et stort lager av flydeler)<\/li><li>Dumont MRO (fokus p\u00e5 vedlikehold av fly, inkludert maling og innvendig oppussing)<\/li><\/ul>\r\n\r\n\r\n\r\n<p>Som du kan se, er hver seksjon dedikert til \u00e5 oppfylle kundenes unike behov. La oss se n\u00e6rmere p\u00e5 dem.<\/p>\r\n\r\n\r\n\r\n<h2 class=\"wp-block-heading\"><span class=\"ez-toc-section\" id=\"Dumont_Jet_Charter\"><\/span>Dumont Jet Charter<span class=\"ez-toc-section-end\"><\/span><\/h2>\r\n\r\n\r\n\r\n<figure class=\"wp-block-image size-full is-style-default\"><img loading=\"lazy\" decoding=\"async\" width=\"1000\" height=\"750\" src=\"https:\/\/comparemyjet.com\/wp-content\/uploads\/2022\/07\/privatejetmoderninterior.jpg\" alt=\"DumontAviationGroup\" class=\"wp-image-3110\" srcset=\"https:\/\/comparemyjet.com\/wp-content\/uploads\/2022\/07\/privatejetmoderninterior-16x12.jpg 16w, https:\/\/comparemyjet.com\/wp-content\/uploads\/2022\/07\/privatejetmoderninterior-300x225.jpg 300w, https:\/\/comparemyjet.com\/wp-content\/uploads\/2022\/07\/privatejetmoderninterior-400x300.jpg 400w, https:\/\/comparemyjet.com\/wp-content\/uploads\/2022\/07\/privatejetmoderninterior-768x576.jpg 768w, https:\/\/comparemyjet.com\/wp-content\/uploads\/2022\/07\/privatejetmoderninterior-800x600.jpg 800w, https:\/\/comparemyjet.com\/wp-content\/uploads\/2022\/07\/privatejetmoderninterior.jpg 1000w\" sizes=\"auto, (max-width: 1000px) 100vw, 1000px\" \/><\/figure>\r\n\r\n\r\n\r\n<p>Dumont JETS administreres av et team av eksperter som identifiserer det ideelle flyet for \u00e5 dekke dine reisebehov og samtidig gi deg full fleksibilitet p\u00e5 reisen. De tilbyr en komplett tjeneste med fokus p\u00e5 din sikkerhet og bekvemmelighet.&nbsp;<\/p>\r\n\r\n\r\n\r\n<h3 class=\"wp-block-heading\"><span class=\"ez-toc-section\" id=\"The_Fractional_Ownership_Experience\"><\/span>Opplevelsen av fraksjonert eierskap<span class=\"ez-toc-section-end\"><\/span><\/h3>\r\n\r\n\r\n\r\n<p>Selskapet tilbyr sine kunder full eierskapsopplevelse til en br\u00f8kdel av markedsprisene. De tilbyr administrasjonstjenester som full administrasjon, charteradministrasjon og Part 91-st\u00f8tte. Med deres omfattende luftfartsekspertise vil jetflyet ditt v\u00e6re i trygge hender.&nbsp;<\/p>\r\n\r\n\r\n\r\n<h3 class=\"wp-block-heading\"><span class=\"ez-toc-section\" id=\"Jet_Sales\"><\/span>Jet Sales<span class=\"ez-toc-section-end\"><\/span><\/h3>\r\n\r\n\r\n\r\n<p>Dumont JETS har et kompetent flyselskap og en lang erfaring som kvalifisert kj\u00f8per og selger av jetfly. Medarbeiderne veileder deg gjennom hele salgsprosessen. De fleste kundene er s\u00e5 forn\u00f8yde med servicen at de kommer tilbake for \u00e5 gj\u00f8re flere avtaler.<\/p>\r\n\r\n\r\n\r\n<h2 class=\"wp-block-heading\"><span class=\"ez-toc-section\" id=\"Maintenance\"><\/span>Vedlikehold&nbsp;<span class=\"ez-toc-section-end\"><\/span><\/h2>\r\n\r\n\r\n\r\n<p>Dumont MRO (Aviation Maintenance, Repair and Overhaul) er en FAA Part 145 Repair Station med avdelinger i Delaware, Illinois og Texas. Disse stasjonene tilbyr raskt vedlikehold, h\u00e5ndverk og skreddersydd service for flyene dine. De vedlikeholder jetfly fra produsenter som <a href=\"https:\/\/comparemyjet.com\/nb\/bombardier\/\" data-internallinksmanager029f6b8e52c=\"159\" title=\"Den ultimate guiden til Bombardiers private jetfly og fly\">Bombardier<\/a>, <a href=\"https:\/\/comparemyjet.com\/nb\/cessna\/\" data-internallinksmanager029f6b8e52c=\"145\" title=\"Den ultimate guiden til Cessna privatfly og -jetfly\">Cessna<\/a>Challenger, <a href=\"https:\/\/comparemyjet.com\/nb\/dassault\/\" data-internallinksmanager029f6b8e52c=\"174\" title=\"Den ultimate guiden til Dassault private jetfly og fly\">Dassault<\/a> Falcon, Dornier.<a href=\"https:\/\/comparemyjet.com\/nb\/embraer\/\" data-internallinksmanager029f6b8e52c=\"151\" title=\"Den ultimate guiden til Embraers private jetfly og fly\">Embraer<\/a>, <a href=\"https:\/\/comparemyjet.com\/nb\/gulfstream\/\" data-internallinksmanager029f6b8e52c=\"175\" title=\"Den ultimate guiden til Gulfstream private jetfly og fly\">Gulfstream<\/a>, Hawker\/Beechcraft, <a href=\"https:\/\/comparemyjet.com\/nb\/learjet\/\" data-internallinksmanager029f6b8e52c=\"149\" title=\"Den ultimate guiden til Learjet privatfly og -jetfly\">Learjet<\/a>og andre.<\/p>\r\n\r\n\r\n\r\n<h2 class=\"wp-block-heading\"><span class=\"ez-toc-section\" id=\"Dumont_PARTS\"><\/span>Dumont PARTS<span class=\"ez-toc-section-end\"><\/span><\/h2>\r\n\r\n\r\n\r\n<p>Dumont PARTS har et stort utvalg av nye og brukte deler til en lang rekke ledende fly. P\u00e5 grunn av det store varelageret sender de deler allerede samme dag som bestillingen legges inn.<\/p>\r\n\r\n\r\n\r\n<h2 class=\"wp-block-heading\"><span class=\"ez-toc-section\" id=\"Membership_Programs\"><\/span>Medlemskapsprogrammer<span class=\"ez-toc-section-end\"><\/span><\/h2>\r\n\r\n\r\n\r\n<figure class=\"wp-block-image size-full is-style-default\"><img loading=\"lazy\" decoding=\"async\" width=\"1000\" height=\"667\" src=\"https:\/\/comparemyjet.com\/wp-content\/uploads\/2022\/07\/workingonalaptotonaprivatejetviewfromwindow.jpg\" alt=\"\" class=\"wp-image-3111\" srcset=\"https:\/\/comparemyjet.com\/wp-content\/uploads\/2022\/07\/workingonalaptotonaprivatejetviewfromwindow-18x12.jpg 18w, https:\/\/comparemyjet.com\/wp-content\/uploads\/2022\/07\/workingonalaptotonaprivatejetviewfromwindow-300x200.jpg 300w, https:\/\/comparemyjet.com\/wp-content\/uploads\/2022\/07\/workingonalaptotonaprivatejetviewfromwindow-768x512.jpg 768w, https:\/\/comparemyjet.com\/wp-content\/uploads\/2022\/07\/workingonalaptotonaprivatejetviewfromwindow.jpg 1000w\" sizes=\"auto, (max-width: 1000px) 100vw, 1000px\" \/><\/figure>\r\n\r\n\r\n\r\n<p>Dumont JETS eier og driver en egen fl\u00e5te. De har et jetkortprogram uten medlems- og startavgifter, men det m\u00e5 betales et depositum, og prisen varierer avhengig av jetflyet.&nbsp;<\/p>\r\n\r\n\r\n\r\n<p>Det er en garanti for tilgjengelighet, med en fast timepris. Kortinnehavere kan bruke flere fly samtidig, unntatt p\u00e5 travle dager n\u00e5r tilbudet er begrenset.<\/p>\r\n\r\n\r\n\r\n<h3 class=\"wp-block-heading\"><span class=\"ez-toc-section\" id=\"Santos_Jet_Card_Program\"><\/span>Santos Jet Card-programmet<span class=\"ez-toc-section-end\"><\/span><\/h3>\r\n\r\n\r\n\r\n<p>Selskapet tilbyr <strong>Santos Jet Card,<\/strong> et forh\u00e5ndsbetalt kort som gir deg mulighet til \u00e5 bruke Dumont Groups fl\u00e5te samt fly fra tredjepartsoperat\u00f8rer.&nbsp;<\/p>\r\n\r\n\r\n\r\n<p>Medlemsniv\u00e5ene bestemmes av st\u00f8rrelsen p\u00e5 flyet du velger for dine reisebehov. Som Santos Jet Card-bruker har du mulighet til \u00e5 oppgradere eller nedgradere flyvningene dine i henhold til dine unike reiseplaner.<\/p>\r\n\r\n\r\n\r\n<p>Santos Jet Cards finnes i fire ulike kategorier og prisklasser, som f\u00f8lger:&nbsp;<\/p>\r\n\r\n\r\n\r\n<h4 class=\"wp-block-heading\"><span class=\"ez-toc-section\" id=\"1_Light_Jet_Category\"><\/span>1. Kategori lett jetfly<span class=\"ez-toc-section-end\"><\/span><\/h4>\r\n\r\n\r\n\r\n<p>Du kan leie et lett jetfly for opptil seks passasjerer (avhengig av flymodell og setekapasitet). De <strong>25 timer<\/strong> jetkortalternativet koster litt under $175 000, noe som betyr at du betaler nesten $7 000 per time. Hvis du kj\u00f8per <strong>50 timer<\/strong> jetkort betaler du litt mer enn $330 000, noe som bringer timeprisen ned til $6 800.&nbsp;<\/p>\r\n\r\n\r\n\r\n<h4 class=\"wp-block-heading\"><span class=\"ez-toc-section\" id=\"2_Mid_Jet_Category\"><\/span>2. Mid Jet-kategori<span class=\"ez-toc-section-end\"><\/span><\/h4>\r\n\r\n\r\n\r\n<p>Du kan leie et mellomstort jetfly for opptil sju passasjerer (avhengig av flymodell og setekapasitet). De <strong>25 timer<\/strong> jetkortalternativet koster litt mer enn $206 000, noe som betyr at du betaler $8 250 per time. Hvis du kj\u00f8per <strong>50 timer <\/strong>jetkort, betaler du n\u00f8yaktig $400 000, noe som bringer timeprisen ned til $8 000.&nbsp;<\/p>\r\n\r\n\r\n\r\n<h4 class=\"wp-block-heading\"><span class=\"ez-toc-section\" id=\"3_Super-mid_Jet_Category\"><\/span>3. Super-mid Jet-kategori<span class=\"ez-toc-section-end\"><\/span><\/h4>\r\n\r\n\r\n\r\n<p>Du kan leie et super-midsize jetfly for opptil \u00e5tte passasjerer (avhengig av flymodell og setekapasitet). Den <strong>25 timer<\/strong> jetkortalternativet koster litt mer enn $230 000, noe som betyr at du betaler nesten $9 250 per time. Hvis du kj\u00f8per <strong>50 timer<\/strong> jetkortalternativet betaler du n\u00f8yaktig $450 000, noe som bringer timeprisen ned til $9 000.&nbsp;<\/p>\r\n\r\n\r\n\r\n<h4 class=\"wp-block-heading\"><span class=\"ez-toc-section\" id=\"4_Heavy_Jet_Category\"><\/span>4. Kategori for tunge jetfly<span class=\"ez-toc-section-end\"><\/span><\/h4>\r\n\r\n\r\n\r\n<p>Og til slutt kan du chartre et tungt jetfly for elleve eller flere passasjerer (avhengig av flymodell og setekapasitet). De <strong>25 timer<\/strong> jetkortalternativet koster $300 000, noe som betyr at du betaler $12 000 per time. Hvis du kj\u00f8per <strong>50 timer<\/strong> jetkort betaler du litt mer enn $587,000, noe som bringer timeprisen ned til nesten $11,800.&nbsp;<\/p>\r\n\r\n\r\n\r\n<p>De oppgitte prisene ovenfor inkluderer ikke den f\u00f8derale avgiften eller drivstoffavgiften. Du kan kontakte DAG p\u00e5 f\u00f8lgende <a href=\"https:\/\/www.dumontaviation.com\/jet-card.html\" target=\"_blank\" rel=\"noopener\">lenke<\/a> for mer informasjon om drivstoffavgiften eller for \u00e5 s\u00f8ke om Santos Jet Card.<\/p>\r\n\r\n\r\n\r\n<h2 class=\"wp-block-heading\"><span class=\"ez-toc-section\" id=\"The_Fleet\"><\/span>Fl\u00e5ten&nbsp;<span class=\"ez-toc-section-end\"><\/span><\/h2>\r\n\r\n\r\n\r\n<figure class=\"wp-block-image size-full is-style-default\"><img loading=\"lazy\" decoding=\"async\" width=\"1000\" height=\"500\" src=\"https:\/\/comparemyjet.com\/wp-content\/uploads\/2022\/07\/privatejetflyingwithspeed.jpg\" alt=\"\" class=\"wp-image-3112\" srcset=\"https:\/\/comparemyjet.com\/wp-content\/uploads\/2022\/07\/privatejetflyingwithspeed-18x9.jpg 18w, https:\/\/comparemyjet.com\/wp-content\/uploads\/2022\/07\/privatejetflyingwithspeed-300x150.jpg 300w, https:\/\/comparemyjet.com\/wp-content\/uploads\/2022\/07\/privatejetflyingwithspeed-768x384.jpg 768w, https:\/\/comparemyjet.com\/wp-content\/uploads\/2022\/07\/privatejetflyingwithspeed.jpg 1000w\" sizes=\"auto, (max-width: 1000px) 100vw, 1000px\" \/><\/figure>\r\n\r\n\r\n\r\n<p>Alle tredjepartsflyvninger flys av FAR Part 135 direkteflyselskaper som er godkjent for \u00e5 betjene Dumont JETS-kunder og som oppfyller alle FAAs sikkerhetskrav. Ekspertene deres finner det flyet som passer best til dine reisebehov.&nbsp;<\/p>\r\n\r\n\r\n\r\n<p>La oss utforske flyfl\u00e5ten deres og se hva de har \u00e5 tilby.<\/p>\r\n\r\n\r\n\r\n<h3 class=\"wp-block-heading\"><span class=\"ez-toc-section\" id=\"1_Super-Midsize_Private_Jets\"><\/span>1. Super-mellomstore privatfly&nbsp;<span class=\"ez-toc-section-end\"><\/span><\/h3>\r\n\r\n\r\n\r\n<p>Super mid-size jetfly kombinerer effektiviteten og rekkevidden til et mellomstort jetfly med komforten til et tungt jetfly. Super mid-size jetfly har fullt utstyrte bysser, bad og sammenleggbare arbeidsbord.<\/p>\r\n\r\n\r\n\r\n<h4 class=\"wp-block-heading\"><span class=\"ez-toc-section\" id=\"Our_Recommendation_Falcon_50\"><\/span>V\u00e5r anbefaling: Falcon 50<span class=\"ez-toc-section-end\"><\/span><\/h4>\r\n\r\n\r\n\r\n<p>Dassault Aviation produserer Falcon 50, et medlem av klassen super-mellomstore fly.   Den f\u00f8rste Falcon 50 ble levert i 1980, og produksjonen ble avsluttet i 1996 med introduksjonen av Falcon 50EX.<\/p>\r\n\r\n\r\n\r\n<p>Spesifikasjoner og fasiliteter:<\/p>\r\n\r\n\r\n\r\n<ul class=\"wp-block-list\"><li>Passasjerer: 8;<\/li><li>Kabinh\u00f8yde: 5 fot 9 tommer;<\/li><li>Kabinbredde: 6 fot 1 tommer;<\/li><li>Kabinelengde: 22 fot 11 tommer;<\/li><li>Innvendig bagasjeplass: 25 cu ft;<\/li><li>Maksimal flyhastighet: 480 km\/t;<\/li><li>Maksimal rekkevidde: 3200 nm;<\/li><li>Et toalett;<\/li><li>En bysse;<\/li><li>Pusset opp i 2016;<\/li><li>Wi-Fi er tilgjengelig.<\/li><\/ul>\r\n\r\n\r\n\r\n<p>Dumont Aviation Group tilbyr en <em>Falcon 50<\/em> som en del av deres fl\u00e5te av super-mellomstore fly.<\/p>\r\n\r\n\r\n\r\n<h3 class=\"wp-block-heading\"><span class=\"ez-toc-section\" id=\"2_Heavy_Private_Jets\"><\/span>2. Tunge private jetfly<span class=\"ez-toc-section-end\"><\/span><\/h3>\r\n\r\n\r\n\r\n<p>Med en rekkevidde p\u00e5 nesten 500 mil uten drivstoffp\u00e5fylling leverer de tunge jetflyene service p\u00e5 h\u00f8yeste niv\u00e5. De kan komfortabelt transportere opptil femten passasjerer og er utstyrt med avanserte fasiliteter og underholdningssystemer. De har et dedikert flybesetning og er mer motstandsdyktige mot turbulens p\u00e5 grunn av sin st\u00f8rrelse.<\/p>\r\n\r\n\r\n\r\n<h4 class=\"wp-block-heading\"><span class=\"ez-toc-section\" id=\"Our_Recommendation_The_Gulfstream_V\"><\/span>V\u00e5r anbefaling: Gulfstream V&nbsp;<span class=\"ez-toc-section-end\"><\/span><\/h4>\r\n\r\n\r\n\r\n<p>Med en rekkevidde p\u00e5 nesten 6000 miles var GV det forretningsflyet med lengst rekkevidde som var tilgjengelig da det ble lansert i 1997. Det er fortsatt et popul\u00e6rt valg den dag i dag.<\/p>\r\n\r\n\r\n\r\n<p>Det vanligste seteoppsettet har plass til 14 passasjerer. Kabinen har blant annet en komplett kj\u00f8kkenkrok, toalett, stikkontakter, uttrekkbare skrivebord, satellitt-TV og underholdningssystemer.&nbsp;<\/p>\r\n\r\n\r\n\r\n<p>Spesifikasjoner:<\/p>\r\n\r\n\r\n\r\n<ul class=\"wp-block-list\"><li>Passasjerer: 14;<\/li><li>Kabinh\u00f8yde: 6 fot;<\/li><li>Kabinbredde: 7 fot 3 tommer;<\/li><li>Kabinelengde: 50 fot 10 tommer;<\/li><li>Innvendig bagasjeplass: 226 cu ft;<\/li><li>Maks hastighet: 508 km\/t;<\/li><li>Maks. rekkevidde: 6675 nm;<\/li><li>Et toalett;<\/li><li>En full bysse;<\/li><li>Wi-Fi er tilgjengelig;&nbsp;<\/li><li>Stekeovn og mikrob\u00f8lgeovn;<\/li><li>Ladeuttak.<\/li><\/ul>\r\n\r\n\r\n\r\n<p>Dumont Aviation Group tilbyr noen <em>Gulfstream <\/em>jetfly som en del av den tunge flyfl\u00e5ten deres, samt to <em>Falcon 2000.<\/em> Du kan se dem p\u00e5 deres <a href=\"https:\/\/www.dumontaviation.com\/charter.html\" target=\"_blank\" rel=\"noopener\">nettsted<\/a>.<\/p>\r\n\r\n\r\n\r\n<h2 class=\"wp-block-heading\"><span class=\"ez-toc-section\" id=\"Company_Safety_Policy_and_Standards\"><\/span>Selskapets sikkerhetspolicy og -standarder<span class=\"ez-toc-section-end\"><\/span><\/h2>\r\n\r\n\r\n\r\n<figure class=\"wp-block-image size-full is-style-default\"><img loading=\"lazy\" decoding=\"async\" width=\"1000\" height=\"665\" src=\"https:\/\/comparemyjet.com\/wp-content\/uploads\/2022\/07\/privatejetinterior.jpg\" alt=\"\" class=\"wp-image-3113\" srcset=\"https:\/\/comparemyjet.com\/wp-content\/uploads\/2022\/07\/privatejetinterior-18x12.jpg 18w, https:\/\/comparemyjet.com\/wp-content\/uploads\/2022\/07\/privatejetinterior-300x200.jpg 300w, https:\/\/comparemyjet.com\/wp-content\/uploads\/2022\/07\/privatejetinterior-768x511.jpg 768w, https:\/\/comparemyjet.com\/wp-content\/uploads\/2022\/07\/privatejetinterior.jpg 1000w\" sizes=\"auto, (max-width: 1000px) 100vw, 1000px\" \/><\/figure>\r\n\r\n\r\n\r\n<p>Dumont Aviation Group er et sertifisert og veletablert flyselskap med f\u00f8lgende akkrediteringer:<\/p>\r\n\r\n\r\n\r\n<ul class=\"wp-block-list\"><li>Dumont Air Carrier Certificate;<\/li><li>Operat\u00f8rsertifikat for flyger;<\/li><li>IS-BAO-sertifikat;<\/li><li>ARGUS Platinum-sertifikat.<\/li><\/ul>\r\n\r\n\r\n\r\n<h2 class=\"wp-block-heading\"><span class=\"ez-toc-section\" id=\"Conclusion\"><\/span>Konklusjon<span class=\"ez-toc-section-end\"><\/span><\/h2>\r\n\r\n\r\n\r\n<p>Dumont Aviation Group h\u00e5ndterer alle aspekter av reisen for \u00e5 hjelpe deg med \u00e5 komme trygt frem til reisem\u00e5let, og s\u00f8rger for at du f\u00e5r en behagelig flytur underveis.&nbsp;<\/p>\r\n\r\n\r\n\r\n<p>De er et etablert selskap i flybransjen som spesialiserer seg p\u00e5 charter, salg og vedlikehold av fly, samt administrasjon og salg av deler.<\/p>\r\n\r\n\r\n\r\n<p><\/p>","protected":false},"excerpt":{"rendered":"<p>Dumont Aviation Group er en etablert leder innen forretningsfly og jetfly. De har lang erfaring med flykj\u00f8p, flyleasing, jetflyadministrasjon, flyvedlikehold og salg av flyutstyr. La oss utforske tjenestene deres og se hva Dumont Aviation Group st\u00e5r for. Selskapets historie Dumont Group er et privateid flyselskap som ble grunnlagt i ...<\/p>","protected":false},"author":2,"featured_media":3109,"parent":0,"menu_order":0,"comment_status":"closed","ping_status":"closed","template":"","meta":{"_acf_changed":false,"_genesis_hide_title":false,"_genesis_hide_breadcrumbs":false,"_genesis_hide_singular_image":false,"_genesis_hide_footer_widgets":false,"_genesis_custom_body_class":"","_genesis_custom_post_class":"","_genesis_layout":"","footnotes":""},"class_list":{"1":"page","2":"type-page","6":"entry"},"acf":[],"_links":{"self":[{"href":"https:\/\/comparemyjet.com\/nb\/wp-json\/wp\/v2\/pages\/3108","targetHints":{"allow":["GET"]}}],"collection":[{"href":"https:\/\/comparemyjet.com\/nb\/wp-json\/wp\/v2\/pages"}],"about":[{"href":"https:\/\/comparemyjet.com\/nb\/wp-json\/wp\/v2\/types\/page"}],"author":[{"embeddable":true,"href":"https:\/\/comparemyjet.com\/nb\/wp-json\/wp\/v2\/users\/2"}],"replies":[{"embeddable":true,"href":"https:\/\/comparemyjet.com\/nb\/wp-json\/wp\/v2\/comments?post=3108"}],"version-history":[{"count":2,"href":"https:\/\/comparemyjet.com\/nb\/wp-json\/wp\/v2\/pages\/3108\/revisions"}],"predecessor-version":[{"id":3457,"href":"https:\/\/comparemyjet.com\/nb\/wp-json\/wp\/v2\/pages\/3108\/revisions\/3457"}],"wp:featuredmedia":[{"embeddable":true,"href":"https:\/\/comparemyjet.com\/nb\/wp-json\/wp\/v2\/media\/3109"}],"wp:attachment":[{"href":"https:\/\/comparemyjet.com\/nb\/wp-json\/wp\/v2\/media?parent=3108"}],"curies":[{"name":"wp","href":"https:\/\/api.w.org\/{rel}","templated":true}]}}