{"id":3136,"date":"2022-07-23T00:30:13","date_gmt":"2022-07-23T00:30:13","guid":{"rendered":"https:\/\/comparemyjet.com\/?page_id=3136"},"modified":"2025-09-04T09:58:18","modified_gmt":"2025-09-04T09:58:18","slug":"exec-1-aviation","status":"publish","type":"page","link":"https:\/\/comparemyjet.com\/nb\/exec-1-aviation\/","title":{"rendered":"Priser p\u00e5 flyreiser med Exec 1 Aviation"},"content":{"rendered":"<p>Hver eneste reise du foretar med Exec 1 Aviation, enten det er i forretnings- eller privat\u00f8yemed, er tilpasset dine behov og preferanser, takket v\u00e6re teamene for flyoperasjoner og kundeopplevelse. Hvis du er usikker p\u00e5 n\u00f8yaktig hva du trenger, hjelper de deg med r\u00e5d og alternativer om bord. La oss se hva mer Exec 1 Aviation har \u00e5 tilby.&nbsp;<\/p>\r\n\r\n\r\n\r\n<div id=\"ez-toc-container\" class=\"ez-toc-v2_0_76 counter-hierarchy ez-toc-counter ez-toc-grey ez-toc-container-direction\">\n<p class=\"ez-toc-title\" style=\"cursor:inherit\">Temaer<\/p>\n<label for=\"ez-toc-cssicon-toggle-item-69f4b91791699\" class=\"ez-toc-cssicon-toggle-label\"><span class=\"\"><span class=\"eztoc-hide\" style=\"display:none;\">Toggle<\/span><span class=\"ez-toc-icon-toggle-span\"><svg style=\"fill: #999;color:#999\" xmlns=\"http:\/\/www.w3.org\/2000\/svg\" class=\"list-377408\" width=\"20px\" height=\"20px\" viewbox=\"0 0 24 24\" fill=\"none\"><path d=\"M6 6H4v2h2V6zm14 0H8v2h12V6zM4 11h2v2H4v-2zm16 0H8v2h12v-2zM4 16h2v2H4v-2zm16 0H8v2h12v-2z\" fill=\"currentColor\"><\/path><\/svg><svg style=\"fill: #999;color:#999\" class=\"arrow-unsorted-368013\" xmlns=\"http:\/\/www.w3.org\/2000\/svg\" width=\"10px\" height=\"10px\" viewbox=\"0 0 24 24\" version=\"1.2\" baseprofile=\"tiny\"><path d=\"M18.2 9.3l-6.2-6.3-6.2 6.3c-.2.2-.3.4-.3.7s.1.5.3.7c.2.2.4.3.7.3h11c.3 0 .5-.1.7-.3.2-.2.3-.5.3-.7s-.1-.5-.3-.7zM5.8 14.7l6.2 6.3 6.2-6.3c.2-.2.3-.5.3-.7s-.1-.5-.3-.7c-.2-.2-.4-.3-.7-.3h-11c-.3 0-.5.1-.7.3-.2.2-.3.5-.3.7s.1.5.3.7z\"\/><\/svg><\/span><\/span><\/label><input type=\"checkbox\"  id=\"ez-toc-cssicon-toggle-item-69f4b91791699\" checked aria-label=\"Toggle\" \/><nav><ul class='ez-toc-list ez-toc-list-level-1' ><li class='ez-toc-page-1 ez-toc-heading-level-2'><a class=\"ez-toc-link ez-toc-heading-1\" href=\"https:\/\/comparemyjet.com\/nb\/exec-1-aviation\/#Company_History\" >Selskapets historie<\/a><\/li><li class='ez-toc-page-1 ez-toc-heading-level-2'><a class=\"ez-toc-link ez-toc-heading-2\" href=\"https:\/\/comparemyjet.com\/nb\/exec-1-aviation\/#Jet_Card_Program\" >Jet Card-programmet<\/a><\/li><li class='ez-toc-page-1 ez-toc-heading-level-2'><a class=\"ez-toc-link ez-toc-heading-3\" href=\"https:\/\/comparemyjet.com\/nb\/exec-1-aviation\/#On-Demand_Charter\" >Charter p\u00e5 foresp\u00f8rsel<\/a><\/li><li class='ez-toc-page-1 ez-toc-heading-level-2'><a class=\"ez-toc-link ez-toc-heading-4\" href=\"https:\/\/comparemyjet.com\/nb\/exec-1-aviation\/#The_Fleet\" >Fl\u00e5ten&nbsp;<\/a><ul class='ez-toc-list-level-3' ><li class='ez-toc-heading-level-3'><a class=\"ez-toc-link ez-toc-heading-5\" href=\"https:\/\/comparemyjet.com\/nb\/exec-1-aviation\/#1_Light_Private_Jets\" >1. Lette private jetfly<\/a><ul class='ez-toc-list-level-4' ><li class='ez-toc-heading-level-4'><a class=\"ez-toc-link ez-toc-heading-6\" href=\"https:\/\/comparemyjet.com\/nb\/exec-1-aviation\/#Our_Recommendation_Learjet_40\" >V\u00e5r anbefaling: Learjet 40<\/a><\/li><\/ul><\/li><li class='ez-toc-page-1 ez-toc-heading-level-3'><a class=\"ez-toc-link ez-toc-heading-7\" href=\"https:\/\/comparemyjet.com\/nb\/exec-1-aviation\/#2_Midsize_Private_Jets\" >2. Mellomstore privatfly<\/a><ul class='ez-toc-list-level-4' ><li class='ez-toc-heading-level-4'><a class=\"ez-toc-link ez-toc-heading-8\" href=\"https:\/\/comparemyjet.com\/nb\/exec-1-aviation\/#Our_Recommendation_Gulfstream_G150\" >V\u00e5r anbefaling: Gulfstream G150<\/a><\/li><\/ul><\/li><li class='ez-toc-page-1 ez-toc-heading-level-3'><a class=\"ez-toc-link ez-toc-heading-9\" href=\"https:\/\/comparemyjet.com\/nb\/exec-1-aviation\/#3_Super-Midsize_Private_Jets\" >3. Super-mellomstore privatfly&nbsp;<\/a><ul class='ez-toc-list-level-4' ><li class='ez-toc-heading-level-4'><a class=\"ez-toc-link ez-toc-heading-10\" href=\"https:\/\/comparemyjet.com\/nb\/exec-1-aviation\/#Our_Recommendation_The_Bombardier_Challenger_300\" >V\u00e5r anbefaling: Bombardier Challenger 300<\/a><\/li><\/ul><\/li><li class='ez-toc-page-1 ez-toc-heading-level-3'><a class=\"ez-toc-link ez-toc-heading-11\" href=\"https:\/\/comparemyjet.com\/nb\/exec-1-aviation\/#4_Large_Private_Jets\" >4. Store privatfly<\/a><ul class='ez-toc-list-level-4' ><li class='ez-toc-heading-level-4'><a class=\"ez-toc-link ez-toc-heading-12\" href=\"https:\/\/comparemyjet.com\/nb\/exec-1-aviation\/#Our_Recommendation_The_Embraer_Legacy_650E\" >V\u00e5r anbefaling: Embraer Legacy 650E<\/a><\/li><\/ul><\/li><\/ul><\/li><li class='ez-toc-page-1 ez-toc-heading-level-2'><a class=\"ez-toc-link ez-toc-heading-13\" href=\"https:\/\/comparemyjet.com\/nb\/exec-1-aviation\/#Company_Safety_Policy_and_Standards\" >Selskapets sikkerhetspolicy og -standarder<\/a><\/li><li class='ez-toc-page-1 ez-toc-heading-level-2'><a class=\"ez-toc-link ez-toc-heading-14\" href=\"https:\/\/comparemyjet.com\/nb\/exec-1-aviation\/#Pilots\" >Piloter<\/a><\/li><li class='ez-toc-page-1 ez-toc-heading-level-2'><a class=\"ez-toc-link ez-toc-heading-15\" href=\"https:\/\/comparemyjet.com\/nb\/exec-1-aviation\/#FBO_Services\" >FBO-tjenester&nbsp;<\/a><\/li><li class='ez-toc-page-1 ez-toc-heading-level-2'><a class=\"ez-toc-link ez-toc-heading-16\" href=\"https:\/\/comparemyjet.com\/nb\/exec-1-aviation\/#Additional_Services\" >Tilleggstjenester<\/a><\/li><li class='ez-toc-page-1 ez-toc-heading-level-2'><a class=\"ez-toc-link ez-toc-heading-17\" href=\"https:\/\/comparemyjet.com\/nb\/exec-1-aviation\/#Conclusion\" >Konklusjon<\/a><\/li><\/ul><\/nav><\/div>\n<h2 class=\"wp-block-heading\"><span class=\"ez-toc-section\" id=\"Company_History\"><\/span>Selskapets historie<span class=\"ez-toc-section-end\"><\/span><\/h2>\r\n\r\n\r\n\r\n<p>Exec 1 Aviation (tidligere DashJet) er en Iowa-basert flycharteroperat\u00f8r med JR Boesen som administrerende direkt\u00f8r.&nbsp;<\/p>\r\n\r\n\r\n\r\n<p>Selskapet ble grunnlagt i 2009 med en fl\u00e5te av renoverte Hawker 400XP. De tilbyr n\u00e5 faste priser og et jetkortmedlemskap for hyppige reisende. De har ogs\u00e5 en fl\u00e5te av Beechjet 400-fly og kj\u00f8per inn andre fly fra ulike operat\u00f8rer.<\/p>\r\n\r\n\r\n\r\n<p>Mer frekvente reisende kan bli medlemmer av et innstegsprogram som starter p\u00e5 25 timer, eller pr\u00f8ve seg med et 10-timers introduksjonskort, som vi vil utdype n\u00e6rmere nedenfor.<\/p>\r\n\r\n\r\n\r\n<h2 class=\"wp-block-heading\"><span class=\"ez-toc-section\" id=\"Jet_Card_Program\"><\/span>Jet Card-programmet<span class=\"ez-toc-section-end\"><\/span><\/h2>\r\n\r\n\r\n\r\n<p>Exec 1 Aviation Jet-kortet er designet for vanlige reisende som kan bli med i et innstegsprogram som begynner p\u00e5 25 timer eller teste det ut med et 10-timers pr\u00f8vejetkort. Det er ingen skjulte kostnader eller overraskelser med dette jetkortprogrammet. Du f\u00e5r faste timepriser og en flytur som er skreddersydd etter dine preferanser, fra \u00f8nsket kabin til tjenester og fasiliteter om bord.<\/p>\r\n\r\n\r\n\r\n<p>Medlemmer nyter godt av fordeler som invitasjoner til lavpristurneen Empty Flights.<\/p>\r\n\r\n\r\n\r\n<p>Den gjennomsnittlige investeringen du m\u00e5 gj\u00f8re for \u00e5 bli kortinnehaver er mellom $60 000 og $100 000, og summen vil bli brukt som depositum for \u00e5 dekke flytimene du flyr.<\/p>\r\n\r\n\r\n\r\n<p>Det er ingen garanti for tilgjengelighet, men timeprisen er fast, og jetkortmedlemmer har tilgang til flere fly samtidig. Det er ingen medlems- eller oppstartskostnader utover depositumet.<\/p>\r\n\r\n\r\n\r\n<p>Kontakt dem p\u00e5 f\u00f8lgende adresse <a href=\"https:\/\/exec1aviation.com\/fly\/card\/\" target=\"_blank\" rel=\"noopener\">lenke<\/a> for \u00e5 f\u00e5 et personlig jetkorttilbud og prisopplysninger.<\/p>\r\n\r\n\r\n\r\n<h2 class=\"wp-block-heading\"><span class=\"ez-toc-section\" id=\"On-Demand_Charter\"><\/span>Charter p\u00e5 foresp\u00f8rsel<span class=\"ez-toc-section-end\"><\/span><\/h2>\r\n\r\n\r\n\r\n<p>Fordelene med \u00e5 chartre med Exec 1 Aviation inkluderer catering, bakketransport og tjenester og fasiliteter om bord.&nbsp;<\/p>\r\n\r\n\r\n\r\n<p>Du kan f\u00e5 det flyet du trenger med 6 timers varsel under ideelle omstendigheter. \u00c5 bestille et charterfly er s\u00e5 enkelt som det kan bli; du informerer bare teamet deres om n\u00e5r og hvor du skal reise, s\u00e5 tar de seg av resten.&nbsp;<\/p>\r\n\r\n\r\n\r\n<p>Flyoperasjonsteamet er tilgjengelig 24 timer i d\u00f8gnet, syv dager i uken. Gi beskjed hvis planene dine endres, s\u00e5 kan de hjelpe deg med \u00e5 legge opp reiseruten din.<\/p>\r\n\r\n\r\n\r\n<h2 class=\"wp-block-heading\"><span class=\"ez-toc-section\" id=\"The_Fleet\"><\/span>Fl\u00e5ten&nbsp;<span class=\"ez-toc-section-end\"><\/span><\/h2>\r\n\r\n\r\n\r\n<figure class=\"wp-block-image size-full is-style-default\"><img loading=\"lazy\" decoding=\"async\" width=\"1000\" height=\"667\" src=\"https:\/\/comparemyjet.com\/wp-content\/uploads\/2022\/07\/white.private.jet_.upclose.jpg\" alt=\"Vinge,Av,Fly,Med,Vinduer,P\u00e5,Rullebane,Forberedelse,Til,Take\" class=\"wp-image-3098\" srcset=\"https:\/\/comparemyjet.com\/wp-content\/uploads\/2022\/07\/white.private.jet_.upclose-18x12.jpg 18w, https:\/\/comparemyjet.com\/wp-content\/uploads\/2022\/07\/white.private.jet_.upclose-300x200.jpg 300w, https:\/\/comparemyjet.com\/wp-content\/uploads\/2022\/07\/white.private.jet_.upclose-768x512.jpg 768w, https:\/\/comparemyjet.com\/wp-content\/uploads\/2022\/07\/white.private.jet_.upclose.jpg 1000w\" sizes=\"auto, (max-width: 1000px) 100vw, 1000px\" \/><\/figure>\r\n\r\n\r\n\r\n<p>Exec 1 Aviation gir deg tilgang til et bredt spekter av fly, fra lette jetfly til passasjerfly. Uansett hva slags fly du \u00f8nsker, kan flyoperasjonsteamet sikre deg det flyet du trenger.<\/p>\r\n\r\n\r\n\r\n<h3 class=\"wp-block-heading\"><span class=\"ez-toc-section\" id=\"1_Light_Private_Jets\"><\/span>1. Lette private jetfly<span class=\"ez-toc-section-end\"><\/span><\/h3>\r\n\r\n\r\n\r\n<p>Hvis du har behov for \u00e5 reise til en by i n\u00e6rheten, er det lurt \u00e5 leie et lettfly. Selv om de fleste lettfly ikke har flyvertinne, har de plass til opptil \u00e5tte personer, og de fleste har toalett om bord. Til tross for at de er sm\u00e5, har de en rekkevidde p\u00e5 mer enn 1 400 miles og kan fly raskere enn 500 mph.<\/p>\r\n\r\n\r\n\r\n<h4 class=\"wp-block-heading\"><span class=\"ez-toc-section\" id=\"Our_Recommendation_Learjet_40\"><\/span>V\u00e5r anbefaling: Learjet 40<span class=\"ez-toc-section-end\"><\/span><\/h4>\r\n\r\n\r\n\r\n<p>Den <a href=\"https:\/\/comparemyjet.com\/nb\/learjet\/\" data-internallinksmanager029f6b8e52c=\"149\" title=\"Den ultimate guiden til Learjet privatfly og -jetfly\">Learjet<\/a> 40 er et lite forretningsfly produsert av <a href=\"https:\/\/comparemyjet.com\/nb\/bombardier\/\" data-internallinksmanager029f6b8e52c=\"159\" title=\"Den ultimate guiden til Bombardiers private jetfly og fly\">Bombardier<\/a> Learjet. Den debuterte i januar 2004 som erstatning for Learjet 45. Selv om det har samme generelle design som Learjet 45, er karosseriet en meter smalere, og bensintanken er 100 liter lettere. Med en kabinplass p\u00e5 mer enn 350 kubikkfot er interi\u00f8ret dessuten st\u00f8rre enn hos konkurrentene. Learjet 40 ble produsert frem til 2009.<\/p>\r\n\r\n\r\n\r\n<p>Spesifikasjoner:<\/p>\r\n\r\n\r\n\r\n<ul class=\"wp-block-list\"><li>Passasjerer: 7;<\/li><li>Kabinh\u00f8yde: 4 fot 11 tommer;<\/li><li>Kabinelengde: 17 fot 8 tommer;<\/li><li>Kabinbredde: 5 fot 1 tommer;<\/li><li>Ekstern bagasje: 50 kubikkfot;<\/li><li>Innvendig bagasje: 15 kubikkfot;<\/li><li>Maks rekkevidde: 1707 nm;<\/li><li>Maks hastighet: 465 km\/t;<\/li><li>Mannskap: 2<\/li><\/ul>\r\n\r\n\r\n\r\n<p>Exec 1 Aviation tilbyr f\u00f8lgende lette jetfly som en del av sin fl\u00e5te: <em>Premier 1 Series, Phenom 300, Nextant 400XTi, Learjet 31A, Beechjet 400A, <a href=\"https:\/\/comparemyjet.com\/nb\/cessna\/\" data-internallinksmanager029f6b8e52c=\"145\" title=\"Den ultimate guiden til Cessna privatfly og -jetfly\">Cessna<\/a> Sitat CJ3<\/em>, og <em>CJ2<\/em>.<\/p>\r\n\r\n\r\n\r\n<h3 class=\"wp-block-heading\"><span class=\"ez-toc-section\" id=\"2_Midsize_Private_Jets\"><\/span>2. Mellomstore privatfly<span class=\"ez-toc-section-end\"><\/span><\/h3>\r\n\r\n\r\n\r\n<p>Hvis et lite fly ikke kan ta deg langt nok, eller ikke er stort nok til \u00e5 dekke dine behov, vil et mellomstort jetfly sannsynligvis passe for deg. Mellomstore jetfly balanserer luksus og effektivitet, med lang rekkevidde og bedre ytelse, noe som gj\u00f8r dem utmerkede for b\u00e5de kort- og langdistanseturer. De mellomstore jetflyene har bedre komfort og flere fasiliteter, inkludert et stort bagasjerom, utfellbare divaner og toalett, alt sammen i en kabin med plass til \u00e5 st\u00e5 oppreist.<\/p>\r\n\r\n\r\n\r\n<h4 class=\"wp-block-heading\"><span class=\"ez-toc-section\" id=\"Our_Recommendation_Gulfstream_G150\"><\/span>V\u00e5r anbefaling: Gulfstream G150<span class=\"ez-toc-section-end\"><\/span><\/h4>\r\n\r\n\r\n\r\n<p>Den <a href=\"https:\/\/comparemyjet.com\/nb\/gulfstream\/\" data-internallinksmanager029f6b8e52c=\"175\" title=\"Den ultimate guiden til Gulfstream private jetfly og fly\">Gulfstream<\/a> G150 ble bygget av Israel Aircraft Industries i 2005 og ble raskt et popul\u00e6rt valg. G150 er det mest prisgunstige flyet i sin klasse, med lang rekkevidde, h\u00f8y hastighet og en kraftig avionikkpakke. Gulfstream G150 er et av de raskeste mellomstore forretningsflyene.&nbsp;<\/p>\r\n\r\n\r\n\r\n<p>Spesifikasjoner:<\/p>\r\n\r\n\r\n\r\n<ul class=\"wp-block-list\"><li>Passasjerer: 7<\/li><li>Utvendig h\u00f8yde: 19 ft 1 in;<\/li><li>Lengde: 56 ft 9 in;<\/li><li>Utvendig bagasje: 55 kubikkfot;<\/li><li>Innvendig bagasje: 25 kubikkmeter;<\/li><li>Maks hastighet: 470 km\/t;<\/li><li>Maks rekkevidde: 3130 nm;<\/li><li>Mannskap: 2<\/li><\/ul>\r\n\r\n\r\n\r\n<p>Exec 1 Aviation tilbyr f\u00f8lgende mellomstore jetfly som en del av sin fl\u00e5te:<em> Learjet 45-serien, Learjet 60-serien, Hawker 800\/850\/900 XP, Citation XLS-serien, CJ4, <\/em>og<em> Sitat Excel<\/em>.&nbsp;<\/p>\r\n\r\n\r\n\r\n<h3 class=\"wp-block-heading\"><span class=\"ez-toc-section\" id=\"3_Super-Midsize_Private_Jets\"><\/span>3. Super-mellomstore privatfly&nbsp;<span class=\"ez-toc-section-end\"><\/span><\/h3>\r\n\r\n\r\n\r\n<p>Super-mellomstore fly overg\u00e5r de fleste vanlige mellomstore jetfly n\u00e5r det gjelder rekkevidde, st\u00f8rrelse og ekstra bekvemmeligheter, samtidig som du f\u00e5r valuta for pengene. Wi-Fi om bord, en romslig kabin og oppgraderte instrumenter er en del av oppgraderingen fra et vanlig mellomstort fly, noe som resulterer i en smidigere og mer behagelig reise.<\/p>\r\n\r\n\r\n\r\n<h4 class=\"wp-block-heading\"><span class=\"ez-toc-section\" id=\"Our_Recommendation_The_Bombardier_Challenger_300\"><\/span>V\u00e5r anbefaling: Bombardier Challenger 300<span class=\"ez-toc-section-end\"><\/span><\/h4>\r\n\r\n\r\n\r\n<p>Bombardier Aerospace designet forretningsflyet Challenger 300 og produserte det frem til 2014. Interi\u00f8ret er rundt 40% romsligere enn sammenlignbare mellomstore forretningsfly.<\/p>\r\n\r\n\r\n\r\n<p>Spesifikasjoner:&nbsp;<\/p>\r\n\r\n\r\n\r\n<ul class=\"wp-block-list\"><li>Passasjerer: 8-16;<\/li><li>Kabinelengde: 28 fot 7 tommer;<\/li><li>Kabinh\u00f8yde: 6 fot 1 tommer;<\/li><li>Kabinbredde: 7 fot 2 tommer;<\/li><li>Innvendig bagasje: 106 kubikkfot;<\/li><li>Maks hastighet: 476 km\/t;<\/li><li>Maks rekkevidde: 3340 nm;<\/li><li>Mannskap: 2.<\/li><\/ul>\r\n\r\n\r\n\r\n<p>Exec 1 Aviation tilbyr f\u00f8lgende mellomstore jetfly som en del av sin fl\u00e5te: <em>Hawker 4000, Hawker 1000, Gulfstream 200, Falcon 50EX, Falcon 2000-serien, Citation X <\/em>og <em>Sitat Sovereign<\/em>.<\/p>\r\n\r\n\r\n\r\n<h3 class=\"wp-block-heading\"><span class=\"ez-toc-section\" id=\"4_Large_Private_Jets\"><\/span>4. Store privatfly<span class=\"ez-toc-section-end\"><\/span><\/h3>\r\n\r\n\r\n\r\n<p>De tunge jetflyene er p\u00e5kostede fly med god plass til b\u00e5de reisende og ekstra bagasje. Store, komfortable seter, private bad, madrasser, topp underholdningsutstyr, telefon, Wi-Fi og fullt utstyrt kj\u00f8kken er standard p\u00e5 heavy jets. Du f\u00e5r ogs\u00e5 en eller to flyvertinner til \u00e5 hjelpe deg med catering og andre tjenester.&nbsp;<\/p>\r\n\r\n\r\n\r\n<h4 class=\"wp-block-heading\"><span class=\"ez-toc-section\" id=\"Our_Recommendation_The_Embraer_Legacy_650E\"><\/span>V\u00e5r anbefaling: Embraer Legacy 650E<span class=\"ez-toc-section-end\"><\/span><\/h4>\r\n\r\n\r\n\r\n<p>Den <a href=\"https:\/\/comparemyjet.com\/nb\/embraer\/\" data-internallinksmanager029f6b8e52c=\"151\" title=\"Den ultimate guiden til Embraers private jetfly og fly\">Embraer<\/a> Legacy 650E har den st\u00f8rste kabinen i sin klasse, med komfortable sitteplasser for 14 passasjerer, tre kabinsoner, nettilgang og internasjonal telefontjeneste. I den rolige kabinen kan du jobbe, spise eller slappe av i perfekt komfort. Blant fasilitetene finner du en romslig bysse, toalett og rikelig med bagasjeplass. Embraer Legacy 650E har ogs\u00e5 skinnseter og lavt st\u00f8yniv\u00e5 i kabinen.<\/p>\r\n\r\n\r\n\r\n<p>Spesifikasjoner:<\/p>\r\n\r\n\r\n\r\n<ul class=\"wp-block-list\"><li>Passasjerer: 14;<\/li><li>Kabinbredde: 6 fot 11 tommer;<\/li><li>Kabinh\u00f8yde: 6 fot;<\/li><li>Flyets lengde: 86 ft 5 in;<\/li><li>Maks cruisehastighet: 460 km\/t;<\/li><li>Innvendig bagasje: 286 kubikkfot;<\/li><li>Mannskap: 2.<\/li><\/ul>\r\n\r\n\r\n\r\n<p>Exec 1 Aviation tilbyr f\u00f8lgende store jetfly som en del av sin fl\u00e5te: <em>Gulfstream V, Gulfstream IV, Gulfstream 500-serien, Bombardier Global 5000\/6000, Falcon 900-serien, Embraer Legacy 500, Challenger 605, <\/em>og<em> Challenger 604<\/em>.&nbsp;<\/p>\r\n\r\n\r\n\r\n<h2 class=\"wp-block-heading\"><span class=\"ez-toc-section\" id=\"Company_Safety_Policy_and_Standards\"><\/span>Selskapets sikkerhetspolicy og -standarder<span class=\"ez-toc-section-end\"><\/span><\/h2>\r\n\r\n\r\n\r\n<figure class=\"wp-block-image size-full is-style-default\"><img loading=\"lazy\" decoding=\"async\" width=\"1000\" height=\"563\" src=\"https:\/\/comparemyjet.com\/wp-content\/uploads\/2022\/06\/safety.check_.for_.a.plane_.jpg\" alt=\"\" class=\"wp-image-3014\" srcset=\"https:\/\/comparemyjet.com\/wp-content\/uploads\/2022\/06\/safety.check_.for_.a.plane_-18x10.jpg 18w, https:\/\/comparemyjet.com\/wp-content\/uploads\/2022\/06\/safety.check_.for_.a.plane_-300x169.jpg 300w, https:\/\/comparemyjet.com\/wp-content\/uploads\/2022\/06\/safety.check_.for_.a.plane_-768x432.jpg 768w, https:\/\/comparemyjet.com\/wp-content\/uploads\/2022\/06\/safety.check_.for_.a.plane_.jpg 1000w\" sizes=\"auto, (max-width: 1000px) 100vw, 1000px\" \/><\/figure>\r\n\r\n\r\n\r\n<p>For \u00e5 oppn\u00e5 maksimal sikkerhet opererer alle flyvninger i henhold til deres 5-punkts sikkerhetsforskrifter. De <a href=\"https:\/\/ibac.org\/is-bao\" target=\"_blank\" rel=\"noopener\">IS-BAO<\/a> sikkerhetsstyringssystem, som omfatter alle Exec1s fly, samt Exec1s flyselskap. <a href=\"https:\/\/comparemyjet.com\/nb\/what-is-a-private-jet-fixed-base-operator-fbo\/\" data-internallinksmanager029f6b8e52c=\"19\" title=\"Hva er en fastbaseoperat\u00f8r (FBO) for privatfly?\">FBO<\/a>er det f\u00f8rste trinnet i prosessen. IS-BAO-sertifiseringen er den strengeste i bransjen, og krever to \u00e5r for \u00e5 fullf\u00f8re prosessen og mer enn 800 evalueringer.<\/p>\r\n\r\n\r\n\r\n<p>I tillegg skal alle tredjepartsoperat\u00f8rer som Exec1Aviation bruker, ha minst \u00e9n sikkerhetsakkreditering fra <a href=\"https:\/\/www.argus.aero\/\" target=\"_blank\" rel=\"noopener\">AR\/GUS<\/a>, IS-BAO eller <a href=\"https:\/\/www.wyvernltd.com\/\" target=\"_blank\" rel=\"noopener\">Wyvern<\/a>.&nbsp;<\/p>\r\n\r\n\r\n\r\n<p>Exec 1 Aviations Trip Operations-avdeling overv\u00e5ker alle flyplasser og FBO-er f\u00f8r og under hele flyvningen. Pilotene gir ogs\u00e5 sanntidsinformasjon om aktuelle driftsforhold.<\/p>\r\n\r\n\r\n\r\n<h2 class=\"wp-block-heading\"><span class=\"ez-toc-section\" id=\"Pilots\"><\/span>Piloter<span class=\"ez-toc-section-end\"><\/span><\/h2>\r\n\r\n\r\n\r\n<p>Alle piloter overskrider enten de strenge flytidsstandardene fastsatt av WYVERN, AR\/GUS, IS-BAO eller er Exec 1 Aviation-sertifiserte.<\/p>\r\n\r\n\r\n\r\n<p>Exec 1 Aviation krever at alle piloter har gyldig FAA-lisens og helsesertifikat. Dette inneb\u00e6rer blant annet \u00e5 holde seg oppdatert p\u00e5 de nyeste oppl\u00e6ringssertifikatene, inkludert en \u00e5rlig flygjennomgang og en kontroll av utstyrsferdigheter hver sjette m\u00e5ned.<\/p>\r\n\r\n\r\n\r\n<p>I tillegg har Exec 1 Aviation en streng protokoll med to piloter. Forst\u00e5elig nok trenger alle fly en reservepilot i n\u00f8dstilfeller eller hvis noe skulle skje med kapteinen. Sikkerhet er hovedform\u00e5let med \u00e5 ha to piloter p\u00e5 et jetfly.<\/p>\r\n\r\n\r\n\r\n<h2 class=\"wp-block-heading\"><span class=\"ez-toc-section\" id=\"FBO_Services\"><\/span>FBO-tjenester&nbsp;<span class=\"ez-toc-section-end\"><\/span><\/h2>\r\n\r\n\r\n\r\n<p>En FBO (Fixed Base Operator) er en privat flyplassterminal som tilbyr f\u00f8rsteklasses tjenester for fly og passasjerer, blant annet drivstoff- og linjetjenester, lokal transport, catering, lagringsplass og utleie av rampeplass. Exec 1 FBO er den eneste lokale private terminalen i Des Moines, Iowa.<\/p>\r\n\r\n\r\n\r\n<p>Denne FBO-en tilbyr service p\u00e5 stedet, avising og oppvarmede hangarer for stempel-, jet- og turbinfly. Her kan passasjerer og besetningsmedlemmer bestille leiebil og catering.<\/p>\r\n\r\n\r\n\r\n<h2 class=\"wp-block-heading\"><span class=\"ez-toc-section\" id=\"Additional_Services\"><\/span>Tilleggstjenester<span class=\"ez-toc-section-end\"><\/span><\/h2>\r\n\r\n\r\n\r\n<figure class=\"wp-block-image size-full is-style-default\"><img loading=\"lazy\" decoding=\"async\" width=\"1000\" height=\"612\" src=\"https:\/\/comparemyjet.com\/wp-content\/uploads\/2022\/06\/lady.in_.red_.getting.out_.of_.a.car_.to_.board_.a.private.jet_.jpg\" alt=\"Exec 1 Luftfart\" class=\"wp-image-3009\" srcset=\"https:\/\/comparemyjet.com\/wp-content\/uploads\/2022\/06\/lady.in_.red_.getting.out_.of_.a.car_.to_.board_.a.private.jet_-18x12.jpg 18w, https:\/\/comparemyjet.com\/wp-content\/uploads\/2022\/06\/lady.in_.red_.getting.out_.of_.a.car_.to_.board_.a.private.jet_-300x184.jpg 300w, https:\/\/comparemyjet.com\/wp-content\/uploads\/2022\/06\/lady.in_.red_.getting.out_.of_.a.car_.to_.board_.a.private.jet_-768x470.jpg 768w, https:\/\/comparemyjet.com\/wp-content\/uploads\/2022\/06\/lady.in_.red_.getting.out_.of_.a.car_.to_.board_.a.private.jet_.jpg 1000w\" sizes=\"auto, (max-width: 1000px) 100vw, 1000px\" \/><\/figure>\r\n\r\n\r\n\r\n<p>Men det er ikke alt! Exec 1 Aviations legger til rette for kundene sine p\u00e5 mange andre m\u00e5ter, ogs\u00e5 etter at flyreisen er over.<\/p>\r\n\r\n\r\n\r\n<p>Du kan be om bakketransport med en telefonsamtale til agenten din eller gjennom en tjenesteforesp\u00f8rsel, enten du er ute etter noe enkelt eller et mer luksuri\u00f8st alternativ, som en limousin.<\/p>\r\n\r\n\r\n\r\n<p>Dessuten kan de tilpasse servicen og m\u00e5ltidene om bord til dine spesifikke behov. Hvis du for eksempel flyr med kj\u00e6ledyret ditt, kan du gi beskjed p\u00e5 forh\u00e5nd, slik at de kan gj\u00f8re alle n\u00f8dvendige forberedelser.&nbsp;<\/p>\r\n\r\n\r\n\r\n<p>Exec 1 samarbeider med deg for \u00e5 skape en unik opplevelse som vil gj\u00f8re et varig inntrykk. Hvis du planlegger en overraskelse eller feiring, kan du komme med en spesiell foresp\u00f8rsel om f\u00f8lgende <a href=\"https:\/\/exec1aviation.com\/fly\/accommodations\/\" target=\"_blank\" rel=\"noopener\">lenke<\/a> og selskapet hjelper deg gjerne.<\/p>\r\n\r\n\r\n\r\n<h2 class=\"wp-block-heading\"><span class=\"ez-toc-section\" id=\"Conclusion\"><\/span>Konklusjon<span class=\"ez-toc-section-end\"><\/span><\/h2>\r\n\r\n\r\n\r\n<p>Exec 1 f\u00e5r deg raskt og trygt frem til destinasjonen din. Jetkortprogrammet deres gir deg skreddersydd service og gir deg rett til FBO-tjenester p\u00e5 den lokale flyplassen. Du kan enkelt bestille din neste flyvning ved hjelp av det d\u00f8gn\u00e5pne teamet deres.&nbsp;<\/p>","protected":false},"excerpt":{"rendered":"<p>Hver eneste reise du foretar med Exec 1 Aviation, enten det er i forretnings- eller privat\u00f8yemed, er tilpasset dine behov og preferanser, takket v\u00e6re teamene for flyoperasjoner og kundeopplevelse. Hvis du er usikker p\u00e5 hva du trenger, hjelper de deg med r\u00e5d og alternativer om bord. La oss se hva mer Exec 1 Aviation har \u00e5 by p\u00e5 ...<\/p>","protected":false},"author":2,"featured_media":3118,"parent":0,"menu_order":0,"comment_status":"closed","ping_status":"closed","template":"","meta":{"_acf_changed":false,"_genesis_hide_title":false,"_genesis_hide_breadcrumbs":false,"_genesis_hide_singular_image":false,"_genesis_hide_footer_widgets":false,"_genesis_custom_body_class":"","_genesis_custom_post_class":"","_genesis_layout":"","footnotes":""},"class_list":{"1":"page","2":"type-page","6":"entry"},"acf":[],"_links":{"self":[{"href":"https:\/\/comparemyjet.com\/nb\/wp-json\/wp\/v2\/pages\/3136","targetHints":{"allow":["GET"]}}],"collection":[{"href":"https:\/\/comparemyjet.com\/nb\/wp-json\/wp\/v2\/pages"}],"about":[{"href":"https:\/\/comparemyjet.com\/nb\/wp-json\/wp\/v2\/types\/page"}],"author":[{"embeddable":true,"href":"https:\/\/comparemyjet.com\/nb\/wp-json\/wp\/v2\/users\/2"}],"replies":[{"embeddable":true,"href":"https:\/\/comparemyjet.com\/nb\/wp-json\/wp\/v2\/comments?post=3136"}],"version-history":[{"count":2,"href":"https:\/\/comparemyjet.com\/nb\/wp-json\/wp\/v2\/pages\/3136\/revisions"}],"predecessor-version":[{"id":3443,"href":"https:\/\/comparemyjet.com\/nb\/wp-json\/wp\/v2\/pages\/3136\/revisions\/3443"}],"wp:featuredmedia":[{"embeddable":true,"href":"https:\/\/comparemyjet.com\/nb\/wp-json\/wp\/v2\/media\/3118"}],"wp:attachment":[{"href":"https:\/\/comparemyjet.com\/nb\/wp-json\/wp\/v2\/media?parent=3136"}],"curies":[{"name":"wp","href":"https:\/\/api.w.org\/{rel}","templated":true}]}}