{"id":3144,"date":"2022-07-23T00:30:19","date_gmt":"2022-07-23T00:30:19","guid":{"rendered":"https:\/\/comparemyjet.com\/?page_id=3144"},"modified":"2025-09-04T09:58:20","modified_gmt":"2025-09-04T09:58:20","slug":"fly-aeolus","status":"publish","type":"page","link":"https:\/\/comparemyjet.com\/nb\/fly-aeolus\/","title":{"rendered":"Fly Aeolus Flypriser"},"content":{"rendered":"<p>Fly Aeolus er en belgisk <a href=\"https:\/\/comparemyjet.com\/nb\/how-much-does-air-taxi-cost\/\" data-internallinksmanager029f6b8e52c=\"23\" title=\"Hvor mye koster en flydrosje?\">flytaxi<\/a> (privat charter) som har drevet virksomhet i Europa siden 2009. Selskapet har hovedkontor i Antwerpen, med kontorer i <a href=\"https:\/\/comparemyjet.com\/nb\/private-tours\/berlin-private-tours\/\" data-internallinksmanager029f6b8e52c=\"254\" title=\"11 beste private turer i Berlin fra $68.86\">Berlin<\/a> og Rotterdam.&nbsp;<\/p>\r\n\r\n\r\n\r\n<p>Du kan fly fra over 1500 flyplasser over hele det europeiske kontinentet i et av deres Cirrus SR-22-fly, som regnes som et av de sikreste enmotors jetflyene i flybransjen. La oss se hva mer selskapet har \u00e5 tilby.<\/p>\r\n\r\n\r\n\r\n<div id=\"ez-toc-container\" class=\"ez-toc-v2_0_76 counter-hierarchy ez-toc-counter ez-toc-grey ez-toc-container-direction\">\n<p class=\"ez-toc-title\" style=\"cursor:inherit\">Temaer<\/p>\n<label for=\"ez-toc-cssicon-toggle-item-69f2283398845\" class=\"ez-toc-cssicon-toggle-label\"><span class=\"\"><span class=\"eztoc-hide\" style=\"display:none;\">Toggle<\/span><span class=\"ez-toc-icon-toggle-span\"><svg style=\"fill: #999;color:#999\" xmlns=\"http:\/\/www.w3.org\/2000\/svg\" class=\"list-377408\" width=\"20px\" height=\"20px\" viewbox=\"0 0 24 24\" fill=\"none\"><path d=\"M6 6H4v2h2V6zm14 0H8v2h12V6zM4 11h2v2H4v-2zm16 0H8v2h12v-2zM4 16h2v2H4v-2zm16 0H8v2h12v-2z\" fill=\"currentColor\"><\/path><\/svg><svg style=\"fill: #999;color:#999\" class=\"arrow-unsorted-368013\" xmlns=\"http:\/\/www.w3.org\/2000\/svg\" width=\"10px\" height=\"10px\" viewbox=\"0 0 24 24\" version=\"1.2\" baseprofile=\"tiny\"><path d=\"M18.2 9.3l-6.2-6.3-6.2 6.3c-.2.2-.3.4-.3.7s.1.5.3.7c.2.2.4.3.7.3h11c.3 0 .5-.1.7-.3.2-.2.3-.5.3-.7s-.1-.5-.3-.7zM5.8 14.7l6.2 6.3 6.2-6.3c.2-.2.3-.5.3-.7s-.1-.5-.3-.7c-.2-.2-.4-.3-.7-.3h-11c-.3 0-.5.1-.7.3-.2.2-.3.5-.3.7s.1.5.3.7z\"\/><\/svg><\/span><\/span><\/label><input type=\"checkbox\"  id=\"ez-toc-cssicon-toggle-item-69f2283398845\" checked aria-label=\"Toggle\" \/><nav><ul class='ez-toc-list ez-toc-list-level-1' ><li class='ez-toc-page-1 ez-toc-heading-level-2'><a class=\"ez-toc-link ez-toc-heading-1\" href=\"https:\/\/comparemyjet.com\/nb\/fly-aeolus\/#Company_History\" >Selskapets historie<\/a><\/li><li class='ez-toc-page-1 ez-toc-heading-level-2'><a class=\"ez-toc-link ez-toc-heading-2\" href=\"https:\/\/comparemyjet.com\/nb\/fly-aeolus\/#Pricing\" >Priser<\/a><\/li><li class='ez-toc-page-1 ez-toc-heading-level-2'><a class=\"ez-toc-link ez-toc-heading-3\" href=\"https:\/\/comparemyjet.com\/nb\/fly-aeolus\/#Membership_Programs\" >Medlemskapsprogrammer<\/a><ul class='ez-toc-list-level-3' ><li class='ez-toc-heading-level-3'><a class=\"ez-toc-link ez-toc-heading-4\" href=\"https:\/\/comparemyjet.com\/nb\/fly-aeolus\/#Pay_As_You_Fly\" >Betal etter hvert som du flyr<\/a><\/li><li class='ez-toc-page-1 ez-toc-heading-level-3'><a class=\"ez-toc-link ez-toc-heading-5\" href=\"https:\/\/comparemyjet.com\/nb\/fly-aeolus\/#Personal_Membership\" >Personlig medlemskap<\/a><\/li><li class='ez-toc-page-1 ez-toc-heading-level-3'><a class=\"ez-toc-link ez-toc-heading-6\" href=\"https:\/\/comparemyjet.com\/nb\/fly-aeolus\/#Business_Membership\" >Bedriftsmedlemskap<\/a><\/li><\/ul><\/li><li class='ez-toc-page-1 ez-toc-heading-level-2'><a class=\"ez-toc-link ez-toc-heading-7\" href=\"https:\/\/comparemyjet.com\/nb\/fly-aeolus\/#The_Fleet\" >Fl\u00e5ten&nbsp;<\/a><ul class='ez-toc-list-level-3' ><li class='ez-toc-heading-level-3'><a class=\"ez-toc-link ez-toc-heading-8\" href=\"https:\/\/comparemyjet.com\/nb\/fly-aeolus\/#1_Light_Private_Jets\" >1. Lette private jetfly<\/a><ul class='ez-toc-list-level-4' ><li class='ez-toc-heading-level-4'><a class=\"ez-toc-link ez-toc-heading-9\" href=\"https:\/\/comparemyjet.com\/nb\/fly-aeolus\/#Our_Recommendation_The_Cirrus_SR22\" >V\u00e5r anbefaling: Cirrus SR22<\/a><\/li><\/ul><\/li><\/ul><\/li><li class='ez-toc-page-1 ez-toc-heading-level-2'><a class=\"ez-toc-link ez-toc-heading-10\" href=\"https:\/\/comparemyjet.com\/nb\/fly-aeolus\/#Cancellation_Insurance\" >Avbestillingsforsikring<\/a><\/li><li class='ez-toc-page-1 ez-toc-heading-level-2'><a class=\"ez-toc-link ez-toc-heading-11\" href=\"https:\/\/comparemyjet.com\/nb\/fly-aeolus\/#De-icing_Insurance\" >Avisingsforsikring<\/a><\/li><li class='ez-toc-page-1 ez-toc-heading-level-2'><a class=\"ez-toc-link ez-toc-heading-12\" href=\"https:\/\/comparemyjet.com\/nb\/fly-aeolus\/#Fly_Aeolus_Taxi_Service\" >Fly Aeolus drosjetjeneste<\/a><\/li><li class='ez-toc-page-1 ez-toc-heading-level-2'><a class=\"ez-toc-link ez-toc-heading-13\" href=\"https:\/\/comparemyjet.com\/nb\/fly-aeolus\/#Pet_Policy\" >Retningslinjer for kj\u00e6ledyr<\/a><\/li><li class='ez-toc-page-1 ez-toc-heading-level-2'><a class=\"ez-toc-link ez-toc-heading-14\" href=\"https:\/\/comparemyjet.com\/nb\/fly-aeolus\/#Company_Safety_Policy_and_Standards\" >Selskapets sikkerhetspolicy og -standarder<\/a><\/li><li class='ez-toc-page-1 ez-toc-heading-level-2'><a class=\"ez-toc-link ez-toc-heading-15\" href=\"https:\/\/comparemyjet.com\/nb\/fly-aeolus\/#Company_Staff\" >Selskapets ansatte<\/a><\/li><li class='ez-toc-page-1 ez-toc-heading-level-2'><a class=\"ez-toc-link ez-toc-heading-16\" href=\"https:\/\/comparemyjet.com\/nb\/fly-aeolus\/#Conclusion\" >Konklusjon<\/a><\/li><\/ul><\/nav><\/div>\n<h2 class=\"wp-block-heading\"><span class=\"ez-toc-section\" id=\"Company_History\"><\/span>Selskapets historie<span class=\"ez-toc-section-end\"><\/span><\/h2>\r\n\r\n\r\n\r\n<p>Fly Aeolus ble etablert i 2009 av medstifterne og flyentusiastene Stefaan Ghijs og Vincent Wigmans. Ghijs har en mastergrad i flyteknikk, mens Wigmans hadde erfaring fra reparasjonsbransjen for privatfly.&nbsp;<\/p>\r\n\r\n\r\n\r\n<p>Selskapets f\u00f8rste flyvning gikk fra Antwerpen i Belgia til Vichy i Frankrike i 2011. Fly Aeolus utvidet snart operasjonsomr\u00e5det til \u00e5 omfatte hele kontinentet, f\u00f8rst med destinasjoner i Tyskland og Nederland.&nbsp;<\/p>\r\n\r\n\r\n\r\n<p>I 2015 inngikk Fly Aeolus et samarbeid med det belgiske flytaxiselskapet SkyCab, og i 2019 grunnla de Fly Aeolus Aircraft Sales and Acquisitions, en ny avdeling av Fly Aeolus.<\/p>\r\n\r\n\r\n\r\n<p>En ordning med delt eierskap er grunnlaget for selskapets tjenester. Private eiere stiller flyene sine til disposisjon for utleie og f\u00e5r provisjon for hver time de flyr.&nbsp;<\/p>\r\n\r\n\r\n\r\n<h2 class=\"wp-block-heading\"><span class=\"ez-toc-section\" id=\"Pricing\"><\/span>Priser<span class=\"ez-toc-section-end\"><\/span><\/h2>\r\n\r\n\r\n\r\n<p>Fly Aeolus tar en fast pris for alle flyreiser. Prisen fastsettes p\u00e5 grunnlag av reiseruten din - omstendighetene rundt reisen, antall flytimer og om det er enveis- eller tur-retur. Hvis du \u00f8nsker \u00e5 spare penger, er det best \u00e5 bestille en tur-retur-reise p\u00e5 samme dag, og du kan alltids dele flyreisen og dele kostnadene ved \u00e5 ta med reisef\u00f8lge.<\/p>\r\n\r\n\r\n\r\n<p>Fly Aeolus drives p\u00e5 basis av delt eierskap. Selskapet krever et inngangsgebyr p\u00e5 \u20ac 995,00 (ekskl. mva.) for nye kunder, noe som gj\u00f8r dem til aksjon\u00e6rer i et fly i Fly Aeolus-fl\u00e5ten. Hvis du bestemmer deg for ikke \u00e5 benytte deg av Fly Aeolus' tjenester etter registreringen, betaler Fly Aeolus tilbake bel\u00f8pet minus et administrasjonsgebyr p\u00e5 150,00 euro. Du kan ta en pr\u00f8veflyvning f\u00f8r registrering for \u00e5 oppleve jetflyet og se om det er det du leter etter.<\/p>\r\n\r\n\r\n\r\n<h2 class=\"wp-block-heading\"><span class=\"ez-toc-section\" id=\"Membership_Programs\"><\/span>Medlemskapsprogrammer<span class=\"ez-toc-section-end\"><\/span><\/h2>\r\n\r\n\r\n\r\n<p>Fly Aeolus' medlemsprogrammer har til hensikt \u00e5 spare passasjerer for penger og tid p\u00e5 kontinentale flyvninger, siden alle fly og piloter allerede befinner seg i Europa, og gir medlemmene mulighet til \u00e5 spare 5-10% p\u00e5 flyreiser sammenlignet med prisen for ikke-medlemmer. La oss se n\u00e6rmere p\u00e5 dem.<\/p>\r\n\r\n\r\n\r\n<h3 class=\"wp-block-heading\"><span class=\"ez-toc-section\" id=\"Pay_As_You_Fly\"><\/span>Betal etter hvert som du flyr<span class=\"ez-toc-section-end\"><\/span><\/h3>\r\n\r\n\r\n\r\n<p>Du trenger ikke \u00e5 v\u00e6re medlem for \u00e5 fly med Cirrus SR-22; det er mulig \u00e5 betale etter hvert som du flyr. Fly Aeolus har en nettkalkulator som hjelper deg med \u00e5 planlegge og bestille din neste tur, som du f\u00e5r tilgang til ved \u00e5 f\u00f8lge denne linken <a href=\"https:\/\/flyaeolus.com\/plan-book\/\" target=\"_blank\" rel=\"noopener\">lenke<\/a> for mer detaljert informasjon.<\/p>\r\n\r\n\r\n\r\n<h3 class=\"wp-block-heading\"><span class=\"ez-toc-section\" id=\"Personal_Membership\"><\/span>Personlig medlemskap<span class=\"ez-toc-section-end\"><\/span><\/h3>\r\n\r\n\r\n\r\n<p>Personal Membership-programmet er utviklet for deg som reiser regelmessig. Med dette programmet f\u00e5r du 5%-rabatt p\u00e5 alle flyreiser, i tillegg til avbestillingsforsikring som er inkludert i prisen.&nbsp;<\/p>\r\n\r\n\r\n\r\n<h3 class=\"wp-block-heading\"><span class=\"ez-toc-section\" id=\"Business_Membership\"><\/span>Bedriftsmedlemskap<span class=\"ez-toc-section-end\"><\/span><\/h3>\r\n\r\n\r\n\r\n<p>Fly Aeolus tilbyr Business Membership-programmet for hyppige reisende. Du m\u00e5 betale en m\u00e5nedlig medlemsavgift p\u00e5 \u20ac100,00 for \u00e5 bli medlem. Du f\u00e5r 10%-rabatt p\u00e5 alle flyreiser, samt avbestillingsforsikring og taxibestillingsassistanse, alt inkludert i prisen.<\/p>\r\n\r\n\r\n\r\n<h2 class=\"wp-block-heading\"><span class=\"ez-toc-section\" id=\"The_Fleet\"><\/span>Fl\u00e5ten&nbsp;<span class=\"ez-toc-section-end\"><\/span><\/h2>\r\n\r\n\r\n\r\n<figure class=\"wp-block-image size-full is-style-default\"><img loading=\"lazy\" decoding=\"async\" width=\"1000\" height=\"667\" src=\"https:\/\/comparemyjet.com\/wp-content\/uploads\/2022\/07\/The-Cirrus-SR22.jpg\" alt=\"Fly Aeolus\" class=\"wp-image-3145\" srcset=\"https:\/\/comparemyjet.com\/wp-content\/uploads\/2022\/07\/The-Cirrus-SR22-18x12.jpg 18w, https:\/\/comparemyjet.com\/wp-content\/uploads\/2022\/07\/The-Cirrus-SR22-300x200.jpg 300w, https:\/\/comparemyjet.com\/wp-content\/uploads\/2022\/07\/The-Cirrus-SR22-768x512.jpg 768w, https:\/\/comparemyjet.com\/wp-content\/uploads\/2022\/07\/The-Cirrus-SR22.jpg 1000w\" sizes=\"auto, (max-width: 1000px) 100vw, 1000px\" \/><\/figure>\r\n\r\n\r\n\r\n<p>Fly Aeolus har en fl\u00e5te best\u00e5ende av kun Cirrus SR-22-fly. Og det er ingen tilfeldighet - disse flyene regnes av COPA (Cirrus Owners &amp; Pilots Association) og AOPA (Aircraft Owners &amp; Pilots Association) som et av de sikreste enmotors jetflyene i flybransjen, takket v\u00e6re Cirrus Airframe Parachute System. Fly Aeolus er Europas st\u00f8rste Cirrus-leverand\u00f8r med 15 SR-22-fly i drift, og hvert av dem kan ta opptil tre passasjerer.&nbsp;<\/p>\r\n\r\n\r\n\r\n<h3 class=\"wp-block-heading\"><span class=\"ez-toc-section\" id=\"1_Light_Private_Jets\"><\/span>1. Lette private jetfly<span class=\"ez-toc-section-end\"><\/span><\/h3>\r\n\r\n\r\n\r\n<p>Lette private jetfly er perfekte for reiser til sm\u00e5 flyplasser og vanskelig tilgjengelige steder, slik at du kan bes\u00f8ke utilgjengelige fjell og vakre strender.<\/p>\r\n\r\n\r\n\r\n<h4 class=\"wp-block-heading\"><span class=\"ez-toc-section\" id=\"Our_Recommendation_The_Cirrus_SR22\"><\/span>V\u00e5r anbefaling: Cirrus SR22<span class=\"ez-toc-section-end\"><\/span><\/h4>\r\n\r\n\r\n\r\n<p>Cirrus SR22 er et komposittfly produsert av Cirrus Aircraft i 2001. Det er en kraftigere variant av Cirrus CIRRUS SR-20, med st\u00f8rre vinge, \u00f8kt drivstoffkapasitet og fast landingsutstyr.<\/p>\r\n\r\n\r\n\r\n<p>Dette er et fly med fire seter (1 pilot og tre passasjerer), designet for \u00e5 lande p\u00e5 lokale flyplasser. Cirrus SR22 gir tilgang til mer enn 1500 flyplasser rundt om i Europa, slik at du kan lande p\u00e5 lokale flyplasser som kommersielle fly sjelden bes\u00f8ker.&nbsp;<\/p>\r\n\r\n\r\n\r\n<p>Cirrus-flyene har en bagasjekapasitet p\u00e5 10 kilo per passasjer, og er de eneste flyene som har et fallskjermsystem for n\u00f8doperasjoner for hele flyet som standardutstyr.<\/p>\r\n\r\n\r\n\r\n<p>Spesifikasjoner:<\/p>\r\n\r\n\r\n\r\n<ul class=\"wp-block-list\"><li>Passasjerer: 3;<\/li><li>Kabinbredde: 4 fot 1 tommer;<\/li><li>Kup\u00e9volum: 137 kubikkmeter;<\/li><li>Kabinh\u00f8yde: 4 fot 2 tommer;<\/li><li>Hyttelengde: 8 fot;<\/li><li>Innvendig bagasje: 32 kubikkfot;<\/li><li>Maks hastighet: 186 kts;<\/li><li>Maks. rekkevidde: 1100 nm;<\/li><li>Mannskap: 1;<\/li><li>Ikke noe toalett;<\/li><li>Ingen WiFi.<\/li><\/ul>\r\n\r\n\r\n\r\n<h2 class=\"wp-block-heading\"><span class=\"ez-toc-section\" id=\"Cancellation_Insurance\"><\/span>Avbestillingsforsikring<span class=\"ez-toc-section-end\"><\/span><\/h2>\r\n\r\n\r\n\r\n<p>Fly Aeolus tilbyr en avbestillingsforsikring som koster \u20ac 200 (ekskl. merverdiavgift), og som gir deg mulighet til \u00e5 avbestille eller utsette flyreisen hvis planene dine blir forstyrret av en uforutsett hendelse.&nbsp;<\/p>\r\n\r\n\r\n\r\n<p>Hvis du ikke \u00f8nsker \u00e5 betale for avbestillingsforsikringen og flyreisen blir innstilt eller utsatt etter bekreftelse, m\u00e5 du betale et tilleggsgebyr. Hvis du avbestiller flyreisen mellom 7 dager og 24 timer f\u00f8r planlagt avgangstid, vil Fly Aeolus kreve et gebyr p\u00e5 25% av de totale flykostnadene. Hvis avbestillingen skjer mellom 24 og 5 timer f\u00f8r avreise, vil selskapet kreve et avbestillingsgebyr p\u00e5 50% av de totale flyutgiftene. Et avbestillingsgebyr p\u00e5 100% av de totale flykostnadene vil bli belastet hvis du avbestiller mindre enn 5 timer f\u00f8r planlagt avgangstid eller hvis du ikke m\u00f8ter opp.<\/p>\r\n\r\n\r\n\r\n<h2 class=\"wp-block-heading\"><span class=\"ez-toc-section\" id=\"De-icing_Insurance\"><\/span>Avisingsforsikring<span class=\"ez-toc-section-end\"><\/span><\/h2>\r\n\r\n\r\n\r\n<figure class=\"wp-block-image size-full is-style-default\"><img loading=\"lazy\" decoding=\"async\" width=\"1000\" height=\"667\" src=\"https:\/\/comparemyjet.com\/wp-content\/uploads\/2022\/07\/De-icing-Insurance.jpg\" alt=\"\" class=\"wp-image-3146\" srcset=\"https:\/\/comparemyjet.com\/wp-content\/uploads\/2022\/07\/De-icing-Insurance-18x12.jpg 18w, https:\/\/comparemyjet.com\/wp-content\/uploads\/2022\/07\/De-icing-Insurance-300x200.jpg 300w, https:\/\/comparemyjet.com\/wp-content\/uploads\/2022\/07\/De-icing-Insurance-768x512.jpg 768w, https:\/\/comparemyjet.com\/wp-content\/uploads\/2022\/07\/De-icing-Insurance.jpg 1000w\" sizes=\"auto, (max-width: 1000px) 100vw, 1000px\" \/><\/figure>\r\n\r\n\r\n\r\n<p>En slik forsikring vil v\u00e6re nyttig, spesielt i de kaldere m\u00e5nedene. Fly Aeolus anbefaler deg \u00e5 tegne denne tjenesten f\u00f8r avgang.&nbsp;<\/p>\r\n\r\n\r\n\r\n<p>Om vinteren kan flytaxien bli dekket av is eller sn\u00f8, og is og sn\u00f8 m\u00e5 fjernes f\u00f8r den kan lette. Kostnadene forbundet med dette er vanskelige \u00e5 forutsi, s\u00e5 for \u00e5 gj\u00f8re deg tryggere tilbyr selskapet noen forsikringsalternativer basert p\u00e5 faren for ising.<\/p>\r\n\r\n\r\n\r\n<ul class=\"wp-block-list\"><li>Frem til fem dager f\u00f8r avreise koster avisingsforsikringen \u20ac 150,00 (ekskl. mva.) for en enkeltreise.<\/li><li>Mellom 5 og 72 timer f\u00f8r avreise koster denne forsikringen \u20ac 250,00 (ekskl. mva.) for en enkeltreise.<\/li><li>Mellom 72 og 24 timer f\u00f8r avreise m\u00e5 du betale opptil \u20ac 350,00 (ekskl. mva.) for en enveis avisingsforsikring.<\/li><\/ul>\r\n\r\n\r\n\r\n<p>Hvis du ikke velger et av valgene ovenfor, vil du bli fakturert alle n\u00f8dvendige avisingsgebyrer etter turen.<\/p>\r\n\r\n\r\n\r\n<h2 class=\"wp-block-heading\"><span class=\"ez-toc-section\" id=\"Fly_Aeolus_Taxi_Service\"><\/span>Fly Aeolus drosjetjeneste<span class=\"ez-toc-section-end\"><\/span><\/h2>\r\n\r\n\r\n\r\n<p>Fly Aeolus kan bestille drosje for deg hos en av sine hyppige taxipartnere. Fortell dem hvor du skal, s\u00e5 s\u00f8rger de for at drosjen venter p\u00e5 deg n\u00e5r du ankommer flyplassen. Hvis noen henter deg p\u00e5 flyplassen, tilbyr selskapet \u00e5 sende dine spesifikke flydata slik at venner eller familie kan f\u00f8lge flytaxien i sanntid.<\/p>\r\n\r\n\r\n\r\n<h2 class=\"wp-block-heading\"><span class=\"ez-toc-section\" id=\"Pet_Policy\"><\/span>Retningslinjer for kj\u00e6ledyr<span class=\"ez-toc-section-end\"><\/span><\/h2>\r\n\r\n\r\n\r\n<p>N\u00e5r du flyr kommersielt, kan du ta med kj\u00e6ledyret ditt i flyet hvis transportkassen er mindre enn 47 cm lang, 30 cm bred og 27 cm h\u00f8y. Kj\u00e6ledyret m\u00e5 ogs\u00e5 befinne seg under setet ditt i en godkjent transportkasse og ikke veie mer enn 10 kg. Av sikkerhetshensyn kan du ikke \u00e5pne transportkassen eller flytte den. Dette ser ut til \u00e5 v\u00e6re den st\u00f8rste ulempen de har sammenlignet med andre private charterselskaper, men det er likevel \u00e5 foretrekke fremfor \u00e5 fly dem i lasteavdelingen p\u00e5 en kommersiell flyvning.<\/p>\r\n\r\n\r\n\r\n<p>Det er noe helt annet \u00e5 ta med kj\u00e6ledyret ditt p\u00e5 en privatflyvning. Fly Aeolus behandler alle kj\u00e6ledyr som flyr med dem som gjester, og s\u00f8rger for at kj\u00e6ledyret ditt f\u00e5r en rolig og behagelig reise.<\/p>\r\n\r\n\r\n\r\n<p>Kj\u00e6ledyret ditt er ikke innesperret i bagasjerommet, men kan kose seg ved siden av deg p\u00e5 et teppe, og du kan v\u00e6re sikker p\u00e5 at kj\u00e6ledyret ditt er komfortabelt og trygt.&nbsp;<\/p>\r\n\r\n\r\n\r\n<p>Selv om du kan reise med kj\u00e6ledyret ditt, er det n\u00f8dvendig med litt planlegging p\u00e5 forh\u00e5nd. <a href=\"https:\/\/flyaeolus.com\/blog\/pet-travel-private-jet-air-taxi\/\" target=\"_blank\" rel=\"noopener\">lenke<\/a> for ytterligere informasjon om transport av kj\u00e6ledyret ditt med Aeolus.<\/p>\r\n\r\n\r\n\r\n<h2 class=\"wp-block-heading\"><span class=\"ez-toc-section\" id=\"Company_Safety_Policy_and_Standards\"><\/span>Selskapets sikkerhetspolicy og -standarder<span class=\"ez-toc-section-end\"><\/span><\/h2>\r\n\r\n\r\n\r\n<p>Alle flyene deres unders\u00f8kes regelmessig, og pilotene gjennomg\u00e5r \u00e5rlige medisinske kontroller. I tillegg er alle flyene utstyrt med CAPS (Cirrus Airframe Parachute System), som er et ballistisk fallskjermsystem for hele flyet som er utviklet eksklusivt for Cirrus-fly.<\/p>\r\n\r\n\r\n\r\n<h2 class=\"wp-block-heading\"><span class=\"ez-toc-section\" id=\"Company_Staff\"><\/span>Selskapets ansatte<span class=\"ez-toc-section-end\"><\/span><\/h2>\r\n\r\n\r\n\r\n<p>Aeolus-staben best\u00e5r av eksperter fra en rekke omr\u00e5der innen forretningsflyging og kvalifiserte Cirrus-piloter og -instrukt\u00f8rer. Alle Fly Aeolus-pilotene har sertifikat for yrkesflyging (CPL) eller flygebevis (ATPL), har 500 timer eller mer flytid og har gjennomg\u00e5tt oppl\u00e6ringsprogrammet for Cirrus SR22.&nbsp;<\/p>\r\n\r\n\r\n\r\n<h2 class=\"wp-block-heading\"><span class=\"ez-toc-section\" id=\"Conclusion\"><\/span>Konklusjon<span class=\"ez-toc-section-end\"><\/span><\/h2>\r\n\r\n\r\n\r\n<figure class=\"wp-block-image size-full is-style-default\"><img loading=\"lazy\" decoding=\"async\" width=\"1000\" height=\"667\" src=\"https:\/\/comparemyjet.com\/wp-content\/uploads\/2022\/07\/cute.dog_.dressed.as_.a.pilot_.standing.infront.of_.a.jet_.jpg\" alt=\"\" class=\"wp-image-3147\" srcset=\"https:\/\/comparemyjet.com\/wp-content\/uploads\/2022\/07\/cute.dog_.dressed.as_.a.pilot_.standing.infront.of_.a.jet_-18x12.jpg 18w, https:\/\/comparemyjet.com\/wp-content\/uploads\/2022\/07\/cute.dog_.dressed.as_.a.pilot_.standing.infront.of_.a.jet_-300x200.jpg 300w, https:\/\/comparemyjet.com\/wp-content\/uploads\/2022\/07\/cute.dog_.dressed.as_.a.pilot_.standing.infront.of_.a.jet_-768x512.jpg 768w, https:\/\/comparemyjet.com\/wp-content\/uploads\/2022\/07\/cute.dog_.dressed.as_.a.pilot_.standing.infront.of_.a.jet_.jpg 1000w\" sizes=\"auto, (max-width: 1000px) 100vw, 1000px\" \/><\/figure>\r\n\r\n\r\n\r\n<p>Fly Aeolus er det f\u00f8rste flyselskapet i Europa som bruker en fraksjonert eierskapsmodell for \u00e5 tilby flytaxitjenester med enkle stempelfly. Fly Aeolus tilbyr ogs\u00e5 tre ulike jetkortprogrammer og gir tilgang til mer enn 1000 sm\u00e5flyplasser i Europa med Cirrus SR22-fl\u00e5ten. Fly Aeolus er flytaxitjenesten for deg som \u00f8nsker \u00e5 dra p\u00e5 sightseeing, eller som reiser sammen med et par andre.&nbsp;<\/p>","protected":false},"excerpt":{"rendered":"<p>Fly Aeolus er en belgisk flytaxitjeneste (privat charter) som har operert i Europa siden 2009. Selskapet er basert i Antwerpen og har kontorer i Berlin og Rotterdam.  Du kan fly fra over 1500 flyplasser over hele det europeiske kontinentet i et av deres Cirrus SR-22-fly, som regnes som et av de sikreste enmotors jetflyene i ...<\/p>","protected":false},"author":2,"featured_media":3098,"parent":0,"menu_order":0,"comment_status":"closed","ping_status":"closed","template":"","meta":{"_acf_changed":false,"_genesis_hide_title":false,"_genesis_hide_breadcrumbs":false,"_genesis_hide_singular_image":false,"_genesis_hide_footer_widgets":false,"_genesis_custom_body_class":"","_genesis_custom_post_class":"","_genesis_layout":"","footnotes":""},"class_list":{"1":"page","2":"type-page","6":"entry"},"acf":[],"_links":{"self":[{"href":"https:\/\/comparemyjet.com\/nb\/wp-json\/wp\/v2\/pages\/3144","targetHints":{"allow":["GET"]}}],"collection":[{"href":"https:\/\/comparemyjet.com\/nb\/wp-json\/wp\/v2\/pages"}],"about":[{"href":"https:\/\/comparemyjet.com\/nb\/wp-json\/wp\/v2\/types\/page"}],"author":[{"embeddable":true,"href":"https:\/\/comparemyjet.com\/nb\/wp-json\/wp\/v2\/users\/2"}],"replies":[{"embeddable":true,"href":"https:\/\/comparemyjet.com\/nb\/wp-json\/wp\/v2\/comments?post=3144"}],"version-history":[{"count":2,"href":"https:\/\/comparemyjet.com\/nb\/wp-json\/wp\/v2\/pages\/3144\/revisions"}],"predecessor-version":[{"id":3444,"href":"https:\/\/comparemyjet.com\/nb\/wp-json\/wp\/v2\/pages\/3144\/revisions\/3444"}],"wp:featuredmedia":[{"embeddable":true,"href":"https:\/\/comparemyjet.com\/nb\/wp-json\/wp\/v2\/media\/3098"}],"wp:attachment":[{"href":"https:\/\/comparemyjet.com\/nb\/wp-json\/wp\/v2\/media?parent=3144"}],"curies":[{"name":"wp","href":"https:\/\/api.w.org\/{rel}","templated":true}]}}