{"id":3154,"date":"2022-07-27T01:01:52","date_gmt":"2022-07-27T01:01:52","guid":{"rendered":"https:\/\/comparemyjet.com\/?page_id=3154"},"modified":"2025-09-04T09:59:33","modified_gmt":"2025-09-04T09:59:33","slug":"nicholas-air","status":"publish","type":"page","link":"https:\/\/comparemyjet.com\/nb\/nicholas-air\/","title":{"rendered":"NICHOLAS AIR Flypriser"},"content":{"rendered":"<p>NICHOLAS AIR skiller seg ut fra de fleste andre private flyselskaper ved \u00e5 tilby de mest moderne og tilpassede alternativene for private flyreiser. NICHOLAS AIRs rykte for utmerket kundeservice, fly av h\u00f8y kvalitet og plettfri sikkerhet har tiltrukket seg mange reisende. NICHOLAS AIR har utviklet seg til \u00e5 gj\u00f8re det lille ekstra for sine kunder, fra dedikerte personlige reisekonsulenter til besetningen.&nbsp;<\/p>\r\n\r\n\r\n\r\n<div id=\"ez-toc-container\" class=\"ez-toc-v2_0_76 counter-hierarchy ez-toc-counter ez-toc-grey ez-toc-container-direction\">\n<p class=\"ez-toc-title\" style=\"cursor:inherit\">Temaer<\/p>\n<label for=\"ez-toc-cssicon-toggle-item-69ede8ac5494e\" class=\"ez-toc-cssicon-toggle-label\"><span class=\"\"><span class=\"eztoc-hide\" style=\"display:none;\">Toggle<\/span><span class=\"ez-toc-icon-toggle-span\"><svg style=\"fill: #999;color:#999\" xmlns=\"http:\/\/www.w3.org\/2000\/svg\" class=\"list-377408\" width=\"20px\" height=\"20px\" viewbox=\"0 0 24 24\" fill=\"none\"><path d=\"M6 6H4v2h2V6zm14 0H8v2h12V6zM4 11h2v2H4v-2zm16 0H8v2h12v-2zM4 16h2v2H4v-2zm16 0H8v2h12v-2z\" fill=\"currentColor\"><\/path><\/svg><svg style=\"fill: #999;color:#999\" class=\"arrow-unsorted-368013\" xmlns=\"http:\/\/www.w3.org\/2000\/svg\" width=\"10px\" height=\"10px\" viewbox=\"0 0 24 24\" version=\"1.2\" baseprofile=\"tiny\"><path d=\"M18.2 9.3l-6.2-6.3-6.2 6.3c-.2.2-.3.4-.3.7s.1.5.3.7c.2.2.4.3.7.3h11c.3 0 .5-.1.7-.3.2-.2.3-.5.3-.7s-.1-.5-.3-.7zM5.8 14.7l6.2 6.3 6.2-6.3c.2-.2.3-.5.3-.7s-.1-.5-.3-.7c-.2-.2-.4-.3-.7-.3h-11c-.3 0-.5.1-.7.3-.2.2-.3.5-.3.7s.1.5.3.7z\"\/><\/svg><\/span><\/span><\/label><input type=\"checkbox\"  id=\"ez-toc-cssicon-toggle-item-69ede8ac5494e\" checked aria-label=\"Toggle\" \/><nav><ul class='ez-toc-list ez-toc-list-level-1' ><li class='ez-toc-page-1 ez-toc-heading-level-2'><a class=\"ez-toc-link ez-toc-heading-1\" href=\"https:\/\/comparemyjet.com\/nb\/nicholas-air\/#Company_History\" >Selskapets historie<\/a><\/li><li class='ez-toc-page-1 ez-toc-heading-level-2'><a class=\"ez-toc-link ez-toc-heading-2\" href=\"https:\/\/comparemyjet.com\/nb\/nicholas-air\/#Ways_to_Fly\" >M\u00e5ter \u00e5 fly p\u00e5<\/a><ul class='ez-toc-list-level-3' ><li class='ez-toc-heading-level-3'><a class=\"ez-toc-link ez-toc-heading-3\" href=\"https:\/\/comparemyjet.com\/nb\/nicholas-air\/#Membership_Programs\" >Medlemskapsprogrammer<\/a><\/li><li class='ez-toc-page-1 ez-toc-heading-level-3'><a class=\"ez-toc-link ez-toc-heading-4\" href=\"https:\/\/comparemyjet.com\/nb\/nicholas-air\/#Fractional_Ownership\" >Fraksjonert eierskap<\/a><\/li><li class='ez-toc-page-1 ez-toc-heading-level-3'><a class=\"ez-toc-link ez-toc-heading-5\" href=\"https:\/\/comparemyjet.com\/nb\/nicholas-air\/#On-Demand_Jet_Leasing\" >On-Demand Jet Leasing<\/a><\/li><li class='ez-toc-page-1 ez-toc-heading-level-3'><a class=\"ez-toc-link ez-toc-heading-6\" href=\"https:\/\/comparemyjet.com\/nb\/nicholas-air\/#Aircraft_Management_100_hours\" >Flyadministrasjon | 100+ timer<\/a><\/li><\/ul><\/li><li class='ez-toc-page-1 ez-toc-heading-level-2'><a class=\"ez-toc-link ez-toc-heading-7\" href=\"https:\/\/comparemyjet.com\/nb\/nicholas-air\/#The_Fleet\" >Fl\u00e5ten&nbsp;<\/a><ul class='ez-toc-list-level-3' ><li class='ez-toc-heading-level-3'><a class=\"ez-toc-link ez-toc-heading-8\" href=\"https:\/\/comparemyjet.com\/nb\/nicholas-air\/#1_Turboprop\" >1. Turboprop<\/a><ul class='ez-toc-list-level-4' ><li class='ez-toc-heading-level-4'><a class=\"ez-toc-link ez-toc-heading-9\" href=\"https:\/\/comparemyjet.com\/nb\/nicholas-air\/#Our_Recommendation_Pilatus_PC-12\" >V\u00e5r anbefaling: Pilatus PC-12<\/a><\/li><\/ul><\/li><li class='ez-toc-page-1 ez-toc-heading-level-3'><a class=\"ez-toc-link ez-toc-heading-10\" href=\"https:\/\/comparemyjet.com\/nb\/nicholas-air\/#2_Light_and_Very_Light_Private_Jets\" >2. Lette og sv\u00e6rt lette privatfly<\/a><ul class='ez-toc-list-level-4' ><li class='ez-toc-heading-level-4'><a class=\"ez-toc-link ez-toc-heading-11\" href=\"https:\/\/comparemyjet.com\/nb\/nicholas-air\/#Our_Recommendation_Citation_CJ3_Phenom_300\" >V\u00e5r anbefaling: Citation CJ3, Phenom 300<\/a><\/li><\/ul><\/li><li class='ez-toc-page-1 ez-toc-heading-level-3'><a class=\"ez-toc-link ez-toc-heading-12\" href=\"https:\/\/comparemyjet.com\/nb\/nicholas-air\/#3_Super-Midsize_Private_Jets\" >3. Super-mellomstore privatfly<\/a><ul class='ez-toc-list-level-4' ><li class='ez-toc-heading-level-4'><a class=\"ez-toc-link ez-toc-heading-13\" href=\"https:\/\/comparemyjet.com\/nb\/nicholas-air\/#Our_Recommendation_Citation_Latitude\" >V\u00e5r anbefaling: Citation Latitude<\/a><\/li><\/ul><\/li><\/ul><\/li><li class='ez-toc-page-1 ez-toc-heading-level-2'><a class=\"ez-toc-link ez-toc-heading-14\" href=\"https:\/\/comparemyjet.com\/nb\/nicholas-air\/#Company_Safety_Policy_and_Standards\" >Selskapets sikkerhetspolicy og -standarder<\/a><\/li><li class='ez-toc-page-1 ez-toc-heading-level-2'><a class=\"ez-toc-link ez-toc-heading-15\" href=\"https:\/\/comparemyjet.com\/nb\/nicholas-air\/#Pilots\" >Piloter<\/a><\/li><li class='ez-toc-page-1 ez-toc-heading-level-2'><a class=\"ez-toc-link ez-toc-heading-16\" href=\"https:\/\/comparemyjet.com\/nb\/nicholas-air\/#Partnerships\" >Partnerskap<\/a><\/li><li class='ez-toc-page-1 ez-toc-heading-level-2'><a class=\"ez-toc-link ez-toc-heading-17\" href=\"https:\/\/comparemyjet.com\/nb\/nicholas-air\/#Conclusion\" >Konklusjon<\/a><\/li><\/ul><\/nav><\/div>\n<h2 class=\"wp-block-heading\"><span class=\"ez-toc-section\" id=\"Company_History\"><\/span>Selskapets historie<span class=\"ez-toc-section-end\"><\/span><\/h2>\r\n\r\n\r\n\r\n<p>Selskapets grunnlegger og CEO, Nicholas Correnti, er en erfaren pilot med en lidenskap for luftfart fra tidlig alder. Correnti begynte \u00e5 fly i ten\u00e5rene og oppn\u00e5dde til og med en verdensrekord etter \u00e5 ha fl\u00f8yet fire fly alene p\u00e5 16-\u00e5rsdagen sin, etter \u00e5 ha oppn\u00e5dd over 1000 flytimer p\u00e5 bare fire \u00e5r. Til slutt viet han hele sitt fokus til NICHOLAS AIR, som han grunnla i 1997.&nbsp;<\/p>\r\n\r\n\r\n\r\n<p>NICHOLAS AIR startet som et lite regionalt flyselskap med kontorer i North Carolina og Arkansas, og spesialiserte seg p\u00e5 <a href=\"https:\/\/comparemyjet.com\/nb\/what-are-some-aircraft-management-companies\/\" data-internallinksmanager029f6b8e52c=\"21\" title=\"Flyadministrasjonstjenester og -selskaper\">flyadministrasjon<\/a> og leasingprogrammer. Selskapet ble raskt anerkjent for \u00e5 ha de nyeste flyene p\u00e5 markedet, og utvidet tjenestene sine ved \u00e5 tilby tilpasningsdyktige jetkortprogrammer og sv\u00e6rt individuell kundeservice.<\/p>\r\n\r\n\r\n\r\n<p>Som et resultat av teamets engasjement for selskapets m\u00e5l opplever NICHOLAS AIR for tiden en ansvarlig ekspansjon, alt fra den splitter nye, toppmoderne basen i Oxford, Mississippi. M\u00e5let Nicholas Correnti hadde i tankene da han grunnla selskapet for 25 \u00e5r siden, er n\u00e5 oppn\u00e5dd takket v\u00e6re selskapets kontinuerlige utvikling og allianser.<\/p>\r\n\r\n\r\n\r\n<h2 class=\"wp-block-heading\"><span class=\"ez-toc-section\" id=\"Ways_to_Fly\"><\/span>M\u00e5ter \u00e5 fly p\u00e5<span class=\"ez-toc-section-end\"><\/span><\/h2>\r\n\r\n\r\n\r\n<figure class=\"wp-block-image size-full is-style-default\"><img loading=\"lazy\" decoding=\"async\" width=\"1000\" height=\"667\" src=\"https:\/\/comparemyjet.com\/wp-content\/uploads\/2022\/07\/kid.flying.toy_.plane_.with_.family.jpg\" alt=\"\" class=\"wp-image-3158\" srcset=\"https:\/\/comparemyjet.com\/wp-content\/uploads\/2022\/07\/kid.flying.toy_.plane_.with_.family-18x12.jpg 18w, https:\/\/comparemyjet.com\/wp-content\/uploads\/2022\/07\/kid.flying.toy_.plane_.with_.family-300x200.jpg 300w, https:\/\/comparemyjet.com\/wp-content\/uploads\/2022\/07\/kid.flying.toy_.plane_.with_.family-768x512.jpg 768w, https:\/\/comparemyjet.com\/wp-content\/uploads\/2022\/07\/kid.flying.toy_.plane_.with_.family.jpg 1000w\" sizes=\"auto, (max-width: 1000px) 100vw, 1000px\" \/><\/figure>\r\n\r\n\r\n\r\n<p>NICHOLAS AIR tilbyr uovertrufne tjenester for privat- og forretningsfly via jetkortprogrammer, chartring av privatfly, programmer for delt eierskap og l\u00f8sninger for flyadministrasjon. La oss ta en n\u00e6rmere titt p\u00e5 hva hver enkelt tjeneste tilbyr.<\/p>\r\n\r\n\r\n\r\n<h3 class=\"wp-block-heading\"><span class=\"ez-toc-section\" id=\"Membership_Programs\"><\/span>Medlemskapsprogrammer<span class=\"ez-toc-section-end\"><\/span><\/h3>\r\n\r\n\r\n\r\n<p>NICHOLAS AIR-medlemmer kan benytte seg av deres tjenester over hele USA, Canada, Karibia og Mexico, og det er enkelt \u00e5 finne den perfekte medlemspakken som oppfyller deres reisebehov. Den banebrytende tiln\u00e6rmingen til privatflyging tilbyr tre ulike m\u00e5ter \u00e5 bli medlem p\u00e5:<\/p>\r\n\r\n\r\n\r\n<ul class=\"wp-block-list\"><li>Du kan kj\u00f8pe blokker av timer med en <strong>Bl\u00e5tt kort<\/strong> - et fantastisk valg for alle som liker \u00e5 fly p\u00e5 en bestemt flytype. Det er mulig \u00e5 oppgradere og nedgradere ved hjelp av det flyspesifikke, timebaserte Blue Card mot en liten avgift.<\/li><li>A <strong>Stigningskort<\/strong> er selskapets medlemsprogram som krever et depositum. Det er et praktisk valg for personer som trenger tilgang til hele fl\u00e5ten p\u00e5 ulike reiser. Medlemmer av det dollarbaserte Rise Card kan oppgradere eller nedgradere til de oppgitte prisene.&nbsp;<\/li><li>Pay As You Fly-alternativet med deres <strong>Smartkort<\/strong> gir deg oversiktlige timepriser for alle spesifikke reisebehov.<\/li><\/ul>\r\n\r\n\r\n\r\n<p>Ved \u00e5 bli medlem av en av <a href=\"https:\/\/www.nicholasair.com\/jet-programs\/jet-card\" target=\"_blank\" rel=\"noopener\">Jet-kort<\/a> som nevnt ovenfor, vil du dra nytte av at du ikke har noen innmeldings- eller medlemskostnader, ingen omplasseringsgebyrer, timer som aldri utl\u00f8per og ingen langsiktige forpliktelser.<\/p>\r\n\r\n\r\n\r\n<h3 class=\"wp-block-heading\"><span class=\"ez-toc-section\" id=\"Fractional_Ownership\"><\/span>Fraksjonert eierskap<span class=\"ez-toc-section-end\"><\/span><\/h3>\r\n\r\n\r\n\r\n<p>Deres <a href=\"https:\/\/www.nicholasair.com\/jet-programs\/jet-share\" target=\"_blank\" rel=\"noopener\">Jet-aksjer<\/a> programmet gir de samme fordelene som \u00e5 eie et fly til en br\u00f8kdel av prisen, mens Jet Lease-programmet tilbyr en m\u00e5nedlig betalingsordning uten den f\u00f8rste \u00f8konomiske forpliktelsen til et fly. NICHOLAS AIR tilbyr alle fordelene ved \u00e5 eie et fly uten \u00e5 m\u00e5tte forholde seg til drift og regelverk.<\/p>\r\n\r\n\r\n\r\n<p>For personer som \u00f8nsker \u00e5 dra nytte av flyeierskap og som reiser mellom 90 og 300 timer i \u00e5ret, er Nicholas Air <a href=\"https:\/\/comparemyjet.com\/nb\/how-does-fractional-jet-ownership-work\/\" data-internallinksmanager029f6b8e52c=\"20\" title=\"Hvordan fungerer Fractional Jet Ownership?\">Fractional Jet<\/a> Deling er et levedyktig alternativ. Kostnadene er som f\u00f8lger:<\/p>\r\n\r\n\r\n\r\n<ul class=\"wp-block-list\"><li>En engangsanskaffelsespris.<\/li><li>En serviceavgift.<\/li><li>En timebetaling for faktisk flytid.<\/li><\/ul>\r\n\r\n\r\n\r\n<h3 class=\"wp-block-heading\"><span class=\"ez-toc-section\" id=\"On-Demand_Jet_Leasing\"><\/span>On-Demand Jet Leasing<span class=\"ez-toc-section-end\"><\/span><\/h3>\r\n\r\n\r\n\r\n<p>For regelmessige reisende som reiser mer enn 90 timer i \u00e5ret, gjelder f\u00f8lgende <a href=\"https:\/\/www.nicholasair.com\/jet-programs\/jet-lease\" target=\"_blank\" rel=\"noopener\">Program for leie av jetfly<\/a> tilbyr en m\u00e5nedlig betalingsplan uten at du m\u00e5 forplikte deg til \u00e5 kj\u00f8pe et fly p\u00e5 forh\u00e5nd.<\/p>\r\n\r\n\r\n\r\n<h3 class=\"wp-block-heading\"><span class=\"ez-toc-section\" id=\"Aircraft_Management_100_hours\"><\/span>Flyadministrasjon | 100+ timer<span class=\"ez-toc-section-end\"><\/span><\/h3>\r\n\r\n\r\n\r\n<p>For personer som \u00f8nsker \u00e5 oppleve alle fordelene ved \u00e5 eie et privatfly eller et helt fly uten \u00e5 m\u00e5tte forholde seg til vanskelige flyprosedyrer og juridiske krav, tilbyr NICHOLAS AIR <a href=\"https:\/\/www.nicholasair.com\/jet-programs\/aircraft-management\" target=\"_blank\" rel=\"noopener\">Program for flyadministrasjon<\/a>.<\/p>\r\n\r\n\r\n\r\n<p>NICHOLAS AIR tilbyr en komplett flyadministrasjonstjeneste for personer eller bedrifter som \u00f8nsker \u00e5 eie et helt fly. Som en del av programmet har du mulighet til \u00e5 la flyet ditt inng\u00e5 i dry leasing-poolen, slik at du som eier kan tjene mer penger p\u00e5 flyet ditt n\u00e5r det ikke er i bruk.<\/p>\r\n\r\n\r\n\r\n<h2 class=\"wp-block-heading\"><span class=\"ez-toc-section\" id=\"The_Fleet\"><\/span>Fl\u00e5ten&nbsp;<span class=\"ez-toc-section-end\"><\/span><\/h2>\r\n\r\n\r\n\r\n<figure class=\"wp-block-image size-full is-style-default\"><img loading=\"lazy\" decoding=\"async\" width=\"1000\" height=\"667\" src=\"https:\/\/comparemyjet.com\/wp-content\/uploads\/2022\/07\/crew.greeting.a.woman_.boarding.on_.a.private.jet_.jpg\" alt=\"NICHOLAS AIR\" class=\"wp-image-3156\" srcset=\"https:\/\/comparemyjet.com\/wp-content\/uploads\/2022\/07\/crew.greeting.a.woman_.boarding.on_.a.private.jet_-18x12.jpg 18w, https:\/\/comparemyjet.com\/wp-content\/uploads\/2022\/07\/crew.greeting.a.woman_.boarding.on_.a.private.jet_-300x200.jpg 300w, https:\/\/comparemyjet.com\/wp-content\/uploads\/2022\/07\/crew.greeting.a.woman_.boarding.on_.a.private.jet_-768x512.jpg 768w, https:\/\/comparemyjet.com\/wp-content\/uploads\/2022\/07\/crew.greeting.a.woman_.boarding.on_.a.private.jet_.jpg 1000w\" sizes=\"auto, (max-width: 1000px) 100vw, 1000px\" \/><\/figure>\r\n\r\n\r\n\r\n<p>NICHOLAS AIR gir deg en enest\u00e5ende flyopplevelse og p\u00e5litelig service. De opererer en fl\u00e5te av <a href=\"https:\/\/comparemyjet.com\/nb\/pilatus\/\" data-internallinksmanager029f6b8e52c=\"152\" title=\"Den ultimate guiden til Pilatus privatfly og -jetfly\">Pilatus<\/a> Phenom 100, PC-12, Phenom 300, Citation CJ3, Challenger 300 og Citation Latitude. Alle flyene har en gjennomsnittsalder p\u00e5 fem \u00e5r p\u00e5 grunn av selskapets strenge policy om kun \u00e5 operere splitter nye fly, noe som gir kundene komforten ved \u00e5 reise i de mest moderne, sikre og teknologisk avanserte flyene.<\/p>\r\n\r\n\r\n\r\n<p>Noen tjenesteleverand\u00f8rer eier flyene sine, men flyr dem ikke; andre flyr flyene sine, men kj\u00f8per dem fra charteroperat\u00f8rer. Nicholas Air gj\u00f8r begge deler - de eier og driver flyfl\u00e5ten sin.&nbsp;<\/p>\r\n\r\n\r\n\r\n<p>De har tilgang til mer enn 9 000 flyplasser bare i USA, noe som gj\u00f8r det betydelig enklere \u00e5 komme frem til det endelige reisem\u00e5let.<\/p>\r\n\r\n\r\n\r\n<p>La oss ta en n\u00e6rmere titt p\u00e5 hva de tilbyr i sin flykatalog.<\/p>\r\n\r\n\r\n\r\n<h3 class=\"wp-block-heading\"><span class=\"ez-toc-section\" id=\"1_Turboprop\"><\/span>1. Turboprop<span class=\"ez-toc-section-end\"><\/span><\/h3>\r\n\r\n\r\n\r\n<p>Turboprops, som kombinerer jetmotorer med propeller, kombinerer hurtigheten til jetfly med sikkerheten til sm\u00e5fly. De fungerer godt i lave h\u00f8yder og ved hastigheter p\u00e5 maks. 450 mph. Dette gj\u00f8r dem til et praktisk alternativ for innenlandsflyvninger og landinger p\u00e5 mindre flyplasser.<\/p>\r\n\r\n\r\n\r\n<h4 class=\"wp-block-heading\"><span class=\"ez-toc-section\" id=\"Our_Recommendation_Pilatus_PC-12\"><\/span>V\u00e5r anbefaling: Pilatus PC-12<span class=\"ez-toc-section-end\"><\/span><\/h4>\r\n\r\n\r\n\r\n<p>PC-12 er kjent for sin robusthet, p\u00e5litelighet og tilpasningsevne, og kan lande p\u00e5 gressletter. Det bakre passasjerrommet har en stor lasteluke som gj\u00f8r det raskt \u00e5 skifte fra passasjermodus og enkelt \u00e5 laste stor bagasje.&nbsp;<\/p>\r\n\r\n\r\n\r\n<p>Spesifikasjoner:<\/p>\r\n\r\n\r\n\r\n<ul class=\"wp-block-list\"><li>Passasjerer: 6 til 9;<\/li><li>Kabinbredde: 5 fot;<\/li><li>Kabinh\u00f8yde: 4 fot 10 tommer;<\/li><li>Kabinelengde: 16 fot 11 tommer;<\/li><li>Maks. rekkevidde: 1 635 nm;<\/li><li>Maks cruisehastighet: 370 mph;<\/li><li>Innvendig bagasje: 40 kubikkfot.<\/li><\/ul>\r\n\r\n\r\n\r\n<p><em>Pilatus PC-12<\/em> er det eneste turbopropflyet som er tilgjengelig i NICHOLAS AIRs flykatalog.<\/p>\r\n\r\n\r\n\r\n<h3 class=\"wp-block-heading\"><span class=\"ez-toc-section\" id=\"2_Light_and_Very_Light_Private_Jets\"><\/span>2. Lette og sv\u00e6rt lette privatfly<span class=\"ez-toc-section-end\"><\/span><\/h3>\r\n\r\n\r\n\r\n<p>Et lett privatfly er det nest beste flyet du kan leie hos NICHOLAS AIR. Disse flyene har enest\u00e5ende tilgang til flyplasser og rullebaner. De er rimeligere og billigere \u00e5 vedlikeholde enn st\u00f8rre fly, i tillegg til at de er sv\u00e6rt tilgjengelige p\u00e5 grunn av sin lille st\u00f8rrelse og muligheten til \u00e5 lande praktisk talt hvor som helst. Den st\u00f8rste ulempen med \u00e5 leie et lite jetfly er rekkevidden. Siden de er mindre, kan de bare fly regionale turer.<\/p>\r\n\r\n\r\n\r\n<h4 class=\"wp-block-heading\"><span class=\"ez-toc-section\" id=\"Our_Recommendation_Citation_CJ3_Phenom_300\"><\/span>V\u00e5r anbefaling: Citation CJ3, Phenom 300<span class=\"ez-toc-section-end\"><\/span><\/h4>\r\n\r\n\r\n\r\n<p>Phenom 300 kommer fra den brasilianske produsenten <a href=\"https:\/\/comparemyjet.com\/nb\/embraer\/\" data-internallinksmanager029f6b8e52c=\"151\" title=\"Den ultimate guiden til Embraers private jetfly og fly\">Embraer<\/a> og har plass til opptil \u00e5tte personer. Dette privatflyet har status som det <a href=\"https:\/\/skiesmag.com\/press-releases\/embraers-phenom-300-series-tops-decade-of-product-excellence-with-10th-consecutive-year-as-best-selling-light-jet\/\" target=\"_blank\" rel=\"noopener\">det mest solgte lette privatflyet i verden<\/a> i ti \u00e5r p\u00e5 rad - fra 2011 til 2021. Helt klart verdt det for din neste private flyopplevelse, ikke sant?<\/p>\r\n\r\n\r\n\r\n<p>Spesifikasjoner:<\/p>\r\n\r\n\r\n\r\n<ul class=\"wp-block-list\"><li>Passasjerer: 9;<\/li><li>Kabinbredde: 5 f 1 int;<\/li><li>Kabinh\u00f8yde: 4 fot 11 tommer;<\/li><li>Kabinelengde: 17 fot 2 tommer;<\/li><li>Maks rekkevidde: 2 077 nm;<\/li><li>Maks marsjfart: 453 km\/t;<\/li><li>Utvendig bagasjeplass: 66 kubikkmeter;<\/li><li>Innvendig bagasjeplass: 19 cu ft.<\/li><\/ul>\r\n\r\n\r\n\r\n<p>I tillegg til <em>Sitat CJ3<\/em> og <em>Phenom 300<\/em> som en del av deres lette jetflyfl\u00e5te, tilbyr NICHOLAS AIR ogs\u00e5 <em>Phenom 100<\/em> som det eneste sv\u00e6rt lette jetflyet i deres flykatalog.<\/p>\r\n\r\n\r\n\r\n<h3 class=\"wp-block-heading\"><span class=\"ez-toc-section\" id=\"3_Super-Midsize_Private_Jets\"><\/span>3. Super-mellomstore privatfly<span class=\"ez-toc-section-end\"><\/span><\/h3>\r\n\r\n\r\n\r\n<p>Vurderer du \u00e5 planlegge en jobbreise med et m\u00f8te om bord eller en ferie med dine n\u00e6rmeste til et sted langt borte der dere kan tilbringe kvalitetstid sammen? I s\u00e5 fall kan du leie et supermellomstort fly med god plass, plass til h\u00e5ndbagasje og en behagelig reise som varer fra fem til \u00e5tte timer.<\/p>\r\n\r\n\r\n\r\n<h4 class=\"wp-block-heading\"><span class=\"ez-toc-section\" id=\"Our_Recommendation_Citation_Latitude\"><\/span>V\u00e5r anbefaling: Citation Latitude<span class=\"ez-toc-section-end\"><\/span><\/h4>\r\n\r\n\r\n\r\n<p>Det glatte gulvet og den h\u00f8ye kabinen er noen av de mest tiltalende egenskapene til Citation Latitude.&nbsp;<\/p>\r\n\r\n\r\n\r\n<p>Spesifikasjoner:<\/p>\r\n\r\n\r\n\r\n<ul class=\"wp-block-list\"><li>Passasjerer: 6 til 9;<\/li><li>Kabinbredde: 6 fot 4 tommer;<\/li><li>Kabinh\u00f8yde: 6 fot;<\/li><li>Kabinelengde: 21 fot 7 tommer;<\/li><li>Maksimal rekkevidde: 2 700 nm;<\/li><li>Maks cruisehastighet: 446 mph;<\/li><li>Utvendig bagasjeplass: 100 kubikkmeter;<\/li><li>Innvendig bagasjeplass: 27 cu ft.<\/li><\/ul>\r\n\r\n\r\n\r\n<p>I tillegg til <em>Sitat Breddegrad<\/em>NICHOLAS AIR tilbyr ogs\u00e5 <em>Challenger 300<\/em> som en del av katalogen for super-mellomstore fly.<\/p>\r\n\r\n\r\n\r\n<h2 class=\"wp-block-heading\"><span class=\"ez-toc-section\" id=\"Company_Safety_Policy_and_Standards\"><\/span>Selskapets sikkerhetspolicy og -standarder<span class=\"ez-toc-section-end\"><\/span><\/h2>\r\n\r\n\r\n\r\n<p>NICHOLAS AIRs sikkerhetsstyringssystem (SMS) overser systemets sikkerhets- og styringsprosedyrer som er anerkjent av <a href=\"https:\/\/www.icao.int\/Pages\/default.aspx\" target=\"_blank\" rel=\"noopener\">ICAO<\/a> og <a href=\"https:\/\/www.caa.com\/\" target=\"_blank\" rel=\"noopener\">CAA<\/a>. SMS-programmet presser hele tiden selskapet til \u00e5 evaluere driften og alle valg de tar. Det oppmuntrer til kontinuerlig forbedring av sikkerheten ved \u00e5 vurdere, analysere og kontrollere risiko ved hjelp av rapporter og datainnsamling. NICHOLAS AIRs SMS-program st\u00f8tter og utvider arbeidskulturen deres med \u00e5 tenke forutseende i stedet for reaktivt.<\/p>\r\n\r\n\r\n\r\n<p>NICHOLAS AIR er dessuten ARGUS Platinum-klassifisert. Den <a href=\"https:\/\/www.argus.aero\/\" target=\"_blank\" rel=\"noopener\">ARGUS<\/a> er det mest presise og grundige systemet for tredjepartsrevisjon av charteroperat\u00f8rer og st\u00e5r for det ypperste innen flybransjen.&nbsp;<\/p>\r\n\r\n\r\n\r\n<p>NICHOLAS AIR f\u00f8lger ogs\u00e5 <a href=\"https:\/\/ibac.org\/is-bao\" target=\"_blank\" rel=\"noopener\">IS-BAO<\/a> er et forslag til beste praksis som skal hjelpe flyavdelinger over hele verden med \u00e5 oppn\u00e5 h\u00f8ye standarder for profesjonalitet og sikkerhet.&nbsp;<\/p>\r\n\r\n\r\n\r\n<h2 class=\"wp-block-heading\"><span class=\"ez-toc-section\" id=\"Pilots\"><\/span>Piloter<span class=\"ez-toc-section-end\"><\/span><\/h2>\r\n\r\n\r\n\r\n<figure class=\"wp-block-image size-full is-style-default\"><img loading=\"lazy\" decoding=\"async\" width=\"1000\" height=\"662\" src=\"https:\/\/comparemyjet.com\/wp-content\/uploads\/2022\/07\/pilot.greeting.young_.couple.jpg\" alt=\"\" class=\"wp-image-3157\" srcset=\"https:\/\/comparemyjet.com\/wp-content\/uploads\/2022\/07\/pilot.greeting.young_.couple-18x12.jpg 18w, https:\/\/comparemyjet.com\/wp-content\/uploads\/2022\/07\/pilot.greeting.young_.couple-300x199.jpg 300w, https:\/\/comparemyjet.com\/wp-content\/uploads\/2022\/07\/pilot.greeting.young_.couple-768x508.jpg 768w, https:\/\/comparemyjet.com\/wp-content\/uploads\/2022\/07\/pilot.greeting.young_.couple.jpg 1000w\" sizes=\"auto, (max-width: 1000px) 100vw, 1000px\" \/><\/figure>\r\n\r\n\r\n\r\n<p>Nicholas Air \u00f8nsker \u00e5 sikre at de har de beste pilotene, og derfor har de kontinuerlige oppl\u00e6ringsprogrammer, og pilotene har \u00e6ren av \u00e5 fly kun for selskapet. For \u00e5 sikre at besetningen er godt kjent med flyet og cockpiten, er hver pilot utpekt og forpliktet til en bestemt flytype.<\/p>\r\n\r\n\r\n\r\n<h2 class=\"wp-block-heading\"><span class=\"ez-toc-section\" id=\"Partnerships\"><\/span>Partnerskap<span class=\"ez-toc-section-end\"><\/span><\/h2>\r\n\r\n\r\n\r\n<p>NICHOLAS AIR samarbeider med <a href=\"https:\/\/www.luxurycard.com\/\" target=\"_blank\" rel=\"noopener\">Luksuskort<\/a>som er verdensledende p\u00e5 markedet for premiumkredittkort, og de er glade for \u00e5 kunngj\u00f8re sitt nyeste samarbeid, som gir Luxury Card-innehavere niv\u00e5baserte besparelser.&nbsp;<\/p>\r\n\r\n\r\n\r\n<p>Medlemmer av Luxury Card kan n\u00e5 kj\u00f8pe et 15-timers NICHOLAS AIR Blue Jet Card. Med dette kortet f\u00e5r medlemmene en kreditt p\u00e5 $2 500 p\u00e5 kortet sitt. Med et 30-timers NICHOLAS AIR Blue Jet Card f\u00e5r medlemmene en kreditt p\u00e5 $7 500. Tilbudet gjelder for reservasjoner som kundene foretar via en Luxury Card Concierge.<\/p>\r\n\r\n\r\n\r\n<h2 class=\"wp-block-heading\"><span class=\"ez-toc-section\" id=\"Conclusion\"><\/span>Konklusjon<span class=\"ez-toc-section-end\"><\/span><\/h2>\r\n\r\n\r\n\r\n<p>NICHOLAS AIR skiller seg fra andre charter- og administrasjonsselskaper ved \u00e5 tilby banebrytende, effektive og tilpasningsdyktige l\u00f8sninger for private flyreiser. De streber etter \u00e5 overg\u00e5 kundenes forventninger med sine dedikerte personlige reiser\u00e5dgivere, ansatte og alle l\u00f8sninger i mellom.&nbsp;<\/p>\r\n\r\n\r\n\r\n<p>NICHOLAS AIR tilbyr rimelige priser og har en unik fl\u00e5te med fly som ikke er eldre enn fem \u00e5r. Nicholas Correnti la grunnlaget for en vellykket virksomhet p\u00e5 grunn av sin kj\u00e6rlighet til flyging, og navnet NICHOLAS AIR regnes n\u00e5 som en m\u00e5lestokk for f\u00f8rsteklasses merkevarestandarder.<\/p>","protected":false},"excerpt":{"rendered":"<p>NICHOLAS AIR skiller seg ut fra de fleste andre private flyselskaper ved \u00e5 tilby de mest moderne og tilpassede alternativene for private flyreiser. NICHOLAS AIRs rykte for utmerket kundeservice, fly av h\u00f8y kvalitet og plettfri sikkerhet har tiltrukket seg mange reisende. Fra dedikerte personlige reiser\u00e5dgivere til besetningen har NICHOLAS AIR utviklet seg til det punktet hvor de g\u00e5r over ...<\/p>","protected":false},"author":2,"featured_media":3155,"parent":0,"menu_order":0,"comment_status":"closed","ping_status":"closed","template":"","meta":{"_acf_changed":false,"_genesis_hide_title":false,"_genesis_hide_breadcrumbs":false,"_genesis_hide_singular_image":false,"_genesis_hide_footer_widgets":false,"_genesis_custom_body_class":"","_genesis_custom_post_class":"","_genesis_layout":"","footnotes":""},"class_list":{"1":"page","2":"type-page","6":"entry"},"acf":[],"_links":{"self":[{"href":"https:\/\/comparemyjet.com\/nb\/wp-json\/wp\/v2\/pages\/3154","targetHints":{"allow":["GET"]}}],"collection":[{"href":"https:\/\/comparemyjet.com\/nb\/wp-json\/wp\/v2\/pages"}],"about":[{"href":"https:\/\/comparemyjet.com\/nb\/wp-json\/wp\/v2\/types\/page"}],"author":[{"embeddable":true,"href":"https:\/\/comparemyjet.com\/nb\/wp-json\/wp\/v2\/users\/2"}],"replies":[{"embeddable":true,"href":"https:\/\/comparemyjet.com\/nb\/wp-json\/wp\/v2\/comments?post=3154"}],"version-history":[{"count":2,"href":"https:\/\/comparemyjet.com\/nb\/wp-json\/wp\/v2\/pages\/3154\/revisions"}],"predecessor-version":[{"id":3446,"href":"https:\/\/comparemyjet.com\/nb\/wp-json\/wp\/v2\/pages\/3154\/revisions\/3446"}],"wp:featuredmedia":[{"embeddable":true,"href":"https:\/\/comparemyjet.com\/nb\/wp-json\/wp\/v2\/media\/3155"}],"wp:attachment":[{"href":"https:\/\/comparemyjet.com\/nb\/wp-json\/wp\/v2\/media?parent=3154"}],"curies":[{"name":"wp","href":"https:\/\/api.w.org\/{rel}","templated":true}]}}