{"id":3172,"date":"2022-08-10T21:51:12","date_gmt":"2022-08-10T21:51:12","guid":{"rendered":"https:\/\/comparemyjet.com\/?page_id=3172"},"modified":"2025-09-04T09:58:21","modified_gmt":"2025-09-04T09:58:21","slug":"hopscotch-air","status":"publish","type":"page","link":"https:\/\/comparemyjet.com\/nb\/hopscotch-air\/","title":{"rendered":"Hopscotch Air flypriser"},"content":{"rendered":"<p>Hopscotch Air er en banebrytende <a href=\"https:\/\/comparemyjet.com\/nb\/how-much-does-air-taxi-cost\/\" data-internallinksmanager029f6b8e52c=\"23\" title=\"Hvor mye koster en flydrosje?\">flytaxi<\/a> som flyr passasjerer rundt i nord\u00f8st, midt-Atlanteren og Canada i sm\u00e5, men teknologisk avanserte Cirrus-fly. Selskapet ble sertifisert i 2009 og flyr n\u00e5 rundt 1400 turer hvert \u00e5r, til en br\u00f8kdel av prisen for vanlige charterflyvninger, hovedsakelig p\u00e5 grunn av at flyene er billigere.<\/p>\r\n\r\n\r\n\r\n<p>Hopscotch Air er en pioner innen flytaxitjenester med sm\u00e5fly i nord\u00f8st og planlegger \u00e5 tilby nye regionale flyruter til popul\u00e6re steder i nord\u00f8st innen utgangen av 2022.&nbsp;<\/p>\r\n\r\n\r\n\r\n<div id=\"ez-toc-container\" class=\"ez-toc-v2_0_76 counter-hierarchy ez-toc-counter ez-toc-grey ez-toc-container-direction\">\n<p class=\"ez-toc-title\" style=\"cursor:inherit\">Temaer<\/p>\n<label for=\"ez-toc-cssicon-toggle-item-69f168fa3ff34\" class=\"ez-toc-cssicon-toggle-label\"><span class=\"\"><span class=\"eztoc-hide\" style=\"display:none;\">Toggle<\/span><span class=\"ez-toc-icon-toggle-span\"><svg style=\"fill: #999;color:#999\" xmlns=\"http:\/\/www.w3.org\/2000\/svg\" class=\"list-377408\" width=\"20px\" height=\"20px\" viewbox=\"0 0 24 24\" fill=\"none\"><path d=\"M6 6H4v2h2V6zm14 0H8v2h12V6zM4 11h2v2H4v-2zm16 0H8v2h12v-2zM4 16h2v2H4v-2zm16 0H8v2h12v-2z\" fill=\"currentColor\"><\/path><\/svg><svg style=\"fill: #999;color:#999\" class=\"arrow-unsorted-368013\" xmlns=\"http:\/\/www.w3.org\/2000\/svg\" width=\"10px\" height=\"10px\" viewbox=\"0 0 24 24\" version=\"1.2\" baseprofile=\"tiny\"><path d=\"M18.2 9.3l-6.2-6.3-6.2 6.3c-.2.2-.3.4-.3.7s.1.5.3.7c.2.2.4.3.7.3h11c.3 0 .5-.1.7-.3.2-.2.3-.5.3-.7s-.1-.5-.3-.7zM5.8 14.7l6.2 6.3 6.2-6.3c.2-.2.3-.5.3-.7s-.1-.5-.3-.7c-.2-.2-.4-.3-.7-.3h-11c-.3 0-.5.1-.7.3-.2.2-.3.5-.3.7s.1.5.3.7z\"\/><\/svg><\/span><\/span><\/label><input type=\"checkbox\"  id=\"ez-toc-cssicon-toggle-item-69f168fa3ff34\" checked aria-label=\"Toggle\" \/><nav><ul class='ez-toc-list ez-toc-list-level-1' ><li class='ez-toc-page-1 ez-toc-heading-level-2'><a class=\"ez-toc-link ez-toc-heading-1\" href=\"https:\/\/comparemyjet.com\/nb\/hopscotch-air\/#About_the_Company\" >Om selskapet<\/a><\/li><li class='ez-toc-page-1 ez-toc-heading-level-2'><a class=\"ez-toc-link ez-toc-heading-2\" href=\"https:\/\/comparemyjet.com\/nb\/hopscotch-air\/#Membership_Programs\" >Medlemskapsprogrammer<\/a><ul class='ez-toc-list-level-3' ><li class='ez-toc-heading-level-3'><a class=\"ez-toc-link ez-toc-heading-3\" href=\"https:\/\/comparemyjet.com\/nb\/hopscotch-air\/#ClubScotch\" >ClubScotch<\/a><\/li><\/ul><\/li><li class='ez-toc-page-1 ez-toc-heading-level-2'><a class=\"ez-toc-link ez-toc-heading-4\" href=\"https:\/\/comparemyjet.com\/nb\/hopscotch-air\/#Destinations_and_Pricing\" >Destinasjoner og priser<\/a><\/li><li class='ez-toc-page-1 ez-toc-heading-level-2'><a class=\"ez-toc-link ez-toc-heading-5\" href=\"https:\/\/comparemyjet.com\/nb\/hopscotch-air\/#The_Fleet\" >Fl\u00e5ten&nbsp;<\/a><ul class='ez-toc-list-level-3' ><li class='ez-toc-heading-level-3'><a class=\"ez-toc-link ez-toc-heading-6\" href=\"https:\/\/comparemyjet.com\/nb\/hopscotch-air\/#1_Very_Light_Jets\" >1. Sv\u00e6rt lette jetfly<\/a><ul class='ez-toc-list-level-4' ><li class='ez-toc-heading-level-4'><a class=\"ez-toc-link ez-toc-heading-7\" href=\"https:\/\/comparemyjet.com\/nb\/hopscotch-air\/#Our_Recommendation_The_Cirrus_SR20\" >V\u00e5r anbefaling: Cirrus SR20&nbsp;<\/a><\/li><li class='ez-toc-page-1 ez-toc-heading-level-4'><a class=\"ez-toc-link ez-toc-heading-8\" href=\"https:\/\/comparemyjet.com\/nb\/hopscotch-air\/#Our_Recommendation_The_Cirrus_SR22\" >V\u00e5r anbefaling: Cirrus SR22<\/a><\/li><\/ul><\/li><\/ul><\/li><li class='ez-toc-page-1 ez-toc-heading-level-2'><a class=\"ez-toc-link ez-toc-heading-9\" href=\"https:\/\/comparemyjet.com\/nb\/hopscotch-air\/#Company_Safety_Policy_and_Standards\" >Selskapets sikkerhetspolicy og -standarder&nbsp;<\/a><\/li><li class='ez-toc-page-1 ez-toc-heading-level-2'><a class=\"ez-toc-link ez-toc-heading-10\" href=\"https:\/\/comparemyjet.com\/nb\/hopscotch-air\/#Partnerships\" >Partnerskap<\/a><\/li><li class='ez-toc-page-1 ez-toc-heading-level-2'><a class=\"ez-toc-link ez-toc-heading-11\" href=\"https:\/\/comparemyjet.com\/nb\/hopscotch-air\/#Conclusion\" >Konklusjon<\/a><\/li><\/ul><\/nav><\/div>\n<h2 class=\"wp-block-heading\"><span class=\"ez-toc-section\" id=\"About_the_Company\"><\/span>Om selskapet<span class=\"ez-toc-section-end\"><\/span><\/h2>\r\n\r\n\r\n\r\n<p>Hopscotch Air er en <a href=\"https:\/\/www.faa.gov\/\" target=\"_blank\" rel=\"noopener\">FAA<\/a>-sertifisert flyselskap med base i <a href=\"https:\/\/comparemyjet.com\/nb\/private-tours\/new-york-city-private-tours\/\" data-internallinksmanager029f6b8e52c=\"427\" title=\"11 beste private turer i New York City fra $48.00\">New York<\/a>med knutepunkter p\u00e5 flyplassene Republic Farmingdale, Westchester County og Teterboro.&nbsp;<\/p>\r\n\r\n\r\n\r\n<p>Selskapet har sin egen flyfl\u00e5te og tilbyr et medlemsprogram med inngangs- og medlemsavgifter som starter p\u00e5 $3 900. Inngangsprogrammet er The Jet Card, en betalingstjeneste med faste, faste priser for hver rute.&nbsp;<\/p>\r\n\r\n\r\n\r\n<p>La oss se n\u00e6rmere p\u00e5 disse medlemsprogrammene.<\/p>\r\n\r\n\r\n\r\n<h2 class=\"wp-block-heading\"><span class=\"ez-toc-section\" id=\"Membership_Programs\"><\/span>Medlemskapsprogrammer<span class=\"ez-toc-section-end\"><\/span><\/h2>\r\n\r\n\r\n\r\n<figure class=\"wp-block-image size-full is-style-default\"><img loading=\"lazy\" decoding=\"async\" width=\"1000\" height=\"667\" src=\"https:\/\/comparemyjet.com\/wp-content\/uploads\/2022\/07\/cirrus.sr_.22.jpg\" alt=\"\" class=\"wp-image-3174\" srcset=\"https:\/\/comparemyjet.com\/wp-content\/uploads\/2022\/07\/cirrus.sr_.22-18x12.jpg 18w, https:\/\/comparemyjet.com\/wp-content\/uploads\/2022\/07\/cirrus.sr_.22-300x200.jpg 300w, https:\/\/comparemyjet.com\/wp-content\/uploads\/2022\/07\/cirrus.sr_.22-768x512.jpg 768w, https:\/\/comparemyjet.com\/wp-content\/uploads\/2022\/07\/cirrus.sr_.22.jpg 1000w\" sizes=\"auto, (max-width: 1000px) 100vw, 1000px\" \/><\/figure>\r\n\r\n\r\n\r\n<p>Selskapet startet sitt medlemsprogram i 2019. Medlemmer betaler $325 per m\u00e5ned og f\u00e5r eksklusive rabatter og andre fordeler.&nbsp;<\/p>\r\n\r\n\r\n\r\n<p>Du kan bli medlem ved \u00e5 kontakte dem via deres <a href=\"https:\/\/flyhopscotch.com\/join-clubscotch\/\" target=\"_blank\" rel=\"noopener\">nettsted<\/a>.<\/p>\r\n\r\n\r\n\r\n<h3 class=\"wp-block-heading\"><span class=\"ez-toc-section\" id=\"ClubScotch\"><\/span>ClubScotch<span class=\"ez-toc-section-end\"><\/span><\/h3>\r\n\r\n\r\n\r\n<p>Hopscotch flyr deg til hundrevis av flyplasser i hele nord\u00f8st, midt-Atlanteren og Canada, fra de minste til de st\u00f8rste. Flyene deres kan transportere deg til mindre, mindre overfylte flyplasser n\u00e6rmere din endelige destinasjon. Alle flyvninger har avgang i henhold til din timeplan.<\/p>\r\n\r\n\r\n\r\n<p>For \u00e5 bli ClubScoth-medlem m\u00e5 du binde deg for ett \u00e5r. Du kan velge \u00e5 betale $325 per m\u00e5ned eller $3 250 per \u00e5r.<\/p>\r\n\r\n\r\n\r\n<p>Medlemmer har tilgang til prioritert timeplanlegging og rask tilgang til Customer Experience-teamet. Som ClubScotch-medlem er du kvalifisert for avtaler i siste \u00f8yeblikk og gratis ventetid i opptil 15 timer. Du kan bruke disse 15 timene med gratis forplantningsforsinkelse i l\u00f8pet av hele \u00e5ret. Det er mer enn $1 000 i \u00e5rlig rabatt.<\/p>\r\n\r\n\r\n\r\n<p>Kanskje du \u00f8nsker \u00e5 overnatte p\u00e5 destinasjonen? En gang i \u00e5ret tilbys en gratis overnatting (<a href=\"https:\/\/comparemyjet.com\/nb\/hotels\/\" data-internallinksmanager029f6b8e52c=\"470\" title=\"De 100 beste hotellene i n\u00e6rheten av flyplasser fra hele verden\">Hotell<\/a> og mat er ikke inkludert). Flyet venter p\u00e5 deg neste dag for \u00e5 fullf\u00f8re rundreisen.&nbsp;<\/p>\r\n\r\n\r\n\r\n<p>Selskapets avbestillingsregler gir deg mulighet til \u00e5 endre dato\/rute, og er ganske fleksible for medlemmer. Du vil ikke bli belastet for eventuelle endringer du gj\u00f8r i l\u00f8pet av reisen. Ikke-medlemmer har 48 timer p\u00e5 seg til \u00e5 avbestille flyvninger mot refusjon, mens medlemmer har 24 timer.<\/p>\r\n\r\n\r\n\r\n<p>De st\u00f8rste fordelene ClubScotch-medlemmer f\u00e5r, er at de ofte betaler rundt 25% mindre enn ikke-medlemmer i butikk, og at de f\u00e5r tilgang til ClubScotch-nettstedet for \u00e5 sjekke flyhistorikken og saldoen p\u00e5 nettet.<\/p>\r\n\r\n\r\n\r\n<h2 class=\"wp-block-heading\"><span class=\"ez-toc-section\" id=\"Destinations_and_Pricing\"><\/span>Destinasjoner og priser<span class=\"ez-toc-section-end\"><\/span><\/h2>\r\n\r\n\r\n\r\n<p>SR22-flyene henter vanligvis passasjerene p\u00e5 flyplasser i New York City, og de lengste destinasjonene er vestover til <a href=\"https:\/\/comparemyjet.com\/nb\/private-jet-charters-to-chicago\/\" data-internallinksmanager029f6b8e52c=\"170\" title=\"Privatflycharter til Chicago\">Chicago<\/a> eller s\u00f8rover til South Carolina.&nbsp;<\/p>\r\n\r\n\r\n\r\n<p>Tabellen nedenfor viser priser for en enkeltreise samme dag med avgang fra White Plains, Farmingdale og Teterboro.&nbsp;<\/p>\r\n\r\n\r\n\r\n<figure class=\"wp-block-table\"><table><tbody><tr><td>Reisem\u00e5l<\/td><td>Enveispriser<\/td><\/tr><tr><td><a href=\"https:\/\/comparemyjet.com\/nb\/private-tours\/philadelphia-private-tours\/\" data-internallinksmanager029f6b8e52c=\"430\" title=\"11 beste private turer i Philadelphia fra $245.00\">Philadelphia<\/a>&nbsp;<\/td><td>$1,956<\/td><\/tr><tr><td>Atlantic City&nbsp;<\/td><td>$2,019<\/td><\/tr><tr><td>Newport&nbsp;<\/td><td>$2,144<\/td><\/tr><tr><td><a href=\"https:\/\/comparemyjet.com\/nb\/private-jet-charters-to-boston\/\" data-internallinksmanager029f6b8e52c=\"177\" title=\"Privatflycharter til Boston\">Boston<\/a> - Bedford&nbsp;<\/td><td>$2,426<\/td><\/tr><tr><td>Martha's Vineyard&nbsp;<\/td><td>$2,489<\/td><\/tr><tr><td>Nantucket&nbsp;<\/td><td>$2,802<\/td><\/tr><tr><td>Provincetown&nbsp;<\/td><td>$2,834<\/td><\/tr><tr><td>Boston - Logan&nbsp;<\/td><td>$2,888<\/td><\/tr><tr><td>Burlington&nbsp;<\/td><td>$3,335<\/td><\/tr><\/tbody><\/table><\/figure>\r\n\r\n\r\n\r\n<p>Hopscotch betjener det nord\u00f8stlige USA, midt-Atlanterhavsregionen og deler av Ontario og Quebec. Popul\u00e6re v\u00e5r- og sommerutflukter er:<\/p>\r\n\r\n\r\n\r\n<ul class=\"wp-block-list\"><li>Cape Cod,&nbsp;<\/li><li>Provincetown, Provincetown,&nbsp;<\/li><li>Martha's Vineyard,&nbsp;<\/li><li>East Hampton,&nbsp;<\/li><li>Burlington,&nbsp;<\/li><li><a href=\"https:\/\/comparemyjet.com\/nb\/private-tours\/portland-private-tours\/\" data-internallinksmanager029f6b8e52c=\"432\" title=\"11 beste private turer i Portland fra $48.00\">Portland<\/a>,&nbsp;<\/li><li>Block Island,&nbsp;<\/li><li>Great Barrington,&nbsp;<\/li><li>og Stowe.&nbsp;<\/li><\/ul>\r\n\r\n\r\n\r\n<p>Men de flyr ogs\u00e5 til avsidesliggende steder i delstatene New York, Massachusetts, Pennsylvania og New York. <a href=\"https:\/\/comparemyjet.com\/nb\/private-jet-charters-to-jersey\/\" data-internallinksmanager029f6b8e52c=\"176\" title=\"Privatflycharter til Jersey\">Jersey<\/a>. Destinasjoner i New England er blant Hopscotch Airs mest popul\u00e6re ruter.<\/p>\r\n\r\n\r\n\r\n<p>Det er ingen garanti for at flyet er tilgjengelig, og prisene er faste basert p\u00e5 ruten.<\/p>\r\n\r\n\r\n\r\n<h2 class=\"wp-block-heading\"><span class=\"ez-toc-section\" id=\"The_Fleet\"><\/span>Fl\u00e5ten&nbsp;<span class=\"ez-toc-section-end\"><\/span><\/h2>\r\n\r\n\r\n\r\n<figure class=\"wp-block-image size-full is-style-default\"><img loading=\"lazy\" decoding=\"async\" width=\"1000\" height=\"606\" src=\"https:\/\/comparemyjet.com\/wp-content\/uploads\/2022\/07\/cirrus.fleet_.jpg\" alt=\"\" class=\"wp-image-3173\" srcset=\"https:\/\/comparemyjet.com\/wp-content\/uploads\/2022\/07\/cirrus.fleet_-18x12.jpg 18w, https:\/\/comparemyjet.com\/wp-content\/uploads\/2022\/07\/cirrus.fleet_-300x182.jpg 300w, https:\/\/comparemyjet.com\/wp-content\/uploads\/2022\/07\/cirrus.fleet_-768x465.jpg 768w, https:\/\/comparemyjet.com\/wp-content\/uploads\/2022\/07\/cirrus.fleet_.jpg 1000w\" sizes=\"auto, (max-width: 1000px) 100vw, 1000px\" \/><\/figure>\r\n\r\n\r\n\r\n<p>Hopscotch Air er et flytaxiselskap som opererer en fl\u00e5te av Cirrus SR-20\/22-fly. Disse flyene kan fly opptil 800 miles uten \u00e5 stoppe for \u00e5 fylle drivstoff.&nbsp;<\/p>\r\n\r\n\r\n\r\n<p>Selv om det tar lengre tid \u00e5 fly med et enmotors stempelfly enn med et jetfly, kan de lande p\u00e5 mindre flyplasser med kortere rullebaner og er perfekte for en gruppe p\u00e5 tre. Cirrus-fly har tilgang til tusenvis av offentlige flyplasser i nord\u00f8st-regionen.<\/p>\r\n\r\n\r\n\r\n<h3 class=\"wp-block-heading\"><span class=\"ez-toc-section\" id=\"1_Very_Light_Jets\"><\/span>1. Sv\u00e6rt lette jetfly<span class=\"ez-toc-section-end\"><\/span><\/h3>\r\n\r\n\r\n\r\n<p>Very Light Jet er den minste og mest \u00f8konomiske formen for privatfly. De er ideelle for kortere reiser over sm\u00e5 avstander, med en rekkevidde p\u00e5 ca. 300 mil og en hastighet p\u00e5 over 600 km\/t i timen. Disse flyene er ideelle for regionale reiser og har vanligvis plass til 3 til 6 personer.<\/p>\r\n\r\n\r\n\r\n<h4 class=\"wp-block-heading\"><span class=\"ez-toc-section\" id=\"Our_Recommendation_The_Cirrus_SR20\"><\/span>V\u00e5r anbefaling: Cirrus SR20&nbsp;<span class=\"ez-toc-section-end\"><\/span><\/h4>\r\n\r\n\r\n\r\n<p>Cirrus Aircraft i Duluth, Minnesota, produserer Cirrus SR20, et fireseters monoplan i kompositt som drives av en stempelmotor.<\/p>\r\n\r\n\r\n\r\n<p>SR20 var det f\u00f8rste flyet for allmennflyging som var utstyrt med en fallskjerm for sikker n\u00f8dlanding. Det er ogs\u00e5 det f\u00f8rste lette flyet som er bygget utelukkende av komposittmaterialer.<\/p>\r\n\r\n\r\n\r\n<p>Spesifikasjoner og ytelse for Cirrus SR20:<\/p>\r\n\r\n\r\n\r\n<ul class=\"wp-block-list\"><li>Passasjerer: 3;<\/li><li>Utvendig h\u00f8yde: 8 ft 11 in;<\/li><li>Utvendig lengde: 26 fot;<\/li><li>Kabinbredde: 4 fot 1 tommer;<\/li><li>Kabinh\u00f8yde: 4 fot 2 tommer;<\/li><li>Kabinelengde: 3,5 meter;<\/li><li>Stigningshastighet: 920 fpm;<\/li><li>Normal marsjfart: 155 km\/t;<\/li><li>Maks hastighet: 155 kts;<\/li><li>Maks. rekkevidde: 785 nm;<\/li><li>Drivstoffkapasitet: 336 lbs lb;<\/li><li>Maks nyttelast: 720 lb;<\/li><li>Mannskap: 1.<\/li><\/ul>\r\n\r\n\r\n\r\n<h4 class=\"wp-block-heading\"><span class=\"ez-toc-section\" id=\"Our_Recommendation_The_Cirrus_SR22\"><\/span>V\u00e5r anbefaling: Cirrus SR22<span class=\"ez-toc-section-end\"><\/span><\/h4>\r\n\r\n\r\n\r\n<p>Cirrus SR22 er omhyggelig designet for \u00e5 gi deg den beste flyopplevelsen. Den byr p\u00e5 sofistikerte tekniske innovasjoner, spennende ytelse og uovertruffen stil. SR22 har et romslig interi\u00f8r med god benplass for passasjerene, noe som er en av de sterkeste egenskapene.<\/p>\r\n\r\n\r\n\r\n<p>Spesifikasjoner og ytelse for Cirrus SR22:<\/p>\r\n\r\n\r\n\r\n<ul class=\"wp-block-list\"><li>Passasjerer: 4;<\/li><li>Utvendig h\u00f8yde: 8 ft 11 in;<\/li><li>Vingespenn: 38 fot 4 tommer;<\/li><li>Utvendig lengde: 26 fot;<\/li><li>Kup\u00e9volum: 137 kubikkmeter;<\/li><li>Kabinbredde: 4 fot 1 tommer;<\/li><li>Kabinh\u00f8yde: 4 fot 2 tommer;<\/li><li>Hyttelengde: 8 fot;<\/li><li>Innvendig bagasje: 32 kubikkfot;<\/li><li>Drivstoffkapasitet: 486 lbs lb;<\/li><li>Maks nyttelast: 950 lb;<\/li><li>Maks hastighet: 186 kts;<\/li><li>Rekkevidde: 659 nm - 1100 nm;<\/li><li>Landingsavstand: 4005 fot;<\/li><li>Stigningshastighet: 1400 fpm;<\/li><li>Mannskap: 1.<\/li><\/ul>\r\n\r\n\r\n\r\n<h2 class=\"wp-block-heading\"><span class=\"ez-toc-section\" id=\"Company_Safety_Policy_and_Standards\"><\/span>Selskapets sikkerhetspolicy og -standarder&nbsp;<span class=\"ez-toc-section-end\"><\/span><\/h2>\r\n\r\n\r\n\r\n<figure class=\"wp-block-image size-full is-style-default\"><img loading=\"lazy\" decoding=\"async\" width=\"1000\" height=\"662\" src=\"https:\/\/comparemyjet.com\/wp-content\/uploads\/2022\/07\/pilot.greeting.young_.couple-1.jpg\" alt=\"Hopscotch Air\" class=\"wp-image-3176\" srcset=\"https:\/\/comparemyjet.com\/wp-content\/uploads\/2022\/07\/pilot.greeting.young_.couple-1-18x12.jpg 18w, https:\/\/comparemyjet.com\/wp-content\/uploads\/2022\/07\/pilot.greeting.young_.couple-1-300x199.jpg 300w, https:\/\/comparemyjet.com\/wp-content\/uploads\/2022\/07\/pilot.greeting.young_.couple-1-768x508.jpg 768w, https:\/\/comparemyjet.com\/wp-content\/uploads\/2022\/07\/pilot.greeting.young_.couple-1.jpg 1000w\" sizes=\"auto, (max-width: 1000px) 100vw, 1000px\" \/><\/figure>\r\n\r\n\r\n\r\n<p>SR 22\/20s sofistikerte stridsdekk og autopilot gj\u00f8r det mulig \u00e5 fly med \u00e9n pilot, men jetflyene leveres med en n\u00f8dfallskjerm som if\u00f8lge selskapet er et viktig salgsargument for forbrukerne.<\/p>\r\n\r\n\r\n\r\n<p>SR 20\/22 er ogs\u00e5 <a href=\"https:\/\/www.faa.gov\/about\/office_org\/headquarters_offices\/ato\/service_units\/techops\/navservices\/gnss\/waas\" target=\"_blank\" rel=\"noopener\">WAAS (Wide Area Augmentation System)<\/a>) og sertifisert til \u00e5 fly under vanskelige isingssituasjoner. I tillegg er jetflyene utstyrt med WAAS, et bakkebasert GPS-system som gj\u00f8r det mulig for flyene \u00e5 foreta presise landinger p\u00e5 flyplasser der det finnes et <a href=\"https:\/\/skybrary.aero\/articles\/instrument-landing-system-ils\" target=\"_blank\" rel=\"noopener\">ILS<\/a> ikke er til stede eller i drift.<\/p>\r\n\r\n\r\n\r\n<p>Nassau Flyers, et n\u00e6rliggende autorisert Cirrus-verksted, utf\u00f8rer alle modifikasjoner og annet struktur- og motorvedlikehold p\u00e5 bakken.<\/p>\r\n\r\n\r\n\r\n<h2 class=\"wp-block-heading\"><span class=\"ez-toc-section\" id=\"Partnerships\"><\/span>Partnerskap<span class=\"ez-toc-section-end\"><\/span><\/h2>\r\n\r\n\r\n\r\n<p>Hopscotch og Linear Air har g\u00e5tt sammen om \u00e5 tilby den eneste direkte ruteflyforbindelsen mellom White Plains og Boston-omr\u00e5det.<\/p>\r\n\r\n\r\n\r\n<p>I likhet med Hopscotch driver Linear Air ogs\u00e5 Eclipse VLJ-fly (very light jets). Sammen gir de to selskapene forbrukerne en rekke valgmuligheter n\u00e5r det gjelder hastighet og rekkevidde for on-demand-flydrosjer.<\/p>\r\n\r\n\r\n\r\n<h2 class=\"wp-block-heading\"><span class=\"ez-toc-section\" id=\"Conclusion\"><\/span>Konklusjon<span class=\"ez-toc-section-end\"><\/span><\/h2>\r\n\r\n\r\n\r\n<p>Under varemerket ClubScotch tilbyr Hopscotch Air et Cirrus SR22- og SR20-medlemskapsprogram for enmotorige stempelfly over hele Nord\u00f8st- og Midt-Atlanteren med faste priser. Hvert fly har plass til opptil fire reisende.<\/p>\r\n\r\n\r\n\r\n<p>P\u00e5 grunn av det \u00f8kende antallet kunder planlegger selskapet \u00e5 lansere en ny fl\u00e5te med \u00e5tteseters turbopropfly for \u00e5 \u00f8ke kapasiteten, samtidig som det allerede har inng\u00e5tt en avtale med Transcend Air Corporation om kj\u00f8p av det prisbel\u00f8nte Vy 400-flyet med vertikal start og landing. Disse flyene skal brukes til \u00e5 utvide rutetilbudet utenfor flyplassen.&nbsp;<\/p>\r\n\r\n\r\n\r\n<p>I motsetning til vanlig charter tar Hopscotch ikke betalt per time og legger heller ikke til drivstoffavgifter. P\u00e5 bestillingstidspunktet oppgir de \u00e9n fast pris.&nbsp;<\/p>","protected":false},"excerpt":{"rendered":"<p>Hopscotch Air er et banebrytende flytaxiselskap som flyr passasjerer rundt i nord\u00f8st, midt-Atlanteren og Canada i sm\u00e5, men teknologisk avanserte Cirrus-fly. Selskapet ble sertifisert i 2009 og flyr n\u00e5 rundt 1400 turer hvert \u00e5r, til en br\u00f8kdel av prisen for vanlige charterflyvninger, hovedsakelig p\u00e5 grunn av den billigere \u00f8konomien ...<\/p>","protected":false},"author":2,"featured_media":3175,"parent":0,"menu_order":0,"comment_status":"closed","ping_status":"closed","template":"","meta":{"_acf_changed":false,"_genesis_hide_title":false,"_genesis_hide_breadcrumbs":false,"_genesis_hide_singular_image":false,"_genesis_hide_footer_widgets":false,"_genesis_custom_body_class":"","_genesis_custom_post_class":"","_genesis_layout":"","footnotes":""},"class_list":{"1":"page","2":"type-page","6":"entry"},"acf":[],"_links":{"self":[{"href":"https:\/\/comparemyjet.com\/nb\/wp-json\/wp\/v2\/pages\/3172","targetHints":{"allow":["GET"]}}],"collection":[{"href":"https:\/\/comparemyjet.com\/nb\/wp-json\/wp\/v2\/pages"}],"about":[{"href":"https:\/\/comparemyjet.com\/nb\/wp-json\/wp\/v2\/types\/page"}],"author":[{"embeddable":true,"href":"https:\/\/comparemyjet.com\/nb\/wp-json\/wp\/v2\/users\/2"}],"replies":[{"embeddable":true,"href":"https:\/\/comparemyjet.com\/nb\/wp-json\/wp\/v2\/comments?post=3172"}],"version-history":[{"count":2,"href":"https:\/\/comparemyjet.com\/nb\/wp-json\/wp\/v2\/pages\/3172\/revisions"}],"predecessor-version":[{"id":3451,"href":"https:\/\/comparemyjet.com\/nb\/wp-json\/wp\/v2\/pages\/3172\/revisions\/3451"}],"wp:featuredmedia":[{"embeddable":true,"href":"https:\/\/comparemyjet.com\/nb\/wp-json\/wp\/v2\/media\/3175"}],"wp:attachment":[{"href":"https:\/\/comparemyjet.com\/nb\/wp-json\/wp\/v2\/media?parent=3172"}],"curies":[{"name":"wp","href":"https:\/\/api.w.org\/{rel}","templated":true}]}}