{"id":3182,"date":"2022-08-04T21:07:59","date_gmt":"2022-08-04T21:07:59","guid":{"rendered":"https:\/\/comparemyjet.com\/?page_id=3182"},"modified":"2025-09-04T09:58:20","modified_gmt":"2025-09-04T09:58:20","slug":"fxair","status":"publish","type":"page","link":"https:\/\/comparemyjet.com\/nb\/fxair\/","title":{"rendered":"Priser p\u00e5 FXAIR-flyvninger"},"content":{"rendered":"<p>FXAIR er et relativt nytt privat charterselskap som startet sin virksomhet i 2020. Selskapet har vokst eksponentielt siden da, delvis p\u00e5 grunn av den \u00f8kende populariteten til private flyreiser i forbindelse med covid-19-pandemien.<\/p>\r\n\r\n\r\n\r\n<p>FXAIR er en del av Directional Aviation-familien som ble grunnlagt av Ken Ricci, og som omfatter f\u00f8lgende selskaper <a href=\"https:\/\/comparemyjet.com\/nb\/flexjet\/\" data-internallinksmanager029f6b8e52c=\"187\" title=\"Flexjet Fractional Jet Ownership\">Flexjet<\/a>, <a href=\"https:\/\/comparemyjet.com\/nb\/sentient-jet\/\" data-internallinksmanager029f6b8e52c=\"106\" title=\"Priser p\u00e5 Sentient Jet-flyvninger\">Sentient Jet<\/a>, <a href=\"https:\/\/comparemyjet.com\/nb\/privatefly\/\" data-internallinksmanager029f6b8e52c=\"115\" title=\"Priser p\u00e5 PrivateFly-flyvninger\">PrivateFly<\/a>, Tivoli og FXAIR, samt Nextant Aerospace (jetflyprodusent) og Sojourn Aviation (flyselskap). Selskapet tilbyr et chartermedlemskapsprogram og on-demand privatflyleasing. La oss se n\u00e6rmere p\u00e5 disse tjenestene, men f\u00f8rst litt om selve selskapet.<\/p>\r\n\r\n\r\n\r\n<div id=\"ez-toc-container\" class=\"ez-toc-v2_0_76 counter-hierarchy ez-toc-counter ez-toc-grey ez-toc-container-direction\">\n<p class=\"ez-toc-title\" style=\"cursor:inherit\">Temaer<\/p>\n<label for=\"ez-toc-cssicon-toggle-item-69de7e274715f\" class=\"ez-toc-cssicon-toggle-label\"><span class=\"\"><span class=\"eztoc-hide\" style=\"display:none;\">Toggle<\/span><span class=\"ez-toc-icon-toggle-span\"><svg style=\"fill: #999;color:#999\" xmlns=\"http:\/\/www.w3.org\/2000\/svg\" class=\"list-377408\" width=\"20px\" height=\"20px\" viewbox=\"0 0 24 24\" fill=\"none\"><path d=\"M6 6H4v2h2V6zm14 0H8v2h12V6zM4 11h2v2H4v-2zm16 0H8v2h12v-2zM4 16h2v2H4v-2zm16 0H8v2h12v-2z\" fill=\"currentColor\"><\/path><\/svg><svg style=\"fill: #999;color:#999\" class=\"arrow-unsorted-368013\" xmlns=\"http:\/\/www.w3.org\/2000\/svg\" width=\"10px\" height=\"10px\" viewbox=\"0 0 24 24\" version=\"1.2\" baseprofile=\"tiny\"><path d=\"M18.2 9.3l-6.2-6.3-6.2 6.3c-.2.2-.3.4-.3.7s.1.5.3.7c.2.2.4.3.7.3h11c.3 0 .5-.1.7-.3.2-.2.3-.5.3-.7s-.1-.5-.3-.7zM5.8 14.7l6.2 6.3 6.2-6.3c.2-.2.3-.5.3-.7s-.1-.5-.3-.7c-.2-.2-.4-.3-.7-.3h-11c-.3 0-.5.1-.7.3-.2.2-.3.5-.3.7s.1.5.3.7z\"\/><\/svg><\/span><\/span><\/label><input type=\"checkbox\"  id=\"ez-toc-cssicon-toggle-item-69de7e274715f\" checked aria-label=\"Toggle\" \/><nav><ul class='ez-toc-list ez-toc-list-level-1' ><li class='ez-toc-page-1 ez-toc-heading-level-2'><a class=\"ez-toc-link ez-toc-heading-1\" href=\"https:\/\/comparemyjet.com\/nb\/fxair\/#About_the_Company\" >Om selskapet<\/a><\/li><li class='ez-toc-page-1 ez-toc-heading-level-2'><a class=\"ez-toc-link ez-toc-heading-2\" href=\"https:\/\/comparemyjet.com\/nb\/fxair\/#Company_Membership_Program\" >Program for bedriftsmedlemskap<\/a><\/li><li class='ez-toc-page-1 ez-toc-heading-level-2'><a class=\"ez-toc-link ez-toc-heading-3\" href=\"https:\/\/comparemyjet.com\/nb\/fxair\/#On-Demand_Charter_Flight\" >Charterfly p\u00e5 foresp\u00f8rsel<\/a><\/li><li class='ez-toc-page-1 ez-toc-heading-level-2'><a class=\"ez-toc-link ez-toc-heading-4\" href=\"https:\/\/comparemyjet.com\/nb\/fxair\/#The_Fleet\" >Fl\u00e5ten&nbsp;<\/a><ul class='ez-toc-list-level-3' ><li class='ez-toc-heading-level-3'><a class=\"ez-toc-link ez-toc-heading-5\" href=\"https:\/\/comparemyjet.com\/nb\/fxair\/#1_Light_Private_Jets\" >1. Lette private jetfly<\/a><ul class='ez-toc-list-level-4' ><li class='ez-toc-heading-level-4'><a class=\"ez-toc-link ez-toc-heading-6\" href=\"https:\/\/comparemyjet.com\/nb\/fxair\/#Our_Recommendation_The_Nextant_400XT\" >V\u00e5r anbefaling: Nextant 400XT<\/a><\/li><\/ul><\/li><li class='ez-toc-page-1 ez-toc-heading-level-3'><a class=\"ez-toc-link ez-toc-heading-7\" href=\"https:\/\/comparemyjet.com\/nb\/fxair\/#2_Midsize_Private_Jets\" >2. Mellomstore privatfly<\/a><ul class='ez-toc-list-level-4' ><li class='ez-toc-heading-level-4'><a class=\"ez-toc-link ez-toc-heading-8\" href=\"https:\/\/comparemyjet.com\/nb\/fxair\/#Our_Recommendation_The_Citation_Excel\" >V\u00e5r anbefaling: Citation Excel<\/a><\/li><\/ul><\/li><li class='ez-toc-page-1 ez-toc-heading-level-3'><a class=\"ez-toc-link ez-toc-heading-9\" href=\"https:\/\/comparemyjet.com\/nb\/fxair\/#3_Super-Midsize_Private_Jets\" >3. Super-mellomstore privatfly&nbsp;<\/a><ul class='ez-toc-list-level-4' ><li class='ez-toc-heading-level-4'><a class=\"ez-toc-link ez-toc-heading-10\" href=\"https:\/\/comparemyjet.com\/nb\/fxair\/#Our_Recommendation_The_Falcon_50\" >V\u00e5r anbefaling: Falcon 50&nbsp;<\/a><\/li><\/ul><\/li><li class='ez-toc-page-1 ez-toc-heading-level-3'><a class=\"ez-toc-link ez-toc-heading-11\" href=\"https:\/\/comparemyjet.com\/nb\/fxair\/#4_Large_Private_Jets\" >4. Store privatfly<\/a><ul class='ez-toc-list-level-4' ><li class='ez-toc-heading-level-4'><a class=\"ez-toc-link ez-toc-heading-12\" href=\"https:\/\/comparemyjet.com\/nb\/fxair\/#Our_Recommendation_The_Gulfstream_GIV\" >V\u00e5r anbefaling: Gulfstream GIV<\/a><\/li><\/ul><\/li><li class='ez-toc-page-1 ez-toc-heading-level-3'><a class=\"ez-toc-link ez-toc-heading-13\" href=\"https:\/\/comparemyjet.com\/nb\/fxair\/#5_Ultra-Long-Range_Private_Jets\" >5. Privatfly med ultralang rekkevidde<\/a><ul class='ez-toc-list-level-4' ><li class='ez-toc-heading-level-4'><a class=\"ez-toc-link ez-toc-heading-14\" href=\"https:\/\/comparemyjet.com\/nb\/fxair\/#Our_Recommendation_Gulfstream_GV\" >V\u00e5r anbefaling: Gulfstream GV<\/a><\/li><\/ul><\/li><\/ul><\/li><li class='ez-toc-page-1 ez-toc-heading-level-2'><a class=\"ez-toc-link ez-toc-heading-15\" href=\"https:\/\/comparemyjet.com\/nb\/fxair\/#Company_Safety_Policy_and_Standards\" >Selskapets sikkerhetspolicy og -standarder<\/a><\/li><li class='ez-toc-page-1 ez-toc-heading-level-2'><a class=\"ez-toc-link ez-toc-heading-16\" href=\"https:\/\/comparemyjet.com\/nb\/fxair\/#Conclusion\" >Konklusjon<\/a><\/li><\/ul><\/nav><\/div>\n<h2 class=\"wp-block-heading\"><span class=\"ez-toc-section\" id=\"About_the_Company\"><\/span>Om selskapet<span class=\"ez-toc-section-end\"><\/span><\/h2>\r\n\r\n\r\n\r\n<p>FXAIR er et nystiftet selskap som eies av Directional Aviation, med Andrew Collins som administrerende direkt\u00f8r og Gregg Slow som president, og har hovedkontor i <a href=\"https:\/\/comparemyjet.com\/nb\/private-tours\/new-york-city-private-tours\/\" data-internallinksmanager029f6b8e52c=\"427\" title=\"11 beste private turer i New York City fra $48.00\">New York City<\/a>.&nbsp;<\/p>\r\n\r\n\r\n\r\n<p>FXAIR har ingen egen fl\u00e5te, men benytter seg i stedet av Flexjets fl\u00e5te og andre tredjepartsoperat\u00f8rer. Gjennom Aviator-programmet gir FXAIR sine kunder prioritert tilgang til de flyene de \u00f8nsker - selv p\u00e5 dager med stor ettersp\u00f8rsel. Flyene i FXAIR-systemet stilles til r\u00e5dighet av selskaper som overholder de strengeste sikkerhetskravene, som ofte g\u00e5r utover <a href=\"https:\/\/www.faa.gov\/\" target=\"_blank\" rel=\"noopener\">FAA<\/a> retningslinjer.<\/p>\r\n\r\n\r\n\r\n<h2 class=\"wp-block-heading\"><span class=\"ez-toc-section\" id=\"Company_Membership_Program\"><\/span>Program for bedriftsmedlemskap<span class=\"ez-toc-section-end\"><\/span><\/h2>\r\n\r\n\r\n\r\n<p>FXAIRs grunnleggende medlemsprogram, Aviator Account, gir deg prioritert tilgang til andregenerasjons Flexjet-fly. Du kan ogs\u00e5 dra nytte av noen spesielle insentiver og tilbud som er utviklet eksklusivt for vanlige flypassasjerer, for eksempel prioriterte bestillinger p\u00e5 travle reisedager.&nbsp;<\/p>\r\n\r\n\r\n\r\n<p>Det kreves en investering p\u00e5 minst $100 000 for \u00e5 aktivere dette medlemsprogrammet. Som medlem f\u00e5r du gratis catering og gratis lokalt Wi-Fi, i tillegg til gratis avising og gratis oppgraderinger n\u00e5r det er tilgjengelig. Hvis du bestiller minst en uke i forveien, kan du fly p\u00e5 tvers av USA med et fly med super mellomkabin til en fast pris p\u00e5 $32 000. Kontosaldoen din har ingen utl\u00f8psdato, og du kan f\u00e5 refundert medlemsavgiften.<\/p>\r\n\r\n\r\n\r\n<h2 class=\"wp-block-heading\"><span class=\"ez-toc-section\" id=\"On-Demand_Charter_Flight\"><\/span>Charterfly p\u00e5 foresp\u00f8rsel<span class=\"ez-toc-section-end\"><\/span><\/h2>\r\n\r\n\r\n\r\n<p>Deres on-demand chartertjenester tilbyr et bredt utvalg av private jetfly, inkludert lette, mellomstore, supermellomstore, tunge og ultralange jetfly. FXAIR gir deg tilgang til andregenerasjons (pensjonerte) Flexjet-fly, som kun kan leies gjennom FXAIR, men som betjenes og opereres av Flexjet.&nbsp;<\/p>\r\n\r\n\r\n\r\n<p>FXAIR tilbyr ogs\u00e5 tilgang til over 1200 fly fra anerkjente og p\u00e5litelige flyoperat\u00f8rer.&nbsp;<\/p>\r\n\r\n\r\n\r\n<h2 class=\"wp-block-heading\"><span class=\"ez-toc-section\" id=\"The_Fleet\"><\/span>Fl\u00e5ten&nbsp;<span class=\"ez-toc-section-end\"><\/span><\/h2>\r\n\r\n\r\n\r\n<figure class=\"wp-block-image size-full is-style-default\"><img loading=\"lazy\" decoding=\"async\" width=\"1000\" height=\"664\" src=\"https:\/\/comparemyjet.com\/wp-content\/uploads\/2022\/08\/airplane.in_.clouds.jpg\" alt=\"\" class=\"wp-image-3185\" srcset=\"https:\/\/comparemyjet.com\/wp-content\/uploads\/2022\/08\/airplane.in_.clouds-18x12.jpg 18w, https:\/\/comparemyjet.com\/wp-content\/uploads\/2022\/08\/airplane.in_.clouds-300x199.jpg 300w, https:\/\/comparemyjet.com\/wp-content\/uploads\/2022\/08\/airplane.in_.clouds-768x510.jpg 768w, https:\/\/comparemyjet.com\/wp-content\/uploads\/2022\/08\/airplane.in_.clouds.jpg 1000w\" sizes=\"auto, (max-width: 1000px) 100vw, 1000px\" \/><\/figure>\r\n\r\n\r\n\r\n<p>Fl\u00e5ten deres best\u00e5r av pensjonerte Flexjet-fly og inkluderer Nextant 400XTi, som er pusset opp av Nextant Aerospace, et annet Directional-selskap, tolv <a href=\"https:\/\/comparemyjet.com\/nb\/bombardier\/\" data-internallinksmanager029f6b8e52c=\"159\" title=\"Den ultimate guiden til Bombardiers private jetfly og fly\">Bombardier<\/a> Challenger 300-fly og fem Global Express-fly.&nbsp;<\/p>\r\n\r\n\r\n\r\n<h3 class=\"wp-block-heading\"><span class=\"ez-toc-section\" id=\"1_Light_Private_Jets\"><\/span>1. Lette private jetfly<span class=\"ez-toc-section-end\"><\/span><\/h3>\r\n\r\n\r\n\r\n<p>Denne flytypen er ideell for korte innenlandsreiser med maksimalt syv passasjerer. Lette jetfly er raske og effektive n\u00e5r du reiser til lokale flyplasser. I tillegg kan de enkelt lande p\u00e5 steder som er vanskelige \u00e5 n\u00e5, som fjelltopper eller sm\u00e5 rullebaner.<\/p>\r\n\r\n\r\n\r\n<h4 class=\"wp-block-heading\"><span class=\"ez-toc-section\" id=\"Our_Recommendation_The_Nextant_400XT\"><\/span>V\u00e5r anbefaling: Nextant 400XT<span class=\"ez-toc-section-end\"><\/span><\/h4>\r\n\r\n\r\n\r\n<p>Nextant 400XT er et av de raskeste jetflyene, raskere enn noe annet jetfly i sin klasse. Den ergonomiske utformingen av kabinen maksimerer plass og ytelse for \u00e5 \u00f8ke komforten for passasjerene, og selve flyet er godt utstyrt og enkelt \u00e5 h\u00e5ndtere.<\/p>\r\n\r\n\r\n\r\n<p>Spesifikasjoner:<\/p>\r\n\r\n\r\n\r\n<ul class=\"wp-block-list\"><li>Passasjerer: 6-7;<\/li><li>Kabinh\u00f8yde: 4 ft 9 in;<\/li><li>Kabinelengde: 15 fot 6 tommer;<\/li><li>Kabinbredde: 4 fot 11 tommer;<\/li><li>Maks rekkevidde: 2005 nm;<\/li><li>Maks hastighet: 471 km\/t;<\/li><li>Innvendig bagasje: 31 kubikkfot;<\/li><li>Utvendig bagasje: 25 kubikkmeter.<\/li><\/ul>\r\n\r\n\r\n\r\n<p>FXAIR tilbyr ogs\u00e5 <em>Citation CJ3, Citation V, Hawker 400XP, <a href=\"https:\/\/comparemyjet.com\/nb\/learjet\/\" data-internallinksmanager029f6b8e52c=\"149\" title=\"Den ultimate guiden til Learjet privatfly og -jetfly\">Learjet<\/a> 45, og Phenom 300 <\/em>i kategorien lette jetfly.<\/p>\r\n\r\n\r\n\r\n<h3 class=\"wp-block-heading\"><span class=\"ez-toc-section\" id=\"2_Midsize_Private_Jets\"><\/span>2. Mellomstore privatfly<span class=\"ez-toc-section-end\"><\/span><\/h3>\r\n\r\n\r\n\r\n<p>Mellomstore fly er ideelle for lengre private reiser eller forretningsreiser, siden de har st\u00f8rre rekkevidde og komfort. Med egenskaper som god bagasjeplass og st\u00f8rre kabinh\u00f8yde er disse flyene ideelle for reiser som krever mer utholdenhet.&nbsp;<\/p>\r\n\r\n\r\n\r\n<h4 class=\"wp-block-heading\"><span class=\"ez-toc-section\" id=\"Our_Recommendation_The_Citation_Excel\"><\/span>V\u00e5r anbefaling: Citation Excel<span class=\"ez-toc-section-end\"><\/span><\/h4>\r\n\r\n\r\n\r\n<p>Citation Excel fungerer som standardmodell for alle andre mellomstore fly. Det har en stor kabin med god plass til bagasje. P\u00e5 grunn av komforten, effektiviteten og holdbarheten er det det foretrukne jetflyet for mellomdistanseflyging. Det er et godt valg for forretningsreisende fordi det fungerer som et skyh\u00f8yt konferanseomr\u00e5de.<\/p>\r\n\r\n\r\n\r\n<p>Spesifikasjoner:<\/p>\r\n\r\n\r\n\r\n<ul class=\"wp-block-list\"><li>Passasjerer: 8;<\/li><li>Bagasjekapasitet: 90 cu ft;<\/li><li>Kabinbredde: 5 fot 5 tommer;<\/li><li>Kabinh\u00f8yde: 1,5 meter;<\/li><li>Kabinelengde: 18 fot 6 tommer;<\/li><li>Flyrekkevidde: opptil 4,5 timer;<\/li><li>Cruisehastighet: 487 mph.<\/li><\/ul>\r\n\r\n\r\n\r\n<p>I FXAIR-fl\u00e5ten kan du ogs\u00e5 finne <em>Hawker 800\/850\/900XP og Learjet 55\/60 <\/em>som en del av kategorien mellomstore jetfly.<\/p>\r\n\r\n\r\n\r\n<h3 class=\"wp-block-heading\"><span class=\"ez-toc-section\" id=\"3_Super-Midsize_Private_Jets\"><\/span>3. Super-mellomstore privatfly&nbsp;<span class=\"ez-toc-section-end\"><\/span><\/h3>\r\n\r\n\r\n\r\n<p>Super-midsize jetfly kombinerer bekvemmelighet og estetikk. Hvis du flyr med en st\u00f8rre gruppe eller reiser over hele landet, er dette den perfekte flyklassen.<\/p>\r\n\r\n\r\n\r\n<h4 class=\"wp-block-heading\"><span class=\"ez-toc-section\" id=\"Our_Recommendation_The_Falcon_50\"><\/span>V\u00e5r anbefaling: Falcon 50&nbsp;<span class=\"ez-toc-section-end\"><\/span><\/h4>\r\n\r\n\r\n\r\n<p>Med en romslig kabin, sofistikert skinnbekledning og et komplett mikrokj\u00f8kken har Falcon 50 rekkevidden og elegansen til et mye st\u00f8rre jetfly, og gir reisetilfredshet og luksus. Falcon50EX er et stort fly som egner seg for mellomdistanseturer n\u00e5r du trenger \u00e5 ta med deg mer bagasje.<\/p>\r\n\r\n\r\n\r\n<p>Spesifikasjoner:<\/p>\r\n\r\n\r\n\r\n<ul class=\"wp-block-list\"><li>Passasjerer: 9;<\/li><li>Bagasjekapasitet: 115 cu ft;<\/li><li>Kabinelengde: 23 fot 5 tommer;<\/li><li>Kabinbredde: 6 fot 1 tommer;<\/li><li>Kabinh\u00f8yde: 1,5 meter;<\/li><li>Maks cruisehastighet: 478 mph;<\/li><li>Rekkevidde: 5+ timer.<\/li><\/ul>\r\n\r\n\r\n\r\n<p>I FXAIRs fl\u00e5te av super-mellomstore jetfly finner du ogs\u00e5 <em>Challenger 300\/350, Citation Sovereign, Citation X, og <a href=\"https:\/\/comparemyjet.com\/nb\/gulfstream\/\" data-internallinksmanager029f6b8e52c=\"175\" title=\"Den ultimate guiden til Gulfstream private jetfly og fly\">Gulfstream<\/a> G200<\/em>.<\/p>\r\n\r\n\r\n\r\n<h3 class=\"wp-block-heading\"><span class=\"ez-toc-section\" id=\"4_Large_Private_Jets\"><\/span>4. Store privatfly<span class=\"ez-toc-section-end\"><\/span><\/h3>\r\n\r\n\r\n\r\n<p>Store jetfly gir den beste private flyopplevelsen for interkontinentale flyvninger. De kan transportere st\u00f8rre grupper, ettersom de har plass og komfort nok til opptil 15 personer.<\/p>\r\n\r\n\r\n\r\n<h4 class=\"wp-block-heading\"><span class=\"ez-toc-section\" id=\"Our_Recommendation_The_Gulfstream_GIV\"><\/span>V\u00e5r anbefaling: Gulfstream GIV<span class=\"ez-toc-section-end\"><\/span><\/h4>\r\n\r\n\r\n\r\n<p>Gulfstream-flyene er velkjente for sin raffinement, luksus og sikkerhet, s\u00e5 det er ikke overraskende at GIV har f\u00e5tt rykte p\u00e5 seg for \u00e5 v\u00e6re et f\u00f8rsteklasses forretningsfly b\u00e5de nasjonalt og internasjonalt. Individuelt nedfellbare stoler, et m\u00f8tebord for fire personer og en komfortabel sofa er alle inkludert. Det er komfortable senger for opptil seks personer i kabinen.&nbsp;<\/p>\r\n\r\n\r\n\r\n<p>Spesifikasjoner:<\/p>\r\n\r\n\r\n\r\n<ul class=\"wp-block-list\"><li>Passasjerer: 14 seter\/6 senger;<\/li><li>Rekkevidde: 3 880 nm;<\/li><li>Bagasjeplass: 169 kubikkmeter;<\/li><li>Kabinbredde: 7 fot 3 tommer;<\/li><li>Kabinelengde: 45 ft 1 in;<\/li><li>Kabinh\u00f8yde: 6 fot 2 tommer;<\/li><li>Cruisehastighet: 548 mph.<\/li><\/ul>\r\n\r\n\r\n\r\n<p>I FXAIRs fl\u00e5te av store fly finner du ogs\u00e5 <em>Challenger 601\/604, Falcon 900EX, Falcon 2000EX og Gulfstream G450<\/em>.<\/p>\r\n\r\n\r\n\r\n<h3 class=\"wp-block-heading\"><span class=\"ez-toc-section\" id=\"5_Ultra-Long-Range_Private_Jets\"><\/span>5. Privatfly med ultralang rekkevidde<span class=\"ez-toc-section-end\"><\/span><\/h3>\r\n\r\n\r\n\r\n<p>Et ultralangdistansefly er det beste alternativet n\u00e5r du \u00f8nsker \u00e5 reise lange avstander i luksusens sk\u00f8d. Ingenting sl\u00e5r et ekstremt langtrekkende fly for flyreiser over hele verden. Dette er m\u00e5ten \u00e5 fly p\u00e5 hvis du planlegger en utenlandsreise som krever rekkevidde, kraft og komfort, spesielt hvis det er med et st\u00f8rre selskap, ettersom de enkelt har plass til 13 eller flere passasjerer. Disse flyene har bekvemmeligheter som fullt utstyrt kj\u00f8kken, TV, kingsize-senger, toaletter og separate plasser for \u00e5 sove, spise, jobbe og underholde.<\/p>\r\n\r\n\r\n\r\n<h4 class=\"wp-block-heading\"><span class=\"ez-toc-section\" id=\"Our_Recommendation_Gulfstream_GV\"><\/span>V\u00e5r anbefaling: Gulfstream GV<span class=\"ez-toc-section-end\"><\/span><\/h4>\r\n\r\n\r\n\r\n<p>Gulfstream GV var selskapets f\u00f8rste forretningsfly med ultralang rekkevidde, produsert av Gulfstream Aerospace i 1995 og lansert i 1998. Produksjonen ble avsluttet i 2002. GV-flyets mest i\u00f8ynefallende egenskap er den store rekkevidden og den forbedrede ytelsen.&nbsp;<\/p>\r\n\r\n\r\n\r\n<p>Spesifikasjoner:<\/p>\r\n\r\n\r\n\r\n<ul class=\"wp-block-list\"><li>Passasjerer: 12-16;<\/li><li>Kabinelengde: 50 ft 1 in;<\/li><li>Kabinbredde: 7 fot 3 tommer;<\/li><li>Kabinh\u00f8yde: 6 fot 1 tommer;<\/li><li>Kup\u00e9volum: 1669 kubikkmeter;<\/li><li>Maks hastighet: 585 mph;<\/li><li>Rekkevidde: 7389 miles;<\/li><li>Bagasjevolum: 226 kubikkfot;<\/li><li>Besetning: opptil 5 personer.<\/li><\/ul>\r\n\r\n\r\n\r\n<p>I FXAIRs fl\u00e5te av jetfly med ultralang rekkevidde finner du ogs\u00e5<em> Global Express, Falcon 7X, Global 6000 og Gulfstream G550\/G650<\/em>.<\/p>\r\n\r\n\r\n\r\n<h2 class=\"wp-block-heading\"><span class=\"ez-toc-section\" id=\"Company_Safety_Policy_and_Standards\"><\/span>Selskapets sikkerhetspolicy og -standarder<span class=\"ez-toc-section-end\"><\/span><\/h2>\r\n\r\n\r\n\r\n<p>Alle operat\u00f8rer som transporterer for FXAIR - inkludert alle piloter og jetfly - blir grundig kontrollert for \u00e5 sikre din sikkerhet og full tilfredshet. De m\u00e5 oppfylle selskapets krav for \u00e5 bli godkjent av FXAIR.<\/p>\r\n\r\n\r\n\r\n<p>Hva betyr det \u00e5 v\u00e6re FXAIR-godkjent? F\u00f8r flyvningen inspiserer og godkjenner det spesialiserte sikkerhetsteamet operat\u00f8ren, besetningen og flyet grundig. <a href=\"https:\/\/www.faa.gov\/\" target=\"_blank\" rel=\"noopener\">FAA<\/a> og <a href=\"https:\/\/www.ntsb.gov\/Pages\/home.aspx\" target=\"_blank\" rel=\"noopener\">NTSB<\/a> rapporter, pilotjournaler og -sertifikater, flygererfaring, medisinsk sertifisering, flyets lisensstatus og flyets forsikring kontrolleres f\u00f8r hver flyvning.<\/p>\r\n\r\n\r\n\r\n<p>Hver flyvning gjennomg\u00e5s minst 24 timer f\u00f8r avgang for \u00e5 avdekke eventuelle service- eller sikkerhetsproblemer. Kommandosenteret har ansvaret for \u00e5 overv\u00e5ke hele aktiviteten. Hvis et kriterium ikke er oppfylt, kanselleres flyvningen, og du f\u00e5r en annen operat\u00f8r som oppfyller alle kriteriene.<\/p>\r\n\r\n\r\n\r\n<p>For \u00e5 garantere passasjerenes sikkerhet er alle flyoperat\u00f8rer i FXAIR-nettverket dessuten p\u00e5lagt \u00e5 f\u00f8lge de strenge COVID-19-retningslinjene.<\/p>\r\n\r\n\r\n\r\n<h2 class=\"wp-block-heading\"><span class=\"ez-toc-section\" id=\"Conclusion\"><\/span>Konklusjon<span class=\"ez-toc-section-end\"><\/span><\/h2>\r\n\r\n\r\n\r\n<figure class=\"wp-block-image size-full is-style-default\"><img loading=\"lazy\" decoding=\"async\" width=\"1000\" height=\"667\" src=\"https:\/\/comparemyjet.com\/wp-content\/uploads\/2022\/07\/happy.woman_.listening.to_.music_.on_.a.private.jet_.jpg\" alt=\"FXAIR\" class=\"wp-image-3183\" srcset=\"https:\/\/comparemyjet.com\/wp-content\/uploads\/2022\/07\/happy.woman_.listening.to_.music_.on_.a.private.jet_-18x12.jpg 18w, https:\/\/comparemyjet.com\/wp-content\/uploads\/2022\/07\/happy.woman_.listening.to_.music_.on_.a.private.jet_-300x200.jpg 300w, https:\/\/comparemyjet.com\/wp-content\/uploads\/2022\/07\/happy.woman_.listening.to_.music_.on_.a.private.jet_-768x512.jpg 768w, https:\/\/comparemyjet.com\/wp-content\/uploads\/2022\/07\/happy.woman_.listening.to_.music_.on_.a.private.jet_.jpg 1000w\" sizes=\"auto, (max-width: 1000px) 100vw, 1000px\" \/><\/figure>\r\n\r\n\r\n\r\n<p>Selv om FXAIR er nystiftet, kommer selskapet fra den veletablerte Directional Aviation-familien, s\u00e5 de som driver det, har mer enn nok erfaring fra flybransjen. Selskapet har spesialisert seg p\u00e5 on-demand charterflyvninger og tilbyr andregenerasjons Flexjet-fly som er FXAIR-godkjente. Du kan velge mellom en stor fl\u00e5te av lette, mellomstore, supermellomstore, store og ultralange jetfly, noe som gj\u00f8r FXAIR til et verdig valg som on-demand charterselskap.<\/p>","protected":false},"excerpt":{"rendered":"<p>FXAIR er et relativt nytt privat charterselskap som startet sin virksomhet i 2020. Selskapet har vokst eksponentielt siden den gang, delvis p\u00e5 grunn av den \u00f8kende populariteten til private flyreiser i forbindelse med COVID-19-pandemien. FXAIR er en del av Directional Aviation-familien av selskaper grunnlagt av Ken Ricci, som inkluderer Flexjet, Sentient Jet, PrivateFly, ...<\/p>","protected":false},"author":2,"featured_media":3184,"parent":0,"menu_order":0,"comment_status":"closed","ping_status":"closed","template":"","meta":{"_acf_changed":false,"_genesis_hide_title":false,"_genesis_hide_breadcrumbs":false,"_genesis_hide_singular_image":false,"_genesis_hide_footer_widgets":false,"_genesis_custom_body_class":"","_genesis_custom_post_class":"","_genesis_layout":"","footnotes":""},"class_list":{"1":"page","2":"type-page","6":"entry"},"acf":[],"_links":{"self":[{"href":"https:\/\/comparemyjet.com\/nb\/wp-json\/wp\/v2\/pages\/3182","targetHints":{"allow":["GET"]}}],"collection":[{"href":"https:\/\/comparemyjet.com\/nb\/wp-json\/wp\/v2\/pages"}],"about":[{"href":"https:\/\/comparemyjet.com\/nb\/wp-json\/wp\/v2\/types\/page"}],"author":[{"embeddable":true,"href":"https:\/\/comparemyjet.com\/nb\/wp-json\/wp\/v2\/users\/2"}],"replies":[{"embeddable":true,"href":"https:\/\/comparemyjet.com\/nb\/wp-json\/wp\/v2\/comments?post=3182"}],"version-history":[{"count":2,"href":"https:\/\/comparemyjet.com\/nb\/wp-json\/wp\/v2\/pages\/3182\/revisions"}],"predecessor-version":[{"id":3448,"href":"https:\/\/comparemyjet.com\/nb\/wp-json\/wp\/v2\/pages\/3182\/revisions\/3448"}],"wp:featuredmedia":[{"embeddable":true,"href":"https:\/\/comparemyjet.com\/nb\/wp-json\/wp\/v2\/media\/3184"}],"wp:attachment":[{"href":"https:\/\/comparemyjet.com\/nb\/wp-json\/wp\/v2\/media?parent=3182"}],"curies":[{"name":"wp","href":"https:\/\/api.w.org\/{rel}","templated":true}]}}