{"id":3187,"date":"2022-08-04T21:07:44","date_gmt":"2022-08-04T21:07:44","guid":{"rendered":"https:\/\/comparemyjet.com\/?page_id=3187"},"modified":"2025-09-04T09:59:34","modified_gmt":"2025-09-04T09:59:34","slug":"northern-jet-management","status":"publish","type":"page","link":"https:\/\/comparemyjet.com\/nb\/northern-jet-management\/","title":{"rendered":"Northern Jet Management"},"content":{"rendered":"<p>Elite-leverand\u00f8ren av jetflyreiser, Northern Jet Management, tilbyr <a href=\"https:\/\/comparemyjet.com\/nb\/what-are-some-aircraft-management-companies\/\" data-internallinksmanager029f6b8e52c=\"21\" title=\"Flyadministrasjonstjenester og -selskaper\">flyadministrasjon<\/a>, et program for delt eierskap, chartring p\u00e5 foresp\u00f8rsel og kj\u00f8p og salg av fly til b\u00e5de bedrifter og privatpersoner. De flyr til mer enn 3 400 destinasjoner i USA, Karibia, Mexico og Canada.<\/p>\r\n\r\n\r\n\r\n<p>La oss se n\u00e6rmere p\u00e5 hva de tilbyr, men f\u00f8rst en kort oversikt over hvordan selskapet ble til.<\/p>\r\n\r\n\r\n\r\n<div id=\"ez-toc-container\" class=\"ez-toc-v2_0_76 counter-hierarchy ez-toc-counter ez-toc-grey ez-toc-container-direction\">\n<p class=\"ez-toc-title\" style=\"cursor:inherit\">Temaer<\/p>\n<label for=\"ez-toc-cssicon-toggle-item-69f248413f973\" class=\"ez-toc-cssicon-toggle-label\"><span class=\"\"><span class=\"eztoc-hide\" style=\"display:none;\">Toggle<\/span><span class=\"ez-toc-icon-toggle-span\"><svg style=\"fill: #999;color:#999\" xmlns=\"http:\/\/www.w3.org\/2000\/svg\" class=\"list-377408\" width=\"20px\" height=\"20px\" viewbox=\"0 0 24 24\" fill=\"none\"><path d=\"M6 6H4v2h2V6zm14 0H8v2h12V6zM4 11h2v2H4v-2zm16 0H8v2h12v-2zM4 16h2v2H4v-2zm16 0H8v2h12v-2z\" fill=\"currentColor\"><\/path><\/svg><svg style=\"fill: #999;color:#999\" class=\"arrow-unsorted-368013\" xmlns=\"http:\/\/www.w3.org\/2000\/svg\" width=\"10px\" height=\"10px\" viewbox=\"0 0 24 24\" version=\"1.2\" baseprofile=\"tiny\"><path d=\"M18.2 9.3l-6.2-6.3-6.2 6.3c-.2.2-.3.4-.3.7s.1.5.3.7c.2.2.4.3.7.3h11c.3 0 .5-.1.7-.3.2-.2.3-.5.3-.7s-.1-.5-.3-.7zM5.8 14.7l6.2 6.3 6.2-6.3c.2-.2.3-.5.3-.7s-.1-.5-.3-.7c-.2-.2-.4-.3-.7-.3h-11c-.3 0-.5.1-.7.3-.2.2-.3.5-.3.7s.1.5.3.7z\"\/><\/svg><\/span><\/span><\/label><input type=\"checkbox\"  id=\"ez-toc-cssicon-toggle-item-69f248413f973\" checked aria-label=\"Toggle\" \/><nav><ul class='ez-toc-list ez-toc-list-level-1' ><li class='ez-toc-page-1 ez-toc-heading-level-2'><a class=\"ez-toc-link ez-toc-heading-1\" href=\"https:\/\/comparemyjet.com\/nb\/northern-jet-management\/#About_the_Company\" >Om selskapet&nbsp;<\/a><\/li><li class='ez-toc-page-1 ez-toc-heading-level-2'><a class=\"ez-toc-link ez-toc-heading-2\" href=\"https:\/\/comparemyjet.com\/nb\/northern-jet-management\/#Ways_to_Fly\" >M\u00e5ter \u00e5 fly p\u00e5<\/a><ul class='ez-toc-list-level-3' ><li class='ez-toc-heading-level-3'><a class=\"ez-toc-link ez-toc-heading-3\" href=\"https:\/\/comparemyjet.com\/nb\/northern-jet-management\/#Jet_Management\" >Jet Management<\/a><\/li><li class='ez-toc-page-1 ez-toc-heading-level-3'><a class=\"ez-toc-link ez-toc-heading-4\" href=\"https:\/\/comparemyjet.com\/nb\/northern-jet-management\/#Company_Card_Program\" >Program for firmakort<\/a><\/li><li class='ez-toc-page-1 ez-toc-heading-level-3'><a class=\"ez-toc-link ez-toc-heading-5\" href=\"https:\/\/comparemyjet.com\/nb\/northern-jet-management\/#Fractional_Jet_Ownership_Program\" >Program for fraksjonert eierskap av jetfly<\/a><\/li><li class='ez-toc-page-1 ez-toc-heading-level-3'><a class=\"ez-toc-link ez-toc-heading-6\" href=\"https:\/\/comparemyjet.com\/nb\/northern-jet-management\/#Empty_Leg_Flights\" >Flyvninger med tomme ben<\/a><\/li><li class='ez-toc-page-1 ez-toc-heading-level-3'><a class=\"ez-toc-link ez-toc-heading-7\" href=\"https:\/\/comparemyjet.com\/nb\/northern-jet-management\/#Acquiring_or_Selling_an_Aircraft\" >Kj\u00f8pe eller selge et fly<\/a><\/li><\/ul><\/li><li class='ez-toc-page-1 ez-toc-heading-level-2'><a class=\"ez-toc-link ez-toc-heading-8\" href=\"https:\/\/comparemyjet.com\/nb\/northern-jet-management\/#Pricing\" >Priser<\/a><\/li><li class='ez-toc-page-1 ez-toc-heading-level-2'><a class=\"ez-toc-link ez-toc-heading-9\" href=\"https:\/\/comparemyjet.com\/nb\/northern-jet-management\/#The_Fleet\" >Fl\u00e5ten&nbsp;<\/a><ul class='ez-toc-list-level-3' ><li class='ez-toc-heading-level-3'><a class=\"ez-toc-link ez-toc-heading-10\" href=\"https:\/\/comparemyjet.com\/nb\/northern-jet-management\/#1_Midsize_Private_Jets\" >1. Mellomstore privatfly<\/a><ul class='ez-toc-list-level-4' ><li class='ez-toc-heading-level-4'><a class=\"ez-toc-link ez-toc-heading-11\" href=\"https:\/\/comparemyjet.com\/nb\/northern-jet-management\/#Our_Recommendation_Learjet_40\" >V\u00e5r anbefaling: Learjet 40<\/a><\/li><\/ul><\/li><li class='ez-toc-page-1 ez-toc-heading-level-3'><a class=\"ez-toc-link ez-toc-heading-12\" href=\"https:\/\/comparemyjet.com\/nb\/northern-jet-management\/#2_Super-Midsize_Private_Jets\" >2. Super-mellomstore privatfly&nbsp;<\/a><ul class='ez-toc-list-level-4' ><li class='ez-toc-heading-level-4'><a class=\"ez-toc-link ez-toc-heading-13\" href=\"https:\/\/comparemyjet.com\/nb\/northern-jet-management\/#Our_Recommendation_Cessna_Citation_Sovereign\" >V\u00e5r anbefaling: Cessna Citation Sovereign<\/a><\/li><\/ul><\/li><\/ul><\/li><li class='ez-toc-page-1 ez-toc-heading-level-2'><a class=\"ez-toc-link ez-toc-heading-14\" href=\"https:\/\/comparemyjet.com\/nb\/northern-jet-management\/#Company_Safety_Policy_and_Standards\" >Selskapets sikkerhetspolicy og -standarder<\/a><\/li><li class='ez-toc-page-1 ez-toc-heading-level-2'><a class=\"ez-toc-link ez-toc-heading-15\" href=\"https:\/\/comparemyjet.com\/nb\/northern-jet-management\/#The_Staff\" >Personalet<\/a><\/li><li class='ez-toc-page-1 ez-toc-heading-level-2'><a class=\"ez-toc-link ez-toc-heading-16\" href=\"https:\/\/comparemyjet.com\/nb\/northern-jet-management\/#Conclusion\" >Konklusjon<\/a><\/li><\/ul><\/nav><\/div>\n<h2 class=\"wp-block-heading\"><span class=\"ez-toc-section\" id=\"About_the_Company\"><\/span>Om selskapet&nbsp;<span class=\"ez-toc-section-end\"><\/span><\/h2>\r\n\r\n\r\n\r\n<p>Northern Jet Management er et privateid selskap som ble etablert i 1995, med Charles Cox som administrerende direkt\u00f8r.&nbsp;<\/p>\r\n\r\n\r\n\r\n<p>Hovedkontoret ligger i Grand Rapids i Michigan, og de har en fullt operativ base i <a href=\"https:\/\/comparemyjet.com\/nb\/private-tours\/naples-private-tours\/\" data-internallinksmanager029f6b8e52c=\"299\" title=\"11 beste private turer i Napoli fra $90.53\">Napoli<\/a>...Florida.&nbsp;<\/p>\r\n\r\n\r\n\r\n<h2 class=\"wp-block-heading\"><span class=\"ez-toc-section\" id=\"Ways_to_Fly\"><\/span>M\u00e5ter \u00e5 fly p\u00e5<span class=\"ez-toc-section-end\"><\/span><\/h2>\r\n\r\n\r\n\r\n<p>For \u00e5 oppfylle dine flybehov tilbyr Northern Jet Management en rekke spesialistl\u00f8sninger - fra det altomfattende kortprogrammet for privatfly, kjent som Private Advantage Card, til komplett flyadministrasjon og -kj\u00f8p, leasing og r\u00e5dgivning.<\/p>\r\n\r\n\r\n\r\n<h3 class=\"wp-block-heading\"><span class=\"ez-toc-section\" id=\"Jet_Management\"><\/span>Jet Management<span class=\"ez-toc-section-end\"><\/span><\/h3>\r\n\r\n\r\n\r\n<p>Med Northern Jets' <a href=\"https:\/\/northernjet.net\/programs\/aircraft-management\/\" target=\"_blank\" rel=\"noopener\">forvaltningsl\u00f8sninger<\/a>I tillegg f\u00e5r du bakketransport, spesialforesp\u00f8rsler og planleggingspersonell som er tilgjengelig 365 dager i \u00e5ret, alt etter dine behov. Regnskapsmedarbeiderne f\u00f8lger n\u00f8ye med p\u00e5 utgiftene og utarbeider m\u00e5nedlige rapporter om aktivitet, kostnader, vedlikehold og andre utgifter, slik at du alltid er informert om alle aktiviteter knyttet til flyet ditt.<\/p>\r\n\r\n\r\n\r\n<p>Hvert eneste fly i Northern Jet-fl\u00e5ten har en h\u00f8yt kvalifisert besetning om bord, og alle piloter har typeklassifisering for det flyet de flyr. I tillegg gjennomg\u00e5r alle ansatte en 10-\u00e5rig <a href=\"https:\/\/www.fbi.gov\/about\" target=\"_blank\" rel=\"noopener\">FBI<\/a> bakgrunnssjekk som en del av ansettelsesprosessen.<\/p>\r\n\r\n\r\n\r\n<h3 class=\"wp-block-heading\"><span class=\"ez-toc-section\" id=\"Company_Card_Program\"><\/span>Program for firmakort<span class=\"ez-toc-section-end\"><\/span><\/h3>\r\n\r\n\r\n\r\n<p>Den <a href=\"https:\/\/northernjet.net\/programs\/jet-card\/\" target=\"_blank\" rel=\"noopener\"><strong>Privat fordelskort<\/strong><\/a> fra Northern Jet Management er et 25-timers kort rettet mot fritidsreisende p\u00e5 enveisflyvninger mellom Midtvesten og Florida. Det selskapsadministrerte <a href=\"https:\/\/comparemyjet.com\/nb\/learjet\/\" data-internallinksmanager029f6b8e52c=\"149\" title=\"Den ultimate guiden til Learjet privatfly og -jetfly\">Learjet<\/a> 40XR inng\u00e5r i programmet, og kortinnehaverne har ogs\u00e5 mulighet til \u00e5 velge Learjet 70.&nbsp;<\/p>\r\n\r\n\r\n\r\n<p>Det er ingen omplasseringskostnader innenfor 180 miles av&nbsp;<\/p>\r\n\r\n\r\n\r\n<ul class=\"wp-block-list\"><li>Grand Rapids;<\/li><li>Naples, Florida;<\/li><li><a href=\"https:\/\/comparemyjet.com\/nb\/private-jet-charters-to-chicago\/\" data-internallinksmanager029f6b8e52c=\"170\" title=\"Privatflycharter til Chicago\">Chicago<\/a>Illinois;<\/li><li>og Michigan.&nbsp;<\/li><\/ul>\r\n\r\n\r\n\r\n<p>En alt-inkludert timepris og minst 24 timers oppsigelsestid er noen av de andre fordelene som f\u00f8lger med dette kortet, og for kortinnehavere i Midtvesten er det ingen utilgjengelige datoer og ingen flyttekostnader.<\/p>\r\n\r\n\r\n\r\n<h3 class=\"wp-block-heading\"><span class=\"ez-toc-section\" id=\"Fractional_Jet_Ownership_Program\"><\/span>Program for fraksjonert eierskap av jetfly<span class=\"ez-toc-section-end\"><\/span><\/h3>\r\n\r\n\r\n\r\n<p>Den <a href=\"https:\/\/northernjet.net\/programs\/fractional-jet-ownership\/\" target=\"_blank\" rel=\"noopener\"><strong>Selskapet Jet<\/strong><\/a> er en <a href=\"https:\/\/comparemyjet.com\/nb\/how-does-fractional-jet-ownership-work\/\" data-internallinksmanager029f6b8e52c=\"20\" title=\"Hvordan fungerer Fractional Jet Ownership?\">Fraksjonert eierskap av jetfly<\/a> program som er spesielt utviklet for forretningsreisende. Forretningsreisende og bedrifter er den eneste m\u00e5lgruppen for Company Jets konsept for delt eierskap.<\/p>\r\n\r\n\r\n\r\n<p>Medlemmene f\u00e5r en forsmak p\u00e5 hva det inneb\u00e6rer \u00e5 eie et privatfly, uten bekymringer knyttet til administrasjon og drift, og med full st\u00f8tte fra et ekspertteam. N\u00e5r du signerer en kontrakt, forplikter du deg i fem \u00e5r, og du er sikret tilgjengelighet p\u00e5 minst 12 timers varsel. Concierge-tjenester er tilgjengelige d\u00f8gnet rundt, og et team av bransjespesialister hjelper deg med \u00f8konomi, regnskap og luftfartslovgivning.<\/p>\r\n\r\n\r\n\r\n<h3 class=\"wp-block-heading\"><span class=\"ez-toc-section\" id=\"Empty_Leg_Flights\"><\/span>Flyvninger med tomme ben<span class=\"ez-toc-section-end\"><\/span><\/h3>\r\n\r\n\r\n\r\n<p>Selskapet refererer til sine <a href=\"https:\/\/comparemyjet.com\/nb\/how-to-book-empty-leg-flights\/\" data-internallinksmanager029f6b8e52c=\"24\" title=\"Hvordan bestille tomflyvninger\">flyvninger med tomme strekninger<\/a> som \"<a href=\"https:\/\/northernjet.net\/flight-opportunities\/\" target=\"_blank\" rel=\"noopener\">Flymuligheter<\/a>\". Et ganske passende navn, gitt at disse flyvningene er en skikkelig fangst. Hvem som helst kan abonnere for \u00e5 motta og spore tilgjengelige tomflyvninger p\u00e5 e-postkontoen sin og gripe muligheten til \u00e5 fly til en av destinasjonene sine for en br\u00f8kdel av prisen.&nbsp;<\/p>\r\n\r\n\r\n\r\n<h3 class=\"wp-block-heading\"><span class=\"ez-toc-section\" id=\"Acquiring_or_Selling_an_Aircraft\"><\/span>Kj\u00f8pe eller selge et fly<span class=\"ez-toc-section-end\"><\/span><\/h3>\r\n\r\n\r\n\r\n<p>Ved \u00e5 bli medlem av Northern Jet f\u00e5r du full tilgang til deres profesjonelle team, som har flere ti\u00e5r med ekspertise og kontakter for \u00e5 finne de beste flyene som er skreddersydd for kundenes behov i forhold til <a href=\"https:\/\/northernjet.net\/programs\/aircraft-acquisition-sales-brokerage\/\" target=\"_blank\" rel=\"noopener\">kj\u00f8p eller salg av et nytt eller brukt fly<\/a>.<\/p>\r\n\r\n\r\n\r\n<h2 class=\"wp-block-heading\"><span class=\"ez-toc-section\" id=\"Pricing\"><\/span>Priser<span class=\"ez-toc-section-end\"><\/span><\/h2>\r\n\r\n\r\n\r\n<figure class=\"wp-block-image size-full is-style-default\"><img loading=\"lazy\" decoding=\"async\" width=\"1000\" height=\"667\" src=\"https:\/\/comparemyjet.com\/wp-content\/uploads\/2022\/06\/woman.in_.blue_.dress_.enjoying.view_.from_.private.jet_.jpg\" alt=\"\" class=\"wp-image-2997\" srcset=\"https:\/\/comparemyjet.com\/wp-content\/uploads\/2022\/06\/woman.in_.blue_.dress_.enjoying.view_.from_.private.jet_-18x12.jpg 18w, https:\/\/comparemyjet.com\/wp-content\/uploads\/2022\/06\/woman.in_.blue_.dress_.enjoying.view_.from_.private.jet_-300x200.jpg 300w, https:\/\/comparemyjet.com\/wp-content\/uploads\/2022\/06\/woman.in_.blue_.dress_.enjoying.view_.from_.private.jet_-768x512.jpg 768w, https:\/\/comparemyjet.com\/wp-content\/uploads\/2022\/06\/woman.in_.blue_.dress_.enjoying.view_.from_.private.jet_.jpg 1000w\" sizes=\"auto, (max-width: 1000px) 100vw, 1000px\" \/><\/figure>\r\n\r\n\r\n\r\n<p>Northern Jet Management er kjent for sine rimelige priser, sitt engasjement for de h\u00f8yeste sikkerhetsstandardene og sin lydh\u00f8rhet overfor kundenes behov.<\/p>\r\n\r\n\r\n\r\n<p>For \u00e5 bli kortinnehaver av Private Advantage Card fra Northern Jet Management m\u00e5 det betales et startgebyr p\u00e5 i underkant av $165 000.&nbsp;<\/p>\r\n\r\n\r\n\r\n<p>Flyreisende som sporer og drar nytte av selskapets tomflyvninger som er oppf\u00f8rt p\u00e5 selskapets nettside, sparer $1 000 i forhold til standardprisen per time.<\/p>\r\n\r\n\r\n\r\n<h2 class=\"wp-block-heading\"><span class=\"ez-toc-section\" id=\"The_Fleet\"><\/span>Fl\u00e5ten&nbsp;<span class=\"ez-toc-section-end\"><\/span><\/h2>\r\n\r\n\r\n\r\n<p>Hvert eneste jetfly i Northern Jet Managements fl\u00e5te p\u00e5 20 fly h\u00e5ndteres av erfarne fagfolk. Alle modellene er nye og moderne, med mellomstore og supermellomstore jetfly som den prim\u00e6re og dominerende flykategorien.&nbsp;<\/p>\r\n\r\n\r\n\r\n<h3 class=\"wp-block-heading\"><span class=\"ez-toc-section\" id=\"1_Midsize_Private_Jets\"><\/span>1. Mellomstore privatfly<span class=\"ez-toc-section-end\"><\/span><\/h3>\r\n\r\n\r\n\r\n<p>For b\u00e5de privat- og forretningsreiser kan du chartre et mellomstort fly som gir deg en komfortabel langdistanseflyvning. De mellomstore flyene er popul\u00e6re blant forretnings- og fritidsreisende p\u00e5 grunn av sine romslige kabiner, tilstrekkelig bagasjeplass og f\u00f8rsteklasses fasiliteter.<\/p>\r\n\r\n\r\n\r\n<h4 class=\"wp-block-heading\"><span class=\"ez-toc-section\" id=\"Our_Recommendation_Learjet_40\"><\/span>V\u00e5r anbefaling: Learjet 40<span class=\"ez-toc-section-end\"><\/span><\/h4>\r\n\r\n\r\n\r\n<p>Learjet 40 er et lite forretningsfly som er produsert av <a href=\"https:\/\/comparemyjet.com\/nb\/bombardier\/\" data-internallinksmanager029f6b8e52c=\"159\" title=\"Den ultimate guiden til Bombardiers private jetfly og fly\">Bombardier<\/a> Learjet. Den drives av to motorer, interi\u00f8ret er st\u00f8rre enn hos konkurrentene, og designet har inspirert fremtidige modeller. Karosseriet er imidlertid kortere, og drivstofftanken er mindre enn p\u00e5 Learjet 45.&nbsp;<\/p>\r\n\r\n\r\n\r\n<p>Spesifikasjoner:<\/p>\r\n\r\n\r\n\r\n<ul class=\"wp-block-list\"><li>Passasjerer: 7;<\/li><li>Utvendig h\u00f8yde: 14 fot 2 tommer;<\/li><li>Full lengde: 55 ft 5 in;<\/li><li>Vingespenn: 47 fot 9 tommer;<\/li><li>Kabinbredde: 5 fot 1 tommer;<\/li><li>Kabinh\u00f8yde: 4 fot 11 tommer;<\/li><li>Kabinelengde: 17 fot 8 tommer;<\/li><li>Maks rekkevidde: 1707 nm;<\/li><li>Maks marsjfart: 465 km\/t;<\/li><li>Utvendig bagasjeplass: 50 cu ft;<\/li><li>Innvendig bagasjeplass: 15 cu ft;<\/li><li>Mannskap: 2.<\/li><\/ul>\r\n\r\n\r\n\r\n<p>Northern Jet Management tilbyr effektive og prisgunstige fly i sin mellomstore private jetflykatalog, inkludert <em>Bombardier 45-serien<\/em>, <em><a href=\"https:\/\/comparemyjet.com\/nb\/gulfstream\/\" data-internallinksmanager029f6b8e52c=\"175\" title=\"Den ultimate guiden til Gulfstream private jetfly og fly\">Gulfstream<\/a> G150<\/em>, <em>Learjet 70\/75<\/em>, <em>Learjet 45XR<\/em>og v\u00e5r anbefalte modell, <em>Learjet 40<\/em>.<\/p>\r\n\r\n\r\n\r\n<h3 class=\"wp-block-heading\"><span class=\"ez-toc-section\" id=\"2_Super-Midsize_Private_Jets\"><\/span>2. Super-mellomstore privatfly&nbsp;<span class=\"ez-toc-section-end\"><\/span><\/h3>\r\n\r\n\r\n\r\n<p>Jetflyene i super-midsize-kategorien kan fly i opptil 6 timer, noe som er 2 timer mer enn den forrige kategorien, noe som gj\u00f8r dem ideelle for langdistanseflyvninger. Flygerne f\u00e5r tilgang til romslige kabiner og f\u00f8rsteklasses fasiliteter, inkludert mer bagasjeplass.<\/p>\r\n\r\n\r\n\r\n<h4 class=\"wp-block-heading\"><span class=\"ez-toc-section\" id=\"Our_Recommendation_Cessna_Citation_Sovereign\"><\/span>V\u00e5r anbefaling: Cessna Citation Sovereign<span class=\"ez-toc-section-end\"><\/span><\/h4>\r\n\r\n\r\n\r\n<p>Sovereign, produsert av en amerikansk produsent. <a href=\"https:\/\/comparemyjet.com\/nb\/cessna\/\" data-internallinksmanager029f6b8e52c=\"145\" title=\"Den ultimate guiden til Cessna privatfly og -jetfly\">Cessna<\/a>Citation Sovereign er et transkontinentalt fly. Citation Sovereign har blant annet en lang kropp, nydesignede vinger, glasscockpit med fire LCD-paneler og to motorer.&nbsp;<\/p>\r\n\r\n\r\n\r\n<p>Spesifikasjoner:&nbsp;<\/p>\r\n\r\n\r\n\r\n<ul class=\"wp-block-list\"><li>Passasjerer: 9;<\/li><li>Utvendig h\u00f8yde: 20 fot 4 tommer;<\/li><li>Full lengde: 63 fot 6 tommer;<\/li><li>Vingespenn: 63 fot 4 tommer;<\/li><li>Kabinbredde: 5 fot 6 tommer;<\/li><li>Kabinh\u00f8yde: 1,8 meter;<\/li><li>Kabinelengde: 25 fot 3 tommer;<\/li><li>Maks. rekkevidde: 3010 nm;<\/li><li>Maks marsjfart: 459 km\/t;<\/li><li>Mannskap: 2;<\/li><li>Innvendig bagasjeplass: 35 cu ft;<\/li><li>Utvendig bagasjeplass: 100 kubikkmeter.<\/li><\/ul>\r\n\r\n\r\n\r\n<p>Northern Jet Management tilbyr to sikre og effektive fly i sin katalog over super-mellomstore private jetfly, nemlig <em>Challenger 300<\/em> og v\u00e5r anbefalte modell <em>Cessna Citation Sovereign<\/em>.<\/p>\r\n\r\n\r\n\r\n<h2 class=\"wp-block-heading\"><span class=\"ez-toc-section\" id=\"Company_Safety_Policy_and_Standards\"><\/span>Selskapets sikkerhetspolicy og -standarder<span class=\"ez-toc-section-end\"><\/span><\/h2>\r\n\r\n\r\n\r\n<p>Northern Jet Managements team gjennomf\u00f8rer jevnlig interne revisjoner og evalueringer av prosesser, praksis, drift og tjenester p\u00e5 mer enn 40 driftsomr\u00e5der.<\/p>\r\n\r\n\r\n\r\n<p>I tillegg har Northern Jet Management <a href=\"https:\/\/www.argus.aero\/\" target=\"_blank\" rel=\"noopener\">ARGUS<\/a> Platina og <a href=\"https:\/\/www.acsf.aero\/\" target=\"_blank\" rel=\"noopener\">ACSF<\/a> akkreditering og bruker utelukkende mekanikere med <a href=\"https:\/\/www.faa.gov\/\" target=\"_blank\" rel=\"noopener\">FAA<\/a> lisenser. I tillegg har Northern Jet Management f\u00e5tt trinn 3-godkjenning fra <a href=\"https:\/\/ibac.org\/is-bao\" target=\"_blank\" rel=\"noopener\">Internasjonal standard for drift av forretningsfly<\/a> (IS-BAO).<\/p>\r\n\r\n\r\n\r\n<h2 class=\"wp-block-heading\"><span class=\"ez-toc-section\" id=\"The_Staff\"><\/span>Personalet<span class=\"ez-toc-section-end\"><\/span><\/h2>\r\n\r\n\r\n\r\n<figure class=\"wp-block-image size-full is-style-default\"><img loading=\"lazy\" decoding=\"async\" width=\"1000\" height=\"667\" src=\"https:\/\/comparemyjet.com\/wp-content\/uploads\/2022\/07\/private.jet_.pilots.in_.cockpit.jpg\" alt=\"\" class=\"wp-image-3072\" srcset=\"https:\/\/comparemyjet.com\/wp-content\/uploads\/2022\/07\/private.jet_.pilots.in_.cockpit-18x12.jpg 18w, https:\/\/comparemyjet.com\/wp-content\/uploads\/2022\/07\/private.jet_.pilots.in_.cockpit-300x200.jpg 300w, https:\/\/comparemyjet.com\/wp-content\/uploads\/2022\/07\/private.jet_.pilots.in_.cockpit-768x512.jpg 768w, https:\/\/comparemyjet.com\/wp-content\/uploads\/2022\/07\/private.jet_.pilots.in_.cockpit.jpg 1000w\" sizes=\"auto, (max-width: 1000px) 100vw, 1000px\" \/><\/figure>\r\n\r\n\r\n\r\n<p>Northern Jet Management forbedrer og endrer kontinuerlig selskapets drift for \u00e5 sikre de h\u00f8yeste sikkerhetsstandardene.<\/p>\r\n\r\n\r\n\r\n<p>Personalet f\u00e5r kontinuerlig flygetrening av <a href=\"https:\/\/www.cae.com\/\" target=\"_blank\" rel=\"noopener\">CAE<\/a> eller <a href=\"https:\/\/www.flightsafety.com\/\" target=\"_blank\" rel=\"noopener\">FlightSafety International<\/a>. Hvert flysegment innledes med en sikkerhetsrisikoanalyse utf\u00f8rt av besetningen. I tillegg f\u00e5r besetningen intern oppl\u00e6ring gjennom <a href=\"https:\/\/www.nata.aero\/education-and-training\/safety-1st\" target=\"_blank\" rel=\"noopener\">Nasjonalt oppl\u00e6ringsprogram for flysikkerhet (National Air Transportation Safety First)<\/a>.<\/p>\r\n\r\n\r\n\r\n<p>For \u00e5 hjelpe nye og n\u00e5v\u00e6rende piloter fungerer sertifiserte seniorpiloter som interne spesialister som tilbyr sin ekspertise til ledelsen n\u00e5r det gjelder driftsprosedyrer.<\/p>\r\n\r\n\r\n\r\n<h2 class=\"wp-block-heading\"><span class=\"ez-toc-section\" id=\"Conclusion\"><\/span>Konklusjon<span class=\"ez-toc-section-end\"><\/span><\/h2>\r\n\r\n\r\n\r\n<p>Passasjerer som \u00f8nsker friheten og bekvemmeligheten som privatflyreiser garanterer, er hjertelig velkomne til \u00e5 fly med Northern Jet Management. Selskapet er opptatt av \u00e5 yte service av h\u00f8y kvalitet, og sparer deg for mye tid i forbindelse med bestilling og planlegging. Northern Jet Management er det ledende privatflyselskapet i Midtvesten, takket v\u00e6re l\u00f8sninger for fraksjonert eierskap og flyadministrasjon.<\/p>","protected":false},"excerpt":{"rendered":"<p>Eliteflyselskapet Northern Jet Management tilbyr full flyadministrasjon, et program for delt eierskap, on-demand chartring samt kj\u00f8p og salg av fly til b\u00e5de bedrifter og privatpersoner. De flyr til mer enn 3400 destinasjoner i USA, Karibia, Mexico og Canada. La oss se n\u00e6rmere p\u00e5 hva de tilbyr, men f\u00f8rst en kort oversikt ...<\/p>","protected":false},"author":2,"featured_media":3188,"parent":0,"menu_order":0,"comment_status":"closed","ping_status":"closed","template":"","meta":{"_acf_changed":false,"_genesis_hide_title":false,"_genesis_hide_breadcrumbs":false,"_genesis_hide_singular_image":false,"_genesis_hide_footer_widgets":false,"_genesis_custom_body_class":"","_genesis_custom_post_class":"","_genesis_layout":"","footnotes":""},"class_list":{"1":"page","2":"type-page","6":"entry"},"acf":[],"_links":{"self":[{"href":"https:\/\/comparemyjet.com\/nb\/wp-json\/wp\/v2\/pages\/3187","targetHints":{"allow":["GET"]}}],"collection":[{"href":"https:\/\/comparemyjet.com\/nb\/wp-json\/wp\/v2\/pages"}],"about":[{"href":"https:\/\/comparemyjet.com\/nb\/wp-json\/wp\/v2\/types\/page"}],"author":[{"embeddable":true,"href":"https:\/\/comparemyjet.com\/nb\/wp-json\/wp\/v2\/users\/2"}],"replies":[{"embeddable":true,"href":"https:\/\/comparemyjet.com\/nb\/wp-json\/wp\/v2\/comments?post=3187"}],"version-history":[{"count":1,"href":"https:\/\/comparemyjet.com\/nb\/wp-json\/wp\/v2\/pages\/3187\/revisions"}],"predecessor-version":[{"id":3191,"href":"https:\/\/comparemyjet.com\/nb\/wp-json\/wp\/v2\/pages\/3187\/revisions\/3191"}],"wp:featuredmedia":[{"embeddable":true,"href":"https:\/\/comparemyjet.com\/nb\/wp-json\/wp\/v2\/media\/3188"}],"wp:attachment":[{"href":"https:\/\/comparemyjet.com\/nb\/wp-json\/wp\/v2\/media?parent=3187"}],"curies":[{"name":"wp","href":"https:\/\/api.w.org\/{rel}","templated":true}]}}