{"id":3223,"date":"2022-08-23T00:45:05","date_gmt":"2022-08-23T00:45:05","guid":{"rendered":"https:\/\/comparemyjet.com\/?page_id=3223"},"modified":"2025-09-04T09:58:21","modified_gmt":"2025-09-04T09:58:21","slug":"grandview-aviation","status":"publish","type":"page","link":"https:\/\/comparemyjet.com\/nb\/grandview-aviation\/","title":{"rendered":"GrandView Aviation Flypriser"},"content":{"rendered":"<p>GrandView Aviation er et Baltimore-basert <a href=\"https:\/\/comparemyjet.com\/nb\/how-do-you-rent-or-charter-a-private-jet\/\" data-internallinksmanager029f6b8e52c=\"15\" title=\"Hvordan leier eller chartrer du et privatfly?\">charter av privatfly<\/a> som opererer i USA. Du kan fly over hele landet med Phenom 300-jetflyene deres, og leie deres <a href=\"https:\/\/comparemyjet.com\/nb\/sikorsky\/\" data-internallinksmanager029f6b8e52c=\"160\" title=\"Den ultimate guiden til Sikorsky privatfly og helikoptre\">Sikorsky<\/a> S-76D- og Bell 407GXI-helikoptre i Baltimore og Washington, D.C.<\/p>\r\n\r\n\r\n\r\n<p>Fordi selskapet er Wyvern Wingman-sertifisert, f\u00f8lger pilotene de nyeste og beste sikkerhetsrutinene, mens besetningen er opptatt av \u00e5 yte uovertruffen service. Charteravdelingen st\u00e5r klar til \u00e5 skreddersy reiseruter og flyvninger 24 timer i d\u00f8gnet, syv dager i uken.<\/p>\r\n\r\n\r\n\r\n<p>La oss se hva de handler om.<\/p>\r\n\r\n\r\n\r\n<div id=\"ez-toc-container\" class=\"ez-toc-v2_0_76 counter-hierarchy ez-toc-counter ez-toc-grey ez-toc-container-direction\">\n<p class=\"ez-toc-title\" style=\"cursor:inherit\">Temaer<\/p>\n<label for=\"ez-toc-cssicon-toggle-item-69d78b7cf2385\" class=\"ez-toc-cssicon-toggle-label\"><span class=\"\"><span class=\"eztoc-hide\" style=\"display:none;\">Toggle<\/span><span class=\"ez-toc-icon-toggle-span\"><svg style=\"fill: #999;color:#999\" xmlns=\"http:\/\/www.w3.org\/2000\/svg\" class=\"list-377408\" width=\"20px\" height=\"20px\" viewbox=\"0 0 24 24\" fill=\"none\"><path d=\"M6 6H4v2h2V6zm14 0H8v2h12V6zM4 11h2v2H4v-2zm16 0H8v2h12v-2zM4 16h2v2H4v-2zm16 0H8v2h12v-2z\" fill=\"currentColor\"><\/path><\/svg><svg style=\"fill: #999;color:#999\" class=\"arrow-unsorted-368013\" xmlns=\"http:\/\/www.w3.org\/2000\/svg\" width=\"10px\" height=\"10px\" viewbox=\"0 0 24 24\" version=\"1.2\" baseprofile=\"tiny\"><path d=\"M18.2 9.3l-6.2-6.3-6.2 6.3c-.2.2-.3.4-.3.7s.1.5.3.7c.2.2.4.3.7.3h11c.3 0 .5-.1.7-.3.2-.2.3-.5.3-.7s-.1-.5-.3-.7zM5.8 14.7l6.2 6.3 6.2-6.3c.2-.2.3-.5.3-.7s-.1-.5-.3-.7c-.2-.2-.4-.3-.7-.3h-11c-.3 0-.5.1-.7.3-.2.2-.3.5-.3.7s.1.5.3.7z\"\/><\/svg><\/span><\/span><\/label><input type=\"checkbox\"  id=\"ez-toc-cssicon-toggle-item-69d78b7cf2385\" checked aria-label=\"Toggle\" \/><nav><ul class='ez-toc-list ez-toc-list-level-1' ><li class='ez-toc-page-1 ez-toc-heading-level-2'><a class=\"ez-toc-link ez-toc-heading-1\" href=\"https:\/\/comparemyjet.com\/nb\/grandview-aviation\/#About_the_Company\" >Om selskapet<\/a><\/li><li class='ez-toc-page-1 ez-toc-heading-level-2'><a class=\"ez-toc-link ez-toc-heading-2\" href=\"https:\/\/comparemyjet.com\/nb\/grandview-aviation\/#Empty_Leg_Flight\" >Flytur med tomme ben<\/a><\/li><li class='ez-toc-page-1 ez-toc-heading-level-2'><a class=\"ez-toc-link ez-toc-heading-3\" href=\"https:\/\/comparemyjet.com\/nb\/grandview-aviation\/#Company_Card_Programs\" >Programmer for firmakort<\/a><\/li><li class='ez-toc-page-1 ez-toc-heading-level-2'><a class=\"ez-toc-link ez-toc-heading-4\" href=\"https:\/\/comparemyjet.com\/nb\/grandview-aviation\/#Pricing\" >Priser<\/a><\/li><li class='ez-toc-page-1 ez-toc-heading-level-2'><a class=\"ez-toc-link ez-toc-heading-5\" href=\"https:\/\/comparemyjet.com\/nb\/grandview-aviation\/#The_Fleet\" >Fl\u00e5ten&nbsp;<\/a><ul class='ez-toc-list-level-3' ><li class='ez-toc-heading-level-3'><a class=\"ez-toc-link ez-toc-heading-6\" href=\"https:\/\/comparemyjet.com\/nb\/grandview-aviation\/#1_Light_Private_Jets\" >1. Lette private jetfly<\/a><ul class='ez-toc-list-level-4' ><li class='ez-toc-heading-level-4'><a class=\"ez-toc-link ez-toc-heading-7\" href=\"https:\/\/comparemyjet.com\/nb\/grandview-aviation\/#Our_Recommendation_Embraer_Phenom_300\" >V\u00e5r anbefaling: Embraer Phenom 300<\/a><\/li><\/ul><\/li><li class='ez-toc-page-1 ez-toc-heading-level-3'><a class=\"ez-toc-link ez-toc-heading-8\" href=\"https:\/\/comparemyjet.com\/nb\/grandview-aviation\/#2_Helicopters\" >2. Helikoptre<\/a><ul class='ez-toc-list-level-4' ><li class='ez-toc-heading-level-4'><a class=\"ez-toc-link ez-toc-heading-9\" href=\"https:\/\/comparemyjet.com\/nb\/grandview-aviation\/#Our_Recommendation_Bell_407GXI\" >V\u00e5r anbefaling: Bell 407GXI<\/a><\/li><\/ul><\/li><\/ul><\/li><li class='ez-toc-page-1 ez-toc-heading-level-2'><a class=\"ez-toc-link ez-toc-heading-10\" href=\"https:\/\/comparemyjet.com\/nb\/grandview-aviation\/#Company_Safety_Policy_and_Standards\" >Selskapets sikkerhetspolicy og -standarder<\/a><\/li><li class='ez-toc-page-1 ez-toc-heading-level-2'><a class=\"ez-toc-link ez-toc-heading-11\" href=\"https:\/\/comparemyjet.com\/nb\/grandview-aviation\/#The_Staff\" >Personalet<\/a><\/li><li class='ez-toc-page-1 ez-toc-heading-level-2'><a class=\"ez-toc-link ez-toc-heading-12\" href=\"https:\/\/comparemyjet.com\/nb\/grandview-aviation\/#Conclusion\" >Konklusjon<\/a><\/li><\/ul><\/nav><\/div>\n<h2 class=\"wp-block-heading\"><span class=\"ez-toc-section\" id=\"About_the_Company\"><\/span>Om selskapet<span class=\"ez-toc-section-end\"><\/span><\/h2>\r\n\r\n\r\n\r\n<p>GrandView Aviation er et privateid selskap som ble grunnlagt i 2004, med Jerry Edwards som administrerende direkt\u00f8r. Selskapet eier sin fl\u00e5te av <a href=\"https:\/\/comparemyjet.com\/nb\/embraer\/\" data-internallinksmanager029f6b8e52c=\"151\" title=\"Den ultimate guiden til Embraers private jetfly og fly\">Embraer<\/a> Phenom 300 og har rundt 130 ansatte.<\/p>\r\n\r\n\r\n\r\n<p>Inngangsprogrammet hos GrandView Aviation er et innskudd p\u00e5 $150 000 uten garantert tilgjengelighet.<\/p>\r\n\r\n\r\n\r\n<p>I tillegg til privatflycharter er selskapet en pioner innen organtransplantasjonstransport, og har transportert mer enn 250 livreddende operasjonsteam i 2021 og mer enn 2200 siden starten.<\/p>\r\n\r\n\r\n\r\n<p>Den siste nyheten vi har om GrandView Aviation er at Global Medical Response (GMR) kunngjorde oppkj\u00f8pet av selskapet i 2022. Global Medical Response tilbyr medisinsk behandling av h\u00f8y kvalitet, hovedsakelig innen akuttmedisin og pasientforflytningstjenester i USA og resten av verden, og derfor er dette oppkj\u00f8pet sv\u00e6rt fornuftig.&nbsp;<\/p>\r\n\r\n\r\n\r\n<p>Takket v\u00e6re selskapets vekst den siste tiden, har selskapet sentre i <a href=\"https:\/\/comparemyjet.com\/nb\/private-tours\/atlanta-private-tours\/\" data-internallinksmanager029f6b8e52c=\"403\" title=\"11 beste private turer i Atlanta fra $89.99\">Atlanta<\/a>, <a href=\"https:\/\/comparemyjet.com\/nb\/private-tours\/austin-private-tours\/\" data-internallinksmanager029f6b8e52c=\"404\" title=\"11 beste private turer i Austin fra $25.00\">Austin<\/a>, Baltimore, <a href=\"https:\/\/comparemyjet.com\/nb\/private-jet-charters-to-boston\/\" data-internallinksmanager029f6b8e52c=\"177\" title=\"Privatflycharter til Boston\">Boston<\/a>, <a href=\"https:\/\/comparemyjet.com\/nb\/private-jet-charters-to-chicago\/\" data-internallinksmanager029f6b8e52c=\"170\" title=\"Privatflycharter til Chicago\">Chicago<\/a>, <a href=\"https:\/\/comparemyjet.com\/nb\/private-tours\/denver-private-tours\/\" data-internallinksmanager029f6b8e52c=\"410\" title=\"11 beste private turer i Denver fra $49.00\">Denver<\/a>, <a href=\"https:\/\/comparemyjet.com\/nb\/private-tours\/los-angeles-private-tours\/\" data-internallinksmanager029f6b8e52c=\"421\" title=\"11 beste private turer i Los Angeles fra $55.00\">Los Angeles<\/a>og Scottsdale.<\/p>\r\n\r\n\r\n\r\n<h2 class=\"wp-block-heading\"><span class=\"ez-toc-section\" id=\"Empty_Leg_Flight\"><\/span>Flytur med tomme ben<span class=\"ez-toc-section-end\"><\/span><\/h2>\r\n\r\n\r\n\r\n<p>I tillegg til vanlige charterturer kan GrandView Aviation hjelpe deg med f\u00f8lgende <a href=\"https:\/\/comparemyjet.com\/nb\/how-to-book-empty-leg-flights\/\" data-internallinksmanager029f6b8e52c=\"24\" title=\"Hvordan bestille tomflyvninger\">bestille flyreiser med tomme strekninger<\/a>. En tomflyvning er en flyvning som allerede er planlagt til en bestemt destinasjon uten passasjerer. Tomflyvninger er vanligvis tilgjengelige n\u00e5r et fly m\u00e5 flyttes eller returneres til en annen rute.&nbsp;<\/p>\r\n\r\n\r\n\r\n<p>Hvis du kan ordne noen av reisene i siste liten, er en <a href=\"https:\/\/flygv.com\/empty-legs\/\" target=\"_blank\" rel=\"noopener\">Flytur med tom etappe<\/a> er alltid et ideelt alternativ siden de er mye billigere enn standardprisen.&nbsp;<\/p>\r\n\r\n\r\n\r\n<h2 class=\"wp-block-heading\"><span class=\"ez-toc-section\" id=\"Company_Card_Programs\"><\/span>Programmer for firmakort<span class=\"ez-toc-section-end\"><\/span><\/h2>\r\n\r\n\r\n\r\n<p>GrandView Aviation tilbyr to typer medlemspakker for frequent flyers: <strong><em>H\u00f8yde over havet Miles<\/em><\/strong> og <strong><em>H\u00f8yde pluss kilometer<\/em><\/strong>.&nbsp;<\/p>\r\n\r\n\r\n\r\n<p>Slik blir du medlem av GrandView Aviations' jetkortprogram <strong>Altitude Plus<\/strong>m\u00e5 du gj\u00f8re et innskudd p\u00e5 $150 000. Du f\u00e5r umiddelbart en prisl\u00e5s i 24 m\u00e5neder n\u00e5r du gj\u00f8r innskuddet, og du kan dra nytte av faste priser til mer enn 65 destinasjoner, inkludert en rabatt p\u00e5 10% p\u00e5 alle flyreiser. N\u00e5r du reiser oftere, f\u00e5r du flere fordeler og privilegier, for eksempel:<\/p>\r\n\r\n\r\n\r\n<ul class=\"wp-block-list\"><li>Catering om bord&nbsp;<\/li><li>Flykreditter&nbsp;<\/li><li>Fleksible avbestillinger - GrandView refunderer billettkostnaden til kontoen din.<\/li><li>$200 cateringkreditt for hver flygedag du flyr<\/li><li>Tilbud p\u00e5 tomflyvninger<\/li><\/ul>\r\n\r\n\r\n\r\n<p>I motsetning til Altitude Plus er det gratis \u00e5 bli medlem av <strong>H\u00f8yde over havet Miles <\/strong>medlem, men du f\u00e5r ikke flyrabatter eller faste priser. Frekvente reisende kan tjene opp fordeler og privilegier, som f.eks:<\/p>\r\n\r\n\r\n\r\n<ul class=\"wp-block-list\"><li>Catering om bord&nbsp;<\/li><li>Flykreditter&nbsp;<\/li><li>Fleksible avbestillinger - GrandView refunderer billettkostnaden til kontoen din.<\/li><li>$200 cateringkreditt for hver dag du flyr<\/li><li>Tilbud p\u00e5 tomflyvninger<\/li><\/ul>\r\n\r\n\r\n\r\n<h2 class=\"wp-block-heading\"><span class=\"ez-toc-section\" id=\"Pricing\"><\/span>Priser<span class=\"ez-toc-section-end\"><\/span><\/h2>\r\n\r\n\r\n\r\n<p>Timeprisen er garantert for medlemmer, og kostnadene beregnes avhengig av totalt antall flytimer. Prisen inkluderer reposisjonering fra Atlanta, Austin, Baltimore, Boston, Chicago, Denver, Los Angeles og Scottsdale. Det er faste transportkostnader for mer enn 65 st\u00f8rre destinasjoner.&nbsp;<\/p>\r\n\r\n\r\n\r\n<p>Timekostnaden for \u00e5 fly med deres fl\u00e5te av Phenom 300 begynner p\u00e5 rundt $3,100, inkludert FET (Federal Excise Tax), men uten avgifter for reposisjonering.<\/p>\r\n\r\n\r\n\r\n<h2 class=\"wp-block-heading\"><span class=\"ez-toc-section\" id=\"The_Fleet\"><\/span>Fl\u00e5ten&nbsp;<span class=\"ez-toc-section-end\"><\/span><\/h2>\r\n\r\n\r\n\r\n<figure class=\"wp-block-image size-full is-style-default\"><img loading=\"lazy\" decoding=\"async\" width=\"1000\" height=\"667\" src=\"https:\/\/comparemyjet.com\/wp-content\/uploads\/2022\/08\/phenom300.jet_.jpg\" alt=\"\" class=\"wp-image-3224\" srcset=\"https:\/\/comparemyjet.com\/wp-content\/uploads\/2022\/08\/phenom300.jet_-18x12.jpg 18w, https:\/\/comparemyjet.com\/wp-content\/uploads\/2022\/08\/phenom300.jet_-300x200.jpg 300w, https:\/\/comparemyjet.com\/wp-content\/uploads\/2022\/08\/phenom300.jet_-768x512.jpg 768w, https:\/\/comparemyjet.com\/wp-content\/uploads\/2022\/08\/phenom300.jet_.jpg 1000w\" sizes=\"auto, (max-width: 1000px) 100vw, 1000px\" \/><\/figure>\r\n\r\n\r\n\r\n<p>GrandView Aviation har en fl\u00e5te av Phenom 300-privatfly og noen helikoptre i sine knutepunkter i Boston, Baltimore\/DC, Los Angeles, Chicago, Atlanta og Austin, <a href=\"https:\/\/comparemyjet.com\/nb\/private-jet-charters-to-phoenix\/\" data-internallinksmanager029f6b8e52c=\"199\" title=\"Privatflycharter til Phoenix\">F\u00f8niks<\/a>og Denver.<\/p>\r\n\r\n\r\n\r\n<h3 class=\"wp-block-heading\"><span class=\"ez-toc-section\" id=\"1_Light_Private_Jets\"><\/span>1. Lette private jetfly<span class=\"ez-toc-section-end\"><\/span><\/h3>\r\n\r\n\r\n\r\n<p>Sammenlignet med helikoptre er lette jetfly st\u00f8rre og har lengre rekkevidde. De kan frakte opptil \u00e5tte passasjerer komfortabelt takket v\u00e6re st\u00f8rre kabin og bagasjeplass.<\/p>\r\n\r\n\r\n\r\n<p>Lette fly kan ogs\u00e5 lande og lette fra sm\u00e5 rullebaner og lokale flyplasser, slik at du kan bes\u00f8ke vanskelig tilgjengelige omr\u00e5der og flyplasser med kortere rullebaner.<\/p>\r\n\r\n\r\n\r\n<h4 class=\"wp-block-heading\"><span class=\"ez-toc-section\" id=\"Our_Recommendation_Embraer_Phenom_300\"><\/span>V\u00e5r anbefaling: Embraer Phenom 300<span class=\"ez-toc-section-end\"><\/span><\/h4>\r\n\r\n\r\n\r\n<p>Phenom 300 har plass til opptil 8 reisende, og den romslige kabinen har rikelig med bagasjeplass. Det er nok plass til golfutstyr, vesker og annet du m\u00e5tte trenge p\u00e5 reisen. Interi\u00f8ret byr p\u00e5 behagelig benplass og eksklusive m\u00f8bler som lenestoler i skinn, trebord og plysjtepper, inkludert toalett. I tillegg til gratis snacks og vin kan de tilby catering om bord p\u00e5 foresp\u00f8rsel.&nbsp;<\/p>\r\n\r\n\r\n\r\n<p>Fra 2013 til 2015 var Phenom 300 det mest popul\u00e6re forretningsflyet. Rekkevidden til dette flyet sl\u00e5r de fleste andre lette jetfly, og gir deg ytelsen til et mellomstort jetfly til en lavere pris.&nbsp;<\/p>\r\n\r\n\r\n\r\n<p>Spesifikasjoner og fasiliteter for Phenom 300:<\/p>\r\n\r\n\r\n\r\n<ul class=\"wp-block-list\"><li>Passasjerer: 8;<\/li><li>Kabinh\u00f8yde: 4 fot 11 tommer;<\/li><li>Kabinbredde: 5 fot 1 tommer;<\/li><li>Kabinelengde: 17 fot 2 tommer;<\/li><li>Utvendig h\u00f8yde: 16 ft 5 in;<\/li><li>Utvendig bagasje: 66 kubikkfot;<\/li><li>Innvendig bagasje: 19 kubikkfot;<\/li><li>Maks hastighet: 453 km\/t;<\/li><li>Maks. rekkevidde: 2077 nm;<\/li><li>Stigningshastighet: 3335 fpm;<\/li><li>Mannskap: 2;<\/li><li>Tr\u00e5dl\u00f8st internett;<\/li><li>Toalett;<\/li><li>Str\u00f8muttak og satellittelefon.<\/li><\/ul>\r\n\r\n\r\n\r\n<p><em>Phenom 300<\/em> Charterflyene er stasjonert i Baltimore\/DC, Chicago, Austin, Atlanta og Scottsdale, slik at du kan fly fra Midt-Atlanteren, Nord\u00f8st- og Sentral-USA.&nbsp;<\/p>\r\n\r\n\r\n\r\n<h3 class=\"wp-block-heading\"><span class=\"ez-toc-section\" id=\"2_Helicopters\"><\/span>2. Helikoptre<span class=\"ez-toc-section-end\"><\/span><\/h3>\r\n\r\n\r\n\r\n<p>Med et chartret helikopter kan du ta av og lande p\u00e5 et hvilket som helst sted, inkludert helikopterlandingsplasser, feriesteder og til og med private hjem. De kan lande nesten hvor som helst i en n\u00f8dsituasjon og utgj\u00f8r f\u00e6rre farer for passasjerene. De p\u00e5virkes imidlertid lettere av v\u00e6rforhold, og flyvningen kan bli kansellert hvis v\u00e6rforholdene ikke er ideelle.&nbsp;<\/p>\r\n\r\n\r\n\r\n<p>GrandView Aviation tilbyr VIP-helikoptre med underholdningssystemer om bord og plass til opptil 12 passasjerer. Alle helikoptercharterflyvninger betjenes av to dyktige piloter for optimal sikkerhet og trygghet for kundene.<\/p>\r\n\r\n\r\n\r\n<h4 class=\"wp-block-heading\"><span class=\"ez-toc-section\" id=\"Our_Recommendation_Bell_407GXI\"><\/span>V\u00e5r anbefaling: Bell 407GXI<span class=\"ez-toc-section-end\"><\/span><\/h4>\r\n\r\n\r\n\r\n<p>Bell 407GXI er et enmotors flerbrukshelikopter med fire vinger som ble lansert for f\u00f8rste gang i 1995. Komposittmaterialet som brukes til bladene og navet, \u00f8ker ytelsen og gir en mer komfortabel flyging. Helikopteret brukes ofte til politiarbeid, elektronisk nyhetsinnhenting og filmproduksjon, samt til handel og offshoreskipsfart. Kabinen kan konfigureres for en rekke ulike oppgaver og nyttelaster, inkludert sitteplasser for opptil seks personer.&nbsp;<\/p>\r\n\r\n\r\n\r\n<p>Spesifikasjoner:<\/p>\r\n\r\n\r\n\r\n<ul class=\"wp-block-list\"><li>Passasjerer: 5;<\/li><li>Utvendig h\u00f8yde: 11 fot 8 tommer;<\/li><li>Utvendig bagasje: 20 cu ft;<\/li><li>Lengde: 41 fot 8 tommer;<\/li><li>Innvendig bagasje: 3 kubikkfot;<\/li><li>Maks hastighet: 140 km\/t;<\/li><li>Setene er plysjfylte og overstoppede;<\/li><li>Polstring i skinn.<\/li><\/ul>\r\n\r\n\r\n\r\n<p>I tillegg til v\u00e5rt anbefalte helikopter <em>Bell 407<\/em>tilbyr GrandView Aviation en til i sin katalog - t<em>Sikorsky S-76D<\/em>.<\/p>\r\n\r\n\r\n\r\n<h2 class=\"wp-block-heading\"><span class=\"ez-toc-section\" id=\"Company_Safety_Policy_and_Standards\"><\/span>Selskapets sikkerhetspolicy og -standarder<span class=\"ez-toc-section-end\"><\/span><\/h2>\r\n\r\n\r\n\r\n<p><a href=\"https:\/\/nbaa.org\/flight-department-administration\/sms\/is-bao\/\" target=\"_blank\" rel=\"noopener\">Den internasjonale standarden for drift av forretningsfly<\/a> (IS-BAO) ble opprettet for \u00e5 hjelpe flyavdelinger over hele verden med \u00e5 oppn\u00e5 h\u00f8ye standarder for sikkerhet og profesjonalitet. Som kunde hos GrandView Aviation kan du v\u00e6re sikker p\u00e5 at du f\u00e5r en akseptabel og profesjonell <a href=\"https:\/\/www.faa.gov\/about\/initiatives\/sms\" target=\"_blank\" rel=\"noopener\">Sikkerhetsstyringssystem<\/a> (SMS) er implementert for alle helikoptercharterflygninger, takket v\u00e6re denne sikkerhetsvurderingen.<\/p>\r\n\r\n\r\n\r\n<p>Dessuten, <a href=\"https:\/\/nbaa.org\/\" target=\"_blank\" rel=\"noopener\">National Business Aviation Association<\/a> hedret GrandView Aviation med et sikkerhetssertifikat for 10 \u00e5r uten ulykker og hendelser, og selskapets piloter er <a href=\"https:\/\/www.wyvernltd.com\/\" target=\"_blank\" rel=\"noopener\">Wyvern Wingman<\/a> sikkerhetsklassifisert og <a href=\"https:\/\/www.argus.aero\/\" target=\"_blank\" rel=\"noopener\">ARGUS<\/a> Operat\u00f8rer med gullvurdering.<\/p>\r\n\r\n\r\n\r\n<p>GrandView har en ansvarsforsikring p\u00e5 $150 millioner, og alle flyvninger utf\u00f8res av to piloter.<\/p>\r\n\r\n\r\n\r\n<h2 class=\"wp-block-heading\"><span class=\"ez-toc-section\" id=\"The_Staff\"><\/span>Personalet<span class=\"ez-toc-section-end\"><\/span><\/h2>\r\n\r\n\r\n\r\n<figure class=\"wp-block-image size-full is-style-default\"><img loading=\"lazy\" decoding=\"async\" width=\"1000\" height=\"667\" src=\"https:\/\/comparemyjet.com\/wp-content\/uploads\/2022\/07\/two.private.jet_.pilots.jpg\" alt=\"GrandView Aviation\" class=\"wp-image-3137\" srcset=\"https:\/\/comparemyjet.com\/wp-content\/uploads\/2022\/07\/two.private.jet_.pilots-18x12.jpg 18w, https:\/\/comparemyjet.com\/wp-content\/uploads\/2022\/07\/two.private.jet_.pilots-300x200.jpg 300w, https:\/\/comparemyjet.com\/wp-content\/uploads\/2022\/07\/two.private.jet_.pilots-768x512.jpg 768w, https:\/\/comparemyjet.com\/wp-content\/uploads\/2022\/07\/two.private.jet_.pilots.jpg 1000w\" sizes=\"auto, (max-width: 1000px) 100vw, 1000px\" \/><\/figure>\r\n\r\n\r\n\r\n<p>GrandView har vokst fra et selskap med 65 ansatte til mer enn 120 ansatte, inkludert piloter, flygeledere og teknikere. I 2022 omsatte selskapet for mer enn $50 millioner kroner, og det har blitt k\u00e5ret til en av de mest popul\u00e6re flyselskapene i verden. <a href=\"https:\/\/thedailyrecord.com\/2022\/01\/21\/grandview-aviation-moves-to-new-hq-in-middle-river\/\" target=\"_blank\" rel=\"noopener\">Inc 5000-listen over USAs raskest voksende selskaper<\/a>. Selskapet har det h\u00f8yeste antallet ansatte innen privatflyging i Maryland.&nbsp;<\/p>\r\n\r\n\r\n\r\n<h2 class=\"wp-block-heading\"><span class=\"ez-toc-section\" id=\"Conclusion\"><\/span>Konklusjon<span class=\"ez-toc-section-end\"><\/span><\/h2>\r\n\r\n\r\n\r\n<p>GrandView er et fremtredende nordamerikansk privat charter- og organtransplantasjonsflyselskap med 130 ansatte og en Phenom 300-fl\u00e5te med base i Baltimore, Maryland.&nbsp;<\/p>\r\n\r\n\r\n\r\n<p>Du kan melde deg inn i jetkortprogrammene Altitude Plus og Altitude Miles for \u00e5 bli medlem og f\u00e5 noen av fordelene som tilbys. Som eier av et jetkort tjener du miles n\u00e5r du flyr, og bel\u00f8nningsmilene kan brukes til flykreditter, catering og andre tjenester. Medlemmer av Altitude Plus f\u00e5r ogs\u00e5 rabatt p\u00e5 flyreiser. I tillegg tilbyr de fleksible avbestillingsregler, slik at du kan legge fleksible planer uten bekymringer.&nbsp;<\/p>","protected":false},"excerpt":{"rendered":"<p>GrandView Aviation er et Baltimore-basert privatflyselskap som opererer i USA. Du kan fly over hele landet med deres Phenom 300-jetfly og leie deres Sikorsky S-76D- og Bell 407GXI-helikoptre i Baltimore og Washington, D.C. Fordi selskapet er Wyvern Wingman-sertifisert, f\u00f8lger pilotene deres de nyeste og beste ...<\/p>","protected":false},"author":2,"featured_media":3225,"parent":0,"menu_order":0,"comment_status":"closed","ping_status":"closed","template":"","meta":{"_acf_changed":false,"_genesis_hide_title":false,"_genesis_hide_breadcrumbs":false,"_genesis_hide_singular_image":false,"_genesis_hide_footer_widgets":false,"_genesis_custom_body_class":"","_genesis_custom_post_class":"","_genesis_layout":"","footnotes":""},"class_list":{"1":"page","2":"type-page","6":"entry"},"acf":[],"_links":{"self":[{"href":"https:\/\/comparemyjet.com\/nb\/wp-json\/wp\/v2\/pages\/3223","targetHints":{"allow":["GET"]}}],"collection":[{"href":"https:\/\/comparemyjet.com\/nb\/wp-json\/wp\/v2\/pages"}],"about":[{"href":"https:\/\/comparemyjet.com\/nb\/wp-json\/wp\/v2\/types\/page"}],"author":[{"embeddable":true,"href":"https:\/\/comparemyjet.com\/nb\/wp-json\/wp\/v2\/users\/2"}],"replies":[{"embeddable":true,"href":"https:\/\/comparemyjet.com\/nb\/wp-json\/wp\/v2\/comments?post=3223"}],"version-history":[{"count":2,"href":"https:\/\/comparemyjet.com\/nb\/wp-json\/wp\/v2\/pages\/3223\/revisions"}],"predecessor-version":[{"id":3460,"href":"https:\/\/comparemyjet.com\/nb\/wp-json\/wp\/v2\/pages\/3223\/revisions\/3460"}],"wp:featuredmedia":[{"embeddable":true,"href":"https:\/\/comparemyjet.com\/nb\/wp-json\/wp\/v2\/media\/3225"}],"wp:attachment":[{"href":"https:\/\/comparemyjet.com\/nb\/wp-json\/wp\/v2\/media?parent=3223"}],"curies":[{"name":"wp","href":"https:\/\/api.w.org\/{rel}","templated":true}]}}