{"id":3228,"date":"2022-09-20T20:27:21","date_gmt":"2022-09-20T20:27:21","guid":{"rendered":"https:\/\/comparemyjet.com\/?page_id=3228"},"modified":"2025-09-04T09:58:24","modified_gmt":"2025-09-04T09:58:24","slug":"jet-algo","status":"publish","type":"page","link":"https:\/\/comparemyjet.com\/nb\/jet-algo\/","title":{"rendered":"Jet Algo flypriser"},"content":{"rendered":"<p>Jet Algo er et privat charterselskap med base i Morristown, New York. <a href=\"https:\/\/comparemyjet.com\/nb\/private-jet-charters-to-jersey\/\" data-internallinksmanager029f6b8e52c=\"176\" title=\"Privatflycharter til Jersey\">Jersey<\/a>. De skiller seg fra andre selskaper blant annet ved at de bruker patenterte algoritmer for \u00e5 beregne prisoverslag som er skreddersydd til kundens profil og reiserute. Ved hjelp av algoritmene lager de et betalingssystem basert p\u00e5 reiseruten din.&nbsp;<\/p>\r\n\r\n\r\n\r\n<p>Selskapet tilbyr et jetkortprogram uten administrasjonsgebyr, og du trenger ikke \u00e5 v\u00e6re eier eller ha en andel for \u00e5 fly. La oss se n\u00e6rmere p\u00e5 hva de har \u00e5 tilby.&nbsp;<\/p>\r\n\r\n\r\n\r\n<div id=\"ez-toc-container\" class=\"ez-toc-v2_0_76 counter-hierarchy ez-toc-counter ez-toc-grey ez-toc-container-direction\">\n<p class=\"ez-toc-title\" style=\"cursor:inherit\">Temaer<\/p>\n<label for=\"ez-toc-cssicon-toggle-item-69dccde13a17b\" class=\"ez-toc-cssicon-toggle-label\"><span class=\"\"><span class=\"eztoc-hide\" style=\"display:none;\">Toggle<\/span><span class=\"ez-toc-icon-toggle-span\"><svg style=\"fill: #999;color:#999\" xmlns=\"http:\/\/www.w3.org\/2000\/svg\" class=\"list-377408\" width=\"20px\" height=\"20px\" viewbox=\"0 0 24 24\" fill=\"none\"><path d=\"M6 6H4v2h2V6zm14 0H8v2h12V6zM4 11h2v2H4v-2zm16 0H8v2h12v-2zM4 16h2v2H4v-2zm16 0H8v2h12v-2z\" fill=\"currentColor\"><\/path><\/svg><svg style=\"fill: #999;color:#999\" class=\"arrow-unsorted-368013\" xmlns=\"http:\/\/www.w3.org\/2000\/svg\" width=\"10px\" height=\"10px\" viewbox=\"0 0 24 24\" version=\"1.2\" baseprofile=\"tiny\"><path d=\"M18.2 9.3l-6.2-6.3-6.2 6.3c-.2.2-.3.4-.3.7s.1.5.3.7c.2.2.4.3.7.3h11c.3 0 .5-.1.7-.3.2-.2.3-.5.3-.7s-.1-.5-.3-.7zM5.8 14.7l6.2 6.3 6.2-6.3c.2-.2.3-.5.3-.7s-.1-.5-.3-.7c-.2-.2-.4-.3-.7-.3h-11c-.3 0-.5.1-.7.3-.2.2-.3.5-.3.7s.1.5.3.7z\"\/><\/svg><\/span><\/span><\/label><input type=\"checkbox\"  id=\"ez-toc-cssicon-toggle-item-69dccde13a17b\" checked aria-label=\"Toggle\" \/><nav><ul class='ez-toc-list ez-toc-list-level-1' ><li class='ez-toc-page-1 ez-toc-heading-level-2'><a class=\"ez-toc-link ez-toc-heading-1\" href=\"https:\/\/comparemyjet.com\/nb\/jet-algo\/#Company_History\" >Selskapets historie<\/a><\/li><li class='ez-toc-page-1 ez-toc-heading-level-2'><a class=\"ez-toc-link ez-toc-heading-2\" href=\"https:\/\/comparemyjet.com\/nb\/jet-algo\/#Pricing\" >Priser<\/a><\/li><li class='ez-toc-page-1 ez-toc-heading-level-2'><a class=\"ez-toc-link ez-toc-heading-3\" href=\"https:\/\/comparemyjet.com\/nb\/jet-algo\/#Company_Card_Program\" >Program for firmakort<\/a><\/li><li class='ez-toc-page-1 ez-toc-heading-level-2'><a class=\"ez-toc-link ez-toc-heading-4\" href=\"https:\/\/comparemyjet.com\/nb\/jet-algo\/#The_Fleet\" >Fl\u00e5ten&nbsp;<\/a><ul class='ez-toc-list-level-3' ><li class='ez-toc-heading-level-3'><a class=\"ez-toc-link ez-toc-heading-5\" href=\"https:\/\/comparemyjet.com\/nb\/jet-algo\/#1_Light_Private_Jets\" >1. Lette private jetfly<\/a><ul class='ez-toc-list-level-4' ><li class='ez-toc-heading-level-4'><a class=\"ez-toc-link ez-toc-heading-6\" href=\"https:\/\/comparemyjet.com\/nb\/jet-algo\/#Our_Recommendation_Eclipse_500\" >V\u00e5r anbefaling: Eclipse 500<\/a><\/li><\/ul><\/li><li class='ez-toc-page-1 ez-toc-heading-level-3'><a class=\"ez-toc-link ez-toc-heading-7\" href=\"https:\/\/comparemyjet.com\/nb\/jet-algo\/#2_Midsize_Private_Jets\" >2. Mellomstore privatfly<\/a><ul class='ez-toc-list-level-4' ><li class='ez-toc-heading-level-4'><a class=\"ez-toc-link ez-toc-heading-8\" href=\"https:\/\/comparemyjet.com\/nb\/jet-algo\/#Our_Recommendation_The_Hawker_800XP\" >V\u00e5r anbefaling: Hawker 800XP<\/a><\/li><\/ul><\/li><li class='ez-toc-page-1 ez-toc-heading-level-3'><a class=\"ez-toc-link ez-toc-heading-9\" href=\"https:\/\/comparemyjet.com\/nb\/jet-algo\/#3_Super-Midsize_Private_Jets\" >3. Super-mellomstore privatfly&nbsp;<\/a><ul class='ez-toc-list-level-4' ><li class='ez-toc-heading-level-4'><a class=\"ez-toc-link ez-toc-heading-10\" href=\"https:\/\/comparemyjet.com\/nb\/jet-algo\/#Our_Recommendation_Citation_X\" >V\u00e5r anbefaling: Sitat X<\/a><\/li><\/ul><\/li><li class='ez-toc-page-1 ez-toc-heading-level-3'><a class=\"ez-toc-link ez-toc-heading-11\" href=\"https:\/\/comparemyjet.com\/nb\/jet-algo\/#4_Large_Private_Jets\" >4. Store privatfly<\/a><ul class='ez-toc-list-level-4' ><li class='ez-toc-heading-level-4'><a class=\"ez-toc-link ez-toc-heading-12\" href=\"https:\/\/comparemyjet.com\/nb\/jet-algo\/#Our_Recommendation_Bombardier_Challenger_650\" >V\u00e5r anbefaling:  Bombardier Challenger 650&nbsp;<\/a><\/li><\/ul><\/li><li class='ez-toc-page-1 ez-toc-heading-level-3'><a class=\"ez-toc-link ez-toc-heading-13\" href=\"https:\/\/comparemyjet.com\/nb\/jet-algo\/#5_Long-Range_Private_Jets\" >5. Private langdistansefly<\/a><ul class='ez-toc-list-level-4' ><li class='ez-toc-heading-level-4'><a class=\"ez-toc-link ez-toc-heading-14\" href=\"https:\/\/comparemyjet.com\/nb\/jet-algo\/#Our_Recommendation_The_Gulfstream_G450\" >V\u00e5r anbefaling: Gulfstream G450&nbsp;<\/a><\/li><\/ul><\/li><\/ul><\/li><li class='ez-toc-page-1 ez-toc-heading-level-2'><a class=\"ez-toc-link ez-toc-heading-15\" href=\"https:\/\/comparemyjet.com\/nb\/jet-algo\/#Company_Safety_Policy_and_Standards\" >Selskapets sikkerhetspolicy og -standarder<\/a><\/li><li class='ez-toc-page-1 ez-toc-heading-level-2'><a class=\"ez-toc-link ez-toc-heading-16\" href=\"https:\/\/comparemyjet.com\/nb\/jet-algo\/#Conclusion\" >Konklusjon<\/a><\/li><\/ul><\/nav><\/div>\n<h2 class=\"wp-block-heading\"><span class=\"ez-toc-section\" id=\"Company_History\"><\/span>Selskapets historie<span class=\"ez-toc-section-end\"><\/span><\/h2>\r\n\r\n\r\n\r\n<p>Jet Algo startet i 1995 som <em>Himmelsb\u00f8lger<\/em>. Selskapets forretningsstrategi, som g\u00e5r ut p\u00e5 \u00e5 bruke algoritmer for \u00e5 estimere priser, ble oppfunnet av den tidligere <a href=\"https:\/\/comparemyjet.com\/nb\/delta-private-jets\/\" data-internallinksmanager029f6b8e52c=\"184\" title=\"Delta Private Jets-medlemskapspriser\">Delta Private Jets<\/a> sier Jon Mende, administrerende direkt\u00f8r i Jet Algo. Mende hevder at selskapet tilbyr faste enveis- og tur\/retur-priser basert p\u00e5 garantert tilgjengelighet i henhold til ledetid og estimert budsjett. Han tar sikte p\u00e5 \u00e5 tilby kundene alternative faste priser basert p\u00e5 spesifikke destinasjonspar, med billigere priser for dem som reiser mellom tett befolkede steder uten \u00e5 m\u00e5tte ta ferge.&nbsp;<\/p>\r\n\r\n\r\n\r\n<h2 class=\"wp-block-heading\"><span class=\"ez-toc-section\" id=\"Pricing\"><\/span>Priser<span class=\"ez-toc-section-end\"><\/span><\/h2>\r\n\r\n\r\n\r\n<p>Oppstarts- og medlemskostnadene for Jet Algo er ca. $1 000 per m\u00e5ned, og pengene brukes til \u00e5 dekke flyutgiftene dine. Innskuddsbel\u00f8pet bestemmes av ditt personlige program, og prisene er faste for de neste 24 m\u00e5nedene.<\/p>\r\n\r\n\r\n\r\n<p>N\u00e5r du blir medlem, kan du dra nytte av en garanti for tilgjengelighet, en fast timepris og tilpassede priser som bestemmes av ruten din.<\/p>\r\n\r\n\r\n\r\n<p>Du m\u00e5 regne med \u00e5 betale ekstra hvis du \u00f8nsker IS-BAO Stage 3, Argus Platinum eller Wyvern Wingman-operat\u00f8rer i stedet for den vanlige Part 135-fl\u00e5ten p\u00e5 ca. 7 000 fly. Prisene varierer avhengig av dine krav og preferanser.<\/p>\r\n\r\n\r\n\r\n<h2 class=\"wp-block-heading\"><span class=\"ez-toc-section\" id=\"Company_Card_Program\"><\/span>Program for firmakort<span class=\"ez-toc-section-end\"><\/span><\/h2>\r\n\r\n\r\n\r\n<p>De fleste flyselskaper tar samme gebyr uansett hvor du reiser, hvilke flyplasser du bruker, hvor lang tid i forveien du bestiller flyreisen eller hvor lenge du blir p\u00e5 destinasjonen. S\u00e5 hvis du planlegger en helgetur og bestiller billett tre dager i forveien, betaler du kanskje samme pris som en som tar en 10-dagers ferie til et annet sted og bestiller bare 10 timer i forveien. Derfor m\u00e5 prisene kompenseres for personer som bestiller flybilletter i siste liten eller reiser til et avsidesliggende sted. Jet Algo lager en prismodell basert p\u00e5 profilen din ved hjelp av avanserte algoritmer.&nbsp;<\/p>\r\n\r\n\r\n\r\n<h2 class=\"wp-block-heading\"><span class=\"ez-toc-section\" id=\"The_Fleet\"><\/span>Fl\u00e5ten&nbsp;<span class=\"ez-toc-section-end\"><\/span><\/h2>\r\n\r\n\r\n\r\n<figure class=\"wp-block-image size-full is-style-default\"><img loading=\"lazy\" decoding=\"async\" width=\"1000\" height=\"565\" src=\"https:\/\/comparemyjet.com\/wp-content\/uploads\/2022\/09\/businessman.infront.of_.a.plane_.jpg\" alt=\"Jet Algo\" class=\"wp-image-3230\" srcset=\"https:\/\/comparemyjet.com\/wp-content\/uploads\/2022\/09\/businessman.infront.of_.a.plane_-18x10.jpg 18w, https:\/\/comparemyjet.com\/wp-content\/uploads\/2022\/09\/businessman.infront.of_.a.plane_-300x170.jpg 300w, https:\/\/comparemyjet.com\/wp-content\/uploads\/2022\/09\/businessman.infront.of_.a.plane_-768x434.jpg 768w, https:\/\/comparemyjet.com\/wp-content\/uploads\/2022\/09\/businessman.infront.of_.a.plane_.jpg 1000w\" sizes=\"auto, (max-width: 1000px) 100vw, 1000px\" \/><\/figure>\r\n\r\n\r\n\r\n<p>Som meglerselskap har Jet Algo ingen egen flyfl\u00e5te. I stedet fungerer selskapet som et bindeledd mellom deg og flyselskapet, og hjelper deg med \u00e5 bestemme hvilken flytype du skal bruke p\u00e5 din neste flyvning, og gir deg mange skreddersydde alternativer.&nbsp;<\/p>\r\n\r\n\r\n\r\n<h3 class=\"wp-block-heading\"><span class=\"ez-toc-section\" id=\"1_Light_Private_Jets\"><\/span>1. Lette private jetfly<span class=\"ez-toc-section-end\"><\/span><\/h3>\r\n\r\n\r\n\r\n<p>Lette jetfly er st\u00f8rre og har en lengre rekkevidde enn turbopropfly og sv\u00e6rt lette jetfly. Kabinen er romslig, og bagasjekapasiteten er tilstrekkelig til \u00e5 frakte litt mer enn bare det mest n\u00f8dvendige. De kan komfortabelt transportere i gjennomsnitt \u00e5tte personer, fly p\u00e5 korte rullebaner og lande p\u00e5 sm\u00e5 flyplasser.&nbsp;<\/p>\r\n\r\n\r\n\r\n<p>Den st\u00f8rste fordelen med et lett jetfly er den enest\u00e5ende tilgangen til vanskelig tilgjengelige \u00f8yer og fjellomr\u00e5der.<\/p>\r\n\r\n\r\n\r\n<h4 class=\"wp-block-heading\"><span class=\"ez-toc-section\" id=\"Our_Recommendation_Eclipse_500\"><\/span>V\u00e5r anbefaling: Eclipse 500<span class=\"ez-toc-section-end\"><\/span><\/h4>\r\n\r\n\r\n\r\n<p>Eclipse 500 er en tvillingturbinmotor produsert av Eclipse Aerospace i New Mexico. Eclipse er b\u00e5de effektiv og estetisk tiltalende, og en av publikumsfavorittene i denne flykategorien.<\/p>\r\n\r\n\r\n\r\n<p>Spesifikasjoner:<\/p>\r\n\r\n\r\n\r\n<ul class=\"wp-block-list\"><li>Passasjerer: 3 til 4;<\/li><li>Cruisehastighet: 370 knop;<\/li><li>Rekkevidde: 1 290 miles;<\/li><li>Kabinh\u00f8yde: 4 fot 2 tommer;<\/li><li>Kabinbredde: 4 fot 7 tommer;<\/li><li>Kabinelengde: 2,5 meter;<\/li><li>Bagasjeplass: 16 cu ft.<\/li><\/ul>\r\n\r\n\r\n\r\n<h3 class=\"wp-block-heading\"><span class=\"ez-toc-section\" id=\"2_Midsize_Private_Jets\"><\/span>2. Mellomstore privatfly<span class=\"ez-toc-section-end\"><\/span><\/h3>\r\n\r\n\r\n\r\n<p>Mellomstore fly har 6 til 8 seter og en maksimal rekkevidde p\u00e5 4 til 5 timer. De er ideelle for privat- og forretningsreiser, siden de gir st\u00f8rre fleksibilitet og komfort over lengre avstander.<\/p>\r\n\r\n\r\n\r\n<h4 class=\"wp-block-heading\"><span class=\"ez-toc-section\" id=\"Our_Recommendation_The_Hawker_800XP\"><\/span>V\u00e5r anbefaling: Hawker 800XP<span class=\"ez-toc-section-end\"><\/span><\/h4>\r\n\r\n\r\n\r\n<p><a href=\"https:\/\/comparemyjet.com\/nb\/hawker-beechcraft\/\" data-internallinksmanager029f6b8e52c=\"153\" title=\"Den ultimate guiden til Hawker Beechcraft privatfly og -jetfly\">Hawker Beechcraft<\/a> produserte Hawker 800XP fra 1997 til 2005. Selv med full kapasitet er det rikelig med plass til \u00e5 gj\u00f8re flyturen komfortabel.<\/p>\r\n\r\n\r\n\r\n<p>Spesifikasjoner:<\/p>\r\n\r\n\r\n\r\n<ul class=\"wp-block-list\"><li>Passasjerer: 8;<\/li><li>Kup\u00e9volum: 723 kubikkmeter;<\/li><li>Kabinelengde: 21 fot 3 tommer;&nbsp;<\/li><li>Kabinbredde: 1,8 m;<\/li><li>Kabinh\u00f8yde: 1,8 meter;<\/li><li>Bagasjekapasitet: 48 cu ft;<\/li><li>Flyets rekkevidde: 3 038 nm;<\/li><li>Cruisehastighet: 488 mph.<\/li><\/ul>\r\n\r\n\r\n\r\n<h3 class=\"wp-block-heading\"><span class=\"ez-toc-section\" id=\"3_Super-Midsize_Private_Jets\"><\/span>3. Super-mellomstore privatfly&nbsp;<span class=\"ez-toc-section-end\"><\/span><\/h3>\r\n\r\n\r\n\r\n<p>Et supermellomstort fly er et flott alternativ for st\u00f8rre grupper eller din neste langdistansereise. Disse flyene kombinerer smidigheten og rekkevidden til et mellomstort jetfly med komforten til et stort fly, med st\u00e5plasser, bysse, tilgang til bagasje, skinnseter og nedfellbare arbeidsstasjoner.<\/p>\r\n\r\n\r\n\r\n<h4 class=\"wp-block-heading\"><span class=\"ez-toc-section\" id=\"Our_Recommendation_Citation_X\"><\/span>V\u00e5r anbefaling: Sitat X<span class=\"ez-toc-section-end\"><\/span><\/h4>\r\n\r\n\r\n\r\n<p>Den <a href=\"https:\/\/comparemyjet.com\/nb\/cessna\/\" data-internallinksmanager029f6b8e52c=\"145\" title=\"Den ultimate guiden til Cessna privatfly og -jetfly\">Cessna<\/a> Citation X er et langdistansefly som prim\u00e6rt er designet for transkontinentale flyvninger. Det ble produsert av Cessna i 1996 og er fortsatt i produksjon. Det er verdens tredje raskeste passasjerfly i produksjon og det st\u00f8rste flyet i Citation-serien.<\/p>\r\n\r\n\r\n\r\n<p>Ved \u00e5 produsere Citation X klarte Cessna \u00e5 innlemme en transatlantisk rekkevidde i et mellomstort fly.&nbsp;<\/p>\r\n\r\n\r\n\r\n<p>Spesifikasjoner:<\/p>\r\n\r\n\r\n\r\n<ul class=\"wp-block-list\"><li>Passasjerer: 9;<\/li><li>Maks. rekkevidde: 3 300 nm;<\/li><li>Cruisehastighet: 605 mph;<\/li><li>Hyttevolum: 725 kubikkmeter;<\/li><li>Kabinelengde: 23 fot 7 tommer;&nbsp;<\/li><li>Kabinh\u00f8yde: 1,5 meter;&nbsp;<\/li><li>Kabinbredde: 5 fot 7 tommer;<\/li><li>Bagasjekapasitet: 82 cu ft;<\/li><li>Eget toalett og fullt utstyrt bysse.<\/li><\/ul>\r\n\r\n\r\n\r\n<h3 class=\"wp-block-heading\"><span class=\"ez-toc-section\" id=\"4_Large_Private_Jets\"><\/span>4. Store privatfly<span class=\"ez-toc-section-end\"><\/span><\/h3>\r\n\r\n\r\n\r\n<p>Store jetfly gir deg den luksusen og plassen du trenger n\u00e5r du reiser internasjonalt. De har ogs\u00e5 romslig interi\u00f8r med soveplasser som passer for mindre grupper.<\/p>\r\n\r\n\r\n\r\n<p>De har vanligvis en fullt utstyrt bysse med kj\u00f8kken og serveringsomr\u00e5de.<\/p>\r\n\r\n\r\n\r\n<h4 class=\"wp-block-heading\"><span class=\"ez-toc-section\" id=\"Our_Recommendation_Bombardier_Challenger_650\"><\/span>V\u00e5r anbefaling:  Bombardier Challenger 650&nbsp;<span class=\"ez-toc-section-end\"><\/span><\/h4>\r\n\r\n\r\n\r\n<p>Rekkevidden og ytelsen til <a href=\"https:\/\/comparemyjet.com\/nb\/bombardier\/\" data-internallinksmanager029f6b8e52c=\"159\" title=\"Den ultimate guiden til Bombardiers private jetfly og fly\">Bombardier<\/a> Challenger 650 er eksepsjonell. Den romslige kabinen har fasiliteter om bord som gir maksimal komfort p\u00e5 lange transkontinentale privatflyvninger. Du kan bruke konferansebordet til \u00e5 jobbe, og du kan slappe av og nyte de nyeste HD- og Wi-Fi-underholdningsalternativene.&nbsp;<\/p>\r\n\r\n\r\n\r\n<p>Spesifikasjoner:<\/p>\r\n\r\n\r\n\r\n<ul class=\"wp-block-list\"><li>Passasjerer: 11;<\/li><li>Bredden p\u00e5 f\u00f8rerhuset: 1,92 m (7 ft 92 in);<\/li><li>Kabinelengde: 28 fot 4 tommer;<\/li><li>Flyrekkevidde: 8:45 timer;<\/li><li>Maks cruisehastighet: 540 mph;<\/li><li>Fullt utstyrt bysse;<\/li><li>En flyvertinne.<\/li><\/ul>\r\n\r\n\r\n\r\n<h3 class=\"wp-block-heading\"><span class=\"ez-toc-section\" id=\"5_Long-Range_Private_Jets\"><\/span>5. Private langdistansefly<span class=\"ez-toc-section-end\"><\/span><\/h3>\r\n\r\n\r\n\r\n<p>Takket v\u00e6re st\u00f8rrelsen kan disse flyene tilby separate arbeids-, spise- og avslapningsomr\u00e5der og f\u00f8rsteklasses fasiliteter.<\/p>\r\n\r\n\r\n\r\n<p>Langdistansefly er ideelle for privatreisende som \u00f8nsker \u00e5 n\u00e5 destinasjonen uten \u00e5 m\u00e5tte stoppe for \u00e5 fylle drivstoff. De er konstruert for nonstop interkontinentale flyvninger.<\/p>\r\n\r\n\r\n\r\n<h4 class=\"wp-block-heading\"><span class=\"ez-toc-section\" id=\"Our_Recommendation_The_Gulfstream_G450\"><\/span>V\u00e5r anbefaling: Gulfstream G450&nbsp;<span class=\"ez-toc-section-end\"><\/span><\/h4>\r\n\r\n\r\n\r\n<p>Den <a href=\"https:\/\/comparemyjet.com\/nb\/gulfstream\/\" data-internallinksmanager029f6b8e52c=\"175\" title=\"Den ultimate guiden til Gulfstream private jetfly og fly\">Gulfstream<\/a> G450 er f\u00f8rst og fremst utviklet for langdistanseflyging, med garantert komfort og sikkerhet. De kan fly i 5000 miles eller nesten 10 timer uten \u00e5 m\u00e5tte stoppe for \u00e5 fylle drivstoff.<\/p>\r\n\r\n\r\n\r\n<p>Dette flyet har en romslig kabin med fullservice-bysse og betydelig bagasjeplass, slik at alle passasjerer kan ta med seg alt de trenger p\u00e5 reisen.<\/p>\r\n\r\n\r\n\r\n<p>Spesifikasjoner:<\/p>\r\n\r\n\r\n\r\n<ul class=\"wp-block-list\"><li>Passasjerer: 14;<\/li><li>Kabinbredde: 7 fot;<\/li><li>Kabinelengde: 45 ft 1 in;<\/li><li>Bagasjeplass: 169 kubikkmeter;<\/li><li>Rekkevidde: 8 000 km i luftlinje;<\/li><li>Utholdenhet: opptil 9:45 timer;&nbsp;<\/li><li>Maks cruisehastighet: 547 mph;<\/li><li>Wi-Fi;<\/li><li>Universelle str\u00f8muttak;<\/li><li>DVD-spiller og videomonitorer;<\/li><li>En flyvertinne.<\/li><\/ul>\r\n\r\n\r\n\r\n<h2 class=\"wp-block-heading\"><span class=\"ez-toc-section\" id=\"Company_Safety_Policy_and_Standards\"><\/span>Selskapets sikkerhetspolicy og -standarder<span class=\"ez-toc-section-end\"><\/span><\/h2>\r\n\r\n\r\n\r\n<figure class=\"wp-block-image size-full is-style-default\"><img loading=\"lazy\" decoding=\"async\" width=\"1000\" height=\"667\" src=\"https:\/\/comparemyjet.com\/wp-content\/uploads\/2022\/09\/pilot.boarding.on_.a.private.jet_.jpg\" alt=\"\" class=\"wp-image-3231\" srcset=\"https:\/\/comparemyjet.com\/wp-content\/uploads\/2022\/09\/pilot.boarding.on_.a.private.jet_-18x12.jpg 18w, https:\/\/comparemyjet.com\/wp-content\/uploads\/2022\/09\/pilot.boarding.on_.a.private.jet_-300x200.jpg 300w, https:\/\/comparemyjet.com\/wp-content\/uploads\/2022\/09\/pilot.boarding.on_.a.private.jet_-768x512.jpg 768w, https:\/\/comparemyjet.com\/wp-content\/uploads\/2022\/09\/pilot.boarding.on_.a.private.jet_.jpg 1000w\" sizes=\"auto, (max-width: 1000px) 100vw, 1000px\" \/><\/figure>\r\n\r\n\r\n\r\n<p>Jet Algo benytter ARGUS Gold- eller Platinum-akkreditering. <a href=\"https:\/\/www.faa.gov\/licenses_certificates\/airline_certification\/135_certification\/general_info\" target=\"_blank\" rel=\"noopener\">Del 135<\/a> operat\u00f8rer. Med deres hjelp leverer Jet Algo det du forestiller deg som den ultimate private flyreisen, men til en betydelig rabatt. <\/p>\r\n\r\n\r\n\r\n<h2 class=\"wp-block-heading\"><span class=\"ez-toc-section\" id=\"Conclusion\"><\/span>Konklusjon<span class=\"ez-toc-section-end\"><\/span><\/h2>\r\n\r\n\r\n\r\n<p>Jet Algo tilbyr skreddersydde chartertjenester til flypassasjerer, og tar hensyn til alle omstendigheter n\u00e5r den endelige prisen beregnes. Hvis du for eksempel \u00f8nsker \u00e5 reise p\u00e5 \u00e5rets travleste dager, som helligdager, m\u00e5 du sannsynligvis betale mer enn standardprisene.<\/p>\r\n\r\n\r\n\r\n<p>Du kan f\u00e5 en bedre fastpris hvis du er fleksibel med datoene dine. Bare aktiver Jet Algo til \u00e5 anbefale erstatningsdager for \u00e5 f\u00e5 bedre priser.\u00a0<\/p>\r\n\r\n\r\n\r\n<p>N\u00e5r du skreddersyr flyreisen din, kan du planlegge, planlegge og finne riktig fly og mat, flyvertinner og andre spesial\u00f8nsker, for eksempel \u00e5 fly med kj\u00e6ledyret ditt. Du f\u00e5r en skreddersydd pris med alt inkludert - akkurat som din skreddersydde flyreise.<\/p>","protected":false},"excerpt":{"rendered":"<p>Jet Algo er et privat charterselskap med base i Morristown, New Jersey. De skiller seg fra andre selskaper blant annet ved at de bruker patenterte algoritmer for \u00e5 beregne prisoverslag som er skreddersydd til kundens profil og reiserute. Ved hjelp av algoritmene lager de et betalingssystem basert p\u00e5 reiseruten din.  Selskapet ...<\/p>","protected":false},"author":2,"featured_media":3229,"parent":0,"menu_order":0,"comment_status":"closed","ping_status":"closed","template":"","meta":{"_acf_changed":false,"_genesis_hide_title":false,"_genesis_hide_breadcrumbs":false,"_genesis_hide_singular_image":false,"_genesis_hide_footer_widgets":false,"_genesis_custom_body_class":"","_genesis_custom_post_class":"","_genesis_layout":"","footnotes":""},"class_list":{"1":"page","2":"type-page","6":"entry"},"acf":[],"_links":{"self":[{"href":"https:\/\/comparemyjet.com\/nb\/wp-json\/wp\/v2\/pages\/3228","targetHints":{"allow":["GET"]}}],"collection":[{"href":"https:\/\/comparemyjet.com\/nb\/wp-json\/wp\/v2\/pages"}],"about":[{"href":"https:\/\/comparemyjet.com\/nb\/wp-json\/wp\/v2\/types\/page"}],"author":[{"embeddable":true,"href":"https:\/\/comparemyjet.com\/nb\/wp-json\/wp\/v2\/users\/2"}],"replies":[{"embeddable":true,"href":"https:\/\/comparemyjet.com\/nb\/wp-json\/wp\/v2\/comments?post=3228"}],"version-history":[{"count":3,"href":"https:\/\/comparemyjet.com\/nb\/wp-json\/wp\/v2\/pages\/3228\/revisions"}],"predecessor-version":[{"id":3466,"href":"https:\/\/comparemyjet.com\/nb\/wp-json\/wp\/v2\/pages\/3228\/revisions\/3466"}],"wp:featuredmedia":[{"embeddable":true,"href":"https:\/\/comparemyjet.com\/nb\/wp-json\/wp\/v2\/media\/3229"}],"wp:attachment":[{"href":"https:\/\/comparemyjet.com\/nb\/wp-json\/wp\/v2\/media?parent=3228"}],"curies":[{"name":"wp","href":"https:\/\/api.w.org\/{rel}","templated":true}]}}