{"id":3248,"date":"2022-09-20T00:02:25","date_gmt":"2022-09-20T00:02:25","guid":{"rendered":"https:\/\/comparemyjet.com\/?page_id=3248"},"modified":"2025-09-04T10:00:03","modified_gmt":"2025-09-04T10:00:03","slug":"qatar-executive","status":"publish","type":"page","link":"https:\/\/comparemyjet.com\/nb\/qatar-executive\/","title":{"rendered":"Priser p\u00e5 Executive-flyvninger i Qatar"},"content":{"rendered":"<p><a href=\"https:\/\/comparemyjet.com\/nb\/private-tours\/doha-private-tours\/\" data-internallinksmanager029f6b8e52c=\"346\" title=\"11 beste private turer til Doha fra $77.00\">Doha<\/a>-baserte Qatar Executive, som er kjent for sin langdistansefl\u00e5te og luksuri\u00f8se jetflyfasiliteter om bord p\u00e5 alle flyvninger, flyr med <a href=\"https:\/\/comparemyjet.com\/nb\/how-do-you-rent-or-charter-a-private-jet\/\" data-internallinksmanager029f6b8e52c=\"15\" title=\"Hvordan leier eller chartrer du et privatfly?\">charter av privatfly<\/a> tjenester over hele verden. De mest popul\u00e6re stedene for charterankomster og -avganger er blant annet:<\/p>\r\n\r\n\r\n\r\n<ul class=\"wp-block-list\"><li>Fra Qatar til USA og Europa;<\/li><li>Fra Russland til \u00d8st- og S\u00f8r\u00f8st-Asia;<\/li><li>Fra Europa til USAs \u00f8st- og vestkyst.<\/li><\/ul>\r\n\r\n\r\n\r\n<p>La oss se n\u00e6rmere p\u00e5 hva Qatar Executive tilbyr.<\/p>\r\n\r\n\r\n\r\n<div id=\"ez-toc-container\" class=\"ez-toc-v2_0_76 counter-hierarchy ez-toc-counter ez-toc-grey ez-toc-container-direction\">\n<p class=\"ez-toc-title\" style=\"cursor:inherit\">Temaer<\/p>\n<label for=\"ez-toc-cssicon-toggle-item-69edaeb63812e\" class=\"ez-toc-cssicon-toggle-label\"><span class=\"\"><span class=\"eztoc-hide\" style=\"display:none;\">Toggle<\/span><span class=\"ez-toc-icon-toggle-span\"><svg style=\"fill: #999;color:#999\" xmlns=\"http:\/\/www.w3.org\/2000\/svg\" class=\"list-377408\" width=\"20px\" height=\"20px\" viewbox=\"0 0 24 24\" fill=\"none\"><path d=\"M6 6H4v2h2V6zm14 0H8v2h12V6zM4 11h2v2H4v-2zm16 0H8v2h12v-2zM4 16h2v2H4v-2zm16 0H8v2h12v-2z\" fill=\"currentColor\"><\/path><\/svg><svg style=\"fill: #999;color:#999\" class=\"arrow-unsorted-368013\" xmlns=\"http:\/\/www.w3.org\/2000\/svg\" width=\"10px\" height=\"10px\" viewbox=\"0 0 24 24\" version=\"1.2\" baseprofile=\"tiny\"><path d=\"M18.2 9.3l-6.2-6.3-6.2 6.3c-.2.2-.3.4-.3.7s.1.5.3.7c.2.2.4.3.7.3h11c.3 0 .5-.1.7-.3.2-.2.3-.5.3-.7s-.1-.5-.3-.7zM5.8 14.7l6.2 6.3 6.2-6.3c.2-.2.3-.5.3-.7s-.1-.5-.3-.7c-.2-.2-.4-.3-.7-.3h-11c-.3 0-.5.1-.7.3-.2.2-.3.5-.3.7s.1.5.3.7z\"\/><\/svg><\/span><\/span><\/label><input type=\"checkbox\"  id=\"ez-toc-cssicon-toggle-item-69edaeb63812e\" checked aria-label=\"Toggle\" \/><nav><ul class='ez-toc-list ez-toc-list-level-1' ><li class='ez-toc-page-1 ez-toc-heading-level-2'><a class=\"ez-toc-link ez-toc-heading-1\" href=\"https:\/\/comparemyjet.com\/nb\/qatar-executive\/#About_the_Company\" >Om selskapet<\/a><\/li><li class='ez-toc-page-1 ez-toc-heading-level-2'><a class=\"ez-toc-link ez-toc-heading-2\" href=\"https:\/\/comparemyjet.com\/nb\/qatar-executive\/#Membership_Programs\" >Medlemskapsprogrammer<\/a><\/li><li class='ez-toc-page-1 ez-toc-heading-level-2'><a class=\"ez-toc-link ez-toc-heading-3\" href=\"https:\/\/comparemyjet.com\/nb\/qatar-executive\/#Pricing\" >Priser<\/a><\/li><li class='ez-toc-page-1 ez-toc-heading-level-2'><a class=\"ez-toc-link ez-toc-heading-4\" href=\"https:\/\/comparemyjet.com\/nb\/qatar-executive\/#Additional_Services\" >Tilleggstjenester<\/a><ul class='ez-toc-list-level-3' ><li class='ez-toc-heading-level-3'><a class=\"ez-toc-link ez-toc-heading-5\" href=\"https:\/\/comparemyjet.com\/nb\/qatar-executive\/#Aircraft_Management\" >H\u00e5ndtering av fly<\/a><\/li><li class='ez-toc-page-1 ez-toc-heading-level-3'><a class=\"ez-toc-link ez-toc-heading-6\" href=\"https:\/\/comparemyjet.com\/nb\/qatar-executive\/#Aircraft_Servicing_and_Maintenance\" >Service og vedlikehold av fly&nbsp;<\/a><\/li><\/ul><\/li><li class='ez-toc-page-1 ez-toc-heading-level-2'><a class=\"ez-toc-link ez-toc-heading-7\" href=\"https:\/\/comparemyjet.com\/nb\/qatar-executive\/#The_Fleet\" >Fl\u00e5ten&nbsp;<\/a><ul class='ez-toc-list-level-3' ><li class='ez-toc-heading-level-3'><a class=\"ez-toc-link ez-toc-heading-8\" href=\"https:\/\/comparemyjet.com\/nb\/qatar-executive\/#1_The_Gulfstream_G650ER\" >1. Gulfstream G650ER&nbsp;<\/a><\/li><li class='ez-toc-page-1 ez-toc-heading-level-3'><a class=\"ez-toc-link ez-toc-heading-9\" href=\"https:\/\/comparemyjet.com\/nb\/qatar-executive\/#2_Bombardier_Global_Express_XRS\" >2. Bombardier Global Express XRS<\/a><\/li><li class='ez-toc-page-1 ez-toc-heading-level-3'><a class=\"ez-toc-link ez-toc-heading-10\" href=\"https:\/\/comparemyjet.com\/nb\/qatar-executive\/#3_The_Gulfstream_G5000\" >3. Gulfstream G5000<\/a><\/li><\/ul><\/li><li class='ez-toc-page-1 ez-toc-heading-level-2'><a class=\"ez-toc-link ez-toc-heading-11\" href=\"https:\/\/comparemyjet.com\/nb\/qatar-executive\/#Company_Safety_Policy_and_Standards\" >Selskapets sikkerhetspolicy og -standarder<\/a><\/li><li class='ez-toc-page-1 ez-toc-heading-level-2'><a class=\"ez-toc-link ez-toc-heading-12\" href=\"https:\/\/comparemyjet.com\/nb\/qatar-executive\/#Pilots\" >Piloter<\/a><\/li><li class='ez-toc-page-1 ez-toc-heading-level-2'><a class=\"ez-toc-link ez-toc-heading-13\" href=\"https:\/\/comparemyjet.com\/nb\/qatar-executive\/#Qatar_Executive_FBO\" >Qatar Executive FBO<\/a><\/li><li class='ez-toc-page-1 ez-toc-heading-level-2'><a class=\"ez-toc-link ez-toc-heading-14\" href=\"https:\/\/comparemyjet.com\/nb\/qatar-executive\/#Conclusion\" >Konklusjon<\/a><\/li><\/ul><\/nav><\/div>\n<h2 class=\"wp-block-heading\"><span class=\"ez-toc-section\" id=\"About_the_Company\"><\/span>Om selskapet<span class=\"ez-toc-section-end\"><\/span><\/h2>\r\n\r\n\r\n\r\n<p>Qatar Airways ble grunnlagt av en qatarsk kongefamilie og gikk inn i flybransjen i 1994. I motsetning til andre flyselskaper har Qatar Airways en egen fl\u00e5te av privatfly i tillegg til den kommersielle fl\u00e5ten. Flyselskapets datterselskap, Qatar Executive, ble dannet i 2009 og flyr hovedsakelig med <a href=\"https:\/\/comparemyjet.com\/nb\/gulfstream\/\" data-internallinksmanager029f6b8e52c=\"175\" title=\"Den ultimate guiden til Gulfstream private jetfly og fly\">Gulfstream<\/a> luksusfly.&nbsp;<\/p>\r\n\r\n\r\n\r\n<p>Qatar Executives heleide forretningsflyfl\u00e5te tilbyr fantastiske jetflytjenester for internasjonal charter fra hovedkvarteret p\u00e5 Doha internasjonale lufthavn. Kundene har tilgang til Block Hour Agreement, et kontraktsbasert program som gj\u00f8r det mulig \u00e5 reservere flyvninger til timepris.<\/p>\r\n\r\n\r\n\r\n<p>Flyselskapets vedvarende st\u00f8tte til Midt\u00f8sten, det internasjonale forretningsreisemilj\u00f8et og selskapets sterke verdensomspennende ekspansjonsplan gjenspeiles i Qatar Executive.<\/p>\r\n\r\n\r\n\r\n<p>I tillegg samarbeider Qatar Executive med h\u00f8yt kvalifisert personell fra mer enn 52 forskjellige nasjoner og kulturer for \u00e5 levere bakketjenester til utenlandske flyselskaper, h\u00f8ytst\u00e5ende myndighetspersoner, privatfly og flyfraktselskaper.&nbsp;<\/p>\r\n\r\n\r\n\r\n<p>La oss utforske medlemsprogrammene deres og fortsette med de andre tjenestene.<\/p>\r\n\r\n\r\n\r\n<h2 class=\"wp-block-heading\"><span class=\"ez-toc-section\" id=\"Membership_Programs\"><\/span>Medlemskapsprogrammer<span class=\"ez-toc-section-end\"><\/span><\/h2>\r\n\r\n\r\n\r\n<p>Kunder kan forh\u00e5ndskj\u00f8pe flytid p\u00e5 banebrytende store og ultralangtrekkende privatfly til fastsatte timepriser gjennom Qatar Executives unike og eksklusive <a href=\"https:\/\/www.qatarexec.com.qa\/en\/Services\/Agreement\" target=\"_blank\" rel=\"noopener\">Avtale om blokktimer<\/a>.<\/p>\r\n\r\n\r\n\r\n<p>Block-avtalen tilbyr en eksepsjonell flyopplevelse som er spesielt tilpasset den enkelte flypassasjers smak og forventninger.<\/p>\r\n\r\n\r\n\r\n<p>For \u00e5 bli med i dette programmet m\u00e5 kundene kj\u00f8pe minst 50 timer flytid uten ekstra medlemskostnader. B\u00e5de flytimer og taxitid er inkludert i den faste timeprisen. I tillegg er kundene sikret tilgjengelighet for reservasjoner som gj\u00f8res s\u00e5 tidlig som 72 timer f\u00f8r flyvningen.<\/p>\r\n\r\n\r\n\r\n<h2 class=\"wp-block-heading\"><span class=\"ez-toc-section\" id=\"Pricing\"><\/span>Priser<span class=\"ez-toc-section-end\"><\/span><\/h2>\r\n\r\n\r\n\r\n<p>Ettersom kundene mottar prisen etter at den er sendt inn, oppgir ikke Qatar Airways noen spesifikke prisklasser eller alternativer for Qatar Executive.<\/p>\r\n\r\n\r\n\r\n<p>Du kan f\u00e5 en generell id\u00e9 om hva du kan vente deg i Qatar Executive's <a href=\"https:\/\/www.qatarexec.com.qa\/CommonMediaFiles\/PDF\/QEFBOflyer.pdf\" target=\"_blank\" rel=\"noopener\">pdf-liste over alle priser og tjenester<\/a>.<\/p>\r\n\r\n\r\n\r\n<h2 class=\"wp-block-heading\"><span class=\"ez-toc-section\" id=\"Additional_Services\"><\/span>Tilleggstjenester<span class=\"ez-toc-section-end\"><\/span><\/h2>\r\n\r\n\r\n\r\n<p>Qatar Executive tilbyr noen andre tjenester enn flyleasing.<\/p>\r\n\r\n\r\n\r\n<h3 class=\"wp-block-heading\"><span class=\"ez-toc-section\" id=\"Aircraft_Management\"><\/span>H\u00e5ndtering av fly<span class=\"ez-toc-section-end\"><\/span><\/h3>\r\n\r\n\r\n\r\n<p>I denne rollen fungerer Qatar Executive som en r\u00e5dgiver som gir veiledning ved behov og gir r\u00e5d om den mest \u00f8konomiske m\u00e5ten \u00e5 tilfredsstille kundenes behov p\u00e5. Kundene kan velge en privat forvaltningsl\u00f8sning - eksklusiv bruk - eller en kommersiell forvaltningsl\u00f8sning, der flyet leies ut til andre kunder mot betydelige kostnadsbesparelser p\u00e5 totalprisen.<\/p>\r\n\r\n\r\n\r\n<h3 class=\"wp-block-heading\"><span class=\"ez-toc-section\" id=\"Aircraft_Servicing_and_Maintenance\"><\/span>Service og vedlikehold av fly&nbsp;<span class=\"ez-toc-section-end\"><\/span><\/h3>\r\n\r\n\r\n\r\n<p>Qatar Executive tilbyr bakketjenester og faste baser til internasjonale flyselskaper, offentlige tjenestemenn, privatfly og flyfrakt. Takket v\u00e6re Qatar Executives stab av dyktige og fabrikkoppl\u00e6rte tekniske eksperter utf\u00f8res alt flyvedlikehold i henhold til de h\u00f8yeste standarder. Blant flyene som Qatar Executives kan utf\u00f8re base- og linjevedlikehold p\u00e5, er Challenger 604\/605, Global XRS, 5000 og Gulfstream G650\/G500.&nbsp;<\/p>\r\n\r\n\r\n\r\n<h2 class=\"wp-block-heading\"><span class=\"ez-toc-section\" id=\"The_Fleet\"><\/span>Fl\u00e5ten&nbsp;<span class=\"ez-toc-section-end\"><\/span><\/h2>\r\n\r\n\r\n\r\n<figure class=\"wp-block-image size-full is-style-default\"><img loading=\"lazy\" decoding=\"async\" width=\"1000\" height=\"665\" src=\"https:\/\/comparemyjet.com\/wp-content\/uploads\/2022\/09\/Qatar-Executive.jpg\" alt=\"Qatar Executive\" class=\"wp-image-3249\" srcset=\"https:\/\/comparemyjet.com\/wp-content\/uploads\/2022\/09\/Qatar-Executive-18x12.jpg 18w, https:\/\/comparemyjet.com\/wp-content\/uploads\/2022\/09\/Qatar-Executive-300x200.jpg 300w, https:\/\/comparemyjet.com\/wp-content\/uploads\/2022\/09\/Qatar-Executive-768x511.jpg 768w, https:\/\/comparemyjet.com\/wp-content\/uploads\/2022\/09\/Qatar-Executive.jpg 1000w\" sizes=\"auto, (max-width: 1000px) 100vw, 1000px\" \/><\/figure>\r\n\r\n\r\n\r\n<p>N\u00e5r du chartrer et privatfly med Qatar Executive, f\u00e5r du direkte tilgang til deres fl\u00e5te og de mest moderne Gulfstream- og <a href=\"https:\/\/comparemyjet.com\/nb\/bombardier\/\" data-internallinksmanager029f6b8e52c=\"159\" title=\"Den ultimate guiden til Bombardiers private jetfly og fly\">Bombardier<\/a> fly som oppfyller de nyeste sikkerhetsstandardene. Disse flyene leies kun ut til privat bruk og brukes ikke til regelmessige kommersielle flyvninger av Qatar Airways.&nbsp;<\/p>\r\n\r\n\r\n\r\n<p>Gulfstream G650ER, Bombardier Global Express XRS og Gulfstream G500 er flyselskapets n\u00e5v\u00e6rende fly, som teller rundt 20.&nbsp;<\/p>\r\n\r\n\r\n\r\n<p>Felles for alle disse flyene er at de har et overd\u00e5dig interi\u00f8r med romslige setekonfigurasjoner, spiseplass og andre funksjonelle rom og m\u00f8bler, akkurat som privatfly fra andre selskaper. Interi\u00f8ret er designet med tanke p\u00e5 en liten, utvalgt gruppe passasjerer som reiser sammen, s\u00e5 det er sv\u00e6rt funksjonelt og estetisk tiltalende.<\/p>\r\n\r\n\r\n\r\n<p>La oss ta en titt p\u00e5 de tre beste flymodellene i Qatar Executive-fl\u00e5ten og se p\u00e5 ytelse, st\u00f8rrelse og fasiliteter.&nbsp;<\/p>\r\n\r\n\r\n\r\n<h3 class=\"wp-block-heading\"><span class=\"ez-toc-section\" id=\"1_The_Gulfstream_G650ER\"><\/span>1. Gulfstream G650ER&nbsp;<span class=\"ez-toc-section-end\"><\/span><\/h3>\r\n\r\n\r\n\r\n<p>Gulfstream G650ER er et av de aller raskeste forretningsflyene p\u00e5 markedet med sin enest\u00e5ende motor.&nbsp;<\/p>\r\n\r\n\r\n\r\n<p><a href=\"https:\/\/www.onemoreorbit.com\/\" target=\"_blank\" rel=\"noopener\">En bane til<\/a> er et vellykket internasjonalt fors\u00f8k p\u00e5 \u00e5 sl\u00e5 Guinness-rekorden for raskeste runde rundt jorden via begge polene. Til oppdraget brukte de et fly eid av Qatar Executive for \u00e5 sl\u00e5 den tidligere rekorden for raskeste tur rundt jorden fra pol til pol. I 2019 slo de den tidligere rekorden p\u00e5 52 timer og 32 minutter og satte en ny rekord p\u00e5 46 timer og 40 minutter med et G50ER-fly.&nbsp;<\/p>\r\n\r\n\r\n\r\n<p>Elite Gulfstream G650ER har en kabinlengde p\u00e5 litt over 45 fot og har plass til 13 passasjerer som flyr direkte mellom Asia og Afrika eller mellom Midt\u00f8sten og Nord-Amerika. Det er det beste flyet for personer som trenger \u00e5 reise halvveis over hele verden, siden det kan reise lenger og raskere enn nesten alle andre jetfly i samme st\u00f8rrelse.<\/p>\r\n\r\n\r\n\r\n<p>Flyets driftsegenskaper, interi\u00f8rteknologi, drivstofforbruk og passasjersikkerhet gj\u00f8r det til et sv\u00e6rt ettertraktet jetfly. Med en rekkevidde p\u00e5 7 500 nm kan Qatar Executive Gulfstream G650ER fly raskere og lengre enn noe annet fly i sin klasse.<\/p>\r\n\r\n\r\n\r\n<p>Spesifikasjoner og fasiliteter:<\/p>\r\n\r\n\r\n\r\n<ul class=\"wp-block-list\"><li>Passasjerer: 13;<\/li><li>Kabinh\u00f8yde: 6 fot 5 tommer;<\/li><li>Kabinbredde: 8 fot 6 tommer;<\/li><li>Kabinelengde: 46 fot 10 tommer;<\/li><li>Maksimal h\u00f8yde: 51 000 fot;<\/li><li>Maksimal hastighet: 1132 km\/t;<\/li><li>Rekkevidde: 7 500 nm;<\/li><li>Besetning: 2 piloter, 1 flyvertinne;<\/li><li>20 poser er tillatt;<\/li><li>WiFi;<\/li><li>Soverom;<\/li><li>R\u00f8yking er tillatt.&nbsp;<\/li><\/ul>\r\n\r\n\r\n\r\n<h3 class=\"wp-block-heading\"><span class=\"ez-toc-section\" id=\"2_Bombardier_Global_Express_XRS\"><\/span>2. Bombardier Global Express XRS<span class=\"ez-toc-section-end\"><\/span><\/h3>\r\n\r\n\r\n\r\n<p>Bombardier Global Express XRS er det ideelle forretningsflyet som har alle de beste egenskapene som trengs for en internasjonal flytur, for eksempel et banebrytende cockpitmilj\u00f8 og en stilleg\u00e5ende kabin.<\/p>\r\n\r\n\r\n\r\n<p>Spesifikasjoner og fasiliteter:<\/p>\r\n\r\n\r\n\r\n<ul class=\"wp-block-list\"><li>Passasjerer: 13;<\/li><li>Kabinh\u00f8yde: 6 fot 25 tommer;<\/li><li>Kabinbredde: 8 fot 17 tommer;<\/li><li>Kabinelengde: 48 fot 35 tommer;<\/li><li>Rekkevidde: 6 150 nm;<\/li><li>Maksimal h\u00f8yde: 49 000 fot;<\/li><li>Maksimal hastighet: 950 km\/t;<\/li><li>Besetning: 2 piloter, ett kabinpersonale;<\/li><li>15 poser er tillatt;<\/li><li>WiFi;<\/li><li>Soverom;<\/li><li>R\u00f8yking er tillatt.<\/li><\/ul>\r\n\r\n\r\n\r\n<h3 class=\"wp-block-heading\"><span class=\"ez-toc-section\" id=\"3_The_Gulfstream_G5000\"><\/span>3. Gulfstream G5000<span class=\"ez-toc-section-end\"><\/span><\/h3>\r\n\r\n\r\n\r\n<p>G5000-flyet er en av Qatar Executive-fl\u00e5tens raskeste og mest teknologisk avanserte flytyper. Det banebrytende jetflyet setter en ny standard for bransjen ved \u00e5 tilby en av de mest stilleg\u00e5ende kabinene og det rette kabinh\u00f8ydetrykket for \u00f8kt passasjertilfredshet.<\/p>\r\n\r\n\r\n\r\n<p>Spesifikasjoner:<\/p>\r\n\r\n\r\n\r\n<ul class=\"wp-block-list\"><li>Passasjerer: 13;<\/li><li>Kabinelengde: 42 fot 50 tommer;<\/li><li>Kabinh\u00f8yde: 6 fot 25 tommer;<\/li><li>Kabinbredde: 8 fot 17 tommer;<\/li><li>Maksimal hastighet: 950 km\/t;<\/li><li>Rekkevidde: 5000 nm;<\/li><li>Maksimal h\u00f8yde: 49 000 fot'<\/li><li>Besetning: 2 piloter, ett kabinpersonale;<\/li><li>15 poser er tillatt;<\/li><li>WiFi;<\/li><li>Soverom;&nbsp;<\/li><li>R\u00f8yking er tillatt.<\/li><\/ul>\r\n\r\n\r\n\r\n<h2 class=\"wp-block-heading\"><span class=\"ez-toc-section\" id=\"Company_Safety_Policy_and_Standards\"><\/span>Selskapets sikkerhetspolicy og -standarder<span class=\"ez-toc-section-end\"><\/span><\/h2>\r\n\r\n\r\n\r\n<p>Qatar Executive har mottatt mange <a href=\"https:\/\/www.qatarexec.com.qa\/en\/About\/Awards\" target=\"_blank\" rel=\"noopener\">priser<\/a>Dette er en garanti for at flyet og besetningen overholder strenge sikkerhetsstandarder og tilbyr personlig tilpassede tjenester av h\u00f8y kvalitet.<\/p>\r\n\r\n\r\n\r\n<p>Takket v\u00e6re den interne, Part 145-godkjente vedlikeholdsavdelingen blir alle flyene deres vedlikeholdt p\u00e5 et niv\u00e5 som g\u00e5r langt utover produsentens krav.<\/p>\r\n\r\n\r\n\r\n<p>Qatar Executive er dessuten medlem av <a href=\"https:\/\/nbaa.org\/\" target=\"_blank\" rel=\"noopener\">National Business Aviation Association<\/a> og <a href=\"https:\/\/www.theaircharterassociation.aero\/\" target=\"_blank\" rel=\"noopener\">Air Charter Association<\/a>, og er <a href=\"https:\/\/www.wyvernltd.com\/\" target=\"_blank\" rel=\"noopener\">Wyvern<\/a> &amp; <a href=\"https:\/\/ibac.org\/is-bao\" target=\"_blank\" rel=\"noopener\">ISBAO-sertifisert<\/a>.<\/p>\r\n\r\n\r\n\r\n<h2 class=\"wp-block-heading\"><span class=\"ez-toc-section\" id=\"Pilots\"><\/span>Piloter<span class=\"ez-toc-section-end\"><\/span><\/h2>\r\n\r\n\r\n\r\n<p>Qatar Executives flybesetning gjennomg\u00e5r samme rekrutteringstrening som Qatar Airways' besetning. Alle pilotene har lang erfaring med \u00e5 fly forretningsfly over hele verden, og flyvertinnene f\u00e5r kontinuerlig oppl\u00e6ring for \u00e5 garantere best mulig service og p\u00e5litelighet om bord.&nbsp;<\/p>\r\n\r\n\r\n\r\n<h2 class=\"wp-block-heading\"><span class=\"ez-toc-section\" id=\"Qatar_Executive_FBO\"><\/span>Qatar Executive FBO<span class=\"ez-toc-section-end\"><\/span><\/h2>\r\n\r\n\r\n\r\n<p>I 2011 lanserte Qatar Executive sin f\u00f8rste <a href=\"https:\/\/comparemyjet.com\/nb\/what-is-a-private-jet-fixed-base-operator-fbo\/\" data-internallinksmanager029f6b8e52c=\"19\" title=\"Hva er en fastbaseoperat\u00f8r (FBO) for privatfly?\">FBO<\/a> (fixed base operator) og vedlikeholdstjenester for privatfly som ankommer Doha.&nbsp;<\/p>\r\n\r\n\r\n\r\n<p>Et hjelpsomt team im\u00f8tekommer alle kunders behov med den st\u00f8rste omhu, og FBO-loungen tilbyr en rekke fasiliteter som WiFi, drikkevarer, aviser og et avslappende milj\u00f8 for \u00e5 slappe av.<\/p>\r\n\r\n\r\n\r\n<p>FBO-personalet kan organisere tjenester som tanking, v\u00e6rmeldinger og mat, <a href=\"https:\/\/comparemyjet.com\/nb\/hotels\/\" data-internallinksmanager029f6b8e52c=\"470\" title=\"De 100 beste hotellene i n\u00e6rheten av flyplasser fra hele verden\">Hotell<\/a> overnatting og transport.<\/p>\r\n\r\n\r\n\r\n<p>Du kan se FBO-tjenestene og prisene p\u00e5 f\u00f8lgende side <a href=\"https:\/\/www.qatarexec.com.qa\/en\/Services\/VIPServiceDoha\" target=\"_blank\" rel=\"noopener\">lenke<\/a>.<\/p>\r\n\r\n\r\n\r\n<h2 class=\"wp-block-heading\"><span class=\"ez-toc-section\" id=\"Conclusion\"><\/span>Konklusjon<span class=\"ez-toc-section-end\"><\/span><\/h2>\r\n\r\n\r\n\r\n<figure class=\"wp-block-image size-full is-style-default\"><img loading=\"lazy\" decoding=\"async\" width=\"1000\" height=\"667\" src=\"https:\/\/comparemyjet.com\/wp-content\/uploads\/2022\/09\/Qatar.Executive.jpg\" alt=\"\" class=\"wp-image-3250\" srcset=\"https:\/\/comparemyjet.com\/wp-content\/uploads\/2022\/09\/Qatar.Executive-18x12.jpg 18w, https:\/\/comparemyjet.com\/wp-content\/uploads\/2022\/09\/Qatar.Executive-300x200.jpg 300w, https:\/\/comparemyjet.com\/wp-content\/uploads\/2022\/09\/Qatar.Executive-768x512.jpg 768w, https:\/\/comparemyjet.com\/wp-content\/uploads\/2022\/09\/Qatar.Executive.jpg 1000w\" sizes=\"auto, (max-width: 1000px) 100vw, 1000px\" \/><\/figure>\r\n\r\n\r\n\r\n<p>Siden etableringen i 2009 har Qatar Executive vokst raskt og tatt ledelsen innen flychartertjenester til enkeltpersoner, organisasjoner og myndigheter. De tilbyr charterflyvninger til praktisk talt alle steder p\u00e5 kloden med sin fl\u00e5te p\u00e5 seks splitter nye, perfekt utstyrte Bombardier Challenger 605 og Global-fly, og tilbyr kundene sine f\u00f8rsteklasses service. Ved \u00e5 tilby b\u00e5de kommersielle og private fly er det ikke rart at Qatar Executive er et av verdens beste flyselskaper.&nbsp;<\/p>","protected":false},"excerpt":{"rendered":"<p>Doha-baserte Qatar Executive, som er kjent for sin langdistansefl\u00e5te og luksuri\u00f8se jetflyfasiliteter om bord p\u00e5 alle flyvninger, tilbyr private jetchartertjenester over hele verden. De mest popul\u00e6re stedene for charterankomster og -avganger inkluderer: Fra Qatar til USA og Europa; fra Russland til \u00d8st- og S\u00f8r\u00f8st-Asia; fra Europa til \u00d8st- og Vest-Europa; fra ...<\/p>","protected":false},"author":2,"featured_media":3251,"parent":0,"menu_order":0,"comment_status":"closed","ping_status":"closed","template":"","meta":{"_acf_changed":false,"_genesis_hide_title":false,"_genesis_hide_breadcrumbs":false,"_genesis_hide_singular_image":false,"_genesis_hide_footer_widgets":false,"_genesis_custom_body_class":"","_genesis_custom_post_class":"","_genesis_layout":"","footnotes":""},"class_list":{"1":"page","2":"type-page","6":"entry"},"acf":[],"_links":{"self":[{"href":"https:\/\/comparemyjet.com\/nb\/wp-json\/wp\/v2\/pages\/3248","targetHints":{"allow":["GET"]}}],"collection":[{"href":"https:\/\/comparemyjet.com\/nb\/wp-json\/wp\/v2\/pages"}],"about":[{"href":"https:\/\/comparemyjet.com\/nb\/wp-json\/wp\/v2\/types\/page"}],"author":[{"embeddable":true,"href":"https:\/\/comparemyjet.com\/nb\/wp-json\/wp\/v2\/users\/2"}],"replies":[{"embeddable":true,"href":"https:\/\/comparemyjet.com\/nb\/wp-json\/wp\/v2\/comments?post=3248"}],"version-history":[{"count":2,"href":"https:\/\/comparemyjet.com\/nb\/wp-json\/wp\/v2\/pages\/3248\/revisions"}],"predecessor-version":[{"id":3462,"href":"https:\/\/comparemyjet.com\/nb\/wp-json\/wp\/v2\/pages\/3248\/revisions\/3462"}],"wp:featuredmedia":[{"embeddable":true,"href":"https:\/\/comparemyjet.com\/nb\/wp-json\/wp\/v2\/media\/3251"}],"wp:attachment":[{"href":"https:\/\/comparemyjet.com\/nb\/wp-json\/wp\/v2\/media?parent=3248"}],"curies":[{"name":"wp","href":"https:\/\/api.w.org\/{rel}","templated":true}]}}