{"id":3316,"date":"2022-09-26T20:15:21","date_gmt":"2022-09-26T20:15:21","guid":{"rendered":"https:\/\/comparemyjet.com\/?page_id=3316"},"modified":"2025-09-04T09:59:31","modified_gmt":"2025-09-04T09:59:31","slug":"magellan-jets","status":"publish","type":"page","link":"https:\/\/comparemyjet.com\/nb\/magellan-jets\/","title":{"rendered":"Magellan Jets flypriser"},"content":{"rendered":"<p>F\u00f8rstegangsflygere st\u00e5r ofte fast n\u00e5r de skal bestemme seg for hvilken type jetfly de skal leie og hvilket charterselskap de skal velge. I slike tilfeller er det ideelt \u00e5 velge et etablert chartermeglerfirma p\u00e5 grunn av deres ekspertise, brede tilbud og mange sertifiserte operat\u00f8rer.&nbsp;<\/p>\r\n\r\n\r\n\r\n<p>La oss introdusere deg for <a href=\"https:\/\/magellanjets.com\/private-aviation\/magellan-jets-vs-netjets\/\" target=\"_blank\" rel=\"noopener\">Magellan Jets<\/a>er et chartermeglerfirma som tilbyr akkurat det du trenger - en l\u00f8sning p\u00e5 dine private jetfly-relaterte dilemmaer.&nbsp;&nbsp;<\/p>\r\n\r\n\r\n\r\n<div id=\"ez-toc-container\" class=\"ez-toc-v2_0_76 counter-hierarchy ez-toc-counter ez-toc-grey ez-toc-container-direction\">\n<p class=\"ez-toc-title\" style=\"cursor:inherit\">Temaer<\/p>\n<label for=\"ez-toc-cssicon-toggle-item-69e1d57144353\" class=\"ez-toc-cssicon-toggle-label\"><span class=\"\"><span class=\"eztoc-hide\" style=\"display:none;\">Toggle<\/span><span class=\"ez-toc-icon-toggle-span\"><svg style=\"fill: #999;color:#999\" xmlns=\"http:\/\/www.w3.org\/2000\/svg\" class=\"list-377408\" width=\"20px\" height=\"20px\" viewbox=\"0 0 24 24\" fill=\"none\"><path d=\"M6 6H4v2h2V6zm14 0H8v2h12V6zM4 11h2v2H4v-2zm16 0H8v2h12v-2zM4 16h2v2H4v-2zm16 0H8v2h12v-2z\" fill=\"currentColor\"><\/path><\/svg><svg style=\"fill: #999;color:#999\" class=\"arrow-unsorted-368013\" xmlns=\"http:\/\/www.w3.org\/2000\/svg\" width=\"10px\" height=\"10px\" viewbox=\"0 0 24 24\" version=\"1.2\" baseprofile=\"tiny\"><path d=\"M18.2 9.3l-6.2-6.3-6.2 6.3c-.2.2-.3.4-.3.7s.1.5.3.7c.2.2.4.3.7.3h11c.3 0 .5-.1.7-.3.2-.2.3-.5.3-.7s-.1-.5-.3-.7zM5.8 14.7l6.2 6.3 6.2-6.3c.2-.2.3-.5.3-.7s-.1-.5-.3-.7c-.2-.2-.4-.3-.7-.3h-11c-.3 0-.5.1-.7.3-.2.2-.3.5-.3.7s.1.5.3.7z\"\/><\/svg><\/span><\/span><\/label><input type=\"checkbox\"  id=\"ez-toc-cssicon-toggle-item-69e1d57144353\" checked aria-label=\"Toggle\" \/><nav><ul class='ez-toc-list ez-toc-list-level-1' ><li class='ez-toc-page-1 ez-toc-heading-level-2'><a class=\"ez-toc-link ez-toc-heading-1\" href=\"https:\/\/comparemyjet.com\/nb\/magellan-jets\/#Company_History\" >Selskapets historie<\/a><\/li><li class='ez-toc-page-1 ez-toc-heading-level-2'><a class=\"ez-toc-link ez-toc-heading-2\" href=\"https:\/\/comparemyjet.com\/nb\/magellan-jets\/#Magellan_Jets_Membership_Program\" >Magellan Jets' medlemsprogram<\/a><\/li><li class='ez-toc-page-1 ez-toc-heading-level-2'><a class=\"ez-toc-link ez-toc-heading-3\" href=\"https:\/\/comparemyjet.com\/nb\/magellan-jets\/#Shared_Ownership_Program_via_Jet_Card\" >Program for delt eierskap via Jet Card<\/a><\/li><li class='ez-toc-page-1 ez-toc-heading-level-2'><a class=\"ez-toc-link ez-toc-heading-4\" href=\"https:\/\/comparemyjet.com\/nb\/magellan-jets\/#Pricing\" >Priser<\/a><\/li><li class='ez-toc-page-1 ez-toc-heading-level-2'><a class=\"ez-toc-link ez-toc-heading-5\" href=\"https:\/\/comparemyjet.com\/nb\/magellan-jets\/#Empty_Leg_Flights\" >Flyvninger med tomme ben<\/a><\/li><li class='ez-toc-page-1 ez-toc-heading-level-2'><a class=\"ez-toc-link ez-toc-heading-6\" href=\"https:\/\/comparemyjet.com\/nb\/magellan-jets\/#On-Demand_Charter\" >Charter p\u00e5 foresp\u00f8rsel<\/a><\/li><li class='ez-toc-page-1 ez-toc-heading-level-2'><a class=\"ez-toc-link ez-toc-heading-7\" href=\"https:\/\/comparemyjet.com\/nb\/magellan-jets\/#Air_Ambulance\" >Luftambulanse<\/a><\/li><li class='ez-toc-page-1 ez-toc-heading-level-2'><a class=\"ez-toc-link ez-toc-heading-8\" href=\"https:\/\/comparemyjet.com\/nb\/magellan-jets\/#The_Fleet\" >Fl\u00e5ten&nbsp;<\/a><ul class='ez-toc-list-level-3' ><li class='ez-toc-heading-level-3'><a class=\"ez-toc-link ez-toc-heading-9\" href=\"https:\/\/comparemyjet.com\/nb\/magellan-jets\/#1_Light_Private_Jets\" >1. Lette private jetfly<\/a><ul class='ez-toc-list-level-4' ><li class='ez-toc-heading-level-4'><a class=\"ez-toc-link ez-toc-heading-10\" href=\"https:\/\/comparemyjet.com\/nb\/magellan-jets\/#Our_Recommendation_Cessna_Citation_Encore\" >V\u00e5r anbefaling: Cessna Citation Encore+<\/a><\/li><\/ul><\/li><li class='ez-toc-page-1 ez-toc-heading-level-3'><a class=\"ez-toc-link ez-toc-heading-11\" href=\"https:\/\/comparemyjet.com\/nb\/magellan-jets\/#2_Midsize_and_Super-Midsize_Private_Jets_Private_Jets\" >2. Mellomstore og supermellomstore private jetfly Private jetfly<\/a><ul class='ez-toc-list-level-4' ><li class='ez-toc-heading-level-4'><a class=\"ez-toc-link ez-toc-heading-12\" href=\"https:\/\/comparemyjet.com\/nb\/magellan-jets\/#Our_Recommendation_Embraer_Legacy_450\" >V\u00e5r anbefaling: Embraer Legacy 450<\/a><\/li><\/ul><\/li><li class='ez-toc-page-1 ez-toc-heading-level-3'><a class=\"ez-toc-link ez-toc-heading-13\" href=\"https:\/\/comparemyjet.com\/nb\/magellan-jets\/#3_Large_Private_Jets\" >3. Store privatfly<\/a><ul class='ez-toc-list-level-4' ><li class='ez-toc-heading-level-4'><a class=\"ez-toc-link ez-toc-heading-14\" href=\"https:\/\/comparemyjet.com\/nb\/magellan-jets\/#Our_Recommendation_The_Bombardier_Challenger_850\" >V\u00e5r anbefaling: Bombardier Challenger 850&nbsp;<\/a><\/li><\/ul><\/li><\/ul><\/li><li class='ez-toc-page-1 ez-toc-heading-level-2'><a class=\"ez-toc-link ez-toc-heading-15\" href=\"https:\/\/comparemyjet.com\/nb\/magellan-jets\/#Company_Safety_Policy_and_Standards\" >Selskapets sikkerhetspolicy og -standarder<\/a><\/li><li class='ez-toc-page-1 ez-toc-heading-level-2'><a class=\"ez-toc-link ez-toc-heading-16\" href=\"https:\/\/comparemyjet.com\/nb\/magellan-jets\/#Partnerships\" >Partnerskap<\/a><\/li><li class='ez-toc-page-1 ez-toc-heading-level-2'><a class=\"ez-toc-link ez-toc-heading-17\" href=\"https:\/\/comparemyjet.com\/nb\/magellan-jets\/#Conclusion\" >Konklusjon<\/a><\/li><\/ul><\/nav><\/div>\n<h2 class=\"wp-block-heading\"><span class=\"ez-toc-section\" id=\"Company_History\"><\/span>Selskapets historie<span class=\"ez-toc-section-end\"><\/span><\/h2>\r\n\r\n\r\n\r\n<p>2008 var en vanskelig periode for private flyselskaper. I kj\u00f8lvannet av den verdensomspennende \u00f8konomiske nedgangen sluttet mange \u00e5 bruke privatfly, og mange selskaper m\u00e5tte ta konsekvensene av dette. I denne t\u00f8ffe perioden bestemte Magellan Jets' administrerende direkt\u00f8r Joshua Marc Hebert seg for \u00e5 ta i bruk alle disse underutnyttede jetflyene, og med hjelp av forretningspartneren Anthony Tivnan ble Magellan Jets f\u00f8dt.&nbsp;<\/p>\r\n\r\n\r\n\r\n<p>Deres reise innen flycharter begynte med at de inngikk kontrakter med 130 flyeiere, betalte dem p\u00e5 forh\u00e5nd og deretter chartret jetflyene til sine kunder. Virksomheten klatret raskt p\u00e5 ranglistene til \u00e5 bli et av de st\u00f8rste jetcharterselskapene i verden, og begynte snart \u00e5 generere et enormt salg.<\/p>\r\n\r\n\r\n\r\n<p>I 2014 la selskapet til ytterligere forsikringer om avgang til rett tid, slik at medlemmene fikk refundert flytimer for forsinkelser som ikke skyldtes v\u00e6r eller flygeledelse. I 2017 introduserte de et jetkortprogram for bedrifter, og i 2019 la de til flere kortalternativer med Elevate by Magellan, noe som reduserte avgiftene p\u00e5 dager med h\u00f8y trafikk og garanterte jetkortkunder 30 dagers pengene-tilbake-garanti.<\/p>\r\n\r\n\r\n\r\n<h2 class=\"wp-block-heading\"><span class=\"ez-toc-section\" id=\"Magellan_Jets_Membership_Program\"><\/span>Magellan Jets' medlemsprogram<span class=\"ez-toc-section-end\"><\/span><\/h2>\r\n\r\n\r\n\r\n<figure class=\"wp-block-image size-full is-style-default\"><img loading=\"lazy\" decoding=\"async\" width=\"1000\" height=\"585\" src=\"https:\/\/comparemyjet.com\/wp-content\/uploads\/2022\/09\/membership.letters.jpg\" alt=\"Magellan Jets\" class=\"wp-image-3319\" srcset=\"https:\/\/comparemyjet.com\/wp-content\/uploads\/2022\/09\/membership.letters-18x12.jpg 18w, https:\/\/comparemyjet.com\/wp-content\/uploads\/2022\/09\/membership.letters-300x176.jpg 300w, https:\/\/comparemyjet.com\/wp-content\/uploads\/2022\/09\/membership.letters-768x449.jpg 768w, https:\/\/comparemyjet.com\/wp-content\/uploads\/2022\/09\/membership.letters.jpg 1000w\" sizes=\"auto, (max-width: 1000px) 100vw, 1000px\" \/><\/figure>\r\n\r\n\r\n\r\n<p>Flypassasjerer kan forbedre sin private charteropplevelse ved \u00e5 bli medlem og nyte godt av fordeler som ingen tilleggsavgifter for reiser p\u00e5 travle dager og ingen drivstofftillegg.&nbsp;<\/p>\r\n\r\n\r\n\r\n<p>Andre fordeler er blant annet<\/p>\r\n\r\n\r\n\r\n<ul class=\"wp-block-list\"><li>Transparente, altomfattende priser uten skjulte gebyrer<\/li><li>Bruke et fly fra fire jetflykategorier (lette, mellomstore, supermellomstore og tunge jetfly).&nbsp;<\/li><li>Minst 12 timers varsel for planlegging<\/li><li>En \u00e5rlig fast, garantert pris<\/li><li>Unike frynsegoder og fordeler fra Magellan Jets' partnere<\/li><\/ul>\r\n\r\n\r\n\r\n<p>Med sine individuelt tilpassede <em>Explorer-medlemskap<\/em> eller den bedriftsvennlige fleksibiliteten i deres <em>Premium-medlemskap<\/em>Magellan Jets lar kundene tilpasse flyopplevelsene sine. Du kan se og sammenligne de to medlemsprogrammene side om side p\u00e5 selskapets <a href=\"https:\/\/magellanjets.com\/jet-membership\/\" target=\"_blank\" rel=\"noopener\">nettsted<\/a>.<\/p>\r\n\r\n\r\n\r\n<h2 class=\"wp-block-heading\"><span class=\"ez-toc-section\" id=\"Shared_Ownership_Program_via_Jet_Card\"><\/span>Program for delt eierskap via Jet Card<span class=\"ez-toc-section-end\"><\/span><\/h2>\r\n\r\n\r\n\r\n<p>Kortinnehavere er automatisk medeiere i et bestemt jetfly. Velkommen til en verden av <a href=\"https:\/\/magellanjets.com\/jet-card-ownership\/\" target=\"_blank\" rel=\"noopener\">fraksjonert eierskap<\/a>, der kortinnehaverne har alle fordelene ved \u00e5 fly privat, men ingen bekymringer knyttet til vedlikehold og drift.&nbsp;<\/p>\r\n\r\n\r\n\r\n<p>Dessuten er det ingen ekstra kostnader n\u00e5r du reiser p\u00e5 travle dager og ingen drivstofftillegg, men en all-inclusive-pris uten skjulte avgifter.&nbsp;<\/p>\r\n\r\n\r\n\r\n<p>Kortinnehavere kan bli deleiere i ett av f\u00f8lgende jetfly:<\/p>\r\n\r\n\r\n\r\n<ul class=\"wp-block-list\"><li>Phenom 300;<\/li><li><a href=\"https:\/\/comparemyjet.com\/nb\/gulfstream\/\" data-internallinksmanager029f6b8e52c=\"175\" title=\"Den ultimate guiden til Gulfstream private jetfly og fly\">Gulfstream<\/a> 450\/550;<\/li><li>Citation Jet;<\/li><li>Challenger 300\/350;<\/li><li>Sitat X;<\/li><li>Sitat Excel\/XLS;<\/li><li>Og Hawker 800XP.<\/li><\/ul>\r\n\r\n\r\n\r\n<p>Andre privilegier inkluderer minst \u00e5tte timers varsel for planlegging, en \u00e5rlig fast pris og unike fordeler fra Magellan Jets' merkevarepartnere.<\/p>\r\n\r\n\r\n\r\n<h2 class=\"wp-block-heading\"><span class=\"ez-toc-section\" id=\"Pricing\"><\/span>Priser<span class=\"ez-toc-section-end\"><\/span><\/h2>\r\n\r\n\r\n\r\n<p><em>Utforsker<\/em> by Magellan tilbyr 25-timers jetkort til f\u00f8lgende priser:&nbsp;<\/p>\r\n\r\n\r\n\r\n<ul class=\"wp-block-list\"><li>For lette fly er timekostnaden $5,250, inklusive <a href=\"https:\/\/www.irs.gov\/businesses\/small-businesses-self-employed\/excise-tax\" target=\"_blank\" rel=\"noopener\">f\u00f8deral s\u00e6ravgift<\/a><\/li><li>For mellomstore fly er timekostnaden $6,994, inkludert f\u00f8deral avgift.<\/li><\/ul>\r\n\r\n\r\n\r\n<p>Magellan Jets tilbyr ogs\u00e5 modellspesifikke 25-timerskort til f\u00f8lgende priser:&nbsp;<\/p>\r\n\r\n\r\n\r\n<ul class=\"wp-block-list\"><li>Hawker 400XP til en timepris p\u00e5 $5,790&nbsp;<\/li><li>Hawker 800XP til en timepris p\u00e5 $7,199&nbsp;<\/li><li>Challenger 300 til en timepris p\u00e5 $9,986&nbsp;<\/li><li>og Gulfstream 450 til en timepris p\u00e5 $13,500&nbsp;<\/li><\/ul>\r\n\r\n\r\n\r\n<p>Selskapet tilbyr ogs\u00e5 en 10-timers <a href=\"https:\/\/comparemyjet.com\/nb\/sikorsky\/\" data-internallinksmanager029f6b8e52c=\"160\" title=\"Den ultimate guiden til Sikorsky privatfly og helikoptre\">Sikorsky<\/a> Helikopterkort i <a href=\"https:\/\/comparemyjet.com\/nb\/private-tours\/new-york-city-private-tours\/\" data-internallinksmanager029f6b8e52c=\"427\" title=\"11 beste private turer i New York City fra $48.00\">New York<\/a> for $13,799 per time.<\/p>\r\n\r\n\r\n\r\n<h2 class=\"wp-block-heading\"><span class=\"ez-toc-section\" id=\"Empty_Leg_Flights\"><\/span>Flyvninger med tomme ben<span class=\"ez-toc-section-end\"><\/span><\/h2>\r\n\r\n\r\n\r\n<p>Enveis <a href=\"https:\/\/comparemyjet.com\/nb\/how-to-book-empty-leg-flights\/\" data-internallinksmanager029f6b8e52c=\"24\" title=\"Hvordan bestille tomflyvninger\">flyvninger med tomme strekninger<\/a> til en br\u00f8kdel av prisen for et vanlig charterfly. Hvis du finner en empty leg-flyvning som kan frakte deg til din foretrukne destinasjon, b\u00f8r du v\u00e6re klar over at i motsetning til charter, er tidsplanen for empty leg-flyvninger fast, og setene er tilgjengelige p\u00e5 foresp\u00f8rsel. Disse tomflyvningene kan imidlertid gi betydelige prisreduksjoner for de som \u00f8nsker en luksuri\u00f8s transportmetode p\u00e5 et lavt budsjett. Du kan bes\u00f8ke nettsiden deres og ta en titt p\u00e5 alle <a href=\"https:\/\/magellanjets.com\/charter\/private-jet-one-way-flights-empty-legs.html\" target=\"_blank\" rel=\"noopener\">flyvninger med tomme ben<\/a> som er tilgjengelige for \u00f8yeblikket.<\/p>\r\n\r\n\r\n\r\n<h2 class=\"wp-block-heading\"><span class=\"ez-toc-section\" id=\"On-Demand_Charter\"><\/span>Charter p\u00e5 foresp\u00f8rsel<span class=\"ez-toc-section-end\"><\/span><\/h2>\r\n\r\n\r\n\r\n<p>Flypassasjerer f\u00e5r tilgang til de mest p\u00e5litelige flyene og de mest prestisjefylte leverand\u00f8rene med Magellans <a href=\"https:\/\/comparemyjet.com\/nb\/how-do-you-rent-or-charter-a-private-jet\/\" data-internallinksmanager029f6b8e52c=\"15\" title=\"Hvordan leier eller chartrer du et privatfly?\">charter av privatfly<\/a> tjenester. De har et team av konsulenter innen privatflyging som veileder kundene i markedet for on-demand-tjenester.&nbsp;<\/p>\r\n\r\n\r\n\r\n<h2 class=\"wp-block-heading\"><span class=\"ez-toc-section\" id=\"Air_Ambulance\"><\/span>Luftambulanse<span class=\"ez-toc-section-end\"><\/span><\/h2>\r\n\r\n\r\n\r\n<p>En tilleggstjeneste som tilbys av Magellan Jets er en <a href=\"https:\/\/comparemyjet.com\/nb\/how-much-medical-flights-medevac-air-ambulance-cost\/\" data-internallinksmanager029f6b8e52c=\"28\" title=\"Hvor mye koster medisinske flyreiser, Medevac og luftambulansetjenester?\">luftambulanse<\/a>klar 24\/7 i n\u00f8dstilfeller med bare to timers varsel. Luftambulanse fra Magellan Jets er designet spesielt for \u00e5 levere medisinsk behandling p\u00e5 vei til kundens valgte helsesenter. Hvert fly har personlige sykehussenger, medisinsk utstyr, tilgang til legemidler og et flypersonale som f\u00f8lger med passasjeren. Henting til og fra flyet og l\u00f8pende kontakt med familien er ogs\u00e5 en del av luftambulansel\u00f8sningen.<\/p>\r\n\r\n\r\n\r\n<h2 class=\"wp-block-heading\"><span class=\"ez-toc-section\" id=\"The_Fleet\"><\/span>Fl\u00e5ten&nbsp;<span class=\"ez-toc-section-end\"><\/span><\/h2>\r\n\r\n\r\n\r\n<figure class=\"wp-block-image size-full is-style-default\"><img loading=\"lazy\" decoding=\"async\" width=\"1000\" height=\"665\" src=\"https:\/\/comparemyjet.com\/wp-content\/uploads\/2022\/08\/plane.om_.the_.runway.with_.sunset.jpg\" alt=\"\" class=\"wp-image-3217\" srcset=\"https:\/\/comparemyjet.com\/wp-content\/uploads\/2022\/08\/plane.om_.the_.runway.with_.sunset-18x12.jpg 18w, https:\/\/comparemyjet.com\/wp-content\/uploads\/2022\/08\/plane.om_.the_.runway.with_.sunset-300x200.jpg 300w, https:\/\/comparemyjet.com\/wp-content\/uploads\/2022\/08\/plane.om_.the_.runway.with_.sunset-768x511.jpg 768w, https:\/\/comparemyjet.com\/wp-content\/uploads\/2022\/08\/plane.om_.the_.runway.with_.sunset.jpg 1000w\" sizes=\"auto, (max-width: 1000px) 100vw, 1000px\" \/><\/figure>\r\n\r\n\r\n\r\n<p>For \u00e5 velge hvilket fly som passer best for din kommende flyvning, tilbyr Magellan Jets deres <a href=\"https:\/\/magellanjets.com\/aircraft\/private-jet-comparison.html\" target=\"_blank\" rel=\"noopener\">Sammenligning av privatfly<\/a> som flypassasjerer kan bruke til \u00e5 sammenligne fly side om side. Du kan filtrere s\u00f8keresultatene og f\u00e5 en liste over fly etter antall passasjerer, maksimal rekkevidde og bagasjekapasitet, og til og med sjekke om bagasjerommet har plass til golfbagene dine. H\u00f8res spennende ut!&nbsp;<\/p>\r\n\r\n\r\n\r\n<p>N\u00e5 skal vi se hva fl\u00e5ten deres har \u00e5 by p\u00e5.&nbsp;&nbsp;<\/p>\r\n\r\n\r\n\r\n<h3 class=\"wp-block-heading\"><span class=\"ez-toc-section\" id=\"1_Light_Private_Jets\"><\/span>1. Lette private jetfly<span class=\"ez-toc-section-end\"><\/span><\/h3>\r\n\r\n\r\n\r\n<p>Det minste flyet du kan leie hos Magellan Jets er et lett privatfly. Disse flyene har tilgang til flyplasser og rullebaner som ingen andre kategorier. St\u00f8rrelsen er den st\u00f8rste fordelen, siden de kan lande nesten hvor som helst. Dessuten er de kostnadseffektive fordi de har lavere vedlikeholdskostnader enn st\u00f8rre jetfly. Den eneste ulempen er rekkevidden, ettersom drivstoffkapasiteten gj\u00f8r at de kun kan fly lokalt.<\/p>\r\n\r\n\r\n\r\n<h4 class=\"wp-block-heading\"><span class=\"ez-toc-section\" id=\"Our_Recommendation_Cessna_Citation_Encore\"><\/span>V\u00e5r anbefaling: Cessna Citation Encore+<span class=\"ez-toc-section-end\"><\/span><\/h4>\r\n\r\n\r\n\r\n<p>Charteroperat\u00f8rer og flyeiere har gjentatte ganger bemerket at det er vanskelig \u00e5 <a href=\"https:\/\/comparemyjet.com\/nb\/cessna\/\" data-internallinksmanager029f6b8e52c=\"145\" title=\"Den ultimate guiden til Cessna privatfly og -jetfly\">Cessna<\/a> Encore+ utf\u00f8rer en rekke oppgaver sv\u00e6rt effektivt. Encore+ har oppgraderinger, forbedringer og ytelsesforbedringer, i tillegg til \u00f8kt rekkevidde sammenlignet med forgjengeren. I tillegg gir de utvendige oppbevaringsrommene plass til blant annet stor bagasje, golfutstyr og ski.<\/p>\r\n\r\n\r\n\r\n<p>Spesifikasjoner:<\/p>\r\n\r\n\r\n\r\n<ul class=\"wp-block-list\"><li>Passasjerer: 7;<\/li><li>Utvendig h\u00f8yde: 15 ft 2 in;<\/li><li>Full kroppslengde: 48 fot 11 tommer;<\/li><li>Vingespenn: 54 fot 9 tommer;<\/li><li>Utvendig bagasjeplass: 43 cu ft;<\/li><li>Innvendig bagasjeplass: 28 cu ft;<\/li><li>Maks rekkevidde: 1792 nm;<\/li><li>Maks marsjfart: 430 km\/t;<\/li><li>Mannskap: 2.<\/li><\/ul>\r\n\r\n\r\n\r\n<p>Du kan se fly fra Magellan Jets <a href=\"https:\/\/magellanjets.com\/aircraft\/private-jet-comparison.html\" target=\"_blank\" rel=\"noopener\">Katalog<\/a> ved \u00e5 velge lette jetfly i st\u00f8rrelseskategorien p\u00e5 deres online-verkt\u00f8y, og du vil f\u00e5 en liste der du kan sammenligne alle flyets funksjoner side om side.&nbsp;<\/p>\r\n\r\n\r\n\r\n<h3 class=\"wp-block-heading\"><span class=\"ez-toc-section\" id=\"2_Midsize_and_Super-Midsize_Private_Jets_Private_Jets\"><\/span>2. Mellomstore og supermellomstore private jetfly Private jetfly<span class=\"ez-toc-section-end\"><\/span><\/h3>\r\n\r\n\r\n\r\n<p>Sett at du skal p\u00e5 forretningsreise og ha et m\u00f8te p\u00e5 flyet, eller at du vil ta med familie og venner til et eksotisk sted og tilbringe kvalitetstid sammen. I s\u00e5 fall vil mellom- og super-mid-fly gi deg nok plass, bagasjekapasitet og komfortable flyreiser som varer fra 4-5 timer p\u00e5 et mellomfly til 7-8 timer p\u00e5 et super-mid-fly.<\/p>\r\n\r\n\r\n\r\n<h4 class=\"wp-block-heading\"><span class=\"ez-toc-section\" id=\"Our_Recommendation_Embraer_Legacy_450\"><\/span>V\u00e5r anbefaling: Embraer Legacy 450<span class=\"ez-toc-section-end\"><\/span><\/h4>\r\n\r\n\r\n\r\n<p>Cessna Citation XLS Plus er et fantastisk mellomstort jetfly med et vakkert interi\u00f8r som kan oppn\u00e5 suveren hastighet selv p\u00e5 mindre rullebaner. Det er den tredje versjonen i Citation Excel-serien, og fra og med 2008 overtok den plassen til den tidligere s\u00e5 popul\u00e6re Citation XLS. XLS Plus l\u00f8fter den velkjente businessjet-serien til nye h\u00f8yder med nytt interi\u00f8r, forbedret avionikk, lengre vedlikeholdsperioder og nye, robuste motorer.<\/p>\r\n\r\n\r\n\r\n<p>Spesifikasjoner:<\/p>\r\n\r\n\r\n\r\n<ul class=\"wp-block-list\"><li>Passasjerer: 9;<\/li><li>Vingespenn: 54 fot 9 tommer;<\/li><li>Utvendig bagasjeplass: 80 kubikkmeter;<\/li><li>Innvendig bagasjeplass: 10 cu ft;<\/li><li>Maksimal rekkevidde: 2100 nm;<\/li><li>Normal marsjfart: 431 km\/t.<\/li><\/ul>\r\n\r\n\r\n\r\n<p>Du kan se fly fra Magellan Jets <a href=\"https:\/\/magellanjets.com\/aircraft\/private-jet-comparison.html\" target=\"_blank\" rel=\"noopener\">Katalog<\/a> ved \u00e5 velge lette jetfly i st\u00f8rrelseskategorien p\u00e5 deres online-verkt\u00f8y, og du vil f\u00e5 en liste der du kan sammenligne alle flyets funksjoner side om side.&nbsp;<\/p>\r\n\r\n\r\n\r\n<h3 class=\"wp-block-heading\"><span class=\"ez-toc-section\" id=\"3_Large_Private_Jets\"><\/span>3. Store privatfly<span class=\"ez-toc-section-end\"><\/span><\/h3>\r\n\r\n\r\n\r\n<p>Hvis du skal p\u00e5 interkontinentale reiser, fly over hele landet med et st\u00f8rre selskap eller ta med deg mye bagasje, kan du chartre et fly med stor kabin for \u00e5 f\u00e5 den ultimate opplevelsen og alle bekvemmeligheter du kan tenke deg, som lukket toalett, kj\u00f8kkenkrok og uttrekkbar sofa.<\/p>\r\n\r\n\r\n\r\n<h4 class=\"wp-block-heading\"><span class=\"ez-toc-section\" id=\"Our_Recommendation_The_Bombardier_Challenger_850\"><\/span>V\u00e5r anbefaling: Bombardier Challenger 850&nbsp;<span class=\"ez-toc-section-end\"><\/span><\/h4>\r\n\r\n\r\n\r\n<p>Challenger 850 er inspirert av den <a href=\"https:\/\/comparemyjet.com\/nb\/bombardier\/\" data-internallinksmanager029f6b8e52c=\"159\" title=\"Den ultimate guiden til Bombardiers private jetfly og fly\">Bombardier<\/a> CRJ200, utviklet for \u00e5 bli et forretningsfly som kan tilby de samme kvalitetene som et stort fly, men med luksusen og bekvemmeligheten til et privatfly. Challenger 850 er det perfekte jetflyet fra Bombardier Aerospace for transport av store grupper.<\/p>\r\n\r\n\r\n\r\n<p>Spesifikasjoner:<\/p>\r\n\r\n\r\n\r\n<ul class=\"wp-block-list\"><li>Passasjerer: 15;<\/li><li>Kabinbredde: 8 fot 17 tommer;<\/li><li>Kabinelengde: 48 fot 4 tommer;<\/li><li>Kabinh\u00f8yde: 6 fot 08 tommer;<\/li><li>Innvendig bagasjeplass: 202 kubikkfot;<\/li><li>Maksimal rekkevidde: 2584 nm;<\/li><li>Normal marsjfart: 442 km\/t.<\/li><\/ul>\r\n\r\n\r\n\r\n<p>Du kan se fly fra Magellan Jets <a href=\"https:\/\/magellanjets.com\/aircraft\/private-jet-comparison.html\" target=\"_blank\" rel=\"noopener\">Katalog<\/a> ved \u00e5 velge lette jetfly i st\u00f8rrelseskategorien p\u00e5 deres online-verkt\u00f8y, og du vil f\u00e5 en liste der du kan sammenligne alle flyets funksjoner side om side.&nbsp;<\/p>\r\n\r\n\r\n\r\n<h2 class=\"wp-block-heading\"><span class=\"ez-toc-section\" id=\"Company_Safety_Policy_and_Standards\"><\/span>Selskapets sikkerhetspolicy og -standarder<span class=\"ez-toc-section-end\"><\/span><\/h2>\r\n\r\n\r\n\r\n<p>Magellan Jets bruker fly og flygende personell som er n\u00f8ye kontrollert, og opererer under <a href=\"https:\/\/www.faa.gov\/licenses_certificates\/airline_certification\/135_certification\/general_info\" target=\"_blank\" rel=\"noopener\">Del 135<\/a> av <a href=\"https:\/\/www.faa.gov\/\" target=\"_blank\" rel=\"noopener\">FAA<\/a> sikkerhetsforskrifter.&nbsp;<\/p>\r\n\r\n\r\n\r\n<h2 class=\"wp-block-heading\"><span class=\"ez-toc-section\" id=\"Partnerships\"><\/span>Partnerskap<span class=\"ez-toc-section-end\"><\/span><\/h2>\r\n\r\n\r\n\r\n<figure class=\"wp-block-image size-full is-style-default\"><img loading=\"lazy\" decoding=\"async\" width=\"1000\" height=\"622\" src=\"https:\/\/comparemyjet.com\/wp-content\/uploads\/2022\/09\/yachtsailling.jpg\" alt=\"\" class=\"wp-image-3320\" srcset=\"https:\/\/comparemyjet.com\/wp-content\/uploads\/2022\/09\/yachtsailling-18x12.jpg 18w, https:\/\/comparemyjet.com\/wp-content\/uploads\/2022\/09\/yachtsailling-300x187.jpg 300w, https:\/\/comparemyjet.com\/wp-content\/uploads\/2022\/09\/yachtsailling-768x478.jpg 768w, https:\/\/comparemyjet.com\/wp-content\/uploads\/2022\/09\/yachtsailling.jpg 1000w\" sizes=\"auto, (max-width: 1000px) 100vw, 1000px\" \/><\/figure>\r\n\r\n\r\n\r\n<p>For \u00e5 kunne tilby sine kunder det aller beste n\u00e5r det gjelder leie av yacht, har Magellan Jets inng\u00e5tt et samarbeid med <a href=\"https:\/\/iyc.com\/\" target=\"_blank\" rel=\"noopener\">IYC<\/a>, en leverand\u00f8r av luksusyachter. Begge selskapene har det til felles at de er opptatt av \u00e5 gi kundene sine trygge og s\u00f8ml\u00f8se reiseopplevelser.<\/p>\r\n\r\n\r\n\r\n<h2 class=\"wp-block-heading\"><span class=\"ez-toc-section\" id=\"Conclusion\"><\/span>Konklusjon<span class=\"ez-toc-section-end\"><\/span><\/h2>\r\n\r\n\r\n\r\n<p>Magellan Jets bruker jetfly fra tredjepartsoperat\u00f8rer til \u00e5 fly kundene til destinasjoner over hele verden. Derfor konsentrerer Magellan Jets seg om \u00e5 velge det beste flyet for hver enkelt kunde basert p\u00e5 ulike parametere, for eksempel flyreisens varighet og individuelle behov. Medlemmene f\u00e5r et enda mer omfattende utvalg av fly gjennom Magellan Jets Preferred Network, som gir tilgang til de beste flyene og besetningene i bransjen.<\/p>","protected":false},"excerpt":{"rendered":"<p>F\u00f8rstegangsflygere st\u00e5r ofte fast n\u00e5r de skal bestemme seg for hvilken type jetfly de skal leie og hvilket charterselskap de skal velge. I slike tilfeller er det ideelt \u00e5 velge et etablert chartermeglerfirma p\u00e5 grunn av deres ekspertise, brede tilbud og mange sertifiserte operat\u00f8rer.  La oss introdusere deg for Magellan Jets, et chartermeglerfirma som tilbyr akkurat det du trenger ...<\/p>","protected":false},"author":2,"featured_media":3317,"parent":0,"menu_order":0,"comment_status":"closed","ping_status":"closed","template":"","meta":{"_acf_changed":false,"_genesis_hide_title":false,"_genesis_hide_breadcrumbs":false,"_genesis_hide_singular_image":false,"_genesis_hide_footer_widgets":false,"_genesis_custom_body_class":"","_genesis_custom_post_class":"","_genesis_layout":"","footnotes":""},"class_list":{"1":"page","2":"type-page","6":"entry"},"acf":[],"_links":{"self":[{"href":"https:\/\/comparemyjet.com\/nb\/wp-json\/wp\/v2\/pages\/3316","targetHints":{"allow":["GET"]}}],"collection":[{"href":"https:\/\/comparemyjet.com\/nb\/wp-json\/wp\/v2\/pages"}],"about":[{"href":"https:\/\/comparemyjet.com\/nb\/wp-json\/wp\/v2\/types\/page"}],"author":[{"embeddable":true,"href":"https:\/\/comparemyjet.com\/nb\/wp-json\/wp\/v2\/users\/2"}],"replies":[{"embeddable":true,"href":"https:\/\/comparemyjet.com\/nb\/wp-json\/wp\/v2\/comments?post=3316"}],"version-history":[{"count":3,"href":"https:\/\/comparemyjet.com\/nb\/wp-json\/wp\/v2\/pages\/3316\/revisions"}],"predecessor-version":[{"id":3470,"href":"https:\/\/comparemyjet.com\/nb\/wp-json\/wp\/v2\/pages\/3316\/revisions\/3470"}],"wp:featuredmedia":[{"embeddable":true,"href":"https:\/\/comparemyjet.com\/nb\/wp-json\/wp\/v2\/media\/3317"}],"wp:attachment":[{"href":"https:\/\/comparemyjet.com\/nb\/wp-json\/wp\/v2\/media?parent=3316"}],"curies":[{"name":"wp","href":"https:\/\/api.w.org\/{rel}","templated":true}]}}