{"id":3482,"date":"2022-10-03T23:23:31","date_gmt":"2022-10-03T23:23:31","guid":{"rendered":"https:\/\/comparemyjet.com\/?page_id=3482"},"modified":"2025-09-04T10:00:52","modified_gmt":"2025-09-04T10:00:52","slug":"starflight-aviation","status":"publish","type":"page","link":"https:\/\/comparemyjet.com\/nb\/starflight-aviation\/","title":{"rendered":"Starflight Aviation Flypriser"},"content":{"rendered":"<p>Starflite Aviation er et erfarent privat charterselskap som har v\u00e6rt i drift i over 30 \u00e5r. Dette USA-baserte selskapet har en global kundekrets og tilbyr ofte transporttjenester for musikere, kunstnere, politikere og andre VIP-kunder.\u00a0<\/p>\r\n\r\n\r\n\r\n<p>La oss se n\u00e6rmere p\u00e5 hva de handler om.\u00a0<\/p>\r\n\r\n\r\n\r\n<div id=\"ez-toc-container\" class=\"ez-toc-v2_0_76 counter-hierarchy ez-toc-counter ez-toc-grey ez-toc-container-direction\">\n<p class=\"ez-toc-title\" style=\"cursor:inherit\">Temaer<\/p>\n<label for=\"ez-toc-cssicon-toggle-item-69f53babe9f3e\" class=\"ez-toc-cssicon-toggle-label\"><span class=\"\"><span class=\"eztoc-hide\" style=\"display:none;\">Toggle<\/span><span class=\"ez-toc-icon-toggle-span\"><svg style=\"fill: #999;color:#999\" xmlns=\"http:\/\/www.w3.org\/2000\/svg\" class=\"list-377408\" width=\"20px\" height=\"20px\" viewbox=\"0 0 24 24\" fill=\"none\"><path d=\"M6 6H4v2h2V6zm14 0H8v2h12V6zM4 11h2v2H4v-2zm16 0H8v2h12v-2zM4 16h2v2H4v-2zm16 0H8v2h12v-2z\" fill=\"currentColor\"><\/path><\/svg><svg style=\"fill: #999;color:#999\" class=\"arrow-unsorted-368013\" xmlns=\"http:\/\/www.w3.org\/2000\/svg\" width=\"10px\" height=\"10px\" viewbox=\"0 0 24 24\" version=\"1.2\" baseprofile=\"tiny\"><path d=\"M18.2 9.3l-6.2-6.3-6.2 6.3c-.2.2-.3.4-.3.7s.1.5.3.7c.2.2.4.3.7.3h11c.3 0 .5-.1.7-.3.2-.2.3-.5.3-.7s-.1-.5-.3-.7zM5.8 14.7l6.2 6.3 6.2-6.3c.2-.2.3-.5.3-.7s-.1-.5-.3-.7c-.2-.2-.4-.3-.7-.3h-11c-.3 0-.5.1-.7.3-.2.2-.3.5-.3.7s.1.5.3.7z\"\/><\/svg><\/span><\/span><\/label><input type=\"checkbox\"  id=\"ez-toc-cssicon-toggle-item-69f53babe9f3e\" checked aria-label=\"Toggle\" \/><nav><ul class='ez-toc-list ez-toc-list-level-1' ><li class='ez-toc-page-1 ez-toc-heading-level-2'><a class=\"ez-toc-link ez-toc-heading-1\" href=\"https:\/\/comparemyjet.com\/nb\/starflight-aviation\/#About_the_Company\" >Om selskapet<\/a><\/li><li class='ez-toc-page-1 ez-toc-heading-level-2'><a class=\"ez-toc-link ez-toc-heading-2\" href=\"https:\/\/comparemyjet.com\/nb\/starflight-aviation\/#On-Demand_Charter\" >Charter p\u00e5 foresp\u00f8rsel<\/a><\/li><li class='ez-toc-page-1 ez-toc-heading-level-2'><a class=\"ez-toc-link ez-toc-heading-3\" href=\"https:\/\/comparemyjet.com\/nb\/starflight-aviation\/#Company_Jet_Card_Program\" >Selskapets Jet Card-program<\/a><\/li><li class='ez-toc-page-1 ez-toc-heading-level-2'><a class=\"ez-toc-link ez-toc-heading-4\" href=\"https:\/\/comparemyjet.com\/nb\/starflight-aviation\/#The_Fleet\" >Fl\u00e5ten<\/a><\/li><li class='ez-toc-page-1 ez-toc-heading-level-2'><a class=\"ez-toc-link ez-toc-heading-5\" href=\"https:\/\/comparemyjet.com\/nb\/starflight-aviation\/#Starflight_Aviation_Carbon_Program\" >Starflight Aviation Carbon Program\u00a0<\/a><\/li><li class='ez-toc-page-1 ez-toc-heading-level-2'><a class=\"ez-toc-link ez-toc-heading-6\" href=\"https:\/\/comparemyjet.com\/nb\/starflight-aviation\/#Conclusion\" >Konklusjon<\/a><\/li><\/ul><\/nav><\/div>\n<h2 class=\"wp-block-heading\"><span class=\"ez-toc-section\" id=\"About_the_Company\"><\/span>Om selskapet<span class=\"ez-toc-section-end\"><\/span><\/h2>\r\n\r\n\r\n\r\n<p>Starflight Aviation er et privateid flyselskap som tilbyr kur\u00e9r- og frakttjenester i tillegg til privatcharter. Selskapet ble grunnlagt 13. juni 1989 og har hovedkontor i Farnborough, Hampshire.<\/p>\r\n\r\n\r\n\r\n<p>Virksomheten arrangerer charterflyvninger for ledere og VIP-er og leier inn jetfly, helikoptre og turbopropfly fra tredjepartsflyselskaper. Starflight Aviation betjener kunder over hele verden, inkludert USA, Storbritannia og Europa. De tilbyr en 100%-tilgjengelighetsgaranti med 24 timers varsel.<\/p>\r\n\r\n\r\n\r\n<h2 class=\"wp-block-heading\"><span class=\"ez-toc-section\" id=\"On-Demand_Charter\"><\/span>Charter p\u00e5 foresp\u00f8rsel<span class=\"ez-toc-section-end\"><\/span><\/h2>\r\n\r\n\r\n\r\n<figure class=\"wp-block-image size-full is-style-default\"><img loading=\"lazy\" decoding=\"async\" width=\"1000\" height=\"667\" class=\"wp-image-3137\" src=\"https:\/\/comparemyjet.com\/wp-content\/uploads\/2022\/07\/two.private.jet_.pilots.jpg\" alt=\"Starflight Aviation\" srcset=\"https:\/\/comparemyjet.com\/wp-content\/uploads\/2022\/07\/two.private.jet_.pilots-18x12.jpg 18w, https:\/\/comparemyjet.com\/wp-content\/uploads\/2022\/07\/two.private.jet_.pilots-300x200.jpg 300w, https:\/\/comparemyjet.com\/wp-content\/uploads\/2022\/07\/two.private.jet_.pilots-768x512.jpg 768w, https:\/\/comparemyjet.com\/wp-content\/uploads\/2022\/07\/two.private.jet_.pilots.jpg 1000w\" sizes=\"auto, (max-width: 1000px) 100vw, 1000px\" \/><\/figure>\r\n\r\n\r\n\r\n<p>Starflight Aviation er et av de mest anerkjente charterflyselskapene p\u00e5 markedet, og har v\u00e6rt i bransjen i 30 \u00e5r. Enten du tar en rask helikoptertur eller en langdistanseflyvning i et luksusfly, f\u00e5r du bare den beste servicen, det stiligste interi\u00f8ret og massevis av bekvemmeligheter.\u00a0<\/p>\r\n\r\n\r\n\r\n<p>Selskapet har organisert og gjennomf\u00f8rt internasjonale turneer for noen av historiens mest kjente artister og grupper, fra enmannsband til hele symfoniorkestre. De skiller seg ut fra konkurrentene ved \u00e5 v\u00e6re opptatt av \u00e5 yte f\u00f8rsteklasses service og v\u00e6re n\u00f8ye med detaljene.<\/p>\r\n\r\n\r\n\r\n<p>Starflight Aviations personale tar n\u00f8ye hensyn til dine reisebehov, inkludert kostholdsrestriksjoner og avislesing, f\u00f8r de arrangerer flyreisen.\u00a0<\/p>\r\n\r\n\r\n\r\n<h2 class=\"wp-block-heading\"><span class=\"ez-toc-section\" id=\"Company_Jet_Card_Program\"><\/span>Selskapets Jet Card-program<span class=\"ez-toc-section-end\"><\/span><\/h2>\r\n\r\n\r\n\r\n<p>Kunder som \u00f8nsker en kombinasjon av garantert tilgjengelighet, fullstendig tilpassbare vilk\u00e5r og all-inclusive-priser, vil finne det de leter etter hos Starflight Aviations. <a href=\"https:\/\/flystarflight.com\/#jetcard\" target=\"_blank\" rel=\"noopener\">Jet Card-l\u00f8sning<\/a>.\u00a0<\/p>\r\n\r\n\r\n\r\n<p>Starflight har skapt et av de mest \u00e5pne og praktiske Jet Cards-produktene p\u00e5 markedet ved \u00e5 fjerne kostnadene etter flyvningen og de kontraktsmessige begrensningene som mange konkurrenter har. Programmet er et av de beste forh\u00e5ndsbetalte alternativene p\u00e5 markedet. Det er ingen tidsbegrensninger for bruk av miles, og du sparer penger p\u00e5 tur-retur-reiser og f\u00e5r pengene tilbake-garanti.<\/p>\r\n\r\n\r\n\r\n<p>Engasjementet for deres form\u00e5l vises i den vanlige inkluderingen av sine <a href=\"https:\/\/flystarflight.com\/#carbon-programme\" target=\"_blank\" rel=\"noopener\">Cool Earth Planet Positivt program<\/a>.<\/p>\r\n\r\n\r\n\r\n<h2 class=\"wp-block-heading\"><span class=\"ez-toc-section\" id=\"The_Fleet\"><\/span>Fl\u00e5ten<span class=\"ez-toc-section-end\"><\/span><\/h2>\r\n\r\n\r\n\r\n<p>Starflight Aviation Limited formidler flychartertjenester, noe som betyr at selskapet ikke eier noen egen flyfl\u00e5te. Selskapet samarbeider med et stort nettverk av tredjeparts direkteflyselskaper og internasjonale flyselskaper for \u00e5 finne det beste jetflyet for din reise.<\/p>\r\n\r\n\r\n\r\n<p>Starflight tilbyr alltid f\u00f8rsteklasses service, uansett om passasjerene skal p\u00e5 en rask helikoptertur eller en langdistanseflyvning i et luksusfly, og derfor har alle tredjepartsflyselskapene de n\u00f8dvendige lisensene som kreves i henhold til loven.<\/p>\r\n\r\n\r\n\r\n<h2 class=\"wp-block-heading\"><span class=\"ez-toc-section\" id=\"Starflight_Aviation_Carbon_Program\"><\/span>Starflight Aviation Carbon Program\u00a0<span class=\"ez-toc-section-end\"><\/span><\/h2>\r\n\r\n\r\n\r\n<figure class=\"wp-block-image size-full is-style-default\"><img loading=\"lazy\" decoding=\"async\" width=\"1000\" height=\"644\" class=\"wp-image-2974\" src=\"https:\/\/comparemyjet.com\/wp-content\/uploads\/2022\/06\/plane.in_.the_.sky_.against.polution.jpg\" alt=\"\" srcset=\"https:\/\/comparemyjet.com\/wp-content\/uploads\/2022\/06\/plane.in_.the_.sky_.against.polution-18x12.jpg 18w, https:\/\/comparemyjet.com\/wp-content\/uploads\/2022\/06\/plane.in_.the_.sky_.against.polution-300x193.jpg 300w, https:\/\/comparemyjet.com\/wp-content\/uploads\/2022\/06\/plane.in_.the_.sky_.against.polution-768x495.jpg 768w, https:\/\/comparemyjet.com\/wp-content\/uploads\/2022\/06\/plane.in_.the_.sky_.against.polution.jpg 1000w\" sizes=\"auto, (max-width: 1000px) 100vw, 1000px\" \/><\/figure>\r\n\r\n\r\n\r\n<p>Starlight Aviation har samarbeidet med milj\u00f8aktivister og veldedige organisasjoner over hele verden for \u00e5 kompensere for effekten av karbonutslipp.\u00a0<\/p>\r\n\r\n\r\n\r\n<p>Mens andre private charterselskaper ogs\u00e5 fokuserer p\u00e5 \u00e5 kompensere for karbonavtrykket sitt, tar Starflight Aviation det et skritt videre ved \u00e5 utvide innsatsen for \u00e5 forhindre avskoging, hjelpe lokalbefolkningen og gi kundene flere m\u00e5ter \u00e5 kontrollere milj\u00f8effekten av reisene sine p\u00e5.\u00a0<\/p>\r\n\r\n\r\n\r\n<p>For \u00e5 bidra i kampen mot avskoging og hjelpe urfolkssamfunn som Ash\u00e1ninka-folket i peruansk Amazonas, har Starflight Aviation inng\u00e5tt et samarbeid med den innovative veldedighetsorganisasjonen <a href=\"https:\/\/www.coolearth.org\/\" target=\"_blank\" rel=\"noopener\">Kul jord<\/a> i 2009. Cool Earth og den <a href=\"https:\/\/www.survivalinternational.org\/galleries\/ashaninka\" target=\"_blank\" rel=\"noopener\">Ash\u00e1ninka<\/a> har samarbeidet om \u00e5 bevare nesten 10 000 hektar regnskog i peruansk Amazonas, ettersom regnskogen spiller en avgj\u00f8rende rolle for \u00e5 dempe effektene av klimakrisen.\u00a0<\/p>\r\n\r\n\r\n\r\n<p>Starflight Aviation lanserte sitt nye Planet Positive-program i 2021 i samarbeid med Cool Earth. Programmet har som m\u00e5l \u00e5 skape b\u00e6rekraftige inntektsressurser i Afrika for \u00e5 forbedre folks levek\u00e5r og bidra til \u00e5 bevare skogene i regionen.\u00a0<\/p>\r\n\r\n\r\n\r\n<p>Selskapet har ogs\u00e5 planer om \u00e5 innf\u00f8re et kliman\u00f8ytralt program der kundene kan kompensere for hele karbonutslippet for hver flyreise gjennom et samarbeid med den ideelle organisasjonen MyClimate.<\/p>\r\n\r\n\r\n\r\n<h2 class=\"wp-block-heading\"><span class=\"ez-toc-section\" id=\"Conclusion\"><\/span>Konklusjon<span class=\"ez-toc-section-end\"><\/span><\/h2>\r\n\r\n\r\n\r\n<p>Starflight Aviation ble etablert i 1989 som chartermegler for kjendiser, politikere, musikere og andre offentlige personer. De ansattes fokus p\u00e5 detaljer gj\u00f8r selskapet til en av de beste chartermeglerne i verden.<\/p>\r\n\r\n\r\n\r\n<p>En del av overskuddet fra selskapets Jet Card-program g\u00e5r til selskapets Carbon Responsible-program for \u00e5 bevare regnskogen i peruansk Amazonas. Dette programmet har eksistert siden 2009 og har bidratt til \u00e5 bevare 8 500 hektar skog.<\/p>","protected":false},"excerpt":{"rendered":"<p>Starflite Aviation er et erfarent privat charterselskap som har v\u00e6rt i drift i over 30 \u00e5r. Dette USA-baserte selskapet har en global kundekrets og tilbyr ofte transporttjenester for musikere, kunstnere, politikere og andre VIP-kunder.  La oss se n\u00e6rmere p\u00e5 hva det dreier seg om.  Om selskapet Starflight Aviation er et privateid ...<\/p>","protected":false},"author":2,"featured_media":3483,"parent":0,"menu_order":0,"comment_status":"closed","ping_status":"closed","template":"","meta":{"_acf_changed":false,"_genesis_hide_title":false,"_genesis_hide_breadcrumbs":false,"_genesis_hide_singular_image":false,"_genesis_hide_footer_widgets":false,"_genesis_custom_body_class":"","_genesis_custom_post_class":"","_genesis_layout":"","footnotes":""},"class_list":{"1":"page","2":"type-page","6":"entry"},"acf":[],"_links":{"self":[{"href":"https:\/\/comparemyjet.com\/nb\/wp-json\/wp\/v2\/pages\/3482","targetHints":{"allow":["GET"]}}],"collection":[{"href":"https:\/\/comparemyjet.com\/nb\/wp-json\/wp\/v2\/pages"}],"about":[{"href":"https:\/\/comparemyjet.com\/nb\/wp-json\/wp\/v2\/types\/page"}],"author":[{"embeddable":true,"href":"https:\/\/comparemyjet.com\/nb\/wp-json\/wp\/v2\/users\/2"}],"replies":[{"embeddable":true,"href":"https:\/\/comparemyjet.com\/nb\/wp-json\/wp\/v2\/comments?post=3482"}],"version-history":[{"count":6,"href":"https:\/\/comparemyjet.com\/nb\/wp-json\/wp\/v2\/pages\/3482\/revisions"}],"predecessor-version":[{"id":3513,"href":"https:\/\/comparemyjet.com\/nb\/wp-json\/wp\/v2\/pages\/3482\/revisions\/3513"}],"wp:featuredmedia":[{"embeddable":true,"href":"https:\/\/comparemyjet.com\/nb\/wp-json\/wp\/v2\/media\/3483"}],"wp:attachment":[{"href":"https:\/\/comparemyjet.com\/nb\/wp-json\/wp\/v2\/media?parent=3482"}],"curies":[{"name":"wp","href":"https:\/\/api.w.org\/{rel}","templated":true}]}}