{"id":3507,"date":"2022-10-07T01:01:16","date_gmt":"2022-10-07T01:01:16","guid":{"rendered":"https:\/\/comparemyjet.com\/?page_id=3507"},"modified":"2025-09-04T10:00:52","modified_gmt":"2025-09-04T10:00:52","slug":"straightline-private-air","status":"publish","type":"page","link":"https:\/\/comparemyjet.com\/nb\/straightline-private-air\/","title":{"rendered":"StraightLine Private Air Flypriser"},"content":{"rendered":"<p>StraightLine Private Air er et chartermeglerselskap som hjelper kundene med \u00e5 finne det mest passende privatflyet for reisen. Charterselskapet samarbeider med private jetflyeiere og tredjepartsoperat\u00f8rer over hele USA, noe som gj\u00f8r det mulig for dem \u00e5 bruke en dynamisk prisstrategi for \u00e5 hjelpe kundene sine med \u00e5 nyte kostnadseffektive luksusreiser.&nbsp;<\/p>\r\n\r\n\r\n\r\n<p>La oss se hva de handler om.<\/p>\r\n\r\n\r\n\r\n<div id=\"ez-toc-container\" class=\"ez-toc-v2_0_76 counter-hierarchy ez-toc-counter ez-toc-grey ez-toc-container-direction\">\n<p class=\"ez-toc-title\" style=\"cursor:inherit\">Temaer<\/p>\n<label for=\"ez-toc-cssicon-toggle-item-69e9d2903985a\" class=\"ez-toc-cssicon-toggle-label\"><span class=\"\"><span class=\"eztoc-hide\" style=\"display:none;\">Toggle<\/span><span class=\"ez-toc-icon-toggle-span\"><svg style=\"fill: #999;color:#999\" xmlns=\"http:\/\/www.w3.org\/2000\/svg\" class=\"list-377408\" width=\"20px\" height=\"20px\" viewbox=\"0 0 24 24\" fill=\"none\"><path d=\"M6 6H4v2h2V6zm14 0H8v2h12V6zM4 11h2v2H4v-2zm16 0H8v2h12v-2zM4 16h2v2H4v-2zm16 0H8v2h12v-2z\" fill=\"currentColor\"><\/path><\/svg><svg style=\"fill: #999;color:#999\" class=\"arrow-unsorted-368013\" xmlns=\"http:\/\/www.w3.org\/2000\/svg\" width=\"10px\" height=\"10px\" viewbox=\"0 0 24 24\" version=\"1.2\" baseprofile=\"tiny\"><path d=\"M18.2 9.3l-6.2-6.3-6.2 6.3c-.2.2-.3.4-.3.7s.1.5.3.7c.2.2.4.3.7.3h11c.3 0 .5-.1.7-.3.2-.2.3-.5.3-.7s-.1-.5-.3-.7zM5.8 14.7l6.2 6.3 6.2-6.3c.2-.2.3-.5.3-.7s-.1-.5-.3-.7c-.2-.2-.4-.3-.7-.3h-11c-.3 0-.5.1-.7.3-.2.2-.3.5-.3.7s.1.5.3.7z\"\/><\/svg><\/span><\/span><\/label><input type=\"checkbox\"  id=\"ez-toc-cssicon-toggle-item-69e9d2903985a\" checked aria-label=\"Toggle\" \/><nav><ul class='ez-toc-list ez-toc-list-level-1' ><li class='ez-toc-page-1 ez-toc-heading-level-2'><a class=\"ez-toc-link ez-toc-heading-1\" href=\"https:\/\/comparemyjet.com\/nb\/straightline-private-air\/#About_the_Company\" >Om selskapet<\/a><\/li><li class='ez-toc-page-1 ez-toc-heading-level-2'><a class=\"ez-toc-link ez-toc-heading-2\" href=\"https:\/\/comparemyjet.com\/nb\/straightline-private-air\/#Membership_Programs\" >Medlemskapsprogrammer<\/a><\/li><li class='ez-toc-page-1 ez-toc-heading-level-2'><a class=\"ez-toc-link ez-toc-heading-3\" href=\"https:\/\/comparemyjet.com\/nb\/straightline-private-air\/#Company_Jet_Card_Programs\" >Selskapets Jet Card-programmer<\/a><ul class='ez-toc-list-level-3' ><li class='ez-toc-heading-level-3'><a class=\"ez-toc-link ez-toc-heading-4\" href=\"https:\/\/comparemyjet.com\/nb\/straightline-private-air\/#1_StraightLines_Silver_Jet_Card\" >1. StraightLines Silver Jet-kort<\/a><\/li><li class='ez-toc-page-1 ez-toc-heading-level-3'><a class=\"ez-toc-link ez-toc-heading-5\" href=\"https:\/\/comparemyjet.com\/nb\/straightline-private-air\/#2_StraightLines_Platinum_Card\" >2. StraightLines Platinum-kort<\/a><\/li><li class='ez-toc-page-1 ez-toc-heading-level-3'><a class=\"ez-toc-link ez-toc-heading-6\" href=\"https:\/\/comparemyjet.com\/nb\/straightline-private-air\/#3_StraightLines_Black_Card\" >3. StraightLines svarte kort<\/a><\/li><\/ul><\/li><li class='ez-toc-page-1 ez-toc-heading-level-2'><a class=\"ez-toc-link ez-toc-heading-7\" href=\"https:\/\/comparemyjet.com\/nb\/straightline-private-air\/#The_Fleet\" >Fl\u00e5ten&nbsp;<\/a><ul class='ez-toc-list-level-3' ><li class='ez-toc-heading-level-3'><a class=\"ez-toc-link ez-toc-heading-8\" href=\"https:\/\/comparemyjet.com\/nb\/straightline-private-air\/#1_Piston_Propellers\" >1. Stempelpropeller&nbsp;<\/a><ul class='ez-toc-list-level-4' ><li class='ez-toc-heading-level-4'><a class=\"ez-toc-link ez-toc-heading-9\" href=\"https:\/\/comparemyjet.com\/nb\/straightline-private-air\/#Piston_Propellers_Specifications\" >Spesifikasjoner for stempelpropeller<\/a><\/li><\/ul><\/li><li class='ez-toc-page-1 ez-toc-heading-level-3'><a class=\"ez-toc-link ez-toc-heading-10\" href=\"https:\/\/comparemyjet.com\/nb\/straightline-private-air\/#2_Turboprops\" >2. Turbopropmotorer<\/a><ul class='ez-toc-list-level-4' ><li class='ez-toc-heading-level-4'><a class=\"ez-toc-link ez-toc-heading-11\" href=\"https:\/\/comparemyjet.com\/nb\/straightline-private-air\/#Turboprops_Specifications\" >Spesifikasjoner for turboprops<\/a><\/li><\/ul><\/li><li class='ez-toc-page-1 ez-toc-heading-level-3'><a class=\"ez-toc-link ez-toc-heading-12\" href=\"https:\/\/comparemyjet.com\/nb\/straightline-private-air\/#3_Very_Light_and_Light_Private_Jets\" >3. Sv\u00e6rt lette og lette private jetfly<\/a><ul class='ez-toc-list-level-4' ><li class='ez-toc-heading-level-4'><a class=\"ez-toc-link ez-toc-heading-13\" href=\"https:\/\/comparemyjet.com\/nb\/straightline-private-air\/#Light_and_Very_Light_Jets_Specifications\" >Spesifikasjoner for lette og sv\u00e6rt lette jetfly<\/a><\/li><\/ul><\/li><li class='ez-toc-page-1 ez-toc-heading-level-3'><a class=\"ez-toc-link ez-toc-heading-14\" href=\"https:\/\/comparemyjet.com\/nb\/straightline-private-air\/#4_Midsize_and_Super-Midsize_Private_Jets\" >4. Mellomstore og supermellomstore private jetfly&nbsp;<\/a><ul class='ez-toc-list-level-4' ><li class='ez-toc-heading-level-4'><a class=\"ez-toc-link ez-toc-heading-15\" href=\"https:\/\/comparemyjet.com\/nb\/straightline-private-air\/#Midsize_and_Super-Midsize_Jets_Specifications\" >Spesifikasjoner for mellomstore og supermellomstore jetfly<\/a><\/li><\/ul><\/li><li class='ez-toc-page-1 ez-toc-heading-level-3'><a class=\"ez-toc-link ez-toc-heading-16\" href=\"https:\/\/comparemyjet.com\/nb\/straightline-private-air\/#5_Large_Private_Jets\" >5. Store privatfly<\/a><ul class='ez-toc-list-level-4' ><li class='ez-toc-heading-level-4'><a class=\"ez-toc-link ez-toc-heading-17\" href=\"https:\/\/comparemyjet.com\/nb\/straightline-private-air\/#Large_Jets_Specifications\" >Spesifikasjoner for store jetfly<\/a><\/li><\/ul><\/li><\/ul><\/li><li class='ez-toc-page-1 ez-toc-heading-level-2'><a class=\"ez-toc-link ez-toc-heading-18\" href=\"https:\/\/comparemyjet.com\/nb\/straightline-private-air\/#Company_Safety_Policy_and_Standards\" >Selskapets sikkerhetspolicy og -standarder<\/a><\/li><li class='ez-toc-page-1 ez-toc-heading-level-2'><a class=\"ez-toc-link ez-toc-heading-19\" href=\"https:\/\/comparemyjet.com\/nb\/straightline-private-air\/#Conclusion\" >Konklusjon<\/a><\/li><\/ul><\/nav><\/div>\n<h2 class=\"wp-block-heading\"><span class=\"ez-toc-section\" id=\"About_the_Company\"><\/span>Om selskapet<span class=\"ez-toc-section-end\"><\/span><\/h2>\r\n\r\n\r\n\r\n<p>StraightLine, som er en innovativ ny akt\u00f8r p\u00e5 jetkortmarkedet, ble etablert i 2016 av Tom Filippini, en av grunnleggerne av Exclusive Resorts.&nbsp;<\/p>\r\n\r\n\r\n\r\n<p>Selskaper som henvender seg til de ultrarike, er kjent for sine dyre tiln\u00e6rminger (som \u00e5 sende fruktkurver). De lager personaspesifikke destinasjonssider som snakker direkte til denne m\u00e5lgruppen ved \u00e5 im\u00f8tekomme deres unike krav. StraightLine Private Air retter seg mot disse menneskene p\u00e5 nettet basert p\u00e5 deres interesser og konverterer dem til potensielle kunder til en br\u00f8kdel av kostnadene ved tradisjonelle taktikker.<\/p>\r\n\r\n\r\n\r\n<p>StraightLine Private Airs hovedkontor ligger i <a href=\"https:\/\/comparemyjet.com\/nb\/private-tours\/denver-private-tours\/\" data-internallinksmanager029f6b8e52c=\"410\" title=\"11 beste private turer i Denver fra $49.00\">Denver<\/a>Colorado. Det private jetflyselskapet tilbyr tjenester over hele USA og benytter en dynamisk prisstrategi basert p\u00e5 stadig skiftende markedsforhold.<\/p>\r\n\r\n\r\n\r\n<h2 class=\"wp-block-heading\"><span class=\"ez-toc-section\" id=\"Membership_Programs\"><\/span>Medlemskapsprogrammer<span class=\"ez-toc-section-end\"><\/span><\/h2>\r\n\r\n\r\n\r\n<p>For \u00e5 bli medlem m\u00e5 kundene betale en avgift p\u00e5 $100 000, $200 000 eller $300 000. Det er ingen skjulte kostnader eller andre avgifter; hele bel\u00f8pet som medlemmene investerer, g\u00e5r til flybilletten. Medlemmene kan selv velge hvilket fly de vil bruke p\u00e5 hver tur, og betale for hver enkelt flyreise.&nbsp;<\/p>\r\n\r\n\r\n\r\n<p>StraightLine Private Air streber etter \u00e5 finne den laveste prisen for hver flyvning. I stedet for \u00e5 betale et fast bel\u00f8p som kanskje ikke dekker alle kostnadene, betaler medlemmene bare for de flyvningene de tar.<\/p>\r\n\r\n\r\n\r\n<p>Reiseprisene avhenger av en rekke faktorer, blant annet flyets timepris, flyplassavgifter, avgifter for frakth\u00e5ndtering og l\u00f8nn til piloter og flyvertinner. En av de viktigste faktorene i totalkostnaden er flyets driftskostnader per flytime. Alle skatter og avgifter er inkludert i StraightLine Private Flights' priser.<\/p>\r\n\r\n\r\n\r\n<p>StraightLine Private Air vil belaste medlemmenes kontoer per tur, og medlemmene kan n\u00e5r som helst legge til penger.<\/p>\r\n\r\n\r\n\r\n<h2 class=\"wp-block-heading\"><span class=\"ez-toc-section\" id=\"Company_Jet_Card_Programs\"><\/span>Selskapets Jet Card-programmer<span class=\"ez-toc-section-end\"><\/span><\/h2>\r\n\r\n\r\n\r\n<p>Det er tre typer jetkort tilgjengelig av StraightLine Private Air. La oss se hva de handler om.<\/p>\r\n\r\n\r\n\r\n<h3 class=\"wp-block-heading\"><span class=\"ez-toc-section\" id=\"1_StraightLines_Silver_Jet_Card\"><\/span>1. StraightLines Silver Jet-kort<span class=\"ez-toc-section-end\"><\/span><\/h3>\r\n\r\n\r\n\r\n<p>Innmeldingsavgiften for Silver Jet Card er den laveste av de tre og ligger p\u00e5 $100 000. Medlemmene f\u00e5r en egen flyambassad\u00f8r og full tilgang til alle flykategorier. Det er ingen sperredatoer og ingen rushtidstillegg. Kortet er gyldig i 18 m\u00e5neder.<\/p>\r\n\r\n\r\n\r\n<h3 class=\"wp-block-heading\"><span class=\"ez-toc-section\" id=\"2_StraightLines_Platinum_Card\"><\/span>2. StraightLines Platinum-kort<span class=\"ez-toc-section-end\"><\/span><\/h3>\r\n\r\n\r\n\r\n<p>Platinum-kortet koster $200 000 og er ideelt for familier med mer fleksible reiseruter. Medlemmer og deres n\u00e6rmeste familiemedlemmer f\u00e5r alle fordelene med Silver Jet Card, og \u00e9n annen hovedpassasjer kan ogs\u00e5 bruke jetkortet. Det er ingen utl\u00f8psdato og ingen refusjon.<\/p>\r\n\r\n\r\n\r\n<h3 class=\"wp-block-heading\"><span class=\"ez-toc-section\" id=\"3_StraightLines_Black_Card\"><\/span>3. StraightLines svarte kort<span class=\"ez-toc-section-end\"><\/span><\/h3>\r\n\r\n\r\n\r\n<p>Black Card koster $300 000 og er det mest popul\u00e6re valget blant kundene. Medlemmer f\u00e5r alle fordelene med Platinum Jet Card og kan oppgi fem alternative hovedpassasjerer som kan bruke jetkortet. Det er ingen utl\u00f8psdato.<\/p>\r\n\r\n\r\n\r\n<h2 class=\"wp-block-heading\"><span class=\"ez-toc-section\" id=\"The_Fleet\"><\/span>Fl\u00e5ten&nbsp;<span class=\"ez-toc-section-end\"><\/span><\/h2>\r\n\r\n\r\n\r\n<figure class=\"wp-block-image size-full is-style-default\"><img loading=\"lazy\" decoding=\"async\" width=\"1000\" height=\"667\" src=\"https:\/\/comparemyjet.com\/wp-content\/uploads\/2022\/10\/plane.leaving.a.trace_.in_.the_.clouds-2.jpg\" alt=\"StraightLine Private Air\" class=\"wp-image-3509\" srcset=\"https:\/\/comparemyjet.com\/wp-content\/uploads\/2022\/10\/plane.leaving.a.trace_.in_.the_.clouds-2-18x12.jpg 18w, https:\/\/comparemyjet.com\/wp-content\/uploads\/2022\/10\/plane.leaving.a.trace_.in_.the_.clouds-2-300x200.jpg 300w, https:\/\/comparemyjet.com\/wp-content\/uploads\/2022\/10\/plane.leaving.a.trace_.in_.the_.clouds-2-768x512.jpg 768w, https:\/\/comparemyjet.com\/wp-content\/uploads\/2022\/10\/plane.leaving.a.trace_.in_.the_.clouds-2.jpg 1000w\" sizes=\"auto, (max-width: 1000px) 100vw, 1000px\" \/><\/figure>\r\n\r\n\r\n\r\n<p>StraightLine eier ikke en fl\u00e5te og f\u00e5r flyet fra tredjeparts private jetoperat\u00f8rer. StraightLine samarbeider med private jetflyeiere over hele USA og leier jetfly for \u00e5 gi kundene praktisk og kostnadseffektiv service.<\/p>\r\n\r\n\r\n\r\n<h3 class=\"wp-block-heading\"><span class=\"ez-toc-section\" id=\"1_Piston_Propellers\"><\/span>1. Stempelpropeller&nbsp;<span class=\"ez-toc-section-end\"><\/span><\/h3>\r\n\r\n\r\n\r\n<p>Passasjerer kan fly med moderne stempelpropeller for \u00e5 spare penger uten at det g\u00e5r p\u00e5 bekostning av komforten. Et stempelpropellfly er et utmerket valg for raske reiser, enten du reiser alene eller med en liten gruppe. Stempelfly kan ta av og lande p\u00e5 nesten hvilken som helst flyplass.<\/p>\r\n\r\n\r\n\r\n<h4 class=\"wp-block-heading\"><span class=\"ez-toc-section\" id=\"Piston_Propellers_Specifications\"><\/span>Spesifikasjoner for stempelpropeller<span class=\"ez-toc-section-end\"><\/span><\/h4>\r\n\r\n\r\n\r\n<p>Stempelpropeller har plass til opptil fire passasjerer. De har en maksimal rekkevidde p\u00e5 500 miles og en marsjfart p\u00e5 250 mph. Den gjennomsnittlige timeprisen for StraightLine Private Air-medlemmer varierer fra $950 til $1,950.<\/p>\r\n\r\n\r\n\r\n<h3 class=\"wp-block-heading\"><span class=\"ez-toc-section\" id=\"2_Turboprops\"><\/span>2. Turbopropmotorer<span class=\"ez-toc-section-end\"><\/span><\/h3>\r\n\r\n\r\n\r\n<p>Passasjerer kan fly korte og mellomlange distanser med turbopropfly. Disse kostnadseffektive flyene er perfekte for ulike reiser, siden de kan gi tilgang til mindre flyplasser som st\u00f8rre fly ikke kan benytte.<\/p>\r\n\r\n\r\n\r\n<h4 class=\"wp-block-heading\"><span class=\"ez-toc-section\" id=\"Turboprops_Specifications\"><\/span>Spesifikasjoner for turboprops<span class=\"ez-toc-section-end\"><\/span><\/h4>\r\n\r\n\r\n\r\n<p>Turboprops har plass til opptil \u00e5tte passasjerer. De har en maksimal rekkevidde p\u00e5 1 250 miles og en marsjfart p\u00e5 350 mph. Gjennomsnittlig timepris for StraightLine Private Air-medlemmer varierer fra $3,450 til $4,950.<\/p>\r\n\r\n\r\n\r\n<h3 class=\"wp-block-heading\"><span class=\"ez-toc-section\" id=\"3_Very_Light_and_Light_Private_Jets\"><\/span>3. Sv\u00e6rt lette og lette private jetfly<span class=\"ez-toc-section-end\"><\/span><\/h3>\r\n\r\n\r\n\r\n<p>Sv\u00e6rt lette jetfly er et popul\u00e6rt valg for passasjerer som flyr korte og mellomlange distanser. Lette jetfly velges ofte for reiser som varer mellom tre og fire timer, og de kan tilbakelegge 1 500 miles uten \u00e5 ta en pit-pause.&nbsp;<\/p>\r\n\r\n\r\n\r\n<h4 class=\"wp-block-heading\"><span class=\"ez-toc-section\" id=\"Light_and_Very_Light_Jets_Specifications\"><\/span>Spesifikasjoner for lette og sv\u00e6rt lette jetfly<span class=\"ez-toc-section-end\"><\/span><\/h4>\r\n\r\n\r\n\r\n<p>De sv\u00e6rt lette jetflyene har plass til fire til fem passasjerer og flyr med en maksimal marsjhastighet p\u00e5 450 mph og en maksimal rekkevidde p\u00e5 750 miles. Den gjennomsnittlige timeprisen for StraightLine Private Air-medlemmer varierer fra $3,950 til $5,250.<\/p>\r\n\r\n\r\n\r\n<p>De lette jetflyene har plass til opptil \u00e5tte passasjerer og flyr med en maksimal marsjfart p\u00e5 500 mph og en maksimal rekkevidde p\u00e5 1 500 miles. Gjennomsnittlig timepris for StraightLine Private Air-medlemmer varierer fra $4,250 til $5,950.<\/p>\r\n\r\n\r\n\r\n<h3 class=\"wp-block-heading\"><span class=\"ez-toc-section\" id=\"4_Midsize_and_Super-Midsize_Private_Jets\"><\/span>4. Mellomstore og supermellomstore private jetfly&nbsp;<span class=\"ez-toc-section-end\"><\/span><\/h3>\r\n\r\n\r\n\r\n<p>De mellomstore jetflyene har lengre rekkevidde og en romsligere kabin enn de lette jetflyene. Disse flyene har vanligvis romslige divaner for passasjerkomfort og utvidede bysse- og toalettfasiliteter.<\/p>\r\n\r\n\r\n\r\n<p>Super-mellomstore jetfly har lengre rekkevidde enn mellomstore jetfly og romsligere kabiner. Disse flyene er et kostnadseffektivt og drivstoffeffektivt alternativ til store jetfly, siden de kan fly over lange avstander.&nbsp;<\/p>\r\n\r\n\r\n\r\n<h4 class=\"wp-block-heading\"><span class=\"ez-toc-section\" id=\"Midsize_and_Super-Midsize_Jets_Specifications\"><\/span>Spesifikasjoner for mellomstore og supermellomstore jetfly<span class=\"ez-toc-section-end\"><\/span><\/h4>\r\n\r\n\r\n\r\n<p>De mellomstore jetflyene har plass til opptil ti passasjerer og flyr med en maksimal marsjfart p\u00e5 550 mph og en maksimal rekkevidde p\u00e5 3000 miles. Gjennomsnittlig timepris for StraightLine Private Air-medlemmer varierer fra $5,950 til $7,450.<\/p>\r\n\r\n\r\n\r\n<p>De mellomstore jetflyene har plass til opptil 12 passasjerer og flyr med en maksimal marsjfart p\u00e5 600 mph og en maksimal rekkevidde p\u00e5 4 500 miles. Gjennomsnittlig timepris for StraightLine Private Air-medlemmer varierer fra $6,250 til $8,950.<\/p>\r\n\r\n\r\n\r\n<h3 class=\"wp-block-heading\"><span class=\"ez-toc-section\" id=\"5_Large_Private_Jets\"><\/span>5. Store privatfly<span class=\"ez-toc-section-end\"><\/span><\/h3>\r\n\r\n\r\n\r\n<p>Store privatfly, s\u00e5kalte heavy jets, kjennetegnes av sin enorme st\u00f8rrelse og h\u00f8ye komfort. Fasilitetene i denne klassen er n\u00e6rmest ubegrensede, og flyets rekkevidde tillater mer enn 12 timers nonstop-flyging.&nbsp;<\/p>\r\n\r\n\r\n\r\n<p>Flyene er utstyrt med Wi-Fi og underholdningssystemer, og innredningen kan konfigureres for forretningsm\u00f8ter eller underholdning.<\/p>\r\n\r\n\r\n\r\n<h4 class=\"wp-block-heading\"><span class=\"ez-toc-section\" id=\"Large_Jets_Specifications\"><\/span>Spesifikasjoner for store jetfly<span class=\"ez-toc-section-end\"><\/span><\/h4>\r\n\r\n\r\n\r\n<p>Store jetfly har plass til opptil 16 passasjerer og flyr med en maksimal marsjfart p\u00e5 650 mph og en maksimal rekkevidde p\u00e5 6,500 miles. Gjennomsnittlig timepris for StraightLine Private Air-medlemmer varierer fra $7,950 til $12,950.<\/p>\r\n\r\n\r\n\r\n<h2 class=\"wp-block-heading\"><span class=\"ez-toc-section\" id=\"Company_Safety_Policy_and_Standards\"><\/span>Selskapets sikkerhetspolicy og -standarder<span class=\"ez-toc-section-end\"><\/span><\/h2>\r\n\r\n\r\n\r\n<figure class=\"wp-block-image size-full is-style-default\"><img loading=\"lazy\" decoding=\"async\" width=\"1000\" height=\"442\" src=\"https:\/\/comparemyjet.com\/wp-content\/uploads\/2022\/09\/little.plane_.in_.the_.hand_.of_.a.businessman.jpg\" alt=\"\" class=\"wp-image-3335\" srcset=\"https:\/\/comparemyjet.com\/wp-content\/uploads\/2022\/09\/little.plane_.in_.the_.hand_.of_.a.businessman-18x8.jpg 18w, https:\/\/comparemyjet.com\/wp-content\/uploads\/2022\/09\/little.plane_.in_.the_.hand_.of_.a.businessman-300x133.jpg 300w, https:\/\/comparemyjet.com\/wp-content\/uploads\/2022\/09\/little.plane_.in_.the_.hand_.of_.a.businessman-768x339.jpg 768w, https:\/\/comparemyjet.com\/wp-content\/uploads\/2022\/09\/little.plane_.in_.the_.hand_.of_.a.businessman.jpg 1000w\" sizes=\"auto, (max-width: 1000px) 100vw, 1000px\" \/><\/figure>\r\n\r\n\r\n\r\n<p>StraightLine oppfyller <a href=\"https:\/\/www.faa.gov\/\" target=\"_blank\" rel=\"noopener\">FAA<\/a>'s standarder for charteroperasjoner. Selskapet bruker kun fly som er godkjent av FAA, fra FAR (Federal Aviation Regulations) Part 135 Charter Operators.&nbsp;<\/p>\r\n\r\n\r\n\r\n<p>Flyvningene gjennomf\u00f8res under operativt ansvar av charteroperat\u00f8ren StraightLine Private Air, som ansetter piloter, tar seg av vedlikehold og opererer flyene.&nbsp;<\/p>\r\n\r\n\r\n\r\n<p>StraightLine samarbeider tett med de beste charterselskapene i bransjen og bruker bare fly som har best\u00e5tt inspeksjoner av enten <a href=\"https:\/\/www.wyvernltd.com\/\" target=\"_blank\" rel=\"noopener\">Wyvern <\/a>eller <a href=\"https:\/\/www.argus.aero\/\" target=\"_blank\" rel=\"noopener\">ARGUS<\/a> for \u00e5 garantere passasjerenes sikkerhet.&nbsp;<\/p>\r\n\r\n\r\n\r\n<h2 class=\"wp-block-heading\"><span class=\"ez-toc-section\" id=\"Conclusion\"><\/span>Konklusjon<span class=\"ez-toc-section-end\"><\/span><\/h2>\r\n\r\n\r\n\r\n<p>StraightLine Private Air ble etablert i 2016 og arrangerer flyvninger for kunder med fly fra tredjeparts charteroperat\u00f8rer. Kundene kan n\u00e5r som helst leie et bredt spekter av fly, fra propellfly til tunge jetfly.&nbsp;<\/p>\r\n\r\n\r\n\r\n<p>Medlemmer av det innskuddsbaserte StraightLine Private Air-programmet kan velge den flytypen som best oppfyller deres behov for hver tur. Programmet er ideelt for de som flyr ofte og har tenkt \u00e5 bruke flere flytyper.&nbsp;<\/p>","protected":false},"excerpt":{"rendered":"<p>StraightLine Private Air er et chartermeglerselskap som hjelper kundene med \u00e5 finne det mest passende privatflyet for reisen. Chartertjenesten har partnerskap med private jetflyeiere og tredjepartsoperat\u00f8rer over hele USA, noe som gj\u00f8r det mulig for dem \u00e5 bruke en dynamisk prisstrategi for \u00e5 hjelpe kundene sine med \u00e5 nyte kostnadseffektive luksusreiser.  La oss se hva ...<\/p>","protected":false},"author":2,"featured_media":3508,"parent":0,"menu_order":0,"comment_status":"closed","ping_status":"closed","template":"","meta":{"_acf_changed":false,"_genesis_hide_title":false,"_genesis_hide_breadcrumbs":false,"_genesis_hide_singular_image":false,"_genesis_hide_footer_widgets":false,"_genesis_custom_body_class":"","_genesis_custom_post_class":"","_genesis_layout":"","footnotes":""},"class_list":{"1":"page","2":"type-page","6":"entry"},"acf":[],"_links":{"self":[{"href":"https:\/\/comparemyjet.com\/nb\/wp-json\/wp\/v2\/pages\/3507","targetHints":{"allow":["GET"]}}],"collection":[{"href":"https:\/\/comparemyjet.com\/nb\/wp-json\/wp\/v2\/pages"}],"about":[{"href":"https:\/\/comparemyjet.com\/nb\/wp-json\/wp\/v2\/types\/page"}],"author":[{"embeddable":true,"href":"https:\/\/comparemyjet.com\/nb\/wp-json\/wp\/v2\/users\/2"}],"replies":[{"embeddable":true,"href":"https:\/\/comparemyjet.com\/nb\/wp-json\/wp\/v2\/comments?post=3507"}],"version-history":[{"count":2,"href":"https:\/\/comparemyjet.com\/nb\/wp-json\/wp\/v2\/pages\/3507\/revisions"}],"predecessor-version":[{"id":3552,"href":"https:\/\/comparemyjet.com\/nb\/wp-json\/wp\/v2\/pages\/3507\/revisions\/3552"}],"wp:featuredmedia":[{"embeddable":true,"href":"https:\/\/comparemyjet.com\/nb\/wp-json\/wp\/v2\/media\/3508"}],"wp:attachment":[{"href":"https:\/\/comparemyjet.com\/nb\/wp-json\/wp\/v2\/media?parent=3507"}],"curies":[{"name":"wp","href":"https:\/\/api.w.org\/{rel}","templated":true}]}}