{"id":3559,"date":"2022-10-15T01:08:04","date_gmt":"2022-10-15T01:08:04","guid":{"rendered":"https:\/\/comparemyjet.com\/?page_id=3559"},"modified":"2025-09-04T10:03:18","modified_gmt":"2025-09-04T10:03:18","slug":"verijet","status":"publish","type":"page","link":"https:\/\/comparemyjet.com\/nb\/verijet\/","title":{"rendered":"VeriJet flypriser"},"content":{"rendered":"<p>Verijet er et innovativt flyselskap som skiller seg fra andre flyselskaper. <a href=\"https:\/\/comparemyjet.com\/nb\/how-do-you-rent-or-charter-a-private-jet\/\" data-internallinksmanager029f6b8e52c=\"15\" title=\"Hvordan leier eller chartrer du et privatfly?\">charter av privatfly<\/a> leverand\u00f8rer etter en rekke kriterier, hvorav de fleste kan spores tilbake til selskapets fl\u00e5te av Cirrus SF-50 Vision Jets. Selskapet ble grunnlagt i 2020, og hovedkontoret ligger i Vero Beach i Florida.<\/p>\r\n\r\n\r\n\r\n<p>For \u00e5 gj\u00f8re flyvningene rimeligere har Verijet utviklet en optimaliseringsmotor og lansert sin egen fl\u00e5te av G2+ Vision Jets, som er kraftigere og bedre rustet til \u00e5 takle utfordrende rullebaner og lengre avstander. Disse jetflyene har eksepsjonelle sikkerhetsvurderinger og utf\u00f8rer 100% karbonn\u00f8ytrale flyvninger.&nbsp;<\/p>\r\n\r\n\r\n\r\n<p>Etter en vellykket start i den s\u00f8r\u00f8stlige delen av USA vil Verijet n\u00e5 gj\u00f8re raske, billige privatflyvninger tilgjengelig over hele USA.<\/p>\r\n\r\n\r\n\r\n<div id=\"ez-toc-container\" class=\"ez-toc-v2_0_76 counter-hierarchy ez-toc-counter ez-toc-grey ez-toc-container-direction\">\n<p class=\"ez-toc-title\" style=\"cursor:inherit\">Temaer<\/p>\n<label for=\"ez-toc-cssicon-toggle-item-69f455ca00f54\" class=\"ez-toc-cssicon-toggle-label\"><span class=\"\"><span class=\"eztoc-hide\" style=\"display:none;\">Toggle<\/span><span class=\"ez-toc-icon-toggle-span\"><svg style=\"fill: #999;color:#999\" xmlns=\"http:\/\/www.w3.org\/2000\/svg\" class=\"list-377408\" width=\"20px\" height=\"20px\" viewbox=\"0 0 24 24\" fill=\"none\"><path d=\"M6 6H4v2h2V6zm14 0H8v2h12V6zM4 11h2v2H4v-2zm16 0H8v2h12v-2zM4 16h2v2H4v-2zm16 0H8v2h12v-2z\" fill=\"currentColor\"><\/path><\/svg><svg style=\"fill: #999;color:#999\" class=\"arrow-unsorted-368013\" xmlns=\"http:\/\/www.w3.org\/2000\/svg\" width=\"10px\" height=\"10px\" viewbox=\"0 0 24 24\" version=\"1.2\" baseprofile=\"tiny\"><path d=\"M18.2 9.3l-6.2-6.3-6.2 6.3c-.2.2-.3.4-.3.7s.1.5.3.7c.2.2.4.3.7.3h11c.3 0 .5-.1.7-.3.2-.2.3-.5.3-.7s-.1-.5-.3-.7zM5.8 14.7l6.2 6.3 6.2-6.3c.2-.2.3-.5.3-.7s-.1-.5-.3-.7c-.2-.2-.4-.3-.7-.3h-11c-.3 0-.5.1-.7.3-.2.2-.3.5-.3.7s.1.5.3.7z\"\/><\/svg><\/span><\/span><\/label><input type=\"checkbox\"  id=\"ez-toc-cssicon-toggle-item-69f455ca00f54\" checked aria-label=\"Toggle\" \/><nav><ul class='ez-toc-list ez-toc-list-level-1' ><li class='ez-toc-page-1 ez-toc-heading-level-2'><a class=\"ez-toc-link ez-toc-heading-1\" href=\"https:\/\/comparemyjet.com\/nb\/verijet\/#About_the_Company\" >Om selskapet<\/a><ul class='ez-toc-list-level-3' ><li class='ez-toc-heading-level-3'><a class=\"ez-toc-link ez-toc-heading-2\" href=\"https:\/\/comparemyjet.com\/nb\/verijet\/#The_G2_Vision_Jets_Fleet\" >G2+ Vision Jets-fl\u00e5ten<\/a><\/li><\/ul><\/li><li class='ez-toc-page-1 ez-toc-heading-level-2'><a class=\"ez-toc-link ez-toc-heading-3\" href=\"https:\/\/comparemyjet.com\/nb\/verijet\/#Pricing\" >Priser<\/a><\/li><li class='ez-toc-page-1 ez-toc-heading-level-2'><a class=\"ez-toc-link ez-toc-heading-4\" href=\"https:\/\/comparemyjet.com\/nb\/verijet\/#Company_Jet_Card_Programs\" >Selskapets Jet Card-programmer<\/a><ul class='ez-toc-list-level-3' ><li class='ez-toc-heading-level-3'><a class=\"ez-toc-link ez-toc-heading-5\" href=\"https:\/\/comparemyjet.com\/nb\/verijet\/#25_Hour_JetCard\" >25 timers JetCard<\/a><\/li><li class='ez-toc-page-1 ez-toc-heading-level-3'><a class=\"ez-toc-link ez-toc-heading-6\" href=\"https:\/\/comparemyjet.com\/nb\/verijet\/#50_Hour_JetCard\" >50 timers JetCard<\/a><\/li><li class='ez-toc-page-1 ez-toc-heading-level-3'><a class=\"ez-toc-link ez-toc-heading-7\" href=\"https:\/\/comparemyjet.com\/nb\/verijet\/#100_Hour_JetCard\" >100 timers JetCard<\/a><\/li><\/ul><\/li><li class='ez-toc-page-1 ez-toc-heading-level-2'><a class=\"ez-toc-link ez-toc-heading-8\" href=\"https:\/\/comparemyjet.com\/nb\/verijet\/#The_Fleet\" >Fl\u00e5ten&nbsp;<\/a><ul class='ez-toc-list-level-4' ><li class='ez-toc-heading-level-4'><ul class='ez-toc-list-level-4' ><li class='ez-toc-heading-level-4'><a class=\"ez-toc-link ez-toc-heading-9\" href=\"https:\/\/comparemyjet.com\/nb\/verijet\/#Characteristics_of_The_Cirrus_SF-50_Vision_Jet\" >Kjennetegn ved Cirrus SF-50 Vision Jet<\/a><\/li><\/ul><\/li><\/ul><\/li><li class='ez-toc-page-1 ez-toc-heading-level-2'><a class=\"ez-toc-link ez-toc-heading-10\" href=\"https:\/\/comparemyjet.com\/nb\/verijet\/#Company_Safety_Policy_and_Standards\" >Selskapets sikkerhetspolicy og -standarder<\/a><\/li><li class='ez-toc-page-1 ez-toc-heading-level-2'><a class=\"ez-toc-link ez-toc-heading-11\" href=\"https:\/\/comparemyjet.com\/nb\/verijet\/#Pilots\" >Piloter<\/a><\/li><li class='ez-toc-page-1 ez-toc-heading-level-2'><a class=\"ez-toc-link ez-toc-heading-12\" href=\"https:\/\/comparemyjet.com\/nb\/verijet\/#Partnerships\" >Partnerskap<\/a><\/li><li class='ez-toc-page-1 ez-toc-heading-level-2'><a class=\"ez-toc-link ez-toc-heading-13\" href=\"https:\/\/comparemyjet.com\/nb\/verijet\/#Conclusion\" >Konklusjon<\/a><\/li><\/ul><\/nav><\/div>\n<h2 class=\"wp-block-heading\"><span class=\"ez-toc-section\" id=\"About_the_Company\"><\/span>Om selskapet<span class=\"ez-toc-section-end\"><\/span><\/h2>\r\n\r\n\r\n\r\n<p>Richard Kane, Verijets styreformann og administrerende direkt\u00f8r, har jobbet i telekommunikasjons- og luftfartsbransjen, noe som inspirerte ham til \u00e5 starte selskapet. Siden han er en talentfull pilot med verdensrekord i hastighet og har ekspertise i \u00e5 dirigere millioner av samtaler i timen i sanntid, har Verijet raskt blitt det foretrukne charterselskapet for privatfly.<\/p>\r\n\r\n\r\n\r\n<p>Verijet har utviklet et optimeringssystem som kan erstatte et team av planleggere med et enkelt tastetrykk. Som et direkte resultat av dette slipper man flere avgifter, noe som resulterer i lavere flypriser. Kane pr\u00f8vde ut optimaliseringsprosessen p\u00e5 en klynge av virtuelle maskiner som alle delte samme minne og harddiskplass. Etter \u00e5 ha unders\u00f8kt ulike alternativer, bestemte han seg for \u00e5 bruke <a href=\"https:\/\/www.ibm.com\/cloud\/bare-metal-servers\" target=\"_blank\" rel=\"noopener\">IBM Cloud Bare Metal-servere<\/a> p\u00e5 grunn av deres stabilitet og regnekraft sammenlignet med optimeringsmotoren, samt tilgangen til IBMs skyplattform og st\u00f8tte fra tekniske ingeni\u00f8rer og r\u00e5dgivere.<\/p>\r\n\r\n\r\n\r\n<h3 class=\"wp-block-heading\"><span class=\"ez-toc-section\" id=\"The_G2_Vision_Jets_Fleet\"><\/span>G2+ Vision Jets-fl\u00e5ten<span class=\"ez-toc-section-end\"><\/span><\/h3>\r\n\r\n\r\n\r\n<figure class=\"wp-block-image size-full is-style-default\"><img loading=\"lazy\" decoding=\"async\" width=\"1000\" height=\"563\" src=\"https:\/\/comparemyjet.com\/wp-content\/uploads\/2022\/10\/G2-Vision-Jet-1.jpg\" alt=\"VeriJet\" class=\"wp-image-3562\" srcset=\"https:\/\/comparemyjet.com\/wp-content\/uploads\/2022\/10\/G2-Vision-Jet-1-18x10.jpg 18w, https:\/\/comparemyjet.com\/wp-content\/uploads\/2022\/10\/G2-Vision-Jet-1-300x169.jpg 300w, https:\/\/comparemyjet.com\/wp-content\/uploads\/2022\/10\/G2-Vision-Jet-1-768x432.jpg 768w, https:\/\/comparemyjet.com\/wp-content\/uploads\/2022\/10\/G2-Vision-Jet-1.jpg 1000w\" sizes=\"auto, (max-width: 1000px) 100vw, 1000px\" \/><\/figure>\r\n\r\n\r\n\r\n<p>Ved hjelp av den nye programvaren kunne Kane etablere sin egen fl\u00e5te av sm\u00e5 og \u00f8kologisk b\u00e6rekraftige jetfly. Disse stilleg\u00e5ende jetflyene med \u00e9n pilot, merket Vision Jets, hjalp ham med \u00e5 bygge opp optimaliseringsmotoren og jobbe mot neste trinn i planen.<\/p>\r\n\r\n\r\n\r\n<p>Disse private jetflyene er utstyrt med fremtidsrettede sikkerhetstiltak, som Cirrus Airplane Parachute System (CAPS) og \"Safe Return\"-knappen, som gj\u00f8r det mulig \u00e5 n\u00f8dlande med autopilot. De <a href=\"https:\/\/www.faa.gov\/\" target=\"_blank\" rel=\"noopener\">Federal Aviation Administration<\/a> m\u00e5tte g\u00e5 gjennom noen ekstra runder siden disse funksjonene er s\u00e5 avanserte, f\u00f8r de kunne gi sin velsignelse til Vision Jets, noe de til slutt gjorde.<\/p>\r\n\r\n\r\n\r\n<p>Kanes behov for datakraft \u00f8ker i takt med utvidelsen av b\u00e5de kundebasen og fl\u00e5ten av Vision Jets. For \u00e5 n\u00e5 dette m\u00e5let er han for tiden i dialog med Quantum Computing-teamet hos IBM for \u00e5 fortsette optimaliseringsarbeidet.<\/p>\r\n\r\n\r\n\r\n<p>Den n\u00e5v\u00e6rende faste enveiskostnaden for VeriJets' tjeneste har v\u00e6rt tilgjengelig innen <a href=\"https:\/\/comparemyjet.com\/nb\/private-tours\/orlando-private-tours\/\" data-internallinksmanager029f6b8e52c=\"429\" title=\"11 beste private turer i Orlando fra $5.99\">Orlando<\/a>, Florida, og Santa Maria Airport i California siden 2021. Det nord\u00f8stlige USA, Canada og Europa st\u00e5r alle p\u00e5 listen over potensielle ekspansjonssteder.<\/p>\r\n\r\n\r\n\r\n<h2 class=\"wp-block-heading\"><span class=\"ez-toc-section\" id=\"Pricing\"><\/span>Priser<span class=\"ez-toc-section-end\"><\/span><\/h2>\r\n\r\n\r\n\r\n<p>Den n\u00e5v\u00e6rende prisstrukturen er enkel. Kundene betaler for minst seksti minutters flytid i tillegg til en f\u00f8deral avgift p\u00e5 7,5%, noe som utgj\u00f8r totalt $3 000 per time.&nbsp;<\/p>\r\n\r\n\r\n\r\n<h2 class=\"wp-block-heading\"><span class=\"ez-toc-section\" id=\"Company_Jet_Card_Programs\"><\/span>Selskapets Jet Card-programmer<span class=\"ez-toc-section-end\"><\/span><\/h2>\r\n\r\n\r\n\r\n<figure class=\"wp-block-image size-full is-style-default\"><img loading=\"lazy\" decoding=\"async\" width=\"1000\" height=\"442\" src=\"https:\/\/comparemyjet.com\/wp-content\/uploads\/2022\/09\/little.plane_.in_.the_.hand_.of_.a.businessman.jpg\" alt=\"\" class=\"wp-image-3335\" srcset=\"https:\/\/comparemyjet.com\/wp-content\/uploads\/2022\/09\/little.plane_.in_.the_.hand_.of_.a.businessman-18x8.jpg 18w, https:\/\/comparemyjet.com\/wp-content\/uploads\/2022\/09\/little.plane_.in_.the_.hand_.of_.a.businessman-300x133.jpg 300w, https:\/\/comparemyjet.com\/wp-content\/uploads\/2022\/09\/little.plane_.in_.the_.hand_.of_.a.businessman-768x339.jpg 768w, https:\/\/comparemyjet.com\/wp-content\/uploads\/2022\/09\/little.plane_.in_.the_.hand_.of_.a.businessman.jpg 1000w\" sizes=\"auto, (max-width: 1000px) 100vw, 1000px\" \/><\/figure>\r\n\r\n\r\n\r\n<p>N\u00e5r kundene skaffer seg et Verijet JetCard, f\u00e5r de prioritet ved bestilling og har mulighet til \u00e5 kj\u00f8pe flytidsblokker p\u00e5 25, 50 eller 100 timer. La oss se n\u00e6rmere p\u00e5 disse alternativene.<\/p>\r\n\r\n\r\n\r\n<h3 class=\"wp-block-heading\"><span class=\"ez-toc-section\" id=\"25_Hour_JetCard\"><\/span>25 timers JetCard<span class=\"ez-toc-section-end\"><\/span><\/h3>\r\n\r\n\r\n\r\n<p>25 Hour Jet Card koster $81,250 \u00e5 kj\u00f8pe, og timeprisen for hver flyvning er $3,250 fast. Det er ingen medlemsavgift, s\u00e5 kj\u00f8psprisen er egentlig et depositum som timeprisen trekkes fra for hver flyvning.&nbsp;<\/p>\r\n\r\n\r\n\r\n<ul class=\"wp-block-list\"><li>Tilleggsavgifter kan tilkomme.&nbsp;<\/li><li>Det er ikke noe daglig minimum.&nbsp;<\/li><li>Kortet er gyldig i ett \u00e5r. Kj\u00e6ledyr er velkomne om bord.&nbsp;<\/li><li>Det kreves minst \u00e9n times flytid.&nbsp;<\/li><li>Avbestillingsfristen er 72 timer f\u00f8r avreise, og det er ingen h\u00f8ydedager.<\/li><\/ul>\r\n\r\n\r\n\r\n<h3 class=\"wp-block-heading\"><span class=\"ez-toc-section\" id=\"50_Hour_JetCard\"><\/span>50 timers JetCard<span class=\"ez-toc-section-end\"><\/span><\/h3>\r\n\r\n\r\n\r\n<p>50 Hour Jet Card koster $152,500 \u00e5 kj\u00f8pe, og timeprisen for hver flyvning er $3,050 fast.&nbsp;<\/p>\r\n\r\n\r\n\r\n<ul class=\"wp-block-list\"><li>Ingen medlemsavgift.&nbsp;<\/li><li>Tilleggsavgifter kan tilkomme.&nbsp;<\/li><li>Det er ikke noe daglig minimum.&nbsp;<\/li><li>Kortet er gyldig i 15 m\u00e5neder.<\/li><li>Kj\u00e6ledyr er velkomne om bord.&nbsp;<\/li><li>Det kreves minst \u00e9n times flytid.&nbsp;<\/li><li>Avbestillingsfristen er 48 timer f\u00f8r avreise, og det er ingen h\u00f8ydedager.<\/li><\/ul>\r\n\r\n\r\n\r\n<h3 class=\"wp-block-heading\"><span class=\"ez-toc-section\" id=\"100_Hour_JetCard\"><\/span>100 timers JetCard<span class=\"ez-toc-section-end\"><\/span><\/h3>\r\n\r\n\r\n\r\n<p>50 Hour Jet Card koster $275 000 \u00e5 kj\u00f8pe, og timeprisen for hver flyvning er $2 750 fast.&nbsp;<\/p>\r\n\r\n\r\n\r\n<ul class=\"wp-block-list\"><li>Det er ingen medlemsavgift.&nbsp;<\/li><li>Tilleggsavgifter kan tilkomme.&nbsp;<\/li><li>Det er et daglig minimum.&nbsp;<\/li><li>Kortet er gyldig i 18 m\u00e5neder.&nbsp;<\/li><li>Kj\u00e6ledyr er velkomne om bord.&nbsp;<\/li><li>Det kreves minst \u00e9n times flytid.&nbsp;<\/li><li>Avbestillingsfristen er 120 timer f\u00f8r flyavgang og ikke p\u00e5 dager med rushtid.<\/li><\/ul>\r\n\r\n\r\n\r\n<p>Du kan se sammenligningen av jetkort side om side og foreta en reservasjon p\u00e5 f\u00f8lgende side <a href=\"https:\/\/www.verijet.com\/Verijet-JetCard\" target=\"_blank\" rel=\"noopener\">lenke<\/a>.<\/p>\r\n\r\n\r\n\r\n<h2 class=\"wp-block-heading\"><span class=\"ez-toc-section\" id=\"The_Fleet\"><\/span>Fl\u00e5ten&nbsp;<span class=\"ez-toc-section-end\"><\/span><\/h2>\r\n\r\n\r\n\r\n<figure class=\"wp-block-image is-style-default\"><img decoding=\"async\" src=\"https:\/\/comparemyjet.com\/wp-content\/uploads\/ccVHG_SOHNe_ne2YdOrnGlWyXNclOSUinAFhoJmSXeT1HEmx4_1GOoLo9bqXbbqWticFT5_gfpez-U2nynnVY1wK9aDdTTij7wffVow9ytmtX1sM-S9ozw2of6wQiRhT6xGbMrqx6IOtteUpDLtWJRQd3QDb9JnlE6RZlXwhUIBVNHG1dIz8FBQHUA.jpg\" alt=\"\"\/><\/figure>\r\n\r\n\r\n\r\n<p>Cirrus SF-50 Vision Jet drives av en enkelt kryssermotor. Dette gj\u00f8r det mulig for jetflyene \u00e5 fly lavt og sakte, samtidig som de bare etterlater seg en niendedel av karbonutslippet til et vanlig privatfly. Fordi Vision Jets er i stand til \u00e5 forbrenne fire forskjellige typer biodrivstoff, er de i stand til \u00e5 gjennomf\u00f8re flyvninger helt uten karbonutslipp.<\/p>\r\n\r\n\r\n\r\n<p>Milj\u00f8fordelene ved disse elementene er imidlertid ikke den eneste grunnen til at de er \u00f8nskelige. De gj\u00f8r det ogs\u00e5 mulig for Verijet \u00e5 operere p\u00e5 mange flyplasser, noe som gj\u00f8r at kundene kommer raskere frem til sine endelige destinasjoner.<\/p>\r\n\r\n\r\n\r\n<h4 class=\"wp-block-heading\"><span class=\"ez-toc-section\" id=\"Characteristics_of_The_Cirrus_SF-50_Vision_Jet\"><\/span>Kjennetegn ved Cirrus SF-50 Vision Jet<span class=\"ez-toc-section-end\"><\/span><\/h4>\r\n\r\n\r\n\r\n<p>Cirrus Aircraft Vision Jet er et resultat av iherdig forskning og utvikling. Ytelsen er eksepsjonell, og den er enkel \u00e5 fly og vedlikeholde. Vision Jet har f\u00e5tt mye ros og anerkjennelse, blant annet Robert J. Collier Trophy.&nbsp;<\/p>\r\n\r\n\r\n\r\n<p>Karbonfiberstrukturen gir en f\u00f8lelse av plass i flyet, med overraskende god plass til hode og skuldre og brede vinduer. Kabinen er designet for \u00e5 v\u00e6re den st\u00f8rste i sin kategori.<\/p>\r\n\r\n\r\n\r\n<p>Underholdningsskjermen kan kobles til de fleste enheter, og midtkonsollen kan gj\u00f8res om til en moderne arbeidsplass for passasjerene.<\/p>\r\n\r\n\r\n\r\n<p>WiFi leveres av Gogo InFlight Wi-Fi, og den ekstra fordelen med USB-C-porter gj\u00f8r at passasjerene kan fortsette \u00e5 lade sine elektroniske dingser mens de er i luften.<\/p>\r\n\r\n\r\n\r\n<p>Jetflyene er dessuten produsert i en omfattende fargepalett for \u00e5 im\u00f8tekomme ethvert estetisk \u00f8nske, og er utstyrt med luksuri\u00f8st skinninteri\u00f8r og m\u00f8beltilbeh\u00f8r. Passasjerene f\u00e5r ekstra allsidighet med totalt 28 forskjellige setearrangementer, takket v\u00e6re at alle setene i kabinen er modulbaserte og enkelt kan fjernes ved behov.<\/p>\r\n\r\n\r\n\r\n<p>Spesifikasjoner:<\/p>\r\n\r\n\r\n\r\n<ul class=\"wp-block-list\"><li>Passasjerer: 7;<\/li><li>Full lengde: 30 ft 7 in;&nbsp;<\/li><li>Vingespenn: 38 fot 7 tommer;&nbsp;<\/li><li>Full h\u00f8yde: 3,5 meter;<\/li><li>Kabinh\u00f8yde: 4 ft 1 in;<\/li><li>Kabinbredde: 5 fot 1 tommer;&nbsp;<\/li><li>Stigningshastighet: 1 609 ft\/min;<\/li><li>Maks cruisehastighet: 311 km\/t;<\/li><li>Maks rekkevidde: 1275 nm;<\/li><li>Panoramavinduer;<\/li><li>Trykksatt kabin;<\/li><li>Klimakontroll bak;<\/li><li>Aksentbelysning<\/li><\/ul>\r\n\r\n\r\n\r\n<h2 class=\"wp-block-heading\"><span class=\"ez-toc-section\" id=\"Company_Safety_Policy_and_Standards\"><\/span>Selskapets sikkerhetspolicy og -standarder<span class=\"ez-toc-section-end\"><\/span><\/h2>\r\n\r\n\r\n\r\n<p>Under covid-19-epidemien ble flyet fullstendig sanert b\u00e5de f\u00f8r og etter avgang. Passasjerene rapporterte at de f\u00f8lte seg sv\u00e6rt trygge hele tiden, og flyets karbonavtrykk var en niendedel av et mellomstort jetfly.<\/p>\r\n\r\n\r\n\r\n<p>Flyet som VeriJet tilbyr, har et Cirrus Airframe Parachute System og en Safe ReturnTM autolanding i n\u00f8dstilfeller. Safe Return autolanding gir et nytt alternativ for \u00e5 beskytte passasjerene ved at piloten kan lande jetflyet i en n\u00f8dsituasjon med et enkelt tastetrykk. Dette gj\u00f8r autolanding til et utmerket tillegg til Vision Jet.<\/p>\r\n\r\n\r\n\r\n<h2 class=\"wp-block-heading\"><span class=\"ez-toc-section\" id=\"Pilots\"><\/span>Piloter<span class=\"ez-toc-section-end\"><\/span><\/h2>\r\n\r\n\r\n\r\n<figure class=\"wp-block-image size-full is-style-default\"><img loading=\"lazy\" decoding=\"async\" width=\"1000\" height=\"667\" src=\"https:\/\/comparemyjet.com\/wp-content\/uploads\/2022\/09\/pilot.boarding.on_.a.private.jet_.jpg\" alt=\"\" class=\"wp-image-3231\" srcset=\"https:\/\/comparemyjet.com\/wp-content\/uploads\/2022\/09\/pilot.boarding.on_.a.private.jet_-18x12.jpg 18w, https:\/\/comparemyjet.com\/wp-content\/uploads\/2022\/09\/pilot.boarding.on_.a.private.jet_-300x200.jpg 300w, https:\/\/comparemyjet.com\/wp-content\/uploads\/2022\/09\/pilot.boarding.on_.a.private.jet_-768x512.jpg 768w, https:\/\/comparemyjet.com\/wp-content\/uploads\/2022\/09\/pilot.boarding.on_.a.private.jet_.jpg 1000w\" sizes=\"auto, (max-width: 1000px) 100vw, 1000px\" \/><\/figure>\r\n\r\n\r\n\r\n<p>Hver eneste Vision Jet leveres som standard med en f\u00f8rsteklasses pilotoppl\u00e6ring p\u00e5 Vision Center Campus.<\/p>\r\n\r\n\r\n\r\n<h2 class=\"wp-block-heading\"><span class=\"ez-toc-section\" id=\"Partnerships\"><\/span>Partnerskap<span class=\"ez-toc-section-end\"><\/span><\/h2>\r\n\r\n\r\n\r\n<p>Coflyt er en intelligent luftfartsprogramvare som gir flyeiere, flyselskaper og luftfartsorganisasjoner den tryggheten de trenger for \u00e5 drive flyene sine.&nbsp;<\/p>\r\n\r\n\r\n\r\n<p>Coflyt er utviklet av piloter for \u00e5 gj\u00f8re det mer effektivt \u00e5 eie fly. Coflyt sentraliserer blant annet flyjournaler, vedlikeholder flykart, analyserer ytelse, viser flyets tilgjengelighet, gir statusoppdateringer til fly- og reservedelsleverand\u00f8rer og forenkler betalinger. VeriJet Cirrus-fl\u00e5ten administreres ved hjelp av <a href=\"https:\/\/coflyt.com\/verijet\/\" target=\"_blank\" rel=\"noopener\">Coflyt<\/a>og benytter bransjeledende, patentert kunstig intelligens og datateknologi.<\/p>\r\n\r\n\r\n\r\n<h2 class=\"wp-block-heading\"><span class=\"ez-toc-section\" id=\"Conclusion\"><\/span>Konklusjon<span class=\"ez-toc-section-end\"><\/span><\/h2>\r\n\r\n\r\n\r\n<p>N\u00e5r en kunde bruker Verijet til \u00e5 s\u00f8ke etter en privatreise, kan de if\u00f8lge Richard Kane gi kunden et tilbud med en gang og svare p\u00e5 foresp\u00f8rselen umiddelbart. Kunstig intelligens har allerede verifisert at alt er sikkert, legitimt og leveringsdyktig, og prisene er satt i stein. P\u00e5 grunn av denne muligheten er privatflyging n\u00e5 tilgjengelig for alle p\u00e5 en m\u00e5te som ikke var mulig tidligere.<\/p>","protected":false},"excerpt":{"rendered":"<p>Verijet er et innovativt flyselskap som skiller seg fra andre leverand\u00f8rer av privatflycharter p\u00e5 en rekke omr\u00e5der, hvorav de fleste kan spores tilbake til selskapets fl\u00e5te av Cirrus SF-50 Vision Jets. Selskapet ble grunnlagt i 2020, og hovedkontoret ligger i Vero Beach i Florida. De foretar flyvninger ...<\/p>","protected":false},"author":1,"featured_media":3564,"parent":0,"menu_order":0,"comment_status":"closed","ping_status":"closed","template":"","meta":{"_acf_changed":false,"_genesis_hide_title":false,"_genesis_hide_breadcrumbs":false,"_genesis_hide_singular_image":false,"_genesis_hide_footer_widgets":false,"_genesis_custom_body_class":"","_genesis_custom_post_class":"","_genesis_layout":"","footnotes":""},"class_list":{"1":"page","2":"type-page","6":"entry"},"acf":[],"_links":{"self":[{"href":"https:\/\/comparemyjet.com\/nb\/wp-json\/wp\/v2\/pages\/3559","targetHints":{"allow":["GET"]}}],"collection":[{"href":"https:\/\/comparemyjet.com\/nb\/wp-json\/wp\/v2\/pages"}],"about":[{"href":"https:\/\/comparemyjet.com\/nb\/wp-json\/wp\/v2\/types\/page"}],"author":[{"embeddable":true,"href":"https:\/\/comparemyjet.com\/nb\/wp-json\/wp\/v2\/users\/1"}],"replies":[{"embeddable":true,"href":"https:\/\/comparemyjet.com\/nb\/wp-json\/wp\/v2\/comments?post=3559"}],"version-history":[{"count":3,"href":"https:\/\/comparemyjet.com\/nb\/wp-json\/wp\/v2\/pages\/3559\/revisions"}],"predecessor-version":[{"id":9415,"href":"https:\/\/comparemyjet.com\/nb\/wp-json\/wp\/v2\/pages\/3559\/revisions\/9415"}],"wp:featuredmedia":[{"embeddable":true,"href":"https:\/\/comparemyjet.com\/nb\/wp-json\/wp\/v2\/media\/3564"}],"wp:attachment":[{"href":"https:\/\/comparemyjet.com\/nb\/wp-json\/wp\/v2\/media?parent=3559"}],"curies":[{"name":"wp","href":"https:\/\/api.w.org\/{rel}","templated":true}]}}