{"id":3596,"date":"2022-10-26T22:09:48","date_gmt":"2022-10-26T22:09:48","guid":{"rendered":"https:\/\/comparemyjet.com\/?page_id=3596"},"modified":"2025-09-04T10:03:18","modified_gmt":"2025-09-04T10:03:18","slug":"velocity-jets","status":"publish","type":"page","link":"https:\/\/comparemyjet.com\/nb\/velocity-jets\/","title":{"rendered":"Velocity Jets flypriser"},"content":{"rendered":"<p>Medlemskap i private jetfly, salg og administrasjon av fly og internasjonal flycharter med fokus p\u00e5 enveisreiser er bare noen av tjenestene Velocity Jets tilbyr. Dette internasjonale flycharterselskapet garanterer f\u00f8rsteklasses assistanse fra kyndige fagfolk i luftfartsbransjen som vil im\u00f8tekomme alle spesifikke krav.<\/p>\r\n\r\n\r\n\r\n<p>La oss g\u00e5 n\u00e6rmere inn p\u00e5 hva selskapet tilbyr.&nbsp;<\/p>\r\n\r\n\r\n\r\n<div id=\"ez-toc-container\" class=\"ez-toc-v2_0_76 counter-hierarchy ez-toc-counter ez-toc-grey ez-toc-container-direction\">\n<p class=\"ez-toc-title\" style=\"cursor:inherit\">Temaer<\/p>\n<label for=\"ez-toc-cssicon-toggle-item-69f59830d439b\" class=\"ez-toc-cssicon-toggle-label\"><span class=\"\"><span class=\"eztoc-hide\" style=\"display:none;\">Toggle<\/span><span class=\"ez-toc-icon-toggle-span\"><svg style=\"fill: #999;color:#999\" xmlns=\"http:\/\/www.w3.org\/2000\/svg\" class=\"list-377408\" width=\"20px\" height=\"20px\" viewbox=\"0 0 24 24\" fill=\"none\"><path d=\"M6 6H4v2h2V6zm14 0H8v2h12V6zM4 11h2v2H4v-2zm16 0H8v2h12v-2zM4 16h2v2H4v-2zm16 0H8v2h12v-2z\" fill=\"currentColor\"><\/path><\/svg><svg style=\"fill: #999;color:#999\" class=\"arrow-unsorted-368013\" xmlns=\"http:\/\/www.w3.org\/2000\/svg\" width=\"10px\" height=\"10px\" viewbox=\"0 0 24 24\" version=\"1.2\" baseprofile=\"tiny\"><path d=\"M18.2 9.3l-6.2-6.3-6.2 6.3c-.2.2-.3.4-.3.7s.1.5.3.7c.2.2.4.3.7.3h11c.3 0 .5-.1.7-.3.2-.2.3-.5.3-.7s-.1-.5-.3-.7zM5.8 14.7l6.2 6.3 6.2-6.3c.2-.2.3-.5.3-.7s-.1-.5-.3-.7c-.2-.2-.4-.3-.7-.3h-11c-.3 0-.5.1-.7.3-.2.2-.3.5-.3.7s.1.5.3.7z\"\/><\/svg><\/span><\/span><\/label><input type=\"checkbox\"  id=\"ez-toc-cssicon-toggle-item-69f59830d439b\" checked aria-label=\"Toggle\" \/><nav><ul class='ez-toc-list ez-toc-list-level-1' ><li class='ez-toc-page-1 ez-toc-heading-level-2'><a class=\"ez-toc-link ez-toc-heading-1\" href=\"https:\/\/comparemyjet.com\/nb\/velocity-jets\/#About_the_Company\" >Om selskapet<\/a><\/li><li class='ez-toc-page-1 ez-toc-heading-level-2'><a class=\"ez-toc-link ez-toc-heading-2\" href=\"https:\/\/comparemyjet.com\/nb\/velocity-jets\/#Company_Card_Program\" >Program for firmakort<\/a><\/li><li class='ez-toc-page-1 ez-toc-heading-level-2'><a class=\"ez-toc-link ez-toc-heading-3\" href=\"https:\/\/comparemyjet.com\/nb\/velocity-jets\/#Pricing\" >Priser<\/a><\/li><li class='ez-toc-page-1 ez-toc-heading-level-2'><a class=\"ez-toc-link ez-toc-heading-4\" href=\"https:\/\/comparemyjet.com\/nb\/velocity-jets\/#On-Demand_Charter\" >Charter p\u00e5 foresp\u00f8rsel<\/a><\/li><li class='ez-toc-page-1 ez-toc-heading-level-2'><a class=\"ez-toc-link ez-toc-heading-5\" href=\"https:\/\/comparemyjet.com\/nb\/velocity-jets\/#Empty_Leg_Flights\" >Flyvninger med tomme ben<\/a><\/li><li class='ez-toc-page-1 ez-toc-heading-level-2'><a class=\"ez-toc-link ez-toc-heading-6\" href=\"https:\/\/comparemyjet.com\/nb\/velocity-jets\/#The_Fleet\" >Fl\u00e5ten&nbsp;<\/a><ul class='ez-toc-list-level-3' ><li class='ez-toc-heading-level-3'><a class=\"ez-toc-link ez-toc-heading-7\" href=\"https:\/\/comparemyjet.com\/nb\/velocity-jets\/#1_Light_Private_Jets\" >1. Lette private jetfly<\/a><ul class='ez-toc-list-level-4' ><li class='ez-toc-heading-level-4'><a class=\"ez-toc-link ez-toc-heading-8\" href=\"https:\/\/comparemyjet.com\/nb\/velocity-jets\/#Our_Recommendation_Learjet_31\" >V\u00e5r anbefaling: Learjet 31<\/a><\/li><\/ul><\/li><li class='ez-toc-page-1 ez-toc-heading-level-3'><a class=\"ez-toc-link ez-toc-heading-9\" href=\"https:\/\/comparemyjet.com\/nb\/velocity-jets\/#2_Midsize_Private_Jets\" >2. Mellomstore privatfly&nbsp;<\/a><ul class='ez-toc-list-level-4' ><li class='ez-toc-heading-level-4'><a class=\"ez-toc-link ez-toc-heading-10\" href=\"https:\/\/comparemyjet.com\/nb\/velocity-jets\/#Our_Recommendation_Cessna_680_Citation_Sovereign\" >V\u00e5r anbefaling: Cessna 680 Citation Sovereign<\/a><\/li><\/ul><\/li><li class='ez-toc-page-1 ez-toc-heading-level-3'><a class=\"ez-toc-link ez-toc-heading-11\" href=\"https:\/\/comparemyjet.com\/nb\/velocity-jets\/#_3_Super-Midsize\" >&nbsp;3. Super-Midsize<\/a><ul class='ez-toc-list-level-4' ><li class='ez-toc-heading-level-4'><a class=\"ez-toc-link ez-toc-heading-12\" href=\"https:\/\/comparemyjet.com\/nb\/velocity-jets\/#Our_Recommendation_Gulfstream_G200\" >V\u00e5r anbefaling: Gulfstream G200<\/a><\/li><\/ul><\/li><li class='ez-toc-page-1 ez-toc-heading-level-3'><a class=\"ez-toc-link ez-toc-heading-13\" href=\"https:\/\/comparemyjet.com\/nb\/velocity-jets\/#4_Large_Private_Jets\" >4. Store privatfly<\/a><ul class='ez-toc-list-level-4' ><li class='ez-toc-heading-level-4'><a class=\"ez-toc-link ez-toc-heading-14\" href=\"https:\/\/comparemyjet.com\/nb\/velocity-jets\/#Our_Recommendation_Global_Express_5000\" >V\u00e5r anbefaling: Global Express 5000<\/a><\/li><\/ul><\/li><\/ul><\/li><li class='ez-toc-page-1 ez-toc-heading-level-2'><a class=\"ez-toc-link ez-toc-heading-15\" href=\"https:\/\/comparemyjet.com\/nb\/velocity-jets\/#Conclusion\" >Konklusjon<\/a><\/li><\/ul><\/nav><\/div>\n<h2 class=\"wp-block-heading\"><span class=\"ez-toc-section\" id=\"About_the_Company\"><\/span>Om selskapet<span class=\"ez-toc-section-end\"><\/span><\/h2>\r\n\r\n\r\n\r\n<p>Patrick Harris og Jessica Osterneck etablerte Velocity Jets i 2006.  Velocity Jets' l\u00f8fte om kvalitetsservice som er skreddersydd til hver enkelt kundes spesifikke behov, er basert p\u00e5 eksperter i luftfartssektoren.&nbsp;<\/p>\r\n\r\n\r\n\r\n<p>Her er en fullstendig liste over tjenestene Velocity Jets tilbyr sine kunder:<\/p>\r\n\r\n\r\n\r\n<ul class=\"wp-block-list\"><li>Charter av privatfly<\/li><li>Charter av forretningsfly<\/li><li>Verdensomspennende tjenester<\/li><li><a href=\"https:\/\/comparemyjet.com\/nb\/how-to-book-empty-leg-flights\/\" data-internallinksmanager029f6b8e52c=\"24\" title=\"Hvordan bestille tomflyvninger\">Flyvninger med tomme strekninger<\/a><\/li><li>Medlemskap i privatflykort<\/li><\/ul>\r\n\r\n\r\n\r\n<h2 class=\"wp-block-heading\"><span class=\"ez-toc-section\" id=\"Company_Card_Program\"><\/span>Program for firmakort<span class=\"ez-toc-section-end\"><\/span><\/h2>\r\n\r\n\r\n\r\n<p>VelocityJets Card-programmet er utviklet nedenfra og opp for hver enkelt kunde, ettersom alle har sine egne behov. Sammenlignet med andre, st\u00f8rre private flyselskaper, der kundenes investeringer er p\u00e5 tusenvis av dollar i stedet for hundrevis av dollar, er dette en betydelig fordel.&nbsp;<\/p>\r\n\r\n\r\n\r\n<p>Selv om Velocity Jets n\u00e5 bare krever 25 timer for Jet Card-medlemskap, p\u00e5drar ikke kortinnehaverne seg noen ekstra utgifter til for eksempel omplassering av drivstoff, administrasjonskostnader, enveispriser, oppgradering av fly osv. Etter \u00e5 ha kj\u00f8pt et 25- eller 50-timers jetkort kan de umiddelbart fly i et hvilket som helst av de lette, mellomstore, supermellomstore eller store kabinflyene.&nbsp;<\/p>\r\n\r\n\r\n\r\n<p>En av de st\u00f8rste fordelene med \u00e5 v\u00e6re kortinnehaver er at man kan bestille en privatflyvning med bare \u00e9n telefonsamtale. Medlemmene nyter ogs\u00e5 godt av alle fordelene ved fraksjonert eierskap uten \u00e5 m\u00e5tte bekymre seg for \u00f8konomiske forpliktelser, langsiktige bindinger eller tidspress. Dessuten trenger medlemmene bare \u00e5 betale for den faktiske tiden flyet er i luften, i stedet for for tiden det tar \u00e5 posisjonere seg f\u00f8r og etter en flyvning.<\/p>\r\n\r\n\r\n\r\n<p>Andre fordeler inkluderer garantert tilgjengelighet, catering p\u00e5 flyet, ingen overnattings- eller avbestillingsgebyrer og mye mer.<\/p>\r\n\r\n\r\n\r\n<h2 class=\"wp-block-heading\"><span class=\"ez-toc-section\" id=\"Pricing\"><\/span>Priser<span class=\"ez-toc-section-end\"><\/span><\/h2>\r\n\r\n\r\n\r\n<figure class=\"wp-block-image size-full is-style-default\"><img loading=\"lazy\" decoding=\"async\" width=\"1000\" height=\"721\" src=\"https:\/\/comparemyjet.com\/wp-content\/uploads\/2022\/07\/paper.planes.on_.blue_.background.jpg\" alt=\"Velocity Jets\" class=\"wp-image-3169\" srcset=\"https:\/\/comparemyjet.com\/wp-content\/uploads\/2022\/07\/paper.planes.on_.blue_.background-18x12.jpg 18w, https:\/\/comparemyjet.com\/wp-content\/uploads\/2022\/07\/paper.planes.on_.blue_.background-300x216.jpg 300w, https:\/\/comparemyjet.com\/wp-content\/uploads\/2022\/07\/paper.planes.on_.blue_.background-768x554.jpg 768w, https:\/\/comparemyjet.com\/wp-content\/uploads\/2022\/07\/paper.planes.on_.blue_.background.jpg 1000w\" sizes=\"auto, (max-width: 1000px) 100vw, 1000px\" \/><\/figure>\r\n\r\n\r\n\r\n<p>De fleste kunder som er interessert i \u00e5 kj\u00f8pe et Jet Card fra Velocity Jets, gj\u00f8r det gjennom deres skreddersydde Jet Card-program, der det mest brukte koster $250 000. Velocity Jets tilbyr jetkort med lavere minimumsbel\u00f8p enn konkurrentene fordi selskapets struktur er mer intim og boutique-aktig. Kort kan utstedes for s\u00e5 lite som $100 000, og kundene kan fortsatt nyte godt av det samme serviceniv\u00e5et med en mindre \u00f8konomisk investering, if\u00f8lge Velocity Jets' medgrunnlegger og administrerende direkt\u00f8r Jessica Osterneck.<\/p>\r\n\r\n\r\n\r\n<p>Uansett hvilket jetkort medlemmene velger \u00e5 kj\u00f8pe, er prisen all-inclusive og bestemmes av jetflyets st\u00f8rrelse\/kategori og antall flytimer. Ved \u00e5 kj\u00f8pe det dyrere jetkortet f\u00e5r medlemmene garantert tilgjengelighet p\u00e5 et st\u00f8rre jetfly og\/eller flere flytimer. Et annet jetkort-alternativ er et mindre jetfly og f\u00e6rre flytimer. Medlemmer kan ogs\u00e5 f\u00e5 jetkortmedlemskap for et tungt jetfly med f\u00e6rre timer og et lett jetfly med flere timer.&nbsp;<\/p>\r\n\r\n\r\n\r\n<h2 class=\"wp-block-heading\"><span class=\"ez-toc-section\" id=\"On-Demand_Charter\"><\/span>Charter p\u00e5 foresp\u00f8rsel<span class=\"ez-toc-section-end\"><\/span><\/h2>\r\n\r\n\r\n\r\n<p>Velocity Jets forenkler utenlandsreiser ved \u00e5 hjelpe kundene sine med alle n\u00f8dvendige forberedelser slik at de f\u00e5r en behagelig og stressfri flyreise. Kundene kan fly hvor som helst i verden og f\u00e5 f\u00f8rsteklasses og skreddersydd behandling. Velocity Jets tilbyr blant annet transport til og fra flyplassen, catering om bord, tilgang til over 100 fly i alle kategorier og mye mer.<\/p>\r\n\r\n\r\n\r\n<h2 class=\"wp-block-heading\"><span class=\"ez-toc-section\" id=\"Empty_Leg_Flights\"><\/span>Flyvninger med tomme ben<span class=\"ez-toc-section-end\"><\/span><\/h2>\r\n\r\n\r\n\r\n<p><a href=\"https:\/\/velocityjets.com\/velocity-jets-empty-leg-flights\" target=\"_blank\" rel=\"noopener\">Tomt ben<\/a> turer senker kostnadene ved direkte flyreiser. Hver gang en ny flycharter er planlagt, m\u00e5 flyet fly tilbake til hjemmebasen fra det stedet det ble chartret. Dette er kjent som en tomflyvning.&nbsp;<\/p>\r\n\r\n\r\n\r\n<p>Flyselskapene selger disse flyvningene til reduserte priser for \u00e5 kompensere for kostnadene ved ledige seter. De gj\u00f8r dette fordi de vet at det vil v\u00e6re vanskelig \u00e5 fylle flyet etter en privatreise p\u00e5 grunn av den faste destinasjonen, ruten, antall seter og omplasseringstid. Hvis du \u00f8nsker \u00e5 fly f\u00f8rste klasse p\u00e5 et privatfly uten \u00e5 ruinere deg, er dette et fantastisk alternativ.<\/p>\r\n\r\n\r\n\r\n<p>Det er vanligvis en reduksjon p\u00e5 mellom 50-70% i forhold til den normale private charteravgiften, men det n\u00f8yaktige antallet og prisen varierer avhengig av rute og flyoperat\u00f8r.&nbsp;<\/p>\r\n\r\n\r\n\r\n<p>Selv om det er mange fordeler med \u00e5 bruke charterfly med ledige seter, er det ogs\u00e5 visse faktorer man m\u00e5 ta hensyn til. Eventuelle tomme seter p\u00e5 et <a href=\"https:\/\/comparemyjet.com\/nb\/how-do-you-rent-or-charter-a-private-jet\/\" data-internallinksmanager029f6b8e52c=\"15\" title=\"Hvordan leier eller chartrer du et privatfly?\">charter av privatfly<\/a> er avhengig av flyets planlagte avgangs- og ankomsttider. Flytider og rutetider kan endres, ettersom det kan oppst\u00e5 forsinkelser eller endringer i rutetider i siste \u00f8yeblikk. I tillegg begrenser destinasjonen for en charterflyvning og flytypen som brukes p\u00e5 reisen, vanligvis antall ruter som kan benyttes p\u00e5 en tom etappe.<\/p>\r\n\r\n\r\n\r\n<h2 class=\"wp-block-heading\"><span class=\"ez-toc-section\" id=\"The_Fleet\"><\/span>Fl\u00e5ten&nbsp;<span class=\"ez-toc-section-end\"><\/span><\/h2>\r\n\r\n\r\n\r\n<figure class=\"wp-block-image size-full is-style-default\"><img loading=\"lazy\" decoding=\"async\" width=\"1000\" height=\"667\" src=\"https:\/\/comparemyjet.com\/wp-content\/uploads\/2022\/09\/aircraft.take-off.on_.a.runway.jpg\" alt=\"\" class=\"wp-image-3229\" srcset=\"https:\/\/comparemyjet.com\/wp-content\/uploads\/2022\/09\/aircraft.take-off.on_.a.runway-18x12.jpg 18w, https:\/\/comparemyjet.com\/wp-content\/uploads\/2022\/09\/aircraft.take-off.on_.a.runway-300x200.jpg 300w, https:\/\/comparemyjet.com\/wp-content\/uploads\/2022\/09\/aircraft.take-off.on_.a.runway-768x512.jpg 768w, https:\/\/comparemyjet.com\/wp-content\/uploads\/2022\/09\/aircraft.take-off.on_.a.runway.jpg 1000w\" sizes=\"auto, (max-width: 1000px) 100vw, 1000px\" \/><\/figure>\r\n\r\n\r\n\r\n<p>Hos Velocity Jets og mange andre private jetflyselskaper f\u00e5r kundene velge jetfly. De private jetflyene som st\u00e5r til disposisjon, omfatter mange jetflyst\u00f8rrelser og -modeller som har f\u00e5tt h\u00f8yest mulig rating fra <a href=\"https:\/\/www.argus.aero\/\" target=\"_blank\" rel=\"noopener\">Argus<\/a> og <a href=\"https:\/\/www.wyvernltd.com\/\" target=\"_blank\" rel=\"noopener\">Wyvern<\/a> og overholde strenge <a href=\"https:\/\/www.faa.gov\/\" target=\"_blank\" rel=\"noopener\">FAA<\/a> regler. La oss se hva de er.<\/p>\r\n\r\n\r\n\r\n<h3 class=\"wp-block-heading\"><span class=\"ez-toc-section\" id=\"1_Light_Private_Jets\"><\/span>1. Lette private jetfly<span class=\"ez-toc-section-end\"><\/span><\/h3>\r\n\r\n\r\n\r\n<p>Light jets er i den mindre enden av spekteret n\u00e5r det gjelder privatfly, men er blant de desidert vanligste flytypene kundene velger \u00e5 chartre. Disse flyene egner seg ypperlig til lokale reiser og reiser over kortere avstander.<\/p>\r\n\r\n\r\n\r\n<p>De fleste av disse flyene har plass til mellom fem og \u00e5tte personer. P\u00e5 grunn av den lille st\u00f8rrelsen er det vanligvis ikke bord og toaletter, men det finnes modeller som tilbyr begge deler. Det er heller ikke mye plass for en steward til \u00e5 st\u00e5 eller bevege seg rundt.&nbsp;<\/p>\r\n\r\n\r\n\r\n<p>De er likevel kjent for sine fredelige flyvninger og rimelige priser.<\/p>\r\n\r\n\r\n\r\n<h4 class=\"wp-block-heading\"><span class=\"ez-toc-section\" id=\"Our_Recommendation_Learjet_31\"><\/span>V\u00e5r anbefaling: Learjet 31<span class=\"ez-toc-section-end\"><\/span><\/h4>\r\n\r\n\r\n\r\n<p>Den <a href=\"https:\/\/comparemyjet.com\/nb\/learjet\/\" data-internallinksmanager029f6b8e52c=\"149\" title=\"Den ultimate guiden til Learjet privatfly og -jetfly\">Learjet<\/a> 31A har enest\u00e5ende man\u00f8vrerbarhet og ytelse i luften. Piloter setter pris p\u00e5 de raske akselerasjons- og reaksjonsegenskapene det har. Dette flyet er kjent for sin evne til \u00e5 fly jevnt og yte godt selv n\u00e5r det opererer utenfor det godkjente flyomr\u00e5det.<\/p>\r\n\r\n\r\n\r\n<p>Kort sagt, Learjet 31A ofrer ingenting n\u00e5r det gjelder hastighet, drivstoffeffektivitet og generell ytelse, noe som er en fantastisk kombinasjon.<\/p>\r\n\r\n\r\n\r\n<p>Spesifikasjoner:<\/p>\r\n\r\n\r\n\r\n<ul class=\"wp-block-list\"><li>Passasjerer: 6;<\/li><li>Kabinbredde: 4 fot 9 tommer;<\/li><li>Kabinelengde: 12 fot 9 tommer;<\/li><li>Kabinh\u00f8yde: 4 fot 3 tommer;<\/li><li>Ingen private toaletter;<\/li><li>Bagasjekapasitet: 30 cu ft;<\/li><li>Kj\u00f8rehastighet: 508 mph;<\/li><li>Rekkevidde: 1460 nm.<\/li><\/ul>\r\n\r\n\r\n\r\n<p>Velocity Jets tilbyr <em>Citation CJ2\/CJ3\/CJ4, Citation V\/Ultra\/Bravo\/Encore, Hawker 400XP, BeechJet 400 og Learjet 31\/40XR <\/em>som en del av deres <a href=\"https:\/\/velocityjets.com\/aircraft\/light-jets\/available-light-jets\" target=\"_blank\" rel=\"noopener\">katalog over lette privatfly<\/a>.<\/p>\r\n\r\n\r\n\r\n<h3 class=\"wp-block-heading\"><span class=\"ez-toc-section\" id=\"2_Midsize_Private_Jets\"><\/span>2. Mellomstore privatfly&nbsp;<span class=\"ez-toc-section-end\"><\/span><\/h3>\r\n\r\n\r\n\r\n<p>For passasjerer som \u00f8nsker en romsligere kabin og flere fasiliteter, er et mellomstort fly et bedre alternativ. Noen av de mest romslige mellomstore flyene har en sofa som ekstra sitteplass, samt skrivebord og stoler. I tillegg har de fleste mellomstore jetfly et lukket bad og tilstrekkelig plass til at passasjerene kan st\u00e5 oppreist.<\/p>\r\n\r\n\r\n\r\n<h4 class=\"wp-block-heading\"><span class=\"ez-toc-section\" id=\"Our_Recommendation_Cessna_680_Citation_Sovereign\"><\/span>V\u00e5r anbefaling: Cessna 680 Citation Sovereign<span class=\"ez-toc-section-end\"><\/span><\/h4>\r\n\r\n\r\n\r\n<p>Citation Sovereign av <a href=\"https:\/\/comparemyjet.com\/nb\/cessna\/\" data-internallinksmanager029f6b8e52c=\"145\" title=\"Den ultimate guiden til Cessna privatfly og -jetfly\">Cessna<\/a> er bygget for \u00e5 gi eksepsjonell ytelse og samtidig omslutte passasjerene i luksus. Dette flyet er ideelt for reiser over lengre avstander samt til og fra flyplasser som har store h\u00f8yder eller sm\u00e5 rullebaner. Sovereigns kabin er over 24 fot lang og har et fullt utstyrt forfriskningssenter, internett og underholdningsalternativer.<\/p>\r\n\r\n\r\n\r\n<p>Spesifikasjoner:<\/p>\r\n\r\n\r\n\r\n<ul class=\"wp-block-list\"><li>Passasjerer: 9;<\/li><li>Kabinelengde: 24 fot 2 tommer;<\/li><li>Kabinbredde: 5 fot 6 tommer;<\/li><li>Kabinh\u00f8yde: 1,5 meter;<\/li><li>Eget toalett;<\/li><li>Bagasjekapasitet: 100 kubikkmeter;<\/li><li>Marsjfart: 495 mph;<\/li><li>Rekkevidde: 3200 nm.<\/li><\/ul>\r\n\r\n\r\n\r\n<p>Velocity Jets tilbyr <em>Hawker 800XP og 900XP, Learjet 45\/55\/60, Phenom 300, <a href=\"https:\/\/comparemyjet.com\/nb\/gulfstream\/\" data-internallinksmanager029f6b8e52c=\"175\" title=\"Den ultimate guiden til Gulfstream private jetfly og fly\">Gulfstream<\/a> G-100\/G-150, Citation Excel \/XLS, Citation III\/VI\/VII <\/em>som en del av deres <a href=\"https:\/\/velocityjets.com\/aircraft\/mid-jets\/available-mid-jets\" target=\"_blank\" rel=\"noopener\">katalog over mellomstore privatfly<\/a>.<\/p>\r\n\r\n\r\n\r\n<h3 class=\"wp-block-heading\"><span class=\"ez-toc-section\" id=\"_3_Super-Midsize\"><\/span>&nbsp;3. Super-Midsize<span class=\"ez-toc-section-end\"><\/span><\/h3>\r\n\r\n\r\n\r\n<p>Super Mid er utstyrt med tomotors jetfly, tilsvarende dem man finner i mellomstore fly, men har en st\u00f8rre kabin og enda flere fasiliteter. Passasjerene kan slappe av i plysjklubbstoler, sofaer, fullt utstyrt kj\u00f8kken og lukket toalett. Flyet har vanligvis service om bord, lukket toalett og mange underholdningsmuligheter. Dette gj\u00f8r det mulig \u00e5 reise fra kyst til kyst med super-mellomstore fly.&nbsp;<\/p>\r\n\r\n\r\n\r\n<h4 class=\"wp-block-heading\"><span class=\"ez-toc-section\" id=\"Our_Recommendation_Gulfstream_G200\"><\/span>V\u00e5r anbefaling: Gulfstream G200<span class=\"ez-toc-section-end\"><\/span><\/h4>\r\n\r\n\r\n\r\n<p>Til prisen av et mellomstort kabinfly har Gulfstream G200 rekkevidden og luksusen til et stort kabinfly. Det kan fly i en jevn hastighet p\u00e5 540 mph p\u00e5 cruise, noe som gj\u00f8r det til et godt valg for raske, nonstop langrennsturer. Gulfstream G200s store interi\u00f8r er en av de mest sl\u00e5ende egenskapene. St\u00e5plassen p\u00e5 63 tommer er mer enn dobbelt s\u00e5 stor som i noe annet fly i samme klasse, og det har ni romslige seter. I tillegg har flyet den st\u00f8rste bagasjeplassen i sin kategori.<\/p>\r\n\r\n\r\n\r\n<p>Spesifikasjoner:<\/p>\r\n\r\n\r\n\r\n<ul class=\"wp-block-list\"><li>Passasjerer: 9;<\/li><li>Hyttelengde: 62 fot;<\/li><li>Kabinh\u00f8yde: 21 fot;<\/li><li>Kabinbredde: 62 fot;<\/li><li>Eget toalett;<\/li><li>Bagasjekapasitet: 150 cu ft;<\/li><li>Marsjfart: 540 mph;<\/li><li>Rekkevidde: 3835 nm.<\/li><\/ul>\r\n\r\n\r\n\r\n<p>Velocity Jets tilbyr <em>Challenger 300\/350, Citation X, Citation Sovereign, Falcon 50, Gulfstream G-200\/G-280, Hawker 1000, Hawker 4000 <\/em>som en del av deres <a href=\"https:\/\/velocityjets.com\/aircraft\/super-mid-jets\/available-super-mid-jets\" target=\"_blank\" rel=\"noopener\">katalog over super-mellomstore privatfly<\/a>.<\/p>\r\n\r\n\r\n\r\n<h3 class=\"wp-block-heading\"><span class=\"ez-toc-section\" id=\"4_Large_Private_Jets\"><\/span>4. Store privatfly<span class=\"ez-toc-section-end\"><\/span><\/h3>\r\n\r\n\r\n\r\n<p>Det er en god grunn til at tunge fly ofte omtales som luksuri\u00f8se privatfly. Dette er fly med bred kropp og romslige kabiner som gir passasjerene god plass til \u00e5 st\u00e5. I et av disse sofistikerte jetflyene vil passasjerene ikke p\u00e5 noe tidspunkt oppleve f\u00f8lelsen av innesperring eller klaustrofobi.&nbsp;<\/p>\r\n\r\n\r\n\r\n<p>De fleste tunge jetfly har sovesenger, gourmetkj\u00f8kken, private toaletter og sofistikerte underholdningssystemer. Passasjerer som \u00f8nsker et str\u00f8mlinjeformet sted \u00e5 gj\u00f8re forretninger mens de er i luften, kan dessuten dra nytte av setearrangementene og kontoroppsettene som er tilgjengelige p\u00e5 mange tunge fly.<\/p>\r\n\r\n\r\n\r\n<h4 class=\"wp-block-heading\"><span class=\"ez-toc-section\" id=\"Our_Recommendation_Global_Express_5000\"><\/span>V\u00e5r anbefaling: Global Express 5000<span class=\"ez-toc-section-end\"><\/span><\/h4>\r\n\r\n\r\n\r\n<p><a href=\"https:\/\/comparemyjet.com\/nb\/bombardier\/\" data-internallinksmanager029f6b8e52c=\"159\" title=\"Den ultimate guiden til Bombardiers private jetfly og fly\">Bombardier<\/a>Global 5000 er et av de beste private jetflyene i den tunge kategorien. Dette flyet har mer plass, avansert teknologi og st\u00f8rre kapasitet. Disse fordelene skyldes flyets design som prioriterer passasjerkomfort og hastighet.&nbsp;<\/p>\r\n\r\n\r\n\r\n<p>Spesifikasjoner:<\/p>\r\n\r\n\r\n\r\n<ul class=\"wp-block-list\"><li>Passasjerer: 12;<\/li><li>Maks marsjfart: 521 mph;<\/li><li>Rekkevidde: 7349 nm;<\/li><li>Full lengde: 48 fot 4 tommer;<\/li><li>Full bredde: 8 ft 2 in;<\/li><li>Full h\u00f8yde: 6 fot 3 tommer;<\/li><li>Eget toalett;<\/li><li>Bagasjeplass: 67 kubikkmeter.<\/li><\/ul>\r\n\r\n\r\n\r\n<p>Velocity Jets tilbyr <em>Falcon 7X<\/em>, <em>Falcon 900EX Falcon 2000LX, Challenger 605, Challenger 604, Global Express, Gulfstream 650, Gulfstream 550, Gulfstream V, Gulfstream 450, Gulfstream IVSP og Gulfstream IV. <\/em>som en del av deres <a href=\"https:\/\/velocityjets.com\/aircraft\/heavy-jets\/available-heavy-jets\" target=\"_blank\" rel=\"noopener\">katalog over store privatfly<\/a>.<\/p>\r\n\r\n\r\n\r\n<h2 class=\"wp-block-heading\"><span class=\"ez-toc-section\" id=\"Conclusion\"><\/span>Konklusjon<span class=\"ez-toc-section-end\"><\/span><\/h2>\r\n\r\n\r\n\r\n<figure class=\"wp-block-image size-full is-style-default\"><img loading=\"lazy\" decoding=\"async\" width=\"1000\" height=\"667\" src=\"https:\/\/comparemyjet.com\/wp-content\/uploads\/2022\/06\/woman.in_.blue_.dress_.enjoying.view_.from_.private.jet_.jpg\" alt=\"\" class=\"wp-image-2997\" srcset=\"https:\/\/comparemyjet.com\/wp-content\/uploads\/2022\/06\/woman.in_.blue_.dress_.enjoying.view_.from_.private.jet_-18x12.jpg 18w, https:\/\/comparemyjet.com\/wp-content\/uploads\/2022\/06\/woman.in_.blue_.dress_.enjoying.view_.from_.private.jet_-300x200.jpg 300w, https:\/\/comparemyjet.com\/wp-content\/uploads\/2022\/06\/woman.in_.blue_.dress_.enjoying.view_.from_.private.jet_-768x512.jpg 768w, https:\/\/comparemyjet.com\/wp-content\/uploads\/2022\/06\/woman.in_.blue_.dress_.enjoying.view_.from_.private.jet_.jpg 1000w\" sizes=\"auto, (max-width: 1000px) 100vw, 1000px\" \/><\/figure>\r\n\r\n\r\n\r\n<p>Siden Velocity Jets verken eier eller opererer fly, st\u00e5r de fritt til \u00e5 foresl\u00e5 de flyene som passer best for den enkelte kunde. Alle operat\u00f8rer som Velocity Jets bruker, er FAA Part 135-operat\u00f8rer, if\u00f8lge Argus\/US og Wyvern, de to mest fremtredende tredjepartsorganisasjonene for flysikkerhetsrevisjon i landet. Velocity Jets er bransjeledende p\u00e5 grunn av sin forpliktelse til \u00e5 tilby kundene sikre og kvalifiserte fly og flybesetninger til konkurransedyktige priser.<\/p>","protected":false},"excerpt":{"rendered":"<p>Medlemskap i private jetfly, salg og administrasjon av fly og internasjonal flycharter med fokus p\u00e5 enveisreiser er bare noen av tjenestene Velocity Jets tilbyr. Dette internasjonale flycharterselskapet garanterer f\u00f8rsteklasses assistanse fra kunnskapsrike fagfolk i luftfartsbransjen som vil im\u00f8tekomme alle spesifikke krav. La oss g\u00e5 n\u00e6rmere inn p\u00e5 ...<\/p>","protected":false},"author":2,"featured_media":3597,"parent":0,"menu_order":0,"comment_status":"closed","ping_status":"closed","template":"","meta":{"_acf_changed":false,"_genesis_hide_title":false,"_genesis_hide_breadcrumbs":false,"_genesis_hide_singular_image":false,"_genesis_hide_footer_widgets":false,"_genesis_custom_body_class":"","_genesis_custom_post_class":"","_genesis_layout":"","footnotes":""},"class_list":{"1":"page","2":"type-page","6":"entry"},"acf":[],"_links":{"self":[{"href":"https:\/\/comparemyjet.com\/nb\/wp-json\/wp\/v2\/pages\/3596","targetHints":{"allow":["GET"]}}],"collection":[{"href":"https:\/\/comparemyjet.com\/nb\/wp-json\/wp\/v2\/pages"}],"about":[{"href":"https:\/\/comparemyjet.com\/nb\/wp-json\/wp\/v2\/types\/page"}],"author":[{"embeddable":true,"href":"https:\/\/comparemyjet.com\/nb\/wp-json\/wp\/v2\/users\/2"}],"replies":[{"embeddable":true,"href":"https:\/\/comparemyjet.com\/nb\/wp-json\/wp\/v2\/comments?post=3596"}],"version-history":[{"count":2,"href":"https:\/\/comparemyjet.com\/nb\/wp-json\/wp\/v2\/pages\/3596\/revisions"}],"predecessor-version":[{"id":3678,"href":"https:\/\/comparemyjet.com\/nb\/wp-json\/wp\/v2\/pages\/3596\/revisions\/3678"}],"wp:featuredmedia":[{"embeddable":true,"href":"https:\/\/comparemyjet.com\/nb\/wp-json\/wp\/v2\/media\/3597"}],"wp:attachment":[{"href":"https:\/\/comparemyjet.com\/nb\/wp-json\/wp\/v2\/media?parent=3596"}],"curies":[{"name":"wp","href":"https:\/\/api.w.org\/{rel}","templated":true}]}}