{"id":3697,"date":"2022-11-19T02:19:51","date_gmt":"2022-11-19T02:19:51","guid":{"rendered":"https:\/\/comparemyjet.com\/?page_id=3697"},"modified":"2025-09-04T10:03:16","modified_gmt":"2025-09-04T10:03:16","slug":"honda","status":"publish","type":"page","link":"https:\/\/comparemyjet.com\/nb\/honda\/","title":{"rendered":"Den ultimate guiden til Hondas private jetfly og luftfart\u00f8yer"},"content":{"rendered":"<p>Honda Aircraft Company er en flyprodusent som bruker den nyeste teknologien og innovasjonen innen luftfart til \u00e5 produsere sine velkjente HondaJet-fly. Det som startet som et forskningsprosjekt i 1997, er i dag en veletablert jetflyprodusent og et heleid datterselskap av Honda Motor.&nbsp;<\/p>\r\n\r\n\r\n\r\n<p>Selskapets hovedkontor ligger p\u00e5 Piedmont Triad International Airport i Greensboro, North Carolina. Det var p\u00e5 denne flyplassen at den f\u00f8rste HondaJet-prototypen ble satt sammen, og hvor flytestingen ble utf\u00f8rt.<\/p>\r\n\r\n\r\n\r\n<p>La oss se hvordan selskapet ble til.<\/p>\r\n\r\n\r\n\r\n<div id=\"ez-toc-container\" class=\"ez-toc-v2_0_76 counter-hierarchy ez-toc-counter ez-toc-grey ez-toc-container-direction\">\n<p class=\"ez-toc-title\" style=\"cursor:inherit\">Temaer<\/p>\n<label for=\"ez-toc-cssicon-toggle-item-69e248ac761c7\" class=\"ez-toc-cssicon-toggle-label\"><span class=\"\"><span class=\"eztoc-hide\" style=\"display:none;\">Toggle<\/span><span class=\"ez-toc-icon-toggle-span\"><svg style=\"fill: #999;color:#999\" xmlns=\"http:\/\/www.w3.org\/2000\/svg\" class=\"list-377408\" width=\"20px\" height=\"20px\" viewbox=\"0 0 24 24\" fill=\"none\"><path d=\"M6 6H4v2h2V6zm14 0H8v2h12V6zM4 11h2v2H4v-2zm16 0H8v2h12v-2zM4 16h2v2H4v-2zm16 0H8v2h12v-2z\" fill=\"currentColor\"><\/path><\/svg><svg style=\"fill: #999;color:#999\" class=\"arrow-unsorted-368013\" xmlns=\"http:\/\/www.w3.org\/2000\/svg\" width=\"10px\" height=\"10px\" viewbox=\"0 0 24 24\" version=\"1.2\" baseprofile=\"tiny\"><path d=\"M18.2 9.3l-6.2-6.3-6.2 6.3c-.2.2-.3.4-.3.7s.1.5.3.7c.2.2.4.3.7.3h11c.3 0 .5-.1.7-.3.2-.2.3-.5.3-.7s-.1-.5-.3-.7zM5.8 14.7l6.2 6.3 6.2-6.3c.2-.2.3-.5.3-.7s-.1-.5-.3-.7c-.2-.2-.4-.3-.7-.3h-11c-.3 0-.5.1-.7.3-.2.2-.3.5-.3.7s.1.5.3.7z\"\/><\/svg><\/span><\/span><\/label><input type=\"checkbox\"  id=\"ez-toc-cssicon-toggle-item-69e248ac761c7\" checked aria-label=\"Toggle\" \/><nav><ul class='ez-toc-list ez-toc-list-level-1' ><li class='ez-toc-page-1 ez-toc-heading-level-2'><a class=\"ez-toc-link ez-toc-heading-1\" href=\"https:\/\/comparemyjet.com\/nb\/honda\/#About_the_Company\" >Om selskapet<\/a><\/li><li class='ez-toc-page-1 ez-toc-heading-level-2'><a class=\"ez-toc-link ez-toc-heading-2\" href=\"https:\/\/comparemyjet.com\/nb\/honda\/#Products_and_Services\" >Produkter og tjenester&nbsp;<\/a><\/li><li class='ez-toc-page-1 ez-toc-heading-level-2'><a class=\"ez-toc-link ez-toc-heading-3\" href=\"https:\/\/comparemyjet.com\/nb\/honda\/#Aircraft_Types\" >Flytyper<\/a><ul class='ez-toc-list-level-3' ><li class='ez-toc-heading-level-3'><a class=\"ez-toc-link ez-toc-heading-4\" href=\"https:\/\/comparemyjet.com\/nb\/honda\/#Business_Aircraft\" >Forretningsfly<\/a><ul class='ez-toc-list-level-4' ><li class='ez-toc-heading-level-4'><a class=\"ez-toc-link ez-toc-heading-5\" href=\"https:\/\/comparemyjet.com\/nb\/honda\/#HondaJet_Classic\" >HondaJet Classic<\/a><\/li><li class='ez-toc-page-1 ez-toc-heading-level-4'><a class=\"ez-toc-link ez-toc-heading-6\" href=\"https:\/\/comparemyjet.com\/nb\/honda\/#HondaJet_APMG\" >HondaJet APMG<\/a><\/li><li class='ez-toc-page-1 ez-toc-heading-level-4'><a class=\"ez-toc-link ez-toc-heading-7\" href=\"https:\/\/comparemyjet.com\/nb\/honda\/#HondaJet_Elite_S\" >HondaJet Elite S<\/a><\/li><li class='ez-toc-page-1 ez-toc-heading-level-4'><a class=\"ez-toc-link ez-toc-heading-8\" href=\"https:\/\/comparemyjet.com\/nb\/honda\/#Hondajet_2600_Concept\" >Hondajet 2600-konseptet<\/a><\/li><\/ul><\/li><li class='ez-toc-page-1 ez-toc-heading-level-3'><a class=\"ez-toc-link ez-toc-heading-9\" href=\"https:\/\/comparemyjet.com\/nb\/honda\/#Most_Famous_Aircraft_by_the_Company\" >Selskapets mest ber\u00f8mte fly<\/a><\/li><\/ul><\/li><li class='ez-toc-page-1 ez-toc-heading-level-2'><a class=\"ez-toc-link ez-toc-heading-10\" href=\"https:\/\/comparemyjet.com\/nb\/honda\/#Safety\" >Sikkerhet&nbsp;<\/a><\/li><li class='ez-toc-page-1 ez-toc-heading-level-2'><a class=\"ez-toc-link ez-toc-heading-11\" href=\"https:\/\/comparemyjet.com\/nb\/honda\/#Sustainability\" >B\u00e6rekraft&nbsp;<\/a><\/li><li class='ez-toc-page-1 ez-toc-heading-level-2'><a class=\"ez-toc-link ez-toc-heading-12\" href=\"https:\/\/comparemyjet.com\/nb\/honda\/#Innovations\" >Innovasjoner<\/a><\/li><li class='ez-toc-page-1 ez-toc-heading-level-2'><a class=\"ez-toc-link ez-toc-heading-13\" href=\"https:\/\/comparemyjet.com\/nb\/honda\/#Conclusion\" >Konklusjon<\/a><\/li><\/ul><\/nav><\/div>\n<h2 class=\"wp-block-heading\"><span class=\"ez-toc-section\" id=\"About_the_Company\"><\/span>Om selskapet<span class=\"ez-toc-section-end\"><\/span><\/h2>\r\n\r\n\r\n\r\n<figure class=\"wp-block-image size-full is-style-default\"><img loading=\"lazy\" decoding=\"async\" width=\"1000\" height=\"667\" src=\"https:\/\/comparemyjet.com\/wp-content\/uploads\/2022\/11\/honda.logo_.jpg\" alt=\"Honda\" class=\"wp-image-3700\" srcset=\"https:\/\/comparemyjet.com\/wp-content\/uploads\/2022\/11\/honda.logo_-18x12.jpg 18w, https:\/\/comparemyjet.com\/wp-content\/uploads\/2022\/11\/honda.logo_-300x200.jpg 300w, https:\/\/comparemyjet.com\/wp-content\/uploads\/2022\/11\/honda.logo_-768x512.jpg 768w, https:\/\/comparemyjet.com\/wp-content\/uploads\/2022\/11\/honda.logo_.jpg 1000w\" sizes=\"auto, (max-width: 1000px) 100vw, 1000px\" \/><\/figure>\r\n\r\n\r\n\r\n<p>Hideto Yamasaki, ny administrerende direkt\u00f8r i Honda Aircraft, tiltr\u00e5dte stillingen 1. april 2022, etter at Michimasa Fujino, tidligere styreleder og administrerende direkt\u00f8r i Honda Aircraft, gikk av med pensjon 31. mars.&nbsp;<\/p>\r\n\r\n\r\n\r\n<p>I begynnelsen av det som senere skulle bli Honda Aircraft, var den talentfulle romfartsingeni\u00f8ren Michimasa Fujino ansvarlig for forskningsprosjektet som startet i 1986 i USA og fokuserte p\u00e5 lette fly og jetmotorer, og som fortsatte i 1988 med konstruksjonsdesignet. I 1993 begynte flytestingen av MH-02, Michimasa Fujinos prosjekt - et f\u00f8rste jetfly i kompositt. Honda satte til slutt en stopper for prosjektet i 1996 p\u00e5 grunn av en \u00f8konomisk krise i Japan.<\/p>\r\n\r\n\r\n\r\n<p>1997 markerte begynnelsen p\u00e5 utviklingen av HondaJet. Den 3. desember 2003 steg prototypen av HondaJet opp i luften for f\u00f8rste gang, drevet av to turbofanmotorer designet og produsert av Honda. Den 9. desember 2015 innvilget FAA sertifisering til HondaJet, etter at HondaJet hadde v\u00e6rt under utvikling i mange \u00e5r og hadde samarbeidet med GE Aviation om \u00e5 utvikle HF120-motoren.<\/p>\r\n\r\n\r\n\r\n<p>HondaJet gjorde sin f\u00f8rste offentlige opptreden p\u00e5 EAA AirVenture Oshkosh i 2005. \u00c5ret etter ble Honda Aircraft formelt opprettet, med Fujino som administrerende direkt\u00f8r. Under National Business Aviation Association-konferansen i 2006 begynte selskapet \u00e5 ta imot bestillinger og fikk raskt over hundre leveranser. Dette var \u00e5ret da selskapet ble etablert som et heleid datterselskap av Honda Motor.<\/p>\r\n\r\n\r\n\r\n<p>Produksjonen av HA-420 HondaJets startet i 2012 ved det spesialbygde anlegget i Greensboro i North Carolina. Deretter, i 2013, ble HF120-turbofanmotoren sertifisert av FAA, og i 2014 fant jomfruturen med en produksjonsversjon sted. 2018 <a href=\"https:\/\/comparemyjet.com\/nb\/hotels\/saw-hotels\/\" data-internallinksmanager029f6b8e52c=\"513\" title=\"De 11 beste hotellene i n\u00e6rheten av Sabiha G\u00f6k\u00e7en internasjonale lufthavn\">sag<\/a> lanseringen av HondaJet Elite, en forbedret versjon av HA-420.<\/p>\r\n\r\n\r\n\r\n<p>I 2017 og 2018 var Elite det lettflyet som Honda leverte flest av p\u00e5 verdensbasis.<\/p>\r\n\r\n\r\n\r\n<p>Siden den gang har jetflyet gjennomg\u00e5tt stadige forbedringer, blant annet med \u00f8kt rekkevidde. Honda Aircraft har dessuten \u00f8kt produksjonskapasiteten ved fabrikken i Greensboro i North Carolina, og selskapet produserer i dag det meste av flykroppen og vingene. HondaJet Elite S er den nyeste tilgjengelige modellen.<\/p>\r\n\r\n\r\n\r\n<h2 class=\"wp-block-heading\"><span class=\"ez-toc-section\" id=\"Products_and_Services\"><\/span>Produkter og tjenester&nbsp;<span class=\"ez-toc-section-end\"><\/span><\/h2>\r\n\r\n\r\n\r\n<p>Honda Aircraft har nylig bekreftet utvidelsen av HondaJets kundeservicesystem med fire nye avdelinger:&nbsp;<\/p>\r\n\r\n\r\n\r\n<ul class=\"wp-block-list\">\r\n<li>Selangor, Malaysia&nbsp;<\/li>\r\n\r\n\r\n\r\n<li>Bournemouth, Storbritannia&nbsp;<\/li>\r\n\r\n\r\n\r\n<li><a href=\"https:\/\/comparemyjet.com\/nb\/private-tours\/portland-private-tours\/\" data-internallinksmanager029f6b8e52c=\"432\" title=\"11 beste private turer i Portland fra $48.00\">Portland<\/a>, Oregon&nbsp;<\/li>\r\n\r\n\r\n\r\n<li>og <a href=\"https:\/\/comparemyjet.com\/nb\/private-tours\/sacramento-private-tours\/\" data-internallinksmanager029f6b8e52c=\"434\" title=\"11 beste private turer i Sacramento fra $7.99\">Sacramento<\/a>, California&nbsp;<\/li>\r\n<\/ul>\r\n\r\n\r\n\r\n<p>Dette bringer det totale antallet lokasjoner i HondaJets kundeservicenettverk opp i 21 p\u00e5 verdensbasis og 12 i Nord-Amerika. Selskapets f\u00f8rste kontor i S\u00f8r\u00f8st-Asia ligger for \u00f8yeblikket i Malaysia.&nbsp;<\/p>\r\n\r\n\r\n\r\n<h2 class=\"wp-block-heading\"><span class=\"ez-toc-section\" id=\"Aircraft_Types\"><\/span>Flytyper<span class=\"ez-toc-section-end\"><\/span><\/h2>\r\n\r\n\r\n\r\n<figure class=\"wp-block-image size-full is-style-default\"><img loading=\"lazy\" decoding=\"async\" width=\"1000\" height=\"714\" src=\"https:\/\/comparemyjet.com\/wp-content\/uploads\/2022\/11\/honda.jet_.jpg\" alt=\"\" class=\"wp-image-3699\" srcset=\"https:\/\/comparemyjet.com\/wp-content\/uploads\/2022\/11\/honda.jet_-18x12.jpg 18w, https:\/\/comparemyjet.com\/wp-content\/uploads\/2022\/11\/honda.jet_-300x214.jpg 300w, https:\/\/comparemyjet.com\/wp-content\/uploads\/2022\/11\/honda.jet_-768x548.jpg 768w, https:\/\/comparemyjet.com\/wp-content\/uploads\/2022\/11\/honda.jet_.jpg 1000w\" sizes=\"auto, (max-width: 1000px) 100vw, 1000px\" \/><\/figure>\r\n\r\n\r\n\r\n<h3 class=\"wp-block-heading\"><span class=\"ez-toc-section\" id=\"Business_Aircraft\"><\/span>Forretningsfly<span class=\"ez-toc-section-end\"><\/span><\/h3>\r\n\r\n\r\n\r\n<h4 class=\"wp-block-heading\"><span class=\"ez-toc-section\" id=\"HondaJet_Classic\"><\/span>HondaJet Classic<span class=\"ez-toc-section-end\"><\/span><\/h4>\r\n\r\n\r\n\r\n<p>Den f\u00f8rste HondaJet er et sv\u00e6rt lett jetfly som er ansvarlig for flere nyvinninger i flyindustrien.<\/p>\r\n\r\n\r\n\r\n<p>Motorfestet over vingen er et resultat av grundig forskning og utvikling fra Hondas side, som f\u00f8rte til design og validering. Denne banebrytende teknologien muliggj\u00f8r kategoriledende fremskritt, som for eksempel en mer stilleg\u00e5ende og romslig kup\u00e9 og bedre drivstoff\u00f8konomi.<\/p>\r\n\r\n\r\n\r\n<p>Denne innovative tekniske l\u00f8sningen f\u00f8rer til h\u00f8y marsjfart og forbedret effektivitet ved bruk av bensin. Skroget p\u00e5 HondaJet er laget av lett komposittmateriale, i motsetning til aluminium som brukes i de fleste jetfly.&nbsp;<\/p>\r\n\r\n\r\n\r\n<p>Spesifikasjoner:<\/p>\r\n\r\n\r\n\r\n<ul class=\"wp-block-list\">\r\n<li>Full lengde: 42 fot 6 tommer;<\/li>\r\n\r\n\r\n\r\n<li>Utvendig h\u00f8yde: 14 fot 9 tommer;<\/li>\r\n\r\n\r\n\r\n<li>Vingespenn: 39 fot 8 tommer;<\/li>\r\n\r\n\r\n\r\n<li>Kabinh\u00f8yde: 4 fot 8 tommer;<\/li>\r\n\r\n\r\n\r\n<li>Kabinelengde: 12 ft 1 in;<\/li>\r\n\r\n\r\n\r\n<li>Kabinbredde: 5 fot<\/li>\r\n\r\n\r\n\r\n<li>Rekkevidde: 1 223 nm;<\/li>\r\n\r\n\r\n\r\n<li>Bagasjeplass: 66 kubikkmeter;<\/li>\r\n\r\n\r\n\r\n<li>Maksimal marsjfart: 422 ktas.<\/li>\r\n<\/ul>\r\n\r\n\r\n\r\n<h4 class=\"wp-block-heading\"><span class=\"ez-toc-section\" id=\"HondaJet_APMG\"><\/span>HondaJet APMG<span class=\"ez-toc-section-end\"><\/span><\/h4>\r\n\r\n\r\n\r\n<p>Honda har et kompromissl\u00f8st fokus p\u00e5 effektivitet og en vedvarende innsats for \u00e5 skape gjennombrudd innen struktur, produksjon og innovasjon. Dette er en av grunnene til selskapets suksess. Det nyeste resultatet av denne innsatsen er HondaJet APMG. P\u00e5 grunn av den kortere startbanen gir HondaJet APMG passasjerene bedre tilgang til flyplassen i ulike omgivelser.<\/p>\r\n\r\n\r\n\r\n<p>Spesifikasjoner:<\/p>\r\n\r\n\r\n\r\n<ul class=\"wp-block-list\">\r\n<li>Passasjerer: 6;<\/li>\r\n\r\n\r\n\r\n<li>Full lengde: 41 fot;<\/li>\r\n\r\n\r\n\r\n<li>Vingespenn: 40 ft 1 in;<\/li>\r\n\r\n\r\n\r\n<li>Utvendig h\u00f8yde: 13 ft 1 in;<\/li>\r\n\r\n\r\n\r\n<li>Kabinelengde: 15 fot 1 tommer;<\/li>\r\n\r\n\r\n\r\n<li>Kabinbredde: 4 fot 11 tommer;<\/li>\r\n\r\n\r\n\r\n<li>Kabinh\u00f8yde: 4 fot 11 tommer;<\/li>\r\n\r\n\r\n\r\n<li>Maksimal cruisehastighet: 485 miles;<\/li>\r\n\r\n\r\n\r\n<li>Rekkevidde: 1404 miles;<\/li>\r\n\r\n\r\n\r\n<li>Mannskap: 1-2.<\/li>\r\n<\/ul>\r\n\r\n\r\n\r\n<h4 class=\"wp-block-heading\"><span class=\"ez-toc-section\" id=\"HondaJet_Elite_S\"><\/span>HondaJet Elite S<span class=\"ez-toc-section-end\"><\/span><\/h4>\r\n\r\n\r\n\r\n<p>Elite S tilh\u00f8rer kategorien lette jetfly og har en utvidet rekkevidde og forbedret teknologi som styrker flyets driftskapasitet.&nbsp;<\/p>\r\n\r\n\r\n\r\n<p>HondaJet Elite S setter standarden for verdens mest teknologisk avanserte jetfly. Det overg\u00e5r alle andre fly i sin kategori n\u00e5r det gjelder ytelse p\u00e5 grunn av de banebrytende luftfartsinnovasjonene som ble utviklet og presentert av Honda Aircraft.<\/p>\r\n\r\n\r\n\r\n<p>Forbedringene fra Honda Aircraft gj\u00f8r at HondaJet Elite S har den mest omfattende kabinen i sin kategori, et privat toalett og et milj\u00f8 som passasjerene kan styre via en smarttelefon.&nbsp;<\/p>\r\n\r\n\r\n\r\n<p>Spesifikasjoner:<\/p>\r\n\r\n\r\n\r\n<ul class=\"wp-block-list\">\r\n<li>Passasjerer: 8 til 10;<\/li>\r\n\r\n\r\n\r\n<li>Utvendig h\u00f8yde: 14 fot 11 tommer;<\/li>\r\n\r\n\r\n\r\n<li>Full lengde: 42 ft 7 in;<\/li>\r\n\r\n\r\n\r\n<li>Vingespenn: 39 fot 9 tommer;<\/li>\r\n\r\n\r\n\r\n<li>Kabinbredde: 5 fot 1 tommer;<\/li>\r\n\r\n\r\n\r\n<li>Kabinh\u00f8yde: 4 fot 11 tommer;<\/li>\r\n\r\n\r\n\r\n<li>Kabinelengde: 17 fot 10 tommer;<\/li>\r\n\r\n\r\n\r\n<li>Utvendig bagasjeplass: 60 kubikkmeter;<\/li>\r\n\r\n\r\n\r\n<li>Innvendig bagasjeplass: 10 cu ft;<\/li>\r\n\r\n\r\n\r\n<li>Maks rekkevidde: 1437 nm;<\/li>\r\n\r\n\r\n\r\n<li>Maks marsjfart: 422 km\/t;<\/li>\r\n\r\n\r\n\r\n<li>Mannskap: 1.<\/li>\r\n<\/ul>\r\n\r\n\r\n\r\n<h4 class=\"wp-block-heading\"><span class=\"ez-toc-section\" id=\"Hondajet_2600_Concept\"><\/span>Hondajet 2600-konseptet<span class=\"ez-toc-section-end\"><\/span><\/h4>\r\n\r\n\r\n\r\n<p>Honda Aircraft Company kom opp med <a href=\"https:\/\/www.hondajet.com\/en\/Products\/HondaJet-2600-Concept\" target=\"_blank\" rel=\"noopener\">HondaJet 2600-konseptet<\/a> for \u00e5 m\u00f8te utfordringene som ligger foran luftfartsindustrien. HondaJet 2600 kan foreta nonstop transkontinentale reiser over hele USA, takket v\u00e6re utviklingen av innovativ flyteknologi. I tillegg til \u00e5 tilby komfortabel innkvartering og rikelig med oppbevaringsplass for reiseutstyr, oppn\u00e5r kabinen ogs\u00e5 en uovertruffen drivstoff\u00f8konomi.<\/p>\r\n\r\n\r\n\r\n<p>Kabininteri\u00f8ret er modul\u00e6rt og sv\u00e6rt tilpasningsdyktig, bygget for \u00e5 im\u00f8tekomme ulike kunders behov.&nbsp;<\/p>\r\n\r\n\r\n\r\n<p>Honda fortsetter \u00e5 innovere HondaJet 2600, som ble vist for f\u00f8rste gang p\u00e5 2021-messen. <a href=\"https:\/\/ebace.aero\/2022\/\" target=\"_blank\" rel=\"noopener\">Konferanse og messe for forretningsflyging<\/a> arrangert av <a href=\"https:\/\/nbaa.org\/\" target=\"_blank\" rel=\"noopener\">National Business Aviation Association<\/a>. Designforbedringene bidro til \u00e5 forenkle systemene, noe som resulterte i at flyet ble lettere, mer driftssikkert og enklere \u00e5 vedlikeholde gjennom hele levetiden.<\/p>\r\n\r\n\r\n\r\n<p>Spesifikasjoner:<\/p>\r\n\r\n\r\n\r\n<ul class=\"wp-block-list\">\r\n<li>Passasjerer: 9 til 10;<\/li>\r\n\r\n\r\n\r\n<li>Full lengde 57 fot 8 tommer;<\/li>\r\n\r\n\r\n\r\n<li>Vingespenn 56 fot 7 tommer;<\/li>\r\n\r\n\r\n\r\n<li>Utvendig h\u00f8yde 15 fot 9 tommer;<\/li>\r\n\r\n\r\n\r\n<li>Kabinelengde 25 fot 4 tommer;<\/li>\r\n\r\n\r\n\r\n<li>Kabinbredde 5 fot;<\/li>\r\n\r\n\r\n\r\n<li>Kabinh\u00f8yde 5 fot 2 tommer;<\/li>\r\n\r\n\r\n\r\n<li>Maks marsjfart: 450 km\/t;<\/li>\r\n\r\n\r\n\r\n<li>Maksimal rekkevidde: 2625 nm;<\/li>\r\n\r\n\r\n\r\n<li>Bagasjeplass: 120 kubikkmeter;<\/li>\r\n\r\n\r\n\r\n<li>Mannskap: 1.<\/li>\r\n<\/ul>\r\n\r\n\r\n\r\n<h3 class=\"wp-block-heading\"><span class=\"ez-toc-section\" id=\"Most_Famous_Aircraft_by_the_Company\"><\/span>Selskapets mest ber\u00f8mte fly<span class=\"ez-toc-section-end\"><\/span><\/h3>\r\n\r\n\r\n\r\n<p>HondaJet Elite S er verdens mest sofistikerte lette forretningsfly takket v\u00e6re banebrytende innovasjoner som gj\u00f8r at det overg\u00e5r alle andre fly i sin kategori. Det stiger og holder hastigheten raskere, flyr h\u00f8yere, har mer plass, produserer mindre st\u00f8y og bruker totalt sett mindre drivstoff.<\/p>\r\n\r\n\r\n\r\n<h2 class=\"wp-block-heading\"><span class=\"ez-toc-section\" id=\"Safety\"><\/span>Sikkerhet&nbsp;<span class=\"ez-toc-section-end\"><\/span><\/h2>\r\n\r\n\r\n\r\n<p>I juni 2022 ble Honda Aircraft Company og <a href=\"https:\/\/www.flightsafety.com\/\" target=\"_blank\" rel=\"noopener\">FlightSafety International<\/a> har kunngjort en 25-\u00e5rs forlengelse av sin n\u00e5v\u00e6rende 15-\u00e5rsavtale. Denne forlengelsen vil sikre at de to selskapene vil fortsette sitt samarbeid og sin kreative innsats frem til 2047. Avtalen er en videref\u00f8ring av de to selskapenes felles innsats for \u00e5 tilby oppl\u00e6ring til HondaJet-operat\u00f8rer og -eiere med h\u00f8yest mulig sikkerhetsstandard, samtidig som det etableres en robust og langsiktig forpliktelse.<\/p>\r\n\r\n\r\n\r\n<h2 class=\"wp-block-heading\"><span class=\"ez-toc-section\" id=\"Sustainability\"><\/span>B\u00e6rekraft&nbsp;<span class=\"ez-toc-section-end\"><\/span><\/h2>\r\n\r\n\r\n\r\n<p>Forurensningsforebygging og kollektiv egenkapital er to omr\u00e5der der Honda Aircraft Company setter en ny standard i forretningsflybransjen. De bruker teknologi utviklet av morselskapet for \u00e5 forbedre flyets egenskaper og dermed \u00f8ke drivstoffeffektiviteten. Alle Hondas jetfly slipper ut mindre karbondioksid uten at det g\u00e5r p\u00e5 bekostning av funksjonaliteten. Honda kunne bare ha oppn\u00e5dd disse fremskrittene med sitt globale team av samarbeidspartnere fra til sammen over tjue nasjoner.<\/p>\r\n\r\n\r\n\r\n<p>Honda produserer mer enn bare fly med lavt drivstofforbruk. B\u00e5de <a href=\"https:\/\/global.honda\/sustainability\/environment\/blue-skies-for-our-children.html\" target=\"_blank\" rel=\"noopener\">Bl\u00e5 himmel for barna v\u00e5re<\/a> prosjektet og deres <a href=\"https:\/\/hondanews.com\/en-US\/releases\/honda-leads-all-automakers-with-eleven-leed-certified-green-buildings-in-north-america\" target=\"_blank\" rel=\"noopener\">LEED Gold-sertifisert hovedkontor<\/a> er eksempler p\u00e5 hvordan de jobber aktivt for \u00e5 redusere selskapets milj\u00f8p\u00e5virkning.<\/p>\r\n\r\n\r\n\r\n<h2 class=\"wp-block-heading\"><span class=\"ez-toc-section\" id=\"Innovations\"><\/span>Innovasjoner<span class=\"ez-toc-section-end\"><\/span><\/h2>\r\n\r\n\r\n\r\n<figure class=\"wp-block-image size-full is-style-default\"><img loading=\"lazy\" decoding=\"async\" width=\"1000\" height=\"667\" src=\"https:\/\/comparemyjet.com\/wp-content\/uploads\/2022\/11\/pilot.and_.honda_.jet_.jpg\" alt=\"\" class=\"wp-image-3701\" srcset=\"https:\/\/comparemyjet.com\/wp-content\/uploads\/2022\/11\/pilot.and_.honda_.jet_-18x12.jpg 18w, https:\/\/comparemyjet.com\/wp-content\/uploads\/2022\/11\/pilot.and_.honda_.jet_-300x200.jpg 300w, https:\/\/comparemyjet.com\/wp-content\/uploads\/2022\/11\/pilot.and_.honda_.jet_-768x512.jpg 768w, https:\/\/comparemyjet.com\/wp-content\/uploads\/2022\/11\/pilot.and_.honda_.jet_.jpg 1000w\" sizes=\"auto, (max-width: 1000px) 100vw, 1000px\" \/><\/figure>\r\n\r\n\r\n\r\n<p>Den 20. oktober 2022 introduserte selskapet \"HondaJet Elite II\". Det er et nyutviklet fly som kan skryte av en rekke viktige forbedringer b\u00e5de n\u00e5r det gjelder komfort og ytelse. I tillegg kunngjorde selskapet lanseringen av ny automatiseringsteknologi.<\/p>\r\n\r\n\r\n\r\n<p>HondaJet Elite II er ment \u00e5 v\u00e6re den raskeste og lengstflyvende i sin kategori av lette jetfly ved \u00e5 oppn\u00e5 et helt nytt niv\u00e5 av utholdenhet. Denne prestasjonen ble gjort mulig takket v\u00e6re Hondas streben etter innovasjon. Som et resultat av Elite IIs \u00f8kte rekkevidde p\u00e5 1 547 nautiske mil kan HondaJet n\u00e5 dekke et st\u00f8rre antall steder. Ytelsesforbedringene fullf\u00f8res med installasjonen av bakkestabilisatorer, som optimaliserer ytelsen i landings- og startomr\u00e5det.<\/p>\r\n\r\n\r\n\r\n<p>HondaJet er utstyrt med en rekke teknologiske fremskritt som gj\u00f8r det mulig \u00e5 oppn\u00e5 betydelig h\u00f8yere marsjfart, mer kabin- og bagasjerom og betydelig bedre drivstoffeffektivitet enn konvensjonelle fly i samme kategori.&nbsp;<\/p>\r\n\r\n\r\n\r\n<p>Blant de viktigste HondaJet-teknologiene er<\/p>\r\n\r\n\r\n\r\n<ul class=\"wp-block-list\">\r\n<li>propriet\u00e6r motormonteringsposisjon over vingen,&nbsp;<\/li>\r\n\r\n\r\n\r\n<li>en vinge og nese med naturlig lamin\u00e6r str\u00f8mning (NLF),&nbsp;<\/li>\r\n\r\n\r\n\r\n<li>og en skrogkonstruksjon helt i kompositt.&nbsp;<\/li>\r\n<\/ul>\r\n\r\n\r\n\r\n<p>Disse gjennombruddene er kulminasjonen av 20 \u00e5rs luftfartsforskning.<\/p>\r\n\r\n\r\n\r\n<p>I tillegg til at Honda Aircraft Company har erkl\u00e6rt at de vil sl\u00e5 inn p\u00e5 veien mot automatisering, planlegger de ogs\u00e5 \u00e5 lansere Autothrottle og Emergency Autoland f\u00f8r 2023. Denne retningen oppsummerer det p\u00e5g\u00e5ende arbeidet med \u00e5 forbedre HondaJet gjennom automatisering, oppgradering og sikkerhetsrelaterte fremskritt.&nbsp;<\/p>\r\n\r\n\r\n\r\n<h2 class=\"wp-block-heading\"><span class=\"ez-toc-section\" id=\"Conclusion\"><\/span>Konklusjon<span class=\"ez-toc-section-end\"><\/span><\/h2>\r\n\r\n\r\n\r\n<p>Honda-selskapet skaper fly ved hjelp av den mest avanserte luftfartsteknologien med m\u00e5l om \u00e5 revolusjonere reiselivet. Hvert eneste HondaJet-fly benytter moderne teknologi for \u00e5 oppfylle ulike krav til eiere og bedrifter, medisinsk evakuering og andre kritiske operasjoner. Honda gj\u00f8r fordelene ved privatflyging mer tilgjengelig for et st\u00f8rre publikum ved \u00e5 utvikle raske, sikre og \u00f8konomiske fly.<\/p>","protected":false},"excerpt":{"rendered":"<p>Honda Aircraft Company er en flyprodusent som bruker den nyeste teknologien og innovasjonen innen luftfart til \u00e5 produsere sine velkjente HondaJet-fly. Det som startet som et forskningsprosjekt i 1997, er i dag en veletablert jetflyprodusent og et heleid datterselskap av Honda Motor.  Selskapets hovedkvarter ligger p\u00e5 Piedmont Triad International Airport i Greensboro, North ...<\/p>","protected":false},"author":2,"featured_media":3698,"parent":0,"menu_order":0,"comment_status":"closed","ping_status":"closed","template":"","meta":{"_acf_changed":false,"_genesis_hide_title":false,"_genesis_hide_breadcrumbs":false,"_genesis_hide_singular_image":false,"_genesis_hide_footer_widgets":false,"_genesis_custom_body_class":"","_genesis_custom_post_class":"","_genesis_layout":"","footnotes":""},"class_list":{"1":"page","2":"type-page","6":"entry"},"acf":[],"_links":{"self":[{"href":"https:\/\/comparemyjet.com\/nb\/wp-json\/wp\/v2\/pages\/3697","targetHints":{"allow":["GET"]}}],"collection":[{"href":"https:\/\/comparemyjet.com\/nb\/wp-json\/wp\/v2\/pages"}],"about":[{"href":"https:\/\/comparemyjet.com\/nb\/wp-json\/wp\/v2\/types\/page"}],"author":[{"embeddable":true,"href":"https:\/\/comparemyjet.com\/nb\/wp-json\/wp\/v2\/users\/2"}],"replies":[{"embeddable":true,"href":"https:\/\/comparemyjet.com\/nb\/wp-json\/wp\/v2\/comments?post=3697"}],"version-history":[{"count":3,"href":"https:\/\/comparemyjet.com\/nb\/wp-json\/wp\/v2\/pages\/3697\/revisions"}],"predecessor-version":[{"id":3772,"href":"https:\/\/comparemyjet.com\/nb\/wp-json\/wp\/v2\/pages\/3697\/revisions\/3772"}],"wp:featuredmedia":[{"embeddable":true,"href":"https:\/\/comparemyjet.com\/nb\/wp-json\/wp\/v2\/media\/3698"}],"wp:attachment":[{"href":"https:\/\/comparemyjet.com\/nb\/wp-json\/wp\/v2\/media?parent=3697"}],"curies":[{"name":"wp","href":"https:\/\/api.w.org\/{rel}","templated":true}]}}