{"id":4008,"date":"2023-01-19T03:34:40","date_gmt":"2023-01-19T03:34:40","guid":{"rendered":"https:\/\/comparemyjet.com\/?page_id=4008"},"modified":"2025-09-04T10:03:16","modified_gmt":"2025-09-04T10:03:16","slug":"gulfstream","status":"publish","type":"page","link":"https:\/\/comparemyjet.com\/nb\/gulfstream\/","title":{"rendered":"Den ultimate guiden til Gulfstream private jetfly og fly"},"content":{"rendered":"<p>Gulfstream Aerospace er et heleid datterselskap av General Dynamics. Denne amerikanske flyprodusenten designer, utvikler, markedsf\u00f8rer og vedlikeholder forretningsfly og andre fly, og har produsert mer enn 2000 forskjellige flytyper siden oppstarten i 1958.<\/p>\r\n\r\n\r\n\r\n<p>Gulfstream Aerospaces hovedkontor ligger i Savannah, Georgia, og Mark Burns er selskapets president.<\/p>\r\n\r\n\r\n\r\n<p>Likevel driver de virksomhet p\u00e5 global skala og har lokasjoner p\u00e5 forskjellige steder:<\/p>\r\n\r\n\r\n\r\n<ul class=\"wp-block-list\">\r\n<li>Savannah og Brunswick, Georgia;&nbsp;<\/li>\r\n\r\n\r\n\r\n<li><a href=\"https:\/\/comparemyjet.com\/nb\/private-jet-charters-to-dallas\/\" data-internallinksmanager029f6b8e52c=\"195\" title=\"Privatflycharter til Dallas\">Dallas<\/a>, Texas;&nbsp;<\/li>\r\n\r\n\r\n\r\n<li>Appleton, Wisconsin;&nbsp;<\/li>\r\n\r\n\r\n\r\n<li>Lincoln, California;&nbsp;<\/li>\r\n\r\n\r\n\r\n<li><a href=\"https:\/\/comparemyjet.com\/nb\/private-tours\/las-vegas-private-tours\/\" data-internallinksmanager029f6b8e52c=\"419\" title=\"11 beste private turer i Las Vegas fra $90.00\">Las Vegas<\/a>Nevada;&nbsp;<\/li>\r\n\r\n\r\n\r\n<li>Long Beach, California;&nbsp;<\/li>\r\n\r\n\r\n\r\n<li><a href=\"https:\/\/comparemyjet.com\/nb\/private-tours\/london-private-tours\/\" data-internallinksmanager029f6b8e52c=\"396\" title=\"De 11 beste private turene i London fra $104.69\">London<\/a>, England;&nbsp;<\/li>\r\n\r\n\r\n\r\n<li>Mexicali, Mexico;&nbsp;<\/li>\r\n\r\n\r\n\r\n<li><a href=\"https:\/\/comparemyjet.com\/nb\/private-tours\/west-palm-beach-private-tours\/\" data-internallinksmanager029f6b8e52c=\"441\" title=\"11 beste private turer i West Palm Beach fra $130.00\">West Palm Beach<\/a>...Florida;<\/li>\r\n\r\n\r\n\r\n<li>og Westfield, Massachusetts.<\/li>\r\n<\/ul>\r\n\r\n\r\n\r\n<div id=\"ez-toc-container\" class=\"ez-toc-v2_0_76 counter-hierarchy ez-toc-counter ez-toc-grey ez-toc-container-direction\">\n<p class=\"ez-toc-title\" style=\"cursor:inherit\">Temaer<\/p>\n<label for=\"ez-toc-cssicon-toggle-item-69fa195cc518d\" class=\"ez-toc-cssicon-toggle-label\"><span class=\"\"><span class=\"eztoc-hide\" style=\"display:none;\">Toggle<\/span><span class=\"ez-toc-icon-toggle-span\"><svg style=\"fill: #999;color:#999\" xmlns=\"http:\/\/www.w3.org\/2000\/svg\" class=\"list-377408\" width=\"20px\" height=\"20px\" viewbox=\"0 0 24 24\" fill=\"none\"><path d=\"M6 6H4v2h2V6zm14 0H8v2h12V6zM4 11h2v2H4v-2zm16 0H8v2h12v-2zM4 16h2v2H4v-2zm16 0H8v2h12v-2z\" fill=\"currentColor\"><\/path><\/svg><svg style=\"fill: #999;color:#999\" class=\"arrow-unsorted-368013\" xmlns=\"http:\/\/www.w3.org\/2000\/svg\" width=\"10px\" height=\"10px\" viewbox=\"0 0 24 24\" version=\"1.2\" baseprofile=\"tiny\"><path d=\"M18.2 9.3l-6.2-6.3-6.2 6.3c-.2.2-.3.4-.3.7s.1.5.3.7c.2.2.4.3.7.3h11c.3 0 .5-.1.7-.3.2-.2.3-.5.3-.7s-.1-.5-.3-.7zM5.8 14.7l6.2 6.3 6.2-6.3c.2-.2.3-.5.3-.7s-.1-.5-.3-.7c-.2-.2-.4-.3-.7-.3h-11c-.3 0-.5.1-.7.3-.2.2-.3.5-.3.7s.1.5.3.7z\"\/><\/svg><\/span><\/span><\/label><input type=\"checkbox\"  id=\"ez-toc-cssicon-toggle-item-69fa195cc518d\" checked aria-label=\"Toggle\" \/><nav><ul class='ez-toc-list ez-toc-list-level-1' ><li class='ez-toc-page-1 ez-toc-heading-level-2'><a class=\"ez-toc-link ez-toc-heading-1\" href=\"https:\/\/comparemyjet.com\/nb\/gulfstream\/#Company_History\" >Selskapets historie<\/a><\/li><li class='ez-toc-page-1 ez-toc-heading-level-2'><a class=\"ez-toc-link ez-toc-heading-2\" href=\"https:\/\/comparemyjet.com\/nb\/gulfstream\/#Gulfstream_Services\" >Gulfstream Services&nbsp;<\/a><\/li><li class='ez-toc-page-1 ez-toc-heading-level-2'><a class=\"ez-toc-link ez-toc-heading-3\" href=\"https:\/\/comparemyjet.com\/nb\/gulfstream\/#Products_and_Aircraft_Types\" >Produkter og flytyper<\/a><ul class='ez-toc-list-level-3' ><li class='ez-toc-heading-level-3'><a class=\"ez-toc-link ez-toc-heading-4\" href=\"https:\/\/comparemyjet.com\/nb\/gulfstream\/#Most_Famous_Aircraft_by_the_Company\" >Selskapets mest ber\u00f8mte fly<\/a><ul class='ez-toc-list-level-4' ><li class='ez-toc-heading-level-4'><a class=\"ez-toc-link ez-toc-heading-5\" href=\"https:\/\/comparemyjet.com\/nb\/gulfstream\/#Gulfstream_G500\" >Gulfstream G500<\/a><\/li><li class='ez-toc-page-1 ez-toc-heading-level-4'><a class=\"ez-toc-link ez-toc-heading-6\" href=\"https:\/\/comparemyjet.com\/nb\/gulfstream\/#Gulfstream_G450\" >Gulfstream G450<\/a><\/li><li class='ez-toc-page-1 ez-toc-heading-level-4'><a class=\"ez-toc-link ez-toc-heading-7\" href=\"https:\/\/comparemyjet.com\/nb\/gulfstream\/#Gulfstream_G150\" >Gulfstream G150<\/a><\/li><li class='ez-toc-page-1 ez-toc-heading-level-4'><a class=\"ez-toc-link ez-toc-heading-8\" href=\"https:\/\/comparemyjet.com\/nb\/gulfstream\/#Gulfstream_G650\" >Gulfstream G650<\/a><\/li><li class='ez-toc-page-1 ez-toc-heading-level-4'><a class=\"ez-toc-link ez-toc-heading-9\" href=\"https:\/\/comparemyjet.com\/nb\/gulfstream\/#Gulfstream_G550\" >Gulfstream G550<\/a><\/li><li class='ez-toc-page-1 ez-toc-heading-level-4'><a class=\"ez-toc-link ez-toc-heading-10\" href=\"https:\/\/comparemyjet.com\/nb\/gulfstream\/#New_Additions_to_the_Fleet\" >Nye tilskudd til fl\u00e5ten<\/a><\/li><\/ul><\/li><\/ul><\/li><li class='ez-toc-page-1 ez-toc-heading-level-2'><a class=\"ez-toc-link ez-toc-heading-11\" href=\"https:\/\/comparemyjet.com\/nb\/gulfstream\/#Safety\" >Sikkerhet<\/a><\/li><li class='ez-toc-page-1 ez-toc-heading-level-2'><a class=\"ez-toc-link ez-toc-heading-12\" href=\"https:\/\/comparemyjet.com\/nb\/gulfstream\/#Sustainability\" >B\u00e6rekraft&nbsp;<\/a><\/li><li class='ez-toc-page-1 ez-toc-heading-level-2'><a class=\"ez-toc-link ez-toc-heading-13\" href=\"https:\/\/comparemyjet.com\/nb\/gulfstream\/#Innovations\" >Innovasjoner<\/a><\/li><li class='ez-toc-page-1 ez-toc-heading-level-2'><a class=\"ez-toc-link ez-toc-heading-14\" href=\"https:\/\/comparemyjet.com\/nb\/gulfstream\/#Conclusion\" >Konklusjon<\/a><\/li><\/ul><\/nav><\/div>\n<h2 class=\"wp-block-heading\"><span class=\"ez-toc-section\" id=\"Company_History\"><\/span>Selskapets historie<span class=\"ez-toc-section-end\"><\/span><\/h2>\r\n\r\n\r\n\r\n<p>P\u00e5 50-tallet la Grumman Aircraft Engineering grunnlaget for det som senere skulle bli det suksessrike flyselskapet Gulfstream Aerospace. Denne milit\u00e6re flyprodusenten utviklet et kommersielt jetfly med turbopropmotor, kalt Grumman Gulfstream, med en rekkevidde p\u00e5 over 2 000 nautiske mil og plass til 12 passasjerer. 200 Grumman Gulfstream (ogs\u00e5 kjent som Gulfstream I) ble produsert fra 1959 til 1969, og noen av flyene er fortsatt i bruk.<\/p>\r\n\r\n\r\n\r\n<p>Som en f\u00f8lge av turbopropflyets utrolige ytelse konstruerte firmaet i 1966 Grumman Gulfstream II, som ble drevet av jetmotorer og kunne krysse Atlanterhavet med 16 passasjerer uten \u00e5 stoppe for \u00e5 fylle drivstoff. For \u00e5 maksimere produktiviteten i dette prosjektet ble den sivile og milit\u00e6re produksjonen f\u00f8rst holdt adskilt. Som en direkte konsekvens av dette ble produksjonen av sivile fly flyttet til Savannah i delstaten Georgia.<\/p>\r\n\r\n\r\n\r\n<p>I begynnelsen av 1973 ble American Aviation Corporation og Grumman Aircraft Engineering sl\u00e5tt sammen til ett selskap. Som et resultat av salget av Savannah-fabrikken og Gulfstream-serien til American Jet Industries i 1987, ble Allen Paulsen forfremmet til administrerende direkt\u00f8r og president i selskapet. Deretter endret han selskapets navn til Gulfstream American og satte produksjonen av Gulfstream III \u00f8verst p\u00e5 prioriteringslisten.<\/p>\r\n\r\n\r\n\r\n<p>P\u00e5 80- og 90-tallet bygde Gulfstream fly med forbedret effektivitet og lanserte jevnlig nye modeller. P\u00e5 slutten av 90-tallet fullf\u00f8rte General Dynamics oppkj\u00f8pet av Gulfstream og dannet General Dynamics Aviation Services. Ved \u00e5 kombinere fire nye hangarer og et eksisterende anlegg i Massachusetts fikk General Dynamics Aviation Services ansvaret for vedlikehold og oppussing av Gulfstream-fly.<\/p>\r\n\r\n\r\n\r\n<p>2001 <a href=\"https:\/\/comparemyjet.com\/nb\/hotels\/saw-hotels\/\" data-internallinksmanager029f6b8e52c=\"513\" title=\"De 11 beste hotellene i n\u00e6rheten av Sabiha G\u00f6k\u00e7en internasjonale lufthavn\">sag<\/a> Gulfstreams oppkj\u00f8p av Galaxy Aerospace, som f\u00f8rte til at Galaxys mellomstore fly ble omd\u00f8pt til G100 og G200. Disse flyene ble oppgradert av Gulfstream for \u00e5 f\u00e5 lengre rekkevidde og romsligere interi\u00f8r. Gjennom oppkj\u00f8pet av Galaxy Aerospace var Gulfstream i stand til \u00e5 utvide fl\u00e5ten til ogs\u00e5 \u00e5 omfatte supermellomstore jetfly.&nbsp;<\/p>\r\n\r\n\r\n\r\n<p>I 2006 etablerte Gulfstream Aerospace et forsknings- og utviklingssenter i Savannah, Georgia, som en del av utvidelsen av selskapets hovedkontor. Satsingen var et ledd i en overordnet vekststrategi. RDC best\u00e5r av fagpersoner innen ingeni\u00f8rfag, produksjon, ledelse, kundeservice og materialer.<\/p>\r\n\r\n\r\n\r\n<p>Gulfstream Aerospaces fly produseres og settes sammen p\u00e5 forskjellige steder:<\/p>\r\n\r\n\r\n\r\n<ul class=\"wp-block-list\">\r\n<li>Gulfstreams mellomstore fly ferdigstilles i Dallas, Texas.&nbsp;<\/li>\r\n\r\n\r\n\r\n<li>Gulfstream Aerospaces produksjonsanlegg for tunge og ultratunge fly ligger i Savannah i Georgia.&nbsp;<\/li>\r\n\r\n\r\n\r\n<li>Et produksjonsanlegg i Mexicali i Mexico er ansvarlig for \u00e5 produsere deler, komponenter og kabler.<\/li>\r\n\r\n\r\n\r\n<li>Innredning av kabinene, utvendig lakkering av flyene og montering av utstyret skjer i flere forskjellige etterbehandlingsanlegg i Wisconsin, Georgia, California og Texas.<\/li>\r\n<\/ul>\r\n\r\n\r\n\r\n<h2 class=\"wp-block-heading\"><span class=\"ez-toc-section\" id=\"Gulfstream_Services\"><\/span>Gulfstream Services&nbsp;<span class=\"ez-toc-section-end\"><\/span><\/h2>\r\n\r\n\r\n\r\n<figure class=\"wp-block-image size-full is-style-default\"><img loading=\"lazy\" decoding=\"async\" width=\"1000\" height=\"667\" src=\"https:\/\/comparemyjet.com\/wp-content\/uploads\/Gulfstream-Services-.jpg\" alt=\"Gulfstream Services\u00a0\" class=\"wp-image-4010\" srcset=\"https:\/\/comparemyjet.com\/wp-content\/uploads\/Gulfstream-Services--18x12.jpg 18w, https:\/\/comparemyjet.com\/wp-content\/uploads\/Gulfstream-Services--300x200.jpg 300w, https:\/\/comparemyjet.com\/wp-content\/uploads\/Gulfstream-Services--768x512.jpg 768w, https:\/\/comparemyjet.com\/wp-content\/uploads\/Gulfstream-Services-.jpg 1000w\" sizes=\"auto, (max-width: 1000px) 100vw, 1000px\" \/><\/figure>\r\n\r\n\r\n\r\n<p>Luft- og romfartsdivisjonen til General Dynamics er kjent for sin posisjon som bransjens fremste produsent av forretningsfly og gullstandarden innen reparasjon, vedlikehold og etterbehandling av fly. General Dynamics utmerker seg n\u00e5r det gjelder design, h\u00e5ndverk, hastighet, stabilitet og p\u00e5litelighet, bruker teknologisk avanserte kontrollplattformer og interi\u00f8rteknologier, og tilbyr p\u00e5litelig service og support.&nbsp;<\/p>\r\n\r\n\r\n\r\n<p>Ved \u00e5 bruke vedlikeholdstjenester fra den opprinnelige produsenten kan kundene redusere tiden flyet st\u00e5r p\u00e5 bakken og f\u00e5 det raskere i luften. I tillegg er fagfolk fra Gulfstreams reparasjonsanlegg tilgjengelige for \u00e5 hjelpe kunder over hele verden med de beste reparasjons- og vedlikeholdstjenestene.&nbsp;<\/p>\r\n\r\n\r\n\r\n<p>Her er en fullstendig liste over tjenestene Gulfstream tilbyr.<\/p>\r\n\r\n\r\n\r\n<ul class=\"wp-block-list\">\r\n<li>Planlagt vedlikehold, deler og arbeid<\/li>\r\n\r\n\r\n\r\n<li>St\u00f8tte til flyoperasjoner<\/li>\r\n\r\n\r\n\r\n<li>Hangaring<\/li>\r\n\r\n\r\n\r\n<li>Bemanning av flybesetningen<\/li>\r\n\r\n\r\n\r\n<li>Teknisk informasjon<\/li>\r\n\r\n\r\n\r\n<li>Systemdekning<\/li>\r\n\r\n\r\n\r\n<li>Forsikring<\/li>\r\n<\/ul>\r\n\r\n\r\n\r\n<p>Gulfstream Field and Airborne Support Teams (FAST) er ansvarlige for \u00e5 levere en rask og godt koordinert l\u00f8sning til alle fly p\u00e5 bakken (AOG) i en n\u00f8dsituasjon. Hundrevis av erfarne fagfolk er utplassert p\u00e5 ulike steder over hele verden.&nbsp;<\/p>\r\n\r\n\r\n\r\n<p>Fagfolk fra Gulfstream kan raskt l\u00f8se et problem med et av Gulfstream Aerospaces fly p\u00e5 en av de 11 serviceavdelingene fordelt p\u00e5 fire kontinenter. I tillegg er supportteamene utformet slik at de kan rykke ut i felten eller under flyging hvis flyet ikke befinner seg i n\u00e6rheten av en serviceavdeling.<\/p>\r\n\r\n\r\n\r\n<h2 class=\"wp-block-heading\"><span class=\"ez-toc-section\" id=\"Products_and_Aircraft_Types\"><\/span>Produkter og flytyper<span class=\"ez-toc-section-end\"><\/span><\/h2>\r\n\r\n\r\n\r\n<p>Etter mer enn femti \u00e5rs produksjon representerer Gulfstream-flyfamilien en betydelig utvikling og utvidelse av seriens kapasitet. Fra og med 2002 byttet Gulfstream ut de karakteristiske romertallene de brukte til \u00e5 navngi flyfl\u00e5ten med, med arabiske tall.<\/p>\r\n\r\n\r\n\r\n<p>Hvert fly har en prislapp som varierer fra $10 millioner til $50 millioner.<\/p>\r\n\r\n\r\n\r\n<p>Gulfstream flymodeller:<\/p>\r\n\r\n\r\n\r\n<ul class=\"wp-block-list\">\r\n<li>Gulfstream G150<\/li>\r\n\r\n\r\n\r\n<li>Gulfstream G200<\/li>\r\n\r\n\r\n\r\n<li>Gulfstream G280<\/li>\r\n\r\n\r\n\r\n<li>Gulfstream G350<\/li>\r\n\r\n\r\n\r\n<li>Gulfstream G450<\/li>\r\n\r\n\r\n\r\n<li>Gulfstream G500<\/li>\r\n\r\n\r\n\r\n<li>Gulfstream G550<\/li>\r\n\r\n\r\n\r\n<li>Gulfstream G600<\/li>\r\n\r\n\r\n\r\n<li>Gulfstream G650<\/li>\r\n\r\n\r\n\r\n<li>Gulfstream G650ER<\/li>\r\n\r\n\r\n\r\n<li>Gulfstream G700<\/li>\r\n\r\n\r\n\r\n<li>Gulfstream III<\/li>\r\n\r\n\r\n\r\n<li>Gulfstream IV<\/li>\r\n\r\n\r\n\r\n<li>Gulfstream V<\/li>\r\n<\/ul>\r\n\r\n\r\n\r\n<h3 class=\"wp-block-heading\"><span class=\"ez-toc-section\" id=\"Most_Famous_Aircraft_by_the_Company\"><\/span>Selskapets mest ber\u00f8mte fly<span class=\"ez-toc-section-end\"><\/span><\/h3>\r\n\r\n\r\n\r\n<h4 class=\"wp-block-heading\"><span class=\"ez-toc-section\" id=\"Gulfstream_G500\"><\/span>Gulfstream G500<span class=\"ez-toc-section-end\"><\/span><\/h4>\r\n\r\n\r\n\r\n<p>I 2003 mottok Gulfstream G550 det h\u00f8yt anerkjente Robert J. Collier-trofeet for sine prestasjoner i designprosessen samtidig som den kombinerte sikkerhetsforbedringer og fremskritt innen romfartsteknikk. Dette trofeet er den mest prestisjefylte utmerkelsen innen flyindustrien i Nord-Amerika. Den samme prisen ble tildelt Gulfstream V i 1997.<\/p>\r\n\r\n\r\n\r\n<h4 class=\"wp-block-heading\"><span class=\"ez-toc-section\" id=\"Gulfstream_G450\"><\/span>Gulfstream G450<span class=\"ez-toc-section-end\"><\/span><\/h4>\r\n\r\n\r\n\r\n<p>Gulfstream G450 skrev historie ved \u00e5 v\u00e6re det f\u00f8rste forretningsflyet som fl\u00f8y over Atlanterhavet p\u00e5 biodrivstoff. Gulfstream inkorporerte de teknologiske fremskrittene som ble introdusert med Gulfstream G550 i det mye brukte Gulfstream GIV-flyskroget til Gulfstream G450, som har plass til opptil 19 passasjerer. I tillegg til \u00e5 redesigne vingen for \u00e5 minimere luftmotstanden og gi plass til ekstra drivstoffkapasitet, har Gulfstream inkludert PlaneView-cockpiten i flyets design.&nbsp;<\/p>\r\n\r\n\r\n\r\n<p>Den f\u00f8rste flyvningen fant sted i 2003, og produksjonen ble avsluttet i 2018.<\/p>\r\n\r\n\r\n\r\n<h4 class=\"wp-block-heading\"><span class=\"ez-toc-section\" id=\"Gulfstream_G150\"><\/span>Gulfstream G150<span class=\"ez-toc-section-end\"><\/span><\/h4>\r\n\r\n\r\n\r\n<p>Gulfstream G150 har revolusjonert komforten og effektiviteten til mellomstore privatfly. Jetflyet har plass til \u00e5tte passasjerer, flyr raskt, bruker sv\u00e6rt lite drivstoff og har en imponerende rekkevidde over hele landet. FAA har gitt G150 Stage 4-st\u00f8yniv\u00e5sertifisering, noe som gj\u00f8r det til det f\u00f8rste forretningsflyet som har f\u00e5tt denne utmerkelsen.<\/p>\r\n\r\n\r\n\r\n<h4 class=\"wp-block-heading\"><span class=\"ez-toc-section\" id=\"Gulfstream_G650\"><\/span>Gulfstream G650<span class=\"ez-toc-section-end\"><\/span><\/h4>\r\n\r\n\r\n\r\n<p>Gulfstream G650 debuterte som det mest teknologisk sofistikerte forretningsflyet som for tiden er i produksjon. Det ber\u00f8mte Robert J. Collier-trofeet ble ogs\u00e5 tildelt Gulfstream G650 i 2014 for dets enest\u00e5ende bidrag til luftfartsteknologien n\u00e5r det gjelder ytelse, kabinkomfort og stabilitet. Flyet har plass til opptil 19 personer og har fire separate stuerom.&nbsp;<\/p>\r\n\r\n\r\n\r\n<p>G650 fl\u00f8y for f\u00f8rste gang i 2009 som verdens raskeste passasjerfly. I 2013 slo Gulfstream G650 rekorden for raskeste flytur rundt jorden ved \u00e5 fly vestover p\u00e5 41 timer og 7 minutter.<\/p>\r\n\r\n\r\n\r\n<h4 class=\"wp-block-heading\"><span class=\"ez-toc-section\" id=\"Gulfstream_G550\"><\/span><strong>Gulfstream G550<\/strong><span class=\"ez-toc-section-end\"><\/span><\/h4>\r\n\r\n\r\n\r\n<p>Den <strong>Gulfstream G550<\/strong> innledet en ny epoke med innovasjon for pilotopplevelsen ved \u00e5 ha den nyeste Gulfstream <em>PlaneView-iterasjon av flydekket.<\/em> Avionikkutstyret PlaneView er teknologisk avansert og skal innlemmes i andre Gulfstream-modeller, som G450, G350 og G550. Det avanserte cockpitutstyret gir pilotene en rekke fordeler, hvorav de mest \u00e5penbare er \u00f8kt sikkerhet og mer automatisering.<\/p>\r\n\r\n\r\n\r\n<h4 class=\"wp-block-heading\"><span class=\"ez-toc-section\" id=\"New_Additions_to_the_Fleet\"><\/span>Nye tilskudd til fl\u00e5ten<span class=\"ez-toc-section-end\"><\/span><\/h4>\r\n\r\n\r\n\r\n<figure class=\"wp-block-image size-full is-style-default\"><img loading=\"lazy\" decoding=\"async\" width=\"1000\" height=\"667\" src=\"https:\/\/comparemyjet.com\/wp-content\/uploads\/New-Gulfstream-G700.jpg\" alt=\"Ny Gulfstream G700\" class=\"wp-image-4011\" srcset=\"https:\/\/comparemyjet.com\/wp-content\/uploads\/New-Gulfstream-G700-18x12.jpg 18w, https:\/\/comparemyjet.com\/wp-content\/uploads\/New-Gulfstream-G700-300x200.jpg 300w, https:\/\/comparemyjet.com\/wp-content\/uploads\/New-Gulfstream-G700-768x512.jpg 768w, https:\/\/comparemyjet.com\/wp-content\/uploads\/New-Gulfstream-G700.jpg 1000w\" sizes=\"auto, (max-width: 1000px) 100vw, 1000px\" \/><\/figure>\r\n\r\n\r\n\r\n<p>I 2020 ble <strong>G700<\/strong> la ut p\u00e5 sin f\u00f8rste reise.&nbsp;<\/p>\r\n\r\n\r\n\r\n<p>Kabinen i dette nye jetflyet er blant de st\u00f8rste i sin klasse, og kan skilte med opptil fem separate oppholdssoner og 20 store ovale vinduer. I tillegg har G700 en rekke helt nye innvendige salgsargumenter, som et ultragalleri med mer enn tre meter ekstra plass og en besetningsdel eller kundesalong, et elegant belysningssystem, stereolyd og et hovedsoverom med dusj.<\/p>\r\n\r\n\r\n\r\n<p>I 2021 feiret Gulfstream tilkomsten av den splitter nye Gulfstream <strong>G400 <\/strong>og Gulfstream <strong>G800 <\/strong>til selskapets utvalg av neste generasjons produkter, som kan skilte med banebrytende ny teknologi og velpr\u00f8vd f\u00f8rerhuskomfort.<\/p>\r\n\r\n\r\n\r\n<p>Jomfruturen med det splitter nye ultralangdistanseflyet Gulfstream G800 var en milep\u00e6l som markerte den formelle starten p\u00e5 sertifiseringsprogrammet for bransjens lengste jetfly. G800, som ble introdusert i 2022, er det nyeste medlemmet i Gulfstreams serie av neste generasjons fly og har nettopp p\u00e5begynt testflyvninger. I oktober tok G800 av fra Savannah International Airport og returnerte p\u00e5 to timer. Flyet fullf\u00f8rte turen med en blanding av milj\u00f8vennlig flydrivstoff, noe som er i tr\u00e5d med Gulfstreams \u00f8nske om \u00e5 opprettholde sin posisjon som den dominerende akt\u00f8ren innen milj\u00f8forvaltning. Produksjonen forventes \u00e5 starte i 2023.<\/p>\r\n\r\n\r\n\r\n<h2 class=\"wp-block-heading\"><span class=\"ez-toc-section\" id=\"Safety\"><\/span>Sikkerhet<span class=\"ez-toc-section-end\"><\/span><\/h2>\r\n\r\n\r\n\r\n<p>Gulfstream G100, som ble modifisert til del- og reparasjonsfly, brukes til \u00e5 transportere vedlikeholdspersonell for \u00e5 reparere fly som fortsatt er under garanti, hvor som helst i Nord-Amerika og Karibia. I 2011 utvidet Gulfstream sitt mobile servicetilbud over hele verden med lanseringen av Field and Airborne Support Teams, bedre kjent som Gulfstream FAST, med eksperter som tilbyr service via fly, varebil, tog eller kj\u00f8ret\u00f8y.<\/p>\r\n\r\n\r\n\r\n<h2 class=\"wp-block-heading\"><span class=\"ez-toc-section\" id=\"Sustainability\"><\/span>B\u00e6rekraft&nbsp;<span class=\"ez-toc-section-end\"><\/span><\/h2>\r\n\r\n\r\n\r\n<p>Etter \u00e5 ha v\u00e6rt et eksempel til etterf\u00f8lgelse i mange \u00e5r, har Gulfstream n\u00e5dd noen viktige milep\u00e6ler som bidrar til \u00e5 overbevise en st\u00f8rre sektor om \u00e5 akseptere og implementere milj\u00f8vennlige prosedyrer.&nbsp;<\/p>\r\n\r\n\r\n\r\n<p>Siden 2009 har Gulfstream fulgt b\u00e6rekraftinitiativene fra NBAA, General Aviation Manufacturers Association og International Business Aviation Council.&nbsp;<\/p>\r\n\r\n\r\n\r\n<p>Gulfstreams b\u00e6rekraftprogram er utvidet til \u00e5 omfatte flyenes effektivitet og produktivitet, milj\u00f8vennlig produksjon og bruk av b\u00e6rekraftig flydrivstoff (SAF). Selskapet tilbyr ogs\u00e5 SAF for salg til kunder ved sitt anlegg i Long Beach i California. Gulfstream har arbeidet for \u00e5 knytte Gulfstream-operat\u00f8rer som er interessert i \u00e5 skaffe og bruke SAF-drivstoff, til World Energy-anlegget.<\/p>\r\n\r\n\r\n\r\n<p>Gulfstream har ti anlegg som har f\u00e5tt utmerkelsen Green Certified. Disse bygningene er anerkjent for sine milj\u00f8vennlige anlegg, utstyrsspesifikasjoner, innend\u00f8rs luftkvalitet og vann- og elektrisitetsdesign. Siden 2014 har karbonavtrykket fra Gulfstreams virksomhet krympet med 10%, takket v\u00e6re disse bygningene. Prosedyrene som brukes i hele selskapet, er optimalisert for \u00e5 \u00f8ke ytelsen og redusere de totale utgiftene.<\/p>\r\n\r\n\r\n\r\n<p>Gulfstream er stolt av \u00e5 ha et milj\u00f8strategiteam i konsernet. Teamets oppgave er \u00e5 s\u00f8rge for at Gulfstream fortsatt ligger \u00f8verst p\u00e5 listen over b\u00e6rekraftig utvikling i luftfartsindustrien.<\/p>\r\n\r\n\r\n\r\n<p>Det finnes mange andre b\u00e6rekraftprosjekter som Gulfstream integrerer i sin virksomhet. Du kan bes\u00f8ke deres <a href=\"https:\/\/www.gulfstream.com\/en\/sustainability\/\" target=\"_blank\" rel=\"noopener\">nettsted<\/a> for \u00e5 l\u00e6re mer.<\/p>\r\n\r\n\r\n\r\n<h2 class=\"wp-block-heading\"><span class=\"ez-toc-section\" id=\"Innovations\"><\/span>Innovasjoner<span class=\"ez-toc-section-end\"><\/span><\/h2>\r\n\r\n\r\n\r\n<p>I 1973 gikk NASA til anskaffelse av to Gulfstream GII-fly som skulle fungere som simulatorer for romfergen og forberede besetningene p\u00e5 romfergen. Eksteri\u00f8ret ble omdesignet til \u00e5 se ut som flydekket p\u00e5 romfergen for \u00e5 simulere romfergens aerodynamiske egenskaper under landingssekvensen.<\/p>\r\n\r\n\r\n\r\n<p>Gulfstreams banebrytende <a href=\"https:\/\/www.nasa.gov\/centers\/dryden\/multimedia\/imagegallery\/Quiet_Spike\/Quiet_Spike_proj_desc.html\" target=\"_blank\" rel=\"noopener\"><em>Stille Spike<\/em><\/a>som ble opprettet i 2004, skapte oppmerksomhet rundt selskapets omfattende studier av supersonisk flyging. Quiet Spike er en teleskopisk innretning som er konstruert for \u00e5 sitte p\u00e5 nesen av et fly og spre supersoniske sjokkb\u00f8lger langs hele skaftet og skrogstrukturen for \u00e5 redusere de negative konsekvensene av \u00e5 bryte lydmuren. I 2006 gjennomf\u00f8rte NASA den f\u00f8rste testflyvningen av Quiet Spike som en prinsippdemonstrasjon p\u00e5 et spesialtilpasset F-15 jagerfly.<\/p>\r\n\r\n\r\n\r\n<p>Ved \u00e5 gi piloten et simulert bilde av omr\u00e5det foran seg, bidrar Synthetic Vision-Primary Flight Display til \u00e5 gj\u00f8re flygingen tryggere. SV-PFD bruker data fra varslingssystemet for landomr\u00e5der til \u00e5 generere 3D-fargebilder av landskap, barrierer, flyplasser og landinger. I 2006 kunngjorde Gulfstream utviklingen av SV-PFD, som ble lansert i 2008.<\/p>\r\n\r\n\r\n\r\n<h2 class=\"wp-block-heading\"><span class=\"ez-toc-section\" id=\"Conclusion\"><\/span>Konklusjon<span class=\"ez-toc-section-end\"><\/span><\/h2>\r\n\r\n\r\n\r\n<figure class=\"wp-block-image size-full is-style-default\"><img loading=\"lazy\" decoding=\"async\" width=\"1000\" height=\"610\" src=\"https:\/\/comparemyjet.com\/wp-content\/uploads\/Close-up-view-of-the-fuselage-and-engine-of-a-Gulfstream-G550.jpg\" alt=\"N\u00e6rbilde av skroget og motoren p\u00e5 en Gulfstream G550.\" class=\"wp-image-4012\" srcset=\"https:\/\/comparemyjet.com\/wp-content\/uploads\/Close-up-view-of-the-fuselage-and-engine-of-a-Gulfstream-G550-18x12.jpg 18w, https:\/\/comparemyjet.com\/wp-content\/uploads\/Close-up-view-of-the-fuselage-and-engine-of-a-Gulfstream-G550-300x183.jpg 300w, https:\/\/comparemyjet.com\/wp-content\/uploads\/Close-up-view-of-the-fuselage-and-engine-of-a-Gulfstream-G550-768x468.jpg 768w, https:\/\/comparemyjet.com\/wp-content\/uploads\/Close-up-view-of-the-fuselage-and-engine-of-a-Gulfstream-G550.jpg 1000w\" sizes=\"auto, (max-width: 1000px) 100vw, 1000px\" \/><\/figure>\r\n\r\n\r\n\r\n<p>Siden de introduserte forretningsflyet Gulfstream I i 1958, har Gulfstream st\u00e5tt i spissen for utviklingen av b\u00e5de forretnings- og privatflyindustrien. I dag produserer Gulfstream innovative forretningsfly, som inkluderer fremskritt fra vingene, spissen og baksiden, i tillegg til \u00e5 tilby utmerket produktservice og assistanse over hele verden.<\/p>","protected":false},"excerpt":{"rendered":"<p>Gulfstream Aerospace er et heleid datterselskap av General Dynamics. Denne amerikanske flyprodusenten designer, utvikler, markedsf\u00f8rer og vedlikeholder forretningsfly og andre fly, og har produsert mer enn 2000 forskjellige flytyper siden oppstarten i 1958. Gulfstream Aerospaces hovedkontor ligger i Savannah, Georgia, og Mark Burns er selskapets president. Likevel ...<\/p>","protected":false},"author":1,"featured_media":4009,"parent":0,"menu_order":0,"comment_status":"closed","ping_status":"closed","template":"","meta":{"_acf_changed":false,"_genesis_hide_title":false,"_genesis_hide_breadcrumbs":false,"_genesis_hide_singular_image":false,"_genesis_hide_footer_widgets":false,"_genesis_custom_body_class":"","_genesis_custom_post_class":"","_genesis_layout":"","footnotes":""},"class_list":{"1":"page","2":"type-page","6":"entry"},"acf":[],"_links":{"self":[{"href":"https:\/\/comparemyjet.com\/nb\/wp-json\/wp\/v2\/pages\/4008","targetHints":{"allow":["GET"]}}],"collection":[{"href":"https:\/\/comparemyjet.com\/nb\/wp-json\/wp\/v2\/pages"}],"about":[{"href":"https:\/\/comparemyjet.com\/nb\/wp-json\/wp\/v2\/types\/page"}],"author":[{"embeddable":true,"href":"https:\/\/comparemyjet.com\/nb\/wp-json\/wp\/v2\/users\/1"}],"replies":[{"embeddable":true,"href":"https:\/\/comparemyjet.com\/nb\/wp-json\/wp\/v2\/comments?post=4008"}],"version-history":[{"count":3,"href":"https:\/\/comparemyjet.com\/nb\/wp-json\/wp\/v2\/pages\/4008\/revisions"}],"predecessor-version":[{"id":4122,"href":"https:\/\/comparemyjet.com\/nb\/wp-json\/wp\/v2\/pages\/4008\/revisions\/4122"}],"wp:featuredmedia":[{"embeddable":true,"href":"https:\/\/comparemyjet.com\/nb\/wp-json\/wp\/v2\/media\/4009"}],"wp:attachment":[{"href":"https:\/\/comparemyjet.com\/nb\/wp-json\/wp\/v2\/media?parent=4008"}],"curies":[{"name":"wp","href":"https:\/\/api.w.org\/{rel}","templated":true}]}}