{"id":4399,"date":"2023-02-13T21:10:28","date_gmt":"2023-02-13T21:10:28","guid":{"rendered":"https:\/\/comparemyjet.com\/?page_id=4399"},"modified":"2025-09-04T09:58:16","modified_gmt":"2025-09-04T09:58:16","slug":"delta-private-jets","status":"publish","type":"page","link":"https:\/\/comparemyjet.com\/nb\/delta-private-jets\/","title":{"rendered":"Delta Private Jets-medlemskapspriser"},"content":{"rendered":"<p>Delta Air Lines er verdens ledende flyselskap n\u00e5r det gjelder varer, tjenester, innovasjon, p\u00e5litelighet og kundeopplevelse i USA. Selskapet tilbyr reiseopplevelser i verdensklasse samtidig som det gir bransjeledende avkastning til aksjon\u00e6rene.&nbsp;<\/p>\r\n\r\n\r\n\r\n<p>Delta private jets, flyselskapets chartertjeneste, har inng\u00e5tt et samarbeid med det fremste private flyselskapet i verden. <a href=\"https:\/\/comparemyjet.com\/nb\/wheels-up\/\" data-internallinksmanager029f6b8e52c=\"73\" title=\"Priser for Wheels Up-medlemskap\">Hjulene opp<\/a> for \u00e5 kunne tilby private flyreisende unike opplevelser og kvalitetsreiser.&nbsp;&nbsp;<\/p>\r\n\r\n\r\n\r\n<p>La oss se hva dette partnerskapet mellom to av de beste flyselskapene kan tilby flypassasjerene.<\/p>\r\n\r\n\r\n\r\n<div id=\"ez-toc-container\" class=\"ez-toc-v2_0_76 counter-hierarchy ez-toc-counter ez-toc-grey ez-toc-container-direction\">\n<p class=\"ez-toc-title\" style=\"cursor:inherit\">Temaer<\/p>\n<label for=\"ez-toc-cssicon-toggle-item-69e2f7390e052\" class=\"ez-toc-cssicon-toggle-label\"><span class=\"\"><span class=\"eztoc-hide\" style=\"display:none;\">Toggle<\/span><span class=\"ez-toc-icon-toggle-span\"><svg style=\"fill: #999;color:#999\" xmlns=\"http:\/\/www.w3.org\/2000\/svg\" class=\"list-377408\" width=\"20px\" height=\"20px\" viewbox=\"0 0 24 24\" fill=\"none\"><path d=\"M6 6H4v2h2V6zm14 0H8v2h12V6zM4 11h2v2H4v-2zm16 0H8v2h12v-2zM4 16h2v2H4v-2zm16 0H8v2h12v-2z\" fill=\"currentColor\"><\/path><\/svg><svg style=\"fill: #999;color:#999\" class=\"arrow-unsorted-368013\" xmlns=\"http:\/\/www.w3.org\/2000\/svg\" width=\"10px\" height=\"10px\" viewbox=\"0 0 24 24\" version=\"1.2\" baseprofile=\"tiny\"><path d=\"M18.2 9.3l-6.2-6.3-6.2 6.3c-.2.2-.3.4-.3.7s.1.5.3.7c.2.2.4.3.7.3h11c.3 0 .5-.1.7-.3.2-.2.3-.5.3-.7s-.1-.5-.3-.7zM5.8 14.7l6.2 6.3 6.2-6.3c.2-.2.3-.5.3-.7s-.1-.5-.3-.7c-.2-.2-.4-.3-.7-.3h-11c-.3 0-.5.1-.7.3-.2.2-.3.5-.3.7s.1.5.3.7z\"\/><\/svg><\/span><\/span><\/label><input type=\"checkbox\"  id=\"ez-toc-cssicon-toggle-item-69e2f7390e052\" checked aria-label=\"Toggle\" \/><nav><ul class='ez-toc-list ez-toc-list-level-1' ><li class='ez-toc-page-1 ez-toc-heading-level-2'><a class=\"ez-toc-link ez-toc-heading-1\" href=\"https:\/\/comparemyjet.com\/nb\/delta-private-jets\/#Company_History\" >Selskapets historie<\/a><\/li><li class='ez-toc-page-1 ez-toc-heading-level-2'><a class=\"ez-toc-link ez-toc-heading-2\" href=\"https:\/\/comparemyjet.com\/nb\/delta-private-jets\/#Delta_Private_Jets_Wheels_Up\" >Delta Private Jets + Wheels Up<\/a><\/li><li class='ez-toc-page-1 ez-toc-heading-level-2'><a class=\"ez-toc-link ez-toc-heading-3\" href=\"https:\/\/comparemyjet.com\/nb\/delta-private-jets\/#The_Fleet\" >Fl\u00e5ten<\/a><ul class='ez-toc-list-level-3' ><li class='ez-toc-heading-level-3'><a class=\"ez-toc-link ez-toc-heading-4\" href=\"https:\/\/comparemyjet.com\/nb\/delta-private-jets\/#1_Turboprop\" >1. Turboprop<\/a><ul class='ez-toc-list-level-4' ><li class='ez-toc-heading-level-4'><a class=\"ez-toc-link ez-toc-heading-5\" href=\"https:\/\/comparemyjet.com\/nb\/delta-private-jets\/#Our_recommendation_The_King_Air_350\" >V\u00e5r anbefaling: King Air 350<\/a><\/li><\/ul><\/li><li class='ez-toc-page-1 ez-toc-heading-level-3'><a class=\"ez-toc-link ez-toc-heading-6\" href=\"https:\/\/comparemyjet.com\/nb\/delta-private-jets\/#2_Light_Private_Jets\" >2. Lette private jetfly<\/a><ul class='ez-toc-list-level-4' ><li class='ez-toc-heading-level-4'><a class=\"ez-toc-link ez-toc-heading-7\" href=\"https:\/\/comparemyjet.com\/nb\/delta-private-jets\/#Our_Recommendation_The_Hawker_400XP\" >V\u00e5r anbefaling: Hawker 400XP<\/a><\/li><\/ul><\/li><li class='ez-toc-page-1 ez-toc-heading-level-3'><a class=\"ez-toc-link ez-toc-heading-8\" href=\"https:\/\/comparemyjet.com\/nb\/delta-private-jets\/#3_Midsize_Private_Jets\" >3. Mellomstore privatfly<\/a><ul class='ez-toc-list-level-4' ><li class='ez-toc-heading-level-4'><a class=\"ez-toc-link ez-toc-heading-9\" href=\"https:\/\/comparemyjet.com\/nb\/delta-private-jets\/#Our_Recommendation_The_Citation_ExcelXLS\" >V\u00e5r anbefaling: Citation Excel\/XLS<\/a><\/li><\/ul><\/li><li class='ez-toc-page-1 ez-toc-heading-level-3'><a class=\"ez-toc-link ez-toc-heading-10\" href=\"https:\/\/comparemyjet.com\/nb\/delta-private-jets\/#4_Super-Midsize_Private_Jets\" >4. Super-mellomstore privatfly&nbsp;<\/a><ul class='ez-toc-list-level-4' ><li class='ez-toc-heading-level-4'><a class=\"ez-toc-link ez-toc-heading-11\" href=\"https:\/\/comparemyjet.com\/nb\/delta-private-jets\/#Our_Recommendation_The_Citation_X\" >V\u00e5r anbefaling: Citation X<\/a><\/li><\/ul><\/li><li class='ez-toc-page-1 ez-toc-heading-level-3'><a class=\"ez-toc-link ez-toc-heading-12\" href=\"https:\/\/comparemyjet.com\/nb\/delta-private-jets\/#5_Large_Private_Jets\" >5. Store privatfly<\/a><ul class='ez-toc-list-level-4' ><li class='ez-toc-heading-level-4'><a class=\"ez-toc-link ez-toc-heading-13\" href=\"https:\/\/comparemyjet.com\/nb\/delta-private-jets\/#Our_Recommendation_The_Gulfstream_G450\" >V\u00e5r anbefaling: Gulfstream G450<\/a><\/li><\/ul><\/li><\/ul><\/li><li class='ez-toc-page-1 ez-toc-heading-level-2'><a class=\"ez-toc-link ez-toc-heading-14\" href=\"https:\/\/comparemyjet.com\/nb\/delta-private-jets\/#Conclusion\" >Konklusjon<\/a><\/li><\/ul><\/nav><\/div>\n<h2 class=\"wp-block-heading\"><span class=\"ez-toc-section\" id=\"Company_History\"><\/span>Selskapets historie<span class=\"ez-toc-section-end\"><\/span><\/h2>\r\n\r\n\r\n\r\n<p>Delta Private Jets ble grunnlagt i 2001. Selskapets virksomhet opph\u00f8rte 31. januar 2020, etter at det ble sl\u00e5tt sammen med Wheels Up.<\/p>\r\n\r\n\r\n\r\n<h2 class=\"wp-block-heading\"><span class=\"ez-toc-section\" id=\"Delta_Private_Jets_Wheels_Up\"><\/span>Delta Private Jets + Wheels Up<span class=\"ez-toc-section-end\"><\/span><\/h2>\r\n\r\n\r\n\r\n<figure class=\"wp-block-image size-full is-style-default\"><img loading=\"lazy\" decoding=\"async\" width=\"1000\" height=\"667\" src=\"https:\/\/comparemyjet.com\/wp-content\/uploads\/Executives-from-Wheels-Up-congregate-outside-the-New-York-Stock-Exchange.jpg\" alt=\"Ledere fra Wheels Up samles utenfor New York Stock Exchange. \" class=\"wp-image-4401\" srcset=\"https:\/\/comparemyjet.com\/wp-content\/uploads\/Executives-from-Wheels-Up-congregate-outside-the-New-York-Stock-Exchange-18x12.jpg 18w, https:\/\/comparemyjet.com\/wp-content\/uploads\/Executives-from-Wheels-Up-congregate-outside-the-New-York-Stock-Exchange-300x200.jpg 300w, https:\/\/comparemyjet.com\/wp-content\/uploads\/Executives-from-Wheels-Up-congregate-outside-the-New-York-Stock-Exchange-768x512.jpg 768w, https:\/\/comparemyjet.com\/wp-content\/uploads\/Executives-from-Wheels-Up-congregate-outside-the-New-York-Stock-Exchange.jpg 1000w\" sizes=\"auto, (max-width: 1000px) 100vw, 1000px\" \/><\/figure>\r\n\r\n\r\n\r\n<p>Wheels Up og Delta har gjennomf\u00f8rt en banebrytende transaksjon og sl\u00e5tt sammen Delta Private Jets og Wheels Up for \u00e5 tilby kundene fordeler p\u00e5 tvers av plattformer. De sammensl\u00e5tte selskapene tilbyr n\u00e5v\u00e6rende og fremtidige Wheels Up- og Delta-kunder fordeler p\u00e5 tvers av plattformer som er unike i privatflysektoren.<\/p>\r\n\r\n\r\n\r\n<p>Sammensl\u00e5ingen kombinerer Wheels Up's medlemsprogrammer, unike digitale plattform og internasjonale opplevelser med Delta Private Jets' anerkjente p\u00e5litelighet, sikkerhet, kvalitet og rekkevidde. Med rundt 200 fly, fra King Air 350i til tunge jetfly, utgj\u00f8r kombinasjonen en av verdens st\u00f8rste eide og opererte private flyfl\u00e5ter. Wheels Up er godt posisjonert til \u00e5 dekke reisebehovene til sine over 8 000 medlemmer og kunder, takket v\u00e6re den voksende privatflyfl\u00e5ten og tilgangen til Deltas verdensomspennende nettverk.<\/p>\r\n\r\n\r\n\r\n<p>Wheels Up-medlemmer kan oppn\u00e5 Delta Medallion-status, samle SkyMiles\u00ae-lojalitetspoeng og bruke sine Wheels Up Fund-programkontoer til \u00e5 betale for Wheels Up-privatflyvninger og Delta-passasjerflyvninger. Kunder av Delta Private Jets kan ogs\u00e5 dra nytte av unike Wheels Up-medlemsfordeler, fordeler og tilgang til Wheels Up-flyene.<\/p>\r\n\r\n\r\n\r\n<p>Som en del av denne avtalen har dessuten Gil West, Deltas Chief Operating Officer, bestemt seg for \u00e5 bli med i Wheels Up-styret. Teamene i Wheels Up og Delta Private Jets samarbeider effektivt for \u00e5 sikre at alle DPJs ansatte og kunder f\u00e5r en smidig overgang. DPJs ansatte vil fortsette \u00e5 jobbe fra det n\u00e5v\u00e6rende hovedkontoret i Cincinnati i Ohio.<\/p>\r\n\r\n\r\n\r\n<h2 class=\"wp-block-heading\"><span class=\"ez-toc-section\" id=\"The_Fleet\"><\/span>Fl\u00e5ten<span class=\"ez-toc-section-end\"><\/span><\/h2>\r\n\r\n\r\n\r\n<figure class=\"wp-block-image size-full is-style-default\"><img loading=\"lazy\" decoding=\"async\" width=\"1000\" height=\"442\" src=\"https:\/\/comparemyjet.com\/wp-content\/uploads\/2022\/09\/little.plane_.in_.the_.hand_.of_.a.businessman.jpg\" alt=\"Forretningsmann med et fly i h\u00e5nden\" class=\"wp-image-3335\" srcset=\"https:\/\/comparemyjet.com\/wp-content\/uploads\/2022\/09\/little.plane_.in_.the_.hand_.of_.a.businessman-18x8.jpg 18w, https:\/\/comparemyjet.com\/wp-content\/uploads\/2022\/09\/little.plane_.in_.the_.hand_.of_.a.businessman-300x133.jpg 300w, https:\/\/comparemyjet.com\/wp-content\/uploads\/2022\/09\/little.plane_.in_.the_.hand_.of_.a.businessman-768x339.jpg 768w, https:\/\/comparemyjet.com\/wp-content\/uploads\/2022\/09\/little.plane_.in_.the_.hand_.of_.a.businessman.jpg 1000w\" sizes=\"auto, (max-width: 1000px) 100vw, 1000px\" \/><\/figure>\r\n\r\n\r\n\r\n<p>Ettersom Delta n\u00e5 er sl\u00e5tt sammen med Wheels Up, f\u00e5r tidligere Delta-brukere n\u00e5 enda flere fordeler. Hvis du er interessert i privatflycharter, tilbyr Wheels Up b\u00e5de egne fly og private jetfly fra anerkjente charterselskaper. De administrerer mer enn 1200 fly og har en fl\u00e5te p\u00e5 350 fly som de eier og kontrollerer.<\/p>\r\n\r\n\r\n\r\n<p>Med noen f\u00e5 unntak basert p\u00e5 programmet, opprettholder selskapet en garantert tilgjengelighetspolicy. La oss ta en titt p\u00e5 jetflykategoriene.<\/p>\r\n\r\n\r\n\r\n<h3 class=\"wp-block-heading\"><span class=\"ez-toc-section\" id=\"1_Turboprop\"><\/span>1. Turboprop<span class=\"ez-toc-section-end\"><\/span><\/h3>\r\n\r\n\r\n\r\n<p>Turboprops er en kombinasjon av jetmotorer og propeller som brukes av stempelmotorer i mindre fly. Selv om turbopropmotorer br\u00e5ker mer, er de tryggere enn jetfly n\u00e5r det gjelder landing p\u00e5 korte rullebaner. Turbopropmotorer er mindre og lettere enn jetmotorer, noe som gir mer effektiv avgang og landing, spesielt p\u00e5 kortere rullebaner.&nbsp;<\/p>\r\n\r\n\r\n\r\n<h4 class=\"wp-block-heading\"><span class=\"ez-toc-section\" id=\"Our_recommendation_The_King_Air_350\"><\/span>V\u00e5r anbefaling: King Air 350<span class=\"ez-toc-section-end\"><\/span><\/h4>\r\n\r\n\r\n\r\n<p>King Air har gjort comeback de siste \u00e5rene som kjernen i Wheels Up-fl\u00e5ten. Med smart og kreativ markedsf\u00f8ring har dette turbopropflyet f\u00e5tt fornyet anseelse.<\/p>\r\n\r\n\r\n\r\n<p>Spesifikasjoner:<\/p>\r\n\r\n\r\n\r\n<ul class=\"wp-block-list\">\r\n<li>Passasjerer: 11;<\/li>\r\n\r\n\r\n\r\n<li>H\u00f8yde: 57 tommer;<\/li>\r\n\r\n\r\n\r\n<li>Lengde: 19 ft 6 in;<\/li>\r\n\r\n\r\n\r\n<li>Bredde: 54 tommer;<\/li>\r\n\r\n\r\n\r\n<li>Maksimal rekkevidde: 1 806 nautiske mil;<\/li>\r\n\r\n\r\n\r\n<li>Maks cruisehastighet: 359 mph;<\/li>\r\n\r\n\r\n\r\n<li>Bagasje (innvendig): 55 cu ft;<\/li>\r\n\r\n\r\n\r\n<li>Bagasje (utvendig): 16 cu ft.<\/li>\r\n<\/ul>\r\n\r\n\r\n\r\n<h3 class=\"wp-block-heading\"><span class=\"ez-toc-section\" id=\"2_Light_Private_Jets\"><\/span>2. Lette private jetfly<span class=\"ez-toc-section-end\"><\/span><\/h3>\r\n\r\n\r\n\r\n<p>Hvis du reiser med \u00e5tte eller f\u00e6rre personer og ikke har mye bagasje, er et lett privatfly et godt alternativ. Har du behov for rask og enkel transport til reisem\u00e5let? P\u00e5 reiser p\u00e5 mindre enn fire timer kan det beste alternativet v\u00e6re \u00e5 chartre et lett jetfly. Disse jetflyene kan fly nesten 1500 kilometer uten \u00e5 stoppe for \u00e5 fylle drivstoff. Lettfly har plass til seks passasjerer, med en maksimal kapasitet p\u00e5 9.<\/p>\r\n\r\n\r\n\r\n<h4 class=\"wp-block-heading\"><span class=\"ez-toc-section\" id=\"Our_Recommendation_The_Hawker_400XP\"><\/span>V\u00e5r anbefaling: Hawker 400XP<span class=\"ez-toc-section-end\"><\/span><\/h4>\r\n\r\n\r\n\r\n<p>Hawker 400 er et tomotors lett jetfly. Etter \u00e5 ha blitt bygget og produsert av Mitsubishi, ble det oppdatert av Beech Aircraft Company. Det er et lite fly med \u00e5tte seter i en trykkabin som styres av et mannskap p\u00e5 to personer.<\/p>\r\n\r\n\r\n\r\n<p>Hawker 400XP har f\u00f8lgende spesifikasjoner:<\/p>\r\n\r\n\r\n\r\n<ul class=\"wp-block-list\">\r\n<li>Passasjerer: 8;<\/li>\r\n\r\n\r\n\r\n<li>Kabinh\u00f8yde: 4 ft 10 in;<\/li>\r\n\r\n\r\n\r\n<li>Kabinelengde: 15 fot 7 tommer;<\/li>\r\n\r\n\r\n\r\n<li>Kabinbredde: 4 fot 11 tommer;<\/li>\r\n\r\n\r\n\r\n<li>Cruisehastighet: 450 knop;&nbsp;<\/li>\r\n\r\n\r\n\r\n<li>Rekkevidde: 1 180 nautiske mil.<\/li>\r\n<\/ul>\r\n\r\n\r\n\r\n<h3 class=\"wp-block-heading\"><span class=\"ez-toc-section\" id=\"3_Midsize_Private_Jets\"><\/span>3. Mellomstore privatfly<span class=\"ez-toc-section-end\"><\/span><\/h3>\r\n\r\n\r\n\r\n<p>Hvis du har behov for flere seter, mer takh\u00f8yde og mer plass enn det et lite fly kan tilby, er mellomstore private jetfly noe for deg. De er perfekte for flyvninger p\u00e5 rundt 4 til 5 timer og er litt raskere enn de mindre flyene.<\/p>\r\n\r\n\r\n\r\n<h4 class=\"wp-block-heading\"><span class=\"ez-toc-section\" id=\"Our_Recommendation_The_Citation_ExcelXLS\"><\/span>V\u00e5r anbefaling: Citation Excel\/XLS<span class=\"ez-toc-section-end\"><\/span><\/h4>\r\n\r\n\r\n\r\n<p><a href=\"https:\/\/comparemyjet.com\/nb\/cessna\/\" data-internallinksmanager029f6b8e52c=\"145\" title=\"Den ultimate guiden til Cessna privatfly og -jetfly\">Cessna-fly<\/a> Selskapet produserte Cessna Citation XLS som den f\u00f8rste generasjonen av Citation Excel, som fl\u00f8y f\u00f8rste gang i 2003. Det er en del av Citation-familien av forretningsfly, som omfatter en rekke modeller.<\/p>\r\n\r\n\r\n\r\n<p>Spesifikasjoner:<\/p>\r\n\r\n\r\n\r\n<ul class=\"wp-block-list\">\r\n<li>Passasjerer: 8;<\/li>\r\n\r\n\r\n\r\n<li>Maks. rekkevidde: 1989 nm;<\/li>\r\n\r\n\r\n\r\n<li>Maks hastighet: 433 km\/t;<\/li>\r\n\r\n\r\n\r\n<li>Stigningshastighet: 3500 fpm;<\/li>\r\n\r\n\r\n\r\n<li>Kabinh\u00f8yde: 1,5 meter;<\/li>\r\n\r\n\r\n\r\n<li>Kabinelengde: 18 fot 7 tommer;<\/li>\r\n\r\n\r\n\r\n<li>Kabinbredde: 5 fot 5 tommer.&nbsp;<\/li>\r\n<\/ul>\r\n\r\n\r\n\r\n<h3 class=\"wp-block-heading\"><span class=\"ez-toc-section\" id=\"4_Super-Midsize_Private_Jets\"><\/span>4. Super-mellomstore privatfly&nbsp;<span class=\"ez-toc-section-end\"><\/span><\/h3>\r\n\r\n\r\n\r\n<p>Super-mid jetfly er mindre og mer drivstoffeffektive enn tunge jetfly, med st\u00f8rre rekkevidde til en lavere pris. Hvis du trenger et privatfly med lang rekkevidde og god rullebanekapasitet, kan du velge et jetfly i kategorien super-midsize.<\/p>\r\n\r\n\r\n\r\n<h4 class=\"wp-block-heading\"><span class=\"ez-toc-section\" id=\"Our_Recommendation_The_Citation_X\"><\/span>V\u00e5r anbefaling: Citation X<span class=\"ez-toc-section-end\"><\/span><\/h4>\r\n\r\n\r\n\r\n<p>Cessna Citation X er en ny generasjon mellomstore forretningsfly med \u00f8kt hastighet og forseglet bagasjerom. Dette flyet er det raskeste forretningsflyet som produseres i dag, og har flere fartsrekorder bak seg.<\/p>\r\n\r\n\r\n\r\n<p>Spesifikasjoner:<\/p>\r\n\r\n\r\n\r\n<ul class=\"wp-block-list\">\r\n<li>Passasjerer: 8;<\/li>\r\n\r\n\r\n\r\n<li>Maks hastighet: 525 knop;<\/li>\r\n\r\n\r\n\r\n<li>Maks. rekkevidde: 3125 nm;<\/li>\r\n\r\n\r\n\r\n<li>Kabinh\u00f8yde: 1,5 meter;<\/li>\r\n\r\n\r\n\r\n<li>Kabinelengde: 23 fot 9 tommer<\/li>\r\n\r\n\r\n\r\n<li>Kabinbredde: 5 fot 5 tommer;<\/li>\r\n\r\n\r\n\r\n<li>Rekkevidde: 3 111 nautiske mil.<\/li>\r\n<\/ul>\r\n\r\n\r\n\r\n<h3 class=\"wp-block-heading\"><span class=\"ez-toc-section\" id=\"5_Large_Private_Jets\"><\/span>5. Store privatfly<span class=\"ez-toc-section-end\"><\/span><\/h3>\r\n\r\n\r\n\r\n<p>Alt er mulig n\u00e5r du har tilgang til disse ekstremt tilpasningsdyktige, toppmoderne og gigantiske privatflyene. Tunge jetfly har plass til 10-15 passasjerer eller flere og tilbyr ekstra benplass og komfort.&nbsp;<\/p>\r\n\r\n\r\n\r\n<h4 class=\"wp-block-heading\"><span class=\"ez-toc-section\" id=\"Our_Recommendation_The_Gulfstream_G450\"><\/span>V\u00e5r anbefaling: Gulfstream G450<span class=\"ez-toc-section-end\"><\/span><\/h4>\r\n\r\n\r\n\r\n<p>Den <a href=\"https:\/\/comparemyjet.com\/nb\/gulfstream\/\" data-internallinksmanager029f6b8e52c=\"175\" title=\"Den ultimate guiden til Gulfstream private jetfly og fly\">Gulfstream<\/a> G450 er det mest fantastiske jetflyet med stor kabin i sin klasse.&nbsp;&nbsp;<\/p>\r\n\r\n\r\n\r\n<p>Spesifikasjoner:<\/p>\r\n\r\n\r\n\r\n<ul class=\"wp-block-list\">\r\n<li>Passasjerer: 8-14;&nbsp;<\/li>\r\n\r\n\r\n\r\n<li>Maks. rekkevidde: 4350 nm;<\/li>\r\n\r\n\r\n\r\n<li>Maks hastighet: 586 knop;<\/li>\r\n\r\n\r\n\r\n<li>Kabinh\u00f8yde: 6 fot 2 tommer;<\/li>\r\n\r\n\r\n\r\n<li>Kabinelengde: 40 fot 4 tommer;<\/li>\r\n\r\n\r\n\r\n<li>Kabinbredde: 7 fot 4 tommer;<\/li>\r\n\r\n\r\n\r\n<li>Marsjfart: 533 knop.<\/li>\r\n<\/ul>\r\n\r\n\r\n\r\n<h2 class=\"wp-block-heading\"><span class=\"ez-toc-section\" id=\"Conclusion\"><\/span>Konklusjon<span class=\"ez-toc-section-end\"><\/span><\/h2>\r\n\r\n\r\n\r\n<figure class=\"wp-block-image size-full is-style-default\"><img loading=\"lazy\" decoding=\"async\" width=\"1000\" height=\"391\" src=\"https:\/\/comparemyjet.com\/wp-content\/uploads\/A-Delta-Airlines-jet.jpg\" alt=\"Et jetfly fra Delta Airlines\" class=\"wp-image-4402\" srcset=\"https:\/\/comparemyjet.com\/wp-content\/uploads\/A-Delta-Airlines-jet-18x7.jpg 18w, https:\/\/comparemyjet.com\/wp-content\/uploads\/A-Delta-Airlines-jet-300x117.jpg 300w, https:\/\/comparemyjet.com\/wp-content\/uploads\/A-Delta-Airlines-jet-768x300.jpg 768w, https:\/\/comparemyjet.com\/wp-content\/uploads\/A-Delta-Airlines-jet.jpg 1000w\" sizes=\"auto, (max-width: 1000px) 100vw, 1000px\" \/><\/figure>\r\n\r\n\r\n\r\n<p>Selv om Delta Private Jets fungerte godt og hadde mange forn\u00f8yde kunder, ble det enda bedre etter sammensl\u00e5ingen med Wheels Up. Les artikkelen v\u00e5r om Wheels Up p\u00e5 f\u00f8lgende adresse <a href=\"https:\/\/comparemyjet.com\/nb\/wheels-up\/\">lenke<\/a> for \u00e5 hjelpe deg med \u00e5 evaluere og velge privatflyselskap.&nbsp;<\/p>","protected":false},"excerpt":{"rendered":"<p>Delta Air Lines er verdens ledende flyselskap n\u00e5r det gjelder varer, tjenester, innovasjon, p\u00e5litelighet og kundeopplevelse i USA. Selskapet tilbyr en reiseopplevelse i verdensklasse samtidig som det gir bransjeledende avkastning til aksjon\u00e6rene.  Delta Private Jets, flyselskapets chartertjeneste, har inng\u00e5tt et samarbeid med det fremste private flymerket Wheels Up to ...<\/p>","protected":false},"author":1,"featured_media":4400,"parent":0,"menu_order":0,"comment_status":"closed","ping_status":"closed","template":"","meta":{"_acf_changed":false,"_genesis_hide_title":false,"_genesis_hide_breadcrumbs":false,"_genesis_hide_singular_image":false,"_genesis_hide_footer_widgets":false,"_genesis_custom_body_class":"","_genesis_custom_post_class":"","_genesis_layout":"","footnotes":""},"class_list":{"1":"page","2":"type-page","6":"entry"},"acf":[],"_links":{"self":[{"href":"https:\/\/comparemyjet.com\/nb\/wp-json\/wp\/v2\/pages\/4399","targetHints":{"allow":["GET"]}}],"collection":[{"href":"https:\/\/comparemyjet.com\/nb\/wp-json\/wp\/v2\/pages"}],"about":[{"href":"https:\/\/comparemyjet.com\/nb\/wp-json\/wp\/v2\/types\/page"}],"author":[{"embeddable":true,"href":"https:\/\/comparemyjet.com\/nb\/wp-json\/wp\/v2\/users\/1"}],"replies":[{"embeddable":true,"href":"https:\/\/comparemyjet.com\/nb\/wp-json\/wp\/v2\/comments?post=4399"}],"version-history":[{"count":2,"href":"https:\/\/comparemyjet.com\/nb\/wp-json\/wp\/v2\/pages\/4399\/revisions"}],"predecessor-version":[{"id":4434,"href":"https:\/\/comparemyjet.com\/nb\/wp-json\/wp\/v2\/pages\/4399\/revisions\/4434"}],"wp:featuredmedia":[{"embeddable":true,"href":"https:\/\/comparemyjet.com\/nb\/wp-json\/wp\/v2\/media\/4400"}],"wp:attachment":[{"href":"https:\/\/comparemyjet.com\/nb\/wp-json\/wp\/v2\/media?parent=4399"}],"curies":[{"name":"wp","href":"https:\/\/api.w.org\/{rel}","templated":true}]}}