{"id":2034,"date":"2021-08-25T22:04:02","date_gmt":"2021-08-25T22:04:02","guid":{"rendered":"https:\/\/comparemyjet.com\/?page_id=2034"},"modified":"2025-09-04T09:58:23","modified_gmt":"2025-09-04T09:58:23","slug":"hoe-moet-ik-een-prive-jet-kopen","status":"publish","type":"page","link":"https:\/\/comparemyjet.com\/nl\/hoe-moet-ik-een-prive-jet-kopen\/","title":{"rendered":"Hoe een priv\u00e9 jet kopen"},"content":{"rendered":"<p>Dus u vliegt al een tijdje priv\u00e9 rond. Het huren of charteren van priv\u00e9vliegtuigen voor uzelf en uw reisgezelschap en het boeken van last-minute zitplaatsen op gedeelde vluchten voor 30 personen zijn allemaal prima opties, maar wanneer u de cijfers uitrekent, vraagt u zich uiteindelijk af - waarom niet mijn eigen priv\u00e9vliegtuig?<\/p>\r\n\r\n\r\n\r\n<p>Volgens deskundigen is het, zodra u meer dan 200 uur per jaar in de lucht doorbrengt, een goed moment om de aanschaf van een eigen jet te overwegen.<\/p>\r\n\r\n\r\n\r\n<p>En hoewel het een enorme eenmalige investering is, is het eigenlijk heel realistisch dat het zichzelf uiteindelijk zal terugbetalen.<\/p>\r\n\r\n\r\n\r\n<p>Als het u niet vreemd is om tienduizenden dollars uit te geven aan \u00e9\u00e9n enkele vlucht, dan moet de aankoop van een vliegtuig van enkele miljoenen dollars alleen voor uw eigen vliegcomfort op uw lijst van mogelijkheden staan.<\/p>\r\n\r\n\r\n\r\n<p>Sinds de <a href=\"https:\/\/www.barrons.com\/articles\/SB123992033953526967\" target=\"_blank\" rel=\"noreferrer noopener nofollow\">2008 recessie<\/a>en een prijsdaling in 2009, is er geen beter moment geweest om een priv\u00e9vliegtuig te kopen. De pandemie heeft priv\u00e9jets aantrekkelijker en gemakkelijker beschikbaar gemaakt dan ooit, zowel voor het af en toe huren van een priv\u00e9jet als voor de aanzienlijke aankoop van een volledige priv\u00e9jet.<\/p>\r\n\r\n\r\n\r\n<p>Volgens vliegtuigverkoopbedrijven, zoals <a href=\"https:\/\/www.jetcraft.com\/\" target=\"_blank\" rel=\"noreferrer noopener nofollow\">Jetcraft<\/a>De nieuwe en jonge miljonairs die priv\u00e9jets willen kopen, kiezen steeds vaker voor \"tweedehands\", of tweedehands vliegtuigen. Ze zijn sneller te koop en te leveren, en vaak in uitstekende staat.<\/p>\r\n\r\n\r\n\r\n<p>De oudere en meer ervaren jetsetcrew lijkt echter de voorkeur te geven aan nieuwe, vers vervaardigde vliegwaren.<\/p>\r\n\r\n\r\n\r\n<p>In welk team zit je?<\/p>\r\n\r\n\r\n\r\n<div class=\"wp-block-image\"><figure class=\"aligncenter size-full\"><img loading=\"lazy\" decoding=\"async\" width=\"910\" height=\"607\" src=\"https:\/\/comparemyjet.com\/wp-content\/uploads\/2021\/08\/How-To-Buy-a-Private-Jet-2.jpg\" alt=\"man die uit priv\u00e9 jet stapt\" class=\"wp-image-2036\" srcset=\"https:\/\/comparemyjet.com\/wp-content\/uploads\/2021\/08\/How-To-Buy-a-Private-Jet-2-300x200.jpg 300w, https:\/\/comparemyjet.com\/wp-content\/uploads\/2021\/08\/How-To-Buy-a-Private-Jet-2-768x512.jpg 768w, https:\/\/comparemyjet.com\/wp-content\/uploads\/2021\/08\/How-To-Buy-a-Private-Jet-2.jpg 910w\" sizes=\"auto, (max-width: 910px) 100vw, 910px\" \/><\/figure><\/div>\r\n\r\n\r\n\r\n<h2 class=\"wp-block-heading\">Ik geef je een voorsprong...<\/h2>\r\n\r\n\r\n\r\n<p>Ongeacht hoe ervaren je bent als zakenman, <strong>ga hier niet alleen in.<\/strong>. Er is een goede reden waarom er speciale bedrijven zijn die zich toeleggen op het vergemakkelijken van het proces van de aankoop en het regelen van uw priv\u00e9 jet als een bezit. Tenzij u zelf een expert bent over het onderwerp, raden wij u ten zeerste aan om de experts te laten zorgen dat alles voor u in orde komt. Er zijn gewoon zoveel dingen die fout kunnen gaan.<\/p>\r\n\r\n\r\n\r\n<p>Deze bedrijven kunnen u ook goed advies geven over welk type vliegtuig het beste bij uw vliegbehoeften en koopkracht past.&nbsp;<\/p>\r\n\r\n\r\n\r\n<p>Bovendien moet u niet vergeten dat u de jet niet volledig hoeft te bezitten. Er zijn andere opties die aardig in de buurt komen, zoals <a href=\"https:\/\/www.investopedia.com\/terms\/f\/fractionalownership.asp\" target=\"_blank\" rel=\"noreferrer noopener nofollow\">gefractioneerd eigendom<\/a>of <a href=\"https:\/\/www.sherpareport.com\/aircraft\/aircraft-overview\/charter-cards.html\" target=\"_blank\" rel=\"noreferrer noopener nofollow\">jet club lidmaatschapskaarten<\/a> die je tonnen opties geven als het op vliegen aankomt.<\/p>\r\n\r\n\r\n\r\n<p>Jet club-lidmaatschapskaarten worden verkocht door een aantal bedrijven, die elk verschillende voorwaarden aanbieden. <a href=\"https:\/\/www.vistajet.com\/en-gb\/stories\/private-jet-card\/\" target=\"_blank\" rel=\"noreferrer noopener nofollow\">Vista Jet,<\/a> <a href=\"https:\/\/www.jetlinx.com\/jet-card\/\" target=\"_blank\" rel=\"noreferrer noopener nofollow\">Jet Linx<\/a>, <a href=\"https:\/\/jettly.com\/become_a_member\" target=\"_blank\" rel=\"noreferrer noopener nofollow\">Jettly<\/a>, <a href=\"https:\/\/www.wholesalejetclub.com\/\" target=\"_blank\" rel=\"noreferrer noopener nofollow\">Whole Sale Jet Club<\/a>, <a href=\"https:\/\/www.airpartner.com\/en\/private-jets\/jetcard\/\" target=\"_blank\" rel=\"noreferrer noopener nofollow\">AirPArtner<\/a> zijn maar een paar populaire namen.<\/p>\r\n\r\n\r\n\r\n<p>Bovendien, tenzij u een professionele piloot bent, vergeet niet dat de aankoop van een jet slechts de eerste van <strong>vele uitgaven die wachten<\/strong>. Maar wat maakt het uit - wat is 1.350.000 - 1.60.000 euro voor het salaris van een piloot per jaar, nadat je een paar miljoen dollar hebt uitgegeven voor het vliegtuig zelf? Naast de piloot is er ook nog de rest van het cabinepersoneel, onderhouds- en exploitatiekosten, hangaarkosten, belastingen, luchthavengelden, brandstof, enz.<\/p>\r\n\r\n\r\n\r\n<div class=\"wp-block-image\"><figure class=\"aligncenter size-large\"><img loading=\"lazy\" decoding=\"async\" width=\"1024\" height=\"683\" src=\"https:\/\/comparemyjet.com\/wp-content\/uploads\/2021\/08\/How-To-Buy-a-Private-Jet-3-1-1024x683.jpg\" alt=\"handdruk\" class=\"wp-image-2043\" srcset=\"https:\/\/comparemyjet.com\/wp-content\/uploads\/2021\/08\/How-To-Buy-a-Private-Jet-3-1-300x200.jpg 300w, https:\/\/comparemyjet.com\/wp-content\/uploads\/2021\/08\/How-To-Buy-a-Private-Jet-3-1-768x512.jpg 768w, https:\/\/comparemyjet.com\/wp-content\/uploads\/2021\/08\/How-To-Buy-a-Private-Jet-3-1-1024x683.jpg 1024w, https:\/\/comparemyjet.com\/wp-content\/uploads\/2021\/08\/How-To-Buy-a-Private-Jet-3-1-1536x1024.jpg 1536w, https:\/\/comparemyjet.com\/wp-content\/uploads\/2021\/08\/How-To-Buy-a-Private-Jet-3-1.jpg 1920w\" sizes=\"auto, (max-width: 1024px) 100vw, 1024px\" \/><\/figure><\/div>\r\n\r\n\r\n\r\n<h2 class=\"wp-block-heading\">Hoe een priv\u00e9 jet kopen: Een stap-voor-stap gids<\/h2>\r\n\r\n\r\n\r\n<p>Hier is een stap-voor-stap gids over hoe je een prive-jet te kopen. Zorg ervoor dat u alle stappen doorloopt, want hoeveel geld u ook hebt, miljoenen verspillen aan iets dat niet eens de helft waard is, is een pijnlijke beginnersfout.<\/p>\r\n\r\n\r\n\r\n<ol class=\"wp-block-list\"><li>Een vertrouwenspersoon en ondersteuning door derden zijn een must<\/li><\/ol>\r\n\r\n\r\n\r\n<p>Zoals we reeds betoogden, is de aankoop van een priv\u00e9jet geen geringe investering. Als het fout gaat, kunt u veel geld verliezen. Natuurlijk, er is een bereik van hoeveel het u zal kosten. De aankoop van een tweedehands jet van $2 miljoen kan worden gezien als een prijzige vergissing, maar wat gebeurt er als u het verkeerde vliegtuig van $15 miljoen - $100 miljoen koopt?<\/p>\r\n\r\n\r\n\r\n<p>Daarom is samenwerking met vertrouwde makelaars of adviseurs verplicht (tenzij u zelf een vliegtuigdeskundige bent).<\/p>\r\n\r\n\r\n\r\n<p>Bedrijven zoals <a href=\"https:\/\/www.jetcraft.com\/\" target=\"_blank\" rel=\"noreferrer noopener nofollow\">Jetcraft<\/a>, <a href=\"https:\/\/www.jamesedition.com\/jets\" target=\"_blank\" rel=\"noreferrer noopener nofollow\">Jamesedition<\/a>, <a href=\"https:\/\/www.avbuyer.com\/aircraft\/private-jets\" target=\"_blank\" rel=\"noreferrer noopener nofollow\">Avbuyer<\/a>, <a href=\"https:\/\/www.globalair.com\/aircraft-for-sale\/Private-Jet\" target=\"_blank\" rel=\"noreferrer noopener nofollow\">Globalair<\/a>, <a href=\"https:\/\/www.worth.com\/how-to-buy-a-private-jet\/\" target=\"_blank\" rel=\"noreferrer noopener nofollow\">waard.<\/a>, <a href=\"https:\/\/www.jetlinx.com\/acquisitions-sales\/\" target=\"_blank\" rel=\"noreferrer noopener nofollow\">Jetlinx<\/a>of <a href=\"https:\/\/www.privatefly.com\/privatejet-services\/private-jet-buy-or-hire.html\" target=\"_blank\" rel=\"noreferrer noopener nofollow\">Privatefly<\/a> zijn enkele van de top marktplaatsen voor de aankoop van een priv\u00e9 jet. Zij hebben ook makelaars in dienst, die er het meeste belang bij hebben dat u een tevreden klant wordt.<\/p>\r\n\r\n\r\n\r\n<div class=\"wp-block-image\"><figure class=\"aligncenter size-large\"><img loading=\"lazy\" decoding=\"async\" width=\"1024\" height=\"429\" src=\"https:\/\/comparemyjet.com\/wp-content\/uploads\/2021\/08\/How-To-Buy-a-Private-Jet-5-1024x429.jpg\" alt=\"bedrijfshomepage\" class=\"wp-image-2039\" srcset=\"https:\/\/comparemyjet.com\/wp-content\/uploads\/2021\/08\/How-To-Buy-a-Private-Jet-5-300x126.jpg 300w, https:\/\/comparemyjet.com\/wp-content\/uploads\/2021\/08\/How-To-Buy-a-Private-Jet-5-768x322.jpg 768w, https:\/\/comparemyjet.com\/wp-content\/uploads\/2021\/08\/How-To-Buy-a-Private-Jet-5-1024x429.jpg 1024w, https:\/\/comparemyjet.com\/wp-content\/uploads\/2021\/08\/How-To-Buy-a-Private-Jet-5-1536x643.jpg 1536w, https:\/\/comparemyjet.com\/wp-content\/uploads\/2021\/08\/How-To-Buy-a-Private-Jet-5.jpg 1891w\" sizes=\"auto, (max-width: 1024px) 100vw, 1024px\" \/><\/figure><\/div>\r\n\r\n\r\n\r\n<p>Uw steun van derden houdt daar echter niet op. U zult ook een in de luchtvaart gespecialiseerde advocaat nodig hebben, evenals een inspectiebureau, een wervingsbureau voor cabinepersoneel, een financieel\/fiscaal adviseur en een accountant.<\/p>\r\n\r\n\r\n\r\n<ol class=\"wp-block-list\" start=\"2\"><li>Zoek de details uit<\/li><\/ol>\r\n\r\n\r\n\r\n<p>Waar wilt u met uw vliegtuig naar toe? Hoe vaak bent u van plan te vliegen? Hoeveel mensen zullen er met u meereizen? Wat is uw budget?<\/p>\r\n\r\n\r\n\r\n<p>Al deze details zullen bepalend zijn voor het type vliegtuig dat u zult kopen: middelgroot, turboprop, klein, tweedehands, of volledig nieuw.<\/p>\r\n\r\n\r\n\r\n<p>Nieuwe jets zijn meestal duurder, maar ze worden geleverd met een garantie van vijf jaar, terwijl deze zekerheid geen deel uitmaakt van de deal als het gaat om tweedehands jets.<\/p>\r\n\r\n\r\n\r\n<p>Het is ook belangrijk dat u vertrouwd bent met de context. Als u lokaal vliegt, kan uw land of regio specifieke regels en vereisten hebben voor commerci\u00eble vluchten.<\/p>\r\n\r\n\r\n\r\n<p>Zorg ervoor dat u aan die eisen voldoet wat betreft uitrusting, veiligheid, personeel, belastingen, vergoedingen, enz.<\/p>\r\n\r\n\r\n\r\n<div class=\"wp-block-image\"><figure class=\"aligncenter size-large\"><img loading=\"lazy\" decoding=\"async\" width=\"1024\" height=\"437\" src=\"https:\/\/comparemyjet.com\/wp-content\/uploads\/2021\/08\/How-To-Buy-a-Private-Jet-1-1024x437.jpg\" alt=\"Hoe-moet-ik-een-priv\u00e9jet-kopen-1\" class=\"wp-image-2035\" srcset=\"https:\/\/comparemyjet.com\/wp-content\/uploads\/2021\/08\/How-To-Buy-a-Private-Jet-1-300x128.jpg 300w, https:\/\/comparemyjet.com\/wp-content\/uploads\/2021\/08\/How-To-Buy-a-Private-Jet-1-768x328.jpg 768w, https:\/\/comparemyjet.com\/wp-content\/uploads\/2021\/08\/How-To-Buy-a-Private-Jet-1-1024x437.jpg 1024w, https:\/\/comparemyjet.com\/wp-content\/uploads\/2021\/08\/How-To-Buy-a-Private-Jet-1-1536x656.jpg 1536w, https:\/\/comparemyjet.com\/wp-content\/uploads\/2021\/08\/How-To-Buy-a-Private-Jet-1.jpg 1751w\" sizes=\"auto, (max-width: 1024px) 100vw, 1024px\" \/><\/figure><\/div>\r\n\r\n\r\n\r\n<ol class=\"wp-block-list\" start=\"3\"><li>Demo rit<\/li><\/ol>\r\n\r\n\r\n\r\n<p>Hoewel het heel normaal is om waarde te hechten aan de esthetiek van een vliegtuig, zijn het comfort, de zuinigheid en de functionaliteit ervan in feite veel belangrijker.<\/p>\r\n\r\n\r\n\r\n<p>Daarom moedigen wij u aan om met uw toekomstige vliegtuig een proefrit te maken. Als je nog niet eerder in dat vliegtuigmodel hebt gezeten, kun je misschien een chartermaatschappij vinden die dit vliegtuigtype in hun vliegtuig heeft, en het comfort, de prestaties, het geluid en de functionaliteit testen.<\/p>\r\n\r\n\r\n\r\n<p>Het is ook mogelijk dat de verkoper u een proefvlucht aanbiedt, maar dan moet u wel een of andere verbintenis aangaan, zoals een aanbetaling voor de vlucht.<\/p>\r\n\r\n\r\n\r\n<ol class=\"wp-block-list\" start=\"4\"><li>Aankoop en administratie<\/li><\/ol>\r\n\r\n\r\n\r\n<p>Weet je nog al die hulp van derden uit stap 1?<\/p>\r\n\r\n\r\n\r\n<p>Nadat u klaar bent met de testrit, en zodra u zeker bent over welk vliegtuig u wilt kopen, is hier een lijst van stappen die u, of liever, uw derde partij agentschappen moeten ondernemen om de aankoop te voltooien en u een priv\u00e9 jet eigenaar te maken.<\/p>\r\n\r\n\r\n\r\n<ul class=\"wp-block-list\"><li>Inspectie voor aankoop<\/li><\/ul>\r\n\r\n\r\n\r\n<p>Bedrijven zoals <a href=\"https:\/\/jetadvisors.com\/\" target=\"_blank\" rel=\"noreferrer noopener nofollow\">Jetadvisors<\/a>, <a href=\"https:\/\/www.vanguardairservices.com\/\" target=\"_blank\" rel=\"noreferrer noopener nofollow\">VanguardAirServices<\/a>, <a href=\"https:\/\/www.globalaviationtechnicalservices.com\/\" target=\"_blank\" rel=\"noreferrer noopener nofollow\">Wereldwijde technische luchtvaartdiensten<\/a>of <a href=\"https:\/\/cla.aero\/\" target=\"_blank\" rel=\"noreferrer noopener nofollow\">Cla.aero<\/a> zijn slechts enkele van de deskundigen die u kunnen helpen bepalen of er sprake is van schade, tekorten, of een schadeverleden dat de waarde van uw vliegtuig zou verminderen.<\/p>\r\n\r\n\r\n\r\n<ul class=\"wp-block-list\"><li>Beoordeling van financi\u00eble en verkoopdocumenten<\/li><\/ul>\r\n\r\n\r\n\r\n<p>Aangezien we het hier over miljoenen hebben, is het van groot belang dat alle documenten naar behoren zijn gesorteerd en dat alles binnen de wettelijke kaders valt.<\/p>\r\n\r\n\r\n\r\n<p>Als u nog geen persoonlijke adviseur heeft die deskundig is op dit gebied, kunt u een apart bureau inhuren om deze stap voor u te nemen. Omdat de luchtvaart zo'n specifieke niche is, zijn er bedrijven die uitsluitend gespecialiseerd zijn in de financi\u00eble of juridische aspecten van de verkoop van vliegtuigen.<\/p>\r\n\r\n\r\n\r\n<p>Sommige van hen zijn <a href=\"https:\/\/www.globaljetcapital.com\/financial-services\" target=\"_blank\" rel=\"noreferrer noopener nofollow\">GlobalJetCapital<\/a>, <a href=\"https:\/\/finance.aopa.org\/aviation-finance\/first-time-buyers\" target=\"_blank\" rel=\"noreferrer noopener nofollow\">AOPA Financi\u00ebn<\/a>en <a href=\"https:\/\/theprivatejetcompany.com\/\" target=\"_blank\" rel=\"noreferrer noopener nofollow\">ThePrivateJetCompany<\/a>. Deze kunnen u helpen uw unieke financi\u00eble context aan te pakken, u verkoop- of lease-back-programma's aan te bieden, u te adviseren over hoe te onderhandelen over de prijs, afhankelijk van uw financi\u00eble draagkracht en inspectieresultaten, en ten slotte de koopovereenkomst te sluiten.<\/p>\r\n\r\n\r\n\r\n<ul class=\"wp-block-list\"><li>Registratie en eigendom van luchtvaartuigen<\/li><\/ul>\r\n\r\n\r\n\r\n<p>Elk land heeft zijn eigen regels voor vliegtuigregistratie. Binnen \u00e9\u00e9n land kunnen deze verder verschillen naargelang u een individuele eigenaar bent, een LLC, of een trust die een jet registreert. Dan zijn er nog factoren zoals of het een licht sportvliegtuig is of een amateur-gebouwd vliegtuig, enz.<\/p>\r\n\r\n\r\n\r\n<p>Er zijn ook regels over wie wel en wie niet in aanmerking komt om een vliegtuig in een bepaald land te registreren.<\/p>\r\n\r\n\r\n\r\n<p>Gelukkig voor jou, is al deze informatie <a href=\"https:\/\/www.faa.gov\/licenses_certificates\/aircraft_certification\/aircraft_registry\/register_aircraft\/\" target=\"_blank\" rel=\"noreferrer noopener nofollow\">gemakkelijk toegankelijk op websites van de overheid<\/a>en zij bieden grondige en gedetailleerde uitleg over wat uw verplichtingen jegens de staat zijn wanneer het gaat om het bezitten en registreren van een priv\u00e9 jet.<\/p>\r\n\r\n\r\n\r\n<p>Bovendien kan de eigendomsregistratie ook een beetje rommelig worden als u beslist om voor fractioneel eigendom te gaan. Aan de andere kant, als je het hele vliegtuig koopt, ben je praktisch bezig met het beheren van (een ander) bedrijf: mensen inhuren, onderhoud plannen, belastingen en vergoedingen betalen, en juridische verantwoordelijkheden beheren.<\/p>\r\n\r\n\r\n\r\n<p>Daarom hebt u ook in deze fase een adviseur van een derde partij nodig.<\/p>\r\n\r\n\r\n\r\n<ul class=\"wp-block-list\"><li>Exportcertificaten van luchtwaardigheid<\/li><\/ul>\r\n\r\n\r\n\r\n<p>Bij de aankoop van een vliegtuig in de VS is het veel belangrijker na te gaan waar het vliegtuig is gestationeerd, wordt gebruikt en onderhouden dan waar het officieel is geregistreerd. Zelfs indien het land van herkomst als verdacht bekend staat, en het vliegtuig vanuit een legitieme plaats werd ge\u00ebxploiteerd, en alle documenten in het Engels zijn opgesteld, en zij aan alle vereiste criteria voldoen, zullen de administratieve problemen in een mum van tijd zijn opgelost.<\/p>\r\n\r\n\r\n\r\n<p>Er is echter een vrij hoog niveau van due diligence nodig wanneer u een buitenlands vliegtuig koopt. Elk land heeft zijn eigen regels waaraan zowel u als de verkoper moeten voldoen.<\/p>\r\n\r\n\r\n\r\n<p>Ook moeten de vroegere reisroutes van het vliegtuig worden bepaald, zodat u eventuele niet-gezuiverde retentierechten kunt identificeren, aangezien u dit soort verrassingen bij uw volgende reis naar dezelfde landen (als die er zijn) wilt vermijden.<\/p>\r\n\r\n\r\n\r\n<p>Het belangrijkste document dat u op dit punt moet verkrijgen is waarschijnlijk het <strong>luchtwaardigheidscertificaat<\/strong>. Deze wordt afgegeven door de DAR, de aangewezen luchtwaardigheidsvertegenwoordiger, die een door de staat gemachtigde onderhoudstechnicus is. Natuurlijk zijn er vele stappen in dit proces die u niet alleen moet doorlopen. Bedrijven zoals <a href=\"https:\/\/www.bjtonline.com\/\" target=\"_blank\" rel=\"noreferrer noopener nofollow\">BTJOnline<\/a>of <a href=\"https:\/\/www.duncanaviation.aero\/\" target=\"_blank\" rel=\"noreferrer noopener nofollow\">DuncanAviationAero<\/a> kan u door de hele beproeving heen loodsen en alle nodige diensten verlenen.<\/p>\r\n\r\n\r\n\r\n<ul class=\"wp-block-list\"><li>Verzekeringspolissen<\/li><\/ul>\r\n\r\n\r\n\r\n<p>Een priv\u00e9 jet verzekeringspolis is een vrij grote deal. We betalen voor verzekeringen voor veel kleinere investeringen zoals de aankoop van een auto, dus het spreekt voor zich dat u er ook een moet afsluiten bij de aankoop van een priv\u00e9jet.<\/p>\r\n\r\n\r\n\r\n<p>Er zijn veel bureaus die dit soort diensten verlenen, zoals <a href=\"https:\/\/bwifly.com\/aviation-insurance\/\" target=\"_blank\" rel=\"noreferrer noopener nofollow\">BWI Fly<\/a>, <a href=\"https:\/\/www.usaa.com\/inet\/wc\/insurance_aviation\" target=\"_blank\" rel=\"noreferrer noopener nofollow\">USAA<\/a>, <a href=\"https:\/\/www.wingsinsurance.com\/\" target=\"_blank\" rel=\"noreferrer noopener nofollow\">Wings<\/a>, <a href=\"https:\/\/www.ap-aerospace.com\/aircraft-renters-insurance\" target=\"_blank\" rel=\"noreferrer noopener nofollow\">AssuredPartners Lucht- en Ruimtevaart<\/a>, <a href=\"https:\/\/www.eaa.org\/eaa\/eaa-membership\/eaa-member-benefits\/insurance\/EAA-warbird-aircraft-insurance-plan\" target=\"_blank\" rel=\"noreferrer noopener nofollow\">EAA<\/a>, <a href=\"https:\/\/www.avemco.com\/\" target=\"_blank\" rel=\"noreferrer noopener nofollow\">Avemco<\/a>, <a href=\"https:\/\/www.saxoninsurancebrokers.com\/\" target=\"_blank\" rel=\"noreferrer noopener nofollow\">Saxon Verzekeringsmakelaars<\/a>, <a href=\"https:\/\/www.traversaviation.com\/\" target=\"_blank\" rel=\"noreferrer noopener nofollow\">TraverseAviation<\/a>, <a href=\"https:\/\/www.ajg.com\/\" target=\"_blank\" rel=\"noreferrer noopener nofollow\">AJG<\/a>enz.<\/p>\r\n\r\n\r\n\r\n<ul class=\"wp-block-list\"><li>Sluiting en ondertekening<\/li><\/ul>\r\n\r\n\r\n\r\n<div class=\"wp-block-image\"><figure class=\"aligncenter size-large is-resized\"><img loading=\"lazy\" decoding=\"async\" src=\"https:\/\/comparemyjet.com\/wp-content\/uploads\/2021\/08\/How-To-Buy-a-Private-Jet-4-1024x683.jpg\" alt=\"het ondertekenen van documenten\" class=\"wp-image-2038\" width=\"1000\" height=\"666\" srcset=\"https:\/\/comparemyjet.com\/wp-content\/uploads\/2021\/08\/How-To-Buy-a-Private-Jet-4-300x200.jpg 300w, https:\/\/comparemyjet.com\/wp-content\/uploads\/2021\/08\/How-To-Buy-a-Private-Jet-4-768x512.jpg 768w, https:\/\/comparemyjet.com\/wp-content\/uploads\/2021\/08\/How-To-Buy-a-Private-Jet-4-1024x683.jpg 1024w, https:\/\/comparemyjet.com\/wp-content\/uploads\/2021\/08\/How-To-Buy-a-Private-Jet-4.jpg 1200w\" sizes=\"auto, (max-width: 1000px) 100vw, 1000px\" \/><\/figure><\/div>\r\n\r\n\r\n\r\n<p>Onnodig te zeggen - het sluiten van de deal en het ondertekenen van het verkoopcontract is de laatste stap van het proces. Zodra u deze stap hebt bereikt, is de stressvolle administratie voorbij, en bent u klaar om een priv\u00e9 jet eigenaar te worden!<\/p>\r\n\r\n\r\n\r\n<h2 class=\"wp-block-heading\">Samenvatting<\/h2>\r\n\r\n\r\n\r\n<p>Een priv\u00e9vliegtuig kopen of zelfs gaan voor fractioneel eigendom is een grote stap in ieders leven. Maar nadat u enige tijd in de lucht hebt doorgebracht op priv\u00e9vluchten, kunt u nooit meer terug naar commercieel. En zodra je de 200 vlieguren per jaar gepasseerd bent, is het duidelijk dat het loont om een eigen vliegtuig te hebben.<\/p>\r\n\r\n\r\n\r\n<p>Het bezitten van een vliegtuig is als het runnen van een bedrijf. Als u klaar bent om er een te kopen, gaan we ervan uit dat u al ervaring hebt met management - of over de nodige middelen beschikt om de taak over te dragen aan iemand die u kunt vertrouwen.<\/p>\r\n\r\n\r\n\r\n<p>Maar hoe ervaren u ook bent, tenzij u een vliegtuigdeskundige bent, moet u <strong>steun zoeken<\/strong> voor alle niveaus en stappen van de aankoop van een vliegtuig: van het kiezen van het perfecte vliegtuig tot het afwerken van complexe administratieve processen.<\/p>\r\n\r\n\r\n\r\n<p>Bespreek verder met je adviseur wat je met je vliegtuig wilt gaan doen. Wat zullen uw meest voorkomende bestemmingen zijn? Hoeveel passagiers bent u van plan mee te nemen? U moet bepalen <strong>welk type vliegtuig<\/strong> het beste aan uw behoeften zal voldoen.<\/p>\r\n\r\n\r\n\r\n<p>Als je zeker bent van de specificaties van je vliegtuig, is het tijd om het voor een <strong>demorit<\/strong>. Ofwel chartert u een vlucht met dat type vliegtuig, ofwel vraagt u de verkoper om u een lift te geven tegen een bepaalde borgsom.<\/p>\r\n\r\n\r\n\r\n<p>Tenslotte, als u ondubbelzinnig zeker bent over het vliegtuigtype, is het tijd om de administratie op te lossen. Dit is een ingewikkeld proces dat vereist:<\/p>\r\n\r\n\r\n\r\n<ul class=\"wp-block-list\"><li>Een makelaar;<\/li><li>Een advocaat;<\/li><li>Een boekhouder\/expert op financieel gebied;<\/li><li>Een inspectiebureau;<\/li><li>Bijstand bij het verkrijgen van een uitvoercertificaat.<\/li><\/ul>\r\n\r\n\r\n\r\n<p>Dan rest er niets anders dan de deal te sluiten en het contract te ondertekenen.<\/p>\r\n\r\n\r\n\r\n<p>Wat komt er nu ? Vliegtijd in je nieuwe speeltje!<\/p>","protected":false},"excerpt":{"rendered":"<p>Dus u vliegt al een tijdje priv\u00e9 rond. Het huren of charteren van priv\u00e9vliegtuigen voor uzelf en uw reisgezelschap en het boeken van last-minute zitplaatsen op gedeelde vluchten voor 30 personen zijn allemaal prima opties, maar als u de cijfers uitrekent, vraagt u zich uiteindelijk af - waarom niet mijn eigen priv\u00e9vliegtuig? Volgens deskundigen, zodra u ...<\/p>","protected":false},"author":1,"featured_media":2035,"parent":0,"menu_order":0,"comment_status":"closed","ping_status":"closed","template":"","meta":{"_acf_changed":false,"_genesis_hide_title":false,"_genesis_hide_breadcrumbs":false,"_genesis_hide_singular_image":false,"_genesis_hide_footer_widgets":false,"_genesis_custom_body_class":"","_genesis_custom_post_class":"","_genesis_layout":"","footnotes":""},"class_list":{"1":"page","2":"type-page","6":"entry"},"acf":[],"_links":{"self":[{"href":"https:\/\/comparemyjet.com\/nl\/wp-json\/wp\/v2\/pages\/2034","targetHints":{"allow":["GET"]}}],"collection":[{"href":"https:\/\/comparemyjet.com\/nl\/wp-json\/wp\/v2\/pages"}],"about":[{"href":"https:\/\/comparemyjet.com\/nl\/wp-json\/wp\/v2\/types\/page"}],"author":[{"embeddable":true,"href":"https:\/\/comparemyjet.com\/nl\/wp-json\/wp\/v2\/users\/1"}],"replies":[{"embeddable":true,"href":"https:\/\/comparemyjet.com\/nl\/wp-json\/wp\/v2\/comments?post=2034"}],"version-history":[{"count":2,"href":"https:\/\/comparemyjet.com\/nl\/wp-json\/wp\/v2\/pages\/2034\/revisions"}],"predecessor-version":[{"id":2044,"href":"https:\/\/comparemyjet.com\/nl\/wp-json\/wp\/v2\/pages\/2034\/revisions\/2044"}],"wp:featuredmedia":[{"embeddable":true,"href":"https:\/\/comparemyjet.com\/nl\/wp-json\/wp\/v2\/media\/2035"}],"wp:attachment":[{"href":"https:\/\/comparemyjet.com\/nl\/wp-json\/wp\/v2\/media?parent=2034"}],"curies":[{"name":"wp","href":"https:\/\/api.w.org\/{rel}","templated":true}]}}