{"id":2092,"date":"2021-09-06T19:52:07","date_gmt":"2021-09-06T19:52:07","guid":{"rendered":"https:\/\/comparemyjet.com\/?page_id=2092"},"modified":"2025-09-04T09:58:23","modified_gmt":"2025-09-04T09:58:23","slug":"hoeveel-kosten-huren-prive-helikopter","status":"publish","type":"page","link":"https:\/\/comparemyjet.com\/nl\/hoeveel-kosten-huren-prive-helikopter\/","title":{"rendered":"Hoeveel kost het om een priv\u00e9-helikopter te huren?"},"content":{"rendered":"<p>Het huren van een priv\u00e9 helikopter is niet langer iets dat alleen de uber-rijken zich kunnen veroorloven, en het kan om vele verschillende redenen gedaan worden. Luxe reizen en een gepersonaliseerde reiservaring is een reden genoeg om een helikopter te huren, of misschien bent u een goede cadeaugever en wilt u uw geliefden verrassen met een priv\u00e9vlucht naar uw favoriete bestemming.<\/p>\r\n\r\n\r\n\r\n<p>Natuurlijk blijft de wereld van priv\u00e9jets en -helikopters voor velen een mysterie. Om die reden zal ik proberen je de belangrijkste details te geven met betrekking tot het huren van een priv\u00e9 helikopter. Na dit gelezen te hebben, zou je moeten weten hoe en waar je een priv\u00e9 helikopter kunt huren, en vooral, of je het je kunt veroorloven.<\/p>\r\n\r\n\r\n\r\n<div id=\"ez-toc-container\" class=\"ez-toc-v2_0_76 counter-hierarchy ez-toc-counter ez-toc-grey ez-toc-container-direction\">\n<p class=\"ez-toc-title\" style=\"cursor:inherit\">Onderwerpen<\/p>\n<label for=\"ez-toc-cssicon-toggle-item-69d6edc8bc11c\" class=\"ez-toc-cssicon-toggle-label\"><span class=\"\"><span class=\"eztoc-hide\" style=\"display:none;\">Schakel<\/span><span class=\"ez-toc-icon-toggle-span\"><svg style=\"fill: #999;color:#999\" xmlns=\"http:\/\/www.w3.org\/2000\/svg\" class=\"list-377408\" width=\"20px\" height=\"20px\" viewbox=\"0 0 24 24\" fill=\"none\"><path d=\"M6 6H4v2h2V6zm14 0H8v2h12V6zM4 11h2v2H4v-2zm16 0H8v2h12v-2zM4 16h2v2H4v-2zm16 0H8v2h12v-2z\" fill=\"currentColor\"><\/path><\/svg><svg style=\"fill: #999;color:#999\" class=\"arrow-unsorted-368013\" xmlns=\"http:\/\/www.w3.org\/2000\/svg\" width=\"10px\" height=\"10px\" viewbox=\"0 0 24 24\" version=\"1.2\" baseprofile=\"tiny\"><path d=\"M18.2 9.3l-6.2-6.3-6.2 6.3c-.2.2-.3.4-.3.7s.1.5.3.7c.2.2.4.3.7.3h11c.3 0 .5-.1.7-.3.2-.2.3-.5.3-.7s-.1-.5-.3-.7zM5.8 14.7l6.2 6.3 6.2-6.3c.2-.2.3-.5.3-.7s-.1-.5-.3-.7c-.2-.2-.4-.3-.7-.3h-11c-.3 0-.5.1-.7.3-.2.2-.3.5-.3.7s.1.5.3.7z\"\/><\/svg><\/span><\/span><\/label><input type=\"checkbox\"  id=\"ez-toc-cssicon-toggle-item-69d6edc8bc11c\" checked aria-label=\"Schakel\" \/><nav><ul class='ez-toc-list ez-toc-list-level-1' ><li class='ez-toc-page-1 ez-toc-heading-level-2'><a class=\"ez-toc-link ez-toc-heading-1\" href=\"https:\/\/comparemyjet.com\/nl\/hoeveel-kosten-huren-prive-helikopter\/#Why_Hire_a_Private_Helicopter\" >Waarom een priv\u00e9-helikopter huren<\/a><\/li><li class='ez-toc-page-1 ez-toc-heading-level-2'><a class=\"ez-toc-link ez-toc-heading-2\" href=\"https:\/\/comparemyjet.com\/nl\/hoeveel-kosten-huren-prive-helikopter\/#Costs_To_Hire_a_Private_Helicopter\" >Kosten voor het huren van een priv\u00e9-helikopter<\/a><ul class='ez-toc-list-level-3' ><li class='ez-toc-heading-level-3'><a class=\"ez-toc-link ez-toc-heading-3\" href=\"https:\/\/comparemyjet.com\/nl\/hoeveel-kosten-huren-prive-helikopter\/#Pricing_Per_Hour\" >Prijzen per uur<\/a><\/li><li class='ez-toc-page-1 ez-toc-heading-level-3'><a class=\"ez-toc-link ez-toc-heading-4\" href=\"https:\/\/comparemyjet.com\/nl\/hoeveel-kosten-huren-prive-helikopter\/#Pricing_Per_Hour_Including_Destinations\" >Prijzen per uur (inclusief bestemmingen)<\/a><\/li><\/ul><\/li><li class='ez-toc-page-1 ez-toc-heading-level-2'><a class=\"ez-toc-link ez-toc-heading-5\" href=\"https:\/\/comparemyjet.com\/nl\/hoeveel-kosten-huren-prive-helikopter\/#Conclusion\" >Conclusie<\/a><\/li><\/ul><\/nav><\/div>\n<h2 class=\"wp-block-heading\"><span class=\"ez-toc-section\" id=\"Why_Hire_a_Private_Helicopter\"><\/span>Waarom een priv\u00e9-helikopter huren<span class=\"ez-toc-section-end\"><\/span><\/h2>\r\n\r\n\r\n\r\n<p>De voordelen van het huren van een priv\u00e9 helikopter zijn eindeloos. Naast het overslaan van de rij en het slechts 20 minuten voor de vlucht aanwezig zijn, zijn er verschillende andere redenen waarom het een goed idee is om uw eigen helikopter te huren.<\/p>\r\n\r\n\r\n\r\n<ul class=\"wp-block-list\"><li>Bespaar tijd door snel door de check-in en paspoortcontrole te gaan;<\/li><li>Maak indruk op uw zakenpartners of familie;<\/li><li>Geniet van een intieme sfeer terwijl u boven de mooiste steden vliegt;<\/li><li>Geniet van het uitzicht vanuit de lucht op prachtige landschappen;<\/li><li>Makkelijker te landen dan een jet;<\/li><li>Bereik ontoegankelijke plaatsen door de verticale lift-off en landing;<\/li><li>Goedkoper dan een priv\u00e9jet.<\/li><\/ul>\r\n\r\n\r\n\r\n<p>Zoals u kunt zien hebben priv\u00e9 helikopters een groot aantal toepassingen en dat is de reden waarom het huren van een priv\u00e9 helikopter voor velen beschikbaar wordt. Laten we nu eens kijken naar de kosten en alle factoren overlopen die de prijs be\u00efnvloeden.<\/p>\r\n\r\n\r\n\r\n<div class=\"wp-block-image\"><figure class=\"aligncenter size-large\"><img loading=\"lazy\" decoding=\"async\" width=\"1024\" height=\"576\" src=\"https:\/\/comparemyjet.com\/wp-content\/uploads\/2021\/08\/How-Much-Does-It-Cost-to-Hire-a-Private-Helicopter-3-1024x576.jpg\" alt=\"geld in een pot\" class=\"wp-image-2095\" srcset=\"https:\/\/comparemyjet.com\/wp-content\/uploads\/2021\/08\/How-Much-Does-It-Cost-to-Hire-a-Private-Helicopter-3-300x169.jpg 300w, https:\/\/comparemyjet.com\/wp-content\/uploads\/2021\/08\/How-Much-Does-It-Cost-to-Hire-a-Private-Helicopter-3-768x432.jpg 768w, https:\/\/comparemyjet.com\/wp-content\/uploads\/2021\/08\/How-Much-Does-It-Cost-to-Hire-a-Private-Helicopter-3-1024x576.jpg 1024w, https:\/\/comparemyjet.com\/wp-content\/uploads\/2021\/08\/How-Much-Does-It-Cost-to-Hire-a-Private-Helicopter-3.jpg 1152w\" sizes=\"auto, (max-width: 1024px) 100vw, 1024px\" \/><\/figure><\/div>\r\n\r\n\r\n\r\n<h2 class=\"wp-block-heading\"><span class=\"ez-toc-section\" id=\"Costs_To_Hire_a_Private_Helicopter\"><\/span>Kosten voor het huren van een priv\u00e9-helikopter<span class=\"ez-toc-section-end\"><\/span><\/h2>\r\n\r\n\r\n\r\n<p>Net als bij jets hangt de prijs van het huren van een priv\u00e9-helikopter af van veel variabelen. Een ander ding om bewust van te zijn is dat bedrijven u meestal alleen in rekening zullen brengen voor de <em>zendtijd<\/em>wat anders is dan <em>vluchttijd<\/em>.&nbsp;<\/p>\r\n\r\n\r\n\r\n<p>Luchttijd betekent dat de \"taximeter\" begint te tikken zodra de helikopter opstijgt, en stopt zodra hij landt, zodat u alleen wordt belast voor de tijd die u in de lucht doorbrengt. Anderzijds omvat de vliegtijd de hele dienst, vanaf het tijdstip van aankomst, met inbegrip van de wachttijd, tot het tijdstip waarop u landt.<\/p>\r\n\r\n\r\n\r\n<p>De volgende punten zijn van cruciaal belang bij het bepalen van de prijs van het huren van een priv\u00e9-helikopter.<\/p>\r\n\r\n\r\n\r\n<ul class=\"wp-block-list\"><li><strong>Vertrek en bestemming<\/strong><\/li><\/ul>\r\n\r\n\r\n\r\n<p>Niet alleen verschilt de prijs voor verschillende punten van vertrek en bestemming, zoals van <a href=\"https:\/\/comparemyjet.com\/nl\/london-naar-moskou-prive-vlucht-jet\/\" data-internallinksmanager029f6b8e52c=\"46\" title=\"Londen naar Moskou met een priv\u00e9 jet\">Londen naar Moskou<\/a>of van <a href=\"https:\/\/comparemyjet.com\/nl\/prive-tours\/paris-private-tours\/\" data-internallinksmanager029f6b8e52c=\"252\" title=\"11 Beste Parijs Priv\u00e9tours vanaf $68.94\">Parijs<\/a> naar <a href=\"https:\/\/comparemyjet.com\/nl\/prive-tours\/nice-private-tours\/\" data-internallinksmanager029f6b8e52c=\"249\" title=\"11 Beste priv\u00e9tours in Nice vanaf $37.66\">Leuk<\/a>, maar soms hangt de prijs ook af van de luchthaven waar je opstijgt (dat wil zeggen, als je geen grote ruimte hebt in een onbevolkt gebied waar de helikopter kan landen en opstijgen), en van de luchthaven waar je landt.<\/p>\r\n\r\n\r\n\r\n<ul class=\"wp-block-list\"><li><strong>Aantal passagiers<\/strong><\/li><\/ul>\r\n\r\n\r\n\r\n<p>Als je een helikopter huurt, heb je meestal het hele toestel voor jezelf. Er is meestal \u00e9\u00e9n prijs voor de helikopter, die de passagiers vervolgens delen. Als u alleen bent met een andere passagier, is de prijs dus hoger dan wanneer u de reis bijvoorbeeld deelt met een ander stel.<\/p>\r\n\r\n\r\n\r\n<ul class=\"wp-block-list\"><li><strong>Type helikopter<\/strong><\/li><\/ul>\r\n\r\n\r\n\r\n<p>Net als bij autoverhuur zal een nieuwer en sneller model duurder zijn dan een tweedehands Toyota uit 1996. Dat is het geval met helikopters, waar een <em>eenmotorige zuiger<\/em> vliegtuig is je vriend, en een <em>tweemotorige gasturbine<\/em> helikopter zal je portefeuille behoorlijk beschadigen.<\/p>\r\n\r\n\r\n\r\n<p>Laten we een lijst maken van helikopters per motortype, beginnend bij de goedkoopste.<\/p>\r\n\r\n\r\n\r\n<ol class=\"wp-block-list\"><li>Eenmotorige zuiger<\/li><li>Eenmotorige gasturbine<\/li><li>Tweemotorige gasturbine<\/li><\/ol>\r\n\r\n\r\n\r\n<p>Dit zijn de drie categorie\u00ebn die u moet onthouden, die u de mogelijkheid zullen geven om te ontdekken of een helikopter duur of betaalbaar is om te huren.<\/p>\r\n\r\n\r\n\r\n<ul class=\"wp-block-list\"><li><strong>Duur van de vlucht\/reis<\/strong><\/li><\/ul>\r\n\r\n\r\n\r\n<p>Nogmaals de voor de hand liggende verklaring, maar er zijn dingen die gemakkelijk over het hoofd kunnen worden gezien. Meestal huur je een helikopter per uur, maar er zijn ook dagtarieven, vooral als je van plan bent om in de stad van je bestemming te overnachten.<\/p>\r\n\r\n\r\n\r\n<p>In dat geval gaat de prijs omhoog, want u moet de accommodatie en de maaltijden van de piloot betalen. Vergeet dit dus niet voor u een driedaagse reis boekt.<\/p>\r\n\r\n\r\n\r\n<p>Soms zijn er twee piloten en een cateringdienst, en ook daar moet je voor betalen. Let er dus bij het boeken van een helikopter op dat alleen de diensten zijn inbegrepen waar u om heeft gevraagd.<\/p>\r\n\r\n\r\n\r\n<div class=\"wp-block-image\"><figure class=\"aligncenter size-large\"><img loading=\"lazy\" decoding=\"async\" width=\"1024\" height=\"594\" src=\"https:\/\/comparemyjet.com\/wp-content\/uploads\/2021\/08\/How-Much-Does-It-Cost-to-Hire-a-Private-Helicopter-5-1024x594.jpg\" alt=\"helikopter in de lucht\" class=\"wp-image-2097\" srcset=\"https:\/\/comparemyjet.com\/wp-content\/uploads\/2021\/08\/How-Much-Does-It-Cost-to-Hire-a-Private-Helicopter-5-300x174.jpg 300w, https:\/\/comparemyjet.com\/wp-content\/uploads\/2021\/08\/How-Much-Does-It-Cost-to-Hire-a-Private-Helicopter-5-768x445.jpg 768w, https:\/\/comparemyjet.com\/wp-content\/uploads\/2021\/08\/How-Much-Does-It-Cost-to-Hire-a-Private-Helicopter-5-1024x594.jpg 1024w, https:\/\/comparemyjet.com\/wp-content\/uploads\/2021\/08\/How-Much-Does-It-Cost-to-Hire-a-Private-Helicopter-5-1536x891.jpg 1536w, https:\/\/comparemyjet.com\/wp-content\/uploads\/2021\/08\/How-Much-Does-It-Cost-to-Hire-a-Private-Helicopter-5-2048x1188.jpg 2048w\" sizes=\"auto, (max-width: 1024px) 100vw, 1024px\" \/><\/figure><\/div>\r\n\r\n\r\n\r\n<h3 class=\"wp-block-heading\"><span class=\"ez-toc-section\" id=\"Pricing_Per_Hour\"><\/span>Prijzen per uur<span class=\"ez-toc-section-end\"><\/span><\/h3>\r\n\r\n\r\n\r\n<p>Ongeacht of de helikopter \u00e9\u00e9n of twee motoren heeft, \u00e9\u00e9n of twee piloten, of een cateringdienst, de meest handige en gebruikelijke manier van huren is per uur. Ik heb ook vermeld dat de dienst ook per dag kan worden gehuurd, maar die gelegenheden zijn zeer zeldzaam.<\/p>\r\n\r\n\r\n\r\n<p>Hoe dan ook, laten we de zaken wat duidelijker maken met een algemene prijslijst. In de volgende tabel ziet u de prijzen op basis van het aantal passagiers en de motor van de helikopter. Deze prijzen zijn zeer algemeen, maar in onze andere tabel kunt u de prijzen ook zien op basis van bestemming en uren.<\/p>\r\n\r\n\r\n\r\n<p>Elk cijfer omvat de kosten voor <em>a<\/em> piloot ook.<\/p>\r\n\r\n\r\n\r\n<figure class=\"wp-block-table\"><table><tbody><tr><td>Aantal passagiers<\/td><td>Type helikopter\/aantal motoren<\/td><td><a href=\"https:\/\/comparemyjet.com\/nl\/wat-zijn-typische-jet-kosten-per-uur\/\" data-internallinksmanager029f6b8e52c=\"29\" title=\"Wat zijn de typische kosten van een priv\u00e9 jet per uur?\">Prijs per uur<\/a> in USD ($)<\/td><\/tr><tr><td>1<\/td><td>Eenmotorige zuiger<\/td><td>250 &#8211; 300<\/td><\/tr><tr><td>3<\/td><td>Eenmotorige zuiger<\/td><td>450 &#8211; 550<\/td><\/tr><tr><td>4<\/td><td>Eenmotorige zuiger<\/td><td>950 &#8211; 1,200<\/td><\/tr><tr><td>4<\/td><td>Eenmotorige gasturbine<\/td><td>1,200 &#8211; 1,500<\/td><\/tr><tr><td>6<\/td><td>Eenmotorige gasturbine<\/td><td>1,800 &#8211; 2,200<\/td><\/tr><tr><td>6<\/td><td>Tweemotorige gasturbine<\/td><td>2,000 &#8211; 3,000<\/td><\/tr><tr><td>12<\/td><td>Tweemotorige gasturbine<\/td><td>5,000 &#8211; 6,000<\/td><\/tr><\/tbody><\/table><\/figure>\r\n\r\n\r\n\r\n<p>Soms kan het gebeuren dat een helikopter met een tweemotorige gasturbine goedkoper is dan een eenmotorige gasturbine. Dit betekent meestal dat het model helikopter beter, nieuwer, of gewoon comfortabeler is.<\/p>\r\n\r\n\r\n\r\n<p>Bijvoorbeeld, een <a href=\"https:\/\/www.airbus.com\/helicopters\/civil-helicopters\/intermediate-single\/h130.html\" target=\"_blank\" rel=\"noreferrer noopener nofollow\">Airbus EC130\/H130<\/a> helikopter, die op \u00e9\u00e9n motor loopt, kan meer kosten dan een <a href=\"https:\/\/www.leonardocompany.com\/en\/products\/aw109-trekker\" target=\"_blank\" rel=\"noreferrer noopener nofollow\">Leonardo AW109<\/a>die twee motoren \"onder de motorkap\" heeft. Dus, leer je helikopters kennen voordat je een vlucht boekt.<\/p>\r\n\r\n\r\n\r\n<h3 class=\"wp-block-heading\"><span class=\"ez-toc-section\" id=\"Pricing_Per_Hour_Including_Destinations\"><\/span>Prijzen per uur (inclusief bestemmingen)<span class=\"ez-toc-section-end\"><\/span><\/h3>\r\n\r\n\r\n\r\n<div class=\"wp-block-image\"><figure class=\"aligncenter size-full\"><img loading=\"lazy\" decoding=\"async\" width=\"1024\" height=\"698\" src=\"https:\/\/comparemyjet.com\/wp-content\/uploads\/2021\/08\/How-Much-Does-It-Cost-to-Hire-a-Private-Helicopter-2.jpg\" alt=\"punt a naar punt b\" class=\"wp-image-2094\" srcset=\"https:\/\/comparemyjet.com\/wp-content\/uploads\/2021\/08\/How-Much-Does-It-Cost-to-Hire-a-Private-Helicopter-2-300x204.jpg 300w, https:\/\/comparemyjet.com\/wp-content\/uploads\/2021\/08\/How-Much-Does-It-Cost-to-Hire-a-Private-Helicopter-2-768x524.jpg 768w, https:\/\/comparemyjet.com\/wp-content\/uploads\/2021\/08\/How-Much-Does-It-Cost-to-Hire-a-Private-Helicopter-2.jpg 1024w\" sizes=\"auto, (max-width: 1024px) 100vw, 1024px\" \/><\/figure><\/div>\r\n\r\n\r\n\r\n<p>Ik zal deze tabel gebruiken om te laten zien hoe de prijzen veranderen wanneer een passagier wordt toegevoegd of weggelaten, en wanneer u van een korte reis naar een langere reis gaat. De voorbeelden omvatten enkele van de populairste bestemmingen, zodat u misschien de uwe vindt.<\/p>\r\n\r\n\r\n\r\n<p>Meestal is de prijs hetzelfde voor \u00e9\u00e9n tot vier passagiers. Dat komt omdat, zoals we al zeiden, je de hele helikopter huurt die plaats biedt aan vier personen. Je moet dus voor het hele toestel betalen, zelfs als je de enige passagier bent.<\/p>\r\n\r\n\r\n\r\n<p>Als u van plan bent om met een grotere groep te komen, of met meer dan vier personen, dan moet u bellen <a href=\"https:\/\/www.fairlifts.com\/\" target=\"_blank\" rel=\"noreferrer noopener nofollow\">een bedrijf<\/a> die deze diensten aanbieden, omdat voor verschillende bedrijven verschillende regels gelden.<\/p>\r\n\r\n\r\n\r\n<p><strong>Route: Londen, UK naar Parijs, Frankrijk<\/strong><\/p>\r\n\r\n\r\n\r\n<figure class=\"wp-block-table\"><table><tbody><tr><td><strong>Aantal passagiers<\/strong><\/td><td><strong>One-way<\/strong><\/td><td><strong>Twee richtingen<\/strong><\/td><\/tr><tr><td>1-4<\/td><td>$8,000<\/td><td>$11,500<\/td><\/tr><\/tbody><\/table><\/figure>\r\n\r\n\r\n\r\n<p><strong>Route: Londen, UK naar <a href=\"https:\/\/comparemyjet.com\/nl\/prive-tours\/rome-private-tours\/\" data-internallinksmanager029f6b8e52c=\"304\" title=\"11 Beste priv\u00e9tours Rome vanaf $23.77\">Rome<\/a>, Itali\u00eb<\/strong><\/p>\r\n\r\n\r\n\r\n<figure class=\"wp-block-table\"><table><tbody><tr><td><strong>Aantal passagiers<\/strong><\/td><td><strong>One-way<\/strong><\/td><td><strong>Twee richtingen<\/strong><\/td><\/tr><tr><td>1-4<\/td><td>$7,900<\/td><td>$11,400<\/td><\/tr><\/tbody><\/table><\/figure>\r\n\r\n\r\n\r\n<p><strong>Route: Londen, UK naar <a href=\"https:\/\/comparemyjet.com\/nl\/private-jet-charters-naar-geneva\/\" data-internallinksmanager029f6b8e52c=\"156\" title=\"Priv\u00e9 Jet Charters naar Gen\u00e8ve\">Geneva<\/a>, Zwitserland<\/strong><\/p>\r\n\r\n\r\n\r\n<figure class=\"wp-block-table\"><table><tbody><tr><td><strong>Aantal passagiers<\/strong><\/td><td><strong>One-way<\/strong><\/td><td><strong>Twee richtingen<\/strong><\/td><\/tr><tr><td>1-4<\/td><td>$14,000<\/td><td>$20,500<\/td><\/tr><\/tbody><\/table><\/figure>\r\n\r\n\r\n\r\n<p><strong>Route: <a href=\"https:\/\/comparemyjet.com\/nl\/prive-tours\/privetours-door-new-york-city\/\" data-internallinksmanager029f6b8e52c=\"427\" title=\"11 Beste priv\u00e9tours in New York vanaf $48,00\">New York<\/a>, USA aan <a href=\"https:\/\/comparemyjet.com\/nl\/prive-tours\/los-angeles-private-tours\/\" data-internallinksmanager029f6b8e52c=\"421\" title=\"11 Beste priv\u00e9tours in Los Angeles vanaf $55,00\">Los Angeles<\/a>, USA<\/strong><\/p>\r\n\r\n\r\n\r\n<figure class=\"wp-block-table\"><table><tbody><tr><td><strong>Aantal passagiers<\/strong><\/td><td><strong>One-way<\/strong><\/td><td><strong>Twee richtingen<\/strong><\/td><\/tr><tr><td>1-4<\/td><td>$43,700<\/td><td>$45,000<\/td><\/tr><\/tbody><\/table><\/figure>\r\n\r\n\r\n\r\n<p><strong>Route: <a href=\"https:\/\/comparemyjet.com\/nl\/prive-tours\/singapore-private-tours\/\" data-internallinksmanager029f6b8e52c=\"348\" title=\"11 Beste priv\u00e9tours in Singapore vanaf $75.55\">Singapore<\/a>, <a href=\"https:\/\/comparemyjet.com\/nl\/singapore-naar-bangkok-prive-vlucht-jet\/\" data-internallinksmanager029f6b8e52c=\"52\" title=\"Singapore naar Bangkok met prive jet\">Singapore naar Bangkok<\/a>Thailand<\/strong><\/p>\r\n\r\n\r\n\r\n<figure class=\"wp-block-table\"><table><tbody><tr><td><strong>Aantal passagiers<\/strong><\/td><td><strong>One-way<\/strong><\/td><td><strong>Twee richtingen<\/strong><\/td><\/tr><tr><td>1-4<\/td><td>$28,800<\/td><td>$45,000<\/td><\/tr><\/tbody><\/table><\/figure>\r\n\r\n\r\n\r\n<p><strong>Route: Los Angeles, VS naar <a href=\"https:\/\/comparemyjet.com\/nl\/prive-tours\/las-vegas-private-tours\/\" data-internallinksmanager029f6b8e52c=\"419\" title=\"11 Beste priv\u00e9tours in Las Vegas vanaf $90,00\">Las Vegas<\/a>, USA<\/strong><\/p>\r\n\r\n\r\n\r\n<figure class=\"wp-block-table\"><table><tbody><tr><td><strong>Aantal passagiers<\/strong><\/td><td><strong>One-way<\/strong><\/td><td><strong>Twee richtingen<\/strong><\/td><\/tr><tr><td>1-4<\/td><td>$7,300<\/td><td>$9,500<\/td><\/tr><\/tbody><\/table><\/figure>\r\n\r\n\r\n\r\n<p><strong>Route: <a href=\"https:\/\/comparemyjet.com\/nl\/prive-tours\/johannesburg-private-tours\/\" data-internallinksmanager029f6b8e52c=\"351\" title=\"11 Beste priv\u00e9tours in Johannesburg vanaf $36.48\">Johannesburg<\/a>, Zuid-Afrika naar <a href=\"https:\/\/comparemyjet.com\/nl\/prive-tours\/cape-town-private-tours\/\" data-internallinksmanager029f6b8e52c=\"349\" title=\"11 Beste priv\u00e9tours in Kaapstad vanaf $41.03\">Kaapstad<\/a>, Zuid-Afrika<\/strong><\/p>\r\n\r\n\r\n\r\n<figure class=\"wp-block-table\"><table><tbody><tr><td><strong>Aantal passagiers<\/strong><\/td><td><strong>One-way<\/strong><\/td><td><strong>Twee richtingen<\/strong><\/td><\/tr><tr><td>1-4<\/td><td>$18,700<\/td><td>$21,500<\/td><\/tr><\/tbody><\/table><\/figure>\r\n\r\n\r\n\r\n<p><strong>Route: <a href=\"https:\/\/comparemyjet.com\/nl\/private-jet-charters-naar-milaan\/\" data-internallinksmanager029f6b8e52c=\"122\" title=\"Priv\u00e9 Jet Charters naar Milaan\">Milan<\/a>, Itali\u00eb naar <a href=\"https:\/\/comparemyjet.com\/nl\/private-jet-charters-naar-ibiza\/\" data-internallinksmanager029f6b8e52c=\"133\" title=\"Priv\u00e9 Jet Charters naar Ibiza\">Ibiza<\/a>, Spanje<\/strong><\/p>\r\n\r\n\r\n\r\n<figure class=\"wp-block-table\"><table><tbody><tr><td><strong>Aantal passagiers<\/strong><\/td><td><strong>One-way<\/strong><\/td><td><strong>Twee richtingen<\/strong><\/td><\/tr><tr><td>1-4<\/td><td>$14,600<\/td><td>$17,000<\/td><\/tr><\/tbody><\/table><\/figure>\r\n\r\n\r\n\r\n<p><strong>Route: Birmingham, UK naar Parijs, Frankrijk<\/strong><\/p>\r\n\r\n\r\n\r\n<figure class=\"wp-block-table\"><table><tbody><tr><td><strong>Aantal passagiers<\/strong><\/td><td><strong>One-way<\/strong><\/td><td><strong>Twee richtingen<\/strong><\/td><\/tr><tr><td>1-4<\/td><td>$8,200<\/td><td>$10,100<\/td><\/tr><\/tbody><\/table><\/figure>\r\n\r\n\r\n\r\n<p><strong>Route: Londen, UK naar Amsterdan, Nederland<\/strong><\/p>\r\n\r\n\r\n\r\n<figure class=\"wp-block-table\"><table><tbody><tr><td><strong>Aantal passagiers<\/strong><\/td><td><strong>One-way<\/strong><\/td><td><strong>Twee richtingen<\/strong><\/td><\/tr><tr><td>1-4<\/td><td>$5,900<\/td><td>$7,100<\/td><\/tr><\/tbody><\/table><\/figure>\r\n\r\n\r\n\r\n<p><strong>Route: <a href=\"https:\/\/comparemyjet.com\/nl\/prive-tours\/toronto-private-tours\/\" data-internallinksmanager029f6b8e52c=\"218\" title=\"11 Beste priv\u00e9tours in Toronto vanaf $35,81\">Toronto<\/a>, Canada naar New York, VS<\/strong><\/p>\r\n\r\n\r\n\r\n<figure class=\"wp-block-table\"><table><tbody><tr><td><strong>Aantal passagiers<\/strong><\/td><td><strong>One-way<\/strong><\/td><td><strong>Twee richtingen<\/strong><\/td><\/tr><tr><td>1-4<\/td><td>$7,800<\/td><td>$9,000<\/td><\/tr><\/tbody><\/table><\/figure>\r\n\r\n\r\n\r\n<p><strong>Route: <a href=\"https:\/\/comparemyjet.com\/nl\/prive-tours\/atlanta-private-tours\/\" data-internallinksmanager029f6b8e52c=\"403\" title=\"11 Beste Atlanta Priv\u00e9tours vanaf $89,99\">Atlanta<\/a>, USA aan <a href=\"https:\/\/comparemyjet.com\/nl\/prive-tours\/miami-private-tours\/\" data-internallinksmanager029f6b8e52c=\"422\" title=\"11 Beste priv\u00e9tours in Miami vanaf $99,00\">Miami<\/a>, USA<\/strong><\/p>\r\n\r\n\r\n\r\n<figure class=\"wp-block-table\"><table><tbody><tr><td><strong>Aantal passagiers<\/strong><\/td><td><strong>One-way<\/strong><\/td><td><strong>Twee richtingen<\/strong><\/td><\/tr><tr><td>1-4<\/td><td>$10,400<\/td><td>$13,700<\/td><\/tr><\/tbody><\/table><\/figure>\r\n\r\n\r\n\r\n<p><strong>Route: Londen, UK naar Moskou, Russische Federatie<\/strong><\/p>\r\n\r\n\r\n\r\n<figure class=\"wp-block-table\"><table><tbody><tr><td><strong>Aantal passagiers<\/strong><\/td><td><strong>One-way<\/strong><\/td><td><strong>Twee richtingen<\/strong><\/td><\/tr><tr><td>1-4<\/td><td>$28,300<\/td><td>$31,200<\/td><\/tr><\/tbody><\/table><\/figure>\r\n\r\n\r\n\r\n<h2 class=\"wp-block-heading\"><span class=\"ez-toc-section\" id=\"Conclusion\"><\/span>Conclusie<span class=\"ez-toc-section-end\"><\/span><\/h2>\r\n\r\n\r\n\r\n<div class=\"wp-block-image\"><figure class=\"aligncenter size-full\"><img loading=\"lazy\" decoding=\"async\" width=\"1024\" height=\"768\" src=\"https:\/\/comparemyjet.com\/wp-content\/uploads\/2021\/08\/How-Much-Does-It-Cost-to-Hire-a-Private-Helicopter-1.jpg\" alt=\"\" class=\"wp-image-2093\" srcset=\"https:\/\/comparemyjet.com\/wp-content\/uploads\/2021\/08\/How-Much-Does-It-Cost-to-Hire-a-Private-Helicopter-1-300x225.jpg 300w, https:\/\/comparemyjet.com\/wp-content\/uploads\/2021\/08\/How-Much-Does-It-Cost-to-Hire-a-Private-Helicopter-1-400x300.jpg 400w, https:\/\/comparemyjet.com\/wp-content\/uploads\/2021\/08\/How-Much-Does-It-Cost-to-Hire-a-Private-Helicopter-1-768x576.jpg 768w, https:\/\/comparemyjet.com\/wp-content\/uploads\/2021\/08\/How-Much-Does-It-Cost-to-Hire-a-Private-Helicopter-1-800x600.jpg 800w, https:\/\/comparemyjet.com\/wp-content\/uploads\/2021\/08\/How-Much-Does-It-Cost-to-Hire-a-Private-Helicopter-1.jpg 1024w\" sizes=\"auto, (max-width: 1024px) 100vw, 1024px\" \/><\/figure><\/div>\r\n\r\n\r\n\r\n<p>Zoals ik al zei, kan het huren van een priv\u00e9-helikopter vrij duur zijn, maar ook zeer betaalbaar als u onze tips opvolgt.<\/p>\r\n\r\n\r\n\r\n<p>Om te vermijden dat u belachelijk hoge bedragen betaalt, moet u ervoor zorgen dat u zoveel mogelijk mensen aan boord neemt, uiteraard op basis van de capaciteit van de helikopter. U betaalt voor het hele toestel, dus hoe meer passagiers er zijn, hoe kleiner uw aandeel zal zijn.<\/p>\r\n\r\n\r\n\r\n<p>Het aantal passagiers is niet de enige parameter waar je op moet letten. Het type helikopter speelt bijvoorbeeld ook een grote rol. Een eenmotorige helikopter met zuigermotor is het voordeligst om te huren, terwijl een eenmotorige helikopter met gasturbine enkele dollars aan de vlucht zal toevoegen. De duurste optie is echter het huren van een helikopter met een tweemotorige gasturbine.<\/p>\r\n\r\n\r\n\r\n<p>Andere parameters die de prijs kunnen opdrijven zijn een extra piloot, of een overnachting voor de terugkeer. Vergeet niet dat u ook verplicht bent te betalen voor het verblijf en de maaltijden van de bemanning tijdens de reis.<\/p>\r\n\r\n\r\n\r\n<p>Volgens deze logica kan het huren van een priv\u00e9-helikopter zo weinig kosten als $300 voor korte uitstapjes in een minder krachtige helikopter, maar kan het zeer hoge bedragen bereiken, waarbij het om duizenden dollars kan gaan als de bestemming en het type vliegtuig dit vereisen.<\/p>","protected":false},"excerpt":{"rendered":"<p>Een priv\u00e9 helikopter huren is niet langer iets dat alleen de uberrijken zich kunnen veroorloven, en het kan om verschillende redenen. Luxe reizen en een persoonlijke reiservaring is een reden genoeg om een helikopter te huren, of misschien bent u een goede cadeaugever en wilt u uw geliefden verrassen met een priv\u00e9vlucht naar ...<\/p>","protected":false},"author":1,"featured_media":2096,"parent":0,"menu_order":0,"comment_status":"closed","ping_status":"closed","template":"","meta":{"_acf_changed":false,"_genesis_hide_title":false,"_genesis_hide_breadcrumbs":false,"_genesis_hide_singular_image":false,"_genesis_hide_footer_widgets":false,"_genesis_custom_body_class":"","_genesis_custom_post_class":"","_genesis_layout":"","footnotes":""},"class_list":{"1":"page","2":"type-page","6":"entry"},"acf":[],"_links":{"self":[{"href":"https:\/\/comparemyjet.com\/nl\/wp-json\/wp\/v2\/pages\/2092","targetHints":{"allow":["GET"]}}],"collection":[{"href":"https:\/\/comparemyjet.com\/nl\/wp-json\/wp\/v2\/pages"}],"about":[{"href":"https:\/\/comparemyjet.com\/nl\/wp-json\/wp\/v2\/types\/page"}],"author":[{"embeddable":true,"href":"https:\/\/comparemyjet.com\/nl\/wp-json\/wp\/v2\/users\/1"}],"replies":[{"embeddable":true,"href":"https:\/\/comparemyjet.com\/nl\/wp-json\/wp\/v2\/comments?post=2092"}],"version-history":[{"count":5,"href":"https:\/\/comparemyjet.com\/nl\/wp-json\/wp\/v2\/pages\/2092\/revisions"}],"predecessor-version":[{"id":3274,"href":"https:\/\/comparemyjet.com\/nl\/wp-json\/wp\/v2\/pages\/2092\/revisions\/3274"}],"wp:featuredmedia":[{"embeddable":true,"href":"https:\/\/comparemyjet.com\/nl\/wp-json\/wp\/v2\/media\/2096"}],"wp:attachment":[{"href":"https:\/\/comparemyjet.com\/nl\/wp-json\/wp\/v2\/media?parent=2092"}],"curies":[{"name":"wp","href":"https:\/\/api.w.org\/{rel}","templated":true}]}}