{"id":2553,"date":"2021-12-30T21:43:20","date_gmt":"2021-12-30T21:43:20","guid":{"rendered":"https:\/\/comparemyjet.com\/?page_id=2553"},"modified":"2025-09-04T09:58:14","modified_gmt":"2025-09-04T09:58:14","slug":"barcelona-ibiza","status":"publish","type":"page","link":"https:\/\/comparemyjet.com\/nl\/barcelona-ibiza\/","title":{"rendered":"Barcelona naar Ibiza met een priv\u00e9 jet"},"content":{"rendered":"<p>Spanje heeft vele prachtige plaatsen die een bezoek waard zijn, <a href=\"https:\/\/comparemyjet.com\/nl\/private-jet-charters-naar-barcelona\/\" data-internallinksmanager029f6b8e52c=\"141\" title=\"Priv\u00e9 Jet Charters naar Barcelona\">Barcelona<\/a> en <a href=\"https:\/\/comparemyjet.com\/nl\/private-jet-charters-naar-ibiza\/\" data-internallinksmanager029f6b8e52c=\"133\" title=\"Priv\u00e9 Jet Charters naar Ibiza\">Ibiza<\/a> zeker bovenaan de lijst. De twee combineren geeft een bijzondere noot aan uw reis, en er is niets gemakkelijker dan van de kust van Barcelona naar Ibiza te reizen, omdat deze twee plaatsen goed met elkaar verbonden zijn.<\/p>\r\n\r\n\r\n\r\n<p>De twee steden liggen zeer dicht bij elkaar, en zelfs een autorit is de moeite waard. Maar het huren van een priv\u00e9jet is zeker de snelste en meest comfortabele manier om er te geraken. In dit artikel ga ik de belangrijkste aspecten van het huren van een jet behandelen, zoals prijzen, geschatte vluchttijd, types jets, enzovoort, dus lees verder.<\/p>\r\n\r\n\r\n\r\n<div id=\"ez-toc-container\" class=\"ez-toc-v2_0_76 counter-hierarchy ez-toc-counter ez-toc-grey ez-toc-container-direction\">\n<p class=\"ez-toc-title\" style=\"cursor:inherit\">Onderwerpen<\/p>\n<label for=\"ez-toc-cssicon-toggle-item-69e5041c73ab9\" class=\"ez-toc-cssicon-toggle-label\"><span class=\"\"><span class=\"eztoc-hide\" style=\"display:none;\">Schakel<\/span><span class=\"ez-toc-icon-toggle-span\"><svg style=\"fill: #999;color:#999\" xmlns=\"http:\/\/www.w3.org\/2000\/svg\" class=\"list-377408\" width=\"20px\" height=\"20px\" viewbox=\"0 0 24 24\" fill=\"none\"><path d=\"M6 6H4v2h2V6zm14 0H8v2h12V6zM4 11h2v2H4v-2zm16 0H8v2h12v-2zM4 16h2v2H4v-2zm16 0H8v2h12v-2z\" fill=\"currentColor\"><\/path><\/svg><svg style=\"fill: #999;color:#999\" class=\"arrow-unsorted-368013\" xmlns=\"http:\/\/www.w3.org\/2000\/svg\" width=\"10px\" height=\"10px\" viewbox=\"0 0 24 24\" version=\"1.2\" baseprofile=\"tiny\"><path d=\"M18.2 9.3l-6.2-6.3-6.2 6.3c-.2.2-.3.4-.3.7s.1.5.3.7c.2.2.4.3.7.3h11c.3 0 .5-.1.7-.3.2-.2.3-.5.3-.7s-.1-.5-.3-.7zM5.8 14.7l6.2 6.3 6.2-6.3c.2-.2.3-.5.3-.7s-.1-.5-.3-.7c-.2-.2-.4-.3-.7-.3h-11c-.3 0-.5.1-.7.3-.2.2-.3.5-.3.7s.1.5.3.7z\"\/><\/svg><\/span><\/span><\/label><input type=\"checkbox\"  id=\"ez-toc-cssicon-toggle-item-69e5041c73ab9\" checked aria-label=\"Schakel\" \/><nav><ul class='ez-toc-list ez-toc-list-level-1' ><li class='ez-toc-page-1 ez-toc-heading-level-2'><a class=\"ez-toc-link ez-toc-heading-1\" href=\"https:\/\/comparemyjet.com\/nl\/barcelona-ibiza\/#Barcelona_to_Ibiza_Overview\" >Barcelona naar Ibiza: Overzicht<\/a><\/li><li class='ez-toc-page-1 ez-toc-heading-level-2'><a class=\"ez-toc-link ez-toc-heading-2\" href=\"https:\/\/comparemyjet.com\/nl\/barcelona-ibiza\/#Pricing_Options\" >Prijsopties<\/a><ul class='ez-toc-list-level-3' ><li class='ez-toc-heading-level-3'><a class=\"ez-toc-link ez-toc-heading-3\" href=\"https:\/\/comparemyjet.com\/nl\/barcelona-ibiza\/#Average_Prices_From_Barcelona_to_Ibiza\" >Gemiddelde prijzen van Barcelona naar Ibiza<\/a><\/li><\/ul><\/li><li class='ez-toc-page-1 ez-toc-heading-level-2'><a class=\"ez-toc-link ez-toc-heading-4\" href=\"https:\/\/comparemyjet.com\/nl\/barcelona-ibiza\/#Barcelona_to_Ibiza_Airports\" >Barcelona naar Ibiza Luchthavens<\/a><ul class='ez-toc-list-level-3' ><li class='ez-toc-heading-level-3'><a class=\"ez-toc-link ez-toc-heading-5\" href=\"https:\/\/comparemyjet.com\/nl\/barcelona-ibiza\/#Barcelona_Airport_El_Prat\" >Barcelona Luchthaven (El Prat)<\/a><\/li><\/ul><\/li><li class='ez-toc-page-1 ez-toc-heading-level-2'><a class=\"ez-toc-link ez-toc-heading-6\" href=\"https:\/\/comparemyjet.com\/nl\/barcelona-ibiza\/#Ibiza_Airports\" >Ibiza Luchthavens<\/a><\/li><li class='ez-toc-page-1 ez-toc-heading-level-2'><a class=\"ez-toc-link ez-toc-heading-7\" href=\"https:\/\/comparemyjet.com\/nl\/barcelona-ibiza\/#Which_Jet_Models_Can_Fly_You_to_Ibiza_From_Barcelona\" >Welke Jet modellen kunnen je naar Ibiza vliegen vanaf Barcelona?<\/a><ul class='ez-toc-list-level-3' ><li class='ez-toc-heading-level-3'><a class=\"ez-toc-link ez-toc-heading-8\" href=\"https:\/\/comparemyjet.com\/nl\/barcelona-ibiza\/#Small_Turboprops_Light_Jets_and_Midsize_Jets\" >Kleine (turboprops, lichte straalvliegtuigen) en middelgrote straalvliegtuigen<\/a><\/li><li class='ez-toc-page-1 ez-toc-heading-level-3'><a class=\"ez-toc-link ez-toc-heading-9\" href=\"https:\/\/comparemyjet.com\/nl\/barcelona-ibiza\/#Heavy_Jets\" >Zware Jets<\/a><\/li><li class='ez-toc-page-1 ez-toc-heading-level-3'><a class=\"ez-toc-link ez-toc-heading-10\" href=\"https:\/\/comparemyjet.com\/nl\/barcelona-ibiza\/#Prices_Per_Plane_Type_Overview\" >Prijzen per vliegtuigtype: Overzicht<\/a><\/li><\/ul><\/li><li class='ez-toc-page-1 ez-toc-heading-level-2'><a class=\"ez-toc-link ez-toc-heading-11\" href=\"https:\/\/comparemyjet.com\/nl\/barcelona-ibiza\/#Conclusion\" >Conclusie<\/a><\/li><\/ul><\/nav><\/div>\n<h2 class=\"wp-block-heading\"><span class=\"ez-toc-section\" id=\"Barcelona_to_Ibiza_Overview\"><\/span>Barcelona naar Ibiza: Overzicht<span class=\"ez-toc-section-end\"><\/span><\/h2>\r\n\r\n\r\n\r\n<figure class=\"wp-block-image size-large\"><img loading=\"lazy\" decoding=\"async\" width=\"1024\" height=\"683\" src=\"https:\/\/comparemyjet.com\/wp-content\/uploads\/2021\/12\/ibiza-1-1024x683.jpg\" alt=\"Ibiza\" class=\"wp-image-2562\" srcset=\"https:\/\/comparemyjet.com\/wp-content\/uploads\/2021\/12\/ibiza-1-300x200.jpg 300w, https:\/\/comparemyjet.com\/wp-content\/uploads\/2021\/12\/ibiza-1-768x512.jpg 768w, https:\/\/comparemyjet.com\/wp-content\/uploads\/2021\/12\/ibiza-1-1024x683.jpg 1024w, https:\/\/comparemyjet.com\/wp-content\/uploads\/2021\/12\/ibiza-1-1536x1024.jpg 1536w, https:\/\/comparemyjet.com\/wp-content\/uploads\/2021\/12\/ibiza-1.jpg 1920w\" sizes=\"auto, (max-width: 1024px) 100vw, 1024px\" \/><\/figure>\r\n\r\n\r\n\r\n<p>Er is ongeveer 350 mijl tussen de twee locaties, wat betekent dat een 7 uur durende autorit u er zal brengen.  Als u er echter in ongeveer 40 minuten wilt zijn, met alle comfort van dien, dan is een priv\u00e9jet de beste oplossing.&nbsp;<\/p>\r\n\r\n\r\n\r\n<p>Het goede hier is dat de twee steden zo dicht bij elkaar liggen dat snelheid geen grote rol speelt bij de beslissing welk vliegtuig je gaat huren. Turboprops zijn gewoonlijk veel trager dan andere jets, maar in dit geval zal het je misschien 20 minuten meer kosten om Ibiza te bereiken met zo'n vliegtuig.<\/p>\r\n\r\n\r\n\r\n<p>De prijsvork voor het huren van een priv\u00e9 jet op de route Barcelona - Ibiza varieert van 3.000 EUR tot 18.000 EUR, of meer indien u extra diensten of extra ruimte in de cabine wenst. Prijzen zijn moeilijk te bepalen wanneer u met een priv\u00e9 jet vliegt door het eindeloze aantal factoren die het uiteindelijke bedrag be\u00efnvloeden, zoals datum en tijd van vliegen, grootte en model van de jet, geplande overnachtingen, enz.<\/p>\r\n\r\n\r\n\r\n<p>Positief aan de twee steden is dat ze beide gewend zijn VIP's te ontvangen, zodat er een infrastructuur is die geschikt is voor priv\u00e9vliegen. Je zult op beide plaatsen geweldige FBO's (Fixed-Base Operators) of priv\u00e9terminals vinden.<\/p>\r\n\r\n\r\n\r\n<h2 class=\"wp-block-heading\"><span class=\"ez-toc-section\" id=\"Pricing_Options\"><\/span>Prijsopties<span class=\"ez-toc-section-end\"><\/span><\/h2>\r\n\r\n\r\n\r\n<p>Zoals hierboven kort vermeld, zijn de prijzen vrij moeilijk te bepalen omdat ze van veel factoren afhangen, zoals het bedrijf waarbij u boekt, aangezien de meeste u hun geschatte prijzen pas zullen geven nadat u specifiek contact met hen hebt opgenomen en een offerte hebt aangevraagd.<\/p>\r\n\r\n\r\n\r\n<p>De prijzen die hieronder zijn afgebeeld, zijn geschreven vanuit <a href=\"https:\/\/www.the-aviation-factory.com\/en\/\" target=\"_blank\" rel=\"noopener\">De Luchtvaart Fabriek<\/a>.<\/p>\r\n\r\n\r\n\r\n<h3 class=\"wp-block-heading\"><span class=\"ez-toc-section\" id=\"Average_Prices_From_Barcelona_to_Ibiza\"><\/span>Gemiddelde prijzen van Barcelona naar Ibiza<span class=\"ez-toc-section-end\"><\/span><\/h3>\r\n\r\n\r\n\r\n<figure class=\"wp-block-table\"><table><tbody><tr><td><strong>Type vliegtuig<\/strong><\/td><td><strong>Aantal passagiers<\/strong><\/td><td><strong>Barcelona naar Ibiza route prijs<\/strong><\/td><td><strong>Geschatte vliegtijd<\/strong><\/td><\/tr><tr><td>Turboprop&nbsp;<\/td><td>4 &#8211; 19<\/td><td>7.000 EUR<\/td><td>55 minuten<\/td><\/tr><tr><td>Lichtstraal<\/td><td>4 &#8211; 11<\/td><td>3.500 EUR<\/td><td>45 minuten.<\/td><\/tr><tr><td>Midsize jet<\/td><td>6 &#8211; 10<\/td><td>7.000 EUR<\/td><td>40 minuten.<\/td><\/tr><tr><td>Zware straal<\/td><td>4 &#8211; 72<\/td><td>8.500 EUR<\/td><td>40 minuten.<\/td><\/tr><\/tbody><\/table><\/figure>\r\n\r\n\r\n\r\n<p>Zoals je waarschijnlijk al uit de tabel hebt opgemaakt, is een lichte jet een vrij goede optie voor deze route als je met deze maatschappij vliegt, maar het hangt allemaal af van het model dat je zult kiezen. Ik zal in de volgende paragrafen meer vertellen over specifieke merken, maar laten we eerst eens kijken welke FBO's er worden aangeboden.<\/p>\r\n\r\n\r\n\r\n<h2 class=\"wp-block-heading\"><span class=\"ez-toc-section\" id=\"Barcelona_to_Ibiza_Airports\"><\/span>Barcelona naar Ibiza Luchthavens<span class=\"ez-toc-section-end\"><\/span><\/h2>\r\n\r\n\r\n\r\n<figure class=\"wp-block-image size-large\"><img loading=\"lazy\" decoding=\"async\" width=\"1024\" height=\"683\" src=\"https:\/\/comparemyjet.com\/wp-content\/uploads\/2021\/12\/london-to-ibiza-airports-2-1024x683.jpg\" alt=\"Londen naar Ibiza luchthavens\" class=\"wp-image-2571\" srcset=\"https:\/\/comparemyjet.com\/wp-content\/uploads\/2021\/12\/london-to-ibiza-airports-2-300x200.jpg 300w, https:\/\/comparemyjet.com\/wp-content\/uploads\/2021\/12\/london-to-ibiza-airports-2-768x512.jpg 768w, https:\/\/comparemyjet.com\/wp-content\/uploads\/2021\/12\/london-to-ibiza-airports-2-1024x683.jpg 1024w, https:\/\/comparemyjet.com\/wp-content\/uploads\/2021\/12\/london-to-ibiza-airports-2-1536x1024.jpg 1536w, https:\/\/comparemyjet.com\/wp-content\/uploads\/2021\/12\/london-to-ibiza-airports-2.jpg 1920w\" sizes=\"auto, (max-width: 1024px) 100vw, 1024px\" \/><\/figure>\r\n\r\n\r\n\r\n<p>Barcelona is een wereldberoemde toeristische bestemming die elk jaar door miljoenen mensen wordt bezocht. Er is echter maar \u00e9\u00e9n luchthaven in Barcelona, de <em>El Prat de Llobregat Aeropuerto<\/em>of gewoon Barcelona Airport genoemd.<\/p>\r\n\r\n\r\n\r\n<h3 class=\"wp-block-heading\"><span class=\"ez-toc-section\" id=\"Barcelona_Airport_El_Prat\"><\/span>Barcelona Luchthaven (El Prat)<span class=\"ez-toc-section-end\"><\/span><\/h3>\r\n\r\n\r\n\r\n<p>El Prat heeft een vrij goede ligging, op slechts 8 mijl afstand van het stadscentrum. Wat vervoer betreft, is het ongeveer 25 minuten met de auto, maar bijna het dubbele als u voor eigen vervoer kiest.<\/p>\r\n\r\n\r\n\r\n<p>Particuliere vluchten zijn echter goed ontwikkeld op deze luchthaven, met veel FBO's. <a href=\"https:\/\/www.jetex.com\/network\/barcelona-spain\/\" target=\"_blank\" rel=\"noopener\">Jetex<\/a> is een van hen, met een <a href=\"https:\/\/comparemyjet.com\/nl\/wat-is-een-prive-jet-vaste-basis-operator-fbo\/\" data-internallinksmanager029f6b8e52c=\"19\" title=\"Wat is een Private Jet Fixed-Base Operator (FBO)?\">FBO<\/a> die aan al uw verwachtingen voldoen. U vindt er mooie lounges en douches, maar ook diensten onder de vleugel zoals brandstofvoorziening, onderhoud of opslag.<\/p>\r\n\r\n\r\n\r\n<p>U zou ook de FBO kunnen overwegen die gerund wordt door <a href=\"https:\/\/www.execujet.com\/en\/service\/fbo\/locations\/locations-worldwide\/barcelona\/\" target=\"_blank\" rel=\"noopener\">ExecuJet<\/a>. Zoals u waarschijnlijk verwacht, zult u in deze terminal goed worden behandeld. Met name deze heeft de zogenaamde \"VIP catering on-demand\", wat betekent dat u alleen maar op tijd aan het personeel hoeft door te geven wat uw wensen zijn, en er zal zeker aan worden voldaan.<\/p>\r\n\r\n\r\n\r\n<p><a href=\"https:\/\/generalaviation.es\/\" target=\"_blank\" rel=\"noopener\">Algemene luchtvaartdiensten<\/a> is een wijdvertakt FBO-netwerk en u kunt ze ook in heel Spanje vinden. Ze bieden 5-sterrenservice en hebben ook een priv\u00e9terminal op Ibiza, waardoor ook deze FBO een goede keuze is.<\/p>\r\n\r\n\r\n\r\n<p>Een andere geweldige FBO is die van <a href=\"https:\/\/www.universalaviation.aero\/locations\/spain\/barcelona-lebl\/\" target=\"_blank\" rel=\"noopener\">Universal Aviation<\/a>. Deze exploitant van vaste bases heeft grote VIP-lounges, gescheiden voor de bemanning en de passagiers, zodat u uw privacy kunt hebben. U kunt catering of transport bestellen als u dat wilt, en de bemanning is er om u te helpen met alles wat u nodig hebt.<\/p>\r\n\r\n\r\n\r\n<p>Onze laatste aanbeveling is de FBO gerund door <a href=\"https:\/\/www.skyvalet.com\/\" target=\"_blank\" rel=\"noopener\">Skyvalet<\/a>. Wie regelmatig priv\u00e9-reizen maakt, weet dat deze priv\u00e9-terminal alleen de beste high-end diensten aanbiedt voor zijn VIP-client\u00e8le. Het bedrijf is ook aanwezig op de luchthaven van Ibiza.<\/p>\r\n\r\n\r\n\r\n<h2 class=\"wp-block-heading\"><span class=\"ez-toc-section\" id=\"Ibiza_Airports\"><\/span>Ibiza Luchthavens<span class=\"ez-toc-section-end\"><\/span><\/h2>\r\n\r\n\r\n\r\n<p>Aan het begin van dit artikel heb ik gezegd dat Ibiza, net als Barcelona, \u00e9\u00e9n luchthaven heeft voor wie het eiland in- en uitvliegt. Het heet <em>Aeropuerto de Ibiza<\/em>, bekend als Ibiza Luchthaven (IBZ).<\/p>\r\n\r\n\r\n\r\n<p>De luchthaven ligt op slechts 6 mijl afstand van het centrale punt van Ibiza, waarmee het nog dichter bij het centrum ligt dan respectievelijk de luchthaven van Barcelona. Je hebt ongeveer 20 minuten nodig om de luchthaven met de auto te bereiken, en er zijn net genoeg FBO's binnen de luchthaven die je zou kunnen gebruiken om priv\u00e9 te vliegen.<\/p>\r\n\r\n\r\n\r\n<p><a href=\"https:\/\/www.skyvalet.com\/\" target=\"_blank\" rel=\"noopener\">Sky Valet<\/a> is er een van en het heeft waarschijnlijk de beste conci\u00ebrgediensten omdat ze een VIP-ontvangst op maat hebben. U kunt hen van tevoren vertellen wat uw wensen zijn, wat uw favoriete eten, drinken, of activiteiten zijn, en op basis van die gegevens zal het personeel uw verblijf aanpassen.&nbsp;<\/p>\r\n\r\n\r\n\r\n<p>Bovendien kunt u het personeel vragen u met alles te helpen, zoals het huren van een lift, een heli of een limo, of het reserveren van een tafel in het restaurant.<\/p>\r\n\r\n\r\n\r\n<p><a href=\"https:\/\/www.aviapartnerexecutive.com\/ibiza\" target=\"_blank\" rel=\"noopener\">Avia Partner<\/a> zou ook uw FBO van keuze kunnen zijn wanneer u het eiland bezoekt. Het personeel hier zal u met alles helpen, ook met uw jet. Dit omvat bijtanken, onderhoud of reparatie van uw jet indien nodig, evenals opslag in sommige van de hangars.&nbsp;<\/p>\r\n\r\n\r\n\r\n<p>De faciliteit zelf heeft verrassend grote lounges qua oppervlakte, een glanzende keuken, douches, vergaderzalen, de lijst gaat maar door.<\/p>\r\n\r\n\r\n\r\n<h2 class=\"wp-block-heading\"><span class=\"ez-toc-section\" id=\"Which_Jet_Models_Can_Fly_You_to_Ibiza_From_Barcelona\"><\/span>Welke Jet modellen kunnen je naar Ibiza vliegen vanaf Barcelona?<span class=\"ez-toc-section-end\"><\/span><\/h2>\r\n\r\n\r\n\r\n<p>Jetmaten en jetmodellen zijn niet hetzelfde. Een bepaald model uit de categorie lichte jets kan een betere, snellere, of zelfs duurdere keuze zijn dan een bepaald model uit de categorie middelzware jets.<\/p>\r\n\r\n\r\n\r\n<p>Voor deze route is elke jet maat of model goed genoeg. Maar, net als alles in het leven, zijn sommige dingen beter en aantrekkelijker dan andere. Laten we eens kijken welke opties je hebt in termen van jet modellen voor de Barcelona - Ibiza route.<\/p>\r\n\r\n\r\n\r\n<h3 class=\"wp-block-heading\"><span class=\"ez-toc-section\" id=\"Small_Turboprops_Light_Jets_and_Midsize_Jets\"><\/span>Kleine (turboprops, lichte straalvliegtuigen) en middelgrote straalvliegtuigen<span class=\"ez-toc-section-end\"><\/span><\/h3>\r\n\r\n\r\n\r\n<p>Tot de kleine vliegtuigen behoren turboprops en lichte jets. Turboprops kunnen in veel gevallen een goede deal zijn omdat ze meestal betaalbaarder zijn, ook al zijn ze iets langzamer dan de rest. In dit geval maakt hun snelheid niet uit omdat de route te kort is om het kleine verschil in vliegtijd op te merken. Ik heb de prijzen bekeken op de <a href=\"https:\/\/www.aircharterservice.com\/\" target=\"_blank\" rel=\"noopener\">Luchtcharterdienst<\/a>en dit is wat we hebben.<\/p>\r\n\r\n\r\n\r\n<p>De <em>Piaggio Avanti II <\/em>is een turboprop die geweldige eigenschappen heeft en vrij snel is voor een turboprop. Het heeft een cabine die comfortabel plaats biedt aan 7 personen, het heeft ventilatie waardoor rokers op hun eigen manier van de vlucht kunnen genieten, en het is huisdiervriendelijk. Het bereikt Ibiza in 45 minuten, en kost ongeveer 8.000 EUR om te huren.<\/p>\r\n\r\n\r\n\r\n<p>Een andere turboprop optie zou de <em>King Air 250GT <\/em>die min of meer dezelfde kenmerken heeft als de <em>Avanti<\/em>. Deze jet heeft tien minuten meer nodig om de bestemming te bereiken en kost 1.000 EUR meer om te huren. De cabine is ongeveer even groot, zodat 7 personen in alle comfort kunnen reizen.<\/p>\r\n\r\n\r\n\r\n<p><em>Luchtcharter <\/em>heeft eigenlijk een aantal goede aanbiedingen voor lichte jets, zoals de <em>Citaat Mustang<\/em>een extreem suave jet gemaakt voor vier personen. Het is ook rokers- en huisdiervriendelijk. Het brengt je van Barcelona naar Ibiza in 45 minuten, en het kost zo'n 4.000 EUR om te huren.<\/p>\r\n\r\n\r\n\r\n<p>Mijn tweede keus voor een lichte jet zou zijn de <em>Citaat CJ1+. <\/em>Deze jet heeft een zeer comfortabele cabine waarin in totaal zes mensen passen. Het is een beetje sneller dan de Mustang, zodat u in 40 minuten op de luchthaven van Ibiza bent. Het is ook een beetje goedkoper, want je bent ongeveer 3.500 EUR kwijt om deze jet te huren.<\/p>\r\n\r\n\r\n\r\n<p>Maar als u kiest voor een midsize jet, betekent dat dat u ofwel een groter gezelschap bent, of dat u gewoon meer comfort wilt. De <em><a href=\"https:\/\/comparemyjet.com\/nl\/gulfstream\/\" data-internallinksmanager029f6b8e52c=\"175\" title=\"Ultieme gids voor priv\u00e9jets en vliegtuigen van Gulfstream\">Gulfstream<\/a> G-200, <\/em>op zich, heeft een zeer <a href=\"https:\/\/comparemyjet.com\/nl\/prive-tours\/nice-private-tours\/\" data-internallinksmanager029f6b8e52c=\"249\" title=\"11 Beste priv\u00e9tours in Nice vanaf $37.66\">leuk<\/a> Een cabine voor 10 personen met comfortabele stoelen en een tafel die je kunt gebruiken om te dineren in de lucht. Het duurt 40 minuten om Ibiza te bereiken vanuit Barcelona en het kost je ongeveer 8.000 euro om het te huren.<\/p>\r\n\r\n\r\n\r\n<p>De <em>Aanhaling Breedtegraad <\/em>zou ook een goede keuze zijn voor een midsize jet aangezien het een ruime cabine heeft met voorzieningen die u zullen toelaten om te ontspannen, te lunchen of gewoon te babbelen met uw medereizigers. De cabine is groot genoeg voor negen personen, en er is internettoegang. Om van Barcelona naar Ibiza te vliegen heeft u 40 minuten nodig en het kost u ongeveer 10.000 EUR om het voor deze reis te huren.<\/p>\r\n\r\n\r\n\r\n<h3 class=\"wp-block-heading\"><span class=\"ez-toc-section\" id=\"Heavy_Jets\"><\/span>Zware Jets<span class=\"ez-toc-section-end\"><\/span><\/h3>\r\n\r\n\r\n\r\n<figure class=\"wp-block-image size-large\"><img loading=\"lazy\" decoding=\"async\" width=\"1024\" height=\"683\" src=\"https:\/\/comparemyjet.com\/wp-content\/uploads\/2021\/12\/london-to-ibiza-airports-1024x683.jpg\" alt=\"Straalmodellen\" class=\"wp-image-2572\" srcset=\"https:\/\/comparemyjet.com\/wp-content\/uploads\/2021\/12\/london-to-ibiza-airports-300x200.jpg 300w, https:\/\/comparemyjet.com\/wp-content\/uploads\/2021\/12\/london-to-ibiza-airports-768x512.jpg 768w, https:\/\/comparemyjet.com\/wp-content\/uploads\/2021\/12\/london-to-ibiza-airports-1024x683.jpg 1024w, https:\/\/comparemyjet.com\/wp-content\/uploads\/2021\/12\/london-to-ibiza-airports-1536x1025.jpg 1536w, https:\/\/comparemyjet.com\/wp-content\/uploads\/2021\/12\/london-to-ibiza-airports.jpg 1920w\" sizes=\"auto, (max-width: 1024px) 100vw, 1024px\" \/><\/figure>\r\n\r\n\r\n\r\n<p>U hoort misschien mensen zeggen dat het \"te veel\" is om een zware jet te nemen voor een reis van minder dan een uur, maar wie zal het zeggen? Een zwaar vliegtuig huren betekent alleen dat het comfort toeneemt en dat u er sneller bent.&nbsp;<\/p>\r\n\r\n\r\n\r\n<p>De <em>Falcon 2000 <\/em>is een vrij goede zware jet die bedoeld is om net genoeg mensen mee te nemen die met volle teugen van de rit zullen genieten. De cabine is ontworpen voor 10 personen, hoewel er in theorie plaats is voor meer. Hij is zeer modern en gezellig ingericht en heeft 45 minuten nodig om Ibiza te bereiken. De prijs om deze jet te huren ligt rond de 16.000 EUR.<\/p>\r\n\r\n\r\n\r\n<p>Een andere zware jet die een goede keuze zou kunnen zijn voor een grotere groep is de <em>Gulfstream G-V<\/em>. Deze jet heeft een cabine die plaats biedt aan 16 personen, heeft zeer comfortabele zetels, en WiFi. Om de route af te leggen heeft hij 40 minuten nodig en de huurprijs ligt rond de 17.000 EUR.<\/p>\r\n\r\n\r\n\r\n<p>U zou ook kunnen overwegen de <em>Challenger 605 <\/em>voor uw reis als u bereid bent om zo'n 18.000 EUR te betalen. Het is een beroemde jet met een walk-around cabine voor 12 personen. De geschatte vliegtijd is 40 minuten, net als de <em>G-V<\/em>.<\/p>\r\n\r\n\r\n\r\n<h3 class=\"wp-block-heading\"><span class=\"ez-toc-section\" id=\"Prices_Per_Plane_Type_Overview\"><\/span>Prijzen per vliegtuigtype: Overzicht<span class=\"ez-toc-section-end\"><\/span><\/h3>\r\n\r\n\r\n\r\n<p>Hieronder vindt u de prijzen per vliegtuigtype en model.<\/p>\r\n\r\n\r\n\r\n<figure class=\"wp-block-table\"><table><tbody><tr><td><strong>Type vliegtuig<\/strong><\/td><td><\/td><td><\/td><td><\/td><\/tr><tr><td><strong>Lichte en middelgrote jets<\/strong><\/td><td><strong>Aantal passagiers<\/strong><\/td><td><strong>Vliegtijd<\/strong><\/td><td><strong>Prijs<\/strong><\/td><\/tr><tr><td><em>Piaggio Avanti II<\/em><\/td><td>7<\/td><td>45 minuten.<\/td><td>8.000 EUR<\/td><\/tr><tr><td><em>King Air 250GT<\/em><\/td><td>7<\/td><td>55 minuten&nbsp;<\/td><td>9.000 EUR<\/td><\/tr><tr><td><em>Citaat Mustang<\/em><\/td><td>4<\/td><td>45 minuten.<\/td><td>4.000 EUR<\/td><\/tr><tr><td><em>Aanhaling CJ1+<\/em><\/td><td>6<\/td><td>40 minuten.<\/td><td>3.500 EUR<\/td><\/tr><tr><td><em>Gulfstream G-200<\/em><\/td><td>10<\/td><td>40 minuten.<\/td><td>8.000 EUR<\/td><\/tr><tr><td><em>Aanhaling Breedtegraad&nbsp;<\/em><\/td><td>9<\/td><td>40 minuten.<\/td><td>10.000 EUR<\/td><\/tr><tr><td><strong>Zware straalmotoren<\/strong><\/td><td><\/td><td><\/td><td><\/td><\/tr><tr><td><em>Falcon 2000<\/em><\/td><td>10<\/td><td>45 minuten.<\/td><td>16.000 EUR<\/td><\/tr><tr><td><em>Gulfstream G-V<\/em><\/td><td>16<\/td><td>40 minuten.<\/td><td>17.000 EUR<\/td><\/tr><tr><td><em>Challenger 605<\/em><\/td><td>12<\/td><td>40 minuten.<\/td><td>18.000 EUR<\/td><\/tr><\/tbody><\/table><\/figure>\r\n\r\n\r\n\r\n<h2 class=\"wp-block-heading\"><span class=\"ez-toc-section\" id=\"Conclusion\"><\/span>Conclusie<span class=\"ez-toc-section-end\"><\/span><\/h2>\r\n\r\n\r\n\r\n<p>Er zijn weinig dingen in de wereld die zoveel voldoening geven als een bezoek aan Ibiza na Barcelona. Aangezien u van deze route zult genieten, zijn er een paar dingen die u moet onthouden zodat uw reis zo goed mogelijk verloopt.<\/p>\r\n\r\n\r\n\r\n<p>Weet dat het huren van de juiste jet betekent het vinden van een jet die de juiste grootte zal zijn voor uw feest, en zal voldoen aan uw budget verwachtingen. In dit geval, als je bereid bent om tot 18.000 EUR uit te geven, hoef je je geen zorgen te maken. De vlucht duurt ongeveer 40 minuten, of zo'n 10 minuten langer met de meeste turboprops. Barcelona en Ibiza zijn steden die vaak worden bezocht door beroemdheden en andere VIP's, dus het vinden van een FBO die u zal bevallen moet geen probleem zijn.&nbsp;<\/p>\r\n\r\n\r\n\r\n<p>Nu u alle essenti\u00eble informatie hebt, rest ons alleen nog te zeggen: goede reis!<\/p>","protected":false},"excerpt":{"rendered":"<p>Spanje heeft vele prachtige plaatsen die een bezoek waard zijn, en Barcelona en Ibiza staan zeker bovenaan de lijst. De twee combineren geeft een speciale noot aan uw reis, en er is niets gemakkelijker dan van de kustplaats Barcelona naar Ibiza te reizen, omdat deze twee plaatsen goed met elkaar verbonden zijn. De twee steden zijn zeer ...<\/p>","protected":false},"author":2,"featured_media":2561,"parent":0,"menu_order":0,"comment_status":"closed","ping_status":"closed","template":"","meta":{"_acf_changed":false,"_genesis_hide_title":false,"_genesis_hide_breadcrumbs":false,"_genesis_hide_singular_image":false,"_genesis_hide_footer_widgets":false,"_genesis_custom_body_class":"","_genesis_custom_post_class":"","_genesis_layout":"","footnotes":""},"class_list":{"1":"page","2":"type-page","6":"entry"},"acf":[],"_links":{"self":[{"href":"https:\/\/comparemyjet.com\/nl\/wp-json\/wp\/v2\/pages\/2553","targetHints":{"allow":["GET"]}}],"collection":[{"href":"https:\/\/comparemyjet.com\/nl\/wp-json\/wp\/v2\/pages"}],"about":[{"href":"https:\/\/comparemyjet.com\/nl\/wp-json\/wp\/v2\/types\/page"}],"author":[{"embeddable":true,"href":"https:\/\/comparemyjet.com\/nl\/wp-json\/wp\/v2\/users\/2"}],"replies":[{"embeddable":true,"href":"https:\/\/comparemyjet.com\/nl\/wp-json\/wp\/v2\/comments?post=2553"}],"version-history":[{"count":3,"href":"https:\/\/comparemyjet.com\/nl\/wp-json\/wp\/v2\/pages\/2553\/revisions"}],"predecessor-version":[{"id":2761,"href":"https:\/\/comparemyjet.com\/nl\/wp-json\/wp\/v2\/pages\/2553\/revisions\/2761"}],"wp:featuredmedia":[{"embeddable":true,"href":"https:\/\/comparemyjet.com\/nl\/wp-json\/wp\/v2\/media\/2561"}],"wp:attachment":[{"href":"https:\/\/comparemyjet.com\/nl\/wp-json\/wp\/v2\/media?parent=2553"}],"curies":[{"name":"wp","href":"https:\/\/api.w.org\/{rel}","templated":true}]}}