{"id":3070,"date":"2022-07-11T23:51:45","date_gmt":"2022-07-11T23:51:45","guid":{"rendered":"https:\/\/comparemyjet.com\/?page_id=3070"},"modified":"2025-09-04T09:58:16","modified_gmt":"2025-09-04T09:58:16","slug":"concord-private-jet","status":"publish","type":"page","link":"https:\/\/comparemyjet.com\/nl\/concord-private-jet\/","title":{"rendered":"Concord Priv\u00e9 Vliegtuig Prijzen"},"content":{"rendered":"<p>Concord Private Jet werd opgericht op basis van het principe om de beste vliegtuigen tegen de laagst mogelijke prijzen aan te bieden. Het bedrijf werkt als chartermakelaar en verhuurt priv\u00e9charters voor hun klanten.<\/p>\r\n\r\n\r\n\r\n<p>De eigenaar, Neal Impellizzeri, houdt toezicht op elke Fleet Access Card en zorgt ervoor dat alles, van de planning tot de catering of de transfer, perfect voor u is. Impellizzeri weet hoe belangrijk het is om op schema te blijven en hij en zijn team zijn 24 uur per dag en 7 dagen per week bereikbaar om ervoor te zorgen dat elk schema strikt wordt gevolgd. Laten we eens kijken wat Concord Private nog meer te bieden heeft.<\/p>\r\n\r\n\r\n\r\n<div id=\"ez-toc-container\" class=\"ez-toc-v2_0_76 counter-hierarchy ez-toc-counter ez-toc-grey ez-toc-container-direction\">\n<p class=\"ez-toc-title\" style=\"cursor:inherit\">Onderwerpen<\/p>\n<label for=\"ez-toc-cssicon-toggle-item-69f1898390d36\" class=\"ez-toc-cssicon-toggle-label\"><span class=\"\"><span class=\"eztoc-hide\" style=\"display:none;\">Schakel<\/span><span class=\"ez-toc-icon-toggle-span\"><svg style=\"fill: #999;color:#999\" xmlns=\"http:\/\/www.w3.org\/2000\/svg\" class=\"list-377408\" width=\"20px\" height=\"20px\" viewbox=\"0 0 24 24\" fill=\"none\"><path d=\"M6 6H4v2h2V6zm14 0H8v2h12V6zM4 11h2v2H4v-2zm16 0H8v2h12v-2zM4 16h2v2H4v-2zm16 0H8v2h12v-2z\" fill=\"currentColor\"><\/path><\/svg><svg style=\"fill: #999;color:#999\" class=\"arrow-unsorted-368013\" xmlns=\"http:\/\/www.w3.org\/2000\/svg\" width=\"10px\" height=\"10px\" viewbox=\"0 0 24 24\" version=\"1.2\" baseprofile=\"tiny\"><path d=\"M18.2 9.3l-6.2-6.3-6.2 6.3c-.2.2-.3.4-.3.7s.1.5.3.7c.2.2.4.3.7.3h11c.3 0 .5-.1.7-.3.2-.2.3-.5.3-.7s-.1-.5-.3-.7zM5.8 14.7l6.2 6.3 6.2-6.3c.2-.2.3-.5.3-.7s-.1-.5-.3-.7c-.2-.2-.4-.3-.7-.3h-11c-.3 0-.5.1-.7.3-.2.2-.3.5-.3.7s.1.5.3.7z\"\/><\/svg><\/span><\/span><\/label><input type=\"checkbox\"  id=\"ez-toc-cssicon-toggle-item-69f1898390d36\" checked aria-label=\"Schakel\" \/><nav><ul class='ez-toc-list ez-toc-list-level-1' ><li class='ez-toc-page-1 ez-toc-heading-level-2'><a class=\"ez-toc-link ez-toc-heading-1\" href=\"https:\/\/comparemyjet.com\/nl\/concord-private-jet\/#Company_History\" >Geschiedenis van het bedrijf<\/a><\/li><li class='ez-toc-page-1 ez-toc-heading-level-2'><a class=\"ez-toc-link ez-toc-heading-2\" href=\"https:\/\/comparemyjet.com\/nl\/concord-private-jet\/#Company_Jet_Card_Program\" >Bedrijf Jet Kaart Programma<\/a><\/li><li class='ez-toc-page-1 ez-toc-heading-level-2'><a class=\"ez-toc-link ez-toc-heading-3\" href=\"https:\/\/comparemyjet.com\/nl\/concord-private-jet\/#The_Fleet\" >De Vloot&nbsp;<\/a><ul class='ez-toc-list-level-3' ><li class='ez-toc-heading-level-3'><a class=\"ez-toc-link ez-toc-heading-4\" href=\"https:\/\/comparemyjet.com\/nl\/concord-private-jet\/#1_Light_Private_Jets\" >1. Lichte priv\u00e9 Jets<\/a><ul class='ez-toc-list-level-4' ><li class='ez-toc-heading-level-4'><a class=\"ez-toc-link ez-toc-heading-5\" href=\"https:\/\/comparemyjet.com\/nl\/concord-private-jet\/#Our_Recommendation_Premier_I\" >Onze aanbeveling: Premier I<\/a><\/li><\/ul><\/li><li class='ez-toc-page-1 ez-toc-heading-level-3'><a class=\"ez-toc-link ez-toc-heading-6\" href=\"https:\/\/comparemyjet.com\/nl\/concord-private-jet\/#2_Midsize_Private_Jets\" >2. Middelgrote Priv\u00e9 Jets<\/a><ul class='ez-toc-list-level-4' ><li class='ez-toc-heading-level-4'><a class=\"ez-toc-link ez-toc-heading-7\" href=\"https:\/\/comparemyjet.com\/nl\/concord-private-jet\/#Our_Recommendation_Astra_SPX\" >Onze aanbeveling: Astra SPX<\/a><\/li><\/ul><\/li><li class='ez-toc-page-1 ez-toc-heading-level-3'><a class=\"ez-toc-link ez-toc-heading-8\" href=\"https:\/\/comparemyjet.com\/nl\/concord-private-jet\/#3_Super-Midsize_Private_Jets\" >3. Super-Middelgrote Priv\u00e9 Jets&nbsp;<\/a><ul class='ez-toc-list-level-4' ><li class='ez-toc-heading-level-4'><a class=\"ez-toc-link ez-toc-heading-9\" href=\"https:\/\/comparemyjet.com\/nl\/concord-private-jet\/#Our_Recommendation_The_Citation_Sovereign\" >Onze aanbeveling: De Citation Sovereign<\/a><\/li><\/ul><\/li><li class='ez-toc-page-1 ez-toc-heading-level-3'><a class=\"ez-toc-link ez-toc-heading-10\" href=\"https:\/\/comparemyjet.com\/nl\/concord-private-jet\/#4_Large_Private_Jets\" >4. Grote priv\u00e9vliegtuigen<\/a><ul class='ez-toc-list-level-4' ><li class='ez-toc-heading-level-4'><a class=\"ez-toc-link ez-toc-heading-11\" href=\"https:\/\/comparemyjet.com\/nl\/concord-private-jet\/#Our_Recommendation_The_Falcon_900EX\" >Onze aanbeveling: De Falcon 900EX<\/a><\/li><\/ul><\/li><\/ul><\/li><li class='ez-toc-page-1 ez-toc-heading-level-2'><a class=\"ez-toc-link ez-toc-heading-12\" href=\"https:\/\/comparemyjet.com\/nl\/concord-private-jet\/#Company_Safety_Policy_and_Standards\" >Bedrijfsveiligheidsbeleid en -normen<\/a><\/li><li class='ez-toc-page-1 ez-toc-heading-level-2'><a class=\"ez-toc-link ez-toc-heading-13\" href=\"https:\/\/comparemyjet.com\/nl\/concord-private-jet\/#Conclusion\" >Conclusie<\/a><\/li><\/ul><\/nav><\/div>\n<h2 class=\"wp-block-heading\"><span class=\"ez-toc-section\" id=\"Company_History\"><\/span>Geschiedenis van het bedrijf<span class=\"ez-toc-section-end\"><\/span><\/h2>\r\n\r\n\r\n\r\n<p>Concord Private Jet werd in 2008 opgericht als een familiebedrijf door Neal Impellizzeri, zijn vrouw Michelle Impellizzeri en hun zoon AJ, in NYC, <a href=\"https:\/\/comparemyjet.com\/nl\/prive-tours\/privetours-door-new-york-city\/\" data-internallinksmanager029f6b8e52c=\"427\" title=\"11 Beste priv\u00e9tours in New York vanaf $48,00\">New York<\/a>.&nbsp;<\/p>\r\n\r\n\r\n\r\n<p>Concord is een klein familiebedrijf dat de robuuste bedrijfsorganisatie ontbeert die bij grotere bedrijven hoort. En de reden waarom zij betaalbare en lage prijzen kunnen bieden, is juist omdat zij geen tienduizenden dollars uitgeven aan marketing en verkoop.<\/p>\r\n\r\n\r\n\r\n<p>Concord Private Jet werkt met charters voor derden. Er zijn geen initiatie- en lidmaatschapskosten en het instapprogramma omvat 25 uur op een lichte jet of turboprop. Het uurtarief is vast en gegarandeerd, en kaarthouders kunnen meerdere vliegtuigen tegelijk gebruiken.&nbsp;<\/p>\r\n\r\n\r\n\r\n<p>Impellizzeri heeft een unieke regeling gecre\u00eberd waarmee u van punt A naar punt B kunt vliegen voor %0 tot 40% minder dan wat andere priv\u00e9charterbedrijven in rekening brengen. Ze leasen alleen een Platinum Argus-gecertificeerde vliegtuigen om aan de hoogste criteria te voldoen. Om dit in perspectief te zetten, van de ongeveer 3.500 commerci\u00eble maatschappijen in het hele land, zijn er slechts 31 Platinum Argus gecertificeerde maatschappijen.<\/p>\r\n\r\n\r\n\r\n<h2 class=\"wp-block-heading\"><span class=\"ez-toc-section\" id=\"Company_Jet_Card_Program\"><\/span>Bedrijf Jet Kaart Programma<span class=\"ez-toc-section-end\"><\/span><\/h2>\r\n\r\n\r\n\r\n<figure class=\"wp-block-image size-full is-style-default\"><img loading=\"lazy\" decoding=\"async\" width=\"1000\" height=\"667\" src=\"https:\/\/comparemyjet.com\/wp-content\/uploads\/2022\/07\/private.jet_.pilots.in_.cockpit.jpg\" alt=\"Concord,Priv\u00e9,Jet,piloten,in,cockpit,klaar,om,te,vliegen\" class=\"wp-image-3072\" srcset=\"https:\/\/comparemyjet.com\/wp-content\/uploads\/2022\/07\/private.jet_.pilots.in_.cockpit-18x12.jpg 18w, https:\/\/comparemyjet.com\/wp-content\/uploads\/2022\/07\/private.jet_.pilots.in_.cockpit-300x200.jpg 300w, https:\/\/comparemyjet.com\/wp-content\/uploads\/2022\/07\/private.jet_.pilots.in_.cockpit-768x512.jpg 768w, https:\/\/comparemyjet.com\/wp-content\/uploads\/2022\/07\/private.jet_.pilots.in_.cockpit.jpg 1000w\" sizes=\"auto, (max-width: 1000px) 100vw, 1000px\" \/><\/figure>\r\n\r\n\r\n\r\n<p>Met de Concord Private 25-hour Jet Card kunt u het jetmodel en de jetcategorie kiezen die het beste bij uw specifieke reisbehoeften passen. Concord biedt het hoogste niveau van veiligheid tegen het voordeligste uurloon, dat gegarandeerd 24 maanden geldig is. Elke kaart kan worden opgesplitst in maximaal vier betalingen in de loop van vier maanden.<\/p>\r\n\r\n\r\n\r\n<p>Als u besluit kaarthouder te worden bij het Concord Private Jet lidmaatschapsprogramma, geniet u van voordelen zoals geen overnachtingskosten, geen landings-, herpositionerings- of brandstoftoeslagen, en geen beheerskosten. Het is gratis om uw jet klasse te upgraden (of downgraden) en u krijgt gegarandeerde beschikbaarheid 365 dagen per jaar.<\/p>\r\n\r\n\r\n\r\n<p>Leden krijgen ook toegang tot een persoonlijke reis conci\u00ebrge die gekwalificeerd is om te reageren op vragen en informatie te bieden de klok rond.<\/p>\r\n\r\n\r\n\r\n<p>Het 25-uurs Jet Card programma is per uur geprijsd, met alle belastingen inbegrepen. Om bijvoorbeeld met een midsize jet te vliegen, betaalt u $5.750 per uur, terwijl vliegen met een jet uit de light categorie $4.750 per uur kost.<\/p>\r\n\r\n\r\n\r\n<p>Het bedrijf rekent de eigenaars van een Jet Card geen brandstofkosten aan en biedt hun klanten op elke reis keuzemenu's aan. Als klant betaalt u alleen voor de uren die daadwerkelijk worden gevlogen.<\/p>\r\n\r\n\r\n\r\n<h2 class=\"wp-block-heading\"><span class=\"ez-toc-section\" id=\"The_Fleet\"><\/span>De Vloot&nbsp;<span class=\"ez-toc-section-end\"><\/span><\/h2>\r\n\r\n\r\n\r\n<p>Concord heeft een priv\u00e9jet voor iedereen, of u nu op zoek bent naar een kleine of een grote jet. Als chartermakelaar hebben ze toegang tot veel vervoerders, wat goed nieuws voor u is - u krijgt gegarandeerd uw gewenste jetmodel met zeer weinig opzegtermijn.<\/p>\r\n\r\n\r\n\r\n<p>Laten we eens kijken naar de jet categorie\u00ebn en modellen die Concord Private Jet te bieden heeft.<\/p>\r\n\r\n\r\n\r\n<h3 class=\"wp-block-heading\"><span class=\"ez-toc-section\" id=\"1_Light_Private_Jets\"><\/span>1. Lichte priv\u00e9 Jets<span class=\"ez-toc-section-end\"><\/span><\/h3>\r\n\r\n\r\n\r\n<p>Lichte jets zijn een populaire keuze dankzij hun lage prijzen en hoge effici\u00ebntie. Ze bieden toegang tot moeilijk bereikbare bestemmingen waar alleen kleine jets kunnen landen vanwege de kortere landingsbanen. De actieradius van een licht vliegtuig is minder dan vier uur, waardoor ze perfect zijn voor korte, binnenlandse reizen. Deze vliegtuigen zijn vrij snel en brengen u in een mum van tijd naar uw bestemming.<\/p>\r\n\r\n\r\n\r\n<h4 class=\"wp-block-heading\"><span class=\"ez-toc-section\" id=\"Our_Recommendation_Premier_I\"><\/span>Onze aanbeveling: Premier I<span class=\"ez-toc-section-end\"><\/span><\/h4>\r\n\r\n\r\n\r\n<p>De Beechcraft Premier I behoort tot de categorie lichte straalvliegtuigen, geproduceerd door <a href=\"https:\/\/comparemyjet.com\/nl\/hawker-beechcraft\/\" data-internallinksmanager029f6b8e52c=\"153\" title=\"Ultieme gids voor Hawker Beechcraft Priv\u00e9 Jets &amp; Vliegtuigen\">Hawker Beechcraft<\/a>. Het vliegtuig werd gecre\u00eberd in 1996, om te concurreren met de <a href=\"https:\/\/comparemyjet.com\/nl\/cessna\/\" data-internallinksmanager029f6b8e52c=\"145\" title=\"Ultieme gids voor Cessna Priv\u00e9 Jets &amp; Vliegtuigen\">Cessna<\/a> Citeer familie.<\/p>\r\n\r\n\r\n\r\n<p>Specificaties:<\/p>\r\n\r\n\r\n\r\n<ul class=\"wp-block-list\"><li>Het cabinevolume is 285 kubieke ft;<\/li><li>Interne bagageruimte van 23 kubieke meter;<\/li><li>Externe bagageruimte van 55 kubieke meter;<\/li><li>Een maximum kruissnelheid van 461 knopen;<\/li><li>Een normale kruissnelheid van 426 knopen;<\/li><li>Kan bediend worden door \u00e9\u00e9n of twee piloten;<\/li><li>Geschikt voor zes passagiers;<\/li><li>Een normaal vliegbereik van 850 nm;<\/li><li>Een maximaal vliegbereik van 1430 nm.<\/li><\/ul>\r\n\r\n\r\n\r\n<p>Concord Private Jet biedt een verscheidenheid aan lichte jetmodellen aan, zoals <em>Citation Jet\/CJ1\/CJ2\/CJ3, Nextant 400XT, Citation II\/V\/Bravo\/Encore\/Ultra, Beechjet 400\/400A, <a href=\"https:\/\/comparemyjet.com\/nl\/learjet\/\" data-internallinksmanager029f6b8e52c=\"149\" title=\"Ultieme Gids voor Learjet Priv\u00e9 Jets &amp; Vliegtuigen\">Learjet<\/a> 40, Hawker 400XP, <\/em>en onze aanbevolen <em>Premier<\/em>.<\/p>\r\n\r\n\r\n\r\n<h3 class=\"wp-block-heading\"><span class=\"ez-toc-section\" id=\"2_Midsize_Private_Jets\"><\/span>2. Middelgrote Priv\u00e9 Jets<span class=\"ez-toc-section-end\"><\/span><\/h3>\r\n\r\n\r\n\r\n<p>De actieradius van een midsize jet varieert, maar is niet langer dan zes uur. Deze vliegtuigen zijn ruimer dan lichte vliegtuigen en bieden meer comfort. Ze kunnen u meenemen op korte en langere trips, waardoor ze vrij veelzijdig zijn en altijd een goede keuze wanneer u twijfelt welke klasse van jet te charteren. Ze hebben meestal een afgesloten badkamer, kitchenette, en meer bagageruimte.<\/p>\r\n\r\n\r\n\r\n<h4 class=\"wp-block-heading\"><span class=\"ez-toc-section\" id=\"Our_Recommendation_Astra_SPX\"><\/span>Onze aanbeveling: Astra SPX<span class=\"ez-toc-section-end\"><\/span><\/h4>\r\n\r\n\r\n\r\n<p>Israel Aircraft Industries ontwikkelde de Astra SPX in de jaren 90. In het begin van de jaren 2000, <a href=\"https:\/\/comparemyjet.com\/nl\/gulfstream\/\" data-internallinksmanager029f6b8e52c=\"175\" title=\"Ultieme gids voor priv\u00e9jets en vliegtuigen van Gulfstream\">Gulfstream<\/a> kocht het ontwerp en noemde het de G-100.&nbsp;<\/p>\r\n\r\n\r\n\r\n<p>Astra SPX biedt plaats aan zeven reizigers. De cabine is voorzien van een divan voor drie personen, zodat u languit kunt liggen en uitrusten, en een toiletstoel met gordel.&nbsp;<\/p>\r\n\r\n\r\n\r\n<p>Specificaties en voorzieningen:<\/p>\r\n\r\n\r\n\r\n<ul class=\"wp-block-list\"><li>Er is plaats voor zeven passagiers;<\/li><li>Het maximale vliegbereik is 2790 nm;<\/li><li>Een maximum snelheid van 470 knopen;<\/li><li>Een volledig afgesloten toilet;&nbsp;<\/li><li>Een grote kombuis voorin;<\/li><li>GoGo 5G High-Speed Internet;&nbsp;<\/li><li>LCD-verlichting en satelliettelefoon;&nbsp;<\/li><li>Een in-flight entertainment systeem;<\/li><li>De hoogte van de cabine is 5 '6 \";<\/li><li>De lengte van de cabine is 17' 1\";<\/li><li>De interne bagageruimte is 9 kubieke meter;<\/li><li>De externe bagageruimte is 42 kubieke meter;<\/li><li>Kan bediend worden door twee piloten.<\/li><\/ul>\r\n\r\n\r\n\r\n<p>Concord Private Jet biedt een verscheidenheid aan jetmodellen in deze middelgrote klasse van priv\u00e9vliegtuigen, zoals <em>Falcon 20\/200, Citation III\/VI\/VII, G150, Citation Excel\/XLS, Hawker 800\/800XP\/900, Learjet 45\/55\/60, <\/em>en onze aanbevolen <em>Astra SPX<\/em>.<\/p>\r\n\r\n\r\n\r\n<h3 class=\"wp-block-heading\"><span class=\"ez-toc-section\" id=\"3_Super-Midsize_Private_Jets\"><\/span>3. Super-Middelgrote Priv\u00e9 Jets&nbsp;<span class=\"ez-toc-section-end\"><\/span><\/h3>\r\n\r\n\r\n\r\n<p>Met brede cabines waarin u comfortabel rechtop kunt staan en de capaciteit om tussen continenten te vliegen, zult u ontdekken waarom vliegen met een priv\u00e9jet de beste manier van reizen is. Super-midsize jets hebben een groter uithoudingsvermogen dan midsize jets en kunnen meer dan 7 uur vliegen zonder te stoppen voor brandstof.&nbsp;<\/p>\r\n\r\n\r\n\r\n<h4 class=\"wp-block-heading\"><span class=\"ez-toc-section\" id=\"Our_Recommendation_The_Citation_Sovereign\"><\/span>Onze aanbeveling: De Citation Sovereign<span class=\"ez-toc-section-end\"><\/span><\/h4>\r\n\r\n\r\n\r\n<p>Cessna Citation Sovereign combineert uitzonderlijke prestaties met luxe. Hij heeft een groot uithoudingsvermogen op korte afstand en een groot vliegbereik, waardoor het een veelzijdige optie is.&nbsp;<\/p>\r\n\r\n\r\n\r\n<p>De ruime cabine van de Citation Sovereign heeft een volledig dranklokaal en een dubbele clubconfiguratie. Reis in stijl in een van de meest luxueuze midsize priv\u00e9jets in de sector.<\/p>\r\n\r\n\r\n\r\n<p>Specificaties:<\/p>\r\n\r\n\r\n\r\n<ul class=\"wp-block-list\"><li>Er is plaats voor negen passagiers;<\/li><li>Kan 7:15 uur non-stop vliegen;<\/li><li>Een maximaal vliegbereik van 3010 nm;<\/li><li>De hoogte van de cabine is 5 '8 \";<\/li><li>De breedte van de cabine is 5 '6 \";<\/li><li>De lengte van de cabine is 25' 3\";<\/li><li>Een interne bagageruimte van 35 kubieke meter;<\/li><li>Een maximum kruissnelheid van 459 kts.<\/li><\/ul>\r\n\r\n\r\n\r\n<p>Concord Private Jet biedt een verscheidenheid van super-midsize priv\u00e9 vliegtuigen aan, zoals <em>Citation X, Gulfstream G200\/G280, Falcon 50 \/ 50EX, Challenger 300, <\/em>en onze aanbevolen <em>Citation Sovereign.<\/em><\/p>\r\n\r\n\r\n\r\n<h3 class=\"wp-block-heading\"><span class=\"ez-toc-section\" id=\"4_Large_Private_Jets\"><\/span>4. Grote priv\u00e9vliegtuigen<span class=\"ez-toc-section-end\"><\/span><\/h3>\r\n\r\n\r\n\r\n<p>Als uw volgende reis een cross-country of een intercontinentale reis inhoudt, is het kiezen van een jet uit deze vliegtuigklasse de juiste keuze. U krijgt een <a href=\"https:\/\/comparemyjet.com\/nl\/snelste-prive-jets\/\" data-internallinksmanager029f6b8e52c=\"183\" title=\"11 snelste priv\u00e9jets ter wereld [met foto&#039;s]\">snelle straal<\/a> die in de meeste gevallen niet hoeft te stoppen voor brandstof. Met een zware jet krijgt u de ultieme priv\u00e9 jet reiservaring en een ander niveau van luxe.<\/p>\r\n\r\n\r\n\r\n<h4 class=\"wp-block-heading\"><span class=\"ez-toc-section\" id=\"Our_Recommendation_The_Falcon_900EX\"><\/span>Onze aanbeveling: De Falcon 900EX<span class=\"ez-toc-section-end\"><\/span><\/h4>\r\n\r\n\r\n\r\n<p>Met een bereik van 5.000 mijl, een buitengewoon aangename cabine en een revolutionair drie-motorig ontwerp is de Falcon 900EX perfect voor transoceanische vluchten en biedt hij een enorme flexibiliteit.&nbsp;<\/p>\r\n\r\n\r\n\r\n<p>Specificaties en voorzieningen:<\/p>\r\n\r\n\r\n\r\n<ul class=\"wp-block-list\"><li>Bediend door twee piloten;<\/li><li>Er is plaats voor twaalf passagiers;<\/li><li>Een maximum kruissnelheid van 870 kmph (470 kt);<\/li><li>Een maximaal vliegbereik van 5,180 mijl;<\/li><li>De cabinehoogte is 6ft 2in;<\/li><li>De binnenlengte van de cabine is 33 ft 2 in;<\/li><li>De bagageruimte is 127 kubieke ft;<\/li><li>Een kombuis;<\/li><li>Satelliettelefoon, fax, entertainmentsysteem;<\/li><li>Twee toiletten en een make-up kamer.<\/li><\/ul>\r\n\r\n\r\n\r\n<p>Concord Private Jet biedt een verscheidenheid van zware priv\u00e9 vliegtuigen aan, zoals<em> Falcon 2000-serie, Challenger 600\/601\/604, Global Express, Gulfstream-serie, <\/em>en onze aanbevolen <em>Falcon 900EX.<\/em><\/p>\r\n\r\n\r\n\r\n<h2 class=\"wp-block-heading\"><span class=\"ez-toc-section\" id=\"Company_Safety_Policy_and_Standards\"><\/span>Bedrijfsveiligheidsbeleid en -normen<span class=\"ez-toc-section-end\"><\/span><\/h2>\r\n\r\n\r\n\r\n<figure class=\"wp-block-image size-full is-style-default\"><img loading=\"lazy\" decoding=\"async\" width=\"1000\" height=\"707\" src=\"https:\/\/comparemyjet.com\/wp-content\/uploads\/2022\/07\/safejourney.jpg\" alt=\"\" class=\"wp-image-3073\" srcset=\"https:\/\/comparemyjet.com\/wp-content\/uploads\/2022\/07\/safejourney-18x12.jpg 18w, https:\/\/comparemyjet.com\/wp-content\/uploads\/2022\/07\/safejourney-300x212.jpg 300w, https:\/\/comparemyjet.com\/wp-content\/uploads\/2022\/07\/safejourney-768x543.jpg 768w, https:\/\/comparemyjet.com\/wp-content\/uploads\/2022\/07\/safejourney.jpg 1000w\" sizes=\"auto, (max-width: 1000px) 100vw, 1000px\" \/><\/figure>\r\n\r\n\r\n\r\n<p>Concord Private Jet stelt de veiligheid van zijn klanten voorop en maakt enkel gebruik van Platinum <a href=\"https:\/\/www.argus.aero\/\" target=\"_blank\" rel=\"noopener\">Argus<\/a> Veiligheid gecertificeerde exploitanten. Platinum rang vereist het passeren van een strenge evaluatie ter plaatse uitgevoerd door gekwalificeerde inspecteurs, dus vliegen met gecertificeerde exploitanten is een stuk veiliger dan vliegen op een commercieel vliegtuig.<\/p>\r\n\r\n\r\n\r\n<p>Als een vliegtuig niet aan de veiligheidscriteria voldoet, wijst de maatschappij u onmiddellijk een nieuw vliegtuig toe voor uw reis.<\/p>\r\n\r\n\r\n\r\n<h2 class=\"wp-block-heading\"><span class=\"ez-toc-section\" id=\"Conclusion\"><\/span>Conclusie<span class=\"ez-toc-section-end\"><\/span><\/h2>\r\n\r\n\r\n\r\n<p>De \u00e9\u00e9n-op-\u00e9\u00e9n service onderscheidt Concord Private Jet van zijn zakelijke concurrenten. Het bedrijf zorgt ervoor dat al uw vragen, zorgen en behoeften worden behandeld. De eigenaar houdt persoonlijk toezicht op elke reis en zorgt ervoor dat het schema wordt gevolgd, de catering is geregeld en het grondtransport beschikbaar is op de bestemming. Terwijl andere bedrijven een vergoeding vragen voor dit soort diensten, is Concord trots op zijn all-inclusive Jet Card.&nbsp;<\/p>\r\n\r\n\r\n\r\n<p>U kunt klant worden en hun diensten uitproberen met een kleine of geen verbintenis.&nbsp;<\/p>","protected":false},"excerpt":{"rendered":"<p>Concord Private Jet werd opgericht op basis van het principe om de beste vliegtuigen tegen de laagst mogelijke prijzen aan te bieden. Het bedrijf werkt als chartermakelaar en verhuurt priv\u00e9charters voor hun klanten. De eigenaar, Neal Impellizzeri, houdt toezicht op elke Fleet Access Card en zorgt ervoor dat alles, van de planning tot de catering of de transfer, perfect verloopt ...<\/p>","protected":false},"author":2,"featured_media":3071,"parent":0,"menu_order":0,"comment_status":"closed","ping_status":"closed","template":"","meta":{"_acf_changed":false,"_genesis_hide_title":false,"_genesis_hide_breadcrumbs":false,"_genesis_hide_singular_image":false,"_genesis_hide_footer_widgets":false,"_genesis_custom_body_class":"","_genesis_custom_post_class":"","_genesis_layout":"","footnotes":""},"class_list":{"1":"page","2":"type-page","6":"entry"},"acf":[],"_links":{"self":[{"href":"https:\/\/comparemyjet.com\/nl\/wp-json\/wp\/v2\/pages\/3070","targetHints":{"allow":["GET"]}}],"collection":[{"href":"https:\/\/comparemyjet.com\/nl\/wp-json\/wp\/v2\/pages"}],"about":[{"href":"https:\/\/comparemyjet.com\/nl\/wp-json\/wp\/v2\/types\/page"}],"author":[{"embeddable":true,"href":"https:\/\/comparemyjet.com\/nl\/wp-json\/wp\/v2\/users\/2"}],"replies":[{"embeddable":true,"href":"https:\/\/comparemyjet.com\/nl\/wp-json\/wp\/v2\/comments?post=3070"}],"version-history":[{"count":2,"href":"https:\/\/comparemyjet.com\/nl\/wp-json\/wp\/v2\/pages\/3070\/revisions"}],"predecessor-version":[{"id":3438,"href":"https:\/\/comparemyjet.com\/nl\/wp-json\/wp\/v2\/pages\/3070\/revisions\/3438"}],"wp:featuredmedia":[{"embeddable":true,"href":"https:\/\/comparemyjet.com\/nl\/wp-json\/wp\/v2\/media\/3071"}],"wp:attachment":[{"href":"https:\/\/comparemyjet.com\/nl\/wp-json\/wp\/v2\/media?parent=3070"}],"curies":[{"name":"wp","href":"https:\/\/api.w.org\/{rel}","templated":true}]}}