{"id":3154,"date":"2022-07-27T01:01:52","date_gmt":"2022-07-27T01:01:52","guid":{"rendered":"https:\/\/comparemyjet.com\/?page_id=3154"},"modified":"2025-09-04T09:59:33","modified_gmt":"2025-09-04T09:59:33","slug":"nicholas-air","status":"publish","type":"page","link":"https:\/\/comparemyjet.com\/nl\/nicholas-air\/","title":{"rendered":"NICHOLAS AIR Vluchtprijzen"},"content":{"rendered":"<p>Door het aanbieden van de meest geavanceerde en aanpasbare opties voor prive-vliegreizen, onderscheidt NICHOLAS AIR zich van de meeste andere priv\u00e9 jet bedrijven. Zijn reputatie van uitstekende klantenservice, vliegtuigen van hoge kwaliteit en onberispelijke veiligheid heeft veel reizigers aangetrokken. Van toegewijde Personal Travel Advisors tot de bemanning, NICHOLAS AIR is ge\u00ebvolueerd tot het punt van het gaan boven en buiten voor haar klanten.&nbsp;<\/p>\r\n\r\n\r\n\r\n<div id=\"ez-toc-container\" class=\"ez-toc-v2_0_76 counter-hierarchy ez-toc-counter ez-toc-grey ez-toc-container-direction\">\n<p class=\"ez-toc-title\" style=\"cursor:inherit\">Onderwerpen<\/p>\n<label for=\"ez-toc-cssicon-toggle-item-69f038d8b43ca\" class=\"ez-toc-cssicon-toggle-label\"><span class=\"\"><span class=\"eztoc-hide\" style=\"display:none;\">Schakel<\/span><span class=\"ez-toc-icon-toggle-span\"><svg style=\"fill: #999;color:#999\" xmlns=\"http:\/\/www.w3.org\/2000\/svg\" class=\"list-377408\" width=\"20px\" height=\"20px\" viewbox=\"0 0 24 24\" fill=\"none\"><path d=\"M6 6H4v2h2V6zm14 0H8v2h12V6zM4 11h2v2H4v-2zm16 0H8v2h12v-2zM4 16h2v2H4v-2zm16 0H8v2h12v-2z\" fill=\"currentColor\"><\/path><\/svg><svg style=\"fill: #999;color:#999\" class=\"arrow-unsorted-368013\" xmlns=\"http:\/\/www.w3.org\/2000\/svg\" width=\"10px\" height=\"10px\" viewbox=\"0 0 24 24\" version=\"1.2\" baseprofile=\"tiny\"><path d=\"M18.2 9.3l-6.2-6.3-6.2 6.3c-.2.2-.3.4-.3.7s.1.5.3.7c.2.2.4.3.7.3h11c.3 0 .5-.1.7-.3.2-.2.3-.5.3-.7s-.1-.5-.3-.7zM5.8 14.7l6.2 6.3 6.2-6.3c.2-.2.3-.5.3-.7s-.1-.5-.3-.7c-.2-.2-.4-.3-.7-.3h-11c-.3 0-.5.1-.7.3-.2.2-.3.5-.3.7s.1.5.3.7z\"\/><\/svg><\/span><\/span><\/label><input type=\"checkbox\"  id=\"ez-toc-cssicon-toggle-item-69f038d8b43ca\" checked aria-label=\"Schakel\" \/><nav><ul class='ez-toc-list ez-toc-list-level-1' ><li class='ez-toc-page-1 ez-toc-heading-level-2'><a class=\"ez-toc-link ez-toc-heading-1\" href=\"https:\/\/comparemyjet.com\/nl\/nicholas-air\/#Company_History\" >Geschiedenis van het bedrijf<\/a><\/li><li class='ez-toc-page-1 ez-toc-heading-level-2'><a class=\"ez-toc-link ez-toc-heading-2\" href=\"https:\/\/comparemyjet.com\/nl\/nicholas-air\/#Ways_to_Fly\" >Manieren om te vliegen<\/a><ul class='ez-toc-list-level-3' ><li class='ez-toc-heading-level-3'><a class=\"ez-toc-link ez-toc-heading-3\" href=\"https:\/\/comparemyjet.com\/nl\/nicholas-air\/#Membership_Programs\" >Lidmaatschapsprogramma's<\/a><\/li><li class='ez-toc-page-1 ez-toc-heading-level-3'><a class=\"ez-toc-link ez-toc-heading-4\" href=\"https:\/\/comparemyjet.com\/nl\/nicholas-air\/#Fractional_Ownership\" >Fractioneel Eigendom<\/a><\/li><li class='ez-toc-page-1 ez-toc-heading-level-3'><a class=\"ez-toc-link ez-toc-heading-5\" href=\"https:\/\/comparemyjet.com\/nl\/nicholas-air\/#On-Demand_Jet_Leasing\" >On-Demand Jet Leasing<\/a><\/li><li class='ez-toc-page-1 ez-toc-heading-level-3'><a class=\"ez-toc-link ez-toc-heading-6\" href=\"https:\/\/comparemyjet.com\/nl\/nicholas-air\/#Aircraft_Management_100_hours\" >Vliegtuig Management | 100+ uur<\/a><\/li><\/ul><\/li><li class='ez-toc-page-1 ez-toc-heading-level-2'><a class=\"ez-toc-link ez-toc-heading-7\" href=\"https:\/\/comparemyjet.com\/nl\/nicholas-air\/#The_Fleet\" >De Vloot&nbsp;<\/a><ul class='ez-toc-list-level-3' ><li class='ez-toc-heading-level-3'><a class=\"ez-toc-link ez-toc-heading-8\" href=\"https:\/\/comparemyjet.com\/nl\/nicholas-air\/#1_Turboprop\" >1. Turboprop<\/a><ul class='ez-toc-list-level-4' ><li class='ez-toc-heading-level-4'><a class=\"ez-toc-link ez-toc-heading-9\" href=\"https:\/\/comparemyjet.com\/nl\/nicholas-air\/#Our_Recommendation_Pilatus_PC-12\" >Onze aanbeveling: Pilatus PC-12<\/a><\/li><\/ul><\/li><li class='ez-toc-page-1 ez-toc-heading-level-3'><a class=\"ez-toc-link ez-toc-heading-10\" href=\"https:\/\/comparemyjet.com\/nl\/nicholas-air\/#2_Light_and_Very_Light_Private_Jets\" >2. Lichte en zeer lichte priv\u00e9-vliegtuigen<\/a><ul class='ez-toc-list-level-4' ><li class='ez-toc-heading-level-4'><a class=\"ez-toc-link ez-toc-heading-11\" href=\"https:\/\/comparemyjet.com\/nl\/nicholas-air\/#Our_Recommendation_Citation_CJ3_Phenom_300\" >Onze aanbeveling: Citation CJ3, Phenom 300<\/a><\/li><\/ul><\/li><li class='ez-toc-page-1 ez-toc-heading-level-3'><a class=\"ez-toc-link ez-toc-heading-12\" href=\"https:\/\/comparemyjet.com\/nl\/nicholas-air\/#3_Super-Midsize_Private_Jets\" >3. Super-Middelgrote Priv\u00e9 Jets<\/a><ul class='ez-toc-list-level-4' ><li class='ez-toc-heading-level-4'><a class=\"ez-toc-link ez-toc-heading-13\" href=\"https:\/\/comparemyjet.com\/nl\/nicholas-air\/#Our_Recommendation_Citation_Latitude\" >Onze aanbeveling: Citation Latitude<\/a><\/li><\/ul><\/li><\/ul><\/li><li class='ez-toc-page-1 ez-toc-heading-level-2'><a class=\"ez-toc-link ez-toc-heading-14\" href=\"https:\/\/comparemyjet.com\/nl\/nicholas-air\/#Company_Safety_Policy_and_Standards\" >Bedrijfsveiligheidsbeleid en -normen<\/a><\/li><li class='ez-toc-page-1 ez-toc-heading-level-2'><a class=\"ez-toc-link ez-toc-heading-15\" href=\"https:\/\/comparemyjet.com\/nl\/nicholas-air\/#Pilots\" >Piloten<\/a><\/li><li class='ez-toc-page-1 ez-toc-heading-level-2'><a class=\"ez-toc-link ez-toc-heading-16\" href=\"https:\/\/comparemyjet.com\/nl\/nicholas-air\/#Partnerships\" >Partnerschappen<\/a><\/li><li class='ez-toc-page-1 ez-toc-heading-level-2'><a class=\"ez-toc-link ez-toc-heading-17\" href=\"https:\/\/comparemyjet.com\/nl\/nicholas-air\/#Conclusion\" >Conclusie<\/a><\/li><\/ul><\/nav><\/div>\n<h2 class=\"wp-block-heading\"><span class=\"ez-toc-section\" id=\"Company_History\"><\/span>Geschiedenis van het bedrijf<span class=\"ez-toc-section-end\"><\/span><\/h2>\r\n\r\n\r\n\r\n<p>De oprichter en CEO van het bedrijf, Nicholas Correnti, is een ervaren piloot met een passie voor de luchtvaart van jongs af aan. Correnti begon met vliegen in zijn tienerjaren en behaalde zelfs een wereldrecord toen hij op zijn 16e verjaardag in zijn eentje met vier vliegtuigen vloog. In slechts vier jaar tijd had hij meer dan 1000 vlieguren gemaakt. Uiteindelijk wijdde hij zijn volledige aandacht aan NICHOLAS AIR, dat hij in 1997 oprichtte.&nbsp;<\/p>\r\n\r\n\r\n\r\n<p>Begonnen als een kleine regionale luchtvaartmaatschappij met kantoren in North Carolina en Arkansas, specialiseerde NICHOLAS AIR zich in <a href=\"https:\/\/comparemyjet.com\/nl\/wat-zijn-sommige-vliegtuig-management-bedrijven\/\" data-internallinksmanager029f6b8e52c=\"21\" title=\"Vliegtuig Management Diensten &amp; Bedrijven\">vliegtuigmanagement<\/a> en leasingprogramma's. Het bedrijf kreeg al snel erkenning voor het hebben van de nieuwste vliegtuigen op de markt, en breidde zijn diensten uit door het aanbieden van aanpasbare jet card programma's en zeer ge\u00efndividualiseerde klantenservice.<\/p>\r\n\r\n\r\n\r\n<p>Als gevolg van de toewijding van het team aan de doelstelling van het bedrijf, maakt NICHOLAS AIR momenteel een verantwoorde expansie door, allemaal vanuit de gloednieuwe, geavanceerde basis in Oxford, Mississippi. Het levenslange doel dat Nicholas Correnti voor ogen had toen hij het bedrijf 25 jaar geleden oprichtte, is nu bereikt, dankzij het voortdurende ontwikkelingstraject en de allianties van het bedrijf.<\/p>\r\n\r\n\r\n\r\n<h2 class=\"wp-block-heading\"><span class=\"ez-toc-section\" id=\"Ways_to_Fly\"><\/span>Manieren om te vliegen<span class=\"ez-toc-section-end\"><\/span><\/h2>\r\n\r\n\r\n\r\n<figure class=\"wp-block-image size-full is-style-default\"><img loading=\"lazy\" decoding=\"async\" width=\"1000\" height=\"667\" src=\"https:\/\/comparemyjet.com\/wp-content\/uploads\/2022\/07\/kid.flying.toy_.plane_.with_.family.jpg\" alt=\"\" class=\"wp-image-3158\" srcset=\"https:\/\/comparemyjet.com\/wp-content\/uploads\/2022\/07\/kid.flying.toy_.plane_.with_.family-18x12.jpg 18w, https:\/\/comparemyjet.com\/wp-content\/uploads\/2022\/07\/kid.flying.toy_.plane_.with_.family-300x200.jpg 300w, https:\/\/comparemyjet.com\/wp-content\/uploads\/2022\/07\/kid.flying.toy_.plane_.with_.family-768x512.jpg 768w, https:\/\/comparemyjet.com\/wp-content\/uploads\/2022\/07\/kid.flying.toy_.plane_.with_.family.jpg 1000w\" sizes=\"auto, (max-width: 1000px) 100vw, 1000px\" \/><\/figure>\r\n\r\n\r\n\r\n<p>NICHOLAS AIR biedt onge\u00ebvenaarde priv\u00e9- en executive jetdiensten via jet card-programma's, chartering van priv\u00e9jets, gedeelde eigendomsprogramma's en oplossingen voor vliegtuigbeheer. Laten we eens een kijkje nemen naar wat elke service biedt.<\/p>\r\n\r\n\r\n\r\n<h3 class=\"wp-block-heading\"><span class=\"ez-toc-section\" id=\"Membership_Programs\"><\/span>Lidmaatschapsprogramma's<span class=\"ez-toc-section-end\"><\/span><\/h3>\r\n\r\n\r\n\r\n<p>Leden van NICHOLAS AIR kunnen overal in de Verenigde Staten, Canada, het Caribisch gebied en Mexico gebruikmaken van hun diensten en kunnen gemakkelijk het perfecte lidmaatschapspakket vinden dat aan hun reiswensen voldoet. Hun baanbrekende benadering van de priv\u00e9luchtvaart biedt drie verschillende manieren om lid te worden:<\/p>\r\n\r\n\r\n\r\n<ul class=\"wp-block-list\"><li>U kunt blokken van uren kopen met een <strong>Blauwe kaart<\/strong> - een fantastische keuze voor iedereen die graag met een bepaald soort vliegtuig vliegt. Upgrades en downgrades zijn mogelijk met de vliegtuigspecifieke, op uren gebaseerde Blue Card tegen een kleine omwisselingsvergoeding.<\/li><li>A <strong>Rise Card<\/strong> is het lidmaatschapsprogramma van het bedrijf waarvoor een borgsom moet worden betaald. Het is een praktische keuze voor mensen die toegang tot de volledige vloot nodig hebben voor diverse reizen. Leden van de op dollars gebaseerde Rise Card kunnen upgraden of downgraden tegen de gepubliceerde prijzen.&nbsp;<\/li><li>Het Pay As You Fly alternatief met hun <strong>Smart Card<\/strong> zal u duidelijke uurprijzen geven voor elke specifieke reisbehoefte.<\/li><\/ul>\r\n\r\n\r\n\r\n<p>Door lid te worden van een van de <a href=\"https:\/\/www.nicholasair.com\/jet-programs\/jet-card\" target=\"_blank\" rel=\"noopener\">jet-kaarten<\/a> Zoals hierboven vermeld, profiteert u van het feit dat er geen initiatie- of lidmaatschapskosten zijn, dat er geen herplaatsingskosten zijn, dat uren nooit vervallen en dat er geen verbintenis op lange termijn is.<\/p>\r\n\r\n\r\n\r\n<h3 class=\"wp-block-heading\"><span class=\"ez-toc-section\" id=\"Fractional_Ownership\"><\/span>Fractioneel Eigendom<span class=\"ez-toc-section-end\"><\/span><\/h3>\r\n\r\n\r\n\r\n<p>Hun <a href=\"https:\/\/www.nicholasair.com\/jet-programs\/jet-share\" target=\"_blank\" rel=\"noopener\">Jet Aandeel<\/a> programma biedt dezelfde voordelen van volledig vliegtuigbezit tegen een fractie van de kosten, terwijl het Jet Lease programma een maandelijkse betalingsregeling biedt zonder de initi\u00eble financi\u00eble verplichting tot een vliegtuig. NICHOLAS AIR biedt alle voordelen van het bezit van een vliegtuig zonder de kopzorgen van exploitatie en regelgeving.<\/p>\r\n\r\n\r\n\r\n<p>Voor mensen die willen profiteren van vliegtuigbezit en jaarlijks tussen 90 en 300 uur reizen, is Nicholas Air <a href=\"https:\/\/comparemyjet.com\/nl\/hoe-werkt-fractioneel-jet-eigendom\/\" data-internallinksmanager029f6b8e52c=\"20\" title=\"Hoe werkt Fractional Jet Ownership?\">Fractionele Jet<\/a> Delen is een haalbare optie. De kosten zijn als volgt:<\/p>\r\n\r\n\r\n\r\n<ul class=\"wp-block-list\"><li>Een eenmalige overnameprijs.<\/li><li>Een dienstvergoeding.<\/li><li>Een uurtarief voor de werkelijke vliegtijd.<\/li><\/ul>\r\n\r\n\r\n\r\n<h3 class=\"wp-block-heading\"><span class=\"ez-toc-section\" id=\"On-Demand_Jet_Leasing\"><\/span>On-Demand Jet Leasing<span class=\"ez-toc-section-end\"><\/span><\/h3>\r\n\r\n\r\n\r\n<p>Voor regelmatige reizigers die meer dan 90 uur per jaar reizen, is de <a href=\"https:\/\/www.nicholasair.com\/jet-programs\/jet-lease\" target=\"_blank\" rel=\"noopener\">Jet Leaseprogramma<\/a> biedt een maandelijks afbetalingsplan zonder een financi\u00eble verbintenis vooraf voor een vliegtuig.<\/p>\r\n\r\n\r\n\r\n<h3 class=\"wp-block-heading\"><span class=\"ez-toc-section\" id=\"Aircraft_Management_100_hours\"><\/span>Vliegtuig Management | 100+ uur<span class=\"ez-toc-section-end\"><\/span><\/h3>\r\n\r\n\r\n\r\n<p>Voor particulieren die alle voordelen van een priv\u00e9jet of het bezit van een heel vliegtuig willen ervaren zonder de moeilijkheden van vliegprocedures en wettelijke voorschriften, biedt NICHOLAS AIR de <a href=\"https:\/\/www.nicholasair.com\/jet-programs\/aircraft-management\" target=\"_blank\" rel=\"noopener\">Vliegtuig Management Programma<\/a>.<\/p>\r\n\r\n\r\n\r\n<p>NICHOLAS AIR biedt een complete vliegtuigbeheerdienst voor mensen of bedrijven die een volledig vliegtuig willen bezitten. U heeft de mogelijkheid om uw vliegtuig deel te laten nemen aan de dry leasing pool als onderdeel van het programma, waardoor u als eigenaar meer geld kunt verdienen met uw vliegtuig terwijl het niet in gebruik is.<\/p>\r\n\r\n\r\n\r\n<h2 class=\"wp-block-heading\"><span class=\"ez-toc-section\" id=\"The_Fleet\"><\/span>De Vloot&nbsp;<span class=\"ez-toc-section-end\"><\/span><\/h2>\r\n\r\n\r\n\r\n<figure class=\"wp-block-image size-full is-style-default\"><img loading=\"lazy\" decoding=\"async\" width=\"1000\" height=\"667\" src=\"https:\/\/comparemyjet.com\/wp-content\/uploads\/2022\/07\/crew.greeting.a.woman_.boarding.on_.a.private.jet_.jpg\" alt=\"NICHOLAS LUCHT\" class=\"wp-image-3156\" srcset=\"https:\/\/comparemyjet.com\/wp-content\/uploads\/2022\/07\/crew.greeting.a.woman_.boarding.on_.a.private.jet_-18x12.jpg 18w, https:\/\/comparemyjet.com\/wp-content\/uploads\/2022\/07\/crew.greeting.a.woman_.boarding.on_.a.private.jet_-300x200.jpg 300w, https:\/\/comparemyjet.com\/wp-content\/uploads\/2022\/07\/crew.greeting.a.woman_.boarding.on_.a.private.jet_-768x512.jpg 768w, https:\/\/comparemyjet.com\/wp-content\/uploads\/2022\/07\/crew.greeting.a.woman_.boarding.on_.a.private.jet_.jpg 1000w\" sizes=\"auto, (max-width: 1000px) 100vw, 1000px\" \/><\/figure>\r\n\r\n\r\n\r\n<p>NICHOLAS AIR geeft u de meest opmerkelijke vliegervaring en betrouwbare service. Ze hebben een vloot van <a href=\"https:\/\/comparemyjet.com\/nl\/pilatus\/\" data-internallinksmanager029f6b8e52c=\"152\" title=\"Ultieme gids voor priv\u00e9vliegtuigen en vliegtuigen van Pilatus\">Pilatus<\/a> Phenom 100, PC-12, Phenom 300, Citation CJ3, Challenger 300 en Citation Latitude. Elke jet heeft een gemiddelde leeftijd van vijf jaar vanwege het strikte beleid van de maatschappij om alleen gloednieuwe vliegtuigen in te zetten, waardoor haar klanten het comfort hebben om te reizen in de meest geavanceerde, veilige en technologisch geavanceerde vliegtuigen.<\/p>\r\n\r\n\r\n\r\n<p>Sommige dienstverleners bezitten hun vliegtuigen maar vliegen er niet mee; andere dienstverleners vliegen met hun vliegtuigen maar betrekken ze van chartermaatschappijen. Nicholas Air doet beide - zij bezitten en exploiteren hun vloot.&nbsp;<\/p>\r\n\r\n\r\n\r\n<p>Omdat zij alleen al in de Verenigde Staten toegang hebben tot meer dan 9.000 luchthavens, kunnen zij u aanzienlijk moeitelozer op uw eindbestemming laten landen.<\/p>\r\n\r\n\r\n\r\n<p>Laten we eens een kijkje nemen naar wat zij aanbieden in hun vliegtuigcatalogus.<\/p>\r\n\r\n\r\n\r\n<h3 class=\"wp-block-heading\"><span class=\"ez-toc-section\" id=\"1_Turboprop\"><\/span>1. Turboprop<span class=\"ez-toc-section-end\"><\/span><\/h3>\r\n\r\n\r\n\r\n<p>Turboprops, waarin straalmotoren met propellers zijn samengevoegd, combineren de snelheid van jets met de veiligheid van kleine vliegtuigen. Ze werken goed op lage hoogtes en bij snelheden van niet meer dan 450 mph. Dit maakt ze een praktische optie voor binnenlandse vluchten en landingen op kleinere luchthavens.<\/p>\r\n\r\n\r\n\r\n<h4 class=\"wp-block-heading\"><span class=\"ez-toc-section\" id=\"Our_Recommendation_Pilatus_PC-12\"><\/span>Onze aanbeveling: Pilatus PC-12<span class=\"ez-toc-section-end\"><\/span><\/h4>\r\n\r\n\r\n\r\n<p>De PC-12 staat bekend om zijn taaiheid, betrouwbaarheid en aanpassingsvermogen, en kan landen op grasvelden. Het achterste passagierscompartiment heeft een grote vrachtdeur die een snelle omschakeling van passagiersmodus mogelijk maakt en het laden van omvangrijke bagage vergemakkelijkt.&nbsp;<\/p>\r\n\r\n\r\n\r\n<p>Specificaties:<\/p>\r\n\r\n\r\n\r\n<ul class=\"wp-block-list\"><li>Passagiers: 6 tot 9;<\/li><li>Cabine breedte: 5 ft;<\/li><li>Hoogte cabine: 4 ft 10 in;<\/li><li>Lengte cabine: 16 ft 11 in;<\/li><li>Max vliegbereik: 1.635 nm;<\/li><li>Maximum kruissnelheid: 370 mph;<\/li><li>Interne bagage: 40 kubieke meter.<\/li><\/ul>\r\n\r\n\r\n\r\n<p><em>Pilatus PC-12<\/em> is de enige turboprop beschikbaar in de NICHOLAS AIR vliegtuigcatalogus.<\/p>\r\n\r\n\r\n\r\n<h3 class=\"wp-block-heading\"><span class=\"ez-toc-section\" id=\"2_Light_and_Very_Light_Private_Jets\"><\/span>2. Lichte en zeer lichte priv\u00e9-vliegtuigen<span class=\"ez-toc-section-end\"><\/span><\/h3>\r\n\r\n\r\n\r\n<p>Een licht priv\u00e9vliegtuig is het volgende vliegtuig dat u bij NICHOLAS AIR kunt huren. Deze vliegtuigen hebben een onge\u00ebvenaarde toegang tot luchthavens en landingsbanen. Ze zijn heel betaalbaar en minder duur in onderhoud dan grotere vliegtuigen, en ook heel toegankelijk door hun kleine formaat en de mogelijkheid om praktisch overal te landen. Het grootste nadeel van het huren van een kleine jet is het vliegbereik. Omdat ze kleiner zijn, kunnen ze alleen op regionale vluchten vliegen.<\/p>\r\n\r\n\r\n\r\n<h4 class=\"wp-block-heading\"><span class=\"ez-toc-section\" id=\"Our_Recommendation_Citation_CJ3_Phenom_300\"><\/span>Onze aanbeveling: Citation CJ3, Phenom 300<span class=\"ez-toc-section-end\"><\/span><\/h4>\r\n\r\n\r\n\r\n<p>De Phenom 300 komt van de Braziliaanse fabrikant <a href=\"https:\/\/comparemyjet.com\/nl\/embraer\/\" data-internallinksmanager029f6b8e52c=\"151\" title=\"Ultieme gids voor Embraer priv\u00e9jets en vliegtuigen\">Embraer<\/a> en biedt plaats aan acht personen. Deze priv\u00e9jet heeft de status van <a href=\"https:\/\/skiesmag.com\/press-releases\/embraers-phenom-300-series-tops-decade-of-product-excellence-with-10th-consecutive-year-as-best-selling-light-jet\/\" target=\"_blank\" rel=\"noopener\">best verkochte lichte priv\u00e9vliegtuig ter wereld<\/a> voor tien jaar op een rij - van 2011 tot 2021. Helemaal de moeite waard voor uw volgende priv\u00e9vluchtervaring, toch?<\/p>\r\n\r\n\r\n\r\n<p>Specificaties:<\/p>\r\n\r\n\r\n\r\n<ul class=\"wp-block-list\"><li>Passagiers: 9;<\/li><li>Cabine breedte: 5 f 1 int;<\/li><li>Hoogte cabine: 4 ft 11 in;<\/li><li>Lengte cabine: 17 ft 2 in;<\/li><li>Max vliegbereik: 2.077 nm;<\/li><li>Max kruissnelheid: 453 kts;<\/li><li>Externe bagageruimte: 66 kubieke meter;<\/li><li>Interne bagageruimte: 19 kubieke meter.<\/li><\/ul>\r\n\r\n\r\n\r\n<p>In aanvulling op <em>Citaat CJ3<\/em> en <em>Phenom 300<\/em> als onderdeel van hun vlucht met lichte straalvliegtuigen, biedt NICHOLAS AIR ook <em>Phenom 100<\/em> als de enige zeer lichte jet in hun vliegtuigcatalogus.<\/p>\r\n\r\n\r\n\r\n<h3 class=\"wp-block-heading\"><span class=\"ez-toc-section\" id=\"3_Super-Midsize_Private_Jets\"><\/span>3. Super-Middelgrote Priv\u00e9 Jets<span class=\"ez-toc-section-end\"><\/span><\/h3>\r\n\r\n\r\n\r\n<p>Overweegt u een werkreis te plannen met een vergadering tijdens de vlucht of een vakantie met uw geliefden naar een ver oord waar u samen quality time kunt doorbrengen? Als dat het geval is, biedt het charteren van een supergroot vliegtuig voldoende ruimte, bagageruimte en plezierige reizen van vijf tot acht uur.<\/p>\r\n\r\n\r\n\r\n<h4 class=\"wp-block-heading\"><span class=\"ez-toc-section\" id=\"Our_Recommendation_Citation_Latitude\"><\/span>Onze aanbeveling: Citation Latitude<span class=\"ez-toc-section-end\"><\/span><\/h4>\r\n\r\n\r\n\r\n<p>De gladde vloer en de hoge cabine zijn enkele van de meest aantrekkelijke kenmerken van de Citation Latitude.&nbsp;<\/p>\r\n\r\n\r\n\r\n<p>Specificaties:<\/p>\r\n\r\n\r\n\r\n<ul class=\"wp-block-list\"><li>Passagiers: 6 tot 9;<\/li><li>Breedte cabine: 6 ft 4 in;<\/li><li>Cabine hoogte: 6 ft;<\/li><li>Lengte cabine: 21 ft 7 in;<\/li><li>Max vliegbereik: 2.700 nm;<\/li><li>Maximum kruissnelheid: 446 mph;<\/li><li>Bagageruimte buiten: 100 kubieke meter;<\/li><li>Interne bagageruimte: 27 kubieke meter.<\/li><\/ul>\r\n\r\n\r\n\r\n<p>In aanvulling op <em>Aanhaling Breedtegraad<\/em>, NICHOLAS AIR biedt ook <em>Challenger 300<\/em> als onderdeel van hun super-midsize vliegtuigen catalogus.<\/p>\r\n\r\n\r\n\r\n<h2 class=\"wp-block-heading\"><span class=\"ez-toc-section\" id=\"Company_Safety_Policy_and_Standards\"><\/span>Bedrijfsveiligheidsbeleid en -normen<span class=\"ez-toc-section-end\"><\/span><\/h2>\r\n\r\n\r\n\r\n<p>Het NICHOLAS AIR Safety Management System (SMS) gaat voorbij aan de procedures voor veiligheid en beheer van het systeem die door de <a href=\"https:\/\/www.icao.int\/Pages\/default.aspx\" target=\"_blank\" rel=\"noopener\">ICAO<\/a> en <a href=\"https:\/\/www.caa.com\/\" target=\"_blank\" rel=\"noopener\">CAA<\/a>. Het SMS-programma zet de onderneming er voortdurend toe aan haar activiteiten en elke keuze die zij maakt, te evalueren. Het moedigt voortdurende verbetering van de veiligheid aan door risico's te beoordelen, te analyseren en te beheersen met behulp van rapporten en het verzamelen van gegevens. Het SMS-programma van NICHOLAS AIR ondersteunt en verbreedt hun werkcultuur van anticiperend redeneren in plaats van reactief denken.<\/p>\r\n\r\n\r\n\r\n<p>Bovendien is NICHOLAS AIR ARGUS Platinum beoordeeld. De <a href=\"https:\/\/www.argus.aero\/\" target=\"_blank\" rel=\"noopener\">ARGUS<\/a> programma is het meest nauwkeurige en grondige systeem voor audits door derden voor chartermaatschappijen en staat voor het toppunt van uitmuntendheid in de luchtvaartindustrie.&nbsp;<\/p>\r\n\r\n\r\n\r\n<p>NICHOLAS AIR volgt ook de <a href=\"https:\/\/ibac.org\/is-bao\" target=\"_blank\" rel=\"noopener\">IS-BAO<\/a> voorgestelde reeks beste praktijken, die bedoeld zijn om vluchtafdelingen overal ter wereld te helpen hoge normen van professionalisme en veiligheid te bereiken.&nbsp;<\/p>\r\n\r\n\r\n\r\n<h2 class=\"wp-block-heading\"><span class=\"ez-toc-section\" id=\"Pilots\"><\/span>Piloten<span class=\"ez-toc-section-end\"><\/span><\/h2>\r\n\r\n\r\n\r\n<figure class=\"wp-block-image size-full is-style-default\"><img loading=\"lazy\" decoding=\"async\" width=\"1000\" height=\"662\" src=\"https:\/\/comparemyjet.com\/wp-content\/uploads\/2022\/07\/pilot.greeting.young_.couple.jpg\" alt=\"\" class=\"wp-image-3157\" srcset=\"https:\/\/comparemyjet.com\/wp-content\/uploads\/2022\/07\/pilot.greeting.young_.couple-18x12.jpg 18w, https:\/\/comparemyjet.com\/wp-content\/uploads\/2022\/07\/pilot.greeting.young_.couple-300x199.jpg 300w, https:\/\/comparemyjet.com\/wp-content\/uploads\/2022\/07\/pilot.greeting.young_.couple-768x508.jpg 768w, https:\/\/comparemyjet.com\/wp-content\/uploads\/2022\/07\/pilot.greeting.young_.couple.jpg 1000w\" sizes=\"auto, (max-width: 1000px) 100vw, 1000px\" \/><\/figure>\r\n\r\n\r\n\r\n<p>Nicholas Air wil er zeker van zijn dat ze de beste piloten hebben, en daarom hebben ze trainingsprogramma's op een constante basis en hebben hun piloten de eer om alleen voor hun bedrijf te vliegen. Om te garanderen dat de bemanning vertrouwd en vertrouwd is met het vliegtuig en de cockpit, wordt elke piloot toegewezen aan en toegewijd aan een bepaald type vliegtuig.<\/p>\r\n\r\n\r\n\r\n<h2 class=\"wp-block-heading\"><span class=\"ez-toc-section\" id=\"Partnerships\"><\/span>Partnerschappen<span class=\"ez-toc-section-end\"><\/span><\/h2>\r\n\r\n\r\n\r\n<p>NICHOLAS AIR werkt samen met <a href=\"https:\/\/www.luxurycard.com\/\" target=\"_blank\" rel=\"noopener\">Luxe kaart<\/a>, een wereldwijde leider in de premium credit card markt, en ze zijn blij om hun meest recente partnerschap aan te kondigen, dat Luxury Card houders tier-based besparingen biedt.&nbsp;<\/p>\r\n\r\n\r\n\r\n<p>Leden van de Luxury Card kunnen nu een NICHOLAS AIR Blue Jet Card van 15 uur aanschaffen. Met de kaart ontvangen leden een tegoed van $2.500 op hun kaart. Voor een 30-uurs NICHOLAS AIR Blue Jet Card krijgen leden een tegoed van $7.500. Het aanbod is geldig voor reserveringen die klanten maken via een Luxury Card Concierge.<\/p>\r\n\r\n\r\n\r\n<h2 class=\"wp-block-heading\"><span class=\"ez-toc-section\" id=\"Conclusion\"><\/span>Conclusie<span class=\"ez-toc-section-end\"><\/span><\/h2>\r\n\r\n\r\n\r\n<p>NICHOLAS AIR onderscheidt zich van andere charter- en beheermaatschappijen door het aanbieden van geavanceerde, effectieve en aanpasbare keuzes voor priv\u00e9 vliegreizen. Ze streven ernaar de verwachtingen van de klant te overtreffen met hun toegewijde Personal Travel Advisors, personeel en alle oplossingen daartussen.&nbsp;<\/p>\r\n\r\n\r\n\r\n<p>NICHOLAS AIR biedt redelijke prijzen en heeft een unieke vloot met vliegtuigen die niet ouder zijn dan vijf jaar. Nicholas Correnti bouwde de basis van een succesvol bedrijf vanwege zijn liefde voor vliegen, en de naam NICHOLAS AIR wordt nu beschouwd als een benchmark voor premium merknormen.<\/p>","protected":false},"excerpt":{"rendered":"<p>Door het aanbieden van de meest geavanceerde en aanpasbare opties voor prive-vliegreizen, onderscheidt NICHOLAS AIR zich van de meeste andere priv\u00e9 jet bedrijven. Zijn reputatie van uitstekende klantenservice, vliegtuigen van hoge kwaliteit en onberispelijke veiligheid heeft veel reizigers aangetrokken. Van toegewijde Personal Travel Advisors tot de bemanning, NICHOLAS AIR is ge\u00ebvolueerd tot het punt van gaan boven ...<\/p>","protected":false},"author":2,"featured_media":3155,"parent":0,"menu_order":0,"comment_status":"closed","ping_status":"closed","template":"","meta":{"_acf_changed":false,"_genesis_hide_title":false,"_genesis_hide_breadcrumbs":false,"_genesis_hide_singular_image":false,"_genesis_hide_footer_widgets":false,"_genesis_custom_body_class":"","_genesis_custom_post_class":"","_genesis_layout":"","footnotes":""},"class_list":{"1":"page","2":"type-page","6":"entry"},"acf":[],"_links":{"self":[{"href":"https:\/\/comparemyjet.com\/nl\/wp-json\/wp\/v2\/pages\/3154","targetHints":{"allow":["GET"]}}],"collection":[{"href":"https:\/\/comparemyjet.com\/nl\/wp-json\/wp\/v2\/pages"}],"about":[{"href":"https:\/\/comparemyjet.com\/nl\/wp-json\/wp\/v2\/types\/page"}],"author":[{"embeddable":true,"href":"https:\/\/comparemyjet.com\/nl\/wp-json\/wp\/v2\/users\/2"}],"replies":[{"embeddable":true,"href":"https:\/\/comparemyjet.com\/nl\/wp-json\/wp\/v2\/comments?post=3154"}],"version-history":[{"count":2,"href":"https:\/\/comparemyjet.com\/nl\/wp-json\/wp\/v2\/pages\/3154\/revisions"}],"predecessor-version":[{"id":3446,"href":"https:\/\/comparemyjet.com\/nl\/wp-json\/wp\/v2\/pages\/3154\/revisions\/3446"}],"wp:featuredmedia":[{"embeddable":true,"href":"https:\/\/comparemyjet.com\/nl\/wp-json\/wp\/v2\/media\/3155"}],"wp:attachment":[{"href":"https:\/\/comparemyjet.com\/nl\/wp-json\/wp\/v2\/media?parent=3154"}],"curies":[{"name":"wp","href":"https:\/\/api.w.org\/{rel}","templated":true}]}}